{"id":3483,"date":"2026-02-28T01:14:31","date_gmt":"2026-02-28T04:14:31","guid":{"rendered":"https:\/\/bibliotecajuridicavirtual.cl\/?post_type=product&#038;p=3483"},"modified":"2026-02-28T01:15:46","modified_gmt":"2026-02-28T04:15:46","slug":"tratado-teorico-practico-de-la-responsabilidad-civil-delictual-y-contractual-vi-tomos-5ta-edicion-autor-hernri-y-leon-mazeaud-andre-tunc","status":"publish","type":"product","link":"https:\/\/bibliotecajuridicavirtual.cl\/index.php\/product\/tratado-teorico-practico-de-la-responsabilidad-civil-delictual-y-contractual-vi-tomos-5ta-edicion-autor-hernri-y-leon-mazeaud-andre-tunc\/","title":{"rendered":"Tratado Te\u00f3rico Pr\u00e1ctico de la Responsabilidad Civil Delictual y Contractual &#8211; VI Tomos &#8211; 5ta Edici\u00f3n. Autor  Hernri y Leon Mazeaud, Andre Tunc"},"content":{"rendered":"<p>Tomo Primero<br \/>\nVolumen I: Historia general de la responsabilidad civil; Responsabilidad delictual y responsabilidad contractual; El perjuicio<br \/>\nVolumen II: La culpa<\/p>\n<p>Tomo Segundo<br \/>\nVolumen I: La responsabilidad<br \/>\nVolumen II: El v\u00ednculo de causalidad; La prueba de los elementos constitutivos de la responsabilidad civil<\/p>\n<p>Tomo Tercero<br \/>\nVolumen I: La competencia; El proceso; Los resultados de la acci\u00f3n de responsabilidad<br \/>\nVolumen II: Las convenciones de responsabilidad<\/p>\n","protected":false},"excerpt":{"rendered":"<h5 style=\"text-align: right;\"><span style=\"color: #ff0000;\">LIBRO EXTRANJERO<\/span><\/h5>\n","protected":false},"featured_media":3538,"comment_status":"open","ping_status":"closed","template":"","meta":{"inline_featured_image":false,"_joinchat":[]},"product_brand":[],"product_cat":[27],"product_tag":[],"class_list":{"0":"post-3483","1":"product","2":"type-product","3":"status-publish","4":"has-post-thumbnail","6":"product_cat-civil","7":"product_shipping_class-a-convenir","9":"first","10":"instock","11":"shipping-taxable","12":"purchasable","13":"product-type-simple"},"_links":{"self":[{"href":"https:\/\/bibliotecajuridicavirtual.cl\/index.php\/wp-json\/wp\/v2\/product\/3483","targetHints":{"allow":["GET"]}}],"collection":[{"href":"https:\/\/bibliotecajuridicavirtual.cl\/index.php\/wp-json\/wp\/v2\/product"}],"about":[{"href":"https:\/\/bibliotecajuridicavirtual.cl\/index.php\/wp-json\/wp\/v2\/types\/product"}],"replies":[{"embeddable":true,"href":"https:\/\/bibliotecajuridicavirtual.cl\/index.php\/wp-json\/wp\/v2\/comments?post=3483"}],"wp:featuredmedia":[{"embeddable":true,"href":"https:\/\/bibliotecajuridicavirtual.cl\/index.php\/wp-json\/wp\/v2\/media\/3538"}],"wp:attachment":[{"href":"https:\/\/bibliotecajuridicavirtual.cl\/index.php\/wp-json\/wp\/v2\/media?parent=3483"}],"wp:term":[{"taxonomy":"product_brand","embeddable":true,"href":"https:\/\/bibliotecajuridicavirtual.cl\/index.php\/wp-json\/wp\/v2\/product_brand?post=3483"},{"taxonomy":"product_cat","embeddable":true,"href":"https:\/\/bibliotecajuridicavirtual.cl\/index.php\/wp-json\/wp\/v2\/product_cat?post=3483"},{"taxonomy":"product_tag","embeddable":true,"href":"https:\/\/bibliotecajuridicavirtual.cl\/index.php\/wp-json\/wp\/v2\/product_tag?post=3483"}],"curies":[{"name":"wp","href":"https:\/\/api.w.org\/{rel}","templated":true}]}}