{"id":3490,"date":"2026-02-28T01:14:55","date_gmt":"2026-02-28T04:14:55","guid":{"rendered":"https:\/\/bibliotecajuridicavirtual.cl\/?post_type=product&#038;p=3490"},"modified":"2026-02-28T01:15:48","modified_gmt":"2026-02-28T04:15:48","slug":"la-presuncion-de-inocencia-el-rol-de-los-medios-de-comunicacion-en-la-construccion-de-la-cultura-juridica-ano-2023-259-pag-autor-gonzalo-miranda","status":"publish","type":"product","link":"https:\/\/bibliotecajuridicavirtual.cl\/index.php\/product\/la-presuncion-de-inocencia-el-rol-de-los-medios-de-comunicacion-en-la-construccion-de-la-cultura-juridica-ano-2023-259-pag-autor-gonzalo-miranda\/","title":{"rendered":"La Presunci\u00f3n de Inocencia, El Rol de los Medios de Comunicaci\u00f3n en la Construcci\u00f3n de la Cultura Jur\u00eddica. A\u00f1o 2023\/259 P\u00e1g. Autor Gonzalo Miranda"},"content":{"rendered":"<p>Este libro aborda el principio de inocencia como piedra basal de la sociedad democr\u00e1tica, rescatando desde sus or\u00edgenes iluministas y la normativa internacional del siglo XX las razones para su consolidaci\u00f3n en tal preminente lugar.<\/p>\n<p>El trabajo desentra\u00f1a las distintas dimensiones de este derecho fundamental deteni\u00e9ndose en la importancia\u00a0 de delimitar la verdadera protecci\u00f3n que este brinda a los ciudadanos. Explica fundamentalmente el an\u00e1lisis de la regla de trato procesal, en cuanto se\u00f1ala que debe respetarse y tratarse como inocente a toda persona sobre la que no ha reca\u00eddo una sentencia condenatoria firme.<\/p>\n<p>El autor analiza el caso de la prisi\u00f3n preventiva, profundiza el debate sobre el alcance extraprocesal de las garant\u00edas constitucionales y, con ello,\u00a0 se adentra en el mundo de las ciencias de la comunicaci\u00f3n para analizar fen\u00f3menos tales como la agenda setting los juicios paralelos, el positivismo y las tensiones con la libertad de expresi\u00f3n, otro principio fundamental de la democracia<\/p>\n","protected":false},"excerpt":{"rendered":"<h5 style=\"text-align: right;\"><span style=\"color: #ff99cc;\">LIBRO EXTRANJERO<\/span><\/h5>\n","protected":false},"featured_media":3539,"comment_status":"open","ping_status":"closed","template":"","meta":{"inline_featured_image":false,"_joinchat":[]},"product_brand":[],"product_cat":[30],"product_tag":[],"class_list":{"0":"post-3490","1":"product","2":"type-product","3":"status-publish","4":"has-post-thumbnail","6":"product_cat-penal","7":"product_shipping_class-a-convenir","9":"first","10":"instock","11":"shipping-taxable","12":"purchasable","13":"product-type-simple"},"_links":{"self":[{"href":"https:\/\/bibliotecajuridicavirtual.cl\/index.php\/wp-json\/wp\/v2\/product\/3490","targetHints":{"allow":["GET"]}}],"collection":[{"href":"https:\/\/bibliotecajuridicavirtual.cl\/index.php\/wp-json\/wp\/v2\/product"}],"about":[{"href":"https:\/\/bibliotecajuridicavirtual.cl\/index.php\/wp-json\/wp\/v2\/types\/product"}],"replies":[{"embeddable":true,"href":"https:\/\/bibliotecajuridicavirtual.cl\/index.php\/wp-json\/wp\/v2\/comments?post=3490"}],"wp:featuredmedia":[{"embeddable":true,"href":"https:\/\/bibliotecajuridicavirtual.cl\/index.php\/wp-json\/wp\/v2\/media\/3539"}],"wp:attachment":[{"href":"https:\/\/bibliotecajuridicavirtual.cl\/index.php\/wp-json\/wp\/v2\/media?parent=3490"}],"wp:term":[{"taxonomy":"product_brand","embeddable":true,"href":"https:\/\/bibliotecajuridicavirtual.cl\/index.php\/wp-json\/wp\/v2\/product_brand?post=3490"},{"taxonomy":"product_cat","embeddable":true,"href":"https:\/\/bibliotecajuridicavirtual.cl\/index.php\/wp-json\/wp\/v2\/product_cat?post=3490"},{"taxonomy":"product_tag","embeddable":true,"href":"https:\/\/bibliotecajuridicavirtual.cl\/index.php\/wp-json\/wp\/v2\/product_tag?post=3490"}],"curies":[{"name":"wp","href":"https:\/\/api.w.org\/{rel}","templated":true}]}}