{"id":3491,"date":"2026-02-28T01:14:55","date_gmt":"2026-02-28T04:14:55","guid":{"rendered":"https:\/\/bibliotecajuridicavirtual.cl\/?post_type=product&#038;p=3491"},"modified":"2026-02-28T01:15:50","modified_gmt":"2026-02-28T04:15:50","slug":"hacia-un-derecho-penal-mas-racional-contribuciones-sobre-castigo-estatal-e-imputacion-ano-2022-522-pag-autor-marcelo-a-sancinetti","status":"publish","type":"product","link":"https:\/\/bibliotecajuridicavirtual.cl\/index.php\/product\/hacia-un-derecho-penal-mas-racional-contribuciones-sobre-castigo-estatal-e-imputacion-ano-2022-522-pag-autor-marcelo-a-sancinetti\/","title":{"rendered":"Hacia un Derecho Penal m\u00e1s Racional, Contribuciones Sobre Castigo Estatal e Imputaci\u00f3n. A\u00f1o 2022\/522 P\u00e1g. Autor Marcelo A. Sancinetti"},"content":{"rendered":"<p>Este libro es una recopilaci\u00f3n de algunas contribuciones recientes del Prof. Dr. (mult.) Dr. Hc. Marcelo Sancinetti al derecho penal sustantivo. Los lectores podr\u00e1n encontrar, como hilo conductor de todos estos textos, una b\u00fasqueda de un derecho penal m\u00e1s racional. Para eso, son puestos en discusi\u00f3n distintos presupuestos aceptados acriticamente en el derecho penal actual tales como el llamado \u00abprincipio de lesividad\u00bb, el castigo diferencial de las tentativas respecto de los delitos consumados, el fin preventivo de la pena y la irrelevancia de los cursos causales hipot\u00e9ticos para la determinaci\u00f3n de la causalidad en materia penal. Con argumentos s\u00f3lidos y una prosa atrapante, Sancinetti logra develar la debilidad de los fundamentos te\u00f3ricos defendidos por al llamada \u00abopini\u00f3n dominante\u00bb en la disciplina y propone alternativas que obligan, en las cl\u00e1sicas palabras de George Fletcher y (posteriormente) Joachim Hruschka, a repensar el derecho penal. Se trata de un libro indispensable para quienes est\u00e9n interesados en realizar investigaciones jur\u00eddico-penales profundas y, en especial, para las nuevas generaciones de penalistas.<\/p>\n","protected":false},"excerpt":{"rendered":"<h5 style=\"text-align: right;\"><span style=\"color: #800000;\">LIBRO EXTRANJERO\u00a0<\/span><\/h5>\n","protected":false},"featured_media":3540,"comment_status":"open","ping_status":"closed","template":"","meta":{"inline_featured_image":false,"_joinchat":[]},"product_brand":[],"product_cat":[30],"product_tag":[],"class_list":{"0":"post-3491","1":"product","2":"type-product","3":"status-publish","4":"has-post-thumbnail","6":"product_cat-penal","7":"product_shipping_class-a-convenir","9":"first","10":"instock","11":"shipping-taxable","12":"purchasable","13":"product-type-simple"},"_links":{"self":[{"href":"https:\/\/bibliotecajuridicavirtual.cl\/index.php\/wp-json\/wp\/v2\/product\/3491","targetHints":{"allow":["GET"]}}],"collection":[{"href":"https:\/\/bibliotecajuridicavirtual.cl\/index.php\/wp-json\/wp\/v2\/product"}],"about":[{"href":"https:\/\/bibliotecajuridicavirtual.cl\/index.php\/wp-json\/wp\/v2\/types\/product"}],"replies":[{"embeddable":true,"href":"https:\/\/bibliotecajuridicavirtual.cl\/index.php\/wp-json\/wp\/v2\/comments?post=3491"}],"wp:featuredmedia":[{"embeddable":true,"href":"https:\/\/bibliotecajuridicavirtual.cl\/index.php\/wp-json\/wp\/v2\/media\/3540"}],"wp:attachment":[{"href":"https:\/\/bibliotecajuridicavirtual.cl\/index.php\/wp-json\/wp\/v2\/media?parent=3491"}],"wp:term":[{"taxonomy":"product_brand","embeddable":true,"href":"https:\/\/bibliotecajuridicavirtual.cl\/index.php\/wp-json\/wp\/v2\/product_brand?post=3491"},{"taxonomy":"product_cat","embeddable":true,"href":"https:\/\/bibliotecajuridicavirtual.cl\/index.php\/wp-json\/wp\/v2\/product_cat?post=3491"},{"taxonomy":"product_tag","embeddable":true,"href":"https:\/\/bibliotecajuridicavirtual.cl\/index.php\/wp-json\/wp\/v2\/product_tag?post=3491"}],"curies":[{"name":"wp","href":"https:\/\/api.w.org\/{rel}","templated":true}]}}