{"id":3493,"date":"2026-02-28T01:14:55","date_gmt":"2026-02-28T04:14:55","guid":{"rendered":"https:\/\/bibliotecajuridicavirtual.cl\/?post_type=product&#038;p=3493"},"modified":"2026-02-28T01:15:54","modified_gmt":"2026-02-28T04:15:54","slug":"actividad-procesal-y-medios-de-prueba-vi-tomos-ano-2023-453-pag-autor-santiago-martinez-leonel-gonzalez-postigo","status":"publish","type":"product","link":"https:\/\/bibliotecajuridicavirtual.cl\/index.php\/product\/actividad-procesal-y-medios-de-prueba-vi-tomos-ano-2023-453-pag-autor-santiago-martinez-leonel-gonzalez-postigo\/","title":{"rendered":"Actividad Procesal y Medios de Prueba &#8211; VI Tomos. A\u00f1o 2023\/ 453  P\u00e1g. Autor Santiago Mart\u00ednez, Leonel Gonz\u00e1lez Postigo"},"content":{"rendered":"<p>El modelo procesal penal de car\u00e1cter acusatorio y adversarial se caracteriza por contar con una investigaci\u00f3n desformalizada y orientada a la toma de decisiones, junto con un principio general de amplitud probatoria que implica que las partes pueden acreditar sus teor\u00edas del caso a partir de sus propias definiciones estrat\u00e9gicas en relaci\u00f3n con la prueba.<\/p>\n<p>En la primera parte de ese texto contamos con trabajos de autores y autoras que explican las reglas y pr\u00e1cticas de la actividad procesal, desarrollando su implicancia en el trabajo de los actores del sistema. En particular, se abocan al tratamiento del legajo desformalizado, las formas del proceso, el r\u00e9gimen de invalidaci\u00f3n de los actos procesales y los l\u00edmites a la duraci\u00f3n del procedimiento penal.<\/p>\n<p>Por otro lado, la segunda parte de este tomo est\u00e1 destinada a los medios de prueba y su litigo en el proceso. Espec\u00edficamente se desarrolla el r\u00e9gimen probatorio del modelo adversarial, en donde subyace una disputa profunda entre distintas corrientes probatorias que inciden en la sustanciaci\u00f3n de las audiencias y el rol de los actores que intervienen en ellas. En particular, se hace menci\u00f3n a diversas medidas, como la inspecci\u00f3n de lugares y cosas y la requisa personal, la cadena de custodia, la prueba testimonial, la prueba pericial y debates en torno ala incorporaci\u00f3n de nuevas tecnolog\u00edas.<\/p>\n","protected":false},"excerpt":{"rendered":"<h5 style=\"text-align: right;\"><span style=\"color: #ff00ff;\">LIBRO EXTRANJERO<\/span><\/h5>\n","protected":false},"featured_media":3542,"comment_status":"open","ping_status":"closed","template":"","meta":{"inline_featured_image":false,"_joinchat":[]},"product_brand":[],"product_cat":[34],"product_tag":[],"class_list":{"0":"post-3493","1":"product","2":"type-product","3":"status-publish","4":"has-post-thumbnail","6":"product_cat-procesal-penal","7":"product_shipping_class-a-convenir","9":"first","10":"instock","11":"shipping-taxable","12":"purchasable","13":"product-type-simple"},"_links":{"self":[{"href":"https:\/\/bibliotecajuridicavirtual.cl\/index.php\/wp-json\/wp\/v2\/product\/3493","targetHints":{"allow":["GET"]}}],"collection":[{"href":"https:\/\/bibliotecajuridicavirtual.cl\/index.php\/wp-json\/wp\/v2\/product"}],"about":[{"href":"https:\/\/bibliotecajuridicavirtual.cl\/index.php\/wp-json\/wp\/v2\/types\/product"}],"replies":[{"embeddable":true,"href":"https:\/\/bibliotecajuridicavirtual.cl\/index.php\/wp-json\/wp\/v2\/comments?post=3493"}],"wp:featuredmedia":[{"embeddable":true,"href":"https:\/\/bibliotecajuridicavirtual.cl\/index.php\/wp-json\/wp\/v2\/media\/3542"}],"wp:attachment":[{"href":"https:\/\/bibliotecajuridicavirtual.cl\/index.php\/wp-json\/wp\/v2\/media?parent=3493"}],"wp:term":[{"taxonomy":"product_brand","embeddable":true,"href":"https:\/\/bibliotecajuridicavirtual.cl\/index.php\/wp-json\/wp\/v2\/product_brand?post=3493"},{"taxonomy":"product_cat","embeddable":true,"href":"https:\/\/bibliotecajuridicavirtual.cl\/index.php\/wp-json\/wp\/v2\/product_cat?post=3493"},{"taxonomy":"product_tag","embeddable":true,"href":"https:\/\/bibliotecajuridicavirtual.cl\/index.php\/wp-json\/wp\/v2\/product_tag?post=3493"}],"curies":[{"name":"wp","href":"https:\/\/api.w.org\/{rel}","templated":true}]}}