{"id":3494,"date":"2026-02-28T01:14:55","date_gmt":"2026-02-28T04:14:55","guid":{"rendered":"https:\/\/bibliotecajuridicavirtual.cl\/?post_type=product&#038;p=3494"},"modified":"2026-02-28T01:15:56","modified_gmt":"2026-02-28T04:15:56","slug":"perspectiva-de-genero-en-la-argumentacion-juridica-ano-2023-234-pag-autor-maria-rita-custet-llambi","status":"publish","type":"product","link":"https:\/\/bibliotecajuridicavirtual.cl\/index.php\/product\/perspectiva-de-genero-en-la-argumentacion-juridica-ano-2023-234-pag-autor-maria-rita-custet-llambi\/","title":{"rendered":"Perspectiva de G\u00e9nero en la Argumentaci\u00f3n Jur\u00eddica. A\u00f1o 2023\/234 P\u00e1g. Autor Mar\u00eda Rita Custet Llamb\u00ed"},"content":{"rendered":"<p>\u00bfCu\u00e1les son los desaf\u00edos que enfrentan\u00a0 quienes buscan forjar un discurso jur\u00eddico con perspectiva de g\u00e9nero? \u00bfDe qu\u00e9 manera influye esta perspectiva en la argumentaci\u00f3n legal, como m\u00e9todo y praxis, en la transformaci\u00f3n de la sociedad? \u00bfC\u00f3mo se puede articular de manera metodol\u00f3gica la argumentaci\u00f3n jur\u00eddica con la perspectiva de g\u00e9nero?<\/p>\n<p>Este libro parte de la premisa fundamental de que la perspectiva de g\u00e9nero se basa en la articulaci\u00f3n de m\u00e9todos legales feministas. La autora explora en retrospectiva las bases te\u00f3ricas y las pr\u00e1cticas discursivas que a lo largo de cinco d\u00e9cadas han sustentado el enfoque de g\u00e9nero en el derecho y presenta un dec\u00e1logo que sirve como una gu\u00eda s\u00f3lida para integrar este enfoque en la argumentaci\u00f3n jur\u00eddica tradicional.<\/p>\n<p>La imbricaci\u00f3n de la teor\u00eda en la pr\u00e1ctica se destaca como un eje central, se citan ejemplos de razonamientos y jurisprudencia para ilustrar la relaci\u00f3n ente la pr\u00e1ctica argumentativa y los postulados te\u00f3ricos que se exponen.<\/p>\n<p>Esta obra se convierte en un recurso invaluable para quienes buscan entender y aplicar la perspectiva de g\u00e9nero en el \u00e1mbito de la argumentaci\u00f3n legal. Aborda los t\u00f3picos m\u00e1s relevantes del enfoque de g\u00e9nero y proporciona directrices claras para lograr un discurso jur\u00eddico m\u00e1s inclusivo y equitativo. Una lectura inspiradora que invita a formar parte de los cambios necesarios y trascendentes hacia la transformaci\u00f3n del orden social.<\/p>\n","protected":false},"excerpt":{"rendered":"<h5 style=\"text-align: right;\"><span style=\"color: #ff00ff;\">LIBRO EXTRANJERO\u00a0<\/span><\/h5>\n","protected":false},"featured_media":3543,"comment_status":"open","ping_status":"closed","template":"","meta":{"inline_featured_image":false,"_joinchat":[]},"product_brand":[],"product_cat":[27],"product_tag":[],"class_list":{"0":"post-3494","1":"product","2":"type-product","3":"status-publish","4":"has-post-thumbnail","6":"product_cat-civil","7":"product_shipping_class-a-convenir","9":"first","10":"instock","11":"shipping-taxable","12":"purchasable","13":"product-type-simple"},"_links":{"self":[{"href":"https:\/\/bibliotecajuridicavirtual.cl\/index.php\/wp-json\/wp\/v2\/product\/3494","targetHints":{"allow":["GET"]}}],"collection":[{"href":"https:\/\/bibliotecajuridicavirtual.cl\/index.php\/wp-json\/wp\/v2\/product"}],"about":[{"href":"https:\/\/bibliotecajuridicavirtual.cl\/index.php\/wp-json\/wp\/v2\/types\/product"}],"replies":[{"embeddable":true,"href":"https:\/\/bibliotecajuridicavirtual.cl\/index.php\/wp-json\/wp\/v2\/comments?post=3494"}],"wp:featuredmedia":[{"embeddable":true,"href":"https:\/\/bibliotecajuridicavirtual.cl\/index.php\/wp-json\/wp\/v2\/media\/3543"}],"wp:attachment":[{"href":"https:\/\/bibliotecajuridicavirtual.cl\/index.php\/wp-json\/wp\/v2\/media?parent=3494"}],"wp:term":[{"taxonomy":"product_brand","embeddable":true,"href":"https:\/\/bibliotecajuridicavirtual.cl\/index.php\/wp-json\/wp\/v2\/product_brand?post=3494"},{"taxonomy":"product_cat","embeddable":true,"href":"https:\/\/bibliotecajuridicavirtual.cl\/index.php\/wp-json\/wp\/v2\/product_cat?post=3494"},{"taxonomy":"product_tag","embeddable":true,"href":"https:\/\/bibliotecajuridicavirtual.cl\/index.php\/wp-json\/wp\/v2\/product_tag?post=3494"}],"curies":[{"name":"wp","href":"https:\/\/api.w.org\/{rel}","templated":true}]}}