{"id":3510,"date":"2026-02-28T01:15:18","date_gmt":"2026-02-28T04:15:18","guid":{"rendered":"https:\/\/bibliotecajuridicavirtual.cl\/?post_type=product&#038;p=3510"},"modified":"2026-02-28T01:15:58","modified_gmt":"2026-02-28T04:15:58","slug":"elusion-fiscal-y-otros-temas-de-actualidad-tributaria-ano-mayo-2024-196-pag-autor-patricia-toledo-zuniga","status":"publish","type":"product","link":"https:\/\/bibliotecajuridicavirtual.cl\/index.php\/product\/elusion-fiscal-y-otros-temas-de-actualidad-tributaria-ano-mayo-2024-196-pag-autor-patricia-toledo-zuniga\/","title":{"rendered":"Elusi\u00f3n Fiscal y otros temas de actualidad tributaria. A\u00f1o Mayo 2024\/ 196 P\u00e1g. Autor Patricia Toledo Z\u00fa\u00f1iga"},"content":{"rendered":"<p>Esta obra titulada \u00abElusi\u00f3n fiscal y otros temas de actualidad tributaria\u00bb es el resultado del trabajo colectivo de seis acad\u00e9micos de Derecho tributario. La primera parte, dedicada a la elusi\u00f3n tributaria, est\u00e1 compuesta por los siguientes trabajos: \u00abUna explicaci\u00f3n de la funci\u00f3n y car\u00e1cter de\u00f3ntico de la cl\u00e1usula general antielusi\u00f3n\u00bb escrito por el Dr. Francisco Saffie Gatica; \u00abLa sanci\u00f3n en los supuestos de elusi\u00f3n tributaria en la era BEPS: una visi\u00f3n comparada entre Chile y Espa\u00f1a\u00bb, escrito por la Dra. Mar\u00eda Pilar Navarro Schiappacasse; \u00abLa dimensi\u00f3n internacional de la elusi\u00f3n: el caso de las recomendaciones de la OCDE a la luz de la experiencia comparada\u00bb fue escrito por el Dr(c). Hugo Osorio Morales. La segunda parte, dedicada al an\u00e1lisis cr\u00edtico y reflexivo de temas de actualidad tributaria, est\u00e1 compuesta por los siguientes trabajos: \u00abGastos tributarios y problemas actuales de interpretaci\u00f3n\u00bb, escrito por el Dr. Antonio Fa\u00fandez Ugalde; \u00abEl inter\u00e9s penal del inciso tercero del art\u00edculo 53 del C\u00f3digo tributario\u00bb, escrito por el Dr. Eduardo Irribarra Sobarzo; \u00abEl derecho de los contribuyentes a obtener la devoluci\u00f3n de impuestos oportunamente. An\u00e1lisis jurisprudencial\u00bb, escrito por la Dra. Patricia Toledo Z\u00fa\u00f1iga.<\/p>\n<p>\u00cdndice<br \/>\nPr\u00f3logo, DRA. PATRICIA TOLEDO Z\u00da\u00d1IGA\u00a0\u00a0 \u00a0\u00a0\u00a0 \u00a011<br \/>\nUna explicaci\u00f3n de la funci\u00f3n y car\u00e1cter de\u00f3ntico<br \/>\nde la cl\u00e1usula general antielusi\u00f3n<br \/>\nFRANCISCO SAFFIE G.<br \/>\nINTRODUCCI\u00d3N\u00a0\u00a0 \u00a0\u00a0\u00a0 \u00a015<br \/>\nI.\u00a0\u00a0 \u00a0EXPLICACI\u00d3N DE LA FUNCI\u00d3N DE LA CGA\u00a0\u00a0 \u00a0\u00a0\u00a0 \u00a016<br \/>\nI.1.\u00a0\u00a0 \u00a0\u00bfPor qu\u00e9 es relevante una explicaci\u00f3n de la funci\u00f3n de la CGA?\u00a0\u00a0 \u00a0\u00a0\u00a0 \u00a016<br \/>\nI.2.\u00a0\u00a0 \u00a0Sobre la explicaci\u00f3n funcional de los conceptos jur\u00eddicos\u00a0\u00a0 \u00a0\u00a0\u00a0 \u00a017<br \/>\nI.3.\u00a0\u00a0 \u00a0Una explicaci\u00f3n funcional de la CGA\u00a0\u00a0 \u00a0\u00a0\u00a0 \u00a022<br \/>\nII.\u00a0\u00a0 \u00a0EL CAR\u00c1CTER DE\u00d3NTICO DE LA CGA\u00a0\u00a0 \u00a0\u00a0\u00a0 \u00a024<br \/>\nII.1.\u00a0\u00a0 \u00a0La necesidad de analizar el car\u00e1cter de\u00f3ntico de la CGA\u00a0\u00a0 \u00a0\u00a0\u00a0 \u00a024<br \/>\nIII.\u00a0\u00a0 \u00a0APLICACI\u00d3N DE LA EXPLICACI\u00d3N DESARROLLADA A LA CGA VIGENTE EN CHILE\u00a0\u00a0 \u00a0\u00a0\u00a0 \u00a030<br \/>\nIII.1.\u00a0\u00a0 \u00a0\u00bfLa CGA vigente en Chile da cuenta de la funci\u00f3n de las CGAs?\u00a0\u00a0 \u00a0\u00a0\u00a0 \u00a030<br \/>\nIII.2.\u00a0\u00a0 \u00a0Un problema estructural: la posibilidad de ejercer la potestad\u00a0\u00a0 \u00a0\u00a0\u00a0 \u00a031<br \/>\nIV.\u00a0\u00a0 \u00a0CONCLUSI\u00d3N\u00a0\u00a0 \u00a0\u00a0\u00a0 \u00a032<br \/>\nBIBLIOGRAF\u00cdA\u00a0\u00a0 \u00a0\u00a0\u00a0 \u00a033<br \/>\nLa sanci\u00f3n en los supuestos de elusi\u00f3n tributaria<br \/>\nen la era BEPS: una visi\u00f3n comparada<br \/>\nentre Chile y Espa\u00f1a<br \/>\nMAR\u00cdA PILAR NAVARRO SCHIAPPACASSE<br \/>\nINTRODUCCI\u00d3N\u00a0\u00a0 \u00a0\u00a0\u00a0 \u00a035<br \/>\nI.\u00a0\u00a0 \u00a0LAS BEPS Y LA PROBLEM\u00c1TICA ASOCIADA A LA SANCI\u00d3N EN LOS CASOS DE ELUSI\u00d3N FISCAL\u00a0\u00a0 \u00a0\u00a0\u00a0 \u00a041<br \/>\nII.\u00a0\u00a0 \u00a0EL IL\u00cdCITO CUYO SUJETO ACTIVO ES EL CONTRIBUYENTE: LA EXPERIENCIA ESPA\u00d1OLA\u00a0\u00a0 \u00a0\u00a0\u00a0 \u00a044<br \/>\nII.1.\u00a0\u00a0 \u00a0Las cuatro conductas sancionadas\u00a0\u00a0 \u00a0\u00a0\u00a0 \u00a047<br \/>\nII.2.\u00a0\u00a0 \u00a0El criterio de la Comisi\u00f3n consultiva y su publicaci\u00f3n\u00a0\u00a0 \u00a0\u00a0\u00a0 \u00a048<br \/>\nII.3.\u00a0\u00a0 \u00a0El sujeto activo del il\u00edcito del art\u00edculo 206 bis\u00a0\u00a0 \u00a0\u00a0\u00a0 \u00a050<br \/>\nII.4.\u00a0\u00a0 \u00a0Las particularidades del principio de culpabilidad\u00a0\u00a0 \u00a0\u00a0\u00a0 \u00a052<br \/>\nII.5.\u00a0\u00a0 \u00a0La sanci\u00f3n\u00a0\u00a0 \u00a0\u00a0\u00a0 \u00a056<br \/>\nIII.\u00a0\u00a0 \u00a0EL IL\u00cdCITO CUYO SUJETO ACTIVO ES EL ASESOR TRIBUTARIO: LA EXPERIENCIA CHILENA\u00a0\u00a0 \u00a0\u00a0\u00a0 \u00a058<br \/>\nIII.1.\u00a0\u00a0 \u00a0An\u00e1lisis dogm\u00e1tico de la infracci\u00f3n\u00a0\u00a0 \u00a0\u00a0\u00a0 \u00a058<br \/>\nIII.1.a.\u00a0\u00a0 \u00a0La conducta sancionada\u00a0\u00a0 \u00a0\u00a0\u00a0 \u00a058<br \/>\nIII.1.b.\u00a0\u00a0 \u00a0El sujeto activo de la infracci\u00f3n\u00a0\u00a0 \u00a0\u00a0\u00a0 \u00a059<br \/>\nIII.1.c.\u00a0\u00a0 \u00a0La distinci\u00f3n entre el sujeto activo persona jur\u00eddica y el responsable de la sanci\u00f3n\u00a0\u00a0 \u00a0\u00a0\u00a0 \u00a061<br \/>\nIII.1.d.\u00a0\u00a0 \u00a0Culpabilidad\u00a0\u00a0 \u00a0\u00a0\u00a0 \u00a063<br \/>\nIII.1.e.\u00a0\u00a0 \u00a0La sanci\u00f3n por la comisi\u00f3n de la infracci\u00f3n\u00a0\u00a0 \u00a0\u00a0\u00a0 \u00a064<br \/>\nIII.2.\u00a0\u00a0 \u00a0Aspectos cr\u00edticos del il\u00edcito del art\u00edculo 100 bis y su contraste con la experiencia espa\u00f1ola\u00a0\u00a0 \u00a0\u00a0\u00a0 \u00a065<br \/>\nCONCLUSIONES\u00a0\u00a0 \u00a0\u00a0\u00a0 \u00a069<br \/>\nBIBLIOGRAF\u00cdA\u00a0\u00a0 \u00a0\u00a0\u00a0 \u00a072<br \/>\nLa dimensi\u00f3n internacional de la elusi\u00f3n:<br \/>\nel impacto de las recomendaciones y pautas<br \/>\nde la OCDE en el derecho interno<br \/>\nHUGO OSORIO MORALES<br \/>\nINTRODUCCI\u00d3N\u00a0\u00a0 \u00a0\u00a0\u00a0 \u00a079<br \/>\nI.\u00a0\u00a0 \u00a0ELEMENTOS GENERALES\u00a0\u00a0 \u00a0\u00a0\u00a0 \u00a081<br \/>\nI.1.\u00a0\u00a0 \u00a0OCDE: el orden tributario internacional y el control de la elusi\u00f3n\u00a0\u00a0 \u00a0\u00a0\u00a0 \u00a081<br \/>\nI.2.\u00a0\u00a0 \u00a0CDI: Modelos y comentarios\u00a0\u00a0 \u00a0\u00a0\u00a0 \u00a083<br \/>\nI.3.\u00a0\u00a0 \u00a0PT: definiciones de la OCDE\u00a0\u00a0 \u00a0\u00a0\u00a0 \u00a087<br \/>\nI.4.\u00a0\u00a0 \u00a0Modelos, gu\u00edas, recomendaciones y elusi\u00f3n\u00a0\u00a0 \u00a0\u00a0\u00a0 \u00a090<br \/>\nII.\u00a0\u00a0 \u00a0LA EXPERIENCIA DE COLOMBIA Y ESPA\u00d1A\u00a0\u00a0 \u00a0\u00a0\u00a0 \u00a092<br \/>\nII.1.\u00a0\u00a0 \u00a0Colombia\u00a0\u00a0 \u00a0\u00a0\u00a0 \u00a092<br \/>\nII.2.\u00a0\u00a0 \u00a0Espa\u00f1a\u00a0\u00a0 \u00a0\u00a0\u00a0 \u00a095<br \/>\nIII.\u00a0\u00a0 \u00a0DISCUSI\u00d3N\u00a0\u00a0 \u00a0\u00a0\u00a0 \u00a098<br \/>\nIII.1.\u00a0\u00a0 \u00a0Reenv\u00edo\u00a0\u00a0 \u00a0\u00a0\u00a0 \u00a0100<br \/>\nIII.2.\u00a0\u00a0 \u00a0Aplicaci\u00f3n directa\u00a0\u00a0 \u00a0\u00a0\u00a0 \u00a0103<br \/>\nIV.\u00a0\u00a0 \u00a0CONCLUSIONES\u00a0\u00a0 \u00a0\u00a0\u00a0 \u00a0105<br \/>\nBIBLIOGRAF\u00cdA CITADA\u00a0\u00a0 \u00a0\u00a0\u00a0 \u00a0107<br \/>\nGastos deducibles: an\u00e1lisis hist\u00f3rico<br \/>\ny alcances actuales de interpretaci\u00f3n jur\u00eddica<br \/>\nANTONIO FA\u00daNDEZ-UGALDE<br \/>\nI.\u00a0\u00a0 \u00a0INTRODUCCI\u00d3N\u00a0\u00a0 \u00a0\u00a0\u00a0 \u00a0111<br \/>\nII.\u00a0\u00a0 \u00a0ANTECEDENTES DEL R\u00c9GIMEN DE TRIBUTACI\u00d3N DE LAS RENTAS EN CHILE\u00a0\u00a0 \u00a0\u00a0\u00a0 \u00a0114<br \/>\nIII.\u00a0\u00a0 \u00a0PRIMERA ETAPA DE LOS PILARES DEL R\u00c9GIMEN DE DEDUCCI\u00d3N DE GASTOS\u00a0\u00a0 \u00a0\u00a0\u00a0 \u00a0117<br \/>\nIV.\u00a0\u00a0 \u00a0SEGUNDA ETAPA DE LOS PILARES DEL R\u00c9GIMEN DE DEDUCCI\u00d3N DE GASTOS\u00a0\u00a0 \u00a0\u00a0\u00a0 \u00a0122<br \/>\nV.\u00a0\u00a0 \u00a0NORMATIVA DE DEDUCCI\u00d3N DE GASTOS HASTA EL A\u00d1O 2019 \u00a0\u00a0 \u00a0\u00a0\u00a0 \u00a0128<br \/>\nVI.\u00a0\u00a0 \u00a0NORMATIVA DE DEDUCCI\u00d3N DE GASTOS DESDE EL A\u00d1O 2020\u00a0\u00a0 \u00a0\u00a0\u00a0 \u00a0129<br \/>\nVII.\u00a0\u00a0 \u00a0JURISPRUDENCIA ADMINISTRATIVA RECIENTE Y ALCANCES PR\u00c1CTICOS\u00a0\u00a0 \u00a0\u00a0\u00a0 \u00a0132<br \/>\nVIII.\u00a0\u00a0 \u00a0CONCLUSIONES\u00a0\u00a0 \u00a0\u00a0\u00a0 \u00a0135<br \/>\nBIBLIOGRAF\u00cdA\u00a0\u00a0 \u00a0\u00a0\u00a0 \u00a0135<br \/>\nEl inter\u00e9s penal del inciso tercero<br \/>\ndel art\u00edculo 53 del C\u00f3digo Tributario<br \/>\nEDUARDO IRRIBARRA SOBARZO<br \/>\nI.\u00a0\u00a0 \u00a0INTRODUCCI\u00d3N\u00a0\u00a0 \u00a0\u00a0\u00a0 \u00a0139<br \/>\nII.\u00a0\u00a0 \u00a0JURISPRUDENCIA DEL TRIBUNAL CONSTITUCIONAL ACERCA DEL INTER\u00c9S PENAL DEL INCISO TERCERO DEL ART\u00cdCULO 53 DEL C\u00d3DIGO TRIBUTARIO\u00a0\u00a0 \u00a0\u00a0\u00a0 \u00a0141<br \/>\nIII.\u00a0\u00a0 \u00a0NATURALEZA JUR\u00cdDICA DEL INTER\u00c9S PENAL DEL INCISO TERCERO DEL ART\u00cdCULO 53 DEL C\u00d3DIGO TRIBUTARIO\u00a0\u00a0 \u00a0\u00a0\u00a0 \u00a0149<br \/>\nIV.\u00a0\u00a0 \u00a0CONCLUSIONES\u00a0\u00a0 \u00a0\u00a0\u00a0 \u00a0154<br \/>\nBIBLIOGRAF\u00cdA\u00a0\u00a0 \u00a0\u00a0\u00a0 \u00a0155<br \/>\nEl derecho de los contribuyentes a obtener<br \/>\nla devoluci\u00f3n de impuestos oportunamente.<br \/>\nAn\u00e1lisis jurisprudencial<br \/>\nPATRICIA TOLEDO Z\u00da\u00d1IGA<br \/>\nINTRODUCCI\u00d3N\u00a0\u00a0 \u00a0\u00a0\u00a0 \u00a0157<br \/>\nI.\u00a0\u00a0 \u00a0DERECHO DEL CONTRIBUYENTE A OBTENER LA DEVOLUCI\u00d3N DE IMPUESTOS OPORTUNAMENTE: REGULACI\u00d3N Y PROCEDIMIENTO\u00a0\u00a0 \u00a0\u00a0\u00a0 \u00a0159<br \/>\nII.\u00a0\u00a0 \u00a0PAGO PROVISIONAL MENSUAL Y EL DERECHO A OBTENER LA DEVOLUCI\u00d3N DEL SALDO A FAVOR DEL CONTRIBUYENTE\u00a0\u00a0 \u00a0\u00a0\u00a0 \u00a0165<br \/>\nIII.\u00a0\u00a0 \u00a0AN\u00c1LISIS JURISPRUDENCIAL\u00a0\u00a0 \u00a0\u00a0\u00a0 \u00a0170<br \/>\nIII.1.\u00a0\u00a0 \u00a0Sentencias seleccionadas\u00a0\u00a0 \u00a0\u00a0\u00a0 \u00a0171<br \/>\nIII.2.\u00a0\u00a0 \u00a0Forma de t\u00e9rmino de los casos seleccionados\u00a0\u00a0 \u00a0\u00a0\u00a0 \u00a0174<br \/>\nIII.3.\u00a0\u00a0 \u00a0Forma de contar el plazo para la interposici\u00f3n del reclamo en el PRVD\u00a0\u00a0 \u00a0\u00a0\u00a0 \u00a0176<br \/>\nIII.4.\u00a0\u00a0 \u00a0\u00bfCu\u00e1ndo existe vulneraci\u00f3n del derecho del contribuyente a obtener la devoluci\u00f3n de impuestos oportunamente?\u00a0\u00a0 \u00a0\u00a0\u00a0 \u00a0182<br \/>\nCONCLUSI\u00d3N\u00a0\u00a0 \u00a0\u00a0\u00a0 \u00a0188<br \/>\nBIBLIOGRAF\u00cdA\u00a0\u00a0 \u00a0\u00a0\u00a0 \u00a0191<\/p>\n<p>&nbsp;<\/p>\n","protected":false},"excerpt":{"rendered":"<p>Esta obra titulada \u00abElusi\u00f3n fiscal y otros temas de actualidad tributaria\u00bb es el resultado del trabajo colectivo de seis acad\u00e9micos de Derecho tributario. La primera parte, dedicada a la elusi\u00f3n tributaria, est\u00e1 compuesta por los siguientes trabajos: \u00abUna explicaci\u00f3n de la funci\u00f3n y car\u00e1cter de\u00f3ntico de la cl\u00e1usula general antielusi\u00f3n\u00bb escrito por el Dr. Francisco Saffie Gatica; \u00abLa sanci\u00f3n en los supuestos de elusi\u00f3n tributaria en la era BEPS: una visi\u00f3n comparada entre Chile y Espa\u00f1a\u00bb, escrito por la Dra. Mar\u00eda Pilar Navarro Schiappacasse; \u00abLa dimensi\u00f3n internacional de la elusi\u00f3n: el caso de las recomendaciones de la OCDE a la luz de la experiencia comparada\u00bb fue escrito por el Dr(c). Hugo Osorio Morales. La segunda parte, dedicada al an\u00e1lisis cr\u00edtico y reflexivo de temas de actualidad tributaria, est\u00e1 compuesta por los siguientes trabajos: \u00abGastos tributarios y problemas actuales de interpretaci\u00f3n\u00bb, escrito por el Dr. Antonio Fa\u00fandez Ugalde; \u00abEl inter\u00e9s penal del inciso tercero del art\u00edculo 53 del C\u00f3digo tributario\u00bb, escrito por el Dr. Eduardo Irribarra Sobarzo; \u00abEl derecho de los contribuyentes a obtener la devoluci\u00f3n de impuestos oportunamente. An\u00e1lisis jurisprudencial\u00bb, escrito por la Dra. Patricia Toledo Z\u00fa\u00f1iga. \u00cdndice Pr\u00f3logo, DRA. PATRICIA TOLEDO Z\u00da\u00d1IGA\u00a0\u00a0 \u00a0\u00a0\u00a0 \u00a011 Una explicaci\u00f3n de la funci\u00f3n y car\u00e1cter de\u00f3ntico de la cl\u00e1usula general antielusi\u00f3n FRANCISCO SAFFIE G. INTRODUCCI\u00d3N\u00a0\u00a0 \u00a0\u00a0\u00a0 \u00a015 I.\u00a0\u00a0 \u00a0EXPLICACI\u00d3N DE LA FUNCI\u00d3N DE LA CGA\u00a0\u00a0 \u00a0\u00a0\u00a0 \u00a016 I.1.\u00a0\u00a0 \u00a0\u00bfPor qu\u00e9 es relevante una explicaci\u00f3n de la funci\u00f3n de la CGA?\u00a0\u00a0 \u00a0\u00a0\u00a0 \u00a016 I.2.\u00a0\u00a0 \u00a0Sobre la explicaci\u00f3n funcional de los conceptos jur\u00eddicos\u00a0\u00a0 \u00a0\u00a0\u00a0 \u00a017 I.3.\u00a0\u00a0 \u00a0Una explicaci\u00f3n funcional de la CGA\u00a0\u00a0 \u00a0\u00a0\u00a0 \u00a022 II.\u00a0\u00a0 \u00a0EL CAR\u00c1CTER DE\u00d3NTICO DE LA CGA\u00a0\u00a0 \u00a0\u00a0\u00a0 \u00a024 II.1.\u00a0\u00a0 \u00a0La necesidad de analizar el car\u00e1cter de\u00f3ntico de la CGA\u00a0\u00a0 \u00a0\u00a0\u00a0 \u00a024 III.\u00a0\u00a0 \u00a0APLICACI\u00d3N DE LA EXPLICACI\u00d3N DESARROLLADA A LA CGA VIGENTE EN CHILE\u00a0\u00a0 \u00a0\u00a0\u00a0 \u00a030 III.1.\u00a0\u00a0 \u00a0\u00bfLa CGA vigente en Chile da cuenta de la funci\u00f3n de las CGAs?\u00a0\u00a0 \u00a0\u00a0\u00a0 \u00a030 III.2.\u00a0\u00a0 \u00a0Un problema estructural: la posibilidad de ejercer la potestad\u00a0\u00a0 \u00a0\u00a0\u00a0 \u00a031 IV.\u00a0\u00a0 \u00a0CONCLUSI\u00d3N\u00a0\u00a0 \u00a0\u00a0\u00a0 \u00a032 BIBLIOGRAF\u00cdA\u00a0\u00a0 \u00a0\u00a0\u00a0 \u00a033 La sanci\u00f3n en los supuestos de elusi\u00f3n tributaria en la era BEPS: una visi\u00f3n comparada entre Chile y Espa\u00f1a MAR\u00cdA PILAR NAVARRO SCHIAPPACASSE INTRODUCCI\u00d3N\u00a0\u00a0 \u00a0\u00a0\u00a0 \u00a035 I.\u00a0\u00a0 \u00a0LAS BEPS Y LA PROBLEM\u00c1TICA ASOCIADA A LA SANCI\u00d3N EN LOS CASOS DE ELUSI\u00d3N FISCAL\u00a0\u00a0 \u00a0\u00a0\u00a0 \u00a041 II.\u00a0\u00a0 \u00a0EL IL\u00cdCITO CUYO SUJETO ACTIVO ES EL CONTRIBUYENTE: LA EXPERIENCIA ESPA\u00d1OLA\u00a0\u00a0 \u00a0\u00a0\u00a0 \u00a044 II.1.\u00a0\u00a0 \u00a0Las cuatro conductas sancionadas\u00a0\u00a0 \u00a0\u00a0\u00a0 \u00a047 II.2.\u00a0\u00a0 \u00a0El criterio de la Comisi\u00f3n consultiva y su publicaci\u00f3n\u00a0\u00a0 \u00a0\u00a0\u00a0 \u00a048 II.3.\u00a0\u00a0 \u00a0El sujeto activo del il\u00edcito del art\u00edculo 206 bis\u00a0\u00a0 \u00a0\u00a0\u00a0 \u00a050 II.4.\u00a0\u00a0 \u00a0Las particularidades del principio de culpabilidad\u00a0\u00a0 \u00a0\u00a0\u00a0 \u00a052 II.5.\u00a0\u00a0 \u00a0La sanci\u00f3n\u00a0\u00a0 \u00a0\u00a0\u00a0 \u00a056 III.\u00a0\u00a0 \u00a0EL IL\u00cdCITO CUYO SUJETO ACTIVO ES EL ASESOR TRIBUTARIO: LA EXPERIENCIA CHILENA\u00a0\u00a0 \u00a0\u00a0\u00a0 \u00a058 III.1.\u00a0\u00a0 \u00a0An\u00e1lisis dogm\u00e1tico de la infracci\u00f3n\u00a0\u00a0 \u00a0\u00a0\u00a0 \u00a058 III.1.a.\u00a0\u00a0 \u00a0La conducta sancionada\u00a0\u00a0 \u00a0\u00a0\u00a0 \u00a058 III.1.b.\u00a0\u00a0 \u00a0El sujeto activo de la infracci\u00f3n\u00a0\u00a0 \u00a0\u00a0\u00a0 \u00a059 III.1.c.\u00a0\u00a0 \u00a0La distinci\u00f3n entre el sujeto activo persona jur\u00eddica y el responsable de la sanci\u00f3n\u00a0\u00a0 \u00a0\u00a0\u00a0 \u00a061 III.1.d.\u00a0\u00a0 \u00a0Culpabilidad\u00a0\u00a0 \u00a0\u00a0\u00a0 \u00a063 III.1.e.\u00a0\u00a0 \u00a0La sanci\u00f3n por la comisi\u00f3n de la infracci\u00f3n\u00a0\u00a0 \u00a0\u00a0\u00a0 \u00a064 III.2.\u00a0\u00a0 \u00a0Aspectos cr\u00edticos del il\u00edcito del art\u00edculo 100 bis y su contraste con la experiencia espa\u00f1ola\u00a0\u00a0 \u00a0\u00a0\u00a0 \u00a065 CONCLUSIONES\u00a0\u00a0 \u00a0\u00a0\u00a0 \u00a069 BIBLIOGRAF\u00cdA\u00a0\u00a0 \u00a0\u00a0\u00a0 \u00a072 La dimensi\u00f3n internacional de la elusi\u00f3n: el impacto de las recomendaciones y pautas de la OCDE en el derecho interno HUGO OSORIO MORALES INTRODUCCI\u00d3N\u00a0\u00a0 \u00a0\u00a0\u00a0 \u00a079 I.\u00a0\u00a0 \u00a0ELEMENTOS GENERALES\u00a0\u00a0 \u00a0\u00a0\u00a0 \u00a081 I.1.\u00a0\u00a0 \u00a0OCDE: el orden tributario internacional y el control de la elusi\u00f3n\u00a0\u00a0 \u00a0\u00a0\u00a0 \u00a081 I.2.\u00a0\u00a0 \u00a0CDI: Modelos y comentarios\u00a0\u00a0 \u00a0\u00a0\u00a0 \u00a083 I.3.\u00a0\u00a0 \u00a0PT: definiciones de la OCDE\u00a0\u00a0 \u00a0\u00a0\u00a0 \u00a087 I.4.\u00a0\u00a0 \u00a0Modelos, gu\u00edas, recomendaciones y elusi\u00f3n\u00a0\u00a0 \u00a0\u00a0\u00a0 \u00a090 II.\u00a0\u00a0 \u00a0LA EXPERIENCIA DE COLOMBIA Y ESPA\u00d1A\u00a0\u00a0 \u00a0\u00a0\u00a0 \u00a092 II.1.\u00a0\u00a0 \u00a0Colombia\u00a0\u00a0 \u00a0\u00a0\u00a0 \u00a092 II.2.\u00a0\u00a0 \u00a0Espa\u00f1a\u00a0\u00a0 \u00a0\u00a0\u00a0 \u00a095 III.\u00a0\u00a0 \u00a0DISCUSI\u00d3N\u00a0\u00a0 \u00a0\u00a0\u00a0 \u00a098 III.1.\u00a0\u00a0 \u00a0Reenv\u00edo\u00a0\u00a0 \u00a0\u00a0\u00a0 \u00a0100 III.2.\u00a0\u00a0 \u00a0Aplicaci\u00f3n directa\u00a0\u00a0 \u00a0\u00a0\u00a0 \u00a0103 IV.\u00a0\u00a0 \u00a0CONCLUSIONES\u00a0\u00a0 \u00a0\u00a0\u00a0 \u00a0105 BIBLIOGRAF\u00cdA CITADA\u00a0\u00a0 \u00a0\u00a0\u00a0 \u00a0107 Gastos deducibles: an\u00e1lisis hist\u00f3rico y alcances actuales de interpretaci\u00f3n jur\u00eddica ANTONIO FA\u00daNDEZ-UGALDE I.\u00a0\u00a0 \u00a0INTRODUCCI\u00d3N\u00a0\u00a0 \u00a0\u00a0\u00a0 \u00a0111 II.\u00a0\u00a0 \u00a0ANTECEDENTES DEL R\u00c9GIMEN DE TRIBUTACI\u00d3N DE LAS RENTAS EN CHILE\u00a0\u00a0 \u00a0\u00a0\u00a0 \u00a0114 III.\u00a0\u00a0 \u00a0PRIMERA ETAPA DE LOS PILARES DEL R\u00c9GIMEN DE DEDUCCI\u00d3N DE GASTOS\u00a0\u00a0 \u00a0\u00a0\u00a0 \u00a0117 IV.\u00a0\u00a0 \u00a0SEGUNDA ETAPA DE LOS PILARES DEL R\u00c9GIMEN DE DEDUCCI\u00d3N DE GASTOS\u00a0\u00a0 \u00a0\u00a0\u00a0 \u00a0122 V.\u00a0\u00a0 \u00a0NORMATIVA DE DEDUCCI\u00d3N DE GASTOS HASTA EL A\u00d1O 2019 \u00a0\u00a0 \u00a0\u00a0\u00a0 \u00a0128 VI.\u00a0\u00a0 \u00a0NORMATIVA DE DEDUCCI\u00d3N DE GASTOS DESDE EL A\u00d1O 2020\u00a0\u00a0 \u00a0\u00a0\u00a0 \u00a0129 VII.\u00a0\u00a0 \u00a0JURISPRUDENCIA ADMINISTRATIVA RECIENTE Y ALCANCES PR\u00c1CTICOS\u00a0\u00a0 \u00a0\u00a0\u00a0 \u00a0132 VIII.\u00a0\u00a0 \u00a0CONCLUSIONES\u00a0\u00a0 \u00a0\u00a0\u00a0 \u00a0135 BIBLIOGRAF\u00cdA\u00a0\u00a0 \u00a0\u00a0\u00a0 \u00a0135 El inter\u00e9s penal del inciso tercero del art\u00edculo 53 del C\u00f3digo Tributario EDUARDO IRRIBARRA SOBARZO I.\u00a0\u00a0 \u00a0INTRODUCCI\u00d3N\u00a0\u00a0 \u00a0\u00a0\u00a0 \u00a0139 II.\u00a0\u00a0 \u00a0JURISPRUDENCIA DEL TRIBUNAL CONSTITUCIONAL ACERCA DEL INTER\u00c9S PENAL DEL INCISO TERCERO DEL ART\u00cdCULO 53 DEL C\u00d3DIGO TRIBUTARIO\u00a0\u00a0 \u00a0\u00a0\u00a0 \u00a0141 III.\u00a0\u00a0 \u00a0NATURALEZA JUR\u00cdDICA DEL INTER\u00c9S PENAL DEL INCISO TERCERO DEL ART\u00cdCULO 53 DEL C\u00d3DIGO TRIBUTARIO\u00a0\u00a0 \u00a0\u00a0\u00a0 \u00a0149 IV.\u00a0\u00a0 \u00a0CONCLUSIONES\u00a0\u00a0 \u00a0\u00a0\u00a0 \u00a0154 BIBLIOGRAF\u00cdA\u00a0\u00a0 \u00a0\u00a0\u00a0 \u00a0155 El derecho de los contribuyentes a obtener la devoluci\u00f3n de impuestos oportunamente. An\u00e1lisis jurisprudencial PATRICIA TOLEDO Z\u00da\u00d1IGA INTRODUCCI\u00d3N\u00a0\u00a0 \u00a0\u00a0\u00a0 \u00a0157 I.\u00a0\u00a0 \u00a0DERECHO DEL CONTRIBUYENTE A OBTENER LA DEVOLUCI\u00d3N DE IMPUESTOS OPORTUNAMENTE: REGULACI\u00d3N Y PROCEDIMIENTO\u00a0\u00a0 \u00a0\u00a0\u00a0 \u00a0159 II.\u00a0\u00a0 \u00a0PAGO PROVISIONAL MENSUAL Y EL DERECHO A OBTENER LA DEVOLUCI\u00d3N DEL SALDO A FAVOR DEL CONTRIBUYENTE\u00a0\u00a0 \u00a0\u00a0\u00a0 \u00a0165 III.\u00a0\u00a0 \u00a0AN\u00c1LISIS JURISPRUDENCIAL\u00a0\u00a0 \u00a0\u00a0\u00a0 \u00a0170 III.1.\u00a0\u00a0 \u00a0Sentencias seleccionadas\u00a0\u00a0 \u00a0\u00a0\u00a0 \u00a0171 III.2.\u00a0\u00a0 \u00a0Forma de t\u00e9rmino de los casos seleccionados\u00a0\u00a0 \u00a0\u00a0\u00a0 \u00a0174 III.3.\u00a0\u00a0 \u00a0Forma de contar el plazo para la interposici\u00f3n del reclamo en el PRVD\u00a0\u00a0 \u00a0\u00a0\u00a0 \u00a0176 III.4.\u00a0\u00a0 \u00a0\u00bfCu\u00e1ndo existe vulneraci\u00f3n del derecho del contribuyente a obtener la devoluci\u00f3n de impuestos oportunamente?\u00a0\u00a0 \u00a0\u00a0\u00a0 \u00a0182 CONCLUSI\u00d3N\u00a0\u00a0 \u00a0\u00a0\u00a0 \u00a0188 BIBLIOGRAF\u00cdA\u00a0\u00a0 \u00a0\u00a0\u00a0 \u00a0191 &nbsp;<\/p>\n","protected":false},"featured_media":3546,"comment_status":"open","ping_status":"closed","template":"","meta":{"inline_featured_image":false,"_joinchat":[]},"product_brand":[],"product_cat":[28],"product_tag":[],"class_list":{"0":"post-3510","1":"product","2":"type-product","3":"status-publish","4":"has-post-thumbnail","6":"product_cat-tributario","7":"product_shipping_class-a-convenir","9":"first","10":"instock","11":"shipping-taxable","12":"purchasable","13":"product-type-simple"},"_links":{"self":[{"href":"https:\/\/bibliotecajuridicavirtual.cl\/index.php\/wp-json\/wp\/v2\/product\/3510","targetHints":{"allow":["GET"]}}],"collection":[{"href":"https:\/\/bibliotecajuridicavirtual.cl\/index.php\/wp-json\/wp\/v2\/product"}],"about":[{"href":"https:\/\/bibliotecajuridicavirtual.cl\/index.php\/wp-json\/wp\/v2\/types\/product"}],"replies":[{"embeddable":true,"href":"https:\/\/bibliotecajuridicavirtual.cl\/index.php\/wp-json\/wp\/v2\/comments?post=3510"}],"wp:featuredmedia":[{"embeddable":true,"href":"https:\/\/bibliotecajuridicavirtual.cl\/index.php\/wp-json\/wp\/v2\/media\/3546"}],"wp:attachment":[{"href":"https:\/\/bibliotecajuridicavirtual.cl\/index.php\/wp-json\/wp\/v2\/media?parent=3510"}],"wp:term":[{"taxonomy":"product_brand","embeddable":true,"href":"https:\/\/bibliotecajuridicavirtual.cl\/index.php\/wp-json\/wp\/v2\/product_brand?post=3510"},{"taxonomy":"product_cat","embeddable":true,"href":"https:\/\/bibliotecajuridicavirtual.cl\/index.php\/wp-json\/wp\/v2\/product_cat?post=3510"},{"taxonomy":"product_tag","embeddable":true,"href":"https:\/\/bibliotecajuridicavirtual.cl\/index.php\/wp-json\/wp\/v2\/product_tag?post=3510"}],"curies":[{"name":"wp","href":"https:\/\/api.w.org\/{rel}","templated":true}]}}