{"id":3511,"date":"2026-02-28T01:15:18","date_gmt":"2026-02-28T04:15:18","guid":{"rendered":"https:\/\/bibliotecajuridicavirtual.cl\/?post_type=product&#038;p=3511"},"modified":"2026-02-28T01:15:58","modified_gmt":"2026-02-28T04:15:58","slug":"derecho-de-alimentos-en-chile-y-vision-comparada-en-los-sistemas-latinoamericanos-espanol-y-portugues-ano-mayo-2024-286-pag-autor-carmen-dominguez-hidalgo-y-francisco-rubio-varas","status":"publish","type":"product","link":"https:\/\/bibliotecajuridicavirtual.cl\/index.php\/product\/derecho-de-alimentos-en-chile-y-vision-comparada-en-los-sistemas-latinoamericanos-espanol-y-portugues-ano-mayo-2024-286-pag-autor-carmen-dominguez-hidalgo-y-francisco-rubio-varas\/","title":{"rendered":"Derecho de alimentos en Chile y visi\u00f3n comparada en los sistemas latinoamericanos, espa\u00f1ol y portugu\u00e9s. A\u00f1o Mayo 2024\/ 286 P\u00e1g. Autor  Carmen Dom\u00ednguez Hidalgo y  Francisco Rubio Varas"},"content":{"rendered":"<p>Con el objeto \u00a0de abordar las deficiencias y desaf\u00edos jur\u00eddicos del Derecho de alimentos y su impacto en la familia en perspectiva comparada, el Centro UC de la Familia en conjunto con la Asociaci\u00f3n Iberoamericana de Derecho Familia organizaron el Seminario Internacional &#8220;Perspectiva comparada del Derecho de alimentos: deficiencias y desaf\u00edos comunes&#8221;, realizado el 9 de octubre del a\u00f1o 2020.<br \/>\nLa presente obra contiene las ponencias presentadas en dicho seminario revisadas, junto a otras que se han a\u00f1adido, ofreciendo una revisi\u00f3n general y actualizada de la legislaci\u00f3n vigente en materia de alimentos y, en especial, de su cumplimiento en diversos pa\u00edses latinoamericanos y europeos. Esperamos que ello pueda ayudar a seguir aprendiendo de la experiencia de otros pa\u00edses y a mejorar el reconocimiento y desarrollo del derecho de alimentos, que es el tema central de este libro, subsistencia de tantas personas.<\/p>\n<p>\u00cdNDICE<br \/>\nPr\u00f3logo\u00a0\u00a0 \u00a0\u00a0\u00a0 \u00a09<br \/>\nEl incumplimiento en el pago de las pensiones alimenticias: una revisi\u00f3n comparada\u00a0\u00a0 \u00a0\u00a0\u00a0 \u00a017<br \/>\nNicole Elizondo O.<br \/>\nEl cumplimiento de los alimentos: Rol del Estado y otros factores extrajur\u00eddicos\u00a0\u00a0 \u00a0\u00a0\u00a0 \u00a027<br \/>\nCarolina Salinas Su\u00e1rez<br \/>\nR\u00e9gimen legal de las pensiones alimenticias en Chile: aspectos sustantivos\u00a0\u00a0 \u00a0\u00a0\u00a0 \u00a039<br \/>\nAlejandra Illanes Vald\u00e9s<br \/>\n(In)cumplimiento de las pensiones de alimentos. Aspectos procesales\u00a0\u00a0 \u00a0\u00a0\u00a0 \u00a073<br \/>\nCristi\u00e1n Lepin Molina<br \/>\nEl tratamiento privilegiado del cr\u00e9dito por alimentos: justificaciones y formas de protecci\u00f3n\u00a0\u00a0 \u00a0\u00a0\u00a0 \u00a091<br \/>\nJuan Luis Goldenberg Serrano<br \/>\nEl Derecho de alimentos en Colombia\u00a0\u00a0 \u00a0\u00a0\u00a0 \u00a0107<br \/>\nNora Alba Cossio Acevedo<br \/>\nLos alimentos en el ordenamiento jur\u00eddico portugu\u00e9s. Algunas notas y reflexiones\u00a0\u00a0 \u00a0\u00a0\u00a0 \u00a0127<br \/>\nCristina D\u00edas<br \/>\nCristina D\u00edas \/ Rossana Mart\u00edngo Cruz<br \/>\nEl derecho de alimentos en el sistema jur\u00eddico brasile\u00f1o\u00a0\u00a0 \u00a0\u00a0\u00a0 \u00a0141<br \/>\nD\u00e9bora Gozzo<br \/>\nD\u00e9bora Gozzo \/ Maria Carolina Nomura-Santiago<br \/>\nLa obligaci\u00f3n legal de alimentos en el c\u00f3digo civil espa\u00f1ol\u00a0\u00a0 \u00a0\u00a0\u00a0 \u00a0157<br \/>\nMarcos A. L\u00f3pez Su\u00e1rez<br \/>\nNudos cr\u00edticos en la fijaci\u00f3n y cumplimiento de la asistencia familiar en Bolivia\u00a0\u00a0 \u00a0\u00a0\u00a0 \u00a0177<br \/>\nOscar Mill\u00e1n Ter\u00e1n<br \/>\nEl derecho de alimentos en el ordenamiento jur\u00eddico peruano: entre lo sustantivo y lo procesal\u00a0\u00a0 \u00a0\u00a0\u00a0 \u00a0193<br \/>\nAna Mar\u00eda Olgu\u00edn Britto<br \/>\nNudos cr\u00edticos en relaci\u00f3n con la asistencia alimenticia en Paraguay\u00a0\u00a0 \u00a0\u00a0\u00a0 \u00a0209<br \/>\nClaudia Sanabria Moudelle<br \/>\nLa obligaci\u00f3n de alimentos y su regulaci\u00f3n en el ordenamiento jur\u00eddico uruguayo\u00a0\u00a0 \u00a0\u00a0\u00a0 \u00a0223<br \/>\nBeatriz Santos<br \/>\nObligaci\u00f3n alimentaria en el derecho argentino\u00a0\u00a0 \u00a0\u00a0\u00a0 \u00a0253<br \/>\nUrsula C. Basset<br \/>\nUrsula C. Basset \/ Luc\u00eda Guastavino<\/p>\n","protected":false},"excerpt":{"rendered":"<p>Con el objeto \u00a0de abordar las deficiencias y desaf\u00edos jur\u00eddicos del Derecho de alimentos y su impacto en la familia en perspectiva comparada, el Centro UC de la Familia en conjunto con la Asociaci\u00f3n Iberoamericana de Derecho Familia organizaron el Seminario Internacional &#8220;Perspectiva comparada del Derecho de alimentos: deficiencias y desaf\u00edos comunes&#8221;, realizado el 9 de octubre del a\u00f1o 2020. La presente obra contiene las ponencias presentadas en dicho seminario revisadas, junto a otras que se han a\u00f1adido, ofreciendo una revisi\u00f3n general y actualizada de la legislaci\u00f3n vigente en materia de alimentos y, en especial, de su cumplimiento en diversos pa\u00edses latinoamericanos y europeos. Esperamos que ello pueda ayudar a seguir aprendiendo de la experiencia de otros pa\u00edses y a mejorar el reconocimiento y desarrollo del derecho de alimentos, que es el tema central de este libro, subsistencia de tantas personas. \u00cdNDICE Pr\u00f3logo\u00a0\u00a0 \u00a0\u00a0\u00a0 \u00a09 El incumplimiento en el pago de las pensiones alimenticias: una revisi\u00f3n comparada\u00a0\u00a0 \u00a0\u00a0\u00a0 \u00a017 Nicole Elizondo O. El cumplimiento de los alimentos: Rol del Estado y otros factores extrajur\u00eddicos\u00a0\u00a0 \u00a0\u00a0\u00a0 \u00a027 Carolina Salinas Su\u00e1rez R\u00e9gimen legal de las pensiones alimenticias en Chile: aspectos sustantivos\u00a0\u00a0 \u00a0\u00a0\u00a0 \u00a039 Alejandra Illanes Vald\u00e9s (In)cumplimiento de las pensiones de alimentos. Aspectos procesales\u00a0\u00a0 \u00a0\u00a0\u00a0 \u00a073 Cristi\u00e1n Lepin Molina El tratamiento privilegiado del cr\u00e9dito por alimentos: justificaciones y formas de protecci\u00f3n\u00a0\u00a0 \u00a0\u00a0\u00a0 \u00a091 Juan Luis Goldenberg Serrano El Derecho de alimentos en Colombia\u00a0\u00a0 \u00a0\u00a0\u00a0 \u00a0107 Nora Alba Cossio Acevedo Los alimentos en el ordenamiento jur\u00eddico portugu\u00e9s. Algunas notas y reflexiones\u00a0\u00a0 \u00a0\u00a0\u00a0 \u00a0127 Cristina D\u00edas Cristina D\u00edas \/ Rossana Mart\u00edngo Cruz El derecho de alimentos en el sistema jur\u00eddico brasile\u00f1o\u00a0\u00a0 \u00a0\u00a0\u00a0 \u00a0141 D\u00e9bora Gozzo D\u00e9bora Gozzo \/ Maria Carolina Nomura-Santiago La obligaci\u00f3n legal de alimentos en el c\u00f3digo civil espa\u00f1ol\u00a0\u00a0 \u00a0\u00a0\u00a0 \u00a0157 Marcos A. L\u00f3pez Su\u00e1rez Nudos cr\u00edticos en la fijaci\u00f3n y cumplimiento de la asistencia familiar en Bolivia\u00a0\u00a0 \u00a0\u00a0\u00a0 \u00a0177 Oscar Mill\u00e1n Ter\u00e1n El derecho de alimentos en el ordenamiento jur\u00eddico peruano: entre lo sustantivo y lo procesal\u00a0\u00a0 \u00a0\u00a0\u00a0 \u00a0193 Ana Mar\u00eda Olgu\u00edn Britto Nudos cr\u00edticos en relaci\u00f3n con la asistencia alimenticia en Paraguay\u00a0\u00a0 \u00a0\u00a0\u00a0 \u00a0209 Claudia Sanabria Moudelle La obligaci\u00f3n de alimentos y su regulaci\u00f3n en el ordenamiento jur\u00eddico uruguayo\u00a0\u00a0 \u00a0\u00a0\u00a0 \u00a0223 Beatriz Santos Obligaci\u00f3n alimentaria en el derecho argentino\u00a0\u00a0 \u00a0\u00a0\u00a0 \u00a0253 Ursula C. Basset Ursula C. Basset \/ Luc\u00eda Guastavino<\/p>\n","protected":false},"featured_media":3547,"comment_status":"open","ping_status":"closed","template":"","meta":{"inline_featured_image":false,"_joinchat":[]},"product_brand":[],"product_cat":[27],"product_tag":[],"class_list":{"0":"post-3511","1":"product","2":"type-product","3":"status-publish","4":"has-post-thumbnail","6":"product_cat-civil","7":"product_shipping_class-a-convenir","9":"first","10":"instock","11":"shipping-taxable","12":"purchasable","13":"product-type-simple"},"_links":{"self":[{"href":"https:\/\/bibliotecajuridicavirtual.cl\/index.php\/wp-json\/wp\/v2\/product\/3511","targetHints":{"allow":["GET"]}}],"collection":[{"href":"https:\/\/bibliotecajuridicavirtual.cl\/index.php\/wp-json\/wp\/v2\/product"}],"about":[{"href":"https:\/\/bibliotecajuridicavirtual.cl\/index.php\/wp-json\/wp\/v2\/types\/product"}],"replies":[{"embeddable":true,"href":"https:\/\/bibliotecajuridicavirtual.cl\/index.php\/wp-json\/wp\/v2\/comments?post=3511"}],"wp:featuredmedia":[{"embeddable":true,"href":"https:\/\/bibliotecajuridicavirtual.cl\/index.php\/wp-json\/wp\/v2\/media\/3547"}],"wp:attachment":[{"href":"https:\/\/bibliotecajuridicavirtual.cl\/index.php\/wp-json\/wp\/v2\/media?parent=3511"}],"wp:term":[{"taxonomy":"product_brand","embeddable":true,"href":"https:\/\/bibliotecajuridicavirtual.cl\/index.php\/wp-json\/wp\/v2\/product_brand?post=3511"},{"taxonomy":"product_cat","embeddable":true,"href":"https:\/\/bibliotecajuridicavirtual.cl\/index.php\/wp-json\/wp\/v2\/product_cat?post=3511"},{"taxonomy":"product_tag","embeddable":true,"href":"https:\/\/bibliotecajuridicavirtual.cl\/index.php\/wp-json\/wp\/v2\/product_tag?post=3511"}],"curies":[{"name":"wp","href":"https:\/\/api.w.org\/{rel}","templated":true}]}}