{"id":3514,"date":"2026-02-28T01:15:18","date_gmt":"2026-02-28T04:15:18","guid":{"rendered":"https:\/\/bibliotecajuridicavirtual.cl\/?post_type=product&#038;p=3514"},"modified":"2026-02-28T01:16:06","modified_gmt":"2026-02-28T04:16:06","slug":"regimenes-matrimoniales-explicaciones-y-formularios-ano-2024-328-pag-autor-eric-andres-chavez-chavez","status":"publish","type":"product","link":"https:\/\/bibliotecajuridicavirtual.cl\/index.php\/product\/regimenes-matrimoniales-explicaciones-y-formularios-ano-2024-328-pag-autor-eric-andres-chavez-chavez\/","title":{"rendered":"Reg\u00edmenes Matrimoniales. Explicaciones y Formularios. A\u00f1o 2024\/ 328 P\u00e1g. Autor Eric Andr\u00e9s Ch\u00e1vez Ch\u00e1vez"},"content":{"rendered":"<p style=\"font-weight: 400;\">Es un texto que en su 7\u00aa Edici\u00f3n, 2023 analiza los reg\u00edmenes matrimoniales vigentes, que rigen en el pa\u00eds y que son tratados en el C\u00f3digo Civil.<\/p>\n<p style=\"font-weight: 400;\">En su primera parte contiene las normas org\u00e1nicas y en la segunda las reglas procesales (demandas y principales escritos de mera tramitaci\u00f3n) en las cuales se tramita dicha materia, adem\u00e1s, la respectiva escritura p\u00fablica, como en esta materia de Derecho de Familia, se realizan mediante esta formalidad.<\/p>\n<p style=\"font-weight: 400;\">Contiene los reg\u00edmenes de sociedad conyugal, patrimonio reservado, separaci\u00f3n de bienes, r\u00e9gimen de participaci\u00f3n en los gananciales y bienes familiares, que son de aplicaci\u00f3n permanente en nuestra judicatura de familia, los cuales han sido actualizados con la Ley 21.264, 21.389, 21.400 y 21.515.<\/p>\n<p style=\"font-weight: 400;\">Ayudar\u00e1 a los abogados en la consulta del juicio y en la elaboraci\u00f3n de la demanda, solicitud o escritura, seg\u00fan corresponda, teniendo en consideraci\u00f3n y lo realmente importante todo en un mismo texto.<\/p>\n<p style=\"font-weight: 400;\"><b><strong><u>CAP\u00cdTULO I<\/u><\/strong><\/b><br \/>\n<b><strong>SOCIEDAD CONYUGAL<\/strong><\/b><\/p>\n<p><b><strong><u>PRIMERA PARTE<\/u><\/strong><\/b><br \/>\n<b><strong>GENERALIDADES DE LOS REG\u00cdMENES MATRIMONIALES<\/strong><\/b><\/p>\n<p><b><strong><u>SEGUNDA PARTE<\/u><\/strong><\/b><br \/>\n<b><strong>R\u00c9GIMEN CHILENO<\/strong><\/b><\/p>\n<p>N\u00b01: Las Capitulaciones Matrimoniales. Pactadas en el acto del matrimonio<br \/>\nN\u00b02: Las Capitulaciones Matrimoniales. Antes del matrimonio. Escritura p\u00fablica<br \/>\nN\u00b03: Las Capitulaciones Matrimoniales. Marido a mujer. Inmueble. Escritura p\u00fablica. Donaci\u00f3n revocable<br \/>\nN\u00b04: Las Capitulaciones Matrimoniales. Mujer a marido. Inmueble. Escritura p\u00fablica. Donaci\u00f3n revocable<br \/>\nN\u00b05: Las Capitulaciones Matrimoniales. Cosas muebles. Escritura p\u00fablica. Donaci\u00f3n irrevocable<\/p>\n<p><b><strong><u>TERCERA PARTE<\/u><\/strong><\/b><br \/>\n<b><strong>LA SOCIEDAD CONYUGAL<\/strong><\/b><\/p>\n<p><b><strong><u>CUARTA PARTE<\/u><\/strong><\/b><br \/>\n<b><strong>EL PATRIMONIO DE LA SOCIEDAD CONYUGAL<\/strong><\/b><\/p>\n<p><b><strong><u>QUINTA PARTE<\/u><\/strong><\/b><br \/>\n<b><strong>LA SUBROGACI\u00d3N<\/strong><\/b><\/p>\n<p>N\u00b01: Subrogaci\u00f3n. Inmueble a inmueble. Compraventa. Escritura<br \/>\nN\u00b02: Subrogaci\u00f3n. Permuta. Inmueble a inmueble. Escritura<br \/>\nN\u00b03: Subrogaci\u00f3n. Por anticipaci\u00f3n. Compraventa. Escritura<br \/>\nN\u00b04: Subrogaci\u00f3n. Inmueble a valores. Compraventa. Escritura<\/p>\n<p><b><strong><u>SEXTA PARTE<\/u><\/strong><\/b><br \/>\n<b><strong>PASIVO DE LA SOCIEDAD CONYUGAL<\/strong><\/b><\/p>\n<p><b><strong><u>S\u00c9PTIMA PARTE<\/u><\/strong><\/b><br \/>\n<b><strong>LAS RECOMPENSAS<\/strong><\/b><\/p>\n<p>N\u00b01: Recompensas. Pago de la sociedad conyugal a c\u00f3nyuge. Escritura<br \/>\nN\u00b02: Recompensas. Pago de c\u00f3nyuge a sociedad conyugal. Escritura<br \/>\nN\u00b03: Recompensas. Pago de c\u00f3nyuge a c\u00f3nyuge. Escritura<\/p>\n<p><b><strong><u>OCTAVA PARTE<\/u><\/strong><\/b><br \/>\n<b><strong>ADMINISTRACI\u00d3N DE LA SOCIEDAD CONYUGAL<\/strong><\/b><\/p>\n<p style=\"font-weight: 400;\">N\u00b01: Administraci\u00f3n sociedad conyugal. Autorizaci\u00f3n judicial. Dar en arrendamiento bien ra\u00edz social voluntario. Formulario<br \/>\nN\u00b02: Administraci\u00f3n sociedad conyugal. Autorizaci\u00f3n judicial. Enajenar un bien ra\u00edz propio de la c\u00f3nyuge. Voluntario. Formulario<br \/>\nN\u00b03: Administraci\u00f3n sociedad conyugal. Autorizaci\u00f3n judicial. Mujer. Venta de bien propio. Solicitud<br \/>\nN\u00b04: Administraci\u00f3n sociedad conyugal. Autorizaci\u00f3n. Mujer al marido para dar en arrendamiento bien ra\u00edz propio. Voluntario. Formulario<br \/>\nN\u00b05: Administraci\u00f3n sociedad conyugal. Autorizaci\u00f3n. Mujer al marido. Vender bien ra\u00edz propio o celebrar otros actos. Escritura<br \/>\nN\u00b06: Administraci\u00f3n sociedad conyugal. Autorizaci\u00f3n. Mujer al marido. Vender bien ra\u00edz social. Escritura<br \/>\nN\u00b07: Administraci\u00f3n sociedad conyugal. Autorizaci\u00f3n. Marido a mujer. Vender bienes muebles. Escritura<br \/>\nN\u00b08: Administraci\u00f3n sociedad conyugal. Autorizaci\u00f3n. Mujer al marido para vender un bien ra\u00edz social<br \/>\nN\u00b09: Administraci\u00f3n sociedad conyugal. Mandato especial para comprar un bien ra\u00edz. Escritura<br \/>\nN\u00b010: Administraci\u00f3n sociedad conyugal. Mandato. Marido a su mujer. Celebrar contrato. Escritura<br \/>\nN\u00b011: Administraci\u00f3n sociedad conyugal. Nombramiento de curador al marido para administraci\u00f3n sociedad conyugal extraordinaria por la mujer<\/p>\n<p><b><strong><u>NOVENA PARTE<\/u><\/strong><\/b><br \/>\n<b><strong>DISOLUCI\u00d3N DE LA SOCIEDAD CONYUGAL<\/strong><\/b><\/p>\n<p><b><strong><u>D\u00c9CIMA PARTE<\/u><\/strong><\/b><br \/>\n<b><strong>EFECTOS DE LA DISOLUCI\u00d3N DE LA SOCIEDAD CONYUGAL<\/strong><\/b><\/p>\n<p><b><strong><u>DECIMOPRIMERA PARTE<\/u><\/strong><\/b><br \/>\n<b><strong>LIQUIDACI\u00d3N DE LA SOCIEDAD CONYUGAL<\/strong><\/b><\/p>\n<p>N\u00b01: Liquidaci\u00f3n sociedad conyugal. Renuncia Gananciales. Escritura. Formulario<br \/>\nN\u00b02: Liquidaci\u00f3n sociedad conyugal. Separaci\u00f3n de bienes. Renuncia a los gananciales<br \/>\nN\u00b03: Liquidaci\u00f3n sociedad conyugal. Nombramiento curador especial para proceder a liquidaci\u00f3n sociedad conyugal<br \/>\nN\u00b04: Liquidaci\u00f3n sociedad conyugal. Liquidaci\u00f3n. Sociedad conyugal y adjudicaci\u00f3n con cl\u00e1usula de compensaci\u00f3n<br \/>\nN\u00b05: Liquidaci\u00f3n sociedad conyugal. Liquidaci\u00f3n de sociedad conyugal y partici\u00f3n<br \/>\nN\u00b06: Liquidaci\u00f3n sociedad conyugal. Liquidaci\u00f3n. Sociedad conyugal y constituci\u00f3n usufructo. Escritura<br \/>\nN\u00b07: Liquidaci\u00f3n sociedad conyugal. Mandato. Marido a su mujer. Celebrar contrato. Escritura. Formulario<br \/>\nN\u00b08: Liquidaci\u00f3n sociedad conyugal. Mandato. Para vender inmueble propio y subrogarlo. Escritura. Formulario<br \/>\nN\u00b09: Liquidaci\u00f3n sociedad conyugal. Mandato. Autorizaci\u00f3n a la c\u00f3nyuge para venta de bien ra\u00edz heredado. Escritura. Formulario<br \/>\nN\u00b010: Liquidaci\u00f3n sociedad conyugal. Renuncia a los Gananciales. Formulario<\/p>\n<p style=\"font-weight: 400;\">\n<p style=\"font-weight: 400;\"><b><strong><u>CAP\u00cdTULO II<\/u><\/strong><\/b><br \/>\n<b><strong>BIENES RESERVADOS DE LA MUJER CASADA<\/strong><\/b><\/p>\n<p>N\u00b01: Patrimonio reservado mujer casada. Individualizaci\u00f3n. Inmueble. Comparecencia. Formulario.<br \/>\nN\u00b02: Patrimonio reservado mujer casada. Individualizaci\u00f3n. Inmueble. Comparecencia. Formulario.<br \/>\nN\u00b03: Patrimonio reservado mujer casada. Cl\u00e1usula en la escritura. Formulario<br \/>\nN\u00b04: Patrimonio reservado mujer casada. Cl\u00e1usula en la escritura<br \/>\nN\u00b05: Patrimonio reservado mujer casada. Acreditaci\u00f3n. Cl\u00e1usula en la escritura<\/p>\n<p style=\"font-weight: 400;\"><b><strong><u>CAP\u00cdTULO III<\/u><\/strong><\/b><br \/>\n<b><strong>R\u00c9GIMEN DE SEPARACI\u00d3N DE BIENES<\/strong><\/b><\/p>\n<p>N\u00b01: Separaci\u00f3n judicial de bienes. Administraci\u00f3n fraudulenta. Demanda<br \/>\nN\u00b02: Separaci\u00f3n judicial de bienes. Por apremio al marido. Demanda<br \/>\nN\u00b03: Separaci\u00f3n judicial de bienes. Ausencia injustificada. Demanda<br \/>\nN\u00b04: Separaci\u00f3n judicial de bienes. Incumplimiento Art. 131 y 134 C\u00f3digo Civil. Demanda<br \/>\nN\u00b05: Separaci\u00f3n judicial de bienes. Por insolvencia. Demanda<br \/>\nN\u00b06: Separaci\u00f3n judicial de bienes. Mal estado de los negocios del marido. Demanda<br \/>\nN\u00b07: Separaci\u00f3n judicial de bienes. Por mal estado de los negocios del marido por especulaciones. Demanda<br \/>\nN\u00b08: Separaci\u00f3n judicial de bienes. Por no someterse la mujer a la direcci\u00f3n de curador. Demanda<br \/>\nN\u00b09: Separaci\u00f3n judicial de bienes. Por separaci\u00f3n de hecho. Demanda<\/p>\n<p><b><strong><u>CAP\u00cdTULO IV<\/u><\/strong><\/b><br \/>\n<b><strong>SEPARACI\u00d3N LEGAL DE BIENES<\/strong><\/b><\/p>\n<p><b><strong>CAP\u00cdTULO V<\/strong><\/b><br \/>\n<b><strong>SEPARACI\u00d3N CONVENCIONAL DE BIENES<\/strong><\/b><\/p>\n<p>N\u00b01: Separaci\u00f3n convencional de bienes. Escritura p\u00fablica de separaci\u00f3n total de bienes<br \/>\nN\u00b02: Separaci\u00f3n convencional de bienes. Escritura p\u00fablica de separaci\u00f3n total de bienes<br \/>\nN\u00b03: Separaci\u00f3n convencional de bienes. Escritura p\u00fablica de separaci\u00f3n total de bienes y liquidaci\u00f3n de sociedad conyugal<\/p>\n<p><b><strong><u>CAP\u00cdTULO VI<\/u><\/strong><\/b><br \/>\n<b><strong>R\u00c9GIMEN DE PARTICIPACI\u00d3N EN LOS GANANCIALES<\/strong><\/b><\/p>\n<p>N\u00b01: Participaci\u00f3n en los gananciales. Liquidaci\u00f3n<br \/>\nN\u00b02: Participaci\u00f3n en los gananciales. Patrimonio final. Inventario simple<br \/>\nN\u00b03: Participaci\u00f3n en los gananciales. Aumento plazo inventario patrimonio final. Solicitud<br \/>\nN\u00b04: Participaci\u00f3n en los gananciales. Cauci\u00f3n personal a tercero. Autorizaci\u00f3n subsidiaria del juez<br \/>\nN\u00b05: Participaci\u00f3n en los gananciales. Cauci\u00f3n personal a tercero. Autorizaci\u00f3n del c\u00f3nyuge. Formularios<br \/>\nN\u00b06: Participaci\u00f3n en los gananciales. Inventario solemne. Patrimonio final. Solicitud<br \/>\nN\u00b07: Participaci\u00f3n en los gananciales. Inventario solemne. Patrimonio final. Solicitud<br \/>\nN\u00b08: Participaci\u00f3n en los gananciales. Pacto y liquidaci\u00f3n sociedad conyugal. Escritura<br \/>\nN\u00b09: Participaci\u00f3n en los gananciales. Patrimonio final. Inventario simple. Formulario<br \/>\nN\u00b010: Participaci\u00f3n en los gananciales. Patrimonio originario. Inventario simple. Formulario<br \/>\nN\u00b011: Participaci\u00f3n en los gananciales. Plazo pago cr\u00e9dito gananciales. Solicitud<br \/>\nN\u00b012: Participaci\u00f3n en los gananciales. Sustituci\u00f3n del r\u00e9gimen separaci\u00f3n de bienes por ese. Escritura<br \/>\nN\u00b013: Participaci\u00f3n en los gananciales. Sustituci\u00f3n del r\u00e9gimen sociedad conyugal, por ese. Escritura<br \/>\nN\u00b014: Participaci\u00f3n en los gananciales. Valoraci\u00f3n judicial. Patrimonio final. Solicitud<br \/>\nN\u00b015: Participaci\u00f3n en los gananciales. Valoraci\u00f3n judicial. Derechos bienes familiares. Solicitud<br \/>\nN\u00b016: Participaci\u00f3n en los gananciales. Valoraci\u00f3n judicial. Patrimonio originario al t\u00e9rmino r\u00e9gimen. Solicitud<br \/>\nN\u00b017: Participaci\u00f3n en los gananciales. Sustituci\u00f3n r\u00e9gimen participaci\u00f3n gananciales por separaci\u00f3n total de bienes<\/p>\n<p style=\"font-weight: 400;\"><b><strong><u>CAP\u00cdTULO VII<\/u><\/strong><\/b><br \/>\n<b><strong>LOS BIENES FAMILIARES<\/strong><\/b><\/p>\n<p>N\u00b01: Declaraci\u00f3n de bien familiar. Demanda<br \/>\nN\u00b02: Declaraci\u00f3n de bien familiar. Demanda desafectaci\u00f3n bien familiar<br \/>\nN\u00b03: Declaraci\u00f3n de bien familiar. Demanda desafectaci\u00f3n bien familiar<br \/>\nN\u00b04: Declaraci\u00f3n de bien familiar. Autorizaci\u00f3n c\u00f3nyuge para venta bien familiar. Escritura<br \/>\nN\u00b05: Declaraci\u00f3n de bien familiar. Autorizaci\u00f3n c\u00f3nyuge venta bien familiar por mandato especial. Escritura<br \/>\nN\u00b06: Declaraci\u00f3n de bien familiar. Desafectaci\u00f3n bien familiar de consuno. Escritura<br \/>\nN\u00b07: Declaraci\u00f3n de bien familiar. Autorizaci\u00f3n enajenaci\u00f3n bien familiar. Solicitud<br \/>\nN\u00b08: Declaraci\u00f3n de bien familiar. Desafectaci\u00f3n de bien familiar. Por muerte c\u00f3nyuge. Solicitud<br \/>\nN\u00b09: Declaraci\u00f3n de bien familiar. Desafectaci\u00f3n de bien familiar. Por com\u00fan acuerdo. Solicitud<br \/>\nN\u00b010: Declaraci\u00f3n de bien familiar. Constituci\u00f3n de usufructo sobre bien familiar. Solicitud<br \/>\nN\u00b011: Declaraci\u00f3n de bien familiar. Constituci\u00f3n de bien familiar<\/p>\n<p style=\"font-weight: 400;\">\n","protected":false},"excerpt":{"rendered":"<p>Es un texto que en su 7\u00aa Edici\u00f3n, 2023 analiza los reg\u00edmenes matrimoniales vigentes, que rigen en el pa\u00eds y que son tratados en el C\u00f3digo Civil. En su primera parte contiene las normas org\u00e1nicas y en la segunda las reglas procesales (demandas y principales escritos de mera tramitaci\u00f3n) en las cuales se tramita dicha materia, adem\u00e1s, la respectiva escritura p\u00fablica, como en esta materia de Derecho de Familia, se realizan mediante esta formalidad. Contiene los reg\u00edmenes de sociedad conyugal, patrimonio reservado, separaci\u00f3n de bienes, r\u00e9gimen de participaci\u00f3n en los gananciales y bienes familiares, que son de aplicaci\u00f3n permanente en nuestra judicatura de familia, los cuales han sido actualizados con la Ley 21.264, 21.389, 21.400 y 21.515. Ayudar\u00e1 a los abogados en la consulta del juicio y en la elaboraci\u00f3n de la demanda, solicitud o escritura, seg\u00fan corresponda, teniendo en consideraci\u00f3n y lo realmente importante todo en un mismo texto. CAP\u00cdTULO I SOCIEDAD CONYUGAL PRIMERA PARTE GENERALIDADES DE LOS REG\u00cdMENES MATRIMONIALES SEGUNDA PARTE R\u00c9GIMEN CHILENO N\u00b01: Las Capitulaciones Matrimoniales. Pactadas en el acto del matrimonio N\u00b02: Las Capitulaciones Matrimoniales. Antes del matrimonio. Escritura p\u00fablica N\u00b03: Las Capitulaciones Matrimoniales. Marido a mujer. Inmueble. Escritura p\u00fablica. Donaci\u00f3n revocable N\u00b04: Las Capitulaciones Matrimoniales. Mujer a marido. Inmueble. Escritura p\u00fablica. Donaci\u00f3n revocable N\u00b05: Las Capitulaciones Matrimoniales. Cosas muebles. Escritura p\u00fablica. Donaci\u00f3n irrevocable TERCERA PARTE LA SOCIEDAD CONYUGAL CUARTA PARTE EL PATRIMONIO DE LA SOCIEDAD CONYUGAL QUINTA PARTE LA SUBROGACI\u00d3N N\u00b01: Subrogaci\u00f3n. Inmueble a inmueble. Compraventa. Escritura N\u00b02: Subrogaci\u00f3n. Permuta. Inmueble a inmueble. Escritura N\u00b03: Subrogaci\u00f3n. Por anticipaci\u00f3n. Compraventa. Escritura N\u00b04: Subrogaci\u00f3n. Inmueble a valores. Compraventa. Escritura SEXTA PARTE PASIVO DE LA SOCIEDAD CONYUGAL S\u00c9PTIMA PARTE LAS RECOMPENSAS N\u00b01: Recompensas. Pago de la sociedad conyugal a c\u00f3nyuge. Escritura N\u00b02: Recompensas. Pago de c\u00f3nyuge a sociedad conyugal. Escritura N\u00b03: Recompensas. Pago de c\u00f3nyuge a c\u00f3nyuge. Escritura OCTAVA PARTE ADMINISTRACI\u00d3N DE LA SOCIEDAD CONYUGAL N\u00b01: Administraci\u00f3n sociedad conyugal. Autorizaci\u00f3n judicial. Dar en arrendamiento bien ra\u00edz social voluntario. Formulario N\u00b02: Administraci\u00f3n sociedad conyugal. Autorizaci\u00f3n judicial. Enajenar un bien ra\u00edz propio de la c\u00f3nyuge. Voluntario. Formulario N\u00b03: Administraci\u00f3n sociedad conyugal. Autorizaci\u00f3n judicial. Mujer. Venta de bien propio. Solicitud N\u00b04: Administraci\u00f3n sociedad conyugal. Autorizaci\u00f3n. Mujer al marido para dar en arrendamiento bien ra\u00edz propio. Voluntario. Formulario N\u00b05: Administraci\u00f3n sociedad conyugal. Autorizaci\u00f3n. Mujer al marido. Vender bien ra\u00edz propio o celebrar otros actos. Escritura N\u00b06: Administraci\u00f3n sociedad conyugal. Autorizaci\u00f3n. Mujer al marido. Vender bien ra\u00edz social. Escritura N\u00b07: Administraci\u00f3n sociedad conyugal. Autorizaci\u00f3n. Marido a mujer. Vender bienes muebles. Escritura N\u00b08: Administraci\u00f3n sociedad conyugal. Autorizaci\u00f3n. Mujer al marido para vender un bien ra\u00edz social N\u00b09: Administraci\u00f3n sociedad conyugal. Mandato especial para comprar un bien ra\u00edz. Escritura N\u00b010: Administraci\u00f3n sociedad conyugal. Mandato. Marido a su mujer. Celebrar contrato. Escritura N\u00b011: Administraci\u00f3n sociedad conyugal. Nombramiento de curador al marido para administraci\u00f3n sociedad conyugal extraordinaria por la mujer NOVENA PARTE DISOLUCI\u00d3N DE LA SOCIEDAD CONYUGAL D\u00c9CIMA PARTE EFECTOS DE LA DISOLUCI\u00d3N DE LA SOCIEDAD CONYUGAL DECIMOPRIMERA PARTE LIQUIDACI\u00d3N DE LA SOCIEDAD CONYUGAL N\u00b01: Liquidaci\u00f3n sociedad conyugal. Renuncia Gananciales. Escritura. Formulario N\u00b02: Liquidaci\u00f3n sociedad conyugal. Separaci\u00f3n de bienes. Renuncia a los gananciales N\u00b03: Liquidaci\u00f3n sociedad conyugal. Nombramiento curador especial para proceder a liquidaci\u00f3n sociedad conyugal N\u00b04: Liquidaci\u00f3n sociedad conyugal. Liquidaci\u00f3n. Sociedad conyugal y adjudicaci\u00f3n con cl\u00e1usula de compensaci\u00f3n N\u00b05: Liquidaci\u00f3n sociedad conyugal. Liquidaci\u00f3n de sociedad conyugal y partici\u00f3n N\u00b06: Liquidaci\u00f3n sociedad conyugal. Liquidaci\u00f3n. Sociedad conyugal y constituci\u00f3n usufructo. Escritura N\u00b07: Liquidaci\u00f3n sociedad conyugal. Mandato. Marido a su mujer. Celebrar contrato. Escritura. Formulario N\u00b08: Liquidaci\u00f3n sociedad conyugal. Mandato. Para vender inmueble propio y subrogarlo. Escritura. Formulario N\u00b09: Liquidaci\u00f3n sociedad conyugal. Mandato. Autorizaci\u00f3n a la c\u00f3nyuge para venta de bien ra\u00edz heredado. Escritura. Formulario N\u00b010: Liquidaci\u00f3n sociedad conyugal. Renuncia a los Gananciales. Formulario CAP\u00cdTULO II BIENES RESERVADOS DE LA MUJER CASADA N\u00b01: Patrimonio reservado mujer casada. Individualizaci\u00f3n. Inmueble. Comparecencia. Formulario. N\u00b02: Patrimonio reservado mujer casada. Individualizaci\u00f3n. Inmueble. Comparecencia. Formulario. N\u00b03: Patrimonio reservado mujer casada. Cl\u00e1usula en la escritura. Formulario N\u00b04: Patrimonio reservado mujer casada. Cl\u00e1usula en la escritura N\u00b05: Patrimonio reservado mujer casada. Acreditaci\u00f3n. Cl\u00e1usula en la escritura CAP\u00cdTULO III R\u00c9GIMEN DE SEPARACI\u00d3N DE BIENES N\u00b01: Separaci\u00f3n judicial de bienes. Administraci\u00f3n fraudulenta. Demanda N\u00b02: Separaci\u00f3n judicial de bienes. Por apremio al marido. Demanda N\u00b03: Separaci\u00f3n judicial de bienes. Ausencia injustificada. Demanda N\u00b04: Separaci\u00f3n judicial de bienes. Incumplimiento Art. 131 y 134 C\u00f3digo Civil. Demanda N\u00b05: Separaci\u00f3n judicial de bienes. Por insolvencia. Demanda N\u00b06: Separaci\u00f3n judicial de bienes. Mal estado de los negocios del marido. Demanda N\u00b07: Separaci\u00f3n judicial de bienes. Por mal estado de los negocios del marido por especulaciones. Demanda N\u00b08: Separaci\u00f3n judicial de bienes. Por no someterse la mujer a la direcci\u00f3n de curador. Demanda N\u00b09: Separaci\u00f3n judicial de bienes. Por separaci\u00f3n de hecho. Demanda CAP\u00cdTULO IV SEPARACI\u00d3N LEGAL DE BIENES CAP\u00cdTULO V SEPARACI\u00d3N CONVENCIONAL DE BIENES N\u00b01: Separaci\u00f3n convencional de bienes. Escritura p\u00fablica de separaci\u00f3n total de bienes N\u00b02: Separaci\u00f3n convencional de bienes. Escritura p\u00fablica de separaci\u00f3n total de bienes N\u00b03: Separaci\u00f3n convencional de bienes. Escritura p\u00fablica de separaci\u00f3n total de bienes y liquidaci\u00f3n de sociedad conyugal CAP\u00cdTULO VI R\u00c9GIMEN DE PARTICIPACI\u00d3N EN LOS GANANCIALES N\u00b01: Participaci\u00f3n en los gananciales. Liquidaci\u00f3n N\u00b02: Participaci\u00f3n en los gananciales. Patrimonio final. Inventario simple N\u00b03: Participaci\u00f3n en los gananciales. Aumento plazo inventario patrimonio final. Solicitud N\u00b04: Participaci\u00f3n en los gananciales. Cauci\u00f3n personal a tercero. Autorizaci\u00f3n subsidiaria del juez N\u00b05: Participaci\u00f3n en los gananciales. Cauci\u00f3n personal a tercero. Autorizaci\u00f3n del c\u00f3nyuge. Formularios N\u00b06: Participaci\u00f3n en los gananciales. Inventario solemne. Patrimonio final. Solicitud N\u00b07: Participaci\u00f3n en los gananciales. Inventario solemne. Patrimonio final. Solicitud N\u00b08: Participaci\u00f3n en los gananciales. Pacto y liquidaci\u00f3n sociedad conyugal. Escritura N\u00b09: Participaci\u00f3n en los gananciales. Patrimonio final. Inventario simple. Formulario N\u00b010: Participaci\u00f3n en los gananciales. Patrimonio originario. Inventario simple. Formulario N\u00b011: Participaci\u00f3n en los gananciales. Plazo pago cr\u00e9dito gananciales. Solicitud N\u00b012: Participaci\u00f3n en los gananciales. Sustituci\u00f3n del r\u00e9gimen separaci\u00f3n de bienes por ese. Escritura N\u00b013: Participaci\u00f3n en los gananciales. Sustituci\u00f3n del r\u00e9gimen sociedad conyugal, por ese. Escritura N\u00b014: Participaci\u00f3n en los gananciales. Valoraci\u00f3n judicial. Patrimonio final. Solicitud N\u00b015: Participaci\u00f3n en los gananciales. Valoraci\u00f3n judicial. Derechos bienes familiares. Solicitud N\u00b016: Participaci\u00f3n en los gananciales. Valoraci\u00f3n judicial. Patrimonio<\/p>\n","protected":false},"featured_media":3566,"comment_status":"open","ping_status":"closed","template":"","meta":{"inline_featured_image":false,"_joinchat":[]},"product_brand":[],"product_cat":[29],"product_tag":[],"class_list":{"0":"post-3514","1":"product","2":"type-product","3":"status-publish","4":"has-post-thumbnail","6":"product_cat-familia-y-del-menor","7":"product_shipping_class-a-convenir","9":"first","10":"instock","11":"shipping-taxable","12":"purchasable","13":"product-type-simple"},"_links":{"self":[{"href":"https:\/\/bibliotecajuridicavirtual.cl\/index.php\/wp-json\/wp\/v2\/product\/3514","targetHints":{"allow":["GET"]}}],"collection":[{"href":"https:\/\/bibliotecajuridicavirtual.cl\/index.php\/wp-json\/wp\/v2\/product"}],"about":[{"href":"https:\/\/bibliotecajuridicavirtual.cl\/index.php\/wp-json\/wp\/v2\/types\/product"}],"replies":[{"embeddable":true,"href":"https:\/\/bibliotecajuridicavirtual.cl\/index.php\/wp-json\/wp\/v2\/comments?post=3514"}],"wp:featuredmedia":[{"embeddable":true,"href":"https:\/\/bibliotecajuridicavirtual.cl\/index.php\/wp-json\/wp\/v2\/media\/3566"}],"wp:attachment":[{"href":"https:\/\/bibliotecajuridicavirtual.cl\/index.php\/wp-json\/wp\/v2\/media?parent=3514"}],"wp:term":[{"taxonomy":"product_brand","embeddable":true,"href":"https:\/\/bibliotecajuridicavirtual.cl\/index.php\/wp-json\/wp\/v2\/product_brand?post=3514"},{"taxonomy":"product_cat","embeddable":true,"href":"https:\/\/bibliotecajuridicavirtual.cl\/index.php\/wp-json\/wp\/v2\/product_cat?post=3514"},{"taxonomy":"product_tag","embeddable":true,"href":"https:\/\/bibliotecajuridicavirtual.cl\/index.php\/wp-json\/wp\/v2\/product_tag?post=3514"}],"curies":[{"name":"wp","href":"https:\/\/api.w.org\/{rel}","templated":true}]}}