{"id":3515,"date":"2026-02-28T01:15:18","date_gmt":"2026-02-28T04:15:18","guid":{"rendered":"https:\/\/bibliotecajuridicavirtual.cl\/?post_type=product&#038;p=3515"},"modified":"2026-02-28T01:16:07","modified_gmt":"2026-02-28T04:16:07","slug":"procedimientos-especiales-y-actos-judiciales-no-contenciosos-1era-edicion-ano-2024-autor-eric-andres-chavez-chavez","status":"publish","type":"product","link":"https:\/\/bibliotecajuridicavirtual.cl\/index.php\/product\/procedimientos-especiales-y-actos-judiciales-no-contenciosos-1era-edicion-ano-2024-autor-eric-andres-chavez-chavez\/","title":{"rendered":"Procedimientos Especiales y Actos Judiciales No Contenciosos &#8211; 1era Edici\u00f3n. A\u00f1o 2024. Autor Eric Andr\u00e9s Ch\u00e1vez Ch\u00e1vez"},"content":{"rendered":"<p><strong>Procedimientos Especiales y Actos Judiciales No Contenciosos,<\/strong>\u00a0es un texto que incluye en su primera parte los principales \u201cJuicios Especiales\u201d, en cuanto a su tramitaci\u00f3n y normas positivas del C\u00f4digo de Procedimiento Civil y Ley Especial que lo regula, en su caso.<\/p>\n<p>En la segunda parte se incluye \u201clos actos judiciales no contenciosos\u201d, regulados en el C\u00f3digo Civil y en algunas leyes complementarias, que son de aplicaci\u00f3n permanente en nuestra judicatura civil.<\/p>\n<p>Lo cual sin duda ayudar\u00e1 a los abogados en la consulta del Juicio y en elaboraci\u00f3n de la demanda solicitud, seg\u00fan corresponda.<\/p>\n<p>Teni\u00e9ndose presente que el libro est\u00e1 debidamente actualizado con todas y cada una de las reformas introducidas a los diferentes C\u00f3digos y leyes vigentes hasta antes del cierre de esta edici\u00f3n.<\/p>\n<p>Por ello Tofulex Ediciones Jur\u00eddicas, cree que ser\u00e1 de gran utilidad este texto en su primera edici\u00f3n 2024, del abogado Eric Andr\u00e9s Ch\u00e1vez Ch\u00e1vez, siempre di\u00e1fano, did\u00e1ctico y preciso, ser\u00e1 un aporte al Derecho Procesal, y a nuestro foro.<\/p>\n","protected":false},"excerpt":{"rendered":"<p>Procedimientos Especiales y Actos Judiciales No Contenciosos,\u00a0es un texto que incluye en su primera parte los principales \u201cJuicios Especiales\u201d, en cuanto a su tramitaci\u00f3n y normas positivas del C\u00f4digo de Procedimiento Civil y Ley Especial que lo regula, en su caso. En la segunda parte se incluye \u201clos actos judiciales no contenciosos\u201d, regulados en el C\u00f3digo Civil y en algunas leyes complementarias, que son de aplicaci\u00f3n permanente en nuestra judicatura civil. Lo cual sin duda ayudar\u00e1 a los abogados en la consulta del Juicio y en elaboraci\u00f3n de la demanda solicitud, seg\u00fan corresponda. Teni\u00e9ndose presente que el libro est\u00e1 debidamente actualizado con todas y cada una de las reformas introducidas a los diferentes C\u00f3digos y leyes vigentes hasta antes del cierre de esta edici\u00f3n. Por ello Tofulex Ediciones Jur\u00eddicas, cree que ser\u00e1 de gran utilidad este texto en su primera edici\u00f3n 2024, del abogado Eric Andr\u00e9s Ch\u00e1vez Ch\u00e1vez, siempre di\u00e1fano, did\u00e1ctico y preciso, ser\u00e1 un aporte al Derecho Procesal, y a nuestro foro.<\/p>\n","protected":false},"featured_media":3567,"comment_status":"open","ping_status":"closed","template":"","meta":{"inline_featured_image":false,"_joinchat":[]},"product_brand":[],"product_cat":[27],"product_tag":[],"class_list":{"0":"post-3515","1":"product","2":"type-product","3":"status-publish","4":"has-post-thumbnail","6":"product_cat-civil","7":"product_shipping_class-a-convenir","9":"first","10":"instock","11":"shipping-taxable","12":"purchasable","13":"product-type-simple"},"_links":{"self":[{"href":"https:\/\/bibliotecajuridicavirtual.cl\/index.php\/wp-json\/wp\/v2\/product\/3515","targetHints":{"allow":["GET"]}}],"collection":[{"href":"https:\/\/bibliotecajuridicavirtual.cl\/index.php\/wp-json\/wp\/v2\/product"}],"about":[{"href":"https:\/\/bibliotecajuridicavirtual.cl\/index.php\/wp-json\/wp\/v2\/types\/product"}],"replies":[{"embeddable":true,"href":"https:\/\/bibliotecajuridicavirtual.cl\/index.php\/wp-json\/wp\/v2\/comments?post=3515"}],"wp:featuredmedia":[{"embeddable":true,"href":"https:\/\/bibliotecajuridicavirtual.cl\/index.php\/wp-json\/wp\/v2\/media\/3567"}],"wp:attachment":[{"href":"https:\/\/bibliotecajuridicavirtual.cl\/index.php\/wp-json\/wp\/v2\/media?parent=3515"}],"wp:term":[{"taxonomy":"product_brand","embeddable":true,"href":"https:\/\/bibliotecajuridicavirtual.cl\/index.php\/wp-json\/wp\/v2\/product_brand?post=3515"},{"taxonomy":"product_cat","embeddable":true,"href":"https:\/\/bibliotecajuridicavirtual.cl\/index.php\/wp-json\/wp\/v2\/product_cat?post=3515"},{"taxonomy":"product_tag","embeddable":true,"href":"https:\/\/bibliotecajuridicavirtual.cl\/index.php\/wp-json\/wp\/v2\/product_tag?post=3515"}],"curies":[{"name":"wp","href":"https:\/\/api.w.org\/{rel}","templated":true}]}}