{"id":3518,"date":"2026-02-28T01:15:18","date_gmt":"2026-02-28T04:15:18","guid":{"rendered":"https:\/\/bibliotecajuridicavirtual.cl\/?post_type=product&#038;p=3518"},"modified":"2026-02-28T01:16:14","modified_gmt":"2026-02-28T04:16:14","slug":"derecho-procesal-organico-de-tribunales-disposiciones-comunes-a-todo-procedimiento-ano-2024-350-pag-autor-cristian-ramirez-tagle","status":"publish","type":"product","link":"https:\/\/bibliotecajuridicavirtual.cl\/index.php\/product\/derecho-procesal-organico-de-tribunales-disposiciones-comunes-a-todo-procedimiento-ano-2024-350-pag-autor-cristian-ramirez-tagle\/","title":{"rendered":"Derecho Procesal Org\u00e1nico de Tribunales &#8211; Disposiciones Comunes a todo procedimiento. A\u00f1o 2024\/ 350 P\u00e1g. Autor  Cristi\u00e1n Ram\u00edrez Tagle"},"content":{"rendered":"<p style=\"font-weight: 400;\">Primeramente se desarrolla una introducci\u00f3n a esta apasionante rama del derecho, a las formas de soluci\u00f3n de un conflicto. Se ve un aporte preciso de lo que la doctrina ha venido trabajando en materia de conceptos fundamentales del derecho procesal y sus principales fuentes, las que cada vez se relacionan indisolublemente con las garant\u00edas reconocidas en nuestra Constituci\u00f3n, como en los Tratados Internacionales aplicables en nuestro pa\u00eds..<\/p>\n<p style=\"font-weight: 400;\">Luego se analiza la jurisdicci\u00f3n. Su concepto, caracter\u00edsticas y principales elementos, y aquellas cuestiones vinculadas a dicho ejercicio de potestad constitucional. De la misma forma se analizan la competencia, la Corte Suprema, las Cortes de Apelaciones, los juzgados de menor grado y los tribunales especiales.<\/p>\n<p style=\"font-weight: 400;\">Se tratan diversas materias vinculadas a la funci\u00f3n de los jueces, a la competencia subjetiva y a los auxiliares de la administraci\u00f3n de justicia, \u00faltima materia que en el devenir de los a\u00f1os ha tenido importantes modificaciones.<\/p>\n<p style=\"font-weight: 400;\">La teor\u00eda del proceso, el acto jur\u00eddico procesal, la teor\u00eda de la acci\u00f3n y reacci\u00f3n, junto a los principales presupuestos procesales de existencia y validez son analizados desde la doctrina esencial, cl\u00e1sica y reciente.<\/p>\n<p style=\"font-weight: 400;\">Luego se analiza la postulaci\u00f3n en juicio y el patrocinio, para luego adentrarse en las reglas comunes a todo procedimiento, las que por aplicaci\u00f3n de la Ley 20.886 sobre tramitaci\u00f3n electr\u00f3nica, ha tenido importantes reformas.<\/p>\n<p style=\"font-weight: 400;\">En los \u00faltimos cap\u00edtulos se desarrollan las resoluciones judiciales y sus efectos trascendentales para el desenvolvimiento emp\u00edrico de esta disciplina.<\/p>\n<p style=\"font-weight: 400;\"><b><strong>CAP\u00cdTULO I<\/strong><\/b><\/p>\n<p><b><strong>Introducci\u00f3n<\/strong><\/b><br \/>\nConcepto de derecho procesal<br \/>\nClasificaci\u00f3n de \u00e1reas del derecho procesal<br \/>\nEvoluci\u00f3n hist\u00f3rica del derecho procesal<br \/>\nCaracter\u00edsticas del derecho procesal<br \/>\nEl derecho procesal y las otras ramas del derecho<br \/>\nFuentes del derecho procesal<br \/>\nAn\u00e1lisis de las fuentes directas e indirectas<br \/>\nFormas de soluci\u00f3n de un conflicto<br \/>\nPrincipios formativos del procedimiento<\/p>\n<p><b><strong>CAP\u00cdTULO II<\/strong><\/b><\/p>\n<p><b><strong>La jurisdicci\u00f3n<\/strong><\/b><br \/>\nElementos<br \/>\nMomentos<br \/>\nEquivalentes jurisdiccionales<br \/>\nConflictos de jurisdicci\u00f3n<br \/>\nActos judiciales contenciosos y no contenciosos, voluntarios o graciosos<br \/>\nLas facultades anexas a la jurisdicci\u00f3n<br \/>\nJurisdicci\u00f3n contenciosa administrativa<\/p>\n<p><b><strong>CAP\u00cdTULO III<\/strong><\/b><\/p>\n<p>Bases del ejercicio de la jurisdicci\u00f3n<\/p>\n<p><b><strong>CAP\u00cdTULO IV<\/strong><\/b><\/p>\n<p>Clasificaci\u00f3n de los tribunales<br \/>\nEstudio de los tribunales en particular<br \/>\nTribunales ordinarios<br \/>\nTribunales especiales<br \/>\nTribunales arbitrales<\/p>\n<p><b><strong>CAP\u00cdTULO V<\/strong><\/b><\/p>\n<p>Competencia<br \/>\nConcepto<br \/>\nClasificaci\u00f3n<br \/>\nReglas<br \/>\nFactores<br \/>\nReglas de distribuci\u00f3n<\/p>\n<p><b><strong>CAP\u00cdTULO VI<\/strong><\/b><\/p>\n<p>Implicancias y recusaciones<br \/>\nConcepto<br \/>\nDiferencias<br \/>\nTramitaci\u00f3n de las causales de Implicancia<br \/>\nTramitaci\u00f3n de las causales de Recusaci\u00f3n<br \/>\nCausales de Implicancia y Recusaci\u00f3n de pronuncian en \u00faica instancia, salvo en tres casos<\/p>\n<p><b><strong>CAP\u00cdTULO VII<\/strong><\/b><\/p>\n<p>Estatuto de los jueces<br \/>\nConcepto<br \/>\nInstalaci\u00f3n de los jueces<br \/>\nHonores y prerrogativas<br \/>\nProhibiciones de los jueves art\u00edculos 316 al 323 COT<br \/>\nNo pueden adquirir pertenencias mineras o una cuota de ellas<br \/>\nArt. 323 COT: prohibiciones generales que afectan a todos los funcionarios judiciales<br \/>\nObligaciones de los jueces (art\u00edculos 311, 315 y 319 COT)<\/p>\n<p><b><strong>CAP\u00cdTULO VIII<\/strong><\/b><\/p>\n<p>Subrogaci\u00f3n e integraci\u00f3n (art\u00edculos 206 y sgtes. del COT)<\/p>\n<p>CAP\u00cdTULO IX<\/p>\n<p>Responsabilidad de los jueces<br \/>\nCom\u00fan<br \/>\nDisciplinaria<br \/>\nPol\u00edtica<br \/>\nMinisterial<br \/>\nPenal<br \/>\nCivil<br \/>\nEl juicio de amovilidad<\/p>\n<p><b><strong>CAP\u00cdTULO X<\/strong><\/b><\/p>\n<p>Auxiliares de la administraci\u00f3n de justicia<br \/>\nArt. 350 y siguientes<br \/>\nFiscal\u00eda Judicial<br \/>\nDefensores p\u00fablicos<br \/>\nLos relatores<br \/>\nLos secretarios. (Art. 379 COT)<br \/>\nLos administradores de tribunales con competencia en lo criminal<br \/>\nLos receptores<br \/>\nLos procuradores del n\u00famero<br \/>\nLos notarios<br \/>\nLos conservadores<br \/>\nLos archiveros<br \/>\nLos bibliotecarios judiciales<\/p>\n<p><b><strong>CAP\u00cdTULO XI<\/strong><\/b><\/p>\n<p>Ministerio P\u00fablico<br \/>\nConcepto<br \/>\nPrincipales funciones<br \/>\nComposici\u00f3n<br \/>\nEl Fiscal Nacional y los Fiscales regionales<\/p>\n<p><b><strong>CAP\u00cdTULO XII<\/strong><\/b><\/p>\n<p>Teor\u00eda del proceso<br \/>\nConcepto<br \/>\nNaturaleza del proceso<br \/>\nObjeto del proceso<br \/>\nClasificaci\u00f3n del procedimiento<\/p>\n<p><b><strong>CAP\u00cdTULO XIII<\/strong><\/b><\/p>\n<p>El acto jur\u00eddico procesal<br \/>\nEl proceso jurisdiccional ha sido conceptualizado por Couture<br \/>\nConcepto y caracter\u00edsticas del acto jur\u00eddico procesal<br \/>\nElementos que distinguen al acto jur\u00eddico procesal, a saber<br \/>\nClasificaci\u00f3n de los actos jur\u00eddicos procesales<br \/>\nRequisitos de Existencia y Validez<br \/>\nIneficacia de los actos jur\u00eddicos procesales<\/p>\n<p>Teor\u00eda de la acci\u00f3n<br \/>\nConcepto<br \/>\nElementos de la acci\u00f3n<br \/>\nPluralidad de acciones<br \/>\nCondiciones para que la acci\u00f3n sea admitida a tramitaci\u00f3n<br \/>\nElementos para que la acci\u00f3n sea acogida<br \/>\nEjercicio forzado de la acci\u00f3n<br \/>\nClasificaci\u00f3n de la acci\u00f3n<\/p>\n<p><b><strong>CAP\u00cdTULO XIV<\/strong><\/b><\/p>\n<p>Teor\u00eda de la reacci\u00f3n<br \/>\nAllanarse<br \/>\nInacci\u00f3n<br \/>\nDefenderse<\/p>\n<p><b><strong>CAP\u00cdTULO XV<\/strong><\/b><\/p>\n<p>Elementos del proceso<br \/>\nLitigio<br \/>\nPartes: demandante y demandado<br \/>\nTerceros<\/p>\n<p><b><strong>CAP\u00cdTULO XVI<\/strong><\/b><\/p>\n<p>Comparecencia en juicio<br \/>\nIus postulandi<br \/>\nMandato judicial<br \/>\nFacultades del mandato<br \/>\nPatrocinio<br \/>\nT\u00e9rmino del P<br \/>\nDiferencias entre MJ y P<br \/>\nSemejanzas entre P y MJ<\/p>\n<p><b><strong>CAP\u00cdTULO XVII<\/strong><\/b><\/p>\n<p>Reglas comunes a todo procedimiento civil<br \/>\nI. Contencioso<br \/>\nA. Declarativo<br \/>\nB. Ejecutivos o de ejecuci\u00f3n<\/p>\n<p><b><strong>CAP\u00cdTULO XVIII<\/strong><\/b><\/p>\n<p>Normas relativas a la formaci\u00f3n del proceso<\/p>\n<p>CAP\u00cdTULO XIX<\/p>\n<p>Notificaciones<br \/>\nClasificaci\u00f3n<br \/>\nPersonal<br \/>\nPor c\u00e9dula<br \/>\nPor estado diario<br \/>\nNotificaciones especiales<br \/>\nNotificaci\u00f3n t\u00e1cita<\/p>\n<p><b><strong>CAP\u00cdTULO XX<\/strong><\/b><\/p>\n<p>Los plazos<br \/>\nGeneralidades<br \/>\nConcepto<br \/>\nC\u00f3mputo<br \/>\nClasificaci\u00f3n<\/p>\n<p><b><strong>CAP\u00cdTULO XXI<\/strong><\/b><\/p>\n<p>Actuaciones judiciales<\/p>\n<p>1. Concepto<br \/>\n2. Requisitos<br \/>\n3. C\u00f3mo se llevan a efecto<\/p>\n<p><b><strong>CAP\u00cdTULO XXII<\/strong><\/b><\/p>\n<p>Resoluciones judiciales<br \/>\nConcepto<br \/>\nClasificaci\u00f3n<br \/>\nImportancia para saber ante qu\u00e9 resoluci\u00f3n judicial nos encontramos<br \/>\nAn\u00e1lisis en particular de los tipos de resoluciones judiciales<br \/>\nCuadro esquem\u00e1tico sobre resoluciones, su naturaleza y su notificaci\u00f3n en el Juicio Ordinario de Mayor Cuant\u00eda<br \/>\nOtros tipos de resoluciones judiciales<br \/>\nRequisitos de las resoluciones judiciales<\/p>\n<p><b><strong>CAP\u00cdTULO XXIII<\/strong><\/b><\/p>\n<p>Efectos de las resoluciones judiciales<br \/>\nA. El desasimiento del tribunal<br \/>\nB. La cosa juzgada<br \/>\nAcci\u00f3n<br \/>\nExcepci\u00f3n<\/p>\n","protected":false},"excerpt":{"rendered":"<p>Primeramente se desarrolla una introducci\u00f3n a esta apasionante rama del derecho, a las formas de soluci\u00f3n de un conflicto. Se ve un aporte preciso de lo que la doctrina ha venido trabajando en materia de conceptos fundamentales del derecho procesal y sus principales fuentes, las que cada vez se relacionan indisolublemente con las garant\u00edas reconocidas en nuestra Constituci\u00f3n, como en los Tratados Internacionales aplicables en nuestro pa\u00eds.. Luego se analiza la jurisdicci\u00f3n. Su concepto, caracter\u00edsticas y principales elementos, y aquellas cuestiones vinculadas a dicho ejercicio de potestad constitucional. De la misma forma se analizan la competencia, la Corte Suprema, las Cortes de Apelaciones, los juzgados de menor grado y los tribunales especiales. Se tratan diversas materias vinculadas a la funci\u00f3n de los jueces, a la competencia subjetiva y a los auxiliares de la administraci\u00f3n de justicia, \u00faltima materia que en el devenir de los a\u00f1os ha tenido importantes modificaciones. La teor\u00eda del proceso, el acto jur\u00eddico procesal, la teor\u00eda de la acci\u00f3n y reacci\u00f3n, junto a los principales presupuestos procesales de existencia y validez son analizados desde la doctrina esencial, cl\u00e1sica y reciente. Luego se analiza la postulaci\u00f3n en juicio y el patrocinio, para luego adentrarse en las reglas comunes a todo procedimiento, las que por aplicaci\u00f3n de la Ley 20.886 sobre tramitaci\u00f3n electr\u00f3nica, ha tenido importantes reformas. En los \u00faltimos cap\u00edtulos se desarrollan las resoluciones judiciales y sus efectos trascendentales para el desenvolvimiento emp\u00edrico de esta disciplina. CAP\u00cdTULO I Introducci\u00f3n Concepto de derecho procesal Clasificaci\u00f3n de \u00e1reas del derecho procesal Evoluci\u00f3n hist\u00f3rica del derecho procesal Caracter\u00edsticas del derecho procesal El derecho procesal y las otras ramas del derecho Fuentes del derecho procesal An\u00e1lisis de las fuentes directas e indirectas Formas de soluci\u00f3n de un conflicto Principios formativos del procedimiento CAP\u00cdTULO II La jurisdicci\u00f3n Elementos Momentos Equivalentes jurisdiccionales Conflictos de jurisdicci\u00f3n Actos judiciales contenciosos y no contenciosos, voluntarios o graciosos Las facultades anexas a la jurisdicci\u00f3n Jurisdicci\u00f3n contenciosa administrativa CAP\u00cdTULO III Bases del ejercicio de la jurisdicci\u00f3n CAP\u00cdTULO IV Clasificaci\u00f3n de los tribunales Estudio de los tribunales en particular Tribunales ordinarios Tribunales especiales Tribunales arbitrales CAP\u00cdTULO V Competencia Concepto Clasificaci\u00f3n Reglas Factores Reglas de distribuci\u00f3n CAP\u00cdTULO VI Implicancias y recusaciones Concepto Diferencias Tramitaci\u00f3n de las causales de Implicancia Tramitaci\u00f3n de las causales de Recusaci\u00f3n Causales de Implicancia y Recusaci\u00f3n de pronuncian en \u00faica instancia, salvo en tres casos CAP\u00cdTULO VII Estatuto de los jueces Concepto Instalaci\u00f3n de los jueces Honores y prerrogativas Prohibiciones de los jueves art\u00edculos 316 al 323 COT No pueden adquirir pertenencias mineras o una cuota de ellas Art. 323 COT: prohibiciones generales que afectan a todos los funcionarios judiciales Obligaciones de los jueces (art\u00edculos 311, 315 y 319 COT) CAP\u00cdTULO VIII Subrogaci\u00f3n e integraci\u00f3n (art\u00edculos 206 y sgtes. del COT) CAP\u00cdTULO IX Responsabilidad de los jueces Com\u00fan Disciplinaria Pol\u00edtica Ministerial Penal Civil El juicio de amovilidad CAP\u00cdTULO X Auxiliares de la administraci\u00f3n de justicia Art. 350 y siguientes Fiscal\u00eda Judicial Defensores p\u00fablicos Los relatores Los secretarios. (Art. 379 COT) Los administradores de tribunales con competencia en lo criminal Los receptores Los procuradores del n\u00famero Los notarios Los conservadores Los archiveros Los bibliotecarios judiciales CAP\u00cdTULO XI Ministerio P\u00fablico Concepto Principales funciones Composici\u00f3n El Fiscal Nacional y los Fiscales regionales CAP\u00cdTULO XII Teor\u00eda del proceso Concepto Naturaleza del proceso Objeto del proceso Clasificaci\u00f3n del procedimiento CAP\u00cdTULO XIII El acto jur\u00eddico procesal El proceso jurisdiccional ha sido conceptualizado por Couture Concepto y caracter\u00edsticas del acto jur\u00eddico procesal Elementos que distinguen al acto jur\u00eddico procesal, a saber Clasificaci\u00f3n de los actos jur\u00eddicos procesales Requisitos de Existencia y Validez Ineficacia de los actos jur\u00eddicos procesales Teor\u00eda de la acci\u00f3n Concepto Elementos de la acci\u00f3n Pluralidad de acciones Condiciones para que la acci\u00f3n sea admitida a tramitaci\u00f3n Elementos para que la acci\u00f3n sea acogida Ejercicio forzado de la acci\u00f3n Clasificaci\u00f3n de la acci\u00f3n CAP\u00cdTULO XIV Teor\u00eda de la reacci\u00f3n Allanarse Inacci\u00f3n Defenderse CAP\u00cdTULO XV Elementos del proceso Litigio Partes: demandante y demandado Terceros CAP\u00cdTULO XVI Comparecencia en juicio Ius postulandi Mandato judicial Facultades del mandato Patrocinio T\u00e9rmino del P Diferencias entre MJ y P Semejanzas entre P y MJ CAP\u00cdTULO XVII Reglas comunes a todo procedimiento civil I. Contencioso A. Declarativo B. Ejecutivos o de ejecuci\u00f3n CAP\u00cdTULO XVIII Normas relativas a la formaci\u00f3n del proceso CAP\u00cdTULO XIX Notificaciones Clasificaci\u00f3n Personal Por c\u00e9dula Por estado diario Notificaciones especiales Notificaci\u00f3n t\u00e1cita CAP\u00cdTULO XX Los plazos Generalidades Concepto C\u00f3mputo Clasificaci\u00f3n CAP\u00cdTULO XXI Actuaciones judiciales 1. Concepto 2. Requisitos 3. C\u00f3mo se llevan a efecto CAP\u00cdTULO XXII Resoluciones judiciales Concepto Clasificaci\u00f3n Importancia para saber ante qu\u00e9 resoluci\u00f3n judicial nos encontramos An\u00e1lisis en particular de los tipos de resoluciones judiciales Cuadro esquem\u00e1tico sobre resoluciones, su naturaleza y su notificaci\u00f3n en el Juicio Ordinario de Mayor Cuant\u00eda Otros tipos de resoluciones judiciales Requisitos de las resoluciones judiciales CAP\u00cdTULO XXIII Efectos de las resoluciones judiciales A. El desasimiento del tribunal B. La cosa juzgada Acci\u00f3n Excepci\u00f3n<\/p>\n","protected":false},"featured_media":3570,"comment_status":"open","ping_status":"closed","template":"","meta":{"inline_featured_image":false,"_joinchat":[]},"product_brand":[],"product_cat":[39],"product_tag":[],"class_list":{"0":"post-3518","1":"product","2":"type-product","3":"status-publish","4":"has-post-thumbnail","6":"product_cat-procesal-civil","7":"product_shipping_class-a-convenir","9":"first","10":"instock","11":"shipping-taxable","12":"purchasable","13":"product-type-simple"},"_links":{"self":[{"href":"https:\/\/bibliotecajuridicavirtual.cl\/index.php\/wp-json\/wp\/v2\/product\/3518","targetHints":{"allow":["GET"]}}],"collection":[{"href":"https:\/\/bibliotecajuridicavirtual.cl\/index.php\/wp-json\/wp\/v2\/product"}],"about":[{"href":"https:\/\/bibliotecajuridicavirtual.cl\/index.php\/wp-json\/wp\/v2\/types\/product"}],"replies":[{"embeddable":true,"href":"https:\/\/bibliotecajuridicavirtual.cl\/index.php\/wp-json\/wp\/v2\/comments?post=3518"}],"wp:featuredmedia":[{"embeddable":true,"href":"https:\/\/bibliotecajuridicavirtual.cl\/index.php\/wp-json\/wp\/v2\/media\/3570"}],"wp:attachment":[{"href":"https:\/\/bibliotecajuridicavirtual.cl\/index.php\/wp-json\/wp\/v2\/media?parent=3518"}],"wp:term":[{"taxonomy":"product_brand","embeddable":true,"href":"https:\/\/bibliotecajuridicavirtual.cl\/index.php\/wp-json\/wp\/v2\/product_brand?post=3518"},{"taxonomy":"product_cat","embeddable":true,"href":"https:\/\/bibliotecajuridicavirtual.cl\/index.php\/wp-json\/wp\/v2\/product_cat?post=3518"},{"taxonomy":"product_tag","embeddable":true,"href":"https:\/\/bibliotecajuridicavirtual.cl\/index.php\/wp-json\/wp\/v2\/product_tag?post=3518"}],"curies":[{"name":"wp","href":"https:\/\/api.w.org\/{rel}","templated":true}]}}