{"id":3519,"date":"2026-02-28T01:15:18","date_gmt":"2026-02-28T04:15:18","guid":{"rendered":"https:\/\/bibliotecajuridicavirtual.cl\/?post_type=product&#038;p=3519"},"modified":"2026-02-28T01:16:23","modified_gmt":"2026-02-28T04:16:23","slug":"la-orden-antijuridica-del-superior-jerarquico-n-68-ano-2024-137-pag-autor-max-ernst-mayer","status":"publish","type":"product","link":"https:\/\/bibliotecajuridicavirtual.cl\/index.php\/product\/la-orden-antijuridica-del-superior-jerarquico-n-68-ano-2024-137-pag-autor-max-ernst-mayer\/","title":{"rendered":"La Orden Antijur\u00eddica del Superior Jer\u00e1rquico N 68. A\u00f1o 2024\/ 137 P\u00e1g. Autor Max Ernst Mayer"},"content":{"rendered":"<p>Esta obra editada en Argentina, desarrolla los siguientes temas:<\/p>\n<p>El problema.<br \/>\nDelimitaci\u00f3n de las \u00f3rdenes l\u00edcita y antijur\u00eddica.<br \/>\nLa orden antijur\u00eddica como causa de justificaci\u00f3n.<br \/>\nLa orden antijur\u00eddica como causa de exclusi\u00f3n de la culpabilidad.<br \/>\nLa orden antijur\u00eddica seg\u00fan el C\u00f3digo penal militar y Ordenanza de marinos alemanes.<br \/>\nTraducci\u00f3n y estudio preliminar de Jos\u00e9 Luis Guzm\u00e1n Dalbora.<\/p>\n<p>&nbsp;<\/p>\n","protected":false},"excerpt":{"rendered":"<p>Esta obra editada en Argentina, desarrolla los siguientes temas: El problema. Delimitaci\u00f3n de las \u00f3rdenes l\u00edcita y antijur\u00eddica. La orden antijur\u00eddica como causa de justificaci\u00f3n. La orden antijur\u00eddica como causa de exclusi\u00f3n de la culpabilidad. La orden antijur\u00eddica seg\u00fan el C\u00f3digo penal militar y Ordenanza de marinos alemanes. Traducci\u00f3n y estudio preliminar de Jos\u00e9 Luis Guzm\u00e1n Dalbora. &nbsp;<\/p>\n","protected":false},"featured_media":3571,"comment_status":"open","ping_status":"closed","template":"","meta":{"inline_featured_image":false,"_joinchat":[]},"product_brand":[],"product_cat":[30],"product_tag":[],"class_list":{"0":"post-3519","1":"product","2":"type-product","3":"status-publish","4":"has-post-thumbnail","6":"product_cat-penal","7":"product_shipping_class-a-convenir","9":"first","10":"instock","11":"shipping-taxable","12":"purchasable","13":"product-type-simple"},"_links":{"self":[{"href":"https:\/\/bibliotecajuridicavirtual.cl\/index.php\/wp-json\/wp\/v2\/product\/3519","targetHints":{"allow":["GET"]}}],"collection":[{"href":"https:\/\/bibliotecajuridicavirtual.cl\/index.php\/wp-json\/wp\/v2\/product"}],"about":[{"href":"https:\/\/bibliotecajuridicavirtual.cl\/index.php\/wp-json\/wp\/v2\/types\/product"}],"replies":[{"embeddable":true,"href":"https:\/\/bibliotecajuridicavirtual.cl\/index.php\/wp-json\/wp\/v2\/comments?post=3519"}],"wp:featuredmedia":[{"embeddable":true,"href":"https:\/\/bibliotecajuridicavirtual.cl\/index.php\/wp-json\/wp\/v2\/media\/3571"}],"wp:attachment":[{"href":"https:\/\/bibliotecajuridicavirtual.cl\/index.php\/wp-json\/wp\/v2\/media?parent=3519"}],"wp:term":[{"taxonomy":"product_brand","embeddable":true,"href":"https:\/\/bibliotecajuridicavirtual.cl\/index.php\/wp-json\/wp\/v2\/product_brand?post=3519"},{"taxonomy":"product_cat","embeddable":true,"href":"https:\/\/bibliotecajuridicavirtual.cl\/index.php\/wp-json\/wp\/v2\/product_cat?post=3519"},{"taxonomy":"product_tag","embeddable":true,"href":"https:\/\/bibliotecajuridicavirtual.cl\/index.php\/wp-json\/wp\/v2\/product_tag?post=3519"}],"curies":[{"name":"wp","href":"https:\/\/api.w.org\/{rel}","templated":true}]}}