{"id":3521,"date":"2026-02-28T01:15:19","date_gmt":"2026-02-28T04:15:19","guid":{"rendered":"https:\/\/bibliotecajuridicavirtual.cl\/?post_type=product&#038;p=3521"},"modified":"2026-02-28T01:16:28","modified_gmt":"2026-02-28T04:16:28","slug":"responsabilidad-administrativa-y-procedimientos-disciplinarios-manual-de-estudio-ano-mayo-2024-233-pag-autor-alejandro-carcamo-righetti","status":"publish","type":"product","link":"https:\/\/bibliotecajuridicavirtual.cl\/index.php\/product\/responsabilidad-administrativa-y-procedimientos-disciplinarios-manual-de-estudio-ano-mayo-2024-233-pag-autor-alejandro-carcamo-righetti\/","title":{"rendered":"Responsabilidad Administrativa y Procedimientos Disciplinarios &#8211; Manual de Estudio. A\u00f1o Mayo 2024\/233 P\u00e1g. Autor Alejandro C\u00e1rcamo Righetti"},"content":{"rendered":"<p style=\"font-weight: 400;\">El presente texto aborda, desde una perspectiva te\u00f3rica y pr\u00e1ctica, una de las tem\u00e1ticas que mayor conflictividad genera al interior de la Administraci\u00f3n del Estado, como lo es, la responsabilidad administrativa y los procedimientos disciplinarios. As\u00ed, ponemos a disposici\u00f3n de la comunidad jur\u00eddica y acad\u00e9mica, un material de estudio obligado para alumnos de pregrado y para los operadores jur\u00eddicos en general \u2013jueces, abogados e interesados en el derecho administrativo\u2013, as\u00ed como para las autoridades y funcionarios p\u00fablicos.<\/p>\n<p style=\"font-weight: 400;\">A lo largo del libro, se examinan aspectos como el concepto de responsabilidad \u2013y, en particular, la administrativa o disciplinaria\u2013, sus fundamentos, los principios que rigen el ejercicio de la potestad sancionatoria disciplinaria, realizando un an\u00e1lisis dogm\u00e1tico y jurisprudencial de las normas que regulan los procedimientos administrativos disciplinarios.<\/p>\n<p style=\"font-weight: 400;\">Este nuevo libro, breve desde el punto de vista de su extensi\u00f3n, constituye una revisi\u00f3n de aquellas instituciones y elementos que consideramos resultan necesarios para comprender la forma bajo la cual se hace \u2013o, debe hacerse\u2013 efectiva la responsabilidad funcionaria, respetando est\u00e1ndares que garanticen los derechos de los servidores p\u00fablicos.<\/p>\n<p style=\"font-weight: 400;\">Si bien, el an\u00e1lisis se realiza esencialmente a partir de lo dispuesto en la Ley N\u00ba 18.834, Sobre Estatuto Administrativo, lo consignado, con leves matices, es susceptible de ser aplicado tanto en los procedimientos disciplinarios instruidos a la luz de la Ley N\u00ba 18.883, Aprueba Estatuto Administrativo para funcionarios municipales; conforme a la Ley N\u00ba 10.336, De Organizaci\u00f3n y Atribuciones de la Contralor\u00eda General de la Rep\u00fablica; o regidos por cualquier cuerpo legal estatutario especial.<\/p>\n<p style=\"font-weight: 400;\">El m\u00e9rito del trabajo est\u00e1 en la exploraci\u00f3n y estudio de las principales tem\u00e1ticas actuales que forman parte de la responsabilidad administrativa y los procedimientos disciplinarios, consignando los criterios jurisprudenciales centrales y exponiendo nuestras ideas en aquellos \u00e1mbitos en que nos parece pertinente.<\/p>\n<p style=\"font-weight: 400;\">Cabe advertir que el libro cita extensa jurisprudencia administrativa, la cual ha sido obtenida desde el sitio electr\u00f3nico de la Contralor\u00eda General de la Rep\u00fablica (www.contraloria.cl), as\u00ed como de publicaciones que la misma entidad ha realizado del Estatuto Administrativo, textos que son citados en la bibliograf\u00eda del presente libro.<\/p>\n<p style=\"font-weight: 400;\">\n<ol>\n<li style=\"font-weight: 400;\"><b><strong> EL PRINCIPIO DE RESPONSABILIDAD. EN PARTICULAR, LA RESPONSABILIDAD ADMINISTRATIVA O DISCIPLINARIA<\/strong><\/b><\/li>\n<li style=\"font-weight: 400;\">Noci\u00f3n, fundamentos y tipos de responsabilidad<\/li>\n<li style=\"font-weight: 400;\">La responsabilidad administrativa o disciplinaria<br \/>\n2.1. Generalidades<br \/>\n2.2. Enunciaci\u00f3n deberes funcionarios<br \/>\n2.3. Obligaciones generales<br \/>\n2.4. Obligaciones especiales<br \/>\n2.5. Prohibiciones<\/li>\n<li style=\"font-weight: 400;\"><b><strong> LAS GARANT\u00cdAS Y PRINCIPIOS QUE RIGEN EL EJERCICIO DE LA POTESTAD SANCIONATORIA DISCIPLINARIA<\/strong><\/b><\/li>\n<li style=\"font-weight: 400;\">Noci\u00f3n y fundamento de la potestad disciplinaria\n<p>2. Marco o bases constitucionales<\/li>\n<li style=\"font-weight: 400;\">Las garant\u00edas o principios que constituyen l\u00edmite y\/u orientan el ejercicio de la potestad disciplinaria<br \/>\n3.1. Principio de legalidad de las sanciones<br \/>\n3.2. Principio de interdicci\u00f3n de la arbitrariedad<br \/>\n3.3. Principio del debido procedimiento o debido juzgamiento<br \/>\n3.4. Principio de la debida defensa<br \/>\n3.5. Principio de proporcionalidad de la sanci\u00f3n<br \/>\n3.6. Principio pro reo<br \/>\n3.7. Principio de la inexcusabilidad<br \/>\n3.8. Principio de independencia de la sanci\u00f3n<br \/>\n3.9. Principio de instancias diferenciadas<br \/>\n3.10. Principio de universalidad<br \/>\n3.11. Principio de tipicidad<br \/>\n3.12. Principio non bis in idem o no dos veces por la misma causa<\/li>\n<\/ol>\n<p style=\"font-weight: 400;\"><b><strong>III. LOS PROCEDIMIENTOS DISCIPLINARIOS: LA INVESTIGACI\u00d3N SUMARIA<\/strong><\/b><\/p>\n<ol>\n<li style=\"font-weight: 400;\">Aspectos generales: noci\u00f3n, fundamento y caracter\u00edsticas<br \/>\n2. Etapa de iniciaci\u00f3n o instrucci\u00f3n<br \/>\n3. Etapa indagatoria<br \/>\n4. Etapa acusatoria<br \/>\n5. Etapa resolutiva<br \/>\n6. Etapa de impugnaci\u00f3n<\/li>\n<li style=\"font-weight: 400;\"><b><strong> LOS PROCEDIMIENTOS DISCIPLINARIOS: EL SUMARIO ADMINISTRATIVO<\/strong><\/b><\/li>\n<li style=\"font-weight: 400;\">Aspectos generales: Noci\u00f3n, fundamento y caracter\u00edsticas<br \/>\n2. Etapa de iniciaci\u00f3n o instrucci\u00f3n<br \/>\n3. Etapa indagatoria<br \/>\n4. Etapa acusatoria<br \/>\n5. Etapa resolutiva<br \/>\n6. Etapa de impugnaci\u00f3n<\/li>\n<li style=\"font-weight: 400;\"><b><strong> LA EXTINCI\u00d3N DE LA RESPONSABILIDAD ADMINISTRATIVA<\/strong><\/b><\/li>\n<li style=\"font-weight: 400;\">Aspectos generales<\/li>\n<li style=\"font-weight: 400;\">Causales<br \/>\n2.1. La muerte del funcionario<br \/>\n2.2. La cesaci\u00f3n de funciones<br \/>\n2.3. El cumplimiento de la sanci\u00f3n<br \/>\n2.4. La prescripci\u00f3n de la acci\u00f3n disciplinaria<\/li>\n<li style=\"font-weight: 400;\"><b><strong> LOS MECANISMOS DE CONTROL DEL EJERCICIO DE LA POTESTAD SANCIONATORIA DISCIPLINARIA<\/strong><\/b><\/li>\n<li style=\"font-weight: 400;\">Aspectos generales<br \/>\n2. Recursos administrativos<br \/>\n3. Solicitudes de revisi\u00f3n del acto administrativo sancionatorio<br \/>\n4. El reclamo de ilegalidad ante la Contralor\u00eda General de la Rep\u00fablica<br \/>\n5. La acci\u00f3n de protecci\u00f3n de garant\u00edas constitucionales<br \/>\n6. Otras acciones jurisdiccionales contenciosas administrativas<br \/>\n7. El d\u00e9ficit de control en el ejercicio de la potestad disciplinaria<\/li>\n<\/ol>\n","protected":false},"excerpt":{"rendered":"<p>El presente texto aborda, desde una perspectiva te\u00f3rica y pr\u00e1ctica, una de las tem\u00e1ticas que mayor conflictividad genera al interior de la Administraci\u00f3n del Estado, como lo es, la responsabilidad administrativa y los procedimientos disciplinarios. As\u00ed, ponemos a disposici\u00f3n de la comunidad jur\u00eddica y acad\u00e9mica, un material de estudio obligado para alumnos de pregrado y para los operadores jur\u00eddicos en general \u2013jueces, abogados e interesados en el derecho administrativo\u2013, as\u00ed como para las autoridades y funcionarios p\u00fablicos. A lo largo del libro, se examinan aspectos como el concepto de responsabilidad \u2013y, en particular, la administrativa o disciplinaria\u2013, sus fundamentos, los principios que rigen el ejercicio de la potestad sancionatoria disciplinaria, realizando un an\u00e1lisis dogm\u00e1tico y jurisprudencial de las normas que regulan los procedimientos administrativos disciplinarios. Este nuevo libro, breve desde el punto de vista de su extensi\u00f3n, constituye una revisi\u00f3n de aquellas instituciones y elementos que consideramos resultan necesarios para comprender la forma bajo la cual se hace \u2013o, debe hacerse\u2013 efectiva la responsabilidad funcionaria, respetando est\u00e1ndares que garanticen los derechos de los servidores p\u00fablicos. Si bien, el an\u00e1lisis se realiza esencialmente a partir de lo dispuesto en la Ley N\u00ba 18.834, Sobre Estatuto Administrativo, lo consignado, con leves matices, es susceptible de ser aplicado tanto en los procedimientos disciplinarios instruidos a la luz de la Ley N\u00ba 18.883, Aprueba Estatuto Administrativo para funcionarios municipales; conforme a la Ley N\u00ba 10.336, De Organizaci\u00f3n y Atribuciones de la Contralor\u00eda General de la Rep\u00fablica; o regidos por cualquier cuerpo legal estatutario especial. El m\u00e9rito del trabajo est\u00e1 en la exploraci\u00f3n y estudio de las principales tem\u00e1ticas actuales que forman parte de la responsabilidad administrativa y los procedimientos disciplinarios, consignando los criterios jurisprudenciales centrales y exponiendo nuestras ideas en aquellos \u00e1mbitos en que nos parece pertinente. Cabe advertir que el libro cita extensa jurisprudencia administrativa, la cual ha sido obtenida desde el sitio electr\u00f3nico de la Contralor\u00eda General de la Rep\u00fablica (www.contraloria.cl), as\u00ed como de publicaciones que la misma entidad ha realizado del Estatuto Administrativo, textos que son citados en la bibliograf\u00eda del presente libro. EL PRINCIPIO DE RESPONSABILIDAD. EN PARTICULAR, LA RESPONSABILIDAD ADMINISTRATIVA O DISCIPLINARIA Noci\u00f3n, fundamentos y tipos de responsabilidad La responsabilidad administrativa o disciplinaria 2.1. Generalidades 2.2. Enunciaci\u00f3n deberes funcionarios 2.3. Obligaciones generales 2.4. Obligaciones especiales 2.5. Prohibiciones LAS GARANT\u00cdAS Y PRINCIPIOS QUE RIGEN EL EJERCICIO DE LA POTESTAD SANCIONATORIA DISCIPLINARIA Noci\u00f3n y fundamento de la potestad disciplinaria 2. Marco o bases constitucionales Las garant\u00edas o principios que constituyen l\u00edmite y\/u orientan el ejercicio de la potestad disciplinaria 3.1. Principio de legalidad de las sanciones 3.2. Principio de interdicci\u00f3n de la arbitrariedad 3.3. Principio del debido procedimiento o debido juzgamiento 3.4. Principio de la debida defensa 3.5. Principio de proporcionalidad de la sanci\u00f3n 3.6. Principio pro reo 3.7. Principio de la inexcusabilidad 3.8. Principio de independencia de la sanci\u00f3n 3.9. Principio de instancias diferenciadas 3.10. Principio de universalidad 3.11. Principio de tipicidad 3.12. Principio non bis in idem o no dos veces por la misma causa III. LOS PROCEDIMIENTOS DISCIPLINARIOS: LA INVESTIGACI\u00d3N SUMARIA Aspectos generales: noci\u00f3n, fundamento y caracter\u00edsticas 2. Etapa de iniciaci\u00f3n o instrucci\u00f3n 3. Etapa indagatoria 4. Etapa acusatoria 5. Etapa resolutiva 6. Etapa de impugnaci\u00f3n LOS PROCEDIMIENTOS DISCIPLINARIOS: EL SUMARIO ADMINISTRATIVO Aspectos generales: Noci\u00f3n, fundamento y caracter\u00edsticas 2. Etapa de iniciaci\u00f3n o instrucci\u00f3n 3. Etapa indagatoria 4. Etapa acusatoria 5. Etapa resolutiva 6. Etapa de impugnaci\u00f3n LA EXTINCI\u00d3N DE LA RESPONSABILIDAD ADMINISTRATIVA Aspectos generales Causales 2.1. La muerte del funcionario 2.2. La cesaci\u00f3n de funciones 2.3. El cumplimiento de la sanci\u00f3n 2.4. La prescripci\u00f3n de la acci\u00f3n disciplinaria LOS MECANISMOS DE CONTROL DEL EJERCICIO DE LA POTESTAD SANCIONATORIA DISCIPLINARIA Aspectos generales 2. Recursos administrativos 3. Solicitudes de revisi\u00f3n del acto administrativo sancionatorio 4. El reclamo de ilegalidad ante la Contralor\u00eda General de la Rep\u00fablica 5. La acci\u00f3n de protecci\u00f3n de garant\u00edas constitucionales 6. Otras acciones jurisdiccionales contenciosas administrativas 7. El d\u00e9ficit de control en el ejercicio de la potestad disciplinaria<\/p>\n","protected":false},"featured_media":3579,"comment_status":"open","ping_status":"closed","template":"","meta":{"inline_featured_image":false,"_joinchat":[]},"product_brand":[],"product_cat":[45,40],"product_tag":[],"class_list":{"0":"post-3521","1":"product","2":"type-product","3":"status-publish","4":"has-post-thumbnail","6":"product_cat-administrativo","7":"product_cat-ediciones-juridica-de-santiago","8":"product_shipping_class-a-convenir","10":"first","11":"instock","12":"shipping-taxable","13":"purchasable","14":"product-type-simple"},"_links":{"self":[{"href":"https:\/\/bibliotecajuridicavirtual.cl\/index.php\/wp-json\/wp\/v2\/product\/3521","targetHints":{"allow":["GET"]}}],"collection":[{"href":"https:\/\/bibliotecajuridicavirtual.cl\/index.php\/wp-json\/wp\/v2\/product"}],"about":[{"href":"https:\/\/bibliotecajuridicavirtual.cl\/index.php\/wp-json\/wp\/v2\/types\/product"}],"replies":[{"embeddable":true,"href":"https:\/\/bibliotecajuridicavirtual.cl\/index.php\/wp-json\/wp\/v2\/comments?post=3521"}],"wp:featuredmedia":[{"embeddable":true,"href":"https:\/\/bibliotecajuridicavirtual.cl\/index.php\/wp-json\/wp\/v2\/media\/3579"}],"wp:attachment":[{"href":"https:\/\/bibliotecajuridicavirtual.cl\/index.php\/wp-json\/wp\/v2\/media?parent=3521"}],"wp:term":[{"taxonomy":"product_brand","embeddable":true,"href":"https:\/\/bibliotecajuridicavirtual.cl\/index.php\/wp-json\/wp\/v2\/product_brand?post=3521"},{"taxonomy":"product_cat","embeddable":true,"href":"https:\/\/bibliotecajuridicavirtual.cl\/index.php\/wp-json\/wp\/v2\/product_cat?post=3521"},{"taxonomy":"product_tag","embeddable":true,"href":"https:\/\/bibliotecajuridicavirtual.cl\/index.php\/wp-json\/wp\/v2\/product_tag?post=3521"}],"curies":[{"name":"wp","href":"https:\/\/api.w.org\/{rel}","templated":true}]}}