{"id":3529,"date":"2026-02-28T01:15:40","date_gmt":"2026-02-28T04:15:40","guid":{"rendered":"https:\/\/bibliotecajuridicavirtual.cl\/?post_type=product&#038;p=3529"},"modified":"2026-02-28T01:16:31","modified_gmt":"2026-02-28T04:16:31","slug":"instituciones-de-derecho-procesal-civil-iii-tomos-2da-edicion-ano-1996-1-426-pag-autor-piero-calamandrei","status":"publish","type":"product","link":"https:\/\/bibliotecajuridicavirtual.cl\/index.php\/product\/instituciones-de-derecho-procesal-civil-iii-tomos-2da-edicion-ano-1996-1-426-pag-autor-piero-calamandrei\/","title":{"rendered":"Instituciones de Derecho Procesal Civil &#8211; III Tomos- 2da Edici\u00f3n. A\u00f1o 1996 \/ 1.426 P\u00e1g. Autor Piero Calamandrei"},"content":{"rendered":"<p>Volumen I:<\/p>\n<p>Parte Primera. Premisas Hist\u00f3ricas y Sistem\u00e1ticas<\/p>\n<p>Secci\u00f3n Primer :El Nuevo C\u00f3digo y sus Precedentes Hist\u00f3ricos<\/p>\n<p>Secci\u00f3n Segunda: Nociones Sistem\u00e1ticas Fundamentales<\/p>\n<p>Titulo Primero: La Jurisdicci\u00f3n<\/p>\n<p>Titulo Segundo: La Acci\u00f3n.<\/p>\n<p>Titulo Tercero: El Proceso<\/p>\n<p>Secci\u00f3n Tercera: Las Orientaciones Originales del Nuevo C\u00f3digo<\/p>\n<p>Volumen II<\/p>\n<p>Segunda Parte: Disposiciones Generales<\/p>\n<p>Las Personas del Proceso<\/p>\n<p>Secci\u00f3n Primera: Las Personas del Proceso<\/p>\n<p>Titulo Primero: Los \u00d3rganos Judiciales<\/p>\n<p>Capitulo Primero: El Ordenamiento Interno de los \u00d3rganos Judiciales<\/p>\n<p>Capitulo Segundo: El Ordenamiento Externo de los \u00d3rganos Judiciales<\/p>\n<p>Capitulo Tercero: Los Limites de la Jurisdicci\u00f3n<\/p>\n<p>Titulo Segundo: Los Auxiliares<\/p>\n<p>Titulo Tercero: Las Partes<\/p>\n<p>Capitulo Primero: Las Partes (en sentido estricto) Y Sus Defensores<\/p>\n<p>Capitulo Segundo: El Ministerio P\u00fablico<\/p>\n<p>Volumen III<\/p>\n<p>Proceso Civil y Constituci\u00f3n<\/p>\n<p>Capitulo I El Control de Constitucional Bajo el Ordenamiento Derogado<\/p>\n<p>Capitulo II Noci\u00f3n de \u00abIlegitimidad Constitucional\u00bb<\/p>\n<p>Capitulo III El Procedimiento para la Declaraci\u00f3n de Ilegitimidad Constitucional<\/p>\n<p>Capitulo IV Efectos del Juicio de Legitimidad Sobre el Proceso Civil<\/p>\n<p>Corte Constitucional y Autoridad Judicial<\/p>\n<p>Jueces y Justicia<\/p>\n<p>Proceso.<\/p>\n","protected":false},"excerpt":{"rendered":"<p>Buscas un libro Jur\u00eddico.? Lo puedes encontrar en nuestra tienda virtual.<br \/>\nContamos con prestigiosos autores y muchas alternativas en sus diferentes materias al igual que grandes descuentos.! Vis\u00edtanos en <a class=\"DUFxffkzvZTzzBLKfodAUIaDUiVRMfGZkOxoaQ \" href=\"https:\/\/lnkd.in\/eiAG7jdZ\" target=\"_blank\" rel=\"noopener\" data-test-app-aware-link=\"\">https:\/\/lnkd.in\/eiAG7jdZ<\/a><br \/>\nEscr\u00edbenos al +56930565235 \/ <a class=\"DUFxffkzvZTzzBLKfodAUIaDUiVRMfGZkOxoaQ \" href=\"mailto:ventaslegallexglobal@gmail.com\" target=\"_self\" data-test-app-aware-link=\"\">ventaslegallexglobal@gmail.com<\/a><br \/>\nHacemos env\u00edos a todo Chile \u2013 Starken o Correos Chile \/ Te esperamos<\/p>\n","protected":false},"featured_media":3581,"comment_status":"open","ping_status":"closed","template":"","meta":{"inline_featured_image":false,"_joinchat":[]},"product_brand":[],"product_cat":[39],"product_tag":[],"class_list":{"0":"post-3529","1":"product","2":"type-product","3":"status-publish","4":"has-post-thumbnail","6":"product_cat-procesal-civil","7":"product_shipping_class-a-convenir","9":"first","10":"instock","11":"shipping-taxable","12":"purchasable","13":"product-type-simple"},"_links":{"self":[{"href":"https:\/\/bibliotecajuridicavirtual.cl\/index.php\/wp-json\/wp\/v2\/product\/3529","targetHints":{"allow":["GET"]}}],"collection":[{"href":"https:\/\/bibliotecajuridicavirtual.cl\/index.php\/wp-json\/wp\/v2\/product"}],"about":[{"href":"https:\/\/bibliotecajuridicavirtual.cl\/index.php\/wp-json\/wp\/v2\/types\/product"}],"replies":[{"embeddable":true,"href":"https:\/\/bibliotecajuridicavirtual.cl\/index.php\/wp-json\/wp\/v2\/comments?post=3529"}],"wp:featuredmedia":[{"embeddable":true,"href":"https:\/\/bibliotecajuridicavirtual.cl\/index.php\/wp-json\/wp\/v2\/media\/3581"}],"wp:attachment":[{"href":"https:\/\/bibliotecajuridicavirtual.cl\/index.php\/wp-json\/wp\/v2\/media?parent=3529"}],"wp:term":[{"taxonomy":"product_brand","embeddable":true,"href":"https:\/\/bibliotecajuridicavirtual.cl\/index.php\/wp-json\/wp\/v2\/product_brand?post=3529"},{"taxonomy":"product_cat","embeddable":true,"href":"https:\/\/bibliotecajuridicavirtual.cl\/index.php\/wp-json\/wp\/v2\/product_cat?post=3529"},{"taxonomy":"product_tag","embeddable":true,"href":"https:\/\/bibliotecajuridicavirtual.cl\/index.php\/wp-json\/wp\/v2\/product_tag?post=3529"}],"curies":[{"name":"wp","href":"https:\/\/api.w.org\/{rel}","templated":true}]}}