{"id":3532,"date":"2026-02-28T01:15:40","date_gmt":"2026-02-28T04:15:40","guid":{"rendered":"https:\/\/bibliotecajuridicavirtual.cl\/?post_type=product&#038;p=3532"},"modified":"2026-02-28T01:16:42","modified_gmt":"2026-02-28T04:16:42","slug":"interpretar-y-argumentar-ano-2020-560-pag-autor-ricardo-guastini","status":"publish","type":"product","link":"https:\/\/bibliotecajuridicavirtual.cl\/index.php\/product\/interpretar-y-argumentar-ano-2020-560-pag-autor-ricardo-guastini\/","title":{"rendered":"Interpretar y Argumentar. A\u00f1o 2020\/ 560 P\u00e1g. Autor Ricardo Guastini"},"content":{"rendered":"<p>Evidentemente, la interpretaci\u00f3n jur\u00eddica pertenece al genero de la interpretaci\u00f3n textual. En expresiones como \u00abinterpretaci\u00f3n jur\u00eddica\u00bb, \u00abinterpretaci\u00f3n del derecho\u00bb, \u00abinterpretaci\u00f3n de la ley\u00bb, \u00abinterpretaci\u00f3n de los actos (o documentos) normativos\u00bb, \u00abinterpretaci\u00f3n de normas\u00bb y similares, el vocablo \u00abinterpretaci\u00f3n\u00bb designa grosso modo: bien la actividad de determinar o decidir el significado de alg\u00fan documento o texto Jur\u00eddico; bien el resultado o producto de dicha actividad, vale decir, el significado mismo.<\/p>\n<p>El libro presenta la teor\u00eda de Riccardo Guastini sobre la argumentaci\u00f3n jur\u00eddica. El autor realiza un recorrido por las cuestiones m\u00e1s relevantes en relaci\u00f3n con la tarea de interpretar: la indeterminaci\u00f3n del Derecho, la variedad de int\u00e9rpretes, los tipos de interpretaci\u00f3n, antinomias, lagunas y jerarqu\u00edas normativas. Asimismo el autor desarrolla cuestiones relativas al razonamiento jur\u00eddico y la argumentaci\u00f3n de las decisiones interpretativas y propone una teor\u00eda de la interpretaci\u00f3n constitucional. La \u00faltima parte del libro est\u00e1 dedicada a analizar las controversias conceptuales, te\u00f3ricas e ideol\u00f3gicas en torno a la interpretaci\u00f3n<\/p>\n","protected":false},"excerpt":{"rendered":"<p>Evidentemente, la interpretaci\u00f3n jur\u00eddica pertenece al genero de la interpretaci\u00f3n textual. En expresiones como \u00abinterpretaci\u00f3n jur\u00eddica\u00bb, \u00abinterpretaci\u00f3n del derecho\u00bb, \u00abinterpretaci\u00f3n de la ley\u00bb, \u00abinterpretaci\u00f3n de los actos (o documentos) normativos\u00bb, \u00abinterpretaci\u00f3n de normas\u00bb y similares, el vocablo \u00abinterpretaci\u00f3n\u00bb designa grosso modo: bien la actividad de determinar o decidir el significado de alg\u00fan documento o texto Jur\u00eddico; bien el resultado o producto de dicha actividad, vale decir, el significado mismo. El libro presenta la teor\u00eda de Riccardo Guastini sobre la argumentaci\u00f3n jur\u00eddica. El autor realiza un recorrido por las cuestiones m\u00e1s relevantes en relaci\u00f3n con la tarea de interpretar: la indeterminaci\u00f3n del Derecho, la variedad de int\u00e9rpretes, los tipos de interpretaci\u00f3n, antinomias, lagunas y jerarqu\u00edas normativas. Asimismo el autor desarrolla cuestiones relativas al razonamiento jur\u00eddico y la argumentaci\u00f3n de las decisiones interpretativas y propone una teor\u00eda de la interpretaci\u00f3n constitucional. La \u00faltima parte del libro est\u00e1 dedicada a analizar las controversias conceptuales, te\u00f3ricas e ideol\u00f3gicas en torno a la interpretaci\u00f3n<\/p>\n","protected":false},"featured_media":3584,"comment_status":"open","ping_status":"closed","template":"","meta":{"inline_featured_image":false,"_joinchat":[]},"product_brand":[],"product_cat":[27],"product_tag":[],"class_list":{"0":"post-3532","1":"product","2":"type-product","3":"status-publish","4":"has-post-thumbnail","6":"product_cat-civil","7":"product_shipping_class-a-convenir","9":"first","10":"instock","11":"shipping-taxable","12":"purchasable","13":"product-type-simple"},"_links":{"self":[{"href":"https:\/\/bibliotecajuridicavirtual.cl\/index.php\/wp-json\/wp\/v2\/product\/3532","targetHints":{"allow":["GET"]}}],"collection":[{"href":"https:\/\/bibliotecajuridicavirtual.cl\/index.php\/wp-json\/wp\/v2\/product"}],"about":[{"href":"https:\/\/bibliotecajuridicavirtual.cl\/index.php\/wp-json\/wp\/v2\/types\/product"}],"replies":[{"embeddable":true,"href":"https:\/\/bibliotecajuridicavirtual.cl\/index.php\/wp-json\/wp\/v2\/comments?post=3532"}],"wp:featuredmedia":[{"embeddable":true,"href":"https:\/\/bibliotecajuridicavirtual.cl\/index.php\/wp-json\/wp\/v2\/media\/3584"}],"wp:attachment":[{"href":"https:\/\/bibliotecajuridicavirtual.cl\/index.php\/wp-json\/wp\/v2\/media?parent=3532"}],"wp:term":[{"taxonomy":"product_brand","embeddable":true,"href":"https:\/\/bibliotecajuridicavirtual.cl\/index.php\/wp-json\/wp\/v2\/product_brand?post=3532"},{"taxonomy":"product_cat","embeddable":true,"href":"https:\/\/bibliotecajuridicavirtual.cl\/index.php\/wp-json\/wp\/v2\/product_cat?post=3532"},{"taxonomy":"product_tag","embeddable":true,"href":"https:\/\/bibliotecajuridicavirtual.cl\/index.php\/wp-json\/wp\/v2\/product_tag?post=3532"}],"curies":[{"name":"wp","href":"https:\/\/api.w.org\/{rel}","templated":true}]}}