{"id":3550,"date":"2026-02-28T01:16:02","date_gmt":"2026-02-28T04:16:02","guid":{"rendered":"https:\/\/bibliotecajuridicavirtual.cl\/?post_type=product&#038;p=3550"},"modified":"2026-02-28T01:16:46","modified_gmt":"2026-02-28T04:16:46","slug":"los-seguros-de-garantia-o-caucion-ano-mayo-2024-304-pag-autor-marcelo-nasser-olea","status":"publish","type":"product","link":"https:\/\/bibliotecajuridicavirtual.cl\/index.php\/product\/los-seguros-de-garantia-o-caucion-ano-mayo-2024-304-pag-autor-marcelo-nasser-olea\/","title":{"rendered":"Los Seguros de Garant\u00eda o Cauci\u00f3n. A\u00f1o  Mayo 2024\/ 304 P\u00e1g. Autor Marcelo Nasser Olea"},"content":{"rendered":"<p style=\"font-weight: 400;\">El libro presenta un estudio completo del seguro de cauci\u00f3n, tambi\u00e9n llamado seguro de garant\u00eda, y de sus distintas tipolog\u00edas legales y contractuales. Comienza con un an\u00e1lisis detallado de las garant\u00edas civiles y mercantiles, tanto accesorias como aut\u00f3nomas o independientes.<\/p>\n<p style=\"font-weight: 400;\">Destaca un estudio paralelo del seguro de cauci\u00f3n que se ha denominado \u201ccorriente\u201d (evitando, por varias razones, utilizar la denominaci\u00f3n \u201csujeto a liquidaci\u00f3n\u201d), as\u00ed como la m\u00e1s compleja tipolog\u00eda llamada \u201ca primer requerimiento\u201d, que nuestra ley contempla expresamente en el art\u00edculo 583 inciso final del C\u00f3digo de Comercio, aun cuando existe normativa especial que lo contemplaba desde mucho antes. El legislador ha establecido la posibilidad general de pactar una garant\u00eda abstracta, desvinculada de la relaci\u00f3n jur\u00eddica subyacente o de valuta, lo que facilita el tr\u00e1fico y fortalece el sistema de garant\u00edas, m\u00e1s all\u00e1 de las cr\u00edticas que puedan hacerse sobre esta forma de gesti\u00f3n de riesgo de impago, las que suelen fundarse en argumentos de justicia material.<\/p>\n<p style=\"font-weight: 400;\">En relaci\u00f3n con esta \u00faltima tipolog\u00eda, se estudia en profundidad la excepci\u00f3n de dolo o exceptio doli que se traduce en la posibilidad de construir una defensa ante cobros abusivos de garant\u00edas a primer requerimiento, as\u00ed como el derecho que tiene el asegurador para recobrar lo que le ha sido cobrado indebidamente cuando la relaci\u00f3n de valuta ha devenido en inexistente, nula o si un tribunal decide que el tomador no hab\u00eda incumplido las obligaciones caucionadas.<\/p>\n<p style=\"font-weight: 400;\">En la \u00faltima parte del estudio, se analizan algunos problemas relativos a seguros de cauci\u00f3n en particular, enfoc\u00e1ndose en los m\u00e1s utilizados en el pa\u00eds, tales como el de correcto uso de anticipos, el de fiel cumplimiento de obligaciones que emanan de determinados contratos, los seguros vinculados con la contrataci\u00f3n del Estado para la construcci\u00f3n de obras p\u00fablicas, el seguro de cauci\u00f3n para promesas de venta de inmuebles, entre otros. Esta parte no pretende agotar el an\u00e1lisis particular de cada una de las p\u00f3lizas, sino que busca presentar un elenco de problemas de nuestro mercado de garant\u00edas asegurativas, brindando informaci\u00f3n necesaria y \u00fatil a abogados, jueces, financistas de proyectos de construcci\u00f3n e inversi\u00f3n, inmobiliarias y otros actores.<\/p>\n<p style=\"font-weight: 400;\">\n<p style=\"font-weight: 400;\"><b><strong>CAP\u00cdTULO I<\/strong><\/b><br \/>\n<b><strong>CAUCIONES O GARANT\u00cdAS PERSONALES. ACCESORIEDAD Y ABSTRACCI\u00d3N EN LAS DIVERSAS GARANT\u00cdAS<\/strong><\/b><\/p>\n<ol>\n<li style=\"font-weight: 400;\">Consideraciones preliminares sobre las garant\u00edas personales<\/li>\n<li style=\"font-weight: 400;\">Garant\u00edas personales como mecanismo de gesti\u00f3n de riesgo<\/li>\n<li style=\"font-weight: 400;\">Sobre si debe preferirse el uso de la expresi\u00f3n \u201cgarant\u00eda\u201d o \u201ccauci\u00f3n\u201d: \u00bfEs este un debate trascendente para el seguro de cauci\u00f3n?<br \/>\n3.1. El debate hist\u00f3rico<br \/>\n3.2. Cauci\u00f3n o garant\u00eda. El debate en Chile y la tradici\u00f3n francesa<\/li>\n<li style=\"font-weight: 400;\">La accesoriedad y las garant\u00edas aut\u00f3nomas o independientes: La abstracci\u00f3n es y ha sido hist\u00f3ricamente siempre una ficci\u00f3n legal<\/li>\n<li style=\"font-weight: 400;\">La ficci\u00f3n como medio de creaci\u00f3n jur\u00eddica: La garant\u00eda bancaria abstracta en el Derecho bancario romano y su influencia en las garant\u00edas independientes modernas<br \/>\n6. La ficci\u00f3n como fundamento de las garant\u00edas aut\u00f3nomas, independentes o abstractas: La \u201cutilidad\u201d como medida de la abstracci\u00f3n<\/li>\n<li style=\"font-weight: 400;\">Abstracci\u00f3n y fraude. Introducci\u00f3n a la exceptio doli<\/li>\n<\/ol>\n<p style=\"font-weight: 400;\"><b><strong>CAP\u00cdTULO II<\/strong><\/b><br \/>\n<b><strong>GARANT\u00cdAS CIVILES Y MERCANTILES EN PARTICULAR<\/strong><\/b><\/p>\n<ol start=\"8\">\n<li style=\"font-weight: 400;\">La fianza civil como sistema arquet\u00edpico de garant\u00edas personales<br \/>\n8.1. El incumplimiento de la obligaci\u00f3n principal y la fianza<br \/>\n8.2. Aplicaci\u00f3n pr\u00e1ctica de la fianza civil<\/li>\n<li style=\"font-weight: 400;\">La fianza mercantil<\/li>\n<li style=\"font-weight: 400;\">El derecho de reembolso y la subrogaci\u00f3n en la fianza<\/li>\n<li style=\"font-weight: 400;\">La solidaridad pasiva como garant\u00eda personal<\/li>\n<li style=\"font-weight: 400;\">El aval cambiario como garant\u00eda personal aut\u00f3noma o independiente<br \/>\n12.1. \u00bfA qu\u00e9 y a cu\u00e1nto se obliga el avalista?<br \/>\n12.2. Derecho de reembolso. Distinciones<\/li>\n<li style=\"font-weight: 400;\">La garant\u00eda personal prestada por sociedades an\u00f3nimas y\/o cooperativas de garant\u00eda rec\u00edproca<br \/>\n13.1. Accesoriedad de la cauci\u00f3n prestada por Instituciones de Garant\u00eda Rec\u00edproca<br \/>\n13.2. Efectos del incumplimiento del principalmente obligado<br \/>\n13.3. R\u00e9gimen de reembolso y subrogaci\u00f3n<br \/>\n14. Las cartas de cr\u00e9dito stand-by<\/li>\n<li style=\"font-weight: 400;\">Cartas de patrocinio (Comfort Letters)<br \/>\n15.1. Naturaleza supuestamente contractual de la comfort letter<br \/>\n15.2. Naturaleza supuestamente caucional de la comfort letter<\/li>\n<li style=\"font-weight: 400;\">La boleta bancaria de garant\u00eda<br \/>\n16.1. Concepto y regulaci\u00f3n de la boleta bancaria de garant\u00eda en Chile. Cr\u00edtica<br \/>\n16.2. Tipos de boleta bancaria de garant\u00eda. Obligaciones garantizadas y oportunidad de pago<br \/>\n16.3. El problema de la naturaleza jur\u00eddica de la boleta bancaria de garant\u00eda<\/li>\n<li style=\"font-weight: 400;\">Garant\u00edas de cumplimiento equiparables al seguro de cauci\u00f3n chileno, particularmente al seguro \u201ca primer requerimiento\u201d: performance bonds del Common Law<\/li>\n<\/ol>\n<p style=\"font-weight: 400;\"><b><strong>CAP\u00cdTULO III<\/strong><\/b><br \/>\n<b><strong>LOS SEGUROS DE CAUCI\u00d3N TAMBI\u00c9N LLAMADOS SEGUROS DE GARANT\u00cdA<\/strong><\/b><\/p>\n<ol start=\"18\">\n<li style=\"font-weight: 400;\">Problem\u00e1tica b\u00e1sica de los seguros de cauci\u00f3n<\/li>\n<li style=\"font-weight: 400;\">El seguro de cauci\u00f3n en la legislaci\u00f3n: M\u00e1s all\u00e1 de un concepto legal<\/li>\n<li style=\"font-weight: 400;\">Naturaleza jur\u00eddica, tipolog\u00edas y operatividad de los seguros de cauci\u00f3n. Cuestiones preliminares\n<p>21. Los seguros de cauci\u00f3n son garant\u00edas personales. La entrega de la p\u00f3liza al asegurado no configura una especie de prenda y la p\u00f3liza \u201ca primer requerimiento\u201d no es un t\u00edtulo de cr\u00e9dito<\/li>\n<li style=\"font-weight: 400;\">El cr\u00e9dito del acreedor principal en el contrato de fianza y el cr\u00e9dito del beneficiario de los seguros de cauci\u00f3n. Distinciones importantes<\/li>\n<li style=\"font-weight: 400;\">Requisitos legales para dar cobertura: \u00bfCu\u00e1ndo debe pagarse un seguro de cauci\u00f3n \u201ccorriente\u201d?<\/li>\n<li style=\"font-weight: 400;\">Actitudes que puede tomar el asegurador frente a las excepciones, alegaciones o explicaciones del tomador en el seguro de cauci\u00f3n \u201ccorriente\u201d<\/li>\n<li style=\"font-weight: 400;\">Tipolog\u00eda del seguro de cauci\u00f3n \u201ca primer requerimiento\u201d. Ineficacia de todas las excepciones emanadas de la relaci\u00f3n subyacente como efecto de la abstracci\u00f3n o independencia<\/li>\n<li style=\"font-weight: 400;\">Prohibici\u00f3n de oponer la exceptio doli en el seguro de cauci\u00f3n \u201ca primer requerimiento\u201d. Precisiones<\/li>\n<li style=\"font-weight: 400;\">La figura del asegurado en los seguros de cauci\u00f3n: inter\u00e9s, determinaci\u00f3n y particularidades<\/li>\n<li style=\"font-weight: 400;\">El asegurado no es parte del contrato de seguro de cauci\u00f3n que cede a su favor: El seguro de cauci\u00f3n es un contrato por cuenta ajena. El problema de las cargas del tercero asegurado<\/li>\n<li style=\"font-weight: 400;\">Los seguros de cauci\u00f3n son irrevocables. Problem\u00e1tica de la cesi\u00f3n<\/li>\n<li style=\"font-weight: 400;\">Capacidad del asegurado<\/li>\n<li style=\"font-weight: 400;\">El asegurado como beneficiario del seguro de cauci\u00f3n. Designaci\u00f3n<\/li>\n<li style=\"font-weight: 400;\">El seguro de cauci\u00f3n y la imperatividad del art\u00edculo 542 del C\u00f3digo de Comercio. El seguro de cauci\u00f3n no es necesariamente un seguro de libre pacto en Chile: Problemas que presenta la imperatividad en este ramo<br \/>\n32.1. Excepciones a la imperatividad y efectos en los seguros de cauci\u00f3n. Problem\u00e1tica terminol\u00f3gica y problem\u00e1tica jur\u00eddica<br \/>\n32.2. Las disposiciones contractuales sobre el pago del seguro de cauci\u00f3n \u201ca primer requerimiento\u201d no quedan sujetas a imperatividad pues establecen un evidente beneficio para el asegurado<\/li>\n<li style=\"font-weight: 400;\">Objeto del seguro de cauci\u00f3n. Diferencias con el seguro de cr\u00e9dito<\/li>\n<li style=\"font-weight: 400;\">Consensualidad del seguro de cauci\u00f3n. Problem\u00e1tica<\/li>\n<li style=\"font-weight: 400;\">El riesgo asegurado en el seguro de cauci\u00f3n<\/li>\n<li style=\"font-weight: 400;\">Deber de informaci\u00f3n previa, solicitud de antecedentes sobre el riesgo. Complejidad en los distintos tipos de seguros de cauci\u00f3n<\/li>\n<li style=\"font-weight: 400;\">M\u00e1s all\u00e1 de las declaraciones del tomador. Formas de evaluaci\u00f3n del estado del riesgo en los seguros de cauci\u00f3n<\/li>\n<li style=\"font-weight: 400;\">Complejidad de aplicar los remedios del art\u00edculo 525 del C\u00f3digo de Comercio al asegurado en un seguro de cauci\u00f3n<\/li>\n<li style=\"font-weight: 400;\">Caso del dolo del tomador en la formaci\u00f3n del consentimiento<\/li>\n<li style=\"font-weight: 400;\">Las llamadas \u201ccontragarant\u00edas\u201d y el proceso de formaci\u00f3n del consentimiento en los seguros de cauci\u00f3n<\/li>\n<li style=\"font-weight: 400;\">El corredor de seguros y su labor en la formaci\u00f3n del consentimiento en los seguros de cauci\u00f3n. Eventuales conflictos de inter\u00e9s<\/li>\n<li style=\"font-weight: 400;\">Contrataci\u00f3n a distancia en los seguros de cauci\u00f3n. Problem\u00e1tica<\/li>\n<li style=\"font-weight: 400;\">Inicio y t\u00e9rmino de la cobertura en los seguros de cauci\u00f3n<\/li>\n<li style=\"font-weight: 400;\">La indemnizaci\u00f3n en caso de siniestro. A qui\u00e9n debe hacerse el pago, y exigibilidad de la obligaci\u00f3n<\/li>\n<li style=\"font-weight: 400;\">A qui\u00e9n debe hacerse el pago en caso de reorganizaci\u00f3n o de liquidaci\u00f3n del asegurado en el seguro de cauci\u00f3n<\/li>\n<li style=\"font-weight: 400;\">Principio indemnizatorio. Calidad indemnizatoria de la obligaci\u00f3n que cede a favor del beneficiario de acuerdo con el art\u00edculo 552 inciso final del C\u00f3digo de Comercio. Divisiblidad del pago. El caso del seguro \u201ca primer requerimiento\u201d<\/li>\n<li style=\"font-weight: 400;\">Exigibilidad y prescripci\u00f3n en los seguros de cauci\u00f3n<\/li>\n<li style=\"font-weight: 400;\">Efectos del pago de la indemnizaci\u00f3n. La acci\u00f3n de reembolso. La subrogaci\u00f3n legal a favor del asegurador<br \/>\n48.1. La acci\u00f3n de reembolso del art\u00edculo 582 del C\u00f3digo de Comercio<br \/>\n48.2. La demanda ejecutiva por cobro de pagar\u00e9 en virtud de una contragarant\u00eda cumple la funci\u00f3n de reembolsar al asegurador que paga, pero no es la acci\u00f3n de reembolso del art\u00edculo 582 ni es acci\u00f3n subrogatoria<\/li>\n<li style=\"font-weight: 400;\">Problemas que pueden afectar el derecho de reembolso del asegurador cuando el tomador se encuentra en un proceso de reorganizaci\u00f3n o de liquidaci\u00f3n<\/li>\n<li style=\"font-weight: 400;\">Derecho de subrogaci\u00f3n en los seguros de cauci\u00f3n<\/li>\n<li style=\"font-weight: 400;\">El enriquecimiento injustificado del asegurado a causa de un cobro del seguro de cauci\u00f3n. El asegurado que cobra dolosamente y el asegurado que cobra con justa causa de error. El problema del abuso del derecho<br \/>\n51.1. Descarte de la acci\u00f3n subrogatoria del art\u00edculo 534 del C\u00f3digo de Comercio como medio de repetici\u00f3n en contra del asegurado<br \/>\n51.2. Acciones que pueden nacer eventualmente del finiquito o carta de pago dada por el asegurado que recibe el pago<br \/>\n51.3. Retorno a lo b\u00e1sico: Enriquecimiento injustificado del asegurado. Solve et repete<\/li>\n<li style=\"font-weight: 400;\">Deberes especiales de colaboraci\u00f3n y buena fe del asegurado de cauci\u00f3n. Agravaci\u00f3n especial del riesgo en los seguros de cauci\u00f3n y sus efectos<\/li>\n<li style=\"font-weight: 400;\">Deberes especiales de colaboraci\u00f3n y buena fe del asegurado de cauci\u00f3n. Deber de notificar el incumplimiento. \u00bfQu\u00e9 debe entenderse por notificar al asegurador \u201ctan pronto\u201d el tomador incurra en incumplimiento?<\/li>\n<li style=\"font-weight: 400;\">El r\u00e9gimen de incumplimiento de cargas del asegurado en el seguro y su aplicaci\u00f3n a posteriori en el seguro de cauci\u00f3n \u201ca primer requerimiento\u201d<\/li>\n<li style=\"font-weight: 400;\">Las sanciones o remedios se aplican seg\u00fan la gravedad que pueda atribuirse al incumplimiento del asegurado<\/li>\n<li style=\"font-weight: 400;\">Nulidad de la obligaci\u00f3n garantizada por el seguro de cauci\u00f3n. Efectos en ambas tipolog\u00edas de seguro de cauci\u00f3n<\/li>\n<li style=\"font-weight: 400;\">Soluci\u00f3n de controversias en los seguros de cauci\u00f3n<\/li>\n<li style=\"font-weight: 400;\">Obligaci\u00f3n del tomador de pagar la prima. Precisiones<\/li>\n<li style=\"font-weight: 400;\">La terminaci\u00f3n del contrato en los seguros de cauci\u00f3n. Irrevocabilidad<\/li>\n<li style=\"font-weight: 400;\">Terminaci\u00f3n del seguro de cauci\u00f3n por extinci\u00f3n sobreviniente de los riesgos. Particularidades y distinciones<\/li>\n<li style=\"font-weight: 400;\">Terminaci\u00f3n por la llegada del plazo. Extensi\u00f3n del contrato de seguro mediante endoso. Inoponibilidad al asegurador de un plazo adicional unilateralmente dado por el asegurado al tomador<\/li>\n<\/ol>\n<p style=\"font-weight: 400;\"><b><strong>CAP\u00cdTULO IV<\/strong><\/b><br \/>\n<b><strong>CUESTIONES PR\u00c1CTICAS Y DESCRIPCI\u00d3N DE ALGUNOS SEGUROS DE CAUCI\u00d3N EN PARTICULAR<\/strong><\/b><\/p>\n<ol start=\"62\">\n<li style=\"font-weight: 400;\">Seguros de cauci\u00f3n obligatorios y seguros de cauci\u00f3n voluntarios<\/li>\n<li style=\"font-weight: 400;\">Seguro de cauci\u00f3n obligatorio para desempe\u00f1ar el cargo de corredor de bolsa o de agente de valores. Particularidades de la configuraci\u00f3n del siniestro<\/li>\n<li style=\"font-weight: 400;\">Seguro de cauci\u00f3n obligatorio para corredores de seguros<\/li>\n<li style=\"font-weight: 400;\">Seguro de cauci\u00f3n obligatorio para Asesores Previsionales, Entidades de Asesor\u00eda Previsional, Asesores Financieros Previsionales o Entidades de Asesor\u00eda Financiera Previsional establecidos en la Ley N\u00ba 21.314<\/li>\n<li style=\"font-weight: 400;\">Seguro de cauci\u00f3n obligatorio para empresas de servicios transitorios<\/li>\n<li style=\"font-weight: 400;\">Seguro de cauci\u00f3n obligatorio para veedores y liquidadores concursales<\/li>\n<li style=\"font-weight: 400;\">Garant\u00edas de cierre de faenas mineras. Equivalencia funcional con otras garant\u00edas<\/li>\n<li style=\"font-weight: 400;\">Seguro de cauci\u00f3n \u201ca primer requerimiento\u201d para construcciones de obras p\u00fablicas. Equivalencia funcional con la boleta bancaria de garant\u00eda<\/li>\n<li style=\"font-weight: 400;\">Seguro de cauci\u00f3n para garantizar la devoluci\u00f3n de todo o parte del precio pagado por una promesa de compraventa de un inmueble. Problem\u00e1tica de las operaciones de \u201ccapital preferente\u201d<br \/>\n70.1. Descripci\u00f3n legal del seguro de cauci\u00f3n para promesas de compraventa de inmuebles<br \/>\n70.2. El riesgo en el seguro de cauci\u00f3n para promesas de compraventa de inmuebles. Descripci\u00f3n y l\u00edmites<br \/>\n70.3. Efectos del incumplimiento de las disposiciones del art\u00edculo 138 bis<br \/>\n70.4. Instrumentos v\u00e1lidos para garantizar la restituci\u00f3n del precio pagado. La ley no exige que el seguro de cauci\u00f3n sea \u201ca primer requerimiento\u201d. Consecuencias en casos de inimputabilidad o fuerza mayor<br \/>\n70.5. Los llamados \u201cCapitales preferentes\u201d o \u201cKP\u201d y su relaci\u00f3n con los seguros de cauci\u00f3n<\/li>\n<\/ol>\n","protected":false},"excerpt":{"rendered":"<p>El libro presenta un estudio completo del seguro de cauci\u00f3n, tambi\u00e9n llamado seguro de garant\u00eda, y de sus distintas tipolog\u00edas legales y contractuales. Comienza con un an\u00e1lisis detallado de las garant\u00edas civiles y mercantiles, tanto accesorias como aut\u00f3nomas o independientes. Destaca un estudio paralelo del seguro de cauci\u00f3n que se ha denominado \u201ccorriente\u201d (evitando, por varias razones, utilizar la denominaci\u00f3n \u201csujeto a liquidaci\u00f3n\u201d), as\u00ed como la m\u00e1s compleja tipolog\u00eda llamada \u201ca primer requerimiento\u201d, que nuestra ley contempla expresamente en el art\u00edculo 583 inciso final del C\u00f3digo de Comercio, aun cuando existe normativa especial que lo contemplaba desde mucho antes. El legislador ha establecido la posibilidad general de pactar una garant\u00eda abstracta, desvinculada de la relaci\u00f3n jur\u00eddica subyacente o de valuta, lo que facilita el tr\u00e1fico y fortalece el sistema de garant\u00edas, m\u00e1s all\u00e1 de las cr\u00edticas que puedan hacerse sobre esta forma de gesti\u00f3n de riesgo de impago, las que suelen fundarse en argumentos de justicia material. En relaci\u00f3n con esta \u00faltima tipolog\u00eda, se estudia en profundidad la excepci\u00f3n de dolo o exceptio doli que se traduce en la posibilidad de construir una defensa ante cobros abusivos de garant\u00edas a primer requerimiento, as\u00ed como el derecho que tiene el asegurador para recobrar lo que le ha sido cobrado indebidamente cuando la relaci\u00f3n de valuta ha devenido en inexistente, nula o si un tribunal decide que el tomador no hab\u00eda incumplido las obligaciones caucionadas. En la \u00faltima parte del estudio, se analizan algunos problemas relativos a seguros de cauci\u00f3n en particular, enfoc\u00e1ndose en los m\u00e1s utilizados en el pa\u00eds, tales como el de correcto uso de anticipos, el de fiel cumplimiento de obligaciones que emanan de determinados contratos, los seguros vinculados con la contrataci\u00f3n del Estado para la construcci\u00f3n de obras p\u00fablicas, el seguro de cauci\u00f3n para promesas de venta de inmuebles, entre otros. Esta parte no pretende agotar el an\u00e1lisis particular de cada una de las p\u00f3lizas, sino que busca presentar un elenco de problemas de nuestro mercado de garant\u00edas asegurativas, brindando informaci\u00f3n necesaria y \u00fatil a abogados, jueces, financistas de proyectos de construcci\u00f3n e inversi\u00f3n, inmobiliarias y otros actores. CAP\u00cdTULO I CAUCIONES O GARANT\u00cdAS PERSONALES. ACCESORIEDAD Y ABSTRACCI\u00d3N EN LAS DIVERSAS GARANT\u00cdAS Consideraciones preliminares sobre las garant\u00edas personales Garant\u00edas personales como mecanismo de gesti\u00f3n de riesgo Sobre si debe preferirse el uso de la expresi\u00f3n \u201cgarant\u00eda\u201d o \u201ccauci\u00f3n\u201d: \u00bfEs este un debate trascendente para el seguro de cauci\u00f3n? 3.1. El debate hist\u00f3rico 3.2. Cauci\u00f3n o garant\u00eda. El debate en Chile y la tradici\u00f3n francesa La accesoriedad y las garant\u00edas aut\u00f3nomas o independientes: La abstracci\u00f3n es y ha sido hist\u00f3ricamente siempre una ficci\u00f3n legal La ficci\u00f3n como medio de creaci\u00f3n jur\u00eddica: La garant\u00eda bancaria abstracta en el Derecho bancario romano y su influencia en las garant\u00edas independientes modernas 6. La ficci\u00f3n como fundamento de las garant\u00edas aut\u00f3nomas, independentes o abstractas: La \u201cutilidad\u201d como medida de la abstracci\u00f3n Abstracci\u00f3n y fraude. Introducci\u00f3n a la exceptio doli CAP\u00cdTULO II GARANT\u00cdAS CIVILES Y MERCANTILES EN PARTICULAR La fianza civil como sistema arquet\u00edpico de garant\u00edas personales 8.1. El incumplimiento de la obligaci\u00f3n principal y la fianza 8.2. Aplicaci\u00f3n pr\u00e1ctica de la fianza civil La fianza mercantil El derecho de reembolso y la subrogaci\u00f3n en la fianza La solidaridad pasiva como garant\u00eda personal El aval cambiario como garant\u00eda personal aut\u00f3noma o independiente 12.1. \u00bfA qu\u00e9 y a cu\u00e1nto se obliga el avalista? 12.2. Derecho de reembolso. Distinciones La garant\u00eda personal prestada por sociedades an\u00f3nimas y\/o cooperativas de garant\u00eda rec\u00edproca 13.1. Accesoriedad de la cauci\u00f3n prestada por Instituciones de Garant\u00eda Rec\u00edproca 13.2. Efectos del incumplimiento del principalmente obligado 13.3. R\u00e9gimen de reembolso y subrogaci\u00f3n 14. Las cartas de cr\u00e9dito stand-by Cartas de patrocinio (Comfort Letters) 15.1. Naturaleza supuestamente contractual de la comfort letter 15.2. Naturaleza supuestamente caucional de la comfort letter La boleta bancaria de garant\u00eda 16.1. Concepto y regulaci\u00f3n de la boleta bancaria de garant\u00eda en Chile. Cr\u00edtica 16.2. Tipos de boleta bancaria de garant\u00eda. Obligaciones garantizadas y oportunidad de pago 16.3. El problema de la naturaleza jur\u00eddica de la boleta bancaria de garant\u00eda Garant\u00edas de cumplimiento equiparables al seguro de cauci\u00f3n chileno, particularmente al seguro \u201ca primer requerimiento\u201d: performance bonds del Common Law CAP\u00cdTULO III LOS SEGUROS DE CAUCI\u00d3N TAMBI\u00c9N LLAMADOS SEGUROS DE GARANT\u00cdA Problem\u00e1tica b\u00e1sica de los seguros de cauci\u00f3n El seguro de cauci\u00f3n en la legislaci\u00f3n: M\u00e1s all\u00e1 de un concepto legal Naturaleza jur\u00eddica, tipolog\u00edas y operatividad de los seguros de cauci\u00f3n. Cuestiones preliminares 21. Los seguros de cauci\u00f3n son garant\u00edas personales. La entrega de la p\u00f3liza al asegurado no configura una especie de prenda y la p\u00f3liza \u201ca primer requerimiento\u201d no es un t\u00edtulo de cr\u00e9dito El cr\u00e9dito del acreedor principal en el contrato de fianza y el cr\u00e9dito del beneficiario de los seguros de cauci\u00f3n. Distinciones importantes Requisitos legales para dar cobertura: \u00bfCu\u00e1ndo debe pagarse un seguro de cauci\u00f3n \u201ccorriente\u201d? Actitudes que puede tomar el asegurador frente a las excepciones, alegaciones o explicaciones del tomador en el seguro de cauci\u00f3n \u201ccorriente\u201d Tipolog\u00eda del seguro de cauci\u00f3n \u201ca primer requerimiento\u201d. Ineficacia de todas las excepciones emanadas de la relaci\u00f3n subyacente como efecto de la abstracci\u00f3n o independencia Prohibici\u00f3n de oponer la exceptio doli en el seguro de cauci\u00f3n \u201ca primer requerimiento\u201d. Precisiones La figura del asegurado en los seguros de cauci\u00f3n: inter\u00e9s, determinaci\u00f3n y particularidades El asegurado no es parte del contrato de seguro de cauci\u00f3n que cede a su favor: El seguro de cauci\u00f3n es un contrato por cuenta ajena. El problema de las cargas del tercero asegurado Los seguros de cauci\u00f3n son irrevocables. Problem\u00e1tica de la cesi\u00f3n Capacidad del asegurado El asegurado como beneficiario del seguro de cauci\u00f3n. Designaci\u00f3n El seguro de cauci\u00f3n y la imperatividad del art\u00edculo 542 del C\u00f3digo de Comercio. El seguro de cauci\u00f3n no es necesariamente un seguro de libre pacto en Chile: Problemas que presenta la imperatividad en este ramo 32.1. Excepciones a la imperatividad y efectos en los seguros de cauci\u00f3n. Problem\u00e1tica terminol\u00f3gica y problem\u00e1tica jur\u00eddica 32.2. Las disposiciones contractuales sobre el pago del seguro de cauci\u00f3n \u201ca primer requerimiento\u201d no quedan<\/p>\n","protected":false},"featured_media":3586,"comment_status":"open","ping_status":"closed","template":"","meta":{"inline_featured_image":false,"_joinchat":[]},"product_brand":[],"product_cat":[48,42],"product_tag":[],"class_list":{"0":"post-3550","1":"product","2":"type-product","3":"status-publish","4":"has-post-thumbnail","6":"product_cat-comercial","7":"product_cat-thomson-reuters","8":"product_shipping_class-a-convenir","10":"first","11":"instock","12":"shipping-taxable","13":"purchasable","14":"product-type-simple"},"_links":{"self":[{"href":"https:\/\/bibliotecajuridicavirtual.cl\/index.php\/wp-json\/wp\/v2\/product\/3550","targetHints":{"allow":["GET"]}}],"collection":[{"href":"https:\/\/bibliotecajuridicavirtual.cl\/index.php\/wp-json\/wp\/v2\/product"}],"about":[{"href":"https:\/\/bibliotecajuridicavirtual.cl\/index.php\/wp-json\/wp\/v2\/types\/product"}],"replies":[{"embeddable":true,"href":"https:\/\/bibliotecajuridicavirtual.cl\/index.php\/wp-json\/wp\/v2\/comments?post=3550"}],"wp:featuredmedia":[{"embeddable":true,"href":"https:\/\/bibliotecajuridicavirtual.cl\/index.php\/wp-json\/wp\/v2\/media\/3586"}],"wp:attachment":[{"href":"https:\/\/bibliotecajuridicavirtual.cl\/index.php\/wp-json\/wp\/v2\/media?parent=3550"}],"wp:term":[{"taxonomy":"product_brand","embeddable":true,"href":"https:\/\/bibliotecajuridicavirtual.cl\/index.php\/wp-json\/wp\/v2\/product_brand?post=3550"},{"taxonomy":"product_cat","embeddable":true,"href":"https:\/\/bibliotecajuridicavirtual.cl\/index.php\/wp-json\/wp\/v2\/product_cat?post=3550"},{"taxonomy":"product_tag","embeddable":true,"href":"https:\/\/bibliotecajuridicavirtual.cl\/index.php\/wp-json\/wp\/v2\/product_tag?post=3550"}],"curies":[{"name":"wp","href":"https:\/\/api.w.org\/{rel}","templated":true}]}}