{"id":3551,"date":"2026-02-28T01:16:02","date_gmt":"2026-02-28T04:16:02","guid":{"rendered":"https:\/\/bibliotecajuridicavirtual.cl\/?post_type=product&#038;p=3551"},"modified":"2026-02-28T01:16:57","modified_gmt":"2026-02-28T04:16:57","slug":"revista-doctrina-y-jurisprudencia-penal-n-52-actualizacion-legislativa-penal-analisis-de-las-ultimas-reformas-2022-2023-ano-2024-102-pag-autor-varios-autores","status":"publish","type":"product","link":"https:\/\/bibliotecajuridicavirtual.cl\/index.php\/product\/revista-doctrina-y-jurisprudencia-penal-n-52-actualizacion-legislativa-penal-analisis-de-las-ultimas-reformas-2022-2023-ano-2024-102-pag-autor-varios-autores\/","title":{"rendered":"Revista Doctrina y Jurisprudencia Penal N 52 &#8211; Actualizaci\u00f3n Legislativa  Penal &#8211; An\u00e1lisis de las ultimas Reformas 2022-2023.A\u00f1o 2024 \/102 P\u00e1g. Autor Varios Autores"},"content":{"rendered":"<p style=\"font-weight: 400;\">La revista Doctrina y Jurisprudencia Penal es una revista trimestral preparada por el departamento de derecho penal de la Universidad de los Andes con la colaboraci\u00f3n de destacados acad\u00e9micos del \u00e1rea, que forman parte de su comit\u00e9 editorial.<\/p>\n<p style=\"font-weight: 400;\">Este texto aborda temas de inter\u00e9s penal y procesal penal desde una perspectiva pr\u00e1ctica. Se divide en tres secciones, una dedicada a la publicaci\u00f3n de estudios originales sobre problemas que repercuten en nuestra realidad jur\u00eddica, otra integrada por comentarios de sentencias, que se sistematizar\u00e1n seg\u00fan su origen: juzgados de garant\u00eda: tribunales orales en lo penal; corte de apelaciones y corte suprema y, finalmente, una que agrupa una serie de sentencias clasificadas y sistematizadas por tema.<\/p>\n<p style=\"font-weight: 400;\">La aspiraci\u00f3n de esta publicaci\u00f3n, y de toda la colecci\u00f3n que seguir\u00e1, es apartarse de la miscel\u00e1nea doctrinaria y jurisprudencial desarrollado temas espec\u00edficos de la parte especial y general del derecho penal. De este modo, su aparici\u00f3n es ser un aporte trimestral efectivo al trabajo de los estudiosos del derecho, pero muy especialmente a los operadores que lidian cotidianamente con estas cuestiones en nuestros tribunales de justicia.<\/p>\n<p style=\"font-weight: 400;\">Este n\u00famero es una edici\u00f3n especial que contempla solo estudios pr\u00e1cticos referidos a las principales modificaciones introducidas al derecho penal chileno durante los a\u00f1os 2022 y 2023. En ellos se abordan esas transformaciones y se reflexiona cr\u00edticamente sobre los eventuales problemas pr\u00e1cticos a los que dar\u00e1n lugar. Esta edici\u00f3n se presenta bajo el alero de la Comisi\u00f3n Penal del Colegio de Abogados de Chile, preocupada por actualizar y explicar las principales reformas penales.<\/p>\n<p style=\"font-weight: 400;\"><b><strong><em>Presentaci\u00f3n al ciclo de charlas de la Comisi\u00f3n Penal del Colegio de Abogados. Las principales modificaciones a la normativa penal y procesal penal de los a\u00f1os 2022-2023.<br \/>\n<\/em><\/strong><\/b><em>Presentation to the cycle of lectures of the Criminal Comission of the Bar Association. The main changes to the criminal law for years 2022-2023.<\/em><b><strong><em><br \/>\n<\/em><\/strong><\/b>Mar\u00eda Cecilia Ram\u00edrez Guzm\u00e1n<\/p>\n<p style=\"font-weight: 400;\"><b><strong><em>La Ley Tamara: or\u00edgenes, justificaci\u00f3n y necesidad<br \/>\n<\/em><\/strong><\/b><em>The Tamara Law: origins, justification and necessity<\/em><br \/>\nMarcelo Castillo S\u00e1nchez<\/p>\n<p style=\"font-weight: 400;\"><b><strong><em>Ley N\u00b0 21.523 (\u201cLey Antonia\u201d): Una revisi\u00f3n cr\u00edtica<br \/>\n<\/em><\/strong><\/b><em>Law N\u00b0 21.523 (&#8220;Ley Antonia&#8221;): A critical review<\/em><br \/>\nMar\u00eda Elena Santib\u00e1\u00f1ez Torres<\/p>\n<p style=\"font-weight: 400;\"><b><strong><em>Principales modificaciones a la Ley N\u00b0 20.000 que sanciona el tr\u00e1fico il\u00edcito de estupefacientes y sustancias sicotr\u00f3picas<br \/>\n<\/em><\/strong><\/b><em>Main amendments to Law N\u00b0 20.000 on illicit trafficking of narcotic drugs and psychotropic substances<\/em><br \/>\nLorena Rebolledo Latorre<\/p>\n<p style=\"font-weight: 400;\"><b><strong><em>El art\u00edculo 292 del C\u00f3digo Penal: \u00bfuna figura vetusta? Las nuevas asociaciones delictivas y criminales del C\u00f3digo Penal<br \/>\n<\/em><\/strong><\/b><em>Article 292 of the Penal Code: outdated figure? The new delinquent and criminals associations of the Penal Code<\/em><br \/>\nTania Gajardo Orellana<\/p>\n<p style=\"font-weight: 400;\"><b><strong><em>Modificaciones a la tipificaci\u00f3n penal de los apremios ileg\u00edtimos en el C\u00f3digo Penal chileno<br \/>\n<\/em><\/strong><\/b><em>Amendments to the crime concerning &#8220;apremios ileg\u00edtimos&#8221; in the Chilean penal code<\/em><br \/>\nClaudia C\u00e1rdenas Aravena<\/p>\n<p style=\"font-weight: 400;\"><b><strong><em>Aspectos problem\u00e1ticos de la leg\u00edtima defensa privilegiada<br \/>\n<\/em><\/strong><\/b><em>Problematic aspects of &#8220;leg\u00edtima defensa privilegiada&#8221;<\/em><br \/>\nIv\u00e1n Navas Mondaca<\/p>\n<p style=\"font-weight: 400;\"><b><strong><em>Aproximaci\u00f3n a la regulaci\u00f3n de los delitos ambientales en el C\u00f3digo Penal luego de la entrada en vigor de la ley de delitos econ\u00f3micos<br \/>\n<\/em><\/strong><\/b><em>Outlines on the regulation of environmental crimes in the Penal Code after the Economic Crimes Law<\/em><br \/>\nMar\u00eda Cecilia Ram\u00edrez Guzm\u00e1n<\/p>\n","protected":false},"excerpt":{"rendered":"<p>La revista Doctrina y Jurisprudencia Penal es una revista trimestral preparada por el departamento de derecho penal de la Universidad de los Andes con la colaboraci\u00f3n de destacados acad\u00e9micos del \u00e1rea, que forman parte de su comit\u00e9 editorial. Este texto aborda temas de inter\u00e9s penal y procesal penal desde una perspectiva pr\u00e1ctica. Se divide en tres secciones, una dedicada a la publicaci\u00f3n de estudios originales sobre problemas que repercuten en nuestra realidad jur\u00eddica, otra integrada por comentarios de sentencias, que se sistematizar\u00e1n seg\u00fan su origen: juzgados de garant\u00eda: tribunales orales en lo penal; corte de apelaciones y corte suprema y, finalmente, una que agrupa una serie de sentencias clasificadas y sistematizadas por tema. La aspiraci\u00f3n de esta publicaci\u00f3n, y de toda la colecci\u00f3n que seguir\u00e1, es apartarse de la miscel\u00e1nea doctrinaria y jurisprudencial desarrollado temas espec\u00edficos de la parte especial y general del derecho penal. De este modo, su aparici\u00f3n es ser un aporte trimestral efectivo al trabajo de los estudiosos del derecho, pero muy especialmente a los operadores que lidian cotidianamente con estas cuestiones en nuestros tribunales de justicia. Este n\u00famero es una edici\u00f3n especial que contempla solo estudios pr\u00e1cticos referidos a las principales modificaciones introducidas al derecho penal chileno durante los a\u00f1os 2022 y 2023. En ellos se abordan esas transformaciones y se reflexiona cr\u00edticamente sobre los eventuales problemas pr\u00e1cticos a los que dar\u00e1n lugar. Esta edici\u00f3n se presenta bajo el alero de la Comisi\u00f3n Penal del Colegio de Abogados de Chile, preocupada por actualizar y explicar las principales reformas penales. Presentaci\u00f3n al ciclo de charlas de la Comisi\u00f3n Penal del Colegio de Abogados. Las principales modificaciones a la normativa penal y procesal penal de los a\u00f1os 2022-2023. Presentation to the cycle of lectures of the Criminal Comission of the Bar Association. The main changes to the criminal law for years 2022-2023. Mar\u00eda Cecilia Ram\u00edrez Guzm\u00e1n La Ley Tamara: or\u00edgenes, justificaci\u00f3n y necesidad The Tamara Law: origins, justification and necessity Marcelo Castillo S\u00e1nchez Ley N\u00b0 21.523 (\u201cLey Antonia\u201d): Una revisi\u00f3n cr\u00edtica Law N\u00b0 21.523 (&#8220;Ley Antonia&#8221;): A critical review Mar\u00eda Elena Santib\u00e1\u00f1ez Torres Principales modificaciones a la Ley N\u00b0 20.000 que sanciona el tr\u00e1fico il\u00edcito de estupefacientes y sustancias sicotr\u00f3picas Main amendments to Law N\u00b0 20.000 on illicit trafficking of narcotic drugs and psychotropic substances Lorena Rebolledo Latorre El art\u00edculo 292 del C\u00f3digo Penal: \u00bfuna figura vetusta? Las nuevas asociaciones delictivas y criminales del C\u00f3digo Penal Article 292 of the Penal Code: outdated figure? The new delinquent and criminals associations of the Penal Code Tania Gajardo Orellana Modificaciones a la tipificaci\u00f3n penal de los apremios ileg\u00edtimos en el C\u00f3digo Penal chileno Amendments to the crime concerning &#8220;apremios ileg\u00edtimos&#8221; in the Chilean penal code Claudia C\u00e1rdenas Aravena Aspectos problem\u00e1ticos de la leg\u00edtima defensa privilegiada Problematic aspects of &#8220;leg\u00edtima defensa privilegiada&#8221; Iv\u00e1n Navas Mondaca Aproximaci\u00f3n a la regulaci\u00f3n de los delitos ambientales en el C\u00f3digo Penal luego de la entrada en vigor de la ley de delitos econ\u00f3micos Outlines on the regulation of environmental crimes in the Penal Code after the Economic Crimes Law Mar\u00eda Cecilia Ram\u00edrez Guzm\u00e1n<\/p>\n","protected":false},"featured_media":3596,"comment_status":"open","ping_status":"closed","template":"","meta":{"inline_featured_image":false,"_joinchat":[]},"product_brand":[],"product_cat":[30],"product_tag":[],"class_list":{"0":"post-3551","1":"product","2":"type-product","3":"status-publish","4":"has-post-thumbnail","6":"product_cat-penal","7":"product_shipping_class-a-convenir","9":"first","10":"instock","11":"shipping-taxable","12":"purchasable","13":"product-type-simple"},"_links":{"self":[{"href":"https:\/\/bibliotecajuridicavirtual.cl\/index.php\/wp-json\/wp\/v2\/product\/3551","targetHints":{"allow":["GET"]}}],"collection":[{"href":"https:\/\/bibliotecajuridicavirtual.cl\/index.php\/wp-json\/wp\/v2\/product"}],"about":[{"href":"https:\/\/bibliotecajuridicavirtual.cl\/index.php\/wp-json\/wp\/v2\/types\/product"}],"replies":[{"embeddable":true,"href":"https:\/\/bibliotecajuridicavirtual.cl\/index.php\/wp-json\/wp\/v2\/comments?post=3551"}],"wp:featuredmedia":[{"embeddable":true,"href":"https:\/\/bibliotecajuridicavirtual.cl\/index.php\/wp-json\/wp\/v2\/media\/3596"}],"wp:attachment":[{"href":"https:\/\/bibliotecajuridicavirtual.cl\/index.php\/wp-json\/wp\/v2\/media?parent=3551"}],"wp:term":[{"taxonomy":"product_brand","embeddable":true,"href":"https:\/\/bibliotecajuridicavirtual.cl\/index.php\/wp-json\/wp\/v2\/product_brand?post=3551"},{"taxonomy":"product_cat","embeddable":true,"href":"https:\/\/bibliotecajuridicavirtual.cl\/index.php\/wp-json\/wp\/v2\/product_cat?post=3551"},{"taxonomy":"product_tag","embeddable":true,"href":"https:\/\/bibliotecajuridicavirtual.cl\/index.php\/wp-json\/wp\/v2\/product_tag?post=3551"}],"curies":[{"name":"wp","href":"https:\/\/api.w.org\/{rel}","templated":true}]}}