{"id":3552,"date":"2026-02-28T01:16:02","date_gmt":"2026-02-28T04:16:02","guid":{"rendered":"https:\/\/bibliotecajuridicavirtual.cl\/?post_type=product&#038;p=3552"},"modified":"2026-02-28T01:16:59","modified_gmt":"2026-02-28T04:16:59","slug":"datos-personales-en-el-estado-administrados-contribuyentes-y-funcionarios-publicos-ano-mayo-2024-470-pag-autor-renato-jijena-leiva","status":"publish","type":"product","link":"https:\/\/bibliotecajuridicavirtual.cl\/index.php\/product\/datos-personales-en-el-estado-administrados-contribuyentes-y-funcionarios-publicos-ano-mayo-2024-470-pag-autor-renato-jijena-leiva\/","title":{"rendered":"Datos Personales en el Estado &#8211; Administrados Contribuyentes y Funcionarios P\u00fablicos. A\u00f1o Mayo 2024\/ 470 P\u00e1g. Autor Renato Jijena Leiva"},"content":{"rendered":"<p style=\"font-weight: 400;\">Se alude a \u201cDatos Personales en el Estado\u201d porque la obra se instala en el contexto del tratamiento que de ellos realizan en calidad de Responsables de Datos los servicios p\u00fablicos en general y la Administraci\u00f3n Tributaria en particular. Todos, \u00f3rganos habilitados expresamente o legitimados por la ley para tratar datos personales y cumplir con sus fines promocionales y asistenciales, de los administrados, de los contribuyentes y de sus funcionarios.<\/p>\n<p style=\"font-weight: 400;\">El marco jur\u00eddico constitucional legal general de la Ley N\u00b0 19.628 y el complemento de diversas leyes especiales que se analizan in extenso, subsumen a cualquier antecedente de una persona natural y titular de los datos que la identifiquen. Los ciudadanos o \u201cadministrados\u201d, los \u201ccontribuyentes\u201d en materia tributaria y los funcionarios p\u00fablicos, como punto de partida o base de la construcci\u00f3n jur\u00eddica, poseen desde el a\u00f1o 2018 un derecho fundamental a la Protecci\u00f3n de Datos Personales, aut\u00f3nomo y diverso de la vida privada.<\/p>\n<p style=\"font-weight: 400;\">En apenas seis cap\u00edtulos, se analiza el contenido y los alcances de la tutela constitucional; los roles, deberes, obligaciones y restricciones que asumen los servicios p\u00fablicos al tratar informaci\u00f3n nominativa; las acciones constitucionales, legales y tributarias y los procedimientos que poseen los titulares para autodeterminar el tratamiento; las posibles sanciones asociadas en caso de negligencia de los responsables y el futuro rol de una Agencia de PDP.<\/p>\n<p style=\"font-weight: 400;\">La obra, tiene el m\u00e9rito de analizar los fundamentos y las exigencias de la ley vigente y anticiparse \u2212para relacionarlos\u2212 a los cambios legislativos propuestos en actual tr\u00e1mite parlamentario y que entrar\u00e1n en vigencia en el a\u00f1o 2026<\/p>\n<p style=\"font-weight: 400;\"><b><strong>CAP\u00cdTULO PRIMERO<\/strong><\/b><br \/>\n<b><strong>EL DERECHO FUNDAMENTAL A LA PROTECCI\u00d3N DE DATOS PERSONALES DE LOS ADMINISTRADOS Y CONTRIBUYENTES PERSONAS NATURALES<\/strong><\/b><\/p>\n<ol>\n<li style=\"font-weight: 400;\">Generalidades. La influencia del Tribunal Constitucional espa\u00f1ol en Chile<br \/>\nB. Las diferencias jur\u00eddicas entre el DF a la PDP y el Derecho Fundamental a la Vida Privada. Contenidos del DF a la protecci\u00f3n de datos personales<br \/>\nC. El Principio a la Autodeterminaci\u00f3n Informativa se desarrolla en Chile vinculado al Derecho Fundamental a la Vida Privada o Intimidad<br \/>\nD. El Habeas Data o Derecho de Acceso a los Datos Personales: un mecanismo procesal id\u00f3neo para materializar el Derecho a la Autodeterminaci\u00f3n Informativa y tutelar la Protecci\u00f3n de Datos Personales<br \/>\nE. La pendiente consagraci\u00f3n constitucional del Habeas Data<br \/>\nF. El caso del RUT. Un dato personal per se p\u00fablico que tambi\u00e9n puede ser considerado un Derecho Fundamental<\/li>\n<\/ol>\n<p style=\"font-weight: 400;\"><b><strong>CAP\u00cdTULO SEGUNDO<\/strong><\/b><br \/>\n<b><strong>BASES DEL TRATAMIENTO DE DP EN EL ESTADO. CONTEXTO, CONCEPTOS, ROLES Y PRINCIPIOS<\/strong><\/b><\/p>\n<ol start=\"19\">\n<li style=\"font-weight: 400;\">Generalidades y visi\u00f3n de contexto<br \/>\nB. Conceptos esenciales: Datos Personales, Tratamiento de Datos, Fuentes P\u00fablicas y Responsables y Encargados de Bases de Datos<br \/>\nC. Datos personales p\u00fablicos, secretos o reservados y confidenciales. Aplicaci\u00f3n jur\u00eddica de la Teor\u00eda de las Esferas<br \/>\nD. Propiedad del administrado y\/o del contribuyente o titularidad dominical sobre sus datos personales<br \/>\nE. Principios espec\u00edficos y relevantes en la gesti\u00f3n y el tratamiento de los datos personales de los ciudadanos titulares, propietarios, interesados (en t\u00e9rminos del RGPD) y\/o contribuyentes<br \/>\nF. Aplicaci\u00f3n concreta de las categor\u00edas de la Ley N\u00ba 19.628 vigente y de su modificaci\u00f3n en curso a los OP (breve contexto)<br \/>\nG. Restricciones a la transferencia internacional de DP de los administrados por los OP. El cloud computing<br \/>\nH. Restricciones a la transparencia algor\u00edtmica de los DP de los administrados y\/o gobernados<br \/>\nI. Restricciones al Open Data, al acceso abierto o a la reutilizaci\u00f3n de los DP de los administrados (referencia)<br \/>\nJ. Tratamientos de DP carentes de fundamentos de Derecho P\u00fablico. Casos concretos<\/li>\n<\/ol>\n<p style=\"font-weight: 400;\"><b><strong>CAP\u00cdTULO TERCERO<\/strong><\/b><br \/>\n<b><strong>ACCIONES Y RECURSOS DE TUTELA, CONSTITUCIONALES, DE LA LEY DE PDP Y ESPECIALES TRIBUTARIOS<\/strong><\/b><\/p>\n<ol start=\"19\">\n<li style=\"font-weight: 400;\">Generalidades<br \/>\nB. El Recurso o la Acci\u00f3n Cautelar de Protecci\u00f3n del art\u00edculo 20 de la Constituci\u00f3n de 1980<br \/>\nC. El Derecho de Acceso o Habeas Data y sus derivados en la Ley N\u00ba 19.628. Los Derechos ARCO o los derechos de los administrados y\/o contribuyentes en sede de PDP<br \/>\nD. Los derechos de los interesados contemplados en el RGPD europeo y en la LOPDYGDD de Espa\u00f1a (referencia)<br \/>\nE. Los derechos de los titulares de DP y\/o contribuyentes en la modificada ley de PDP proyectada para Chile<br \/>\nF. Acciones derivadas los derechos propiamente tributarios de los contribuyentes<\/li>\n<\/ol>\n<p style=\"font-weight: 400;\"><b><strong>CAP\u00cdTULO CUARTO<\/strong><\/b><br \/>\n<b><strong>LOS OP COMO RESPONSABLES DE TRATAMIENTO DE DP EN EL MARCO DE LA LEY N\u00ba 19.628 Y DE LAS NORMAS TRIBUTARIAS<\/strong><\/b><\/p>\n<ol>\n<li style=\"font-weight: 400;\">Generalidades<br \/>\nB. Legitimaci\u00f3n particular del tratamiento de los DP en el sector p\u00fablico<br \/>\nC. Afectaci\u00f3n a los organismos p\u00fablicos en general y a los OAE en particular de la obligaci\u00f3n general y transversal de secreto o confidencialidad exclusivamente en sede de la PDP de las personas naturales<br \/>\nD. Exigencias de Gesti\u00f3n de Seguridad de la Informaci\u00f3n y de Ciberseguridad para el tratamiento diligente on line de datos personales de los contribuyentes y\/o administrados. Las previas y obligatorias Evaluaciones de Impacto y las posteriores notificaciones de brechas de seguridad<br \/>\nE. Cumplimiento especial del Principio de Finalidad por los OP en general y por el SII en particular<br \/>\nF. \u00bfAplican las normas de PDP a los contribuyentes empresas o personas jur\u00eddicas, especialmente ante el tenor del art\u00edculo 8\u00ba bis N\u00ba 9 del C\u00f3digo Tributario?<br \/>\nG. Secreto bancario, Secreto y Reserva Tributaria. El Oficio Circular N\u00ba 35 del SII<br \/>\nH. El resguardo de la identidad digital de los administrados &#8211; contribuyentes y la confidencialidad de sus credenciales<br \/>\nI. Condiciones habilitantes y cuestionamientos en materia de elaboraci\u00f3n de perfiles automatizados<br \/>\nJ. Sobre los convenios de intercambio de informaci\u00f3n entre servicios p\u00fablicos y con particulares<br \/>\nK. Tratamiento de datos personales en el sitio web del SII: la importancia de una declaraci\u00f3n informativa de tratamiento de DP on line, que ya no es una Pol\u00edtica de Privacidad<br \/>\nL. Datos personales relativos a condenas por delitos, infracciones administrativas o faltas disciplinarias<br \/>\nM. El modelo de la AEAT y la influencia del RGPD en la nueva determinaci\u00f3n legal propuesta de deberes y obligaciones para el SII o para los OAE en general<br \/>\nN. Tratamiento de los DP de los funcionarios p\u00fablicos<\/li>\n<\/ol>\n<p style=\"font-weight: 400;\"><b><strong>CAP\u00cdTULO QUINTO<\/strong><\/b><br \/>\n<b><strong>RESPONSABILIDADES, PROCEDIMIENTOS Y SANCIONES PARA LOS OP<\/strong><\/b><\/p>\n<ol start=\"19\">\n<li style=\"font-weight: 400;\">Generalidades<br \/>\nB. Responsabilidad general y particular de los servicios p\u00fablicos, proyectables al tratamiento de DP<br \/>\nC. Contenido, alcances y aplicaci\u00f3n de la acci\u00f3n de indemnizaci\u00f3n de perjuicios del art\u00edculo 23 de la Ley N\u00ba 19.628<br \/>\nD. Responsabilidades especiales, procedimientos y sanciones para la Ley N\u00ba 19.628 modificada<\/li>\n<\/ol>\n<p style=\"font-weight: 400;\"><b><strong>CAP\u00cdTULO SEXTO<\/strong><\/b><br \/>\n<b><strong>SOBRE LA NECESARIA ORG\u00c1NICA DE LAS LEYES DEL PDP O LA EXISTENCIA ESENCIAL DE UNA AUTORIDAD DE CONTROL<\/strong><\/b><\/p>\n<ol>\n<li style=\"font-weight: 400;\">Generalidades<br \/>\nB. Los criterios de la RIPD en materia de autoridades de control<br \/>\nC. Funciones esenciales de la proyectada Agencia chilena de Protecci\u00f3n de Datos Personales<br \/>\nD. Sobre la desnaturalizaci\u00f3n del Consejo para la Transparencia y su intento de convertirlo, simult\u00e1neamente, en la Autoridad de Control de PDP en Chile<br \/>\nE. Acerca de una \u201cInstrucci\u00f3n\u201d ilegal disfrazada de \u201cRecomendaci\u00f3n\u201d en materia de protecci\u00f3n de datos personales emanada del Consejo<\/li>\n<\/ol>\n","protected":false},"excerpt":{"rendered":"<p>Se alude a \u201cDatos Personales en el Estado\u201d porque la obra se instala en el contexto del tratamiento que de ellos realizan en calidad de Responsables de Datos los servicios p\u00fablicos en general y la Administraci\u00f3n Tributaria en particular. Todos, \u00f3rganos habilitados expresamente o legitimados por la ley para tratar datos personales y cumplir con sus fines promocionales y asistenciales, de los administrados, de los contribuyentes y de sus funcionarios. El marco jur\u00eddico constitucional legal general de la Ley N\u00b0 19.628 y el complemento de diversas leyes especiales que se analizan in extenso, subsumen a cualquier antecedente de una persona natural y titular de los datos que la identifiquen. Los ciudadanos o \u201cadministrados\u201d, los \u201ccontribuyentes\u201d en materia tributaria y los funcionarios p\u00fablicos, como punto de partida o base de la construcci\u00f3n jur\u00eddica, poseen desde el a\u00f1o 2018 un derecho fundamental a la Protecci\u00f3n de Datos Personales, aut\u00f3nomo y diverso de la vida privada. En apenas seis cap\u00edtulos, se analiza el contenido y los alcances de la tutela constitucional; los roles, deberes, obligaciones y restricciones que asumen los servicios p\u00fablicos al tratar informaci\u00f3n nominativa; las acciones constitucionales, legales y tributarias y los procedimientos que poseen los titulares para autodeterminar el tratamiento; las posibles sanciones asociadas en caso de negligencia de los responsables y el futuro rol de una Agencia de PDP. La obra, tiene el m\u00e9rito de analizar los fundamentos y las exigencias de la ley vigente y anticiparse \u2212para relacionarlos\u2212 a los cambios legislativos propuestos en actual tr\u00e1mite parlamentario y que entrar\u00e1n en vigencia en el a\u00f1o 2026 CAP\u00cdTULO PRIMERO EL DERECHO FUNDAMENTAL A LA PROTECCI\u00d3N DE DATOS PERSONALES DE LOS ADMINISTRADOS Y CONTRIBUYENTES PERSONAS NATURALES Generalidades. La influencia del Tribunal Constitucional espa\u00f1ol en Chile B. Las diferencias jur\u00eddicas entre el DF a la PDP y el Derecho Fundamental a la Vida Privada. Contenidos del DF a la protecci\u00f3n de datos personales C. El Principio a la Autodeterminaci\u00f3n Informativa se desarrolla en Chile vinculado al Derecho Fundamental a la Vida Privada o Intimidad D. El Habeas Data o Derecho de Acceso a los Datos Personales: un mecanismo procesal id\u00f3neo para materializar el Derecho a la Autodeterminaci\u00f3n Informativa y tutelar la Protecci\u00f3n de Datos Personales E. La pendiente consagraci\u00f3n constitucional del Habeas Data F. El caso del RUT. Un dato personal per se p\u00fablico que tambi\u00e9n puede ser considerado un Derecho Fundamental CAP\u00cdTULO SEGUNDO BASES DEL TRATAMIENTO DE DP EN EL ESTADO. CONTEXTO, CONCEPTOS, ROLES Y PRINCIPIOS Generalidades y visi\u00f3n de contexto B. Conceptos esenciales: Datos Personales, Tratamiento de Datos, Fuentes P\u00fablicas y Responsables y Encargados de Bases de Datos C. Datos personales p\u00fablicos, secretos o reservados y confidenciales. Aplicaci\u00f3n jur\u00eddica de la Teor\u00eda de las Esferas D. Propiedad del administrado y\/o del contribuyente o titularidad dominical sobre sus datos personales E. Principios espec\u00edficos y relevantes en la gesti\u00f3n y el tratamiento de los datos personales de los ciudadanos titulares, propietarios, interesados (en t\u00e9rminos del RGPD) y\/o contribuyentes F. Aplicaci\u00f3n concreta de las categor\u00edas de la Ley N\u00ba 19.628 vigente y de su modificaci\u00f3n en curso a los OP (breve contexto) G. Restricciones a la transferencia internacional de DP de los administrados por los OP. El cloud computing H. Restricciones a la transparencia algor\u00edtmica de los DP de los administrados y\/o gobernados I. Restricciones al Open Data, al acceso abierto o a la reutilizaci\u00f3n de los DP de los administrados (referencia) J. Tratamientos de DP carentes de fundamentos de Derecho P\u00fablico. Casos concretos CAP\u00cdTULO TERCERO ACCIONES Y RECURSOS DE TUTELA, CONSTITUCIONALES, DE LA LEY DE PDP Y ESPECIALES TRIBUTARIOS Generalidades B. El Recurso o la Acci\u00f3n Cautelar de Protecci\u00f3n del art\u00edculo 20 de la Constituci\u00f3n de 1980 C. El Derecho de Acceso o Habeas Data y sus derivados en la Ley N\u00ba 19.628. Los Derechos ARCO o los derechos de los administrados y\/o contribuyentes en sede de PDP D. Los derechos de los interesados contemplados en el RGPD europeo y en la LOPDYGDD de Espa\u00f1a (referencia) E. Los derechos de los titulares de DP y\/o contribuyentes en la modificada ley de PDP proyectada para Chile F. Acciones derivadas los derechos propiamente tributarios de los contribuyentes CAP\u00cdTULO CUARTO LOS OP COMO RESPONSABLES DE TRATAMIENTO DE DP EN EL MARCO DE LA LEY N\u00ba 19.628 Y DE LAS NORMAS TRIBUTARIAS Generalidades B. Legitimaci\u00f3n particular del tratamiento de los DP en el sector p\u00fablico C. Afectaci\u00f3n a los organismos p\u00fablicos en general y a los OAE en particular de la obligaci\u00f3n general y transversal de secreto o confidencialidad exclusivamente en sede de la PDP de las personas naturales D. Exigencias de Gesti\u00f3n de Seguridad de la Informaci\u00f3n y de Ciberseguridad para el tratamiento diligente on line de datos personales de los contribuyentes y\/o administrados. Las previas y obligatorias Evaluaciones de Impacto y las posteriores notificaciones de brechas de seguridad E. Cumplimiento especial del Principio de Finalidad por los OP en general y por el SII en particular F. \u00bfAplican las normas de PDP a los contribuyentes empresas o personas jur\u00eddicas, especialmente ante el tenor del art\u00edculo 8\u00ba bis N\u00ba 9 del C\u00f3digo Tributario? G. Secreto bancario, Secreto y Reserva Tributaria. El Oficio Circular N\u00ba 35 del SII H. El resguardo de la identidad digital de los administrados &#8211; contribuyentes y la confidencialidad de sus credenciales I. Condiciones habilitantes y cuestionamientos en materia de elaboraci\u00f3n de perfiles automatizados J. Sobre los convenios de intercambio de informaci\u00f3n entre servicios p\u00fablicos y con particulares K. Tratamiento de datos personales en el sitio web del SII: la importancia de una declaraci\u00f3n informativa de tratamiento de DP on line, que ya no es una Pol\u00edtica de Privacidad L. Datos personales relativos a condenas por delitos, infracciones administrativas o faltas disciplinarias M. El modelo de la AEAT y la influencia del RGPD en la nueva determinaci\u00f3n legal propuesta de deberes y obligaciones para el SII o para los OAE en general N. Tratamiento de los DP de los funcionarios p\u00fablicos CAP\u00cdTULO QUINTO RESPONSABILIDADES, PROCEDIMIENTOS Y SANCIONES PARA LOS OP Generalidades B. Responsabilidad general y particular de los servicios p\u00fablicos,<\/p>\n","protected":false},"featured_media":3597,"comment_status":"open","ping_status":"closed","template":"","meta":{"inline_featured_image":false,"_joinchat":[]},"product_brand":[],"product_cat":[45],"product_tag":[],"class_list":{"0":"post-3552","1":"product","2":"type-product","3":"status-publish","4":"has-post-thumbnail","6":"product_cat-administrativo","7":"product_shipping_class-a-convenir","9":"first","10":"instock","11":"shipping-taxable","12":"purchasable","13":"product-type-simple"},"_links":{"self":[{"href":"https:\/\/bibliotecajuridicavirtual.cl\/index.php\/wp-json\/wp\/v2\/product\/3552","targetHints":{"allow":["GET"]}}],"collection":[{"href":"https:\/\/bibliotecajuridicavirtual.cl\/index.php\/wp-json\/wp\/v2\/product"}],"about":[{"href":"https:\/\/bibliotecajuridicavirtual.cl\/index.php\/wp-json\/wp\/v2\/types\/product"}],"replies":[{"embeddable":true,"href":"https:\/\/bibliotecajuridicavirtual.cl\/index.php\/wp-json\/wp\/v2\/comments?post=3552"}],"wp:featuredmedia":[{"embeddable":true,"href":"https:\/\/bibliotecajuridicavirtual.cl\/index.php\/wp-json\/wp\/v2\/media\/3597"}],"wp:attachment":[{"href":"https:\/\/bibliotecajuridicavirtual.cl\/index.php\/wp-json\/wp\/v2\/media?parent=3552"}],"wp:term":[{"taxonomy":"product_brand","embeddable":true,"href":"https:\/\/bibliotecajuridicavirtual.cl\/index.php\/wp-json\/wp\/v2\/product_brand?post=3552"},{"taxonomy":"product_cat","embeddable":true,"href":"https:\/\/bibliotecajuridicavirtual.cl\/index.php\/wp-json\/wp\/v2\/product_cat?post=3552"},{"taxonomy":"product_tag","embeddable":true,"href":"https:\/\/bibliotecajuridicavirtual.cl\/index.php\/wp-json\/wp\/v2\/product_tag?post=3552"}],"curies":[{"name":"wp","href":"https:\/\/api.w.org\/{rel}","templated":true}]}}