{"id":3555,"date":"2026-02-28T01:16:02","date_gmt":"2026-02-28T04:16:02","guid":{"rendered":"https:\/\/bibliotecajuridicavirtual.cl\/?post_type=product&#038;p=3555"},"modified":"2026-02-28T01:17:08","modified_gmt":"2026-02-28T04:17:08","slug":"clausulas-abusivas-y-control-de-contenido-una-mirada-desde-derecho-civil-ano-mayo-2024-261-pag-autor-vicente-manuel-alvarez-norambuena","status":"publish","type":"product","link":"https:\/\/bibliotecajuridicavirtual.cl\/index.php\/product\/clausulas-abusivas-y-control-de-contenido-una-mirada-desde-derecho-civil-ano-mayo-2024-261-pag-autor-vicente-manuel-alvarez-norambuena\/","title":{"rendered":"Clausulas Abusivas y Control de Contenido &#8211; Una Mirada desde Derecho Civil. A\u00f1o Mayo 2024\/ 261 P\u00e1g. Autor  Vicente Manuel \u00c1lvarez Norambuena"},"content":{"rendered":"<p style=\"font-weight: 400;\">La presente obra tiene por objeto analizar el control de las cl\u00e1usulas abusivas en los contratos con consumidores, a la luz de la normativa de la Ley 19.496. El estudio se plantea desde la perspectiva de que la regulaci\u00f3n de la contrataci\u00f3n bajo condiciones generales, m\u00e1s que una norma de consumidores, es una problem\u00e1tica propia del derecho civil. Se parte por los primeros antecedentes en el derecho europeo, esto es la elaboraci\u00f3n doctrinaria y jurisprudencial que se llev\u00f3 a cabo a partir del C\u00f3digo Civil alem\u00e1n (B\u00fcrgerliches Gesetzbuch, conocido tambi\u00e9n como BGB). A continuaci\u00f3n, se realiza un an\u00e1lisis del desarrollo de las legislaciones de Europa continental. Finalmente, se explica a la luz de los antedichos desarrollos europeos, la norma chilena.<\/p>\n<p style=\"font-weight: 400;\">El trabajo espera ser un aporte a la aplicaci\u00f3n de la legislaci\u00f3n vigente, tanto por jueces como por abogados, y ser un anticipo de reformas que a nuestro juicio, tarde o temprano, se llevar\u00e1n a cabo en nuestro medio.<\/p>\n<p style=\"font-weight: 400;\"><b><strong>CAP\u00cdTULO I<\/strong><\/b><br \/>\n<b><strong>PRECISIONES DOGM\u00c1TICAS PRELIMINARES<\/strong><\/b><\/p>\n<ol>\n<li style=\"font-weight: 400;\">Plan de exposici\u00f3n<br \/>\n2. Contexto del desarrollo de la contrataci\u00f3n cl\u00e1sica<br \/>\n3. Principios subyacentes a la codificaci\u00f3n<br \/>\n4. Autonom\u00eda de la voluntad y autonom\u00eda privada<br \/>\n5. Libertad contractual y sus consecuencias<br \/>\n6. L\u00edmites tradicionales de la autonom\u00eda privada<br \/>\n7. L\u00edmites tradicionales de la autonom\u00eda privada. Ley<br \/>\n8. L\u00edmites tradicionales de la autonom\u00eda privada. Orden p\u00fablico<br \/>\n9. Concepto sociol\u00f3gico de orden p\u00fablico<br \/>\n10. L\u00edmites tradicionales de la autonom\u00eda privada. Buenas costumbres<br \/>\n11. Igualdad de partes y libre discusi\u00f3n de los contratos<br \/>\n12. Libre discusi\u00f3n de los contratos y relaciones de tr\u00e1fico<br \/>\n13. Teor\u00eda econ\u00f3mica. \u00bfLibre discusi\u00f3n?<br \/>\n14. Mercados con competencia perfecta, monopolio y posici\u00f3n dominante<br \/>\n15. Oligopolios<br \/>\n16. Teor\u00eda del bazar o del zoco<br \/>\n17. Conclusi\u00f3n. Tres tipos de contrataci\u00f3n<br \/>\n18. Reacciones al abuso de la autonom\u00eda privada en el siglo XX<br \/>\n19. Voluntad real y voluntad declarada<br \/>\n20. Continuaci\u00f3n. Derecho positivo<\/li>\n<\/ol>\n<p style=\"font-weight: 400;\"><b><strong>CAP\u00cdTULO II<\/strong><\/b><br \/>\n<b><strong>CONTRATOS DE ADHESI\u00d3N Y CONDICIONES GENERALES DE CONTRATACI\u00d3N<\/strong><\/b><\/p>\n<ol start=\"21\">\n<li style=\"font-weight: 400;\">Precisiones terminol\u00f3gicas<br \/>\n22. Econom\u00eda industrial y producci\u00f3n en masa<br \/>\n23. Funciones de las condiciones generales de contrataci\u00f3n<br \/>\n24. Problemas del uso de las condiciones generales de contrataci\u00f3n<br \/>\n25. Actitud del adherente. No lectura de los contratos<br \/>\n26. \u00bfMercado de condiciones generales de contrataci\u00f3n? Mercado de limones y defensa de la competencia<br \/>\n27. Justificaci\u00f3n del tratamiento separado de las condiciones generales de contrataci\u00f3n y los contratos de adhesi\u00f3n<br \/>\n28. Concepto de contrato de adhesi\u00f3n<br \/>\n29. Teor\u00edas anticontractualistas<br \/>\n30. Posici\u00f3n de Dereux<br \/>\n31. Teor\u00eda contractualista<br \/>\n32. Condiciones generales de contrataci\u00f3n. Caracter\u00edsticas<br \/>\n33. Teor\u00edas normativistas<br \/>\n34. Posici\u00f3n de Garrigues<br \/>\n35. Tesis contractualista<\/li>\n<\/ol>\n<p style=\"font-weight: 400;\"><b><strong>CAP\u00cdTULO III<\/strong><\/b><br \/>\n<b><strong>MECANISMOS DE CONTROL DE LA CONTRATACI\u00d3N BAJO CONDICIONES GENERALES<\/strong><\/b><\/p>\n<ol start=\"36\">\n<li style=\"font-weight: 400;\">Tipos de control<br \/>\n37. Controles preventivos voluntarios<br \/>\n38. Controles preventivos administrativos<br \/>\n39. Control represivo<\/li>\n<\/ol>\n<p><b><strong>CAP\u00cdTULO IV<\/strong><\/b><br \/>\n<b><strong>CONTROL JUDICIAL REPRESIVO DE LA CONTRATACI\u00d3N BAJO CONDICIONES GENERALES. \u00c1MBITO DE APLICACI\u00d3N<\/strong><\/b><\/p>\n<ul>\n<li style=\"font-weight: 400;\">Generalidades. Concepto de consumidor<br \/>\n41. Consumidor como destinatario final<br \/>\n42. Consumidor como persona jur\u00eddica<br \/>\n43. Adquisici\u00f3n onerosa del consumidor<br \/>\n44. Concepto de proveedor<br \/>\n45. El precio o tarifa<br \/>\n46. \u00c1mbito objetivo. Regulaci\u00f3n original de la Ley No 19.496<br \/>\n47. Regulaci\u00f3n actual<br \/>\n48. La regulaci\u00f3n especial como excepci\u00f3n a la aplicaci\u00f3n de la Ley No 19.496<br \/>\n49. La regulaci\u00f3n especial como norma administrativa<br \/>\n50. Aplicaci\u00f3n de la Ley No 19.496 a las PYMES. Reflexiones de lege ferenda<\/li>\n<\/ul>\n<p>&nbsp;<\/p>\n<p style=\"font-weight: 400;\">Objeto Espec\u00edfico de la Regulaci\u00f3n: Concepto de Cl\u00e1usula<\/p>\n<ol start=\"51\">\n<li style=\"font-weight: 400;\">Cl\u00e1usula en sentido formal<br \/>\n52. Cl\u00e1usula en sentido material<\/li>\n<\/ol>\n<p style=\"font-weight: 400;\"><b><strong>CAP\u00cdTULO V<\/strong><\/b><br \/>\n<b><strong>CONTROL JUDICIAL REPRESIVO DE LA CONTRATACI\u00d3N BAJO CONDICIONES GENERALES DE CONTRATACI\u00d3N. BUENA FE Y CONTROL DE INCLUSI\u00d3N<\/strong><\/b><\/p>\n<ol start=\"53\">\n<li style=\"font-weight: 400;\">Plan de exposici\u00f3n<br \/>\n54. Noci\u00f3n de buena fe<br \/>\n55. L\u00edmites de la buena fe como cl\u00e1usula general. El peligro de absorci\u00f3n<br \/>\n56. Noci\u00f3n de buena fe subjetiva<br \/>\n57. Aplicaciones de la buena de subjetiva<br \/>\n58. Noci\u00f3n de buena fe objetiva<br \/>\n59. Visi\u00f3n unitaria de la buena fe<br \/>\n60. Aplicaci\u00f3n de la buena fe objetiva a la predisposici\u00f3n<br \/>\n61. Buena fe precontractual. Tratos preliminares<\/li>\n<li style=\"font-weight: 400;\">Buena fe precontractual. Aspectos hist\u00f3ricos<br \/>\n63. Clase de buena fe aplicable a los tratos preliminares<br \/>\n64. Efecto de la infracci\u00f3n de los deberes de la buena fe precontractual<br \/>\n65. Deberes precontractuales concretos<br \/>\n66. Deberes de informaci\u00f3n y el principio caveat emptor<br \/>\n67. Deberes de informaci\u00f3n t\u00edpicos<br \/>\n68. Deberes de informaci\u00f3n at\u00edpicos. Contenido y presuposiciones contractuales<br \/>\n69. L\u00edmites del deber de informar<br \/>\n70. L\u00edmites del deber de informar. Continuaci\u00f3n<br \/>\n71. Tratos preliminares y presuposiciones contractuales<br \/>\n72. Aproximaci\u00f3n a la buena fe contractual. Control de Inclusi\u00f3n<br \/>\n73. Insuficiencia de la teor\u00eda del espejo<br \/>\n74. Conocimiento efectivo y cognoscibilidad<br \/>\n75. Conocimiento efectivo y cognoscibilidad. Derecho italiano<br \/>\n76. Principio de autorresponsabilidad. Aplicaci\u00f3n y l\u00edmites<br \/>\n77. Autorresponsabilidad, wissenm\u00fcnssen Formel<br \/>\n78. Autorresponsabilidad. Relaciones entre empresarios<br \/>\n79. Autorresponsabilidad. Supuestos de plena responsabilidad<br \/>\n80. Deberes de informaci\u00f3n y cargas de publicidad<br \/>\n81. Aspectos del control de inclusi\u00f3n<br \/>\n82. Control de inclusi\u00f3n en el derecho alem\u00e1n<br \/>\n83. Control de inclusi\u00f3n en Espa\u00f1a. Normas aplicables<br \/>\n84. Control de Inclusi\u00f3n en Espa\u00f1a. Cognoscibilidad en contratos celebrados por escrito<br \/>\n85. Control de Inclusi\u00f3n en Espa\u00f1a. Cognoscibilidad en contratos no celebrados por escrito<br \/>\n86. Control de inclusi\u00f3n en Espa\u00f1a. Transparencia<br \/>\n87. Control de inclusi\u00f3n en Espa\u00f1a. Transparencia, requisitos de claridad sencillez y concreci\u00f3n<br \/>\n88. Jurisprudencia europea en materia de transparencia<br \/>\n89. Transparencia. Nuestra opini\u00f3n<br \/>\n90. Cl\u00e1usulas Sorprendentes (\u00dcberraschende Klauseln). Concepto<br \/>\n91. Cl\u00e1usulas Sorprendentes. Jurisprudencia alemana anterior a la AGB-Gesetz<br \/>\n92. Cl\u00e1usulas Sorprendentes. Grupos de casos seg\u00fan la jurisprudencia alemana<br \/>\n93. Evaluaci\u00f3n de la instituci\u00f3n<br \/>\n94. Control de inclusi\u00f3n. Derecho chileno<br \/>\n95. Control de inclusi\u00f3n en Chile. Cognoscibilidad en contratos celebrados por escrito<br \/>\n96. Control de Inclusi\u00f3n en Chile. Cognoscibilidad en contratos no celebrados por escrito<br \/>\n97. Transparencia en Chile<\/li>\n<\/ol>\n<p style=\"font-weight: 400;\"><b><strong>CAP\u00cdTULO VI<\/strong><\/b><br \/>\n<b><strong>CONTROL JUDICIAL REPRESIVO DE LA CONTRATACI\u00d3N BAJO CONDICIONES GENERALES DE CONTRATACI\u00d3N. INTERPRETACI\u00d3N DE CONTRATOS<\/strong><\/b><\/p>\n<ol start=\"98\">\n<li style=\"font-weight: 400;\">\u00c1mbito de aplicaci\u00f3n<br \/>\n99. Norma general<br \/>\n100. Criterio subjetivo<br \/>\n101. Criterio objetivo<br \/>\n102. Interpretaci\u00f3n concreta y abstracta<br \/>\n103. Normas auxiliares de interpretaci\u00f3n<br \/>\n104. Norma contra proferentem<br \/>\n105. Origen de la norma contra proferentem<br \/>\n106. Uso de la norma contra proferentem como control encubierto<br \/>\n107. Norma contra proferentem en control abstracto<br \/>\n108. Modo de uso de los clausulados predispuestos en las relaciones de tr\u00e1fico<br \/>\n109. Condiciones particulares y especiales<br \/>\n110. Discusiones doctrinarias sobre la naturaleza jur\u00eddica de ciertas normas de interpretaci\u00f3n<br \/>\n111. Criterio de prevalencia (Vorrangsprinzip)<br \/>\n112. Prevalencia como norma de desincorporaci\u00f3n<br \/>\n113. Criterio de condici\u00f3n m\u00e1s importante<br \/>\n114. Criterio de interpretaci\u00f3n restrictiva (Restriktionprinzipip)<\/li>\n<\/ol>\n<p style=\"font-weight: 400;\"><b><strong>CAP\u00cdTULO VII<\/strong><\/b><br \/>\n<b><strong>CONTROL JUDICIAL REPRESIVO DE LA CONTRATACI\u00d3N BAJO CONDICIONES GENERALES DE CONTRATACI\u00d3N. CONTROL DE CONTENIDO. EVOLUCI\u00d3N HIST\u00d3RICA<\/strong><\/b><\/p>\n<ol start=\"115\">\n<li style=\"font-weight: 400;\">Regulaci\u00f3n en el BGB. Criterio del Reichsgericht<br \/>\n116. La AGB-Gesetz<br \/>\n117. Derecho franc\u00e9s, soluciones desde el derecho com\u00fan<br \/>\n118. Normativa sobre control de cl\u00e1usulas abusivas en el derecho franc\u00e9s<br \/>\n119. Continuaci\u00f3n<br \/>\n120. Ley de Defensa de Consumidores y Usuarios Espa\u00f1ola de 1984<br \/>\n121. La Uni\u00f3n Europea y el contexto de la Directiva 93\/13\/CEE<\/li>\n<\/ol>\n<p style=\"font-weight: 400;\"><b><strong>CAP\u00cdTULO VIII<\/strong><\/b><br \/>\n<b><strong>CONTROL JUDICIAL REPRESIVO DE LA CONTRATACI\u00d3N BAJO CONDICIONES GENERALES DE CONTRATACI\u00d3N. ELEMENTOS DOGM\u00c1TICOS DEL CONTROL DE CONTENIDO<\/strong><\/b><\/p>\n<ol start=\"122\">\n<li style=\"font-weight: 400;\">Contextualizaci\u00f3n<br \/>\n123. Plan de Exposici\u00f3n. La Buena Fe Contractual<br \/>\n124. La construcci\u00f3n del art\u00edculo 1546 del C\u00f3digo Civil<br \/>\n125. Buena fe en el derecho romano como antecedente del art\u00edculo 1546 del C\u00f3digo Civil<br \/>\n126. Consecuencias del art\u00edculo 1546 del C\u00f3digo Civil<br \/>\n127. An\u00e1lisis del \u00a7 242 del BGB<br \/>\n128. Cometidos de la buena fe en el BGB<br \/>\n129. Relaci\u00f3n entre las buenas costumbres en el \u00a7 138 del BGB y la buena fe del \u00a7 242 del mismo C\u00f3digo<br \/>\n130. Buena fe y control de contenido en el derecho alem\u00e1n. La cl\u00e1usula es abusiva si supone un perjuicio indebido (unangemessene Benachteiligung), a los intereses del adherente<br \/>\n131. Buena fe como norma procedimental y de calificaci\u00f3n de resultado<br \/>\n132. Conclusi\u00f3n. Es contraria a la buena fe la imposici\u00f3n de cl\u00e1usulas que perjudiquen los intereses del adherente<br \/>\n133. Modelos de transposici\u00f3n de la Directiva 93\/13\/CEE y la buena fe<br \/>\nLa Norma Dispositiva y el Problema de las Prestaciones Principales<br \/>\n134. Funci\u00f3n cl\u00e1sica de la norma dispositiva<br \/>\n135. Origen de la norma dispositiva, ejemplo de la obligaci\u00f3n de saneamiento<br \/>\n136. Contenido del contrato. La relaci\u00f3n obligatoria<br \/>\n137. La relaci\u00f3n obligatoria como marco (Rahmenbeziehung)<br \/>\n138. Teor\u00eda de Betti<br \/>\n139. Teor\u00eda de Morales Moreno<br \/>\n140. Nuestra opini\u00f3n<br \/>\n141. \u00c1mbito material del control de contenido. El desequilibrio de los derechos y obligaciones, como alteraci\u00f3n de las obligaciones instrumentales, deberes accesorios y cargas en contra de los intereses del adherente<br \/>\n142. Norma dispositiva y aplicaci\u00f3n del BGB<br \/>\n143. Funciones de la norma dispositiva en condiciones generales de contrataci\u00f3n<br \/>\n144. Norma dispositiva. Problemas de obsolescencia e interpretaci\u00f3n integrativa<br \/>\n145. Exclusi\u00f3n del control de contenido de las cl\u00e1usulas principales<br \/>\n146. Cl\u00e1usulas principales en la Jurisprudencia del Tribunal de Justicia de la Uni\u00f3n Europea<br \/>\n147. Concepto de lesi\u00f3n<br \/>\n148. La lesi\u00f3n en el BGB, y su no aplicaci\u00f3n a las cl\u00e1usulas abusivas<br \/>\nLa Finalidad del Contrato y las Presuposiciones Contractuales<br \/>\n149. La finalidad como criterio subsidiario<br \/>\n150. La causa en el derecho franc\u00e9s antes de su derogaci\u00f3n. Caso Chronopost<br \/>\n151. Exclusi\u00f3n de la causa como criterio de an\u00e1lisis. Justificaci\u00f3n<br \/>\n152. Principio de finalidad en Ihering<br \/>\n153. Bien e inter\u00e9s<br \/>\n154. Obligaci\u00f3n e inter\u00e9s<br \/>\n155. El id quod interest<br \/>\n156. El inter\u00e9s en la obligaci\u00f3n. Caso 1. Los perjuicios previstos t\u00e1citos<br \/>\n157. El inter\u00e9s en la obligaci\u00f3n. Caso 2. El t\u00e9rmino esencial<br \/>\n158. El inter\u00e9s en la obligaci\u00f3n. Caso 3. El error en la sustancia o calidad esencial<br \/>\n159. Inter\u00e9s y presuposiciones contractuales<br \/>\n160. Teor\u00eda de las presuposiciones contractuales y alteraci\u00f3n de la base del negocio. Aplicabilidad a este caso<br \/>\n161. Finalidad jur\u00eddica y prop\u00f3sito pr\u00e1ctico<br \/>\n162. Problemas espec\u00edficos de la doctrina de la causa para tratar el tema del inter\u00e9s<br \/>\n163. Incorporaci\u00f3n del inter\u00e9s al contrato. El inter\u00e9s como punto focal del control de contenido<br \/>\nCl\u00e1usulas Negras y Cl\u00e1usulas grises.<br \/>\nCriterios Contextuales de An\u00e1lisis<br \/>\n164. Tipos de valoraci\u00f3n de los listados de cl\u00e1usulas en el BGB<br \/>\n165. El problema de los conceptos jur\u00eddicos indeterminados<br \/>\n166. Circunstancias a analizar en el control individual<br \/>\n167. Circunstancias a analizar en el control individual. Continuaci\u00f3n<br \/>\nFalta de Transparencia y Control Abstracto<br \/>\n168. Abusividad formal (Tranparenzgebot)<br \/>\n169. Control abstracto (Abstraktes Kontrollverfahren)<\/li>\n<\/ol>\n<p style=\"font-weight: 400;\"><b><strong>CAP\u00cdTULO IX<\/strong><\/b><br \/>\n<b><strong>CONTROL JUDICIAL REPRESIVO DE LA CONTRATACI\u00d3N BAJO CONDICIONES GENERALES DE CONTRATACI\u00d3N. CONTROL DE CONTENIDO, DERECHO NACIONAL<\/strong><\/b><\/p>\n<ol start=\"170\">\n<li style=\"font-weight: 400;\">Origen del art\u00edculo 16 g) de la LPC<br \/>\n171. Proyecto de ley de Modificaci\u00f3n de la LPC. Comparaci\u00f3n de la norma chilena y la espa\u00f1ola<br \/>\n172. Los criterios de aplicaci\u00f3n del art\u00edculo 16 g) de la LPC. Comparaci\u00f3n con el BGB<br \/>\n173. La buena fe en el art\u00edculo 16 g) de la LPC<br \/>\n174. El inter\u00e9s como criterio focal, y la cr\u00edtica a la teor\u00eda de las expectativas razonables<br \/>\n175. Desequilibrio en los elementos secundarios de la relaci\u00f3n obligatoria<br \/>\n176. Exclusi\u00f3n de las obligaciones principales<br \/>\n177. El problema del \u201cequilibrio de prestaciones\u201d<br \/>\n178. El problema regulatorio, y el alcance de la presunci\u00f3n por autorizaci\u00f3n administrativa<br \/>\n179. Alcance concreto de los criterios de aplicaci\u00f3n del art\u00edculo 16 g) de la LPC. Norma dispositiva<br \/>\n180. Alcance concreto de los criterios de aplicaci\u00f3n del art\u00edculo 16 g) de la LPC. Finalidad<br \/>\n181. Cat\u00e1logo de cl\u00e1usulas negras el art\u00edculo 16 de la LPC. Generalidades<br \/>\n182. Art\u00edculo 16 a) de la LPC<br \/>\n183. Continuaci\u00f3n<br \/>\n184. Continuaci\u00f3n<br \/>\n185. Art\u00edculo 16 b) de la LPC<br \/>\n186. Art\u00edculo 16 c) de la LPC<br \/>\n187. Art\u00edculo 16 d) de la LPC<br \/>\n188. Cl\u00e1usulas de exoneraci\u00f3n y limitaci\u00f3n de responsabilidad en Chile<br \/>\n189. Art\u00edculo 16 e) de la LPC<\/li>\n<\/ol>\n<p style=\"font-weight: 400;\"><b><strong>CAP\u00cdTULO X<\/strong><\/b><br \/>\n<b><strong>CONTROL JUDICIAL REPRESIVO DE LA CONTRATACI\u00d3N BAJO CONDICIONES GENERALES DE CONTRATACI\u00d3N. CONSECUENCIAS DEL INCUMPLIMIENTO DE LOS REQUISITOS DE INCORPORACI\u00d3N Y NULIDAD DE CL\u00c1USULAS ABUSIVAS<\/strong><\/b><\/p>\n<ol start=\"190\">\n<li style=\"font-weight: 400;\">La ineficacia negocial en general<br \/>\n191. No incorporaci\u00f3n<br \/>\n192. Plan de explicaci\u00f3n<br \/>\n193. Nulidad en el derecho romano<br \/>\n194. Teor\u00eda de la inexistencia, y teor\u00eda cl\u00e1sica de las nulidades<br \/>\n195. Nulidad en el BGB<br \/>\n196. Nulidad en el derecho espa\u00f1ol<br \/>\n197. En Chile no hay nulidad, solo anulabilidad<br \/>\n198. Nuestra posici\u00f3n<br \/>\n199. Clase de nulidad del art\u00edculo 16 y 16 A de la LPC. Nulidad absoluta<br \/>\n200. Legitimaci\u00f3n activa<br \/>\n201. Declaraci\u00f3n de oficio<br \/>\n202. La nulidad parcial<br \/>\n203. Doctrina nacional sobre la nulidad parcial<br \/>\n204. La norma de la LPC<br \/>\n205. \u00bfIntegraci\u00f3n contractual? Posici\u00f3n del Tribunal de Justicia de la Uni\u00f3n Europea<br \/>\n206. Integraci\u00f3n contractual en Chile<br \/>\n207. Control abstracto. Nuestro drama de S\u00edsifo<br \/>\nConclusiones<br \/>\n208. Autonom\u00eda de la Voluntad y sus l\u00edmites. Teor\u00eda del bazar<br \/>\n209. Contratos de adhesi\u00f3n y condiciones generales de contrataci\u00f3n<br \/>\n210. \u00c1mbito de aplicaci\u00f3n de la LPC<br \/>\n211. Buena fe en general<br \/>\n212. Buena fe precontractual, deberes relacionados<br \/>\n213. Control de inclusi\u00f3n<br \/>\n214. Interpretaci\u00f3n<br \/>\n215. Desarrollo hist\u00f3rico del control de contenido<br \/>\n216. Buena fe y prejuicio indebido (unangemessene Benachteiligung)<br \/>\n217. Art\u00edculo 1546 y la relaci\u00f3n obligatoria<br \/>\n218. Norma dispositiva y finalidad del contrato<br \/>\n219. Derecho europeo y desequilibrio significativo de derecho y obligaciones<br \/>\n220. 16 g) de la LPC<br \/>\n221. Ineficacia<br \/>\nReflexiones de lege ferenda y Propuestas de Reforma<br \/>\n222. Propuestas de reformas<br \/>\n223. Proyecto de ley bolet\u00edn 16.271-03. Modificaci\u00f3n de concepto de consumidor<br \/>\n224. Nuevo 16 h)<br \/>\n225. Nuevo 16 i)<br \/>\n226. Nuevo 16 j)<\/li>\n<\/ol>\n","protected":false},"excerpt":{"rendered":"<p>Buscas un libro Jur\u00eddico.? Lo puedes encontrar en nuestra tienda virtual.<br \/>\nContamos con prestigiosos autores y muchas alternativas en sus diferentes materias al igual que grandes descuentos.! Vis\u00edtanos en <a class=\"pwHwmXBqmofSClxsctVkNQQzvNIASaSVkFYLg \" tabindex=\"0\" href=\"https:\/\/lnkd.in\/eiAG7jdZ\" target=\"_blank\" rel=\"noopener\" data-test-app-aware-link=\"\">https:\/\/lnkd.in\/eiAG7jdZ<\/a><br \/>\nEscr\u00edbenos al +56930565235 \/ <a class=\"pwHwmXBqmofSClxsctVkNQQzvNIASaSVkFYLg \" tabindex=\"0\" href=\"mailto:ventaslegallexglobal@gmail.com\" target=\"_self\" data-test-app-aware-link=\"\">ventaslegallexglobal@gmail.com<\/a><br \/>\nHacemos env\u00edos a todo Chile \u2013 Starken o Correos Chile \/ Te esperamos.<\/p>\n","protected":false},"featured_media":3600,"comment_status":"open","ping_status":"closed","template":"","meta":{"inline_featured_image":false,"_joinchat":[]},"product_brand":[],"product_cat":[27],"product_tag":[],"class_list":{"0":"post-3555","1":"product","2":"type-product","3":"status-publish","4":"has-post-thumbnail","6":"product_cat-civil","7":"product_shipping_class-a-convenir","9":"first","10":"instock","11":"sale","12":"shipping-taxable","13":"purchasable","14":"product-type-simple"},"_links":{"self":[{"href":"https:\/\/bibliotecajuridicavirtual.cl\/index.php\/wp-json\/wp\/v2\/product\/3555","targetHints":{"allow":["GET"]}}],"collection":[{"href":"https:\/\/bibliotecajuridicavirtual.cl\/index.php\/wp-json\/wp\/v2\/product"}],"about":[{"href":"https:\/\/bibliotecajuridicavirtual.cl\/index.php\/wp-json\/wp\/v2\/types\/product"}],"replies":[{"embeddable":true,"href":"https:\/\/bibliotecajuridicavirtual.cl\/index.php\/wp-json\/wp\/v2\/comments?post=3555"}],"wp:featuredmedia":[{"embeddable":true,"href":"https:\/\/bibliotecajuridicavirtual.cl\/index.php\/wp-json\/wp\/v2\/media\/3600"}],"wp:attachment":[{"href":"https:\/\/bibliotecajuridicavirtual.cl\/index.php\/wp-json\/wp\/v2\/media?parent=3555"}],"wp:term":[{"taxonomy":"product_brand","embeddable":true,"href":"https:\/\/bibliotecajuridicavirtual.cl\/index.php\/wp-json\/wp\/v2\/product_brand?post=3555"},{"taxonomy":"product_cat","embeddable":true,"href":"https:\/\/bibliotecajuridicavirtual.cl\/index.php\/wp-json\/wp\/v2\/product_cat?post=3555"},{"taxonomy":"product_tag","embeddable":true,"href":"https:\/\/bibliotecajuridicavirtual.cl\/index.php\/wp-json\/wp\/v2\/product_tag?post=3555"}],"curies":[{"name":"wp","href":"https:\/\/api.w.org\/{rel}","templated":true}]}}