{"id":3556,"date":"2026-02-28T01:16:02","date_gmt":"2026-02-28T04:16:02","guid":{"rendered":"https:\/\/bibliotecajuridicavirtual.cl\/?post_type=product&#038;p=3556"},"modified":"2026-02-28T01:17:09","modified_gmt":"2026-02-28T04:17:09","slug":"juicio-ejecutivo-1era-edicion-ano-2024-autor-eric-andres-chavez-chavez","status":"publish","type":"product","link":"https:\/\/bibliotecajuridicavirtual.cl\/index.php\/product\/juicio-ejecutivo-1era-edicion-ano-2024-autor-eric-andres-chavez-chavez\/","title":{"rendered":"Juicio Ejecutivo &#8211; 1era Edici\u00f3n. A\u00f1o 2024. Autor Eric Andr\u00e9s Ch\u00e1vez Ch\u00e1vez"},"content":{"rendered":"<p style=\"font-weight: 400;\">&#8220;Juicio Ejecutivo&#8221;, del autor el abogado Eric Andr\u00e9s Ch\u00e1vez Ch\u00e1vez, es una obra que incluye un an\u00e1lisis completo y actualizado del juicio ejecutivo, uno de los m\u00e1s empleados en la pr\u00e1ctica profesional en los estrados, acompa\u00f1ado de los formularios utilizados en el ejercicio de la profesi\u00f3n de abogado.<\/p>\n<p style=\"font-weight: 400;\">\n<p style=\"font-weight: 400;\">De esta manera, a la instituci\u00f3n jur\u00eddica indicada, se acompa\u00f1a en cada cap\u00edtulo de una explicaci\u00f3n positiva y luego el formulario, que es un compendio tanto sustantivo como procesal del tema.<\/p>\n<p style=\"font-weight: 400;\">\n<p style=\"font-weight: 400;\">Para ello, el presente libro esta debidamente actualizado, corregido y aumentado por el autor, con la finalidad de estar al d\u00eda, y adecuado a la legislaci\u00f3n actual, record\u00e1ndose que esta Editorial, se caracteriza por estar siempre con sus obras actualizadas y corregidas, con las \u00faltimas modificaciones legislativas.<\/p>\n","protected":false},"excerpt":{"rendered":"<p>&#8220;Juicio Ejecutivo&#8221;, del autor el abogado Eric Andr\u00e9s Ch\u00e1vez Ch\u00e1vez, es una obra que incluye un an\u00e1lisis completo y actualizado del juicio ejecutivo, uno de los m\u00e1s empleados en la pr\u00e1ctica profesional en los estrados, acompa\u00f1ado de los formularios utilizados en el ejercicio de la profesi\u00f3n de abogado. De esta manera, a la instituci\u00f3n jur\u00eddica indicada, se acompa\u00f1a en cada cap\u00edtulo de una explicaci\u00f3n positiva y luego el formulario, que es un compendio tanto sustantivo como procesal del tema. Para ello, el presente libro esta debidamente actualizado, corregido y aumentado por el autor, con la finalidad de estar al d\u00eda, y adecuado a la legislaci\u00f3n actual, record\u00e1ndose que esta Editorial, se caracteriza por estar siempre con sus obras actualizadas y corregidas, con las \u00faltimas modificaciones legislativas.<\/p>\n","protected":false},"featured_media":3601,"comment_status":"open","ping_status":"closed","template":"","meta":{"inline_featured_image":false,"_joinchat":[]},"product_brand":[],"product_cat":[27,26],"product_tag":[],"class_list":{"0":"post-3556","1":"product","2":"type-product","3":"status-publish","4":"has-post-thumbnail","6":"product_cat-civil","7":"product_cat-derecho","8":"product_shipping_class-a-convenir","10":"first","11":"instock","12":"shipping-taxable","13":"purchasable","14":"product-type-simple"},"_links":{"self":[{"href":"https:\/\/bibliotecajuridicavirtual.cl\/index.php\/wp-json\/wp\/v2\/product\/3556","targetHints":{"allow":["GET"]}}],"collection":[{"href":"https:\/\/bibliotecajuridicavirtual.cl\/index.php\/wp-json\/wp\/v2\/product"}],"about":[{"href":"https:\/\/bibliotecajuridicavirtual.cl\/index.php\/wp-json\/wp\/v2\/types\/product"}],"replies":[{"embeddable":true,"href":"https:\/\/bibliotecajuridicavirtual.cl\/index.php\/wp-json\/wp\/v2\/comments?post=3556"}],"wp:featuredmedia":[{"embeddable":true,"href":"https:\/\/bibliotecajuridicavirtual.cl\/index.php\/wp-json\/wp\/v2\/media\/3601"}],"wp:attachment":[{"href":"https:\/\/bibliotecajuridicavirtual.cl\/index.php\/wp-json\/wp\/v2\/media?parent=3556"}],"wp:term":[{"taxonomy":"product_brand","embeddable":true,"href":"https:\/\/bibliotecajuridicavirtual.cl\/index.php\/wp-json\/wp\/v2\/product_brand?post=3556"},{"taxonomy":"product_cat","embeddable":true,"href":"https:\/\/bibliotecajuridicavirtual.cl\/index.php\/wp-json\/wp\/v2\/product_cat?post=3556"},{"taxonomy":"product_tag","embeddable":true,"href":"https:\/\/bibliotecajuridicavirtual.cl\/index.php\/wp-json\/wp\/v2\/product_tag?post=3556"}],"curies":[{"name":"wp","href":"https:\/\/api.w.org\/{rel}","templated":true}]}}