{"id":3557,"date":"2026-02-28T01:16:02","date_gmt":"2026-02-28T04:16:02","guid":{"rendered":"https:\/\/bibliotecajuridicavirtual.cl\/?post_type=product&#038;p=3557"},"modified":"2026-02-28T01:17:13","modified_gmt":"2026-02-28T04:17:13","slug":"recursos-procesales-ano-2024-autor-eric-andres-chavez-chavez","status":"publish","type":"product","link":"https:\/\/bibliotecajuridicavirtual.cl\/index.php\/product\/recursos-procesales-ano-2024-autor-eric-andres-chavez-chavez\/","title":{"rendered":"Recursos Procesales. A\u00f1o 2024. Autor Eric Andr\u00e9s Ch\u00e1vez Ch\u00e1vez"},"content":{"rendered":"<p style=\"font-weight: 400;\">Recursos Procesales, es una obra que incluye un an\u00e1lisis actualizado de los diferentes recursos procesales en materia civil, destinado a los abogados, en el desempe\u00f1o de su actividad jurisdiccional en los estrados de manera did\u00e1ctica y precisa, cuya utilidad se ver\u00e1 en el uso diario de este texto.<\/p>\n<p style=\"font-weight: 400;\">\n<p style=\"font-weight: 400;\">El presente texto tambi\u00e9n en esta 1\u00aa Edici\u00f3n, 2024 en cuanto a sus diferentes a sus diferentes materias esta actualizado en lo m\u00e1s posible con las \u00faltimas modificaciones y concordancias, para que los usuarios puedan preparar sus remedios procesales, tanto ante los Juzgados Civiles, como los Tribunales Superiores de Justicia.<\/p>\n<p style=\"font-weight: 400;\">\n<p style=\"font-weight: 400;\">Se hace presente que los escritos o formularios de los mismos, est\u00e1n en otra obra de esta casa Editorial, donde est\u00e1n disponibles, lo que se estudia, en este texto es su normativa positiva.<\/p>\n","protected":false},"excerpt":{"rendered":"<p>Recursos Procesales, es una obra que incluye un an\u00e1lisis actualizado de los diferentes recursos procesales en materia civil, destinado a los abogados, en el desempe\u00f1o de su actividad jurisdiccional en los estrados de manera did\u00e1ctica y precisa, cuya utilidad se ver\u00e1 en el uso diario de este texto. El presente texto tambi\u00e9n en esta 1\u00aa Edici\u00f3n, 2024 en cuanto a sus diferentes a sus diferentes materias esta actualizado en lo m\u00e1s posible con las \u00faltimas modificaciones y concordancias, para que los usuarios puedan preparar sus remedios procesales, tanto ante los Juzgados Civiles, como los Tribunales Superiores de Justicia. Se hace presente que los escritos o formularios de los mismos, est\u00e1n en otra obra de esta casa Editorial, donde est\u00e1n disponibles, lo que se estudia, en este texto es su normativa positiva.<\/p>\n","protected":false},"featured_media":3602,"comment_status":"open","ping_status":"closed","template":"","meta":{"inline_featured_image":false,"_joinchat":[]},"product_brand":[],"product_cat":[27],"product_tag":[],"class_list":{"0":"post-3557","1":"product","2":"type-product","3":"status-publish","4":"has-post-thumbnail","6":"product_cat-civil","7":"product_shipping_class-a-convenir","9":"first","10":"instock","11":"shipping-taxable","12":"purchasable","13":"product-type-simple"},"_links":{"self":[{"href":"https:\/\/bibliotecajuridicavirtual.cl\/index.php\/wp-json\/wp\/v2\/product\/3557","targetHints":{"allow":["GET"]}}],"collection":[{"href":"https:\/\/bibliotecajuridicavirtual.cl\/index.php\/wp-json\/wp\/v2\/product"}],"about":[{"href":"https:\/\/bibliotecajuridicavirtual.cl\/index.php\/wp-json\/wp\/v2\/types\/product"}],"replies":[{"embeddable":true,"href":"https:\/\/bibliotecajuridicavirtual.cl\/index.php\/wp-json\/wp\/v2\/comments?post=3557"}],"wp:featuredmedia":[{"embeddable":true,"href":"https:\/\/bibliotecajuridicavirtual.cl\/index.php\/wp-json\/wp\/v2\/media\/3602"}],"wp:attachment":[{"href":"https:\/\/bibliotecajuridicavirtual.cl\/index.php\/wp-json\/wp\/v2\/media?parent=3557"}],"wp:term":[{"taxonomy":"product_brand","embeddable":true,"href":"https:\/\/bibliotecajuridicavirtual.cl\/index.php\/wp-json\/wp\/v2\/product_brand?post=3557"},{"taxonomy":"product_cat","embeddable":true,"href":"https:\/\/bibliotecajuridicavirtual.cl\/index.php\/wp-json\/wp\/v2\/product_cat?post=3557"},{"taxonomy":"product_tag","embeddable":true,"href":"https:\/\/bibliotecajuridicavirtual.cl\/index.php\/wp-json\/wp\/v2\/product_tag?post=3557"}],"curies":[{"name":"wp","href":"https:\/\/api.w.org\/{rel}","templated":true}]}}