{"id":3558,"date":"2026-02-28T01:16:02","date_gmt":"2026-02-28T04:16:02","guid":{"rendered":"https:\/\/bibliotecajuridicavirtual.cl\/?post_type=product&#038;p=3558"},"modified":"2026-02-28T01:17:15","modified_gmt":"2026-02-28T04:17:15","slug":"el-dinero-y-las-obligaciones-de-dinero-ano-2024-524-pag-autor-gisella-lopez-rivera","status":"publish","type":"product","link":"https:\/\/bibliotecajuridicavirtual.cl\/index.php\/product\/el-dinero-y-las-obligaciones-de-dinero-ano-2024-524-pag-autor-gisella-lopez-rivera\/","title":{"rendered":"El Dinero y las Obligaciones de Dinero. A\u00f1o 2024\/524 P\u00e1g. Autor Gisella L\u00f3pez Rivera"},"content":{"rendered":"<p style=\"font-weight: 400;\">Esta monograf\u00eda contiene un estudio sobre el concepto de dinero y la dogm\u00e1tica de las obligaciones de dinero para el derecho privado. Mediante las herramientas de la filosof\u00eda anal\u00edtica y las tesis sobre construcci\u00f3n social de la realidad, la primera parte genera un concepto artefactualista del dinero, que se enlaza con una visi\u00f3n crediticia y no de mercanc\u00eda del dinero, abandonando la cl\u00e1sica visi\u00f3n funcionalista. Esta parte termina en una reconstrucci\u00f3n del estatuto jur\u00eddico dominical del dinero, dando cuenta la imposibilidad de su reivindicaci\u00f3n. Con ello se transita hacia la segunda parte, que ofrece una dogm\u00e1tica de las obligaciones de dinero, consideradas como obligaciones de suma-de-dinero y concluyendo que conforman una categor\u00eda jur\u00eddica aut\u00f3noma tanto de las obligaciones de dar y de g\u00e9nero como de las de hacer. Esta conclusi\u00f3n servir\u00e1 de premisa para analizar el contenido \u2014poner a disposici\u00f3n de otro una suma de dinero\u2014, la especial forma de cumplimiento y la alternatividad de los medios de pago de dichas obligaciones, as\u00ed como las consecuencias de su incumplimiento.<\/p>\n<p style=\"font-weight: 400;\">\n<p style=\"font-weight: 400;\"><b><strong>PARTE PRIMERA<\/strong><\/b><br \/>\n<b><strong>EL DINERO<\/strong><\/b><\/p>\n<p style=\"font-weight: 400;\"><b><strong>CAP\u00cdTULO I<\/strong><\/b><br \/>\n<b><strong>EL DINERO COMO UN ARTEFACTO INSTITUCIONAL<\/strong><\/b><\/p>\n<ol>\n<li style=\"font-weight: 400;\"><b><strong> EL DINERO COMO PARTE DE LA REALIDAD SOCIAL<\/strong><\/b><\/li>\n<\/ol>\n<p style=\"font-weight: 400;\">1.1. La ambig\u00fcedad del t\u00e9rmino \u00abdinero\u00bb<br \/>\n1.2. \u00abDinero\u00bb, \u00abfen\u00f3meno dinerario\u00bb y \u00absistema dinerario\u00bb<\/p>\n<ol start=\"2\">\n<li style=\"font-weight: 400;\"><b><strong> EL DINERO Y EL SISTEMA DINERARIO COMO UN ARTEFACTO INSTITUCIONAL<\/strong><\/b><\/li>\n<\/ol>\n<p style=\"font-weight: 400;\">2.1. La justificaci\u00f3n del uso de la teor\u00eda de los artefactos<br \/>\n2.2. La distinci\u00f3n entre \u00abentidad institucional\u00bb y \u00abhecho institucional\u00bb<br \/>\n2.3. De los artefactos en general<br \/>\n2.3.1. Instrumentos<br \/>\n2.3.2. Herramientas<br \/>\n2.3.3. Artefactos<br \/>\n2.4. El dinero es un artefacto<br \/>\n2.4.1. An\u00e1lisis general<br \/>\n2.4.2. Los agentes usuarios del sistema dinerario<br \/>\n2.4.3. Las propiedades artefactuales que exhibe el sistema dinerario<\/p>\n<p style=\"font-weight: 400;\"><b><strong>CAP\u00cdTULO II<\/strong><\/b><br \/>\n<b><strong>EL SISTEMA DINERARIO L\u00cdTRICO COMO UN ORDEN NORMATIVO<\/strong><\/b><\/p>\n<ol>\n<li style=\"font-weight: 400;\"><b><strong> LA TEOR\u00cdA CARTALISTA DEL DINERO<\/strong><\/b><\/li>\n<\/ol>\n<p style=\"font-weight: 400;\">1.1. Una revisi\u00f3n de las teor\u00edas econ\u00f3micas explicativas del dinero<br \/>\n1.1.1. La teor\u00eda del dinero-mercanc\u00eda<br \/>\n1.1.2. La teor\u00eda crediticia del dinero<br \/>\n1.2. Una defensa de la teor\u00eda cartalista del dinero<br \/>\n1.2.1. La fundamentaci\u00f3n de su aplicaci\u00f3n<br \/>\n1.2.2. La explicaci\u00f3n del sistema dinerario bajo la teor\u00eda cartalista<\/p>\n<ol start=\"2\">\n<li style=\"font-weight: 400;\"><b><strong> EL SISTEMA JUR\u00cdDICO-DINERARIO<\/strong><\/b><\/li>\n<\/ol>\n<p style=\"font-weight: 400;\">2.1. Normatividad<br \/>\n2.1.1. Concepciones previas<br \/>\n2.2. El sistema dinerario como un artefacto jur\u00eddico<br \/>\n2.2.1 La institucionalidad del derecho<br \/>\n2.2.2. El sistema dinerario como un artefacto-p\u00fablico jur\u00eddico<\/p>\n<p style=\"font-weight: 400;\"><b><strong>CAP\u00cdTULO III<\/strong><\/b><br \/>\n<b><strong>EL DINERO BAJO EL DERECHO DE LOS BIENES<\/strong><\/b><\/p>\n<ol>\n<li style=\"font-weight: 400;\"><b><strong> EL DINERO EN CUANTO \u00abBIEN\u00bb<\/strong><\/b>\n<p>1.1. Dinero, signos dinerarios e instancias de signos dinerarios<\/li>\n<\/ol>\n<p style=\"font-weight: 400;\">1.2. Fungibilidad<br \/>\n1.2.1. Origen hist\u00f3rico de la expresi\u00f3n \u00abfungible\u00bb<br \/>\n1.2.2. De la fungibilidad como categor\u00eda del derecho de los bienes<br \/>\n1.3. Consumibilidad<br \/>\n1.4. \u00abGenericidad\u00bb<\/p>\n<ol start=\"2\">\n<li style=\"font-weight: 400;\"><b><strong> DOMINIO SOBRE DINERO<\/strong><\/b><\/li>\n<\/ol>\n<p style=\"font-weight: 400;\">2.1. Contenido del derecho de dominio sobre el dinero<br \/>\n2.2. Adquisici\u00f3n del dominio sobre el dinero<br \/>\n2.2.1. Planteamiento del problema y su justificaci\u00f3n<br \/>\n2.2.2. Adquisici\u00f3n y p\u00e9rdida del dominio de instancias dinerarias bajo el derecho chileno<br \/>\n2.3. Propuesta de reconstrucci\u00f3n del sistema civil chileno<br \/>\n2.3.1. Esquema general<br \/>\n2.3.2. Pago cartal fundado en un t\u00edtulo eficaz<br \/>\n2.3.3. Pago cartal fundado en un t\u00edtulo ineficaz<br \/>\n2.3.4. Pago cartal en s\u00ed mismo ineficaz<br \/>\n2.3.5. Tenencia de dinero por disposici\u00f3n de la ley<br \/>\n2.3.6. Carencia de un t\u00edtulo jur\u00eddico (eficaz o ineficaz) para la tenencia<\/p>\n<p style=\"font-weight: 400;\"><b><strong>PARTE SEGUNDA<\/strong><\/b><br \/>\n<b><strong>LA DOGM\u00c1TICA DE LAS OBLIGACIONES DE DINERO<\/strong><\/b><\/p>\n<p style=\"font-weight: 400;\"><b><strong>CAP\u00cdTULO IV<\/strong><\/b><br \/>\n<b><strong>OBLIGACIONES DE DINERO.CONCEPTO, ESTRUCTURA Y CONTENIDO<\/strong><\/b><\/p>\n<ol>\n<li style=\"font-weight: 400;\"><b><strong> UN CONCEPTO DE LAS \u00abOBLIGACIONES DE DINERO\u00bb<\/strong><\/b><\/li>\n<\/ol>\n<p style=\"font-weight: 400;\">1.1. Las obligaciones de dinero son obligaciones de suma-de-dinero<br \/>\n1.1.1. Varios conceptos de \u00abobligaci\u00f3n\u00bb<br \/>\n1.1.2. La estructura l\u00edtrica de las obligaciones de dinero<br \/>\n1.1.3. La nominalidad de las obligaciones de dinero<br \/>\n1.2. \u00bfLas obligaciones de valor son obligaciones de dinero?<br \/>\n1.2.1. Concepto dogm\u00e1tico de las obligaciones de valor<\/p>\n<ol start=\"2\">\n<li style=\"font-weight: 400;\"><b><strong> CONTENIDO DE LA OBLIGACI\u00d3N DINERARIA<\/strong><\/b><\/li>\n<\/ol>\n<p style=\"font-weight: 400;\">2.1. El contenido obligacional de las obligaciones de dinero<br \/>\n2.2. La litricidad como presupuesto de an\u00e1lisis<br \/>\n2.3. \u00bfSon las obligaciones de dinero obligaciones de g\u00e9nero?<br \/>\n2.3.1. Las obligaciones de dinero como obligaciones de cosa<br \/>\n2.3.2. La autonom\u00eda de las obligaciones de dinero<br \/>\n2.3.3. Las obligaciones de signo dinerario<br \/>\n2.4. \u00bfPuesta a disposici\u00f3n de un valor?<br \/>\n2.4.1. La teor\u00eda \u00abvalorista-de-curso\u00bb<br \/>\n2.4.2. La teor\u00eda \u00abvalorista-incorporal\u00bb<br \/>\n2.4.3. Cr\u00edticas a la teor\u00eda \u00abvalorista-incorporal\u00bb desde una concepci\u00f3n l\u00edtrica<br \/>\n2.4.4. Comparaci\u00f3n entre las propuestas \u00abvaloristas\u00bb y \u00abl\u00edtrica\u00bb<br \/>\n2.5. \u00bfObligaci\u00f3n de hacer?<br \/>\n2.5.1. El concepto de acci\u00f3n<br \/>\n2.5.2. Aplicaci\u00f3n del concepto de acci\u00f3n y actividad a la teor\u00eda general de las obligaciones<br \/>\n2.5.3. Las obligaciones de dinero no son obligaciones conductuales<\/p>\n<ol start=\"3\">\n<li style=\"font-weight: 400;\"><b><strong> LA AUTONOM\u00cdA CATEGORIAL DE LAS OBLIGACIONES DE DINERO COMO CONCLUSI\u00d3N GENERAL DEL CAP\u00cdTULO<\/strong><\/b><\/li>\n<\/ol>\n<p style=\"font-weight: 400;\"><b><strong>CAP\u00cdTULO V<\/strong><\/b><br \/>\n<b><strong>EL CUMPLIMIENTO DE LAS OBLIGACIONES DE DINERO<\/strong><\/b><\/p>\n<ol>\n<li style=\"font-weight: 400;\"><b><strong> LA PUESTA A DISPOSICI\u00d3N DE UNA SUMA-DE-DINERO<\/strong><\/b><\/li>\n<\/ol>\n<p style=\"font-weight: 400;\">1.1. Precisiones conceptuales<br \/>\n1.1.1. Extinci\u00f3n, cumplimiento y pago de una obligaci\u00f3n<br \/>\n1.1.2. La satisfacci\u00f3n de una obligaci\u00f3n de dinero<br \/>\n1.2. Los medios de pago<br \/>\n1.2.1. Definici\u00f3n de \u00abmedio de pago\u00bb<br \/>\n1.2.2. La taxonom\u00eda propuesta<br \/>\n1.2.3. El medio de pago cartal<br \/>\n1.2.4. Los medios de pago girales<br \/>\n1.2.5. El sistema de medios de pago como la confluencia de diversos m\u00e9todos<\/p>\n<ol start=\"2\">\n<li style=\"font-weight: 400;\"><b><strong> LA REALIZACI\u00d3N DEL CR\u00c9DITO DINERARIO<\/strong><\/b><\/li>\n<\/ol>\n<p style=\"font-weight: 400;\">2.1. Lugar y oportunidad de cumplimiento del d\u00e9bito dinerario<br \/>\n2.1.1. Exposici\u00f3n de la regulaci\u00f3n jur\u00eddica chilena<br \/>\n2.1.2. La obligaci\u00f3n de dinero como una obligaci\u00f3n de entrega modificada<br \/>\n2.2. Momento en que se ve realizado el cr\u00e9dito dinerario<br \/>\n2.2.1. Pago cartal<br \/>\n2.2.2. Pago giral<br \/>\n2.3. Equivalencia jur\u00eddica de los medios de pago cartales y girales en la soluci\u00f3n de las obligaciones de dinero<br \/>\n2.4. La posibilidad de pagos parciales<br \/>\n2.5. La unidad de cuenta en la que debe ser pagada la obligaci\u00f3n de dinero<br \/>\n2.5.1. Obligaciones de dinero expresadas en unidad de cuenta dineraria nacional<br \/>\n2.5.2. Obligaciones de dinero expresadas en una unidad de cuenta dineraria extranjera<br \/>\n2.6. Reformas legales y cumplimiento de las obligaciones de dinero<br \/>\n2.6.1. Reforma y\/o derogaci\u00f3n de la unidad de cuenta<br \/>\n2.6.2. Reforma y\/o derogaci\u00f3n de los signos dinerarios<br \/>\n2.6.3. Reforma y\/o derogaci\u00f3n de los medios de pago l\u00edtricos<\/p>\n<ol start=\"3\">\n<li style=\"font-weight: 400;\"><b><strong> EL INCUMPLIMIENTO DE LA OBLIGACI\u00d3N DE DINERO<\/strong><\/b><\/li>\n<\/ol>\n<p style=\"font-weight: 400;\">3.1. El incumplimiento temporal de la obligaci\u00f3n de dinero<br \/>\n3.2. El incumplimiento definitivo de la obligaci\u00f3n de dinero<\/p>\n","protected":false},"excerpt":{"rendered":"<p>Esta monograf\u00eda contiene un estudio sobre el concepto de dinero y la dogm\u00e1tica de las obligaciones de dinero para el derecho privado. Mediante las herramientas de la filosof\u00eda anal\u00edtica y las tesis sobre construcci\u00f3n social de la realidad, la primera parte genera un concepto artefactualista del dinero, que se enlaza con una visi\u00f3n crediticia y no de mercanc\u00eda del dinero, abandonando la cl\u00e1sica visi\u00f3n funcionalista. Esta parte termina en una reconstrucci\u00f3n del estatuto jur\u00eddico dominical del dinero, dando cuenta la imposibilidad de su reivindicaci\u00f3n. Con ello se transita hacia la segunda parte, que ofrece una dogm\u00e1tica de las obligaciones de dinero, consideradas como obligaciones de suma-de-dinero y concluyendo que conforman una categor\u00eda jur\u00eddica aut\u00f3noma tanto de las obligaciones de dar y de g\u00e9nero como de las de hacer. Esta conclusi\u00f3n servir\u00e1 de premisa para analizar el contenido \u2014poner a disposici\u00f3n de otro una suma de dinero\u2014, la especial forma de cumplimiento y la alternatividad de los medios de pago de dichas obligaciones, as\u00ed como las consecuencias de su incumplimiento. PARTE PRIMERA EL DINERO CAP\u00cdTULO I EL DINERO COMO UN ARTEFACTO INSTITUCIONAL EL DINERO COMO PARTE DE LA REALIDAD SOCIAL 1.1. La ambig\u00fcedad del t\u00e9rmino \u00abdinero\u00bb 1.2. \u00abDinero\u00bb, \u00abfen\u00f3meno dinerario\u00bb y \u00absistema dinerario\u00bb EL DINERO Y EL SISTEMA DINERARIO COMO UN ARTEFACTO INSTITUCIONAL 2.1. La justificaci\u00f3n del uso de la teor\u00eda de los artefactos 2.2. La distinci\u00f3n entre \u00abentidad institucional\u00bb y \u00abhecho institucional\u00bb 2.3. De los artefactos en general 2.3.1. Instrumentos 2.3.2. Herramientas 2.3.3. Artefactos 2.4. El dinero es un artefacto 2.4.1. An\u00e1lisis general 2.4.2. Los agentes usuarios del sistema dinerario 2.4.3. Las propiedades artefactuales que exhibe el sistema dinerario CAP\u00cdTULO II EL SISTEMA DINERARIO L\u00cdTRICO COMO UN ORDEN NORMATIVO LA TEOR\u00cdA CARTALISTA DEL DINERO 1.1. Una revisi\u00f3n de las teor\u00edas econ\u00f3micas explicativas del dinero 1.1.1. La teor\u00eda del dinero-mercanc\u00eda 1.1.2. La teor\u00eda crediticia del dinero 1.2. Una defensa de la teor\u00eda cartalista del dinero 1.2.1. La fundamentaci\u00f3n de su aplicaci\u00f3n 1.2.2. La explicaci\u00f3n del sistema dinerario bajo la teor\u00eda cartalista EL SISTEMA JUR\u00cdDICO-DINERARIO 2.1. Normatividad 2.1.1. Concepciones previas 2.2. El sistema dinerario como un artefacto jur\u00eddico 2.2.1 La institucionalidad del derecho 2.2.2. El sistema dinerario como un artefacto-p\u00fablico jur\u00eddico CAP\u00cdTULO III EL DINERO BAJO EL DERECHO DE LOS BIENES EL DINERO EN CUANTO \u00abBIEN\u00bb 1.1. Dinero, signos dinerarios e instancias de signos dinerarios 1.2. Fungibilidad 1.2.1. Origen hist\u00f3rico de la expresi\u00f3n \u00abfungible\u00bb 1.2.2. De la fungibilidad como categor\u00eda del derecho de los bienes 1.3. Consumibilidad 1.4. \u00abGenericidad\u00bb DOMINIO SOBRE DINERO 2.1. Contenido del derecho de dominio sobre el dinero 2.2. Adquisici\u00f3n del dominio sobre el dinero 2.2.1. Planteamiento del problema y su justificaci\u00f3n 2.2.2. Adquisici\u00f3n y p\u00e9rdida del dominio de instancias dinerarias bajo el derecho chileno 2.3. Propuesta de reconstrucci\u00f3n del sistema civil chileno 2.3.1. Esquema general 2.3.2. Pago cartal fundado en un t\u00edtulo eficaz 2.3.3. Pago cartal fundado en un t\u00edtulo ineficaz 2.3.4. Pago cartal en s\u00ed mismo ineficaz 2.3.5. Tenencia de dinero por disposici\u00f3n de la ley 2.3.6. Carencia de un t\u00edtulo jur\u00eddico (eficaz o ineficaz) para la tenencia PARTE SEGUNDA LA DOGM\u00c1TICA DE LAS OBLIGACIONES DE DINERO CAP\u00cdTULO IV OBLIGACIONES DE DINERO.CONCEPTO, ESTRUCTURA Y CONTENIDO UN CONCEPTO DE LAS \u00abOBLIGACIONES DE DINERO\u00bb 1.1. Las obligaciones de dinero son obligaciones de suma-de-dinero 1.1.1. Varios conceptos de \u00abobligaci\u00f3n\u00bb 1.1.2. La estructura l\u00edtrica de las obligaciones de dinero 1.1.3. La nominalidad de las obligaciones de dinero 1.2. \u00bfLas obligaciones de valor son obligaciones de dinero? 1.2.1. Concepto dogm\u00e1tico de las obligaciones de valor CONTENIDO DE LA OBLIGACI\u00d3N DINERARIA 2.1. El contenido obligacional de las obligaciones de dinero 2.2. La litricidad como presupuesto de an\u00e1lisis 2.3. \u00bfSon las obligaciones de dinero obligaciones de g\u00e9nero? 2.3.1. Las obligaciones de dinero como obligaciones de cosa 2.3.2. La autonom\u00eda de las obligaciones de dinero 2.3.3. Las obligaciones de signo dinerario 2.4. \u00bfPuesta a disposici\u00f3n de un valor? 2.4.1. La teor\u00eda \u00abvalorista-de-curso\u00bb 2.4.2. La teor\u00eda \u00abvalorista-incorporal\u00bb 2.4.3. Cr\u00edticas a la teor\u00eda \u00abvalorista-incorporal\u00bb desde una concepci\u00f3n l\u00edtrica 2.4.4. Comparaci\u00f3n entre las propuestas \u00abvaloristas\u00bb y \u00abl\u00edtrica\u00bb 2.5. \u00bfObligaci\u00f3n de hacer? 2.5.1. El concepto de acci\u00f3n 2.5.2. Aplicaci\u00f3n del concepto de acci\u00f3n y actividad a la teor\u00eda general de las obligaciones 2.5.3. Las obligaciones de dinero no son obligaciones conductuales LA AUTONOM\u00cdA CATEGORIAL DE LAS OBLIGACIONES DE DINERO COMO CONCLUSI\u00d3N GENERAL DEL CAP\u00cdTULO CAP\u00cdTULO V EL CUMPLIMIENTO DE LAS OBLIGACIONES DE DINERO LA PUESTA A DISPOSICI\u00d3N DE UNA SUMA-DE-DINERO 1.1. Precisiones conceptuales 1.1.1. Extinci\u00f3n, cumplimiento y pago de una obligaci\u00f3n 1.1.2. La satisfacci\u00f3n de una obligaci\u00f3n de dinero 1.2. Los medios de pago 1.2.1. Definici\u00f3n de \u00abmedio de pago\u00bb 1.2.2. La taxonom\u00eda propuesta 1.2.3. El medio de pago cartal 1.2.4. Los medios de pago girales 1.2.5. El sistema de medios de pago como la confluencia de diversos m\u00e9todos LA REALIZACI\u00d3N DEL CR\u00c9DITO DINERARIO 2.1. Lugar y oportunidad de cumplimiento del d\u00e9bito dinerario 2.1.1. Exposici\u00f3n de la regulaci\u00f3n jur\u00eddica chilena 2.1.2. La obligaci\u00f3n de dinero como una obligaci\u00f3n de entrega modificada 2.2. Momento en que se ve realizado el cr\u00e9dito dinerario 2.2.1. Pago cartal 2.2.2. Pago giral 2.3. Equivalencia jur\u00eddica de los medios de pago cartales y girales en la soluci\u00f3n de las obligaciones de dinero 2.4. La posibilidad de pagos parciales 2.5. La unidad de cuenta en la que debe ser pagada la obligaci\u00f3n de dinero 2.5.1. Obligaciones de dinero expresadas en unidad de cuenta dineraria nacional 2.5.2. Obligaciones de dinero expresadas en una unidad de cuenta dineraria extranjera 2.6. Reformas legales y cumplimiento de las obligaciones de dinero 2.6.1. Reforma y\/o derogaci\u00f3n de la unidad de cuenta 2.6.2. Reforma y\/o derogaci\u00f3n de los signos dinerarios 2.6.3. Reforma y\/o derogaci\u00f3n de los medios de pago l\u00edtricos EL INCUMPLIMIENTO DE LA OBLIGACI\u00d3N DE DINERO 3.1. El incumplimiento temporal de la obligaci\u00f3n de dinero 3.2. El incumplimiento definitivo de la obligaci\u00f3n de dinero<\/p>\n","protected":false},"featured_media":3603,"comment_status":"open","ping_status":"closed","template":"","meta":{"inline_featured_image":false,"_joinchat":[]},"product_brand":[],"product_cat":[27],"product_tag":[],"class_list":{"0":"post-3558","1":"product","2":"type-product","3":"status-publish","4":"has-post-thumbnail","6":"product_cat-civil","7":"product_shipping_class-a-convenir","9":"first","10":"instock","11":"shipping-taxable","12":"purchasable","13":"product-type-simple"},"_links":{"self":[{"href":"https:\/\/bibliotecajuridicavirtual.cl\/index.php\/wp-json\/wp\/v2\/product\/3558","targetHints":{"allow":["GET"]}}],"collection":[{"href":"https:\/\/bibliotecajuridicavirtual.cl\/index.php\/wp-json\/wp\/v2\/product"}],"about":[{"href":"https:\/\/bibliotecajuridicavirtual.cl\/index.php\/wp-json\/wp\/v2\/types\/product"}],"replies":[{"embeddable":true,"href":"https:\/\/bibliotecajuridicavirtual.cl\/index.php\/wp-json\/wp\/v2\/comments?post=3558"}],"wp:featuredmedia":[{"embeddable":true,"href":"https:\/\/bibliotecajuridicavirtual.cl\/index.php\/wp-json\/wp\/v2\/media\/3603"}],"wp:attachment":[{"href":"https:\/\/bibliotecajuridicavirtual.cl\/index.php\/wp-json\/wp\/v2\/media?parent=3558"}],"wp:term":[{"taxonomy":"product_brand","embeddable":true,"href":"https:\/\/bibliotecajuridicavirtual.cl\/index.php\/wp-json\/wp\/v2\/product_brand?post=3558"},{"taxonomy":"product_cat","embeddable":true,"href":"https:\/\/bibliotecajuridicavirtual.cl\/index.php\/wp-json\/wp\/v2\/product_cat?post=3558"},{"taxonomy":"product_tag","embeddable":true,"href":"https:\/\/bibliotecajuridicavirtual.cl\/index.php\/wp-json\/wp\/v2\/product_tag?post=3558"}],"curies":[{"name":"wp","href":"https:\/\/api.w.org\/{rel}","templated":true}]}}