{"id":3559,"date":"2026-02-28T01:16:02","date_gmt":"2026-02-28T04:16:02","guid":{"rendered":"https:\/\/bibliotecajuridicavirtual.cl\/?post_type=product&#038;p=3559"},"modified":"2026-02-28T01:17:16","modified_gmt":"2026-02-28T04:17:16","slug":"compendio-y-precedentes-jurisprudenciales-ley-sobre-impuesto-a-la-renta-ley-sobre-impuesto-a-las-ventas-y-servicios-ano-mayo-2025-694-pag","status":"publish","type":"product","link":"https:\/\/bibliotecajuridicavirtual.cl\/index.php\/product\/compendio-y-precedentes-jurisprudenciales-ley-sobre-impuesto-a-la-renta-ley-sobre-impuesto-a-las-ventas-y-servicios-ano-mayo-2025-694-pag\/","title":{"rendered":"Compendio y Precedentes Jurisprudenciales. Ley Sobre Impuesto a la Renta. Ley Sobre Impuesto a las Ventas y Servicios * A\u00f1o Mayo 2025 &#8211; 694 P\u00e1g."},"content":{"rendered":"<p style=\"font-weight: 400;\">El camino que pueda trazar una sentencia puede ser seguido por otros jueces, constituy\u00e9ndose en un &#8220;precedente&#8221;. Sin embargo, el precedente no garantiza en todos los casos la certeza del derecho en el evento de que un juez resuelva un asunto an\u00e1logo de otra manera. Asimismo, en un litigio se pueden presentar situaciones de lagunas, imperfecciones legales o colisiones normativas que dificulten la norma de decisoria litis que ejerce el juez. De ah\u00ed la importancia de la presente obra, cuyo objetivo es ofrecer al lector las principales sentencias en el \u00e1mbito tributario emanadas de los tribunales superiores de justicia de Chile, con relaci\u00f3n a la Ley sobre Impuesto a la Renta y de la Ley sobre Impuesto a las Ventas y Servicios, destinadas a ser consideradas como posibles precedentes jurisprudenciales, contribuyendo con la certeza jur\u00eddica para la toma de decisiones de los agentes de la tributaci\u00f3n. Asimismo, el texto ofrece un compendio de los textos vigentes de la Ley sobre Impuesto a la Renta y la Ley sobre Impuesto a las Ventas y Servicios, con sus respectivos reglamentos y leyes especiales vinculadas a ellos, considerando las \u00faltimas actualizaciones de la Ley 21.713 publicada en el a\u00f1o 2024.<\/p>\n<p style=\"font-weight: 400;\"><b><strong>CAP\u00cdTULO PRIMERO<\/strong><\/b><br \/>\n<b><strong>PRECEDENTES JURISPRUDENCIALES<\/strong><\/b><\/p>\n<ol>\n<li style=\"font-weight: 400;\">Introducci\u00f3n<br \/>\n2.\u00a0\u00a0\u00a0\u00a0Casos de precedentes en el derecho tributario chileno<\/li>\n<\/ol>\n<p style=\"font-weight: 400;\"><b><strong>CAP\u00cdTULO SEGUNDO<\/strong><\/b><br \/>\n<b><strong>LEY SOBRE IMPUESTO A LA RENTA<\/strong><\/b><\/p>\n<p style=\"font-weight: 400;\">T\u00cdTULO I. Normas Generales<\/p>\n<p style=\"font-weight: 400;\">P\u00c1RRAFO 1\u00ba. De la materia y destino del Impuesto<br \/>\nP\u00c1RRAFO 2\u00ba. Definiciones<br \/>\nP\u00c1RRAFO 3\u00ba. De los contribuyentes<br \/>\nP\u00c1RRAFO 4\u00ba. Disposiciones varias<\/p>\n<p style=\"font-weight: 400;\">T\u00cdTULO II. Del Impuesto cedular por categor\u00edas<\/p>\n<p style=\"font-weight: 400;\">PRIMERA CATEGOR\u00cdA. De las rentas del capital y de las empresas comerciales, industriales, mineras y otras<\/p>\n<p style=\"font-weight: 400;\">P\u00c1RRAFO 1\u00ba. De los contribuyentes y de la tasa del impuesto<br \/>\nP\u00c1RRAFO 2\u00ba. De los peque\u00f1os contribuyentes<br \/>\nP\u00c1RRAFO 3\u00ba. De la base imponible (92)<br \/>\nP\u00c1RRAFO 4\u00ba. De las exenciones (214)<br \/>\nP\u00c1RRAFO 5\u00ba. De la correcci\u00f3n monetaria de los activos y pasivos<br \/>\nP\u00c1RRAFO 6\u00ba (262). De las normas relativas a la tributaci\u00f3n internacional.<\/p>\n<p style=\"font-weight: 400;\">SEGUNDA CATEGOR\u00cdA. De las rentas del trabajo<\/p>\n<p style=\"font-weight: 400;\">P\u00c1RRAFO 1\u00ba. De la materia y tasa del Impuesto<\/p>\n<p style=\"font-weight: 400;\">T\u00cdTULO III. Del Impuesto Global Complementario<\/p>\n<p style=\"font-weight: 400;\">P\u00c1RRAFO 1\u00ba. De la materia y tasa del impuesto<br \/>\nP\u00c1RRAFO 2\u00ba. De la base imponible (386)<\/p>\n<p style=\"font-weight: 400;\">T\u00cdTULO IV. Del impuesto adicional<\/p>\n<p style=\"font-weight: 400;\">T\u00cdTULO IV BIS (473). Impuesto espec\u00edfico a la actividad minera<\/p>\n<p style=\"font-weight: 400;\">T\u00cdTULO V. De la administraci\u00f3n del impuesto<\/p>\n<p style=\"font-weight: 400;\">P\u00c1RRAFO 1\u00ba. De la declaraci\u00f3n y pago anual (478)<br \/>\nP\u00c1RRAFO 2\u00ba. De la retenci\u00f3n del impuesto<br \/>\nP\u00c1RRAFO 3\u00ba. Declaraci\u00f3n y pago mensual provisional<br \/>\nP\u00c1RRAFO 4\u00ba. De los informes obligatorios<br \/>\nP\u00c1RRAFO 5\u00ba. Disposiciones varias<\/p>\n<p style=\"font-weight: 400;\">T\u00cdTULO VI (597). Disposiciones especiales relativas al mercado de capitales<\/p>\n<p style=\"font-weight: 400;\">(Decreto Ley N\u00ba 824, ART\u00cdCULOS 2\u00ba a 18)<\/p>\n<p style=\"font-weight: 400;\">DISPOSICIONES TRANSITORIAS<br \/>\nNOTAS<\/p>\n<p style=\"font-weight: 400;\">Anexos DE LEY SOBRE IMPUESTO A LA RENTA<\/p>\n<p style=\"font-weight: 400;\">ANEXO N\u00ba 1. ART\u00cdCULOS TRANSITORIOS. Ley N\u00ba 21.210. MODERNIZA LEGISLACI\u00d3N TRIBUTARIA<\/p>\n<p style=\"font-weight: 400;\">ANEXO N\u00ba 2. ART\u00cdCULOS TRIG\u00c9SIMO SEGUNDO, TRIG\u00c9SIMO OCTAVO TRANSITORIO y trig\u00e9simo octavo bis transitorio de la LEy N\u00ba 21.210<\/p>\n<p style=\"font-weight: 400;\">ANEXO N\u00ba 3. Art\u00edculo 2\u00ba del decreto N\u00ba 611 del ministerio de hacienda (D.O. 09.04.2021), incorporado a dicha norma por el decreto N\u00ba 671 (D.O. 18.05.2021) y modificado por el Decreto N\u00ba 997 (d.o. 22.06.2021)<\/p>\n<p style=\"font-weight: 400;\">ANEXO N\u00ba 4. ART\u00cdCULO SEGUNDO DE LA LEY N\u00ba 21.256 (D.O. 02.09.2020) y art\u00edculo 2\u00ba de la ley N\u00ba 21.353 (d.d. 17.06.2021)<\/p>\n<p style=\"font-weight: 400;\"><b><strong>CAP\u00cdTULO TERCERO<\/strong><\/b><br \/>\n<b><strong>PRINCIPALES SENTENCIAS CON RELACI\u00d3N A LA LEY SOBRE IMPUESTO A LA RENTA<\/strong><\/b><\/p>\n<ol>\n<li style=\"font-weight: 400;\">T\u00edtulo de la sentencia: Prueba rendida en segunda instancia<br \/>\n2.\u00a0\u00a0\u00a0\u00a0T\u00edtulo de la sentencia: Tasaci\u00f3n especial del Art. 35 LIR<br \/>\n3.\u00a0\u00a0\u00a0\u00a0T\u00edtulo de la sentencia: Utilidades devengadas en cuentas corrientes en el exterior<br \/>\n4.\u00a0\u00a0\u00a0\u00a0T\u00edtulo de la sentencia: 14 bis e inicio de actividades<br \/>\n5.\u00a0\u00a0\u00a0\u00a0T\u00edtulo de la sentencia: Costas personales como un gasto necesario para producir renta. Caso Isapres<br \/>\n6.\u00a0\u00a0\u00a0\u00a0T\u00edtulo de la sentencia: Impuesto \u00fanico del Art. 21 de la LIR<br \/>\n7.\u00a0\u00a0\u00a0\u00a0T\u00edtulo de la sentencia: Inversiones en fondos mutuos y moneda extranjera<br \/>\n8.\u00a0\u00a0\u00a0\u00a0T\u00edtulo de la sentencia: Aporte de acciones<br \/>\n9.\u00a0\u00a0\u00a0\u00a0T\u00edtulo de la sentencia: El valor patrimonial de los derechos del socio fallecido<br \/>\n10.\u00a0\u00a0\u00a0\u00a0T\u00edtulo de la sentencia: Plazo para fiscalizar una p\u00e9rdida tributaria de arrastre y tasaciones<br \/>\n11.\u00a0\u00a0\u00a0\u00a0T\u00edtulo de la sentencia: Mandato con o sin representaci\u00f3n<br \/>\n12.\u00a0\u00a0\u00a0\u00a0T\u00edtulo de la sentencia: Gastos por asesor\u00edas e indemnizaciones laborales<br \/>\n13.\u00a0\u00a0\u00a0\u00a0T\u00edtulo de la sentencia: Ingreso no renta en la venta de acciones<br \/>\n14.\u00a0\u00a0\u00a0\u00a0T\u00edtulo de la sentencia: Justificaci\u00f3n de inversiones por la compra de d\u00f3lares<br \/>\n15.\u00a0\u00a0\u00a0\u00a0T\u00edtulo de la sentencia: Modificaci\u00f3n de puntos de prueba<br \/>\n16.\u00a0\u00a0\u00a0\u00a0T\u00edtulo de la sentencia: P\u00e9rdida de arrastre, gastos financieros y otros desembolsos<br \/>\n17.\u00a0\u00a0\u00a0\u00a0T\u00edtulo de la sentencia: Destrucci\u00f3n de existencia, honorarios y mantenciones mec\u00e1nicas<br \/>\n18.\u00a0\u00a0\u00a0\u00a0T\u00edtulo de la sentencia: Pago en exceso del impuesto adicional y normas transitorias<br \/>\n19.\u00a0\u00a0\u00a0\u00a0T\u00edtulo de la sentencia: Gastos presuntos y boletas de honorarios<br \/>\n20.\u00a0\u00a0\u00a0\u00a0T\u00edtulo de la sentencia: Intereses por pr\u00e9stamos entre empresas relacionadas<br \/>\n21.\u00a0\u00a0\u00a0\u00a0T\u00edtulo de la sentencia: Gastos laborales y otros adeudados del periodo anterior<br \/>\n22.\u00a0\u00a0\u00a0\u00a0T\u00edtulo de la sentencia: Asesor\u00edas verbales y servicios no prestados<br \/>\n23.\u00a0\u00a0\u00a0\u00a0T\u00edtulo de la sentencia: Intereses bancarios como un gasto necesario<br \/>\n24.\u00a0\u00a0\u00a0\u00a0T\u00edtulo de la sentencia: Costo de venta como ajuste de inventario<br \/>\n25.\u00a0\u00a0\u00a0\u00a0T\u00edtulo de la sentencia: P\u00e9rdida originada por la venta de acciones<br \/>\n26.\u00a0\u00a0\u00a0\u00a0T\u00edtulo de la sentencia: Cr\u00e9dito por capacitaci\u00f3n e Impuesto de 1\u00ba categor\u00eda<br \/>\n27.\u00a0\u00a0\u00a0\u00a0T\u00edtulo de la sentencia: Deducci\u00f3n de gastos financieros<br \/>\n28.\u00a0\u00a0\u00a0\u00a0T\u00edtulo de la sentencia: P\u00e9rdidas de arrastre<br \/>\n29.\u00a0\u00a0\u00a0\u00a0T\u00edtulo de la sentencia: Justificaci\u00f3n de inversiones<br \/>\n30.\u00a0\u00a0\u00a0\u00a0T\u00edtulo de la sentencia: Contrato de mandato y fideicomiso como donaci\u00f3n<br \/>\n31.\u00a0\u00a0\u00a0\u00a0T\u00edtulo de la sentencia: Divisi\u00f3n de sociedad y asignaci\u00f3n de partidas que generaron intereses y reajustes<br \/>\n32.\u00a0\u00a0\u00a0\u00a0T\u00edtulo de la sentencia: P\u00e9rdida tributaria de arrastre y giro inmobiliario<br \/>\n33.\u00a0\u00a0\u00a0\u00a0T\u00edtulo de la sentencia: Gasto asociado al cr\u00e9dito asociado a la adquisici\u00f3n de activos subyacentes<br \/>\n34.\u00a0\u00a0\u00a0\u00a0T\u00edtulo de la sentencia: Disminuci\u00f3n de capital<br \/>\n35.\u00a0\u00a0\u00a0\u00a0T\u00edtulo de la sentencia: Pago de una comisi\u00f3n y no de cualquier servicio al extranjero<br \/>\n36.\u00a0\u00a0\u00a0\u00a0T\u00edtulo de la sentencia: Origen de los fondos e inversi\u00f3n de dep\u00f3sitos a plazo<br \/>\n37.\u00a0\u00a0\u00a0\u00a0T\u00edtulo de la sentencia: Instrumentos derivados (forwards)<br \/>\n38.\u00a0\u00a0\u00a0\u00a0T\u00edtulo de la sentencia: Tasaci\u00f3n especial por cuestionar la materialidad de las operaciones<br \/>\n39.\u00a0\u00a0\u00a0\u00a0T\u00edtulo de la sentencia: Honorarios Gerente General y Relatores<br \/>\n40.\u00a0\u00a0\u00a0\u00a0T\u00edtulo de la sentencia: Reducci\u00f3n como gastos de impuestos pagados a favor de un tercero<br \/>\n41.\u00a0\u00a0\u00a0\u00a0T\u00edtulo de la sentencia: Acreditaci\u00f3n de los gastos de arrendamiento<br \/>\n42.\u00a0\u00a0\u00a0\u00a0T\u00edtulo de la sentencia: Intereses, swap y reajustes, entre otros<br \/>\n43.\u00a0\u00a0\u00a0\u00a0T\u00edtulo de la sentencia: Cr\u00e9dito por impuesto territorial<br \/>\n44.\u00a0\u00a0\u00a0\u00a0T\u00edtulo de la sentencia: Impuesto territorial<br \/>\n45.\u00a0\u00a0\u00a0\u00a0T\u00edtulo de la sentencia: Gastos de intereses<br \/>\n46.\u00a0\u00a0\u00a0\u00a0T\u00edtulo de la sentencia: Ingreso no renta en la enajenaci\u00f3n de bienes ra\u00edces.<br \/>\n47.\u00a0\u00a0\u00a0\u00a0T\u00edtulo de la sentencia: Devoluci\u00f3n de impuesto adicional pagado en exceso<br \/>\n48.\u00a0\u00a0\u00a0\u00a0T\u00edtulo de la sentencia: Exenci\u00f3n de impuesto a la renta<br \/>\n49.\u00a0\u00a0\u00a0\u00a0T\u00edtulo de la sentencia: Pagos efectuados al exterior por reembolsos de gastos<br \/>\n50.\u00a0\u00a0\u00a0\u00a0T\u00edtulo de la sentencia: R\u00e9gimen general y especial en la venta de acciones<br \/>\n51.\u00a0\u00a0\u00a0\u00a0T\u00edtulo de la sentencia: Justificaci\u00f3n de inversiones y rentas percibidas<br \/>\n52.\u00a0\u00a0\u00a0\u00a0T\u00edtulo de la sentencia: Plazo razonable y contribuyentes del Art. 21 LIR<\/li>\n<\/ol>\n<p style=\"font-weight: 400;\"><b><strong>CAP\u00cdTULO CUARTO<\/strong><\/b><br \/>\n<b><strong>LEY SOBRE IMPUESTO A LAS VENTAS Y SERVICIOS<\/strong><\/b><\/p>\n<p style=\"font-weight: 400;\">T\u00cdTULO I. Normas Generales<\/p>\n<p style=\"font-weight: 400;\">P\u00c1RRAFO 1\u00ba. De la materia y destino del impuesto<br \/>\nP\u00c1RRAFO 2\u00ba. Definiciones<br \/>\nP\u00c1RRAFO 3\u00ba. De los contribuyentes<br \/>\nP\u00c1RRAFO 4\u00ba. Otras disposiciones<\/p>\n<p style=\"font-weight: 400;\">T\u00cdTULO II. Impuesto al Valor Agregado<\/p>\n<p style=\"font-weight: 400;\">P\u00c1RRAFO 1\u00ba. Del hecho gravado<br \/>\nP\u00c1RRAFO 2\u00ba. Del momento en que se devenga el impuesto<br \/>\nP\u00c1RRAFO 3\u00ba. Del sujeto del impuesto<br \/>\nP\u00c1RRAFO 4\u00ba. De las ventas y servicios exentos del impuesto<br \/>\nP\u00c1RRAFO 5\u00ba. Tasa, base imponible y d\u00e9bito fiscal<br \/>\nP\u00c1RRAFO 6\u00ba. Del cr\u00e9dito fiscal (156) (157) (158)<br \/>\nP\u00c1RRAFO 7\u00ba. Del r\u00e9gimen de tributaci\u00f3n simplificada para los peque\u00f1os contribuyentes<br \/>\nP\u00c1RRAFO 7\u00ba BIS (207). DEL R\u00c9GIMEN SIMPLIFICADO PARA CONTRIBUYENTES NO DOMICILIADOS NI RESIDENTES EN CHILE<br \/>\nP\u00c1RRAFO 8\u00ba. DE LOS EXPORTADORES<\/p>\n<p style=\"font-weight: 400;\">T\u00cdTULO III. Impuestos especiales a las ventas y servicios<\/p>\n<p style=\"font-weight: 400;\">P\u00c1RRAFO 1\u00ba. Del impuesto adicional a ciertos productos<br \/>\nP\u00c1RRAFO 2\u00ba. Del impuesto a las ventas de autom\u00f3viles y otros veh\u00edculos (240)<br \/>\nP\u00c1RRAFO 3\u00ba. Del impuesto adicional a las bebidas alcoh\u00f3licas, analcoh\u00f3licas y productos similares (242) (243)<br \/>\nP\u00c1RRAFO 4\u00ba. Otros impuestos espec\u00edficos (267) (268)<br \/>\nP\u00c1RRAFO 5\u00ba. Del impuesto a las compras de monedas extranjeras<br \/>\nP\u00c1RRAFO 6\u00ba. Disposiciones varias (276)<\/p>\n<p style=\"font-weight: 400;\">T\u00cdTULO IV. De la administraci\u00f3n del impuesto<\/p>\n<p style=\"font-weight: 400;\">P\u00c1RRAFO 1\u00ba. Del Registro de los Contribuyentes<br \/>\nP\u00c1RRAFO 2\u00ba. De las facturas y otros comprobantes de ventas y servicios<br \/>\nP\u00c1RRAFO 3\u00ba. De los libros y registros<br \/>\nP\u00c1RRAFO 4\u00ba. De la declaraci\u00f3n y pago del impuesto (318) (319)<br \/>\nP\u00c1RRAFO 5\u00ba. Otras disposiciones<br \/>\nP\u00c1RRAFO 6\u00ba (350). Procedimiento general para solicitar la devoluci\u00f3n o recuperaci\u00f3n de los impuestos de esta ley<\/p>\n<p style=\"font-weight: 400;\"><b><strong>ANEXOS DE LA LEY SOBRE IMPUESTO A LAs ventas y servicios, CONTENIDA EN EL DECRETO LEY N\u00ba 825 de 1974<\/strong><\/b><\/p>\n<p style=\"font-weight: 400;\">ANEXO N\u00ba 1. DECRETO SUPREMO N\u00ba 55, DE HACIENDA, DE 1977, REGLAMENTO DE LA LEY SOBRE IMPUESTO A LAS VENTAS Y SERVICIOS<\/p>\n<p style=\"font-weight: 400;\">T\u00cdTULO I. Generalidades<\/p>\n<p style=\"font-weight: 400;\">T\u00cdTULO II. Hecho gravado con el Impuesto al Valor Agregado<\/p>\n<p style=\"font-weight: 400;\">T\u00cdTULO III. Del momento en que se devenga el Impuesto al Valor Agregado<\/p>\n<p style=\"font-weight: 400;\">T\u00cdTULO IV. Del sujeto del Impuesto al Valor Agregado<\/p>\n<p style=\"font-weight: 400;\">T\u00cdTULO V. Exenciones del Impuesto al Valor Agregado<\/p>\n<p style=\"font-weight: 400;\">T\u00cdTULO VI. Tasa y Base Imponible del Impuesto al Valor Agregado<\/p>\n<p style=\"font-weight: 400;\">T\u00cdTULO VII. Determinaci\u00f3n del d\u00e9bito fiscal en el Impuesto al Valor Agregado<\/p>\n<p style=\"font-weight: 400;\">T\u00cdTULO VIII. Del cr\u00e9dito fiscal en el Impuesto al Valor Agregado<\/p>\n<p style=\"font-weight: 400;\">T\u00cdTULO IX. Determinaci\u00f3n del Impuesto al Valor Agregado<\/p>\n<p style=\"font-weight: 400;\">T\u00cdTULO X. R\u00e9gimen de tributaci\u00f3n simplificada de los peque\u00f1os contribuyentes<\/p>\n<p style=\"font-weight: 400;\">T\u00cdTULO XI. Impuestos Especiales a las Ventas y Servicios (9-g)<\/p>\n<p style=\"font-weight: 400;\">T\u00cdTULO XII. De los Veh\u00edculos Motorizados (10-a)<\/p>\n<p style=\"font-weight: 400;\">T\u00cdTULO XIII. De la administraci\u00f3n del Impuesto<\/p>\n<p style=\"font-weight: 400;\">T\u00cdTULO XIV. De los Registros (23-b)<\/p>\n<p style=\"font-weight: 400;\">T\u00cdTULO XV. Normas sobre declaraci\u00f3n y pago<\/p>\n<p style=\"font-weight: 400;\">T\u00cdTULO XVI. Otras disposiciones<\/p>\n<p style=\"font-weight: 400;\">T\u00cdTULO XVII. Disposiciones reglamentarias sobre el Impuesto Adicional a las bebidas alcoh\u00f3licas (29)<\/p>\n<p style=\"font-weight: 400;\">Anexo N\u00ba 2. DECRETO SUPREMO N\u00ba 348 REGLAMENTO IVA EXPORTADOR TEXTO REFUNDIDO, FIJADO POR EL DECRETO SUPREMO N\u00ba 79<\/p>\n<p style=\"font-weight: 400;\">Anexo N\u00ba 3. ART\u00cdCULO SEGUNDO DE LA LEY N\u00ba 21.256 (D.O. 02.09.2020) y art\u00edculo 2\u00ba de la ley N\u00ba 21.353 (d.O. 17.06.2021)<\/p>\n<p style=\"font-weight: 400;\"><b><strong>CAP\u00cdTULO QUINTO<\/strong><\/b><br \/>\n<b><strong>PRINCIPALES SENTENCIAS CON RELACI\u00d3N A LA LEY SOBRE IMPUESTO A LAS VENTAS Y SERVICIOS<\/strong><\/b><\/p>\n<ol>\n<li style=\"font-weight: 400;\">T\u00edtulo de la sentencia: IVA pagado en exceso: \u00bfQu\u00e9 hacer?<br \/>\n2.\u00a0\u00a0\u00a0\u00a0T\u00edtulo de la sentencia: No es necesario rectificar, para restituir<br \/>\n3.\u00a0\u00a0\u00a0\u00a0T\u00edtulo de la sentencia: Emisi\u00f3n de notas de cr\u00e9dito<br \/>\n4.\u00a0\u00a0\u00a0\u00a0T\u00edtulo de la sentencia: Cr\u00e9dito Especial Empresas Constructoras<br \/>\n5.\u00a0\u00a0\u00a0\u00a0T\u00edtulo de la sentencia: Devoluci\u00f3n por adquisici\u00f3n de bienes del activo fijo<br \/>\n6.\u00a0\u00a0\u00a0\u00a0T\u00edtulo de la sentencia: Tratamiento de las mermas de mercader\u00edas frente al IVA<br \/>\n7.\u00a0\u00a0\u00a0\u00a0T\u00edtulo de la sentencia: Rectificaci\u00f3n de Formularios N\u00ba 29 y cruce de informaci\u00f3n<br \/>\n8.\u00a0\u00a0\u00a0\u00a0T\u00edtulo de la sentencia: Hecho gravado con IVA<br \/>\n9.\u00a0\u00a0\u00a0\u00a0T\u00edtulo de la sentencia: Hecho gravado con IVA<br \/>\n10.\u00a0\u00a0\u00a0\u00a0T\u00edtulo de la sentencia: Devoluci\u00f3n de remanente cr\u00e9dito fiscal<br \/>\n11.\u00a0\u00a0\u00a0\u00a0T\u00edtulo de la sentencia: IVA exportador. Acto reclamable<br \/>\n12.\u00a0\u00a0\u00a0\u00a0T\u00edtulo de la sentencia: IVA exportador<br \/>\n13.\u00a0\u00a0\u00a0\u00a0T\u00edtulo de la sentencia: Derechos personal\u00edsimos en IVA<\/li>\n<\/ol>\n","protected":false},"excerpt":{"rendered":"<h5 style=\"text-align: left;\">Antonio Fa\u00fandez Ugalde y Abel Hidalgo Vega<\/h5>\n<p>Buscas un libro Jur\u00eddico.? Lo puedes encontrar en nuestra tienda virtual.<br \/>\nContamos con prestigiosos autores y muchas alternativas en sus diferentes materias al igual que grandes descuentos.! Vis\u00edtanos en <a class=\"IfLmRNJWDKWJahDEmDaCEOnDSeXHtBgyBFDsa \" tabindex=\"0\" href=\"https:\/\/lnkd.in\/eiAG7jdZ\" target=\"_blank\" rel=\"noopener\" data-test-app-aware-link=\"\">https:\/\/lnkd.in\/eiAG7jdZ<\/a><br \/>\nEscr\u00edbenos al +56930565235 \/ <a class=\"IfLmRNJWDKWJahDEmDaCEOnDSeXHtBgyBFDsa \" tabindex=\"0\" href=\"mailto:ventaslegallexglobal@gmail.com\" target=\"_self\" data-test-app-aware-link=\"\">ventaslegallexglobal@gmail.com<\/a><br \/>\nHacemos env\u00edos a todo Chile \u2013 Starken o Correos Chile \/ Te esperamos<\/p>\n","protected":false},"featured_media":3604,"comment_status":"open","ping_status":"closed","template":"","meta":{"inline_featured_image":false,"_joinchat":[]},"product_brand":[],"product_cat":[28],"product_tag":[],"class_list":{"0":"post-3559","1":"product","2":"type-product","3":"status-publish","4":"has-post-thumbnail","6":"product_cat-tributario","7":"product_shipping_class-a-convenir","9":"first","10":"instock","11":"shipping-taxable","12":"purchasable","13":"product-type-simple"},"_links":{"self":[{"href":"https:\/\/bibliotecajuridicavirtual.cl\/index.php\/wp-json\/wp\/v2\/product\/3559","targetHints":{"allow":["GET"]}}],"collection":[{"href":"https:\/\/bibliotecajuridicavirtual.cl\/index.php\/wp-json\/wp\/v2\/product"}],"about":[{"href":"https:\/\/bibliotecajuridicavirtual.cl\/index.php\/wp-json\/wp\/v2\/types\/product"}],"replies":[{"embeddable":true,"href":"https:\/\/bibliotecajuridicavirtual.cl\/index.php\/wp-json\/wp\/v2\/comments?post=3559"}],"wp:featuredmedia":[{"embeddable":true,"href":"https:\/\/bibliotecajuridicavirtual.cl\/index.php\/wp-json\/wp\/v2\/media\/3604"}],"wp:attachment":[{"href":"https:\/\/bibliotecajuridicavirtual.cl\/index.php\/wp-json\/wp\/v2\/media?parent=3559"}],"wp:term":[{"taxonomy":"product_brand","embeddable":true,"href":"https:\/\/bibliotecajuridicavirtual.cl\/index.php\/wp-json\/wp\/v2\/product_brand?post=3559"},{"taxonomy":"product_cat","embeddable":true,"href":"https:\/\/bibliotecajuridicavirtual.cl\/index.php\/wp-json\/wp\/v2\/product_cat?post=3559"},{"taxonomy":"product_tag","embeddable":true,"href":"https:\/\/bibliotecajuridicavirtual.cl\/index.php\/wp-json\/wp\/v2\/product_tag?post=3559"}],"curies":[{"name":"wp","href":"https:\/\/api.w.org\/{rel}","templated":true}]}}