{"id":3560,"date":"2026-02-28T01:16:02","date_gmt":"2026-02-28T04:16:02","guid":{"rendered":"https:\/\/bibliotecajuridicavirtual.cl\/?post_type=product&#038;p=3560"},"modified":"2026-02-28T01:17:17","modified_gmt":"2026-02-28T04:17:17","slug":"derecho-matrimonial-ano-2024-264-pag-autor-jorge-del-pico-rubio-marcela-acuna-san-martin","status":"publish","type":"product","link":"https:\/\/bibliotecajuridicavirtual.cl\/index.php\/product\/derecho-matrimonial-ano-2024-264-pag-autor-jorge-del-pico-rubio-marcela-acuna-san-martin\/","title":{"rendered":"Derecho Matrimonial. A\u00f1o 2024\/264 P\u00e1g. Autor Jorge del Pic\u00f3 Rubio, Marcela Acu\u00f1a San Mart\u00edn"},"content":{"rendered":"<p>La obra contiene una s\u00edntesis actualizada del Derecho Matrimonial chileno, desarrollada por especialistas en la disciplina del derecho civil de familia que cuentan con una de dilatada trayectoria en investigaci\u00f3n jur\u00eddica y la docencia universitaria. Se destina principalmente a facilitar el trabajo judicial especializado en la materia y a quienes desarrollan actividades acad\u00e9micas y profesionales.<br \/>\nLa materia tratada se introduce desde la realidad social de la pareja, incorporando aspectos relacionados con las personas que integran la uni\u00f3n afectiva-sexual, para luego desarrollar el reconocimiento civil de la misma y la recepci\u00f3n legal en el derecho nacional, considerando el matrimonio en tanto acto jur\u00eddico y estado emergente desde el acto. Realiza un tratamiento particular de los sistemas civilmente reconocidos referidos a la uni\u00f3n afectiva sexual de la pareja, que incluye: los requisitos para su celebraci\u00f3n civilmente v\u00e1lida luego de la entrada en vigor de la Ley N\u00b0 21.400, el r\u00e9gimen personal y econ\u00f3mico del estado conyugal, y la terminaci\u00f3n del matrimonio, con \u00e9nfasis en los efectos del divorcio.<br \/>\nEn su elaboraci\u00f3n se ha priorizado la inclusi\u00f3n de todas las reformas legales dentro del contexto estructural del derecho matrimonial chileno, esto es, haciendo la respectiva referencia en cada materia que ha sido objeto de reforma, procurando facilitar una lectura y estudio sistem\u00e1tico del orden civil de la pareja, que considera de manera especial las tendencias de valorizaci\u00f3n personal de los sujetos celebrantes y el respeto de la autonom\u00eda de su voluntad en la dimensi\u00f3n de intimidad de su personalidad. Incluye, por tanto, todas las tem\u00e1ticas y prioridades establecidas por la Academia Judicial de Chile, incorporadas en un marco sistem\u00e1tico disciplinario, procurando abordar los desaf\u00edos concretos que las sucesivas reformas legales conllevan para el trabajo judicial.<br \/>\nEste libro ha considerado la legislaci\u00f3n vigente y la jurisprudencia pertinente, mencionando referencias influyentes provenientes de instrumentos internacionales, las monograf\u00edas elaboradas por ambos autores y la doctrina de referencia usual en cada campo disciplinario espec\u00edfico dentro del derecho de familia.<\/p>\n","protected":false},"excerpt":{"rendered":"<p>La obra contiene una s\u00edntesis actualizada del Derecho Matrimonial chileno, desarrollada por especialistas en la disciplina del derecho civil de familia que cuentan con una de dilatada trayectoria en investigaci\u00f3n jur\u00eddica y la docencia universitaria. Se destina principalmente a facilitar el trabajo judicial especializado en la materia y a quienes desarrollan actividades acad\u00e9micas y profesionales. La materia tratada se introduce desde la realidad social de la pareja, incorporando aspectos relacionados con las personas que integran la uni\u00f3n afectiva-sexual, para luego desarrollar el reconocimiento civil de la misma y la recepci\u00f3n legal en el derecho nacional, considerando el matrimonio en tanto acto jur\u00eddico y estado emergente desde el acto. Realiza un tratamiento particular de los sistemas civilmente reconocidos referidos a la uni\u00f3n afectiva sexual de la pareja, que incluye: los requisitos para su celebraci\u00f3n civilmente v\u00e1lida luego de la entrada en vigor de la Ley N\u00b0 21.400, el r\u00e9gimen personal y econ\u00f3mico del estado conyugal, y la terminaci\u00f3n del matrimonio, con \u00e9nfasis en los efectos del divorcio. En su elaboraci\u00f3n se ha priorizado la inclusi\u00f3n de todas las reformas legales dentro del contexto estructural del derecho matrimonial chileno, esto es, haciendo la respectiva referencia en cada materia que ha sido objeto de reforma, procurando facilitar una lectura y estudio sistem\u00e1tico del orden civil de la pareja, que considera de manera especial las tendencias de valorizaci\u00f3n personal de los sujetos celebrantes y el respeto de la autonom\u00eda de su voluntad en la dimensi\u00f3n de intimidad de su personalidad. Incluye, por tanto, todas las tem\u00e1ticas y prioridades establecidas por la Academia Judicial de Chile, incorporadas en un marco sistem\u00e1tico disciplinario, procurando abordar los desaf\u00edos concretos que las sucesivas reformas legales conllevan para el trabajo judicial. Este libro ha considerado la legislaci\u00f3n vigente y la jurisprudencia pertinente, mencionando referencias influyentes provenientes de instrumentos internacionales, las monograf\u00edas elaboradas por ambos autores y la doctrina de referencia usual en cada campo disciplinario espec\u00edfico dentro del derecho de familia.<\/p>\n","protected":false},"featured_media":3605,"comment_status":"open","ping_status":"closed","template":"","meta":{"inline_featured_image":false,"_joinchat":[]},"product_brand":[],"product_cat":[38,29],"product_tag":[],"class_list":{"0":"post-3560","1":"product","2":"type-product","3":"status-publish","4":"has-post-thumbnail","6":"product_cat-editorial-der-ediciones","7":"product_cat-familia-y-del-menor","8":"product_shipping_class-a-convenir","10":"first","11":"instock","12":"shipping-taxable","13":"purchasable","14":"product-type-simple"},"_links":{"self":[{"href":"https:\/\/bibliotecajuridicavirtual.cl\/index.php\/wp-json\/wp\/v2\/product\/3560","targetHints":{"allow":["GET"]}}],"collection":[{"href":"https:\/\/bibliotecajuridicavirtual.cl\/index.php\/wp-json\/wp\/v2\/product"}],"about":[{"href":"https:\/\/bibliotecajuridicavirtual.cl\/index.php\/wp-json\/wp\/v2\/types\/product"}],"replies":[{"embeddable":true,"href":"https:\/\/bibliotecajuridicavirtual.cl\/index.php\/wp-json\/wp\/v2\/comments?post=3560"}],"wp:featuredmedia":[{"embeddable":true,"href":"https:\/\/bibliotecajuridicavirtual.cl\/index.php\/wp-json\/wp\/v2\/media\/3605"}],"wp:attachment":[{"href":"https:\/\/bibliotecajuridicavirtual.cl\/index.php\/wp-json\/wp\/v2\/media?parent=3560"}],"wp:term":[{"taxonomy":"product_brand","embeddable":true,"href":"https:\/\/bibliotecajuridicavirtual.cl\/index.php\/wp-json\/wp\/v2\/product_brand?post=3560"},{"taxonomy":"product_cat","embeddable":true,"href":"https:\/\/bibliotecajuridicavirtual.cl\/index.php\/wp-json\/wp\/v2\/product_cat?post=3560"},{"taxonomy":"product_tag","embeddable":true,"href":"https:\/\/bibliotecajuridicavirtual.cl\/index.php\/wp-json\/wp\/v2\/product_tag?post=3560"}],"curies":[{"name":"wp","href":"https:\/\/api.w.org\/{rel}","templated":true}]}}