{"id":3561,"date":"2026-02-28T01:16:02","date_gmt":"2026-02-28T04:16:02","guid":{"rendered":"https:\/\/bibliotecajuridicavirtual.cl\/?post_type=product&#038;p=3561"},"modified":"2026-02-28T01:17:19","modified_gmt":"2026-02-28T04:17:19","slug":"anuario-del-programa-de-doctorado-en-derecho-de-la-universidad-de-talca-ano-2024-489-pag-autor-ivan-obando-camino","status":"publish","type":"product","link":"https:\/\/bibliotecajuridicavirtual.cl\/index.php\/product\/anuario-del-programa-de-doctorado-en-derecho-de-la-universidad-de-talca-ano-2024-489-pag-autor-ivan-obando-camino\/","title":{"rendered":"Anuario del Programa de Doctorado en Derecho de la Universidad de Talca. A\u00f1o 2024\/489 P\u00e1g. Autor Iv\u00e1n Obando Camino"},"content":{"rendered":"<p>El Anuario 2023 del Programa de Doctorado en Derecho de la Universidad de Talca reporta las actividades acad\u00e9micas y de investigaci\u00f3n realizadas durante el a\u00f1o, incluyendo el II Seminario de Investigaci\u00f3n de Estudiantes de Doctorado en colaboraci\u00f3n con la Universidad del Oeste de Santa Catarina (UNOESC), Campus Chapec\u00f3. El evento virtual, celebrado el 22 y 23 de junio y coordinado por profesores de ambas instituciones, permiti\u00f3 a graduados y estudiantes avanzados presentar y discutir sus investigaciones, con el objetivo de recibir retroalimentaci\u00f3n para futuras publicaciones o para mejorar sus tesis en desarrollo. Las comunicaciones cubrieron temas de derecho de familia y personas, derechos fundamentales, derecho del trabajo, derecho privado, derecho sanitario, derecho administrativo y derecho ambiental. Adem\u00e1s, la secci\u00f3n II incluye estudios de profesores del programa y una nota de investigaci\u00f3n de un profesor invitado, mientras que la secci\u00f3n III ofrece una cr\u00f3nica del programa en 2023, detallando la gesti\u00f3n, selecci\u00f3n de estudiantes y proyectos de tesis defendidos<\/p>\n<p class=\"IG_IndiceGeneral\" lang=\"es-ES\">\u00cdNDICE<\/p>\n<p class=\"IG_1\" lang=\"es-ES\">Presentaci\u00f3n<\/p>\n<p class=\"IG_Autor\" lang=\"es-ES\">Iv\u00e1n Obando Camino<\/p>\n<p class=\"IG_CapituloNumero\" lang=\"es-ES\">I. ACTAS DEL II SEMINARIO INTERNACIONAL DE INVESTIGACI\u00d3N DE ESTUDIANTES DE DOCTORADO EN DERECHO<\/p>\n<p class=\"IG_CapituloNumero\" lang=\"es-ES\">FAMILIA Y PERSONAS<\/p>\n<p class=\"IG_1\" lang=\"es-ES\">Toma de decisiones de ni\u00f1os, ni\u00f1as y adolescentes en el contexto sanitario a la luz de los principios de inter\u00e9s superior del ni\u00f1o\/a y autonom\u00eda progresiva<\/p>\n<p class=\"IG_Autor\" lang=\"es-ES\">Juliana S. D\u00edaz Pantoja<\/p>\n<p class=\"IG_1\" lang=\"es-ES\">Sistema de garant\u00edas dos direitos das crian\u00e7as e dos adolescentes refugiados na Am\u00e9rica Latina<\/p>\n<p class=\"IG_Autor\" lang=\"es-ES\">Juliana Furlani<\/p>\n<p class=\"IG_1\" lang=\"es-ES\">Maternagem, cuidado e autonomia<\/p>\n<p class=\"IG_Autor\" lang=\"es-ES\">Cl\u00e1udia Cinara Locateli<\/p>\n<p class=\"IG_1\" lang=\"es-ES\">Educa\u00e7\u00e3o b\u00e1sica e rela\u00e7\u00f5es \u00e9tnico-raciais: presen\u00e7a ind\u00edgena e afro-brasileira nos livros did\u00e1ticos na escola brasileira<\/p>\n<p class=\"IG_Autor\" lang=\"es-ES\">S\u00f4nia Maria Cardozo dos Santos<\/p>\n<p class=\"IG_CapituloNumero\" lang=\"es-ES\">DERECHOS FUNDAMENTALES Y DERECHO SOCIAL<\/p>\n<p class=\"IG_1\" lang=\"es-ES\">Discriminaci\u00f3n interseccional como una afrenta compleja al principio de igualdad, su inclusi\u00f3n en las ciencias jur\u00eddicas y el Sistema Internacional de protecci\u00f3n de Derechos Humanos, est\u00e1ndares interamericanos<\/p>\n<p class=\"IG_Autor\" lang=\"es-ES\">Dominnique Luan Ramos<\/p>\n<p class=\"IG_1\" lang=\"es-ES\">La gesti\u00f3n algor\u00edtmica en el ejercicio de las facultades del empleador y sus efectos sobre las relaciones laborales. Una aproximaci\u00f3n al problema de la discriminaci\u00f3n algor\u00edtmica laboral<\/p>\n<p class=\"IG_Autor\" lang=\"es-ES\">Roberto Enrique Padilla Parga<\/p>\n<p class=\"IG_1\" lang=\"es-ES\">Prop\u00f3sitos e significados do trabalho decente<\/p>\n<p class=\"IG_Autor\" lang=\"es-ES\">Isadora K. Lazaretti<\/p>\n<p class=\"IG_1\" lang=\"es-ES\">Laicidade, liberdade religiosa e os reflexos no debate sobre direitos fundamentais<\/p>\n<p class=\"IG_Autor\" lang=\"es-ES\">Michel Ferrari Borges dos Santos<\/p>\n<p class=\"IG_CapituloNumero\" lang=\"es-ES\">DERECHO PRIVADO Y SANITARIO<\/p>\n<p class=\"IG_1\" lang=\"es-ES\">Reparar y prevenir el da\u00f1o por incumplimiento del deber de informaci\u00f3n autodeterminativa del m\u00e9dico hacia el paciente en la relaci\u00f3n cl\u00ednica<\/p>\n<p class=\"IG_Autor\" lang=\"es-ES\">Edison Calahorrano Latorre<\/p>\n<p class=\"IG_1\" lang=\"es-ES\">Protecci\u00f3n de datos en salud<\/p>\n<p class=\"IG_Autor\" lang=\"es-ES\">Ernesto C. San Mart\u00edn Z\u00fa\u00f1iga<\/p>\n<p class=\"IG_1\" lang=\"es-ES\">An\u00e1lisis cr\u00edtico del marco jur\u00eddico vigente de las sociedades an\u00f3nimas en Chile a la luz de los lineamientos internacionales sobre responsabilidad social empresarial<\/p>\n<p class=\"IG_Autor\" lang=\"es-ES\">Gloria Vargas Almonacid<\/p>\n<p class=\"IG_1\" lang=\"es-ES\">A constru\u00e7\u00e3o da autonomia decis\u00f3ria em decis\u00f5es de fim de vida<\/p>\n<p class=\"IG_Autor\" lang=\"es-ES\">Daniela Zilio<\/p>\n<p class=\"IG_CapituloNumero\" lang=\"es-ES\">DERECHO ADMINISTRATIVO<\/p>\n<p class=\"IG_1\" lang=\"es-ES\">Algunas aproximaciones relativas a la ejecuci\u00f3n de oficio del acto administrativo en el ordenamiento jur\u00eddico chileno<\/p>\n<p class=\"IG_Autor\" lang=\"es-ES\">Alejandro C\u00e1rcamo Righetti<\/p>\n<p class=\"IG_CapituloNumero\" lang=\"es-ES\">DERECHO PENAL, DERECHO PROCESAL Y DERECHO AMBIENTAL<\/p>\n<p class=\"IG_1\" lang=\"es-ES\">Los elementos subjetivos en el concepto de delito terrorista: importancia y consecuencias<\/p>\n<p class=\"IG_Autor\" lang=\"es-ES\">Rodrigo Medina Jara<\/p>\n<p class=\"IG_1\" lang=\"es-ES\">De los principios generales del proceso a los principios procesales ambientales.\u00a0<span lang=\"pt-BR\">Especial \u00e9nfasis al principio de igualdad procesal<\/span><\/p>\n<p class=\"IG_Autor\" lang=\"es-ES\">Jairo Enrique Lucero Pantoja<\/p>\n<p class=\"IG_1\" lang=\"es-ES\">Conflitos em terras ind\u00edgenas no Brasil: danos ambientais e humanos<\/p>\n<p class=\"IG_Autor\" lang=\"es-ES\">Marlei Angela Ribeiro dos Santos \u2013 Tha\u00eds Janaina Wenczenovicz<\/p>\n<p class=\"IG_CapituloNumero\" lang=\"es-ES\">II. ESTUDIOS DEL CLAUSTRO DE PROFESORES Y PROFESORES INVITADOS<\/p>\n<p class=\"IG_1\" lang=\"es-ES\">Influencia de la restricci\u00f3n de los derechos de las ni\u00f1as y adolescentes para efectos de la autorizaci\u00f3n de salida del pa\u00eds<\/p>\n<p class=\"IG_Autor\" lang=\"es-ES\">Alexis Mondaca Miranda<\/p>\n<p class=\"IG_1\" lang=\"es-ES\">Derecho a la comunicaci\u00f3n in (directa) de ni\u00f1as, ni\u00f1os y adolescentes con progenitores extranjeros privados de libertad<\/p>\n<p class=\"IG_Autor\" lang=\"es-ES\">Isaac Ravetllat Ballest\u00e9<\/p>\n<p class=\"IG_1\" lang=\"es-ES\">Populismo en la reforma a la justicia civil: tres riesgos<\/p>\n<p class=\"IG_Autor\" lang=\"es-ES\">Diego Palomo V\u00e9lez<\/p>\n<p class=\"IG_1\" lang=\"es-ES\">El positivismo jur\u00eddico. Una mirada contempor\u00e1nea al concepto, origen, especificidad y cr\u00edtica de sus tesis b\u00e1sicas<\/p>\n<p class=\"IG_Autor\" lang=\"es-ES\">Jorge del Pic\u00f3 Rubio<\/p>\n<p class=\"IG_1\" lang=\"es-ES\">Direito humano a seguran\u00e7a social: uma nota introdut\u00f3ria \u00e0 C102 da OIT<\/p>\n<p class=\"IG_Autor\" lang=\"es-ES\">Carlos Luiz Strapazzon<\/p>\n<p class=\"IG_CapituloNumero\" lang=\"es-ES\">III. CR\u00d3NICA DEL PROGRAMA DE DOCTORADO EN DERECHO<\/p>\n<p class=\"IG_1\" lang=\"es-ES\">Cr\u00f3nica del Doctorado en Derecho 2023<\/p>\n","protected":false},"excerpt":{"rendered":"<p>El Anuario 2023 del Programa de Doctorado en Derecho de la Universidad de Talca reporta las actividades acad\u00e9micas y de investigaci\u00f3n realizadas durante el a\u00f1o, incluyendo el II Seminario de Investigaci\u00f3n de Estudiantes de Doctorado en colaboraci\u00f3n con la Universidad del Oeste de Santa Catarina (UNOESC), Campus Chapec\u00f3. El evento virtual, celebrado el 22 y 23 de junio y coordinado por profesores de ambas instituciones, permiti\u00f3 a graduados y estudiantes avanzados presentar y discutir sus investigaciones, con el objetivo de recibir retroalimentaci\u00f3n para futuras publicaciones o para mejorar sus tesis en desarrollo. Las comunicaciones cubrieron temas de derecho de familia y personas, derechos fundamentales, derecho del trabajo, derecho privado, derecho sanitario, derecho administrativo y derecho ambiental. Adem\u00e1s, la secci\u00f3n II incluye estudios de profesores del programa y una nota de investigaci\u00f3n de un profesor invitado, mientras que la secci\u00f3n III ofrece una cr\u00f3nica del programa en 2023, detallando la gesti\u00f3n, selecci\u00f3n de estudiantes y proyectos de tesis defendidos \u00cdNDICE Presentaci\u00f3n Iv\u00e1n Obando Camino I. ACTAS DEL II SEMINARIO INTERNACIONAL DE INVESTIGACI\u00d3N DE ESTUDIANTES DE DOCTORADO EN DERECHO FAMILIA Y PERSONAS Toma de decisiones de ni\u00f1os, ni\u00f1as y adolescentes en el contexto sanitario a la luz de los principios de inter\u00e9s superior del ni\u00f1o\/a y autonom\u00eda progresiva Juliana S. D\u00edaz Pantoja Sistema de garant\u00edas dos direitos das crian\u00e7as e dos adolescentes refugiados na Am\u00e9rica Latina Juliana Furlani Maternagem, cuidado e autonomia Cl\u00e1udia Cinara Locateli Educa\u00e7\u00e3o b\u00e1sica e rela\u00e7\u00f5es \u00e9tnico-raciais: presen\u00e7a ind\u00edgena e afro-brasileira nos livros did\u00e1ticos na escola brasileira S\u00f4nia Maria Cardozo dos Santos DERECHOS FUNDAMENTALES Y DERECHO SOCIAL Discriminaci\u00f3n interseccional como una afrenta compleja al principio de igualdad, su inclusi\u00f3n en las ciencias jur\u00eddicas y el Sistema Internacional de protecci\u00f3n de Derechos Humanos, est\u00e1ndares interamericanos Dominnique Luan Ramos La gesti\u00f3n algor\u00edtmica en el ejercicio de las facultades del empleador y sus efectos sobre las relaciones laborales. Una aproximaci\u00f3n al problema de la discriminaci\u00f3n algor\u00edtmica laboral Roberto Enrique Padilla Parga Prop\u00f3sitos e significados do trabalho decente Isadora K. Lazaretti Laicidade, liberdade religiosa e os reflexos no debate sobre direitos fundamentais Michel Ferrari Borges dos Santos DERECHO PRIVADO Y SANITARIO Reparar y prevenir el da\u00f1o por incumplimiento del deber de informaci\u00f3n autodeterminativa del m\u00e9dico hacia el paciente en la relaci\u00f3n cl\u00ednica Edison Calahorrano Latorre Protecci\u00f3n de datos en salud Ernesto C. San Mart\u00edn Z\u00fa\u00f1iga An\u00e1lisis cr\u00edtico del marco jur\u00eddico vigente de las sociedades an\u00f3nimas en Chile a la luz de los lineamientos internacionales sobre responsabilidad social empresarial Gloria Vargas Almonacid A constru\u00e7\u00e3o da autonomia decis\u00f3ria em decis\u00f5es de fim de vida Daniela Zilio DERECHO ADMINISTRATIVO Algunas aproximaciones relativas a la ejecuci\u00f3n de oficio del acto administrativo en el ordenamiento jur\u00eddico chileno Alejandro C\u00e1rcamo Righetti DERECHO PENAL, DERECHO PROCESAL Y DERECHO AMBIENTAL Los elementos subjetivos en el concepto de delito terrorista: importancia y consecuencias Rodrigo Medina Jara De los principios generales del proceso a los principios procesales ambientales.\u00a0Especial \u00e9nfasis al principio de igualdad procesal Jairo Enrique Lucero Pantoja Conflitos em terras ind\u00edgenas no Brasil: danos ambientais e humanos Marlei Angela Ribeiro dos Santos \u2013 Tha\u00eds Janaina Wenczenovicz II. ESTUDIOS DEL CLAUSTRO DE PROFESORES Y PROFESORES INVITADOS Influencia de la restricci\u00f3n de los derechos de las ni\u00f1as y adolescentes para efectos de la autorizaci\u00f3n de salida del pa\u00eds Alexis Mondaca Miranda Derecho a la comunicaci\u00f3n in (directa) de ni\u00f1as, ni\u00f1os y adolescentes con progenitores extranjeros privados de libertad Isaac Ravetllat Ballest\u00e9 Populismo en la reforma a la justicia civil: tres riesgos Diego Palomo V\u00e9lez El positivismo jur\u00eddico. Una mirada contempor\u00e1nea al concepto, origen, especificidad y cr\u00edtica de sus tesis b\u00e1sicas Jorge del Pic\u00f3 Rubio Direito humano a seguran\u00e7a social: uma nota introdut\u00f3ria \u00e0 C102 da OIT Carlos Luiz Strapazzon III. CR\u00d3NICA DEL PROGRAMA DE DOCTORADO EN DERECHO Cr\u00f3nica del Doctorado en Derecho 2023<\/p>\n","protected":false},"featured_media":3606,"comment_status":"open","ping_status":"closed","template":"","meta":{"inline_featured_image":false,"_joinchat":[]},"product_brand":[],"product_cat":[27,26,42],"product_tag":[],"class_list":{"0":"post-3561","1":"product","2":"type-product","3":"status-publish","4":"has-post-thumbnail","6":"product_cat-civil","7":"product_cat-derecho","8":"product_cat-thomson-reuters","9":"product_shipping_class-a-convenir","11":"first","12":"instock","13":"shipping-taxable","14":"purchasable","15":"product-type-simple"},"_links":{"self":[{"href":"https:\/\/bibliotecajuridicavirtual.cl\/index.php\/wp-json\/wp\/v2\/product\/3561","targetHints":{"allow":["GET"]}}],"collection":[{"href":"https:\/\/bibliotecajuridicavirtual.cl\/index.php\/wp-json\/wp\/v2\/product"}],"about":[{"href":"https:\/\/bibliotecajuridicavirtual.cl\/index.php\/wp-json\/wp\/v2\/types\/product"}],"replies":[{"embeddable":true,"href":"https:\/\/bibliotecajuridicavirtual.cl\/index.php\/wp-json\/wp\/v2\/comments?post=3561"}],"wp:featuredmedia":[{"embeddable":true,"href":"https:\/\/bibliotecajuridicavirtual.cl\/index.php\/wp-json\/wp\/v2\/media\/3606"}],"wp:attachment":[{"href":"https:\/\/bibliotecajuridicavirtual.cl\/index.php\/wp-json\/wp\/v2\/media?parent=3561"}],"wp:term":[{"taxonomy":"product_brand","embeddable":true,"href":"https:\/\/bibliotecajuridicavirtual.cl\/index.php\/wp-json\/wp\/v2\/product_brand?post=3561"},{"taxonomy":"product_cat","embeddable":true,"href":"https:\/\/bibliotecajuridicavirtual.cl\/index.php\/wp-json\/wp\/v2\/product_cat?post=3561"},{"taxonomy":"product_tag","embeddable":true,"href":"https:\/\/bibliotecajuridicavirtual.cl\/index.php\/wp-json\/wp\/v2\/product_tag?post=3561"}],"curies":[{"name":"wp","href":"https:\/\/api.w.org\/{rel}","templated":true}]}}