{"id":3572,"date":"2026-02-28T01:16:26","date_gmt":"2026-02-28T04:16:26","guid":{"rendered":"https:\/\/bibliotecajuridicavirtual.cl\/?post_type=product&#038;p=3572"},"modified":"2026-02-28T01:17:33","modified_gmt":"2026-02-28T04:17:33","slug":"reforma-a-la-normativa-sanitaria-previsional-nueva-ley-corta-de-isapres-ano-junio-2024-94-pag-autor-ruben-antonio-caceres-palacios","status":"publish","type":"product","link":"https:\/\/bibliotecajuridicavirtual.cl\/index.php\/product\/reforma-a-la-normativa-sanitaria-previsional-nueva-ley-corta-de-isapres-ano-junio-2024-94-pag-autor-ruben-antonio-caceres-palacios\/","title":{"rendered":"Reforma a la Normativa Sanitaria Previsional; Nueva ley corta de Isapres. A\u00f1o Junio 2024\/ 94 P\u00e1g. Autor Rub\u00e9n Antonio C\u00e1ceres Palacios"},"content":{"rendered":"<p><strong>LIBRO EN PREVENTA<\/strong><\/p>\n<p><strong>Env\u00edos a partir del 14 de junio<\/strong><\/p>\n<p>El presente trabajo se enfoca en una tem\u00e1tica contingente tanto en lo jur\u00eddico as\u00ed como en el \u00e1mbito social en nuestros d\u00edas, y nos referimos a la dictaci\u00f3n de la denominada Ley Corta de Isapres, que tiene como g\u00e9nesis y motivo causal a la reciente jurisprudencia de la Excelent\u00edsima Corte Suprema relacionada con recursos de protecci\u00f3n en orden a contratos de salud previsional y la aplicaci\u00f3n de tabla \u00fanica de factores dispuesta por la Superintendencia de Salud para efectos propios de la relaci\u00f3n jur\u00eddica previsional, y es por ello que se inicia por la realizaci\u00f3n de una descripci\u00f3n le escenario jur\u00eddico-normativo sea tanto jur\u00eddico como administrativo as\u00ed como tambi\u00e9n de la jurisprudencia que como ya adelantamos es la motivaci\u00f3n para plasmar en nuestro ordenamientos jur\u00eddico previsional lo resulto por la m\u00e1s alta autoridad judicial en nuestro pa\u00eds, asimismo, se realiza y \u00a0abarca el an\u00e1lisis preliminar de la reforma legislativa iniciada en el bolet\u00edn \u00a0N\u00ba 15.896-11, Mensaje 049-371 de fecha 08 de mayo del a\u00f1o 2023, continuando con el detalle de cada novedad legislativa de la reforma en comento. Por ello, es que el presente libro busca entregar a sus lectores un insumo jur\u00eddico actual, pertinente a la realidad social y legislativa en nuestro ordenamiento jur\u00eddico as\u00ed como de una controversia que finalmente ve la luz por medio de la dictaci\u00f3n de la ley en an\u00e1lisis, generando un texto de herramientas jur\u00eddicas a adquirir por el lector sea tanto del mundo jur\u00eddico como todo lector en una tem\u00e1tica de suma relevancia.<br \/>\n\u00cdndice<br \/>\nI.\u00a0\u00a0 \u00a0Introducci\u00f3n\u00a0\u00a0 \u00a0\u00a0\u00a0 \u00a011<br \/>\nII.\u00a0\u00a0 \u00a0Antecedentes preliminares y contextualizaci\u00f3n de la Ley Corta de Isapre\u00a0\u00a0 \u00a0\u00a0\u00a0 \u00a013<br \/>\nIII.\u00a0\u00a0 \u00a0Contenido m\u00ednimo del contrato de salud previsional\u00a0\u00a0 \u00a0\u00a0\u00a0 \u00a019<br \/>\nIV.\u00a0\u00a0 \u00a0An\u00e1lisis Proyecto de Ley\u00a0\u00a0 \u00a0\u00a0\u00a0 \u00a025<br \/>\nV.\u00a0\u00a0 \u00a0Normativa Superintendencia de Salud-c\u00e1lculo\u00a0\u00a0 \u00a0\u00a0\u00a0 \u00a027<br \/>\nVI.\u00a0\u00a0 \u00a0Facultades Superintendencia de Salud-Contratos de Salud\u00a0\u00a0 \u00a0\u00a0\u00a0 \u00a029<br \/>\nVII.\u00a0\u00a0 \u00a0Creaci\u00f3n Consejo Consultivo Previsional y funciones\u00a0\u00a0 \u00a0\u00a0\u00a0 \u00a031<br \/>\nVIII.\u00a0\u00a0 \u00a0Incorporaci\u00f3n Modalidad Cobertura Complementaria\u00a0\u00a0 \u00a0\u00a0\u00a0 \u00a037<br \/>\nIX.\u00a0\u00a0 \u00a0Facultades de Fonasa\u00a0\u00a0 \u00a0\u00a0\u00a0 \u00a039<br \/>\nX.\u00a0\u00a0 \u00a0Obligaciones del afiliado\u00a0\u00a0 \u00a0\u00a0\u00a0 \u00a041<br \/>\nXI.\u00a0\u00a0 \u00a0Adecuaci\u00f3n de los Contratos de Salud previsional-lex artis administrativa\u00a0\u00a0 \u00a0\u00a0\u00a0 \u00a045<br \/>\nXII.\u00a0\u00a0 \u00a0Obligaci\u00f3n de las Isapres\u00a0\u00a0 \u00a0\u00a0\u00a0 \u00a049<br \/>\nXIII.\u00a0\u00a0 \u00a0Procedimiento administrativo sancionatorio\u00a0\u00a0 \u00a0\u00a0\u00a0 \u00a051<br \/>\nXIV.\u00a0\u00a0 \u00a0Art\u00edculo Und\u00e9cimo, facultades Superintendencia de Salud\u00a0\u00a0 \u00a0\u00a0\u00a0 \u00a053<br \/>\nXV.\u00a0\u00a0 \u00a0Anexo\u00a0\u00a0 \u00a0\u00a0\u00a0 \u00a055<\/p>\n","protected":false},"excerpt":{"rendered":"<p>LIBRO EN PREVENTA Env\u00edos a partir del 14 de junio El presente trabajo se enfoca en una tem\u00e1tica contingente tanto en lo jur\u00eddico as\u00ed como en el \u00e1mbito social en nuestros d\u00edas, y nos referimos a la dictaci\u00f3n de la denominada Ley Corta de Isapres, que tiene como g\u00e9nesis y motivo causal a la reciente jurisprudencia de la Excelent\u00edsima Corte Suprema relacionada con recursos de protecci\u00f3n en orden a contratos de salud previsional y la aplicaci\u00f3n de tabla \u00fanica de factores dispuesta por la Superintendencia de Salud para efectos propios de la relaci\u00f3n jur\u00eddica previsional, y es por ello que se inicia por la realizaci\u00f3n de una descripci\u00f3n le escenario jur\u00eddico-normativo sea tanto jur\u00eddico como administrativo as\u00ed como tambi\u00e9n de la jurisprudencia que como ya adelantamos es la motivaci\u00f3n para plasmar en nuestro ordenamientos jur\u00eddico previsional lo resulto por la m\u00e1s alta autoridad judicial en nuestro pa\u00eds, asimismo, se realiza y \u00a0abarca el an\u00e1lisis preliminar de la reforma legislativa iniciada en el bolet\u00edn \u00a0N\u00ba 15.896-11, Mensaje 049-371 de fecha 08 de mayo del a\u00f1o 2023, continuando con el detalle de cada novedad legislativa de la reforma en comento. Por ello, es que el presente libro busca entregar a sus lectores un insumo jur\u00eddico actual, pertinente a la realidad social y legislativa en nuestro ordenamiento jur\u00eddico as\u00ed como de una controversia que finalmente ve la luz por medio de la dictaci\u00f3n de la ley en an\u00e1lisis, generando un texto de herramientas jur\u00eddicas a adquirir por el lector sea tanto del mundo jur\u00eddico como todo lector en una tem\u00e1tica de suma relevancia. \u00cdndice I.\u00a0\u00a0 \u00a0Introducci\u00f3n\u00a0\u00a0 \u00a0\u00a0\u00a0 \u00a011 II.\u00a0\u00a0 \u00a0Antecedentes preliminares y contextualizaci\u00f3n de la Ley Corta de Isapre\u00a0\u00a0 \u00a0\u00a0\u00a0 \u00a013 III.\u00a0\u00a0 \u00a0Contenido m\u00ednimo del contrato de salud previsional\u00a0\u00a0 \u00a0\u00a0\u00a0 \u00a019 IV.\u00a0\u00a0 \u00a0An\u00e1lisis Proyecto de Ley\u00a0\u00a0 \u00a0\u00a0\u00a0 \u00a025 V.\u00a0\u00a0 \u00a0Normativa Superintendencia de Salud-c\u00e1lculo\u00a0\u00a0 \u00a0\u00a0\u00a0 \u00a027 VI.\u00a0\u00a0 \u00a0Facultades Superintendencia de Salud-Contratos de Salud\u00a0\u00a0 \u00a0\u00a0\u00a0 \u00a029 VII.\u00a0\u00a0 \u00a0Creaci\u00f3n Consejo Consultivo Previsional y funciones\u00a0\u00a0 \u00a0\u00a0\u00a0 \u00a031 VIII.\u00a0\u00a0 \u00a0Incorporaci\u00f3n Modalidad Cobertura Complementaria\u00a0\u00a0 \u00a0\u00a0\u00a0 \u00a037 IX.\u00a0\u00a0 \u00a0Facultades de Fonasa\u00a0\u00a0 \u00a0\u00a0\u00a0 \u00a039 X.\u00a0\u00a0 \u00a0Obligaciones del afiliado\u00a0\u00a0 \u00a0\u00a0\u00a0 \u00a041 XI.\u00a0\u00a0 \u00a0Adecuaci\u00f3n de los Contratos de Salud previsional-lex artis administrativa\u00a0\u00a0 \u00a0\u00a0\u00a0 \u00a045 XII.\u00a0\u00a0 \u00a0Obligaci\u00f3n de las Isapres\u00a0\u00a0 \u00a0\u00a0\u00a0 \u00a049 XIII.\u00a0\u00a0 \u00a0Procedimiento administrativo sancionatorio\u00a0\u00a0 \u00a0\u00a0\u00a0 \u00a051 XIV.\u00a0\u00a0 \u00a0Art\u00edculo Und\u00e9cimo, facultades Superintendencia de Salud\u00a0\u00a0 \u00a0\u00a0\u00a0 \u00a053 XV.\u00a0\u00a0 \u00a0Anexo\u00a0\u00a0 \u00a0\u00a0\u00a0 \u00a055<\/p>\n","protected":false},"featured_media":3611,"comment_status":"open","ping_status":"closed","template":"","meta":{"inline_featured_image":false,"_joinchat":[]},"product_brand":[],"product_cat":[45],"product_tag":[],"class_list":{"0":"post-3572","1":"product","2":"type-product","3":"status-publish","4":"has-post-thumbnail","6":"product_cat-administrativo","7":"product_shipping_class-a-convenir","9":"first","10":"instock","11":"shipping-taxable","12":"purchasable","13":"product-type-simple"},"_links":{"self":[{"href":"https:\/\/bibliotecajuridicavirtual.cl\/index.php\/wp-json\/wp\/v2\/product\/3572","targetHints":{"allow":["GET"]}}],"collection":[{"href":"https:\/\/bibliotecajuridicavirtual.cl\/index.php\/wp-json\/wp\/v2\/product"}],"about":[{"href":"https:\/\/bibliotecajuridicavirtual.cl\/index.php\/wp-json\/wp\/v2\/types\/product"}],"replies":[{"embeddable":true,"href":"https:\/\/bibliotecajuridicavirtual.cl\/index.php\/wp-json\/wp\/v2\/comments?post=3572"}],"wp:featuredmedia":[{"embeddable":true,"href":"https:\/\/bibliotecajuridicavirtual.cl\/index.php\/wp-json\/wp\/v2\/media\/3611"}],"wp:attachment":[{"href":"https:\/\/bibliotecajuridicavirtual.cl\/index.php\/wp-json\/wp\/v2\/media?parent=3572"}],"wp:term":[{"taxonomy":"product_brand","embeddable":true,"href":"https:\/\/bibliotecajuridicavirtual.cl\/index.php\/wp-json\/wp\/v2\/product_brand?post=3572"},{"taxonomy":"product_cat","embeddable":true,"href":"https:\/\/bibliotecajuridicavirtual.cl\/index.php\/wp-json\/wp\/v2\/product_cat?post=3572"},{"taxonomy":"product_tag","embeddable":true,"href":"https:\/\/bibliotecajuridicavirtual.cl\/index.php\/wp-json\/wp\/v2\/product_tag?post=3572"}],"curies":[{"name":"wp","href":"https:\/\/api.w.org\/{rel}","templated":true}]}}