{"id":3573,"date":"2026-02-28T01:16:26","date_gmt":"2026-02-28T04:16:26","guid":{"rendered":"https:\/\/bibliotecajuridicavirtual.cl\/?post_type=product&#038;p=3573"},"modified":"2026-02-28T01:17:38","modified_gmt":"2026-02-28T04:17:38","slug":"contratos-incompletos-y-acuerdos-suficientes-ano-2022-456-pag-autor-helena-diez-garcia-espana","status":"publish","type":"product","link":"https:\/\/bibliotecajuridicavirtual.cl\/index.php\/product\/contratos-incompletos-y-acuerdos-suficientes-ano-2022-456-pag-autor-helena-diez-garcia-espana\/","title":{"rendered":"Contratos Incompletos y Acuerdos Suficientes. A\u00f1o 2022\/456 P\u00e1g. Autor Helena D\u00edez Garc\u00eda (Espa\u00f1a)"},"content":{"rendered":"<p style=\"font-weight: 400;\">La incertidumbre reina cuando se negocia o se concierta un contrato, por lo que todos los contratos son natural o fisiol\u00f3gicamente incompletos. No contemplan \u201ctodos los estados del mundo\u201d. Bajo esta premisa, la doctrina econ\u00f3mica ha venido subrayando los d\u00e9ficits de eficiencia que genera esta ausencia de completitud y ha evaluado la viabilidad de modelos contractuales abiertos a una posible negociaci\u00f3n o renegociaci\u00f3n ex post para adaptar la programaci\u00f3n negocial a un mundo cambiante. Desde el punto de vista jur\u00eddico, estos acuerdos tan indefinidos o de t\u00e9rminos tan abiertos suscitan un problema b\u00e1sico: decidir si estos convenios, pese a su indefinici\u00f3n, pueden o no ser elevados a la categor\u00eda de compromisos jur\u00eddicamente vinculantes. La derivada, obviamente, cuando se aprecie que existe contrato, es determinar c\u00f3mo colmar los vac\u00edos negociales y si resulta conveniente hacerlo.<\/p>\n<p style=\"font-weight: 400;\">La presente obra pretende ofrecer respuesta a todas estas cuestiones a partir de un an\u00e1lisis detallado de la pr\u00e1ctica judicial y de las distintas propuestas modernizadoras del Derecho de Contratos evidenciando que la cl\u00e1sica teor\u00eda del objeto del contrato todav\u00eda puede ofrecer algunas herramientas dogm\u00e1ticas \u00fatiles a tal fin.<\/p>\n<p style=\"font-weight: 400;\"><b><strong>CAP\u00cdTULO I<\/strong><\/b><br \/>\n<b><strong>LA FUNCIONALIDAD PR\u00c1CTICA DE LOS REQUISITOS NORMATIVOS DEL OBJETO DEL CONTRATO<\/strong><\/b><\/p>\n<p style=\"font-weight: 400;\">1.El objeto como elemento esencial del contrato \u00bfUna categor\u00eda o concepto en crisis?<\/p>\n<p style=\"font-weight: 400;\">2.La concepci\u00f3n polim\u00f3rfica del objeto del contrato en el C\u00f3digo Civil<\/p>\n<p style=\"font-weight: 400;\">3.La utilidad instrumental de los requisitos normativos del objeto<br \/>\n3.1.La funcionalidad del concepto \u201cobjeto del contrato\u201d<br \/>\n3.2.Objeto, causa y contenido contractual en sentido amplio<br \/>\n3.2.1.Los diferentes planos de valoraci\u00f3n normativa de los requisitos del objeto<br \/>\n3.2.2.La imposibilidad<br \/>\n3.2.3.La ilicitud del objeto y la ilicitud causal<br \/>\n3.2.4.La causa y el objeto como parte del contenido<br \/>\n3.2.5.La descripci\u00f3n negocial del contenido y su determinaci\u00f3n<\/p>\n<p style=\"font-weight: 400;\"><b><strong>CAP\u00cdTULO II<\/strong><\/b><br \/>\n<b><strong>LOS CONTRATOS INCOMPLETOS<\/strong><\/b><\/p>\n<p style=\"font-weight: 400;\">1.Acuerdos suficientes vs. contratos con objeto cierto como contratos completos: La aparente contraposici\u00f3n entre rigidez y flexibilidad contractual<\/p>\n<p style=\"font-weight: 400;\">2.Los contratos incompletos<br \/>\n2.1.Contratos jur\u00eddicamente incompletos y contratos econ\u00f3micamente incompletos<br \/>\n2.1.1.Las posibles diferencias<br \/>\n2.1.2.En realidad, \u00bfExisten diferencias?<br \/>\n2.2.La teor\u00eda econ\u00f3mica de los contratos incompletos: Los problemas derivados de la falta de completitud contractual<br \/>\n2.2.1.La incertidumbre y el equilibrio contractual<br \/>\na)Los problemas de cognici\u00f3n y la racionalidad limitada<br \/>\nb)Los costes de transacci\u00f3n<br \/>\nc)El oportunismo y las inversiones espec\u00edficas<br \/>\n2.2.2.La distinci\u00f3n entre informaciones \u201cobservables\u201d e informaciones \u201cverificables\u201d<\/p>\n<p style=\"font-weight: 400;\">3.Contratos incompletos y dise\u00f1os contractuales y organizativos frente a la falta de plenitud contractual<br \/>\n3.1.Planteamiento<br \/>\n3.2.Contratos abiertos a ulteriores adaptaciones prefijadas en el contrato<br \/>\n3.3.Contratos con t\u00e9rminos abiertos<br \/>\n3.4.La integraci\u00f3n vertical (y otras formas de organizaci\u00f3n h\u00edbridas)<\/p>\n<p style=\"font-weight: 400;\">4.Hacia una nueva concepci\u00f3n del contrato: La teor\u00eda de los contratos relacionales<\/p>\n<p style=\"font-weight: 400;\">5.Recapitulando<\/p>\n<p style=\"font-weight: 400;\"><b><strong>CAP\u00cdTULO III<\/strong><\/b><br \/>\n<b><strong>CONTRATOS \u201cCOMPLETOS\u201d: \u00bfACUERDOS SIEMPRE SUFICIENTES?<\/strong><\/b><\/p>\n<p style=\"font-weight: 400;\">1.Dise\u00f1os contractuales que aspiran a la completitud: su problem\u00e1tica desde la perspectiva jur\u00eddica<\/p>\n<p style=\"font-weight: 400;\">2.La exigencia de un objeto \u201ccierto\u201d y su relaci\u00f3n con el requisito de su determinaci\u00f3n<\/p>\n<p style=\"font-weight: 400;\">3.La funcionalidad del requisito de la determinaci\u00f3n o determinabilidad del \u201cobjeto\u201d del contrato<\/p>\n<p style=\"font-weight: 400;\">4.La aparente flexibilidad de la fijaci\u00f3n de los t\u00e9rminos contractuales en los sistemas del soft o del common law<br \/>\n4.1.La admisibilidad de t\u00e9rminos abiertos<br \/>\n4.2.La noci\u00f3n de acuerdo suficiente y la exigencia de una certeza o determinaci\u00f3n tambi\u00e9n suficiente<\/p>\n<p>5.T\u00e9rminos abiertos y acuerdos suficientes en las propuestas de revisi\u00f3n del derecho de contratos en Espa\u00f1a<\/p>\n<p>6.La determinaci\u00f3n del objeto del contrato mediante la utilizaci\u00f3n de t\u00e9rminos \u201cabiertos\u201d: el problema de la certeza<br \/>\n6.1.Contratos deliberadamente incompletos<br \/>\n6.2.\u00bfPerfecci\u00f3n de contratos incompletos?<br \/>\n6.3Determinaci\u00f3n y determinabilidad<br \/>\n6.4.La probabilidad de la determinaci\u00f3n futura como medida de certeza: La intervenci\u00f3n judicial supletoria<br \/>\n6.4.1.El modelo del art. 1447 CC y la eventual intervenci\u00f3n judicial supletoria<br \/>\n6.4.2.La determinaci\u00f3n del precio en los contratos de obra y de servicios: El juez como arbitrador legal<\/p>\n<p style=\"font-weight: 400;\">7.Nulidad vs. Integraci\u00f3n<br \/>\n7.1.La ausencia de \u201csanci\u00f3n\u201d a la falta de determinaci\u00f3n en el C\u00f3digo Civil<br \/>\n7.2.Integraci\u00f3n del contrato mediante un est\u00e1ndar de razonabilidad<br \/>\n7.2.1.Lo razonable y lo objetivamente determinable<br \/>\n7.2.2.El est\u00e1ndar del precio razonable: El caso de la SAP Barcelona 28 noviembre 2014 (AC 2015, 240)<br \/>\n7.3.La integraci\u00f3n de las lagunas contractuales por medio de est\u00e1ndares generales<br \/>\n7.4.Las informaciones no verificables y la nulidad como \u201cincentivo\u201d a la verificabilidad<br \/>\n7.4.1.Planteamiento<br \/>\n7.4.2.Supuestos de no verificabilidad: los contratos verbales<br \/>\n7.4.3.La nulidad como penalizaci\u00f3n a la no verificabilidad<\/p>\n<p style=\"font-weight: 400;\"><b><strong>CAP\u00cdTULO IV<\/strong><\/b><br \/>\n<b><strong>L\u00cdMITES A LA DETERMINABILIDAD<\/strong><\/b><\/p>\n<p style=\"font-weight: 400;\">1.Determinaci\u00f3n y grados de indeterminaci\u00f3n relativa<br \/>\n1.1.Planteamiento<br \/>\n1.2.La determinaci\u00f3n del objeto en cuanto a la \u201cespecie\u201d<br \/>\n1.2.1.La especie determinada o determinable en el art. 1273 CC<br \/>\n1.2.2.La determinaci\u00f3n y determinabilidad de las cosas por su \u201cespecie\u201d<br \/>\n1.2.3.La determinaci\u00f3n de la especie y de la calidad<br \/>\n1.3.La determinaci\u00f3n en los contratos de consumo<\/p>\n<p style=\"font-weight: 400;\">2.El arbitrio de parte<br \/>\n2.1.\u00bfProhibici\u00f3n o admisibilidad limitada en el C\u00f3digo Civil?<br \/>\n2.2.Determinaci\u00f3n unilateral: modelos de regulaci\u00f3n<br \/>\n2.3.Riesgos de la actuaci\u00f3n determinativa de parte y alineaci\u00f3n de intereses<br \/>\n2.4.Precio unilateral<br \/>\n2.4.1.El precio en los contratos de obras y de servicios<br \/>\n2.4.2.Precio del vendedor<br \/>\n2.5.M\u00e1ximos y m\u00ednimos: el objeto flotante<br \/>\n2.6.Modificaciones unilaterales y desistimiento<\/p>\n<p style=\"font-weight: 400;\">3.Determinaci\u00f3n sucesiva y acuerdo determinativo entre las partes ex post<\/p>\n<p style=\"font-weight: 400;\">4.Supuestos de determinaci\u00f3n sucesiva admitidos cuando no hay necesidad de acordar o negociar la definici\u00f3n futura de los t\u00e9rminos contractuales o su modificaci\u00f3n<br \/>\n4.1.Determinaci\u00f3n sucesiva realizada conforme a la programaci\u00f3n contractual dise\u00f1ada por las partes<br \/>\n4.2.Documentaci\u00f3n de acuerdos y negocios de fijaci\u00f3n<\/p>\n<p style=\"font-weight: 400;\">5.Revisi\u00f3n y renegociaci\u00f3n del contrato<br \/>\n5.1.Los posibles modelos de ajuste contractual<br \/>\n5.2.Cl\u00e1usulas de ajuste autom\u00e1tico<br \/>\n5.3.Cl\u00e1usulas de renegociaci\u00f3n<br \/>\n5.3.1.Cl\u00e1usulas de hardship<br \/>\n5.3.2.\u00bfObligaci\u00f3n de renegociar de buena fe un ajuste equitativo?<br \/>\n5.3.3.Contratos con cl\u00e1usulas de renegociaci\u00f3n y la determinabilidad del objeto del acuerdo modificativo futuro<\/p>\n<p style=\"font-weight: 400;\"><b><strong>CAP\u00cdTULO V<\/strong><\/b><br \/>\n<b><strong>ACUERDOS INSUFICIENTES<\/strong><\/b><\/p>\n<p style=\"font-weight: 400;\">1.Acuerdos deliberadamente incompletos y la teor\u00eda de los self-enforcing contracts<\/p>\n<p style=\"font-weight: 400;\">2.Acuerdos con contenido insuficiente y negociaci\u00f3n no concluida<\/p>\n<p style=\"font-weight: 400;\">3.\u00bfCu\u00e1ndo un acuerdo tiene un contenido suficiente? La relativa inutilidad de la distinci\u00f3n entre elementos esenciales, naturales y accidentales<\/p>\n<p style=\"font-weight: 400;\">4.El art. 1289.II CC: Los problemas de la verificabilidad de los t\u00e9rminos contractuales y los posibles l\u00edmites a la integraci\u00f3n de los acuerdos<\/p>\n<p style=\"font-weight: 400;\">5.T\u00e9rminos objeto de negociaci\u00f3n y de acuerdo y perfecci\u00f3n de los contratos<\/p>\n<p style=\"font-weight: 400;\">6.Formaci\u00f3n progresiva del contrato y los problemas de la determinaci\u00f3n sucesiva de su objeto (o de su contenido)<br \/>\n6.1.La suficiencia del contenido de la oferta y la exigencia de un acuerdo con contenido bastante<br \/>\n6.2.La formaci\u00f3n del contrato al margen de una secuencia oferta-aceptaci\u00f3n: Negociaci\u00f3n, acuerdos parciales y acuerdos finales<br \/>\n6.3.Comportamiento de las partes y protecci\u00f3n de la confianza<\/p>\n<p style=\"font-weight: 400;\">7.Los acuerdos preliminares: Acuerdos para contratar y acuerdos para negociar<br \/>\n7.1.Acuerdos para negociar un contrato en los comentarios al DCFR<br \/>\n7.2.Contratos normativos, acuerdos o contratos marco<br \/>\n7.3.Declaraciones de intenciones fuertes y d\u00e9biles<br \/>\n7.4.Acuerdos para negociar y el deber de negociar de buena fe<br \/>\n7.4.1.La negociaci\u00f3n de buena fe \u00bfPuede ser objeto de contrato?<br \/>\n7.4.2.El deber de negociar de buena fe<br \/>\n7.4.3.Funcionalidad de los acuerdos para negociar<\/p>\n<p style=\"font-weight: 400;\">8.La ejecutividad de los acuerdos preliminares y el art. 708 LEC<br \/>\n8.1.El art. 708 LEC y la ejecuci\u00f3n de condenas a emitir una declaraci\u00f3n de voluntad<br \/>\n8.2.Contratos preliminares que contienen todos los elementos del contrato proyectado: contrato de opci\u00f3n y contratos definitivos<br \/>\n8.3.Contratos preliminares que contienen todos los elementos esenciales del contrato proyectado, pero no los no esenciales<br \/>\n8.4.Contratos preliminares que no contienen los elementos esenciales del contrato proyectado<\/p>\n","protected":false},"excerpt":{"rendered":"<p>La incertidumbre reina cuando se negocia o se concierta un contrato, por lo que todos los contratos son natural o fisiol\u00f3gicamente incompletos. No contemplan \u201ctodos los estados del mundo\u201d. Bajo esta premisa, la doctrina econ\u00f3mica ha venido subrayando los d\u00e9ficits de eficiencia que genera esta ausencia de completitud y ha evaluado la viabilidad de modelos contractuales abiertos a una posible negociaci\u00f3n o renegociaci\u00f3n ex post para adaptar la programaci\u00f3n negocial a un mundo cambiante. Desde el punto de vista jur\u00eddico, estos acuerdos tan indefinidos o de t\u00e9rminos tan abiertos suscitan un problema b\u00e1sico: decidir si estos convenios, pese a su indefinici\u00f3n, pueden o no ser elevados a la categor\u00eda de compromisos jur\u00eddicamente vinculantes. La derivada, obviamente, cuando se aprecie que existe contrato, es determinar c\u00f3mo colmar los vac\u00edos negociales y si resulta conveniente hacerlo. La presente obra pretende ofrecer respuesta a todas estas cuestiones a partir de un an\u00e1lisis detallado de la pr\u00e1ctica judicial y de las distintas propuestas modernizadoras del Derecho de Contratos evidenciando que la cl\u00e1sica teor\u00eda del objeto del contrato todav\u00eda puede ofrecer algunas herramientas dogm\u00e1ticas \u00fatiles a tal fin. CAP\u00cdTULO I LA FUNCIONALIDAD PR\u00c1CTICA DE LOS REQUISITOS NORMATIVOS DEL OBJETO DEL CONTRATO 1.El objeto como elemento esencial del contrato \u00bfUna categor\u00eda o concepto en crisis? 2.La concepci\u00f3n polim\u00f3rfica del objeto del contrato en el C\u00f3digo Civil 3.La utilidad instrumental de los requisitos normativos del objeto 3.1.La funcionalidad del concepto \u201cobjeto del contrato\u201d 3.2.Objeto, causa y contenido contractual en sentido amplio 3.2.1.Los diferentes planos de valoraci\u00f3n normativa de los requisitos del objeto 3.2.2.La imposibilidad 3.2.3.La ilicitud del objeto y la ilicitud causal 3.2.4.La causa y el objeto como parte del contenido 3.2.5.La descripci\u00f3n negocial del contenido y su determinaci\u00f3n CAP\u00cdTULO II LOS CONTRATOS INCOMPLETOS 1.Acuerdos suficientes vs. contratos con objeto cierto como contratos completos: La aparente contraposici\u00f3n entre rigidez y flexibilidad contractual 2.Los contratos incompletos 2.1.Contratos jur\u00eddicamente incompletos y contratos econ\u00f3micamente incompletos 2.1.1.Las posibles diferencias 2.1.2.En realidad, \u00bfExisten diferencias? 2.2.La teor\u00eda econ\u00f3mica de los contratos incompletos: Los problemas derivados de la falta de completitud contractual 2.2.1.La incertidumbre y el equilibrio contractual a)Los problemas de cognici\u00f3n y la racionalidad limitada b)Los costes de transacci\u00f3n c)El oportunismo y las inversiones espec\u00edficas 2.2.2.La distinci\u00f3n entre informaciones \u201cobservables\u201d e informaciones \u201cverificables\u201d 3.Contratos incompletos y dise\u00f1os contractuales y organizativos frente a la falta de plenitud contractual 3.1.Planteamiento 3.2.Contratos abiertos a ulteriores adaptaciones prefijadas en el contrato 3.3.Contratos con t\u00e9rminos abiertos 3.4.La integraci\u00f3n vertical (y otras formas de organizaci\u00f3n h\u00edbridas) 4.Hacia una nueva concepci\u00f3n del contrato: La teor\u00eda de los contratos relacionales 5.Recapitulando CAP\u00cdTULO III CONTRATOS \u201cCOMPLETOS\u201d: \u00bfACUERDOS SIEMPRE SUFICIENTES? 1.Dise\u00f1os contractuales que aspiran a la completitud: su problem\u00e1tica desde la perspectiva jur\u00eddica 2.La exigencia de un objeto \u201ccierto\u201d y su relaci\u00f3n con el requisito de su determinaci\u00f3n 3.La funcionalidad del requisito de la determinaci\u00f3n o determinabilidad del \u201cobjeto\u201d del contrato 4.La aparente flexibilidad de la fijaci\u00f3n de los t\u00e9rminos contractuales en los sistemas del soft o del common law 4.1.La admisibilidad de t\u00e9rminos abiertos 4.2.La noci\u00f3n de acuerdo suficiente y la exigencia de una certeza o determinaci\u00f3n tambi\u00e9n suficiente 5.T\u00e9rminos abiertos y acuerdos suficientes en las propuestas de revisi\u00f3n del derecho de contratos en Espa\u00f1a 6.La determinaci\u00f3n del objeto del contrato mediante la utilizaci\u00f3n de t\u00e9rminos \u201cabiertos\u201d: el problema de la certeza 6.1.Contratos deliberadamente incompletos 6.2.\u00bfPerfecci\u00f3n de contratos incompletos? 6.3Determinaci\u00f3n y determinabilidad 6.4.La probabilidad de la determinaci\u00f3n futura como medida de certeza: La intervenci\u00f3n judicial supletoria 6.4.1.El modelo del art. 1447 CC y la eventual intervenci\u00f3n judicial supletoria 6.4.2.La determinaci\u00f3n del precio en los contratos de obra y de servicios: El juez como arbitrador legal 7.Nulidad vs. Integraci\u00f3n 7.1.La ausencia de \u201csanci\u00f3n\u201d a la falta de determinaci\u00f3n en el C\u00f3digo Civil 7.2.Integraci\u00f3n del contrato mediante un est\u00e1ndar de razonabilidad 7.2.1.Lo razonable y lo objetivamente determinable 7.2.2.El est\u00e1ndar del precio razonable: El caso de la SAP Barcelona 28 noviembre 2014 (AC 2015, 240) 7.3.La integraci\u00f3n de las lagunas contractuales por medio de est\u00e1ndares generales 7.4.Las informaciones no verificables y la nulidad como \u201cincentivo\u201d a la verificabilidad 7.4.1.Planteamiento 7.4.2.Supuestos de no verificabilidad: los contratos verbales 7.4.3.La nulidad como penalizaci\u00f3n a la no verificabilidad CAP\u00cdTULO IV L\u00cdMITES A LA DETERMINABILIDAD 1.Determinaci\u00f3n y grados de indeterminaci\u00f3n relativa 1.1.Planteamiento 1.2.La determinaci\u00f3n del objeto en cuanto a la \u201cespecie\u201d 1.2.1.La especie determinada o determinable en el art. 1273 CC 1.2.2.La determinaci\u00f3n y determinabilidad de las cosas por su \u201cespecie\u201d 1.2.3.La determinaci\u00f3n de la especie y de la calidad 1.3.La determinaci\u00f3n en los contratos de consumo 2.El arbitrio de parte 2.1.\u00bfProhibici\u00f3n o admisibilidad limitada en el C\u00f3digo Civil? 2.2.Determinaci\u00f3n unilateral: modelos de regulaci\u00f3n 2.3.Riesgos de la actuaci\u00f3n determinativa de parte y alineaci\u00f3n de intereses 2.4.Precio unilateral 2.4.1.El precio en los contratos de obras y de servicios 2.4.2.Precio del vendedor 2.5.M\u00e1ximos y m\u00ednimos: el objeto flotante 2.6.Modificaciones unilaterales y desistimiento 3.Determinaci\u00f3n sucesiva y acuerdo determinativo entre las partes ex post 4.Supuestos de determinaci\u00f3n sucesiva admitidos cuando no hay necesidad de acordar o negociar la definici\u00f3n futura de los t\u00e9rminos contractuales o su modificaci\u00f3n 4.1.Determinaci\u00f3n sucesiva realizada conforme a la programaci\u00f3n contractual dise\u00f1ada por las partes 4.2.Documentaci\u00f3n de acuerdos y negocios de fijaci\u00f3n 5.Revisi\u00f3n y renegociaci\u00f3n del contrato 5.1.Los posibles modelos de ajuste contractual 5.2.Cl\u00e1usulas de ajuste autom\u00e1tico 5.3.Cl\u00e1usulas de renegociaci\u00f3n 5.3.1.Cl\u00e1usulas de hardship 5.3.2.\u00bfObligaci\u00f3n de renegociar de buena fe un ajuste equitativo? 5.3.3.Contratos con cl\u00e1usulas de renegociaci\u00f3n y la determinabilidad del objeto del acuerdo modificativo futuro CAP\u00cdTULO V ACUERDOS INSUFICIENTES 1.Acuerdos deliberadamente incompletos y la teor\u00eda de los self-enforcing contracts 2.Acuerdos con contenido insuficiente y negociaci\u00f3n no concluida 3.\u00bfCu\u00e1ndo un acuerdo tiene un contenido suficiente? La relativa inutilidad de la distinci\u00f3n entre elementos esenciales, naturales y accidentales 4.El art. 1289.II CC: Los problemas de la verificabilidad de los t\u00e9rminos contractuales y los posibles l\u00edmites a la integraci\u00f3n de los acuerdos 5.T\u00e9rminos objeto de negociaci\u00f3n y de acuerdo y perfecci\u00f3n de los contratos 6.Formaci\u00f3n progresiva del contrato y los problemas de la determinaci\u00f3n sucesiva de su objeto (o de su contenido) 6.1.La suficiencia del contenido de la oferta y la exigencia de un acuerdo con contenido bastante 6.2.La formaci\u00f3n del<\/p>\n","protected":false},"featured_media":3612,"comment_status":"open","ping_status":"closed","template":"","meta":{"inline_featured_image":false,"_joinchat":[]},"product_brand":[],"product_cat":[27],"product_tag":[],"class_list":{"0":"post-3573","1":"product","2":"type-product","3":"status-publish","4":"has-post-thumbnail","6":"product_cat-civil","7":"product_shipping_class-a-convenir","9":"first","10":"instock","11":"shipping-taxable","12":"purchasable","13":"product-type-simple"},"_links":{"self":[{"href":"https:\/\/bibliotecajuridicavirtual.cl\/index.php\/wp-json\/wp\/v2\/product\/3573","targetHints":{"allow":["GET"]}}],"collection":[{"href":"https:\/\/bibliotecajuridicavirtual.cl\/index.php\/wp-json\/wp\/v2\/product"}],"about":[{"href":"https:\/\/bibliotecajuridicavirtual.cl\/index.php\/wp-json\/wp\/v2\/types\/product"}],"replies":[{"embeddable":true,"href":"https:\/\/bibliotecajuridicavirtual.cl\/index.php\/wp-json\/wp\/v2\/comments?post=3573"}],"wp:featuredmedia":[{"embeddable":true,"href":"https:\/\/bibliotecajuridicavirtual.cl\/index.php\/wp-json\/wp\/v2\/media\/3612"}],"wp:attachment":[{"href":"https:\/\/bibliotecajuridicavirtual.cl\/index.php\/wp-json\/wp\/v2\/media?parent=3573"}],"wp:term":[{"taxonomy":"product_brand","embeddable":true,"href":"https:\/\/bibliotecajuridicavirtual.cl\/index.php\/wp-json\/wp\/v2\/product_brand?post=3573"},{"taxonomy":"product_cat","embeddable":true,"href":"https:\/\/bibliotecajuridicavirtual.cl\/index.php\/wp-json\/wp\/v2\/product_cat?post=3573"},{"taxonomy":"product_tag","embeddable":true,"href":"https:\/\/bibliotecajuridicavirtual.cl\/index.php\/wp-json\/wp\/v2\/product_tag?post=3573"}],"curies":[{"name":"wp","href":"https:\/\/api.w.org\/{rel}","templated":true}]}}