{"id":3575,"date":"2026-02-28T01:16:26","date_gmt":"2026-02-28T04:16:26","guid":{"rendered":"https:\/\/bibliotecajuridicavirtual.cl\/?post_type=product&#038;p=3575"},"modified":"2026-02-28T01:17:40","modified_gmt":"2026-02-28T04:17:40","slug":"interpretacion-argumentacion-y-razonamiento-judicial-ano-junio-2024-204-pag-autor-flavia-carbonell-david-quintero-fuentes-y-constanza-ihnen-jory","status":"publish","type":"product","link":"https:\/\/bibliotecajuridicavirtual.cl\/index.php\/product\/interpretacion-argumentacion-y-razonamiento-judicial-ano-junio-2024-204-pag-autor-flavia-carbonell-david-quintero-fuentes-y-constanza-ihnen-jory\/","title":{"rendered":"Interpretaci\u00f3n, Argumentaci\u00f3n y Razonamiento Judicial. A\u00f1o Junio 2024\/204 P\u00e1g. Autor Flavia Carbonell, David Quintero Fuentes y Constanza Ihnen Jory"},"content":{"rendered":"<div class=\"product__title\">\n<h5><\/h5>\n<h6><\/h6>\n<p>Esta obra tiene por objeto introducir a sus lectores en la teor\u00eda y pr\u00e1ctica de la interpretaci\u00f3n, la argumentaci\u00f3n y el razonamiento jur\u00eddicos, proporcionando un panorama general de los principales debates doctrinarios, las distintas t\u00e9cnicas y herramientas para resolver problemas interpretativos referidos a la atribuci\u00f3n de significado a textos normativos, resoluci\u00f3n de antinomias y soluci\u00f3n de lagunas normativas frente a problemas jur\u00eddicos concretos. Las preguntas centrales que se pretende responder son: \u00bfc\u00f3mo delimitar con precisi\u00f3n el problema jur\u00eddico a resolver?, \u00bfc\u00f3mo identificar correctamente el material normativo aplicable al caso?, \u00bfc\u00f3mo dise\u00f1ar un curso argumentativo para justificar racionalmente la decisi\u00f3n judicial? \u00bfcu\u00e1les son las principales herramientas y t\u00e9cnicas propuestas desde la teor\u00eda que resultan \u00fatiles para los operadores jur\u00eddicos? Con este libro se espera poder contribuir a que los lectores profundicen sus conocimientos sobre las herramientas te\u00f3ricas que permiten mejorar la pr\u00e1ctica de justificaci\u00f3n racional de decisiones en casos concretos.<\/p>\n<\/div>\n<div class=\"es__flex es__items-center\">\n<div><\/div>\n<div class=\"es__ml-3\">\n<p class=\"es__text-2xl !es__m-0 es__font-bold es__text-gray-700 es__group-hover:text-gray-900\">\n<\/div>\n<\/div>\n","protected":false},"excerpt":{"rendered":"<p>Esta obra tiene por objeto introducir a sus lectores en la teor\u00eda y pr\u00e1ctica de la interpretaci\u00f3n, la argumentaci\u00f3n y el razonamiento jur\u00eddicos, proporcionando un panorama general de los principales debates doctrinarios, las distintas t\u00e9cnicas y herramientas para resolver problemas interpretativos referidos a la atribuci\u00f3n de significado a textos normativos, resoluci\u00f3n de antinomias y soluci\u00f3n de lagunas normativas frente a problemas jur\u00eddicos concretos. Las preguntas centrales que se pretende responder son: \u00bfc\u00f3mo delimitar con precisi\u00f3n el problema jur\u00eddico a resolver?, \u00bfc\u00f3mo identificar correctamente el material normativo aplicable al caso?, \u00bfc\u00f3mo dise\u00f1ar un curso argumentativo para justificar racionalmente la decisi\u00f3n judicial? \u00bfcu\u00e1les son las principales herramientas y t\u00e9cnicas propuestas desde la teor\u00eda que resultan \u00fatiles para los operadores jur\u00eddicos? Con este libro se espera poder contribuir a que los lectores profundicen sus conocimientos sobre las herramientas te\u00f3ricas que permiten mejorar la pr\u00e1ctica de justificaci\u00f3n racional de decisiones en casos concretos.<\/p>\n","protected":false},"featured_media":3614,"comment_status":"open","ping_status":"closed","template":"","meta":{"inline_featured_image":false,"_joinchat":[]},"product_brand":[],"product_cat":[27,26],"product_tag":[],"class_list":{"0":"post-3575","1":"product","2":"type-product","3":"status-publish","4":"has-post-thumbnail","6":"product_cat-civil","7":"product_cat-derecho","8":"product_shipping_class-a-convenir","10":"first","11":"instock","12":"shipping-taxable","13":"purchasable","14":"product-type-simple"},"_links":{"self":[{"href":"https:\/\/bibliotecajuridicavirtual.cl\/index.php\/wp-json\/wp\/v2\/product\/3575","targetHints":{"allow":["GET"]}}],"collection":[{"href":"https:\/\/bibliotecajuridicavirtual.cl\/index.php\/wp-json\/wp\/v2\/product"}],"about":[{"href":"https:\/\/bibliotecajuridicavirtual.cl\/index.php\/wp-json\/wp\/v2\/types\/product"}],"replies":[{"embeddable":true,"href":"https:\/\/bibliotecajuridicavirtual.cl\/index.php\/wp-json\/wp\/v2\/comments?post=3575"}],"wp:featuredmedia":[{"embeddable":true,"href":"https:\/\/bibliotecajuridicavirtual.cl\/index.php\/wp-json\/wp\/v2\/media\/3614"}],"wp:attachment":[{"href":"https:\/\/bibliotecajuridicavirtual.cl\/index.php\/wp-json\/wp\/v2\/media?parent=3575"}],"wp:term":[{"taxonomy":"product_brand","embeddable":true,"href":"https:\/\/bibliotecajuridicavirtual.cl\/index.php\/wp-json\/wp\/v2\/product_brand?post=3575"},{"taxonomy":"product_cat","embeddable":true,"href":"https:\/\/bibliotecajuridicavirtual.cl\/index.php\/wp-json\/wp\/v2\/product_cat?post=3575"},{"taxonomy":"product_tag","embeddable":true,"href":"https:\/\/bibliotecajuridicavirtual.cl\/index.php\/wp-json\/wp\/v2\/product_tag?post=3575"}],"curies":[{"name":"wp","href":"https:\/\/api.w.org\/{rel}","templated":true}]}}