{"id":3576,"date":"2026-02-28T01:16:26","date_gmt":"2026-02-28T04:16:26","guid":{"rendered":"https:\/\/bibliotecajuridicavirtual.cl\/?post_type=product&#038;p=3576"},"modified":"2026-02-28T01:17:42","modified_gmt":"2026-02-28T04:17:42","slug":"corrupcion-sistema-de-justicia-y-derecho-penal-ano-junio-2024-354-pag-autor-sebastian-valenzuela-aguero","status":"publish","type":"product","link":"https:\/\/bibliotecajuridicavirtual.cl\/index.php\/product\/corrupcion-sistema-de-justicia-y-derecho-penal-ano-junio-2024-354-pag-autor-sebastian-valenzuela-aguero\/","title":{"rendered":"Corrupci\u00f3n. Sistema de Justicia y Derecho Penal. A\u00f1o Junio 2024\/ 354 P\u00e1g. Autor Sebasti\u00e1n Valenzuela Ag\u00fcero"},"content":{"rendered":"<p>&nbsp;<\/p>\n<p>Esta obra ofrece una visi\u00f3n del fen\u00f3meno de la corrupci\u00f3n a nivel global, a partir de la cual se analiza con mayor profundidad la situaci\u00f3n de Chile, tanto fenomenol\u00f3gicamente como desde el punto de vista de su tipificaci\u00f3n penal.<br \/>\nPara ello, se aborda inicialmente la conceptualizaci\u00f3n de la corrupci\u00f3n y se analizan, en base a la evidencia de sistemas comparados, sus principales causas y efectos, incluido su impacto en materia de derechos humanos, para luego relevar las principales estrategias contra la corrupci\u00f3n, en especial la normativa internacional vigente proveniente de la Organizaci\u00f3n para la Cooperaci\u00f3n y el Desarrollo Econ\u00f3micos (OCDE), Naciones Unidas y la Organizaci\u00f3n de Estados Americanos.<br \/>\nPosteriormente, se revisan los principales casos conocidos en los \u00faltimos treinta a\u00f1os en Chile y las reacciones que como pa\u00eds generaron, para luego profundizar en las estrategias institucionales y normativas que se han implementado en el \u00faltimo tiempo a consecuencia de dichos casos.<br \/>\nFinalmente, el texto aborda una aproximaci\u00f3n jur\u00eddica a la corrupci\u00f3n, analiz\u00e1ndose el bien jur\u00eddico comprometido, y los problemas asociados con la delimitaci\u00f3n del concepto de funcionario p\u00fablico con la participaci\u00f3n de particulares en pr\u00e1cticas corruptas, para concluir con una revisi\u00f3n detallada de las principales figuras penales aplicables (cohecho, malversaci\u00f3n, fraude al fisco y prevaricaci\u00f3n) y los problemas interpretativos que se plantean a la luz de la jurisprudencia m\u00e1s reciente sobre la materia.<br \/>\nEsperamos que esta publicaci\u00f3n aporte a la incesante tarea de prevenir y sancionar la corrupci\u00f3n.<\/p>\n","protected":false},"excerpt":{"rendered":"<p>&nbsp; Esta obra ofrece una visi\u00f3n del fen\u00f3meno de la corrupci\u00f3n a nivel global, a partir de la cual se analiza con mayor profundidad la situaci\u00f3n de Chile, tanto fenomenol\u00f3gicamente como desde el punto de vista de su tipificaci\u00f3n penal. Para ello, se aborda inicialmente la conceptualizaci\u00f3n de la corrupci\u00f3n y se analizan, en base a la evidencia de sistemas comparados, sus principales causas y efectos, incluido su impacto en materia de derechos humanos, para luego relevar las principales estrategias contra la corrupci\u00f3n, en especial la normativa internacional vigente proveniente de la Organizaci\u00f3n para la Cooperaci\u00f3n y el Desarrollo Econ\u00f3micos (OCDE), Naciones Unidas y la Organizaci\u00f3n de Estados Americanos. Posteriormente, se revisan los principales casos conocidos en los \u00faltimos treinta a\u00f1os en Chile y las reacciones que como pa\u00eds generaron, para luego profundizar en las estrategias institucionales y normativas que se han implementado en el \u00faltimo tiempo a consecuencia de dichos casos. Finalmente, el texto aborda una aproximaci\u00f3n jur\u00eddica a la corrupci\u00f3n, analiz\u00e1ndose el bien jur\u00eddico comprometido, y los problemas asociados con la delimitaci\u00f3n del concepto de funcionario p\u00fablico con la participaci\u00f3n de particulares en pr\u00e1cticas corruptas, para concluir con una revisi\u00f3n detallada de las principales figuras penales aplicables (cohecho, malversaci\u00f3n, fraude al fisco y prevaricaci\u00f3n) y los problemas interpretativos que se plantean a la luz de la jurisprudencia m\u00e1s reciente sobre la materia. Esperamos que esta publicaci\u00f3n aporte a la incesante tarea de prevenir y sancionar la corrupci\u00f3n.<\/p>\n","protected":false},"featured_media":3615,"comment_status":"open","ping_status":"closed","template":"","meta":{"inline_featured_image":false,"_joinchat":[]},"product_brand":[],"product_cat":[30],"product_tag":[],"class_list":{"0":"post-3576","1":"product","2":"type-product","3":"status-publish","4":"has-post-thumbnail","6":"product_cat-penal","7":"product_shipping_class-a-convenir","9":"first","10":"instock","11":"shipping-taxable","12":"purchasable","13":"product-type-simple"},"_links":{"self":[{"href":"https:\/\/bibliotecajuridicavirtual.cl\/index.php\/wp-json\/wp\/v2\/product\/3576","targetHints":{"allow":["GET"]}}],"collection":[{"href":"https:\/\/bibliotecajuridicavirtual.cl\/index.php\/wp-json\/wp\/v2\/product"}],"about":[{"href":"https:\/\/bibliotecajuridicavirtual.cl\/index.php\/wp-json\/wp\/v2\/types\/product"}],"replies":[{"embeddable":true,"href":"https:\/\/bibliotecajuridicavirtual.cl\/index.php\/wp-json\/wp\/v2\/comments?post=3576"}],"wp:featuredmedia":[{"embeddable":true,"href":"https:\/\/bibliotecajuridicavirtual.cl\/index.php\/wp-json\/wp\/v2\/media\/3615"}],"wp:attachment":[{"href":"https:\/\/bibliotecajuridicavirtual.cl\/index.php\/wp-json\/wp\/v2\/media?parent=3576"}],"wp:term":[{"taxonomy":"product_brand","embeddable":true,"href":"https:\/\/bibliotecajuridicavirtual.cl\/index.php\/wp-json\/wp\/v2\/product_brand?post=3576"},{"taxonomy":"product_cat","embeddable":true,"href":"https:\/\/bibliotecajuridicavirtual.cl\/index.php\/wp-json\/wp\/v2\/product_cat?post=3576"},{"taxonomy":"product_tag","embeddable":true,"href":"https:\/\/bibliotecajuridicavirtual.cl\/index.php\/wp-json\/wp\/v2\/product_tag?post=3576"}],"curies":[{"name":"wp","href":"https:\/\/api.w.org\/{rel}","templated":true}]}}