{"id":3577,"date":"2026-02-28T01:16:26","date_gmt":"2026-02-28T04:16:26","guid":{"rendered":"https:\/\/bibliotecajuridicavirtual.cl\/?post_type=product&#038;p=3577"},"modified":"2026-02-28T01:17:43","modified_gmt":"2026-02-28T04:17:43","slug":"delitos-contra-la-indemnidad-sexual-ano-2018-98-pag-autor-jaime-winter-etcheberry","status":"publish","type":"product","link":"https:\/\/bibliotecajuridicavirtual.cl\/index.php\/product\/delitos-contra-la-indemnidad-sexual-ano-2018-98-pag-autor-jaime-winter-etcheberry\/","title":{"rendered":"Delitos Contra la Indemnidad Sexual. A\u00f1o 2018\/ 98 P\u00e1g. Autor jaime winter etcheberry"},"content":{"rendered":"<p>La obra pretende ofrecer un panorama general, pero exhaustivo, el estado actual de la dogm\u00e1tica en Chile sobre el sistema de delitos contra la indemnizaci\u00f3n sexual contemplado en nuestro C\u00f3digo Penal.<\/p>\n<p>Una primera y m\u00e1s bien una secci\u00f3n de esta publicaci\u00f3n.\u00a0Esta es la primera parte de la historia de la historia de las reformas en la materia de delitos sexuales en Chile \u2013con atenci\u00f3n especial en las Leyes N\u00ba 19.617 y N\u00ba 19.927\u2013 para, un rengl\u00f3n seguido, exhibici\u00f3n en una panor\u00e1mica en el presente informe.\u00a0Conceptualizar como \u201cel sistema (propiamente tal) de los delitos sexuales\u201d.\u00a0Por \u00faltimo, haga una revisi\u00f3n y un comentario de los bienes jur\u00eddicos protegidos en el juego.<\/p>\n<p>La segunda secci\u00f3n \u2013la m\u00e1s gruesa en su contenido\u2013 ofrecer\u00e1 una minuciosa reconstrucci\u00f3n dogm\u00e1tica de los delitos sexuales contemplados en nuestra legislaci\u00f3n y plantear\u00e1 algunas de las discusiones doctrinales que tienen mayor relevancia en la pr\u00e1ctica judicial en Chile.<\/p>\n<p>Los delitos a revisar ser\u00e1n los siguientes:<\/p>\n<ul>\n<li>Violaci\u00f3n.<\/li>\n<li>Estupro.<\/li>\n<li>Incesto<\/li>\n<li>Sodom\u00eda.<\/li>\n<li>Abusos sexuales.<\/li>\n<li>Involucrar a un menor en una relaci\u00f3n sexual.<\/li>\n<li>Producci\u00f3n y almacenamiento de material pornogr\u00e1fico.<\/li>\n<li>Corrupci\u00f3n de menores.<\/li>\n<li>Ultrajes p\u00fablicos.<\/li>\n<\/ul>\n<p>Contiene: Glosario, Preguntas y respuestas, Casos pr\u00e1cticos y Bibliograf\u00eda.<\/p>\n","protected":false},"excerpt":{"rendered":"<p>La obra pretende ofrecer un panorama general, pero exhaustivo, el estado actual de la dogm\u00e1tica en Chile sobre el sistema de delitos contra la indemnizaci\u00f3n sexual contemplado en nuestro C\u00f3digo Penal. Una primera y m\u00e1s bien una secci\u00f3n de esta publicaci\u00f3n.\u00a0Esta es la primera parte de la historia de la historia de las reformas en la materia de delitos sexuales en Chile \u2013con atenci\u00f3n especial en las Leyes N\u00ba 19.617 y N\u00ba 19.927\u2013 para, un rengl\u00f3n seguido, exhibici\u00f3n en una panor\u00e1mica en el presente informe.\u00a0Conceptualizar como \u201cel sistema (propiamente tal) de los delitos sexuales\u201d.\u00a0Por \u00faltimo, haga una revisi\u00f3n y un comentario de los bienes jur\u00eddicos protegidos en el juego. La segunda secci\u00f3n \u2013la m\u00e1s gruesa en su contenido\u2013 ofrecer\u00e1 una minuciosa reconstrucci\u00f3n dogm\u00e1tica de los delitos sexuales contemplados en nuestra legislaci\u00f3n y plantear\u00e1 algunas de las discusiones doctrinales que tienen mayor relevancia en la pr\u00e1ctica judicial en Chile. Los delitos a revisar ser\u00e1n los siguientes: Violaci\u00f3n. Estupro. Incesto Sodom\u00eda. Abusos sexuales. Involucrar a un menor en una relaci\u00f3n sexual. Producci\u00f3n y almacenamiento de material pornogr\u00e1fico. Corrupci\u00f3n de menores. Ultrajes p\u00fablicos. Contiene: Glosario, Preguntas y respuestas, Casos pr\u00e1cticos y Bibliograf\u00eda.<\/p>\n","protected":false},"featured_media":3616,"comment_status":"open","ping_status":"closed","template":"","meta":{"inline_featured_image":false,"_joinchat":[]},"product_brand":[],"product_cat":[38,29],"product_tag":[],"class_list":{"0":"post-3577","1":"product","2":"type-product","3":"status-publish","4":"has-post-thumbnail","6":"product_cat-editorial-der-ediciones","7":"product_cat-familia-y-del-menor","8":"product_shipping_class-a-convenir","10":"first","11":"instock","12":"shipping-taxable","13":"purchasable","14":"product-type-simple"},"_links":{"self":[{"href":"https:\/\/bibliotecajuridicavirtual.cl\/index.php\/wp-json\/wp\/v2\/product\/3577","targetHints":{"allow":["GET"]}}],"collection":[{"href":"https:\/\/bibliotecajuridicavirtual.cl\/index.php\/wp-json\/wp\/v2\/product"}],"about":[{"href":"https:\/\/bibliotecajuridicavirtual.cl\/index.php\/wp-json\/wp\/v2\/types\/product"}],"replies":[{"embeddable":true,"href":"https:\/\/bibliotecajuridicavirtual.cl\/index.php\/wp-json\/wp\/v2\/comments?post=3577"}],"wp:featuredmedia":[{"embeddable":true,"href":"https:\/\/bibliotecajuridicavirtual.cl\/index.php\/wp-json\/wp\/v2\/media\/3616"}],"wp:attachment":[{"href":"https:\/\/bibliotecajuridicavirtual.cl\/index.php\/wp-json\/wp\/v2\/media?parent=3577"}],"wp:term":[{"taxonomy":"product_brand","embeddable":true,"href":"https:\/\/bibliotecajuridicavirtual.cl\/index.php\/wp-json\/wp\/v2\/product_brand?post=3577"},{"taxonomy":"product_cat","embeddable":true,"href":"https:\/\/bibliotecajuridicavirtual.cl\/index.php\/wp-json\/wp\/v2\/product_cat?post=3577"},{"taxonomy":"product_tag","embeddable":true,"href":"https:\/\/bibliotecajuridicavirtual.cl\/index.php\/wp-json\/wp\/v2\/product_tag?post=3577"}],"curies":[{"name":"wp","href":"https:\/\/api.w.org\/{rel}","templated":true}]}}