{"id":3587,"date":"2026-02-28T01:16:48","date_gmt":"2026-02-28T04:16:48","guid":{"rendered":"https:\/\/bibliotecajuridicavirtual.cl\/?post_type=product&#038;p=3587"},"modified":"2026-02-28T01:17:45","modified_gmt":"2026-02-28T04:17:45","slug":"ley-de-entrevistas-videograbadas-un-cambio-procesal-y-sistemico-ano-2021-224-pag-autor-nora-rosati-jerez-y-carlos-iturra-lizana","status":"publish","type":"product","link":"https:\/\/bibliotecajuridicavirtual.cl\/index.php\/product\/ley-de-entrevistas-videograbadas-un-cambio-procesal-y-sistemico-ano-2021-224-pag-autor-nora-rosati-jerez-y-carlos-iturra-lizana\/","title":{"rendered":"Ley de Entrevistas Videograbadas. Un cambio Procesal y Sist\u00e9mico. A\u00f1o 2021\/ 224 P\u00e1g. Autor Nora Rosati Jerez y  Carlos Iturra Lizana"},"content":{"rendered":"<p>La obra tiene como prop\u00f3sito entregar a los operadores del sistema penal, abogados, acad\u00e9micos y estudiantes, un buen punto de partida para el acercamiento, justificaci\u00f3n y explicaci\u00f3n de esta nueva normativa (Ley N\u00ba 21.057).<br \/>\nLos autores est\u00e1n convencidos de que nos encontramos ante un cambio de que impone un vuelco en la manera de concebir la participaci\u00f3n de los ni\u00f1os, ni\u00f1as y adolescentes (NNA) en el sistema penal. De esta forma, no pretenden agotar los puntos que se han estimado discutibles ni el debate que se ha generado en torno a ellos, sino que su intenci\u00f3n es exponerlos y presentar las reflexiones que a su respecto se tuvieron presentes antes y durante la tramitaci\u00f3n de la ley y las que se han realizado desde la aplicaci\u00f3n de su texto, en una primera fase de funcionamiento.<br \/>\nSe revisa la g\u00e9nesis de este cuerpo legal desde los primeros cambios de abordaje que existieron de forma dispersa hace a\u00f1os, hasta el proyecto normativo sobre cuya base se erige el orden procesal actual para las causas con testigos o v\u00edctimas NNA. Se abordan las t\u00e9cnicas inmersas en el tratamiento de los menores de edad y las nuevas formas y restricciones bajo las que estos acceden a la denuncia, intervienen en la investigaci\u00f3n y comparecen a juicio. Tambi\u00e9n se estudian las tem\u00e1ticas que ahora regulan la formaci\u00f3n de los intermediarios y de los entrevistadores, la estructura establecida para su acreditaci\u00f3n, as\u00ed como la instaurada para la grabaci\u00f3n, resguardo y acceso a las videograbaciones de las dos instancias de contacto con estas v\u00edctimas y testigos de delitos graves tan particulares. Luego, se analiza la desafiante interdependencia que, a nivel de la ley, su reglamento y nueve protocolos de actuaci\u00f3n, se asienta entre las instituciones parte del sistema penal. Se profundiza, adem\u00e1s, en los mecanismos de protecci\u00f3n que se imponen en las diversas etapas y diligencias del proceso, ahondando particularmente en la gran novedad a nivel nacional e internacional que constituye la t\u00e9cnica de intermediaci\u00f3n de declaraci\u00f3n de NNA durante el juicio oral.<\/p>\n","protected":false},"excerpt":{"rendered":"<p>La obra tiene como prop\u00f3sito entregar a los operadores del sistema penal, abogados, acad\u00e9micos y estudiantes, un buen punto de partida para el acercamiento, justificaci\u00f3n y explicaci\u00f3n de esta nueva normativa (Ley N\u00ba 21.057). Los autores est\u00e1n convencidos de que nos encontramos ante un cambio de que impone un vuelco en la manera de concebir la participaci\u00f3n de los ni\u00f1os, ni\u00f1as y adolescentes (NNA) en el sistema penal. De esta forma, no pretenden agotar los puntos que se han estimado discutibles ni el debate que se ha generado en torno a ellos, sino que su intenci\u00f3n es exponerlos y presentar las reflexiones que a su respecto se tuvieron presentes antes y durante la tramitaci\u00f3n de la ley y las que se han realizado desde la aplicaci\u00f3n de su texto, en una primera fase de funcionamiento. Se revisa la g\u00e9nesis de este cuerpo legal desde los primeros cambios de abordaje que existieron de forma dispersa hace a\u00f1os, hasta el proyecto normativo sobre cuya base se erige el orden procesal actual para las causas con testigos o v\u00edctimas NNA. Se abordan las t\u00e9cnicas inmersas en el tratamiento de los menores de edad y las nuevas formas y restricciones bajo las que estos acceden a la denuncia, intervienen en la investigaci\u00f3n y comparecen a juicio. Tambi\u00e9n se estudian las tem\u00e1ticas que ahora regulan la formaci\u00f3n de los intermediarios y de los entrevistadores, la estructura establecida para su acreditaci\u00f3n, as\u00ed como la instaurada para la grabaci\u00f3n, resguardo y acceso a las videograbaciones de las dos instancias de contacto con estas v\u00edctimas y testigos de delitos graves tan particulares. Luego, se analiza la desafiante interdependencia que, a nivel de la ley, su reglamento y nueve protocolos de actuaci\u00f3n, se asienta entre las instituciones parte del sistema penal. Se profundiza, adem\u00e1s, en los mecanismos de protecci\u00f3n que se imponen en las diversas etapas y diligencias del proceso, ahondando particularmente en la gran novedad a nivel nacional e internacional que constituye la t\u00e9cnica de intermediaci\u00f3n de declaraci\u00f3n de NNA durante el juicio oral.<\/p>\n","protected":false},"featured_media":3617,"comment_status":"open","ping_status":"closed","template":"","meta":{"inline_featured_image":false,"_joinchat":[]},"product_brand":[],"product_cat":[38,29,30],"product_tag":[],"class_list":{"0":"post-3587","1":"product","2":"type-product","3":"status-publish","4":"has-post-thumbnail","6":"product_cat-editorial-der-ediciones","7":"product_cat-familia-y-del-menor","8":"product_cat-penal","9":"product_shipping_class-a-convenir","11":"first","12":"instock","13":"shipping-taxable","14":"purchasable","15":"product-type-simple"},"_links":{"self":[{"href":"https:\/\/bibliotecajuridicavirtual.cl\/index.php\/wp-json\/wp\/v2\/product\/3587","targetHints":{"allow":["GET"]}}],"collection":[{"href":"https:\/\/bibliotecajuridicavirtual.cl\/index.php\/wp-json\/wp\/v2\/product"}],"about":[{"href":"https:\/\/bibliotecajuridicavirtual.cl\/index.php\/wp-json\/wp\/v2\/types\/product"}],"replies":[{"embeddable":true,"href":"https:\/\/bibliotecajuridicavirtual.cl\/index.php\/wp-json\/wp\/v2\/comments?post=3587"}],"wp:featuredmedia":[{"embeddable":true,"href":"https:\/\/bibliotecajuridicavirtual.cl\/index.php\/wp-json\/wp\/v2\/media\/3617"}],"wp:attachment":[{"href":"https:\/\/bibliotecajuridicavirtual.cl\/index.php\/wp-json\/wp\/v2\/media?parent=3587"}],"wp:term":[{"taxonomy":"product_brand","embeddable":true,"href":"https:\/\/bibliotecajuridicavirtual.cl\/index.php\/wp-json\/wp\/v2\/product_brand?post=3587"},{"taxonomy":"product_cat","embeddable":true,"href":"https:\/\/bibliotecajuridicavirtual.cl\/index.php\/wp-json\/wp\/v2\/product_cat?post=3587"},{"taxonomy":"product_tag","embeddable":true,"href":"https:\/\/bibliotecajuridicavirtual.cl\/index.php\/wp-json\/wp\/v2\/product_tag?post=3587"}],"curies":[{"name":"wp","href":"https:\/\/api.w.org\/{rel}","templated":true}]}}