{"id":3589,"date":"2026-02-28T01:16:48","date_gmt":"2026-02-28T04:16:48","guid":{"rendered":"https:\/\/bibliotecajuridicavirtual.cl\/?post_type=product&#038;p=3589"},"modified":"2026-02-28T01:17:51","modified_gmt":"2026-02-28T04:17:51","slug":"derecho-ambiental-chileno-regimen-sancionatorio-y-de-incentivos-al-cumplimiento-proteccion-de-la-biodiversidad-y-areas-protegidas-y-delitos-ambientales-ano-2024-610-pag-autor-ivan-hunter-ampuero","status":"publish","type":"product","link":"https:\/\/bibliotecajuridicavirtual.cl\/index.php\/product\/derecho-ambiental-chileno-regimen-sancionatorio-y-de-incentivos-al-cumplimiento-proteccion-de-la-biodiversidad-y-areas-protegidas-y-delitos-ambientales-ano-2024-610-pag-autor-ivan-hunter-ampuero\/","title":{"rendered":"Derecho Ambiental Chileno &#8211; R\u00e9gimen Sancionatorio y de Incentivos al Cumplimiento, Protecci\u00f3n de la Biodiversidad y \u00c1reas Protegidas y Delitos Ambientales. A\u00f1o 2024\/610 P\u00e1g. Autor  Iv\u00e1n Hunter Ampuero"},"content":{"rendered":"<p>Esta obra, en su tomo II, pretende realizar una descripci\u00f3n y an\u00e1lisis de parte de la institucionalidad ambiental nacional, incorporando los est\u00e1ndares jurisprudenciales y doctrinarios m\u00e1s importantes de los \u00faltimos diez a\u00f1os. Se analiza la potestad sancionatoria de la Superintendencia del Medio Ambiente; sus caracter\u00edsticas, la configuraci\u00f3n de las infracciones, su gravedad y las circunstancias que sirven para determinar la sanci\u00f3n espec\u00edfica. As\u00ed tambi\u00e9n se examinan los controles administrativas y judiciales de las sanciones ambientales, junto con el r\u00e9gimen de incentivos al cumplimiento consagrado en la Ley Org\u00e1nica de la Superintendencia del Medio Ambiente.<br \/>\nEn este texto se realiza un an\u00e1lisis preliminar de la nueva institucionalidad relativa a la biodiversidad y \u00e1reas protegidas; se estudian los nuevos instrumentos de conservaci\u00f3n de la biodiversidad y el Sistema Nacional de \u00c1reas Protegidas. Igualmente se revisa la fiscalizaci\u00f3n, el sistema sancionatorio y los mecanismos alternativos a la sanci\u00f3n.<br \/>\nLa \u00faltima parte se dedica a los delitos ambientales. Se desarrollan algunos aspectos m\u00e1s generales de los delitos contenidos en normas sectoriales, y con m\u00e1s profundidad aquellos incorporados en el C\u00f3digo Penal en el nuevo t\u00edtulo denominado \u201cAtentado contra el medio ambiente\u201d.<br \/>\nEl texto ofrece interpretaciones a la normativa vigente, junto con dialogar de modo constante con la jurisprudencia de los tribunales ambientales y la Corte Suprema.<\/p>\n","protected":false},"excerpt":{"rendered":"<h5 style=\"text-align: right;\"><span style=\"color: #ffcc00;\">PREVENTA<\/span><\/h5>\n","protected":false},"featured_media":3619,"comment_status":"open","ping_status":"closed","template":"","meta":{"inline_featured_image":false,"_joinchat":[]},"product_brand":[],"product_cat":[31,38],"product_tag":[],"class_list":{"0":"post-3589","1":"product","2":"type-product","3":"status-publish","4":"has-post-thumbnail","6":"product_cat-derecho-ambiental","7":"product_cat-editorial-der-ediciones","8":"product_shipping_class-a-convenir","10":"first","11":"instock","12":"shipping-taxable","13":"purchasable","14":"product-type-simple"},"_links":{"self":[{"href":"https:\/\/bibliotecajuridicavirtual.cl\/index.php\/wp-json\/wp\/v2\/product\/3589","targetHints":{"allow":["GET"]}}],"collection":[{"href":"https:\/\/bibliotecajuridicavirtual.cl\/index.php\/wp-json\/wp\/v2\/product"}],"about":[{"href":"https:\/\/bibliotecajuridicavirtual.cl\/index.php\/wp-json\/wp\/v2\/types\/product"}],"replies":[{"embeddable":true,"href":"https:\/\/bibliotecajuridicavirtual.cl\/index.php\/wp-json\/wp\/v2\/comments?post=3589"}],"wp:featuredmedia":[{"embeddable":true,"href":"https:\/\/bibliotecajuridicavirtual.cl\/index.php\/wp-json\/wp\/v2\/media\/3619"}],"wp:attachment":[{"href":"https:\/\/bibliotecajuridicavirtual.cl\/index.php\/wp-json\/wp\/v2\/media?parent=3589"}],"wp:term":[{"taxonomy":"product_brand","embeddable":true,"href":"https:\/\/bibliotecajuridicavirtual.cl\/index.php\/wp-json\/wp\/v2\/product_brand?post=3589"},{"taxonomy":"product_cat","embeddable":true,"href":"https:\/\/bibliotecajuridicavirtual.cl\/index.php\/wp-json\/wp\/v2\/product_cat?post=3589"},{"taxonomy":"product_tag","embeddable":true,"href":"https:\/\/bibliotecajuridicavirtual.cl\/index.php\/wp-json\/wp\/v2\/product_tag?post=3589"}],"curies":[{"name":"wp","href":"https:\/\/api.w.org\/{rel}","templated":true}]}}