{"id":3591,"date":"2026-02-28T01:16:48","date_gmt":"2026-02-28T04:16:48","guid":{"rendered":"https:\/\/bibliotecajuridicavirtual.cl\/?post_type=product&#038;p=3591"},"modified":"2026-02-28T01:18:09","modified_gmt":"2026-02-28T04:18:09","slug":"tratado-de-las-medidas-cautelares-doctrina-jurisprudencia-antecedentes-historicos-y-derecho-comparado-2da-edicion-ano-2023-680-pag-autor-juan-carlos-marin-gonzalez","status":"publish","type":"product","link":"https:\/\/bibliotecajuridicavirtual.cl\/index.php\/product\/tratado-de-las-medidas-cautelares-doctrina-jurisprudencia-antecedentes-historicos-y-derecho-comparado-2da-edicion-ano-2023-680-pag-autor-juan-carlos-marin-gonzalez\/","title":{"rendered":"Tratado de las Medidas Cautelares \u2013 Doctrina, Jurisprudencia, Antecedentes Hist\u00f3ricos y Derecho Comparado &#8211;  2da Edici\u00f3n. A\u00f1o 2023\/ 680 P\u00e1g. Autor   Juan Carlos Mar\u00edn Gonz\u00e1lez"},"content":{"rendered":"<p style=\"font-weight: 400;\">Esta segunda edici\u00f3n presenta importantes cambios tanto de forma como de fondo. Trat\u00e1ndose de los primeros se ha eliminado la divisi\u00f3n original que el texto ten\u00eda en dos partes y se han adicionado tres nuevos cap\u00edtulos. Se ha incorporado un \u00edndice de los fallos que la obra contiene y un \u00edndice anal\u00edtico de las materias tratadas -referido a los p\u00e1rrafos enumerados que ahora presenta- lo que, sin duda, facilitar\u00e1 el manejo que el lector efect\u00fae de la misma.<\/p>\n<p style=\"font-weight: 400;\">En cuanto al fondo se ha modificado y actualizado tanto la introducci\u00f3n como el cap\u00edtulo primero; se ha actualizado el cap\u00edtulo segundo y se ha adicionado un cap\u00edtulo tercero con la regulaci\u00f3n de las medidas cautelares en el Derecho Ingl\u00e9s. Asimismo, en la parte hist\u00f3rica, se ha a\u00f1adido informaci\u00f3n tanto de Espa\u00f1a como de algunos otros pa\u00edses de Iberoam\u00e9rica, especialmente de M\u00e9xico, a fin de tener un cabal entendimiento de lo que suced\u00eda en la Madre Patria y en la Am\u00e9rica Hispana en el siglo XIX con las medidas precautorias. En el cap\u00edtulo noveno se analiza el tratamiento de las medidas cautelares en algunas leyes especiales en Chile: familiar, laboral, propiedad industrial, ambiental y competencia. Finalmente, se ha adicionado un cap\u00edtulo d\u00e9cimo con la regulaci\u00f3n de las medidas cautelares reales del proceso penal nacional.<\/p>\n<p style=\"font-weight: 400;\">En relaci\u00f3n con la jurisprudencia se ha incrementado significativamente el n\u00famero de fallos citados, en particular los que se han pronunciado en Chile desde el a\u00f1o 2000 a la fecha. Al respecto debemos tener presente que la mayor\u00eda de las leyes especiales que se han ocupado del tema, laboral, familiar y penal, por ejemplo, han previsto expresamente el recurso de apelaci\u00f3n como forma de impugnar las resoluciones de los jueces de primera instancia que se pronuncian sobre estas medidas. La jurisprudencia sobre las medidas cautelares, por tanto, se ha concentrado en los \u00faltimos a\u00f1os en las Cortes de Apelaciones.<\/p>\n<p style=\"font-weight: 400;\">Las medidas cautelares han experimentado en el pa\u00eds en los \u00faltimos diez a\u00f1os una regulaci\u00f3n mucho m\u00e1s agresiva en algunas leyes especiales. Dos son las principales ideas que destacan al respecto: i) en primer t\u00e9rmino, la de entregar un poder cautelar general a los jueces, por ejemplo, en materia laboral, lo que ha dotado a estas medidas de una importante flexibilidad al momento de su concesi\u00f3n; y ii) en segundo lugar, la de prever medidas innovativas que pueden importar una fuerte injerencia en la esfera de actuaci\u00f3n de los sujetos demandados (familiar, propiedad industrial, competencia y ambiental, por ejemplo). Si bien estas medidas son necesarias en nuestro ordenamiento jur\u00eddico, es importante tomar los resguardos necesarios a efectos de no paralizar la actuaci\u00f3n de los sujetos demandados. Todos estos cambios legislativos son analizados en esta segunda edici\u00f3n.<\/p>\n<p style=\"font-weight: 400;\">Por \u00faltimo, estamos frente a una obra que tanto por su contenido de derecho hist\u00f3rico, comparado y nacional, constituye un referente capital en esta materia, siendo su lectura indispensable para todos los estudiosos de nuestra disciplina, sean ellos jueces, abogados, juristas, legisladores o estudiantes de derecho.<\/p>\n<p>&nbsp;<\/p>\n","protected":false},"excerpt":{"rendered":"<p>Esta segunda edici\u00f3n presenta importantes cambios tanto de forma como de fondo. Trat\u00e1ndose de los primeros se ha eliminado la divisi\u00f3n original que el texto ten\u00eda en dos partes y se han adicionado tres nuevos cap\u00edtulos. Se ha incorporado un \u00edndice de los fallos que la obra contiene y un \u00edndice anal\u00edtico de las materias tratadas -referido a los p\u00e1rrafos enumerados que ahora presenta- lo que, sin duda, facilitar\u00e1 el manejo que el lector efect\u00fae de la misma. En cuanto al fondo se ha modificado y actualizado tanto la introducci\u00f3n como el cap\u00edtulo primero; se ha actualizado el cap\u00edtulo segundo y se ha adicionado un cap\u00edtulo tercero con la regulaci\u00f3n de las medidas cautelares en el Derecho Ingl\u00e9s. Asimismo, en la parte hist\u00f3rica, se ha a\u00f1adido informaci\u00f3n tanto de Espa\u00f1a como de algunos otros pa\u00edses de Iberoam\u00e9rica, especialmente de M\u00e9xico, a fin de tener un cabal entendimiento de lo que suced\u00eda en la Madre Patria y en la Am\u00e9rica Hispana en el siglo XIX con las medidas precautorias. En el cap\u00edtulo noveno se analiza el tratamiento de las medidas cautelares en algunas leyes especiales en Chile: familiar, laboral, propiedad industrial, ambiental y competencia. Finalmente, se ha adicionado un cap\u00edtulo d\u00e9cimo con la regulaci\u00f3n de las medidas cautelares reales del proceso penal nacional. En relaci\u00f3n con la jurisprudencia se ha incrementado significativamente el n\u00famero de fallos citados, en particular los que se han pronunciado en Chile desde el a\u00f1o 2000 a la fecha. Al respecto debemos tener presente que la mayor\u00eda de las leyes especiales que se han ocupado del tema, laboral, familiar y penal, por ejemplo, han previsto expresamente el recurso de apelaci\u00f3n como forma de impugnar las resoluciones de los jueces de primera instancia que se pronuncian sobre estas medidas. La jurisprudencia sobre las medidas cautelares, por tanto, se ha concentrado en los \u00faltimos a\u00f1os en las Cortes de Apelaciones. Las medidas cautelares han experimentado en el pa\u00eds en los \u00faltimos diez a\u00f1os una regulaci\u00f3n mucho m\u00e1s agresiva en algunas leyes especiales. Dos son las principales ideas que destacan al respecto: i) en primer t\u00e9rmino, la de entregar un poder cautelar general a los jueces, por ejemplo, en materia laboral, lo que ha dotado a estas medidas de una importante flexibilidad al momento de su concesi\u00f3n; y ii) en segundo lugar, la de prever medidas innovativas que pueden importar una fuerte injerencia en la esfera de actuaci\u00f3n de los sujetos demandados (familiar, propiedad industrial, competencia y ambiental, por ejemplo). Si bien estas medidas son necesarias en nuestro ordenamiento jur\u00eddico, es importante tomar los resguardos necesarios a efectos de no paralizar la actuaci\u00f3n de los sujetos demandados. Todos estos cambios legislativos son analizados en esta segunda edici\u00f3n. Por \u00faltimo, estamos frente a una obra que tanto por su contenido de derecho hist\u00f3rico, comparado y nacional, constituye un referente capital en esta materia, siendo su lectura indispensable para todos los estudiosos de nuestra disciplina, sean ellos jueces, abogados, juristas, legisladores o estudiantes de derecho. &nbsp;<\/p>\n","protected":false},"featured_media":3621,"comment_status":"open","ping_status":"closed","template":"","meta":{"inline_featured_image":false,"_joinchat":[]},"product_brand":[],"product_cat":[40,39],"product_tag":[],"class_list":{"0":"post-3591","1":"product","2":"type-product","3":"status-publish","4":"has-post-thumbnail","6":"product_cat-ediciones-juridica-de-santiago","7":"product_cat-procesal-civil","8":"product_shipping_class-a-convenir","10":"first","11":"instock","12":"shipping-taxable","13":"purchasable","14":"product-type-simple"},"_links":{"self":[{"href":"https:\/\/bibliotecajuridicavirtual.cl\/index.php\/wp-json\/wp\/v2\/product\/3591","targetHints":{"allow":["GET"]}}],"collection":[{"href":"https:\/\/bibliotecajuridicavirtual.cl\/index.php\/wp-json\/wp\/v2\/product"}],"about":[{"href":"https:\/\/bibliotecajuridicavirtual.cl\/index.php\/wp-json\/wp\/v2\/types\/product"}],"replies":[{"embeddable":true,"href":"https:\/\/bibliotecajuridicavirtual.cl\/index.php\/wp-json\/wp\/v2\/comments?post=3591"}],"wp:featuredmedia":[{"embeddable":true,"href":"https:\/\/bibliotecajuridicavirtual.cl\/index.php\/wp-json\/wp\/v2\/media\/3621"}],"wp:attachment":[{"href":"https:\/\/bibliotecajuridicavirtual.cl\/index.php\/wp-json\/wp\/v2\/media?parent=3591"}],"wp:term":[{"taxonomy":"product_brand","embeddable":true,"href":"https:\/\/bibliotecajuridicavirtual.cl\/index.php\/wp-json\/wp\/v2\/product_brand?post=3591"},{"taxonomy":"product_cat","embeddable":true,"href":"https:\/\/bibliotecajuridicavirtual.cl\/index.php\/wp-json\/wp\/v2\/product_cat?post=3591"},{"taxonomy":"product_tag","embeddable":true,"href":"https:\/\/bibliotecajuridicavirtual.cl\/index.php\/wp-json\/wp\/v2\/product_tag?post=3591"}],"curies":[{"name":"wp","href":"https:\/\/api.w.org\/{rel}","templated":true}]}}