{"id":3592,"date":"2026-02-28T01:16:48","date_gmt":"2026-02-28T04:16:48","guid":{"rendered":"https:\/\/bibliotecajuridicavirtual.cl\/?post_type=product&#038;p=3592"},"modified":"2026-02-28T01:18:15","modified_gmt":"2026-02-28T04:18:15","slug":"curso-de-derecho-civil-las-fuentes-de-las-obligaciones-la-declaracion-unilateral-de-la-voluntad-la-teoria-general-del-contrato-tomo-iii-1era-edicion-ano-2020-reimpresion-223-pag-aut","status":"publish","type":"product","link":"https:\/\/bibliotecajuridicavirtual.cl\/index.php\/product\/curso-de-derecho-civil-las-fuentes-de-las-obligaciones-la-declaracion-unilateral-de-la-voluntad-la-teoria-general-del-contrato-tomo-iii-1era-edicion-ano-2020-reimpresion-223-pag-aut\/","title":{"rendered":"Curso de Derecho Civil \u2013 Las fuentes de las obligaciones &#8211; La Declaracion Unilateral de la Voluntad- La Teoria General del Contrato &#8211; Tomo III &#8211; 1era Edici\u00f3n. A\u00f1o 2020 Reimpresi\u00f3n\/223 P\u00e1g. Autor  Gonzalo Figueroa Y\u00e1\u00f1ez"},"content":{"rendered":"<p><strong><br \/>\nPRIMERA<\/strong><strong>\u00a0PARTE<\/strong><br \/>\n<strong>LAS FUENTES DE LAS OBLIGACIONES. LA DECLARACI\u00d3N UNILATERAL DE VOLUNTAD<\/strong><\/p>\n<p><strong>CAP\u00cdTULO I<\/strong><br \/>\n<strong>LAS FUENTES EN GENERAL<\/strong><\/p>\n<p>I. Las Fuentes de las obligaciones. Concepto<br \/>\nII. Las fuentes de las obligaciones. Clasificaciones tradicionales<br \/>\nIII. Cr\u00edticas a la clasificaci\u00f3n tradicional<br \/>\nIV. Clasificaciones propuestas por algunos autores<\/p>\n<p><strong>CAP\u00cdTULO II<\/strong><br \/>\n<strong>LA DECALRACI\u00d3N UNILATERAL DE VOLUNTAD COMO FUENTE DE OBLIGACIONES<\/strong><\/p>\n<p>I. La declaraci\u00f3n unilateral de voluntad, \u00bfes una fuente de las obligaciones?<br \/>\nII. Doctrina que acepta la declaraci\u00f3n unilateral de voluntad como fuente de obligaciones<br \/>\nIII. Doctrina que no acepta la declaraci\u00f3n unilateral de voluntad como fuente de obligaciones<br \/>\nIV. Aplicaci\u00f3n de estas doctrinas en nuestro ordenamiento jur\u00eddico<br \/>\nV. Conclusiones finales<\/p>\n<p><strong>SEGUNDA PARTE<\/strong><br \/>\n<strong>LAS FUENTES DE LAS OBLIGACIONES. LA TEOR\u00cdA GENERAL DEL CONTRATO<br \/>\n<\/strong><br \/>\n<strong>CAP\u00cdTULO III<\/strong><br \/>\n<strong>LA TEOR\u00cdA GENERAL DEL CONTRATO<\/strong><\/p>\n<p>I. Fundamento de una teor\u00eda general del contrato<br \/>\nII. La teor\u00eda general del contrato en los ordenamientos anteriores a la codificaci\u00f3n<br \/>\nIII. Legislaciones que tratan el contrato en forma general y sistem\u00e1tica<\/p>\n<p><strong>CAP\u00cdTULO IV<\/strong><br \/>\n<strong>UBICACI\u00d3N DEL CONTRATO ENTRE LOS ACTOS JUR\u00cdDICOS. CONCEPTO DE CONTRATO. CR\u00cdTICAS. ALCANCE<\/strong><\/p>\n<p>I. Ubicaci\u00f3n del contrato entre los actos jur\u00eddicos<br \/>\nII. Concepto de contrato<br \/>\nIII. Cr\u00edticas a la definici\u00f3n legal de contrato<br \/>\nIV. Alcances de la definici\u00f3n legal de contrato<br \/>\nV. Distinci\u00f3n entre contratos y otros actos jur\u00eddicos<\/p>\n<p><strong>CAP\u00cdTULO V<\/strong><br \/>\n<strong>CONTRATO Y R\u00c9GIMEN ECONOMICO Y SOCIAL. FUNCI\u00d3N ECONOMICA DEL CONTRATO<\/strong><\/p>\n<p>I. El contrato en el sistema econ\u00f3mico chileno<br \/>\nII. El contrato en otros sistemas pol\u00edtico-econ\u00f3micos<br \/>\nIII. Funci\u00f3n econ\u00f3mica del contrato<\/p>\n<p><strong>CAP\u00cdTULO VI<\/strong><br \/>\n<strong>PRINCIPIOS FUNDAMENTALES EN MATERIA DE CONTRATACI\u00d3N. EL CONTRATO Y SUS L\u00cdMITES<\/strong><\/p>\n<p>I. La autonom\u00eda de la voluntad como principio fundamental de los contratos<br \/>\nII. La autonom\u00eda de la voluntad. Fundamentos<br \/>\nIII. La autonom\u00eda de la voluntad. Manifestaciones<br \/>\nIV. La autonom\u00eda de la voluntad. Manifestaciones<\/p>\n<p><strong>CAP\u00cdTULO\u00a0VII<\/strong><br \/>\n<strong>EL CONTENIDO DEL CONTRATO<\/strong><\/p>\n<p>I. Derechos potestativos<br \/>\nII. Contenido aleatorio del contrato<br \/>\nIII. Contenido material del contrato<br \/>\nIV. Elementos del contrato<\/p>\n<p><strong>CAP\u00cdTULO VIII<\/strong><br \/>\n<strong>CLASIFICACI\u00d3N DE LOS CONTRATOS<\/strong><\/p>\n<p>I. Clasificaciones contenidas en el C\u00f3digo Civil<br \/>\nII. Clasificaciones no contempladas en el C\u00f3digo Civil<\/p>\n<p><strong>CAP\u00cdTULO IX<\/strong><br \/>\n<strong>INTERPRETACI\u00d3N, INTERROGACI\u00d3N Y CALIFICACI\u00d3N JUR\u00cdDICA DE LOS CONTRATOS<\/strong><\/p>\n<p>I. Interpretaci\u00f3n de los contratos. Modelo chileno<br \/>\nII. Cr\u00edticas al sistema subjetivo de interpretaci\u00f3n de los contratos. Soluciones<br \/>\nIII. Interrogaci\u00f3n del contrato<br \/>\nIV. Calificaci\u00f3n jur\u00eddica del contrato<\/p>\n<p><strong>CAP\u00cdTULO X<\/strong><br \/>\n<strong>LAS PARTES EN LA RELACI\u00d3N CONTRACTUAL<\/strong><\/p>\n<p>I.\u00a0Las partes. Concepto<br \/>\nII. Los terceros. Concepto<br \/>\nIII. La autocontrataci\u00f3n o contrato consigo mismo<\/p>\n<p><strong>CAP\u00cdTULO XI<\/strong><br \/>\n<strong>EFECTOS DE LOS CONTRATOS ENTRE LAS PARTES Y RESPECTO DE LOS TERCEROS<\/strong><\/p>\n<p>I. Nociones generales<br \/>\nII. Terceros absolutos y terceros relativos<\/p>\n<p><strong>CAP\u00cdTULO XII<\/strong><br \/>\n<strong>LOS CONTRATOS RELACIONADOS<\/strong><\/p>\n<p>I. El subcontrato<br \/>\nII. El contrato de cesi\u00f3n de contrato<br \/>\nIII. Los contratos conexos<\/p>\n<p><strong>CAP\u00cdTULO XIII<\/strong><br \/>\n<strong>EXTINCI\u00d3N DE LOS CONTRATOS<\/strong><\/p>\n<p>I. Extinci\u00f3n de los contratos por causales existentes al momento de su nacimiento<br \/>\nII. Extinci\u00f3n\u00a0\u00a0de los contratos por hechos posteriores a su celebraci\u00f3n<\/p>\n","protected":false},"excerpt":{"rendered":"<p>PRIMERA\u00a0PARTE LAS FUENTES DE LAS OBLIGACIONES. LA DECLARACI\u00d3N UNILATERAL DE VOLUNTAD CAP\u00cdTULO I LAS FUENTES EN GENERAL I. Las Fuentes de las obligaciones. Concepto II. Las fuentes de las obligaciones. Clasificaciones tradicionales III. Cr\u00edticas a la clasificaci\u00f3n tradicional IV. Clasificaciones propuestas por algunos autores CAP\u00cdTULO II LA DECALRACI\u00d3N UNILATERAL DE VOLUNTAD COMO FUENTE DE OBLIGACIONES I. La declaraci\u00f3n unilateral de voluntad, \u00bfes una fuente de las obligaciones? II. Doctrina que acepta la declaraci\u00f3n unilateral de voluntad como fuente de obligaciones III. Doctrina que no acepta la declaraci\u00f3n unilateral de voluntad como fuente de obligaciones IV. Aplicaci\u00f3n de estas doctrinas en nuestro ordenamiento jur\u00eddico V. Conclusiones finales SEGUNDA PARTE LAS FUENTES DE LAS OBLIGACIONES. LA TEOR\u00cdA GENERAL DEL CONTRATO CAP\u00cdTULO III LA TEOR\u00cdA GENERAL DEL CONTRATO I. Fundamento de una teor\u00eda general del contrato II. La teor\u00eda general del contrato en los ordenamientos anteriores a la codificaci\u00f3n III. Legislaciones que tratan el contrato en forma general y sistem\u00e1tica CAP\u00cdTULO IV UBICACI\u00d3N DEL CONTRATO ENTRE LOS ACTOS JUR\u00cdDICOS. CONCEPTO DE CONTRATO. CR\u00cdTICAS. ALCANCE I. Ubicaci\u00f3n del contrato entre los actos jur\u00eddicos II. Concepto de contrato III. Cr\u00edticas a la definici\u00f3n legal de contrato IV. Alcances de la definici\u00f3n legal de contrato V. Distinci\u00f3n entre contratos y otros actos jur\u00eddicos CAP\u00cdTULO V CONTRATO Y R\u00c9GIMEN ECONOMICO Y SOCIAL. FUNCI\u00d3N ECONOMICA DEL CONTRATO I. El contrato en el sistema econ\u00f3mico chileno II. El contrato en otros sistemas pol\u00edtico-econ\u00f3micos III. Funci\u00f3n econ\u00f3mica del contrato CAP\u00cdTULO VI PRINCIPIOS FUNDAMENTALES EN MATERIA DE CONTRATACI\u00d3N. EL CONTRATO Y SUS L\u00cdMITES I. La autonom\u00eda de la voluntad como principio fundamental de los contratos II. La autonom\u00eda de la voluntad. Fundamentos III. La autonom\u00eda de la voluntad. Manifestaciones IV. La autonom\u00eda de la voluntad. Manifestaciones CAP\u00cdTULO\u00a0VII EL CONTENIDO DEL CONTRATO I. Derechos potestativos II. Contenido aleatorio del contrato III. Contenido material del contrato IV. Elementos del contrato CAP\u00cdTULO VIII CLASIFICACI\u00d3N DE LOS CONTRATOS I. Clasificaciones contenidas en el C\u00f3digo Civil II. Clasificaciones no contempladas en el C\u00f3digo Civil CAP\u00cdTULO IX INTERPRETACI\u00d3N, INTERROGACI\u00d3N Y CALIFICACI\u00d3N JUR\u00cdDICA DE LOS CONTRATOS I. Interpretaci\u00f3n de los contratos. Modelo chileno II. Cr\u00edticas al sistema subjetivo de interpretaci\u00f3n de los contratos. Soluciones III. Interrogaci\u00f3n del contrato IV. Calificaci\u00f3n jur\u00eddica del contrato CAP\u00cdTULO X LAS PARTES EN LA RELACI\u00d3N CONTRACTUAL I.\u00a0Las partes. Concepto II. Los terceros. Concepto III. La autocontrataci\u00f3n o contrato consigo mismo CAP\u00cdTULO XI EFECTOS DE LOS CONTRATOS ENTRE LAS PARTES Y RESPECTO DE LOS TERCEROS I. Nociones generales II. Terceros absolutos y terceros relativos CAP\u00cdTULO XII LOS CONTRATOS RELACIONADOS I. El subcontrato II. El contrato de cesi\u00f3n de contrato III. Los contratos conexos CAP\u00cdTULO XIII EXTINCI\u00d3N DE LOS CONTRATOS I. Extinci\u00f3n de los contratos por causales existentes al momento de su nacimiento II. Extinci\u00f3n\u00a0\u00a0de los contratos por hechos posteriores a su celebraci\u00f3n<\/p>\n","protected":false},"featured_media":3622,"comment_status":"open","ping_status":"closed","template":"","meta":{"inline_featured_image":false,"_joinchat":[]},"product_brand":[],"product_cat":[27,40],"product_tag":[],"class_list":{"0":"post-3592","1":"product","2":"type-product","3":"status-publish","4":"has-post-thumbnail","6":"product_cat-civil","7":"product_cat-ediciones-juridica-de-santiago","8":"product_shipping_class-a-convenir","10":"first","11":"instock","12":"shipping-taxable","13":"purchasable","14":"product-type-simple"},"_links":{"self":[{"href":"https:\/\/bibliotecajuridicavirtual.cl\/index.php\/wp-json\/wp\/v2\/product\/3592","targetHints":{"allow":["GET"]}}],"collection":[{"href":"https:\/\/bibliotecajuridicavirtual.cl\/index.php\/wp-json\/wp\/v2\/product"}],"about":[{"href":"https:\/\/bibliotecajuridicavirtual.cl\/index.php\/wp-json\/wp\/v2\/types\/product"}],"replies":[{"embeddable":true,"href":"https:\/\/bibliotecajuridicavirtual.cl\/index.php\/wp-json\/wp\/v2\/comments?post=3592"}],"wp:featuredmedia":[{"embeddable":true,"href":"https:\/\/bibliotecajuridicavirtual.cl\/index.php\/wp-json\/wp\/v2\/media\/3622"}],"wp:attachment":[{"href":"https:\/\/bibliotecajuridicavirtual.cl\/index.php\/wp-json\/wp\/v2\/media?parent=3592"}],"wp:term":[{"taxonomy":"product_brand","embeddable":true,"href":"https:\/\/bibliotecajuridicavirtual.cl\/index.php\/wp-json\/wp\/v2\/product_brand?post=3592"},{"taxonomy":"product_cat","embeddable":true,"href":"https:\/\/bibliotecajuridicavirtual.cl\/index.php\/wp-json\/wp\/v2\/product_cat?post=3592"},{"taxonomy":"product_tag","embeddable":true,"href":"https:\/\/bibliotecajuridicavirtual.cl\/index.php\/wp-json\/wp\/v2\/product_tag?post=3592"}],"curies":[{"name":"wp","href":"https:\/\/api.w.org\/{rel}","templated":true}]}}