{"id":3593,"date":"2026-02-28T01:16:48","date_gmt":"2026-02-28T04:16:48","guid":{"rendered":"https:\/\/bibliotecajuridicavirtual.cl\/?post_type=product&#038;p=3593"},"modified":"2026-02-28T01:18:24","modified_gmt":"2026-02-28T04:18:24","slug":"la-nulidad-procesal-civil-penal-y-de-derecho-publico-ano-febrero-2021-333-pag-autor-miguel-otero-lathrop","status":"publish","type":"product","link":"https:\/\/bibliotecajuridicavirtual.cl\/index.php\/product\/la-nulidad-procesal-civil-penal-y-de-derecho-publico-ano-febrero-2021-333-pag-autor-miguel-otero-lathrop\/","title":{"rendered":"La Nulidad Procesal Civil, Penal y de Derecho P\u00fablico. A\u00f1o Febrero 2021\/ 333 P\u00e1g. Autor  Miguel Otero Lathrop"},"content":{"rendered":"<p>Esta obra es un acucioso estudio jurisprudencial de las nulidades procesal.<br \/>\nSe divide en cuatro libros que desarrollan las siguientes materias: De la nulidad en general; De la nulidad procesal civil; De la nulidad procesal penal; y De la nulidad procesal de derecho p\u00fablico.<br \/>\nJunto con establecer la diferencia procesal que se genera entre inexistencia, nulidad e inoponibilidad, clarifica los conceptos de proceso, juicio y litis. De igual manera, se refiere a las normas constitucionales aplicables a las nulidades procesales, analizando extensamente el concepto del debido proceso y la vigencia de los art\u00edculos 8\u00ba y 9\u00ba del Pacto de San Jos\u00e9 de Costa Rica, ateni\u00e9ndose a lo dispuesto por el art\u00edculo 5\u00ba de nuestra Constituci\u00f3n Pol\u00edtica.<\/p>\n<p>Los libros est\u00e1n divididos en t\u00edtulos que tratan separadamente cada uno de los elementos que conforman la respectiva nulidad procesal, sus causales, forma de impetrarla y sus efectos, lo que permite diferenciarlas claramente, sin dejar de reconocer la existencia de requisitos y elementos que son consubstanciales a todas.<\/p>\n<p>Respecto de la nulidad procesal civil se estudia el incidente de nulidad, los recursos de casaci\u00f3n en la forma y en el fondo y la nulidad de oficio, con un an\u00e1lisis detallado y jurisprudencial de las disposiciones que rigen estas materias.<br \/>\nEl autor destaca la diferencia que existe entre cada una en cuatro a las causales, plazos y requisitos para impetrarla.<\/p>\n<p>Respecto de la nulidad procesal penal se analiza el incidente de nulidad, el recurso de nulidad y la nulidad de oficio, como tambi\u00e9n las facultades del tribunal que conoce del recurso de nulidad, cuando constata que el vicio que afecta al debido proceso se ha originado durante la audiencia preparatoria del juicio oral.<\/p>\n<p>De gran importancia y novedad es el estudio que esta obra hace de la nulidad procesal de derecho p\u00fablico, cuya existencia ha sido reconocida reiteradamente en sentencias de nuestros tribunales de justicia. A juicio del autor, las caracter\u00edsticas de esta nulidad procesal: imprescriptibilidad, insubsaneabilidad e Irrenunciabilidad, y la forma de impetrarla, suscitar\u00e1n pol\u00e9mica por cuanto algunos consideran que afecta la cosa juzgada, desconociendo que si el proceso es nulo existi\u00f3 sentencia.<\/p>\n<p>Adem\u00e1s de su valor acad\u00e9mico, esta obra es de gran utilidad para jueces y abogados por su estilo claro y preciso enriquecido con abundante y actualizada jurisprudencia.<\/p>\n<p><strong>LIBRO PRIMERO<br \/>\n<\/strong><br \/>\n<strong>T\u00cdTULO PRIMERO<\/strong><br \/>\n<strong>INEXISTENCIA, NULIDAD E INOPONIBILIDAD<\/strong><\/p>\n<p>1. La inexistencia<br \/>\n2. Concepto de nulidad<br \/>\n3. La inoponibilidad<\/p>\n<p><strong>T\u00cdTULO SEGUNDO<\/strong><br \/>\n<strong>BREVES NOCIONES SOBRE LA NULIDAD CIVIL<br \/>\n<\/strong><br \/>\nGeneralidades<\/p>\n<p><strong>LIBRO SEGUNDO<\/strong><\/p>\n<p><strong>T\u00cdTULO PRIMERO<\/strong><br \/>\n<strong>NORMAS CONSTITUCIONALES Y CONCEPTOS PREVIOS APLICABLES A TODAS LAS NULIDADES<\/strong><\/p>\n<p>1. Antecedentes constitucionales<br \/>\n2. Naturaleza de las normas de procedimiento<br \/>\n3. La jurisdicci\u00f3n<br \/>\n4. Conflicto de relevancia jur\u00eddica<\/p>\n<p><strong>T\u00cdTULO SEGUNDO<\/strong><br \/>\n<strong>EL PROCESO<\/strong><\/p>\n<p>1. Concepto y raz\u00f3n de ser<br \/>\n2. Requisitos de existencia del proceso<br \/>\nA. Existencia de un conflicto de relevancia jur\u00eddica<br \/>\nB. Existencia e individualizaci\u00f3n de las partes<br \/>\nC. Existencia de un tribunal absolutamente competente<br \/>\n3. Inexistencia provisional y subsanable<br \/>\nA) Exisyencia de un debido patrocinio de abogado<br \/>\nB) Constituci\u00f3n de mandato judicial<br \/>\n4. El debido proceso<br \/>\n5. Materialidad del proceso<\/p>\n<p><strong>T\u00cdTULO TERCERO<br \/>\nLA NULIDAD PROCESAL CIVIL<\/strong><\/p>\n<p>Diferencias entre Proceso, Juicio y Litis<br \/>\nJurisprudencia<br \/>\nA. Nulidad sin vicio<br \/>\nB. Existencia de un vicio que cause agravio y que \u00e9ste sea s\u00f3lo reparable declarando la nulidad<br \/>\nC. Causales de invalidez del acto jur\u00eddico procesal<br \/>\nD. La nulidad de los actos procesales en el proyecto del nuevo C\u00f3digo Procesal Civil<\/p>\n<p><strong>T\u00cdTULO CUARTO<br \/>\n<\/strong><strong>FORMAS PARA IMPETRAR UNA NULIDAD PROCESAL<\/strong><\/p>\n<p>A. Incidente de nulidad<br \/>\n1. Requisitos para impetrar una nulidad procesal por la v\u00eda incidental<br \/>\n2. Requisitos para que el \u00f3rgano jurisdiccional declare la nulidad a petici\u00f3n de parte<br \/>\n3. Nulidad de oficio<\/p>\n<p><strong>T\u00cdTULO QUINTO<br \/>\n<\/strong><strong>EFECTO EXTENSIVO DE LA NULIDAD PROCESAL<\/strong><\/p>\n<p>Contenido adicional de la resoluci\u00f3n que declara la nulidad<br \/>\nJurisprudencia<br \/>\nNaturaleza jur\u00eddica de la resoluci\u00f3n que declara la nulidad<br \/>\nJurisprudencia<\/p>\n<p><strong>T\u00cdTULO SEXTO<br \/>\n<\/strong><strong>DEL RECURSO DE CASACI\u00d3N EN GENERAL<\/strong><\/p>\n<p>A. Generalidades<br \/>\nB. Reglas comunes a ambos recursos de casaci\u00f3n<br \/>\nArt\u00edculo 764<br \/>\nArt\u00edculo 770, inciso primero<br \/>\nArt\u00edculo 771<br \/>\nArt\u00edculo 773<br \/>\nArt\u00edculo 774<br \/>\nArt\u00edculo 776<br \/>\nArt\u00edculo 777<br \/>\nArt\u00edculo 778<br \/>\nArt\u00edculo 779<br \/>\nArt\u00edculo 783<br \/>\nArt\u00edculo 803<br \/>\nArt\u00edculo 808<\/p>\n<p><strong>T\u00cdTULO S\u00c9PTIMO<br \/>\n<\/strong><strong>REGLAS ESPECIALES DEL RECURSO DE CASACI\u00d3N EN LA FORMA<\/strong><\/p>\n<p>Art\u00edculo 766, inciso primero<br \/>\nJurisprudencia<br \/>\nArt\u00edculo 768<br \/>\nJurisprudencia<br \/>\na) Existencia de un perjuicio reparable s\u00f3lo con invalidaci\u00f3n del fallo<br \/>\nb) El vicio debe haber influido substancialmente en lo dispositivo del fallo<br \/>\nJurisprudencia<br \/>\nArt\u00edculo 769<br \/>\nJurisprudencia<br \/>\nArt\u00edculo 772, inciso segundo<br \/>\nJurisprudencia<br \/>\nArt\u00edculo 781<br \/>\nArt\u00edculo 786<\/p>\n<p>Disposiciones especiales de los recursos de casaci\u00f3n en la forma contra sentencias pronunciadas en primera o en \u00fanica instancia en juicios de mayor o de menor cuant\u00eda y en juicios especiales<br \/>\nArt\u00edculo 795<br \/>\nArt\u00edculo 796<br \/>\nArt\u00edculo 797<br \/>\nArt\u00edculo 798<br \/>\nArt\u00edculo 799<\/p>\n<p>Disposiciones especiales de los recursos de casaci\u00f3n en la forma contra sentencias pronunciadas en segunda instancia en juicios de mayor o de menor cuant\u00eda y en juicios especiales<br \/>\nArt\u00edculo 800<\/p>\n<p>Disposiciones especiales del recurso de casaci\u00f3n en la forma contra sentencias pronunciadas en juicios de m\u00ednima cuant\u00eda<br \/>\nArt\u00edculo 788<br \/>\nArt\u00edculo 789<br \/>\nArt\u00edculo 790<br \/>\nArt\u00edculo 791<br \/>\nArt\u00edculo 793<br \/>\nArt\u00edculo 794<\/p>\n<p><strong>T\u00cdTULO OCTAVO<br \/>\n<\/strong><strong>REGLAS ESPECIALES DEL RECURSO DE CASACI\u00d3N EN EL FONDO<\/strong><\/p>\n<p>Art\u00edculo 767<br \/>\nArt\u00edculo 772, inciso primero y tercero<br \/>\nArt\u00edculo 780<br \/>\nArt\u00edculo 782<br \/>\nJurisprudencia<br \/>\nArt\u00edculo 785<br \/>\nArt\u00edculo 805<br \/>\nArt\u00edculo 808<\/p>\n<p><strong>T\u00cdTULO NOVENO<br \/>\n<\/strong><strong>CASACI\u00d3N DE OFICIO<\/strong><\/p>\n<p>Art\u00edculo 775<br \/>\nJurisprudencia<\/p>\n<p><strong>LIBRO TERCERO<br \/>\n<\/strong><br \/>\n<strong>T\u00cdTULO PRIMERO<br \/>\n<\/strong><strong>LA NULIDAD PROCESAL PENAL<\/strong><\/p>\n<p>1. Relaci\u00f3n entre nulidad y recurso de nulidad<br \/>\n2. Requisitos para que proceda la nulidad<br \/>\n3. La nulidad de oficio<br \/>\n4. Efectos de la declaraci\u00f3n de nulidad<\/p>\n<p><strong>T\u00cdTULO SEGUNDO<\/strong><br \/>\n<strong>EL DERECHO AL DEBIDO PROCESO Y LOS RECURSOS PROCESALES PENALES<\/strong><\/p>\n<p>Generalidades<br \/>\nArt\u00edculo 8\u00ba. Pacto San Jos\u00e9 de Costa Rica. Garant\u00edas judiciales<br \/>\nArt\u00edculo 9\u00ba. Pacto San Jos\u00e9 de Costa Rica. Principios de legalidad y de retroactividad<\/p>\n<p><strong>T\u00cdTULO TERCERO<\/strong><br \/>\n<strong>R\u00c9GIMEN RECURSIVO EN EL NUEVO SISTEMA ACUSATORIO<\/strong><\/p>\n<p>a) Establecimiento de un sentenciador colegiado<br \/>\nb) Limitaciones a la facultad de recurrir<br \/>\nArt\u00edculo 352<br \/>\nc) Eliminaci\u00f3n de la doble instancia como regla general<br \/>\nd) Establecimiento de los principios de oralidad y mediaci\u00f3n<br \/>\nArt\u00edculo 266<br \/>\nArt\u00edculo 339<br \/>\nArt\u00edculo 340, inciso 2\u00ba<br \/>\nEvoluci\u00f3n legislativa<\/p>\n<p><strong>T\u00cdTULO CUARTO<\/strong><br \/>\n<strong>DISPOSICIONES GENERALES APLICABLES A TODOS LOS RECURSOS<\/strong><\/p>\n<p>Art\u00edculo 352<br \/>\nArt\u00edculo 353<br \/>\nArt\u00edculo 354<br \/>\nArt\u00edculo 355<br \/>\nArt\u00edculo 356<br \/>\nArt\u00edculo 357<br \/>\nArt\u00edculo 358<br \/>\nArt\u00edculo 360<br \/>\nArt\u00edculo 361<\/p>\n<p><strong>T\u00cdTULO QUINTO<\/strong><br \/>\n<strong>DISPOSICIONES PROPIAS DEL RECURSO DE NULIDAD<\/strong><\/p>\n<p>Art\u00edculo 372<br \/>\n1. Objeto del recurso<br \/>\n2. Causales de interposici\u00f3n del recurso<br \/>\n3. Tribunal competente para conocer del recurso de nulidad<br \/>\nA. Corte de Apelaciones respectiva<br \/>\nB. Corte Suprema<br \/>\nJurisprudencia<br \/>\n4. Tramitaci\u00f3n del recurso<br \/>\nA. Plazo<br \/>\nB. Preparaci\u00f3n del recurso<br \/>\nC. Requisitos del escrito de interposici\u00f3n<br \/>\nD. Examen de admisibilidad ante el tribunal a quo<br \/>\nE. Antecedentes a enviarse al tribunal ad quem<br \/>\nF. Actuaciones previas al conocimiento del recurso<br \/>\nG. Examen de admisibilidad ante el tribunal ad quem<br \/>\nH. Efectos de la interposici\u00f3n del recurso<br \/>\nI. Prueba en el recurso<br \/>\nJ. Fallo del recurso<br \/>\nK. Efectos de la declaraci\u00f3n de nulidad<br \/>\nL. Recursos en contra de la resoluci\u00f3n que declare la nulidad<br \/>\nJurisprudencia Tribunal Constitucional<br \/>\nJurisprudencia de la Corte Suprema<\/p>\n<p><strong>LIBRO CUARTO<\/strong><\/p>\n<p><strong>T\u00cdTULO PRIMERO<br \/>\nLA NULIDAD PROCESAL DE DERECHO P\u00daBLICO EN GENERAL<\/strong><\/p>\n<p>Fundamentos constitucionales<br \/>\nDe la nulidad de derecho p\u00fablico en general<br \/>\nA. Prescriptibilidad, insubsaneabilidad, Irrenunciabilidad y acci\u00f3n de nulidad<br \/>\nB. Efectos de la nulidad de derecho p\u00fablico<br \/>\nC. Forma de impetrar la nulidad de derecho p\u00fablico<\/p>\n<p><strong>T\u00cdTULO SEGUNDO<\/strong><br \/>\n<strong>NULIDAD PROCESAL DE DERECHO P\u00daBLICO<\/strong><\/p>\n<p>1. Causales adicionales<br \/>\na) Inobservancia de las normas de procedimiento<br \/>\nb) Inobservancia del \u201cDebido Proceso\u201d<br \/>\n2. Nulidad procesal de derecho p\u00fablico y cosa juzgada<br \/>\n3. Ejercicio de la acci\u00f3n de nulidad procesal de derecho p\u00fablico<br \/>\n4. Declaraci\u00f3n de oficio de la nulidad procesal penal<br \/>\n5. Derogaci\u00f3n t\u00e1cita de las normas legales en vigencia con anterioridad al 5 de enero de 1991, que establecen fallos dictados en \u00fanica instancia o respecto de los cuales no procede recurso alguno<\/p>\n<p><strong>T\u00cdTULO TERCERO<\/strong><br \/>\n<strong>LA NULIDAD PROCESAL DE DERECHO P\u00daBLICO Y EL PROCEDIMIENTO SANCIONADOR ADMINISTRATIVO<\/strong><\/p>\n<p>a) El procedimiento sancionador administrativo, los principios penales y el debido proceso<br \/>\nb) El procedimiento sancionatorio administrativo implica el ejercicio de la jurisdicci\u00f3n<br \/>\nc) Causales espec\u00edficas de nulidad procesal de derecho p\u00fablico en un procedimiento sancionatorio administrativo<br \/>\n1. Falta de imparcialidad de quien ejerce la jurisdicci\u00f3n<br \/>\n2. Delegaci\u00f3n de la jurisdicci\u00f3n<br \/>\n3. La infracci\u00f3n administrativa y su respectiva sanci\u00f3n deben estar debidamente especificada en la ley<\/p>\n","protected":false},"excerpt":{"rendered":"<p>Esta obra es un acucioso estudio jurisprudencial de las nulidades procesal. Se divide en cuatro libros que desarrollan las siguientes materias: De la nulidad en general; De la nulidad procesal civil; De la nulidad procesal penal; y De la nulidad procesal de derecho p\u00fablico. Junto con establecer la diferencia procesal que se genera entre inexistencia, nulidad e inoponibilidad, clarifica los conceptos de proceso, juicio y litis. De igual manera, se refiere a las normas constitucionales aplicables a las nulidades procesales, analizando extensamente el concepto del debido proceso y la vigencia de los art\u00edculos 8\u00ba y 9\u00ba del Pacto de San Jos\u00e9 de Costa Rica, ateni\u00e9ndose a lo dispuesto por el art\u00edculo 5\u00ba de nuestra Constituci\u00f3n Pol\u00edtica. Los libros est\u00e1n divididos en t\u00edtulos que tratan separadamente cada uno de los elementos que conforman la respectiva nulidad procesal, sus causales, forma de impetrarla y sus efectos, lo que permite diferenciarlas claramente, sin dejar de reconocer la existencia de requisitos y elementos que son consubstanciales a todas. Respecto de la nulidad procesal civil se estudia el incidente de nulidad, los recursos de casaci\u00f3n en la forma y en el fondo y la nulidad de oficio, con un an\u00e1lisis detallado y jurisprudencial de las disposiciones que rigen estas materias. El autor destaca la diferencia que existe entre cada una en cuatro a las causales, plazos y requisitos para impetrarla. Respecto de la nulidad procesal penal se analiza el incidente de nulidad, el recurso de nulidad y la nulidad de oficio, como tambi\u00e9n las facultades del tribunal que conoce del recurso de nulidad, cuando constata que el vicio que afecta al debido proceso se ha originado durante la audiencia preparatoria del juicio oral. De gran importancia y novedad es el estudio que esta obra hace de la nulidad procesal de derecho p\u00fablico, cuya existencia ha sido reconocida reiteradamente en sentencias de nuestros tribunales de justicia. A juicio del autor, las caracter\u00edsticas de esta nulidad procesal: imprescriptibilidad, insubsaneabilidad e Irrenunciabilidad, y la forma de impetrarla, suscitar\u00e1n pol\u00e9mica por cuanto algunos consideran que afecta la cosa juzgada, desconociendo que si el proceso es nulo existi\u00f3 sentencia. Adem\u00e1s de su valor acad\u00e9mico, esta obra es de gran utilidad para jueces y abogados por su estilo claro y preciso enriquecido con abundante y actualizada jurisprudencia. LIBRO PRIMERO T\u00cdTULO PRIMERO INEXISTENCIA, NULIDAD E INOPONIBILIDAD 1. La inexistencia 2. Concepto de nulidad 3. La inoponibilidad T\u00cdTULO SEGUNDO BREVES NOCIONES SOBRE LA NULIDAD CIVIL Generalidades LIBRO SEGUNDO T\u00cdTULO PRIMERO NORMAS CONSTITUCIONALES Y CONCEPTOS PREVIOS APLICABLES A TODAS LAS NULIDADES 1. Antecedentes constitucionales 2. Naturaleza de las normas de procedimiento 3. La jurisdicci\u00f3n 4. Conflicto de relevancia jur\u00eddica T\u00cdTULO SEGUNDO EL PROCESO 1. Concepto y raz\u00f3n de ser 2. Requisitos de existencia del proceso A. Existencia de un conflicto de relevancia jur\u00eddica B. Existencia e individualizaci\u00f3n de las partes C. Existencia de un tribunal absolutamente competente 3. Inexistencia provisional y subsanable A) Exisyencia de un debido patrocinio de abogado B) Constituci\u00f3n de mandato judicial 4. El debido proceso 5. Materialidad del proceso T\u00cdTULO TERCERO LA NULIDAD PROCESAL CIVIL Diferencias entre Proceso, Juicio y Litis Jurisprudencia A. Nulidad sin vicio B. Existencia de un vicio que cause agravio y que \u00e9ste sea s\u00f3lo reparable declarando la nulidad C. Causales de invalidez del acto jur\u00eddico procesal D. La nulidad de los actos procesales en el proyecto del nuevo C\u00f3digo Procesal Civil T\u00cdTULO CUARTO FORMAS PARA IMPETRAR UNA NULIDAD PROCESAL A. Incidente de nulidad 1. Requisitos para impetrar una nulidad procesal por la v\u00eda incidental 2. Requisitos para que el \u00f3rgano jurisdiccional declare la nulidad a petici\u00f3n de parte 3. Nulidad de oficio T\u00cdTULO QUINTO EFECTO EXTENSIVO DE LA NULIDAD PROCESAL Contenido adicional de la resoluci\u00f3n que declara la nulidad Jurisprudencia Naturaleza jur\u00eddica de la resoluci\u00f3n que declara la nulidad Jurisprudencia T\u00cdTULO SEXTO DEL RECURSO DE CASACI\u00d3N EN GENERAL A. Generalidades B. Reglas comunes a ambos recursos de casaci\u00f3n Art\u00edculo 764 Art\u00edculo 770, inciso primero Art\u00edculo 771 Art\u00edculo 773 Art\u00edculo 774 Art\u00edculo 776 Art\u00edculo 777 Art\u00edculo 778 Art\u00edculo 779 Art\u00edculo 783 Art\u00edculo 803 Art\u00edculo 808 T\u00cdTULO S\u00c9PTIMO REGLAS ESPECIALES DEL RECURSO DE CASACI\u00d3N EN LA FORMA Art\u00edculo 766, inciso primero Jurisprudencia Art\u00edculo 768 Jurisprudencia a) Existencia de un perjuicio reparable s\u00f3lo con invalidaci\u00f3n del fallo b) El vicio debe haber influido substancialmente en lo dispositivo del fallo Jurisprudencia Art\u00edculo 769 Jurisprudencia Art\u00edculo 772, inciso segundo Jurisprudencia Art\u00edculo 781 Art\u00edculo 786 Disposiciones especiales de los recursos de casaci\u00f3n en la forma contra sentencias pronunciadas en primera o en \u00fanica instancia en juicios de mayor o de menor cuant\u00eda y en juicios especiales Art\u00edculo 795 Art\u00edculo 796 Art\u00edculo 797 Art\u00edculo 798 Art\u00edculo 799 Disposiciones especiales de los recursos de casaci\u00f3n en la forma contra sentencias pronunciadas en segunda instancia en juicios de mayor o de menor cuant\u00eda y en juicios especiales Art\u00edculo 800 Disposiciones especiales del recurso de casaci\u00f3n en la forma contra sentencias pronunciadas en juicios de m\u00ednima cuant\u00eda Art\u00edculo 788 Art\u00edculo 789 Art\u00edculo 790 Art\u00edculo 791 Art\u00edculo 793 Art\u00edculo 794 T\u00cdTULO OCTAVO REGLAS ESPECIALES DEL RECURSO DE CASACI\u00d3N EN EL FONDO Art\u00edculo 767 Art\u00edculo 772, inciso primero y tercero Art\u00edculo 780 Art\u00edculo 782 Jurisprudencia Art\u00edculo 785 Art\u00edculo 805 Art\u00edculo 808 T\u00cdTULO NOVENO CASACI\u00d3N DE OFICIO Art\u00edculo 775 Jurisprudencia LIBRO TERCERO T\u00cdTULO PRIMERO LA NULIDAD PROCESAL PENAL 1. Relaci\u00f3n entre nulidad y recurso de nulidad 2. Requisitos para que proceda la nulidad 3. La nulidad de oficio 4. Efectos de la declaraci\u00f3n de nulidad T\u00cdTULO SEGUNDO EL DERECHO AL DEBIDO PROCESO Y LOS RECURSOS PROCESALES PENALES Generalidades Art\u00edculo 8\u00ba. Pacto San Jos\u00e9 de Costa Rica. Garant\u00edas judiciales Art\u00edculo 9\u00ba. Pacto San Jos\u00e9 de Costa Rica. Principios de legalidad y de retroactividad T\u00cdTULO TERCERO R\u00c9GIMEN RECURSIVO EN EL NUEVO SISTEMA ACUSATORIO a) Establecimiento de un sentenciador colegiado b) Limitaciones a la facultad de recurrir Art\u00edculo 352 c) Eliminaci\u00f3n de la doble instancia como regla general d) Establecimiento de los principios de oralidad y mediaci\u00f3n Art\u00edculo 266 Art\u00edculo 339 Art\u00edculo 340, inciso 2\u00ba Evoluci\u00f3n legislativa T\u00cdTULO CUARTO DISPOSICIONES GENERALES APLICABLES A TODOS LOS RECURSOS Art\u00edculo 352 Art\u00edculo 353<\/p>\n","protected":false},"featured_media":3623,"comment_status":"open","ping_status":"closed","template":"","meta":{"inline_featured_image":false,"_joinchat":[]},"product_brand":[],"product_cat":[27,30,39,34],"product_tag":[],"class_list":{"0":"post-3593","1":"product","2":"type-product","3":"status-publish","4":"has-post-thumbnail","6":"product_cat-civil","7":"product_cat-penal","8":"product_cat-procesal-civil","9":"product_cat-procesal-penal","10":"product_shipping_class-a-convenir","12":"first","13":"instock","14":"shipping-taxable","15":"purchasable","16":"product-type-simple"},"_links":{"self":[{"href":"https:\/\/bibliotecajuridicavirtual.cl\/index.php\/wp-json\/wp\/v2\/product\/3593","targetHints":{"allow":["GET"]}}],"collection":[{"href":"https:\/\/bibliotecajuridicavirtual.cl\/index.php\/wp-json\/wp\/v2\/product"}],"about":[{"href":"https:\/\/bibliotecajuridicavirtual.cl\/index.php\/wp-json\/wp\/v2\/types\/product"}],"replies":[{"embeddable":true,"href":"https:\/\/bibliotecajuridicavirtual.cl\/index.php\/wp-json\/wp\/v2\/comments?post=3593"}],"wp:featuredmedia":[{"embeddable":true,"href":"https:\/\/bibliotecajuridicavirtual.cl\/index.php\/wp-json\/wp\/v2\/media\/3623"}],"wp:attachment":[{"href":"https:\/\/bibliotecajuridicavirtual.cl\/index.php\/wp-json\/wp\/v2\/media?parent=3593"}],"wp:term":[{"taxonomy":"product_brand","embeddable":true,"href":"https:\/\/bibliotecajuridicavirtual.cl\/index.php\/wp-json\/wp\/v2\/product_brand?post=3593"},{"taxonomy":"product_cat","embeddable":true,"href":"https:\/\/bibliotecajuridicavirtual.cl\/index.php\/wp-json\/wp\/v2\/product_cat?post=3593"},{"taxonomy":"product_tag","embeddable":true,"href":"https:\/\/bibliotecajuridicavirtual.cl\/index.php\/wp-json\/wp\/v2\/product_tag?post=3593"}],"curies":[{"name":"wp","href":"https:\/\/api.w.org\/{rel}","templated":true}]}}