{"id":3594,"date":"2026-02-28T01:16:48","date_gmt":"2026-02-28T04:16:48","guid":{"rendered":"https:\/\/bibliotecajuridicavirtual.cl\/?post_type=product&#038;p=3594"},"modified":"2026-02-28T01:18:26","modified_gmt":"2026-02-28T04:18:26","slug":"la-discrecionalidad-en-la-responsabilidad-por-acto-administrativo-ano-2024-206-pag-autor-tomas-izquierdo-serrano","status":"publish","type":"product","link":"https:\/\/bibliotecajuridicavirtual.cl\/index.php\/product\/la-discrecionalidad-en-la-responsabilidad-por-acto-administrativo-ano-2024-206-pag-autor-tomas-izquierdo-serrano\/","title":{"rendered":"La Discrecionalidad en la Responsabilidad por Acto Administrativo. A\u00f1o 2024\/206 P\u00e1g. Autor Tomas Izquierdo  Serrano"},"content":{"rendered":"<p>En los \u00faltimos a\u00f1os, el estudio de la responsabilidad de la Administraci\u00f3n del Estado ha vivido un proceso de complejizaci\u00f3n. La responsabilidad por acto administrativo es un producto de esta diversificaci\u00f3n tem\u00e1tica.<\/p>\n<p>Los problemas a que conduce este tipo de responsabilidad son diversos. Su racionalizaci\u00f3n requiere de un marco anal\u00edtico general, que parece encontrarse en los elementos de la responsabilidad civil, y su adaptaci\u00f3n, a la responsabilidad del Estado. La falta del servicio, el perjuicio y la relaci\u00f3n de causalidad otorgan contextos propicios para el an\u00e1lisis de la responsabilidad por acto administrativo.<\/p>\n<p>Pues bien, uno de los asuntos fundamentales con que suele encontrarse la responsabilidad por acto administrativo es la existencia de potestades discrecionales, esto es, espacios de decisi\u00f3n aut\u00f3noma otorgados a la Administraci\u00f3n. La jurisprudencia ha tendido a abordar tales supuestos por medio del elemento de la falta de servicio, a partir de una (cuestionable) distinci\u00f3n entre culpa e ilegalidad.<\/p>\n<p>Este ensayo propone una lectura diferente: a partir de un abordaje anal\u00edtico del proceso de decisi\u00f3n administrativa, el libro ubica la importancia de la discrecionalidad en el elemento de la relaci\u00f3n de causalidad. La imputaci\u00f3n de responsabilidad en tales contextos exige un examen de los distintos factores susceptibles de incidir en tal relaci\u00f3n de causalidad, que este trabajo se propone estudiar en detalle.<\/p>\n","protected":false},"excerpt":{"rendered":"<p>En los \u00faltimos a\u00f1os, el estudio de la responsabilidad de la Administraci\u00f3n del Estado ha vivido un proceso de complejizaci\u00f3n. La responsabilidad por acto administrativo es un producto de esta diversificaci\u00f3n tem\u00e1tica. Los problemas a que conduce este tipo de responsabilidad son diversos. Su racionalizaci\u00f3n requiere de un marco anal\u00edtico general, que parece encontrarse en los elementos de la responsabilidad civil, y su adaptaci\u00f3n, a la responsabilidad del Estado. La falta del servicio, el perjuicio y la relaci\u00f3n de causalidad otorgan contextos propicios para el an\u00e1lisis de la responsabilidad por acto administrativo. Pues bien, uno de los asuntos fundamentales con que suele encontrarse la responsabilidad por acto administrativo es la existencia de potestades discrecionales, esto es, espacios de decisi\u00f3n aut\u00f3noma otorgados a la Administraci\u00f3n. La jurisprudencia ha tendido a abordar tales supuestos por medio del elemento de la falta de servicio, a partir de una (cuestionable) distinci\u00f3n entre culpa e ilegalidad. Este ensayo propone una lectura diferente: a partir de un abordaje anal\u00edtico del proceso de decisi\u00f3n administrativa, el libro ubica la importancia de la discrecionalidad en el elemento de la relaci\u00f3n de causalidad. La imputaci\u00f3n de responsabilidad en tales contextos exige un examen de los distintos factores susceptibles de incidir en tal relaci\u00f3n de causalidad, que este trabajo se propone estudiar en detalle.<\/p>\n","protected":false},"featured_media":3624,"comment_status":"open","ping_status":"closed","template":"","meta":{"inline_featured_image":false,"_joinchat":[]},"product_brand":[],"product_cat":[45,38],"product_tag":[],"class_list":{"0":"post-3594","1":"product","2":"type-product","3":"status-publish","4":"has-post-thumbnail","6":"product_cat-administrativo","7":"product_cat-editorial-der-ediciones","8":"product_shipping_class-a-convenir","10":"first","11":"instock","12":"shipping-taxable","13":"purchasable","14":"product-type-simple"},"_links":{"self":[{"href":"https:\/\/bibliotecajuridicavirtual.cl\/index.php\/wp-json\/wp\/v2\/product\/3594","targetHints":{"allow":["GET"]}}],"collection":[{"href":"https:\/\/bibliotecajuridicavirtual.cl\/index.php\/wp-json\/wp\/v2\/product"}],"about":[{"href":"https:\/\/bibliotecajuridicavirtual.cl\/index.php\/wp-json\/wp\/v2\/types\/product"}],"replies":[{"embeddable":true,"href":"https:\/\/bibliotecajuridicavirtual.cl\/index.php\/wp-json\/wp\/v2\/comments?post=3594"}],"wp:featuredmedia":[{"embeddable":true,"href":"https:\/\/bibliotecajuridicavirtual.cl\/index.php\/wp-json\/wp\/v2\/media\/3624"}],"wp:attachment":[{"href":"https:\/\/bibliotecajuridicavirtual.cl\/index.php\/wp-json\/wp\/v2\/media?parent=3594"}],"wp:term":[{"taxonomy":"product_brand","embeddable":true,"href":"https:\/\/bibliotecajuridicavirtual.cl\/index.php\/wp-json\/wp\/v2\/product_brand?post=3594"},{"taxonomy":"product_cat","embeddable":true,"href":"https:\/\/bibliotecajuridicavirtual.cl\/index.php\/wp-json\/wp\/v2\/product_cat?post=3594"},{"taxonomy":"product_tag","embeddable":true,"href":"https:\/\/bibliotecajuridicavirtual.cl\/index.php\/wp-json\/wp\/v2\/product_tag?post=3594"}],"curies":[{"name":"wp","href":"https:\/\/api.w.org\/{rel}","templated":true}]}}