{"id":3595,"date":"2026-02-28T01:16:48","date_gmt":"2026-02-28T04:16:48","guid":{"rendered":"https:\/\/bibliotecajuridicavirtual.cl\/?post_type=product&#038;p=3595"},"modified":"2026-02-28T01:18:27","modified_gmt":"2026-02-28T04:18:27","slug":"estatuto-administrativo-para-funcionarios-municipales-doctrina-y-jurisprudencia-ano-2024-870-pag-autor-cesar-rojas-rios-y-andres-chacon-romero","status":"publish","type":"product","link":"https:\/\/bibliotecajuridicavirtual.cl\/index.php\/product\/estatuto-administrativo-para-funcionarios-municipales-doctrina-y-jurisprudencia-ano-2024-870-pag-autor-cesar-rojas-rios-y-andres-chacon-romero\/","title":{"rendered":"Estatuto Administrativo para Funcionarios Municipales &#8211;  Doctrina y Jurisprudencia. A\u00f1o 2024\/ 870 P\u00e1g. Autor C\u00e9sar Rojas R\u00edos y  Andr\u00e9s Chac\u00f3n Romero"},"content":{"rendered":"<p>Esta obra se constituye como una herramienta pr\u00e1ctica fundamental para todos los operadores\u00a0que se desempe\u00f1an en la administraci\u00f3n local en Chile, incluyendo a nuestros alcaldes, concejales, directores y, desde luego, a los propios funcionarios p\u00fablicos municipales.<br \/>\nLa estructura y orden en que se presenta el contenido busca facilitar su an\u00e1lisis y comprensi\u00f3n, sumado a la incorporaci\u00f3n de una selecci\u00f3n de jurisprudencia judicial y administrativa de la Contralor\u00eda General de la Rep\u00fablica m\u00e1s relevante \u2014que ha sido revisada y actualizada para esta edici\u00f3n\u2014 son elementos que, reunidos y articulados por sus autores, se transforman en una obra indispensable para el estudio de esta materia.<\/p>\n","protected":false},"excerpt":{"rendered":"<p>Esta obra se constituye como una herramienta pr\u00e1ctica fundamental para todos los operadores\u00a0que se desempe\u00f1an en la administraci\u00f3n local en Chile, incluyendo a nuestros alcaldes, concejales, directores y, desde luego, a los propios funcionarios p\u00fablicos municipales. La estructura y orden en que se presenta el contenido busca facilitar su an\u00e1lisis y comprensi\u00f3n, sumado a la incorporaci\u00f3n de una selecci\u00f3n de jurisprudencia judicial y administrativa de la Contralor\u00eda General de la Rep\u00fablica m\u00e1s relevante \u2014que ha sido revisada y actualizada para esta edici\u00f3n\u2014 son elementos que, reunidos y articulados por sus autores, se transforman en una obra indispensable para el estudio de esta materia.<\/p>\n","protected":false},"featured_media":3625,"comment_status":"open","ping_status":"closed","template":"","meta":{"inline_featured_image":false,"_joinchat":[]},"product_brand":[],"product_cat":[45,38],"product_tag":[],"class_list":{"0":"post-3595","1":"product","2":"type-product","3":"status-publish","4":"has-post-thumbnail","6":"product_cat-administrativo","7":"product_cat-editorial-der-ediciones","8":"product_shipping_class-a-convenir","10":"first","11":"instock","12":"shipping-taxable","13":"purchasable","14":"product-type-simple"},"_links":{"self":[{"href":"https:\/\/bibliotecajuridicavirtual.cl\/index.php\/wp-json\/wp\/v2\/product\/3595","targetHints":{"allow":["GET"]}}],"collection":[{"href":"https:\/\/bibliotecajuridicavirtual.cl\/index.php\/wp-json\/wp\/v2\/product"}],"about":[{"href":"https:\/\/bibliotecajuridicavirtual.cl\/index.php\/wp-json\/wp\/v2\/types\/product"}],"replies":[{"embeddable":true,"href":"https:\/\/bibliotecajuridicavirtual.cl\/index.php\/wp-json\/wp\/v2\/comments?post=3595"}],"wp:featuredmedia":[{"embeddable":true,"href":"https:\/\/bibliotecajuridicavirtual.cl\/index.php\/wp-json\/wp\/v2\/media\/3625"}],"wp:attachment":[{"href":"https:\/\/bibliotecajuridicavirtual.cl\/index.php\/wp-json\/wp\/v2\/media?parent=3595"}],"wp:term":[{"taxonomy":"product_brand","embeddable":true,"href":"https:\/\/bibliotecajuridicavirtual.cl\/index.php\/wp-json\/wp\/v2\/product_brand?post=3595"},{"taxonomy":"product_cat","embeddable":true,"href":"https:\/\/bibliotecajuridicavirtual.cl\/index.php\/wp-json\/wp\/v2\/product_cat?post=3595"},{"taxonomy":"product_tag","embeddable":true,"href":"https:\/\/bibliotecajuridicavirtual.cl\/index.php\/wp-json\/wp\/v2\/product_tag?post=3595"}],"curies":[{"name":"wp","href":"https:\/\/api.w.org\/{rel}","templated":true}]}}