{"id":3631,"date":"2026-02-28T01:19:20","date_gmt":"2026-02-28T04:19:20","guid":{"rendered":"https:\/\/bibliotecajuridicavirtual.cl\/?post_type=product&#038;p=3631"},"modified":"2026-02-28T01:19:25","modified_gmt":"2026-02-28T04:19:25","slug":"el-principio-nulla-poena-sine-culpa-relevancia-consagracion-transgresiones-ano-2022-152-pag-autor-carlos-kunsemuller-loebenfelder","status":"publish","type":"product","link":"https:\/\/bibliotecajuridicavirtual.cl\/index.php\/product\/el-principio-nulla-poena-sine-culpa-relevancia-consagracion-transgresiones-ano-2022-152-pag-autor-carlos-kunsemuller-loebenfelder\/","title":{"rendered":"El Principio Nulla Poena Sine Culpa. Relevancia- Consagraci\u00f3n- Transgresiones A\u00f1o 2022\/ 152 P\u00e1g. Autor Carlos  Kunsemuller Loebenfelder"},"content":{"rendered":"<p>El \u00a0principio &#8220;no hay pena sin culpabilidad&#8221; \u00a0ha sido considerado por la doctrina tradicional ,m\u00e1s all\u00e1 de las discrepancias sistem\u00e1ticas, como uno de los puntos cardinales que orientan el derecho penal moderno,fundado en el reconocimiento de la dignidad humana y del hombre como un \u00a0ser libre, a\u00fan con todas las limitaciones f\u00e1cticas que \u00a0esta libertad pueda experimentar. (Alfredo Etcheberry, pr\u00f3logo de la obra Culpabilidad y Pena, de Carlos K\u00fcnsem\u00fcller, 1a edici\u00f3n, 2001.)<br \/>\nA partir de la convicci\u00f3n de que el principio de culpabilidad es un pilar del Derecho Penal moderno y se alza como un muro s\u00f3lido frente a la responsabilidad penal objetiva- sin culpabilidad- \u00a0en esta obra el autor procura revitalizar las tesis propuestas en anteriores publicaciones sobre el tema &#8220;culpabilidad&#8221;, actualizando la bibliograf\u00eda nacional y extranjera y agregando nuevos cap\u00edtulos en el \u00e1mbito de las transgresiones al principio &#8220;nulla poena sine culpa.&#8221;<\/p>\n<p>\u00cdNDICE<br \/>\nABREVIATURAS\u00a0\u00a0 \u00a0\u00a0\u00a0 \u00a011<br \/>\nPR\u00d3LOGO\u00a0\u00a0 \u00a0\u00a0\u00a0 \u00a015<br \/>\nEL PRINCIPIO \u201cNULLA POENA SINE CULPA\u201d RELEVANCIA Y EXCEPCIONES\u00a0\u00a0 \u00a0\u00a0\u00a0 \u00a015<br \/>\nCap\u00edtulo primero<br \/>\nEL PRINCIPIO NULLA POENA SINE CULPA, SU RECONOCIMIENTO, FUNCION Y JERARQUIA\u00a0\u00a0 \u00a0\u00a0\u00a0 \u00a023<br \/>\n1. Algunas definiciones de catedr\u00e1ticos nacionales y extranjeros, imprescindibles de considerar (a juicio del autor):\u00a0\u00a0 \u00a0\u00a0\u00a0 \u00a023<br \/>\n2. Propuestas reformadoras\u00a0\u00a0 \u00a0\u00a0\u00a0 \u00a025<br \/>\n3. Algunas decisiones judiciales relevantes\u00a0\u00a0 \u00a0\u00a0\u00a0 \u00a026<br \/>\nJurisprudencia alemana:\u00a0\u00a0 \u00a0\u00a0\u00a0 \u00a026<br \/>\nJurisprudencia espa\u00f1ola:\u00a0\u00a0 \u00a0\u00a0\u00a0 \u00a027<br \/>\nJurisprudencia argentina:\u00a0\u00a0 \u00a0\u00a0\u00a0 \u00a028<br \/>\nJurisprudencia chilena:\u00a0\u00a0 \u00a0\u00a0\u00a0 \u00a028<br \/>\n4. Conclusiones en torno al postulado nulla poena sine culpa (en cuanto principio cardinal del Derecho Penal)\u00a0\u00a0 \u00a0\u00a0\u00a0 \u00a029<br \/>\nCap\u00edtulo segundo<br \/>\nPRINCIPIO DE CULPABILIDAD Y CULPABILIDAD PENAL\u00a0\u00a0 \u00a0\u00a0\u00a0 \u00a039<br \/>\nCap\u00edtulo tercero<br \/>\nEl PRINCIPIO NULLA POENA SINE CULPA EN EL DERECHO PENAL CHILENO\u00a0\u00a0 \u00a0\u00a0\u00a0 \u00a053<br \/>\nCap\u00edtulo cuarto<br \/>\nTRANSGRESIONES AL PRINCIPIO DE CULPABILIDAD\u00a0\u00a0 \u00a0\u00a0\u00a0 \u00a061<br \/>\n1. Introducci\u00f3n\u00a0\u00a0 \u00a0\u00a0\u00a0 \u00a061<br \/>\n2. Los delitos calificados por el resultado\u00a0\u00a0 \u00a0\u00a0\u00a0 \u00a062<br \/>\n3. Las hip\u00f3tesis preterintencionales\u00a0\u00a0 \u00a0\u00a0\u00a0 \u00a065<br \/>\n4. La reincidencia\u00a0\u00a0 \u00a0\u00a0\u00a0 \u00a079<br \/>\n5. Societas Delinquere Potest.\u00a0\u00a0 \u00a0\u00a0\u00a0 \u00a091<br \/>\n6. Los delitos de peligro abstracto\u00a0\u00a0 \u00a0\u00a0\u00a0 \u00a0111<br \/>\nBIBLIOGRAF\u00cdA\u00a0\u00a0 \u00a0\u00a0\u00a0 \u00a0137<\/p>\n","protected":false},"excerpt":{"rendered":"<p>El \u00a0principio &#8220;no hay pena sin culpabilidad&#8221; \u00a0ha sido considerado por la doctrina tradicional ,m\u00e1s all\u00e1 de las discrepancias sistem\u00e1ticas, como uno de los puntos cardinales que orientan el derecho penal moderno,fundado en el reconocimiento de la dignidad humana y del hombre como un \u00a0ser libre, a\u00fan con todas las limitaciones f\u00e1cticas que \u00a0esta libertad pueda experimentar. (Alfredo Etcheberry, pr\u00f3logo de la obra Culpabilidad y Pena, de Carlos K\u00fcnsem\u00fcller, 1a edici\u00f3n, 2001.) A partir de la convicci\u00f3n de que el principio de culpabilidad es un pilar del Derecho Penal moderno y se alza como un muro s\u00f3lido frente a la responsabilidad penal objetiva- sin culpabilidad- \u00a0en esta obra el autor procura revitalizar las tesis propuestas en anteriores publicaciones sobre el tema &#8220;culpabilidad&#8221;, actualizando la bibliograf\u00eda nacional y extranjera y agregando nuevos cap\u00edtulos en el \u00e1mbito de las transgresiones al principio &#8220;nulla poena sine culpa.&#8221; \u00cdNDICE ABREVIATURAS\u00a0\u00a0 \u00a0\u00a0\u00a0 \u00a011 PR\u00d3LOGO\u00a0\u00a0 \u00a0\u00a0\u00a0 \u00a015 EL PRINCIPIO \u201cNULLA POENA SINE CULPA\u201d RELEVANCIA Y EXCEPCIONES\u00a0\u00a0 \u00a0\u00a0\u00a0 \u00a015 Cap\u00edtulo primero EL PRINCIPIO NULLA POENA SINE CULPA, SU RECONOCIMIENTO, FUNCION Y JERARQUIA\u00a0\u00a0 \u00a0\u00a0\u00a0 \u00a023 1. Algunas definiciones de catedr\u00e1ticos nacionales y extranjeros, imprescindibles de considerar (a juicio del autor):\u00a0\u00a0 \u00a0\u00a0\u00a0 \u00a023 2. Propuestas reformadoras\u00a0\u00a0 \u00a0\u00a0\u00a0 \u00a025 3. Algunas decisiones judiciales relevantes\u00a0\u00a0 \u00a0\u00a0\u00a0 \u00a026 Jurisprudencia alemana:\u00a0\u00a0 \u00a0\u00a0\u00a0 \u00a026 Jurisprudencia espa\u00f1ola:\u00a0\u00a0 \u00a0\u00a0\u00a0 \u00a027 Jurisprudencia argentina:\u00a0\u00a0 \u00a0\u00a0\u00a0 \u00a028 Jurisprudencia chilena:\u00a0\u00a0 \u00a0\u00a0\u00a0 \u00a028 4. Conclusiones en torno al postulado nulla poena sine culpa (en cuanto principio cardinal del Derecho Penal)\u00a0\u00a0 \u00a0\u00a0\u00a0 \u00a029 Cap\u00edtulo segundo PRINCIPIO DE CULPABILIDAD Y CULPABILIDAD PENAL\u00a0\u00a0 \u00a0\u00a0\u00a0 \u00a039 Cap\u00edtulo tercero El PRINCIPIO NULLA POENA SINE CULPA EN EL DERECHO PENAL CHILENO\u00a0\u00a0 \u00a0\u00a0\u00a0 \u00a053 Cap\u00edtulo cuarto TRANSGRESIONES AL PRINCIPIO DE CULPABILIDAD\u00a0\u00a0 \u00a0\u00a0\u00a0 \u00a061 1. Introducci\u00f3n\u00a0\u00a0 \u00a0\u00a0\u00a0 \u00a061 2. Los delitos calificados por el resultado\u00a0\u00a0 \u00a0\u00a0\u00a0 \u00a062 3. Las hip\u00f3tesis preterintencionales\u00a0\u00a0 \u00a0\u00a0\u00a0 \u00a065 4. La reincidencia\u00a0\u00a0 \u00a0\u00a0\u00a0 \u00a079 5. Societas Delinquere Potest.\u00a0\u00a0 \u00a0\u00a0\u00a0 \u00a091 6. Los delitos de peligro abstracto\u00a0\u00a0 \u00a0\u00a0\u00a0 \u00a0111 BIBLIOGRAF\u00cdA\u00a0\u00a0 \u00a0\u00a0\u00a0 \u00a0137<\/p>\n","protected":false},"featured_media":3661,"comment_status":"open","ping_status":"closed","template":"","meta":{"inline_featured_image":false,"_joinchat":[]},"product_brand":[],"product_cat":[30],"product_tag":[],"class_list":{"0":"post-3631","1":"product","2":"type-product","3":"status-publish","4":"has-post-thumbnail","6":"product_cat-penal","7":"product_shipping_class-a-convenir","9":"first","10":"instock","11":"shipping-taxable","12":"purchasable","13":"product-type-simple"},"_links":{"self":[{"href":"https:\/\/bibliotecajuridicavirtual.cl\/index.php\/wp-json\/wp\/v2\/product\/3631","targetHints":{"allow":["GET"]}}],"collection":[{"href":"https:\/\/bibliotecajuridicavirtual.cl\/index.php\/wp-json\/wp\/v2\/product"}],"about":[{"href":"https:\/\/bibliotecajuridicavirtual.cl\/index.php\/wp-json\/wp\/v2\/types\/product"}],"replies":[{"embeddable":true,"href":"https:\/\/bibliotecajuridicavirtual.cl\/index.php\/wp-json\/wp\/v2\/comments?post=3631"}],"wp:featuredmedia":[{"embeddable":true,"href":"https:\/\/bibliotecajuridicavirtual.cl\/index.php\/wp-json\/wp\/v2\/media\/3661"}],"wp:attachment":[{"href":"https:\/\/bibliotecajuridicavirtual.cl\/index.php\/wp-json\/wp\/v2\/media?parent=3631"}],"wp:term":[{"taxonomy":"product_brand","embeddable":true,"href":"https:\/\/bibliotecajuridicavirtual.cl\/index.php\/wp-json\/wp\/v2\/product_brand?post=3631"},{"taxonomy":"product_cat","embeddable":true,"href":"https:\/\/bibliotecajuridicavirtual.cl\/index.php\/wp-json\/wp\/v2\/product_cat?post=3631"},{"taxonomy":"product_tag","embeddable":true,"href":"https:\/\/bibliotecajuridicavirtual.cl\/index.php\/wp-json\/wp\/v2\/product_tag?post=3631"}],"curies":[{"name":"wp","href":"https:\/\/api.w.org\/{rel}","templated":true}]}}