{"id":3633,"date":"2026-02-28T01:19:20","date_gmt":"2026-02-28T04:19:20","guid":{"rendered":"https:\/\/bibliotecajuridicavirtual.cl\/?post_type=product&#038;p=3633"},"modified":"2026-02-28T01:19:26","modified_gmt":"2026-02-28T04:19:26","slug":"la-accion-de-provecho-del-dolo-ajeno-alberto-pino-emhart-manuel-gonzalez-gonzalez-ano-2022-328-pag","status":"publish","type":"product","link":"https:\/\/bibliotecajuridicavirtual.cl\/index.php\/product\/la-accion-de-provecho-del-dolo-ajeno-alberto-pino-emhart-manuel-gonzalez-gonzalez-ano-2022-328-pag\/","title":{"rendered":"La Acci\u00f3n de Provecho del Dolo Ajeno * Alberto Pino Emhart * Manuel Gonz\u00e1lez Gonz\u00e1lez &#8211; A\u00f1o 2022 &#8211; 328 P\u00e1g."},"content":{"rendered":"<p>Esta obra colectiva tiene por objeto reunir trabajos de profesores chilenos de derecho civil, analizando distintos aspectos dogm\u00e1ticos de la acci\u00f3n de provecho por dolo ajeno, configurada en los art\u00edculos 1458 y 2316 del C\u00f3digo Civil chileno. Estas normas, originales en cuanto a los C\u00f3digos Civiles de la \u00e9poca, se encontraban hasta hace poco en desuso. Sin embargo, a partir de recientes fallos de la Corte Suprema y el Tribunal Constitucional, ha cobrado un creciente inter\u00e9s en la dogm\u00e1tica civil y el ejercicio pr\u00e1ctico de la profesi\u00f3n. Ello particularmente debido a la naturaleza jur\u00eddica restitutoria que la Corte le ha atribuido a esta acci\u00f3n.<br \/>\nLa obra, en consecuencia, viene a llenar el vac\u00edo doctrinario, analizando distintos aspectos de la acci\u00f3n y tomando en cuenta la reciente jurisprudencia desarrollada en Chile, teniendo adem\u00e1s en cuenta distintos aspectos pr\u00e1cticos.<br \/>\n\u00cdndice<br \/>\nI<br \/>\nPR\u00d3LOGO<br \/>\nAlgunas notas sobre el provecho obtenido a causa del dolo ajeno\u00a0\u00a0 \u00a0\u00a0\u00a0 \u00a013<br \/>\nEnrique Barros Bourie<br \/>\nII<br \/>\nASPECTOS GENERALES Y CONSTITUCIONALES<br \/>\nEl provecho del dolo ajeno ante los derechos y principios constitucionales\u00a0\u00a0 \u00a0\u00a0\u00a0 \u00a025<br \/>\nHern\u00e1n Corral Talciani<br \/>\nFen\u00f3meno Phi y eficacia del conjunto. Sobre el dinamismo del art. 2316 del C\u00f3digo Civil\u00a0\u00a0 \u00a0\u00a0\u00a0 \u00a045<br \/>\nAlfredo Ferrante<br \/>\nIII<br \/>\nNATURALEZA JUR\u00cdDICA Y FUNCIONES DE LA ACCI\u00d3N<br \/>\nDefensas frente a la acci\u00f3n por provecho del dolo ajeno\u00a0\u00a0 \u00a0\u00a0\u00a0 \u00a065<br \/>\nManuel Gonz\u00e1lez Gonz\u00e1lez<br \/>\nSobre el provecho obtenido del dolo ajeno\u00a0\u00a0 \u00a0\u00a0\u00a0 \u00a085<br \/>\nDaniel Pe\u00f1ailillo Ar\u00e9valo<br \/>\nLa acci\u00f3n por provecho del dolo ajeno: r\u00e9gimen legal y condiciones\u00a0\u00a0 \u00a0\u00a0\u00a0 \u00a0115<br \/>\n\u00c1lvaro Vidal Olivares<br \/>\nIV<br \/>\nREQUISITOS DE PROCEDENCIA Y CARACTERES<br \/>\nSobre el concepto de \u201cprovecho\u201d y la naturaleza jur\u00eddica del acto que sirve de antecedente a la acci\u00f3n por provecho del dolo ajeno del art. 2316 del C\u00f3digo Civil\u00a0\u00a0 \u00a0\u00a0\u00a0 \u00a0137<br \/>\nRodrigo Momberg Uribe<br \/>\nProvecho indirecto en la jurisprudencia chilena: Provecho positivo y negativo, quantum amplio y restringido\u00a0\u00a0 \u00a0\u00a0\u00a0 \u00a0157<br \/>\nIgnacio R\u00edos Erazo<br \/>\nConcurso entre la acci\u00f3n de indemnizaci\u00f3n de perjuicios y la acci\u00f3n de provecho por dolo ajeno en el C\u00f3digo Civil chileno\u00a0\u00a0 \u00a0\u00a0\u00a0 \u00a0193<br \/>\nAdri\u00e1n Schopf Olea<br \/>\nAndr\u00e9s Jana Linetzky<br \/>\nLa repetici\u00f3n del provecho del dolo como acci\u00f3n restitutoria\u00a0\u00a0 \u00a0\u00a0\u00a0 \u00a0223<br \/>\nJos\u00e9 Miguel Valdivia Olivares<br \/>\nNicol\u00e1s Rojas Covarrubias<br \/>\nV<br \/>\nIMPLICANCIAS DE LA NATURALEZA RESTITUTORIA<br \/>\nNotas sobre el provecho del dolo ajeno y la acci\u00f3n reivindicatoria\u00a0\u00a0 \u00a0\u00a0\u00a0 \u00a0245<br \/>\nJaime Alcalde Silva<br \/>\nLa acci\u00f3n por provecho del dolo ajeno y su relaci\u00f3n con la categor\u00eda de \u201crestituci\u00f3n por il\u00edcitos\u201d\u00a0\u00a0 \u00a0\u00a0\u00a0 \u00a0265<br \/>\nPablo Letelier Cibi\u00e9<br \/>\nAlgunas implicancias de la naturaleza restitutoria de la acci\u00f3n de provecho por dolo ajeno\u00a0\u00a0 \u00a0\u00a0\u00a0 \u00a0285<br \/>\nAlberto Pino Emhart<br \/>\nLa culpa del demandante en la acci\u00f3n de provecho del dolo ajeno a prop\u00f3sito del caso Inverlink. Comentario a la sentencia Corfo con Inversiones Torres del Paine\u00a0\u00a0 \u00a0\u00a0\u00a0 \u00a0305<br \/>\nLilian C. San Mart\u00edn Neira<\/p>\n","protected":false},"excerpt":{"rendered":"<p>PR\u00d3LOGO: Algunas notas sobre el provecho obtenido a causa del dolo ajeno &#8211; Enrique Barros Bourie<\/p>\n<p>Buscas un libro Jur\u00eddico.? Lo puedes encontrar en nuestra tienda virtual.<br \/>\nContamos con prestigiosos autores y muchas alternativas en sus diferentes materias al igual que grandes descuentos.! Vis\u00edtanos en <a class=\"PxxmMLACwEGNeKyVHxYCskDzzJAEcLVgZk \" tabindex=\"0\" href=\"https:\/\/lnkd.in\/eiAG7jdZ\" target=\"_blank\" rel=\"noopener\" data-test-app-aware-link=\"\">https:\/\/lnkd.in\/eiAG7jdZ<\/a><br \/>\nEscr\u00edbenos al +56930565235 \/ <a class=\"PxxmMLACwEGNeKyVHxYCskDzzJAEcLVgZk \" tabindex=\"0\" href=\"mailto:ventaslegallexglobal@gmail.com\" target=\"_self\" data-test-app-aware-link=\"\">ventaslegallexglobal@gmail.com<\/a><br \/>\nHacemos env\u00edos a todo Chile \u2013 Starken o Correos Chile \/ Te esperamos<\/p>\n","protected":false},"featured_media":3663,"comment_status":"open","ping_status":"closed","template":"","meta":{"inline_featured_image":false,"_joinchat":[]},"product_brand":[],"product_cat":[27,26],"product_tag":[],"class_list":{"0":"post-3633","1":"product","2":"type-product","3":"status-publish","4":"has-post-thumbnail","6":"product_cat-civil","7":"product_cat-derecho","8":"product_shipping_class-a-convenir","10":"first","11":"instock","12":"sale","13":"shipping-taxable","14":"purchasable","15":"product-type-simple"},"_links":{"self":[{"href":"https:\/\/bibliotecajuridicavirtual.cl\/index.php\/wp-json\/wp\/v2\/product\/3633","targetHints":{"allow":["GET"]}}],"collection":[{"href":"https:\/\/bibliotecajuridicavirtual.cl\/index.php\/wp-json\/wp\/v2\/product"}],"about":[{"href":"https:\/\/bibliotecajuridicavirtual.cl\/index.php\/wp-json\/wp\/v2\/types\/product"}],"replies":[{"embeddable":true,"href":"https:\/\/bibliotecajuridicavirtual.cl\/index.php\/wp-json\/wp\/v2\/comments?post=3633"}],"wp:featuredmedia":[{"embeddable":true,"href":"https:\/\/bibliotecajuridicavirtual.cl\/index.php\/wp-json\/wp\/v2\/media\/3663"}],"wp:attachment":[{"href":"https:\/\/bibliotecajuridicavirtual.cl\/index.php\/wp-json\/wp\/v2\/media?parent=3633"}],"wp:term":[{"taxonomy":"product_brand","embeddable":true,"href":"https:\/\/bibliotecajuridicavirtual.cl\/index.php\/wp-json\/wp\/v2\/product_brand?post=3633"},{"taxonomy":"product_cat","embeddable":true,"href":"https:\/\/bibliotecajuridicavirtual.cl\/index.php\/wp-json\/wp\/v2\/product_cat?post=3633"},{"taxonomy":"product_tag","embeddable":true,"href":"https:\/\/bibliotecajuridicavirtual.cl\/index.php\/wp-json\/wp\/v2\/product_tag?post=3633"}],"curies":[{"name":"wp","href":"https:\/\/api.w.org\/{rel}","templated":true}]}}