{"id":3636,"date":"2026-02-28T01:19:20","date_gmt":"2026-02-28T04:19:20","guid":{"rendered":"https:\/\/bibliotecajuridicavirtual.cl\/?post_type=product&#038;p=3636"},"modified":"2026-03-29T13:09:57","modified_gmt":"2026-03-29T16:09:57","slug":"la-proteccion-de-expectativas-en-el-derecho-administrativo-chileno-una-propuesta-para-la-aplicacion-del-principio-de-proteccion","status":"publish","type":"product","link":"https:\/\/bibliotecajuridicavirtual.cl\/index.php\/product\/la-proteccion-de-expectativas-en-el-derecho-administrativo-chileno-una-propuesta-para-la-aplicacion-del-principio-de-proteccion\/","title":{"rendered":"La Protecci\u00f3n de Expectativas en el Derecho Administrativo Chileno: Una propuesta para la aplicaci\u00f3n del principio de protecci\u00f3n"},"content":{"rendered":"<p>En el sistema jur\u00eddico chileno, como en otros, se ha sostenido que solo los derechos adquiridos est\u00e1n a salvo de ser afectados por la aplicaci\u00f3n de normas o decisiones sobrevinientes, mientras que las meras expectativas est\u00e1n sujetas a ser frustradas. As\u00ed, se afirma que las autoridades p\u00fablicas no tienen el deber de considerar las expectativas de los individuos al ejercer sus atribuciones. Recogiendo el reciente e insipiente desarrollo en Chile del llamado principio de protecci\u00f3n de la confianza leg\u00edtima, este libro se propone matizar el tradicional dogma de los derechos adquiridos y las meras expectativas y argumentar que ciertas expectativas s\u00ed deben recibir protecci\u00f3n. Esto incluso cuando no existen derechos adquiridos involucrados o trat\u00e1ndose de decisiones sin efecto retroactivo.<br \/>\nLos actos de las autoridades p\u00fablicas (leyes, actos administrativos, comunicaciones informales) en ocasiones no otorgan derechos a los particulares, sino solo inducen expectativas. Pero estas expectativas muchas veces son relevantes para el ejercicio de la libertad individual y su frustraci\u00f3n puede tener un impacto desigual sobre quienes se han planificado teniendo en consideraci\u00f3n normas o decisiones expuestas a ser modificadas. De este modo, en conexi\u00f3n con las garant\u00edas constitucionales que protegen la libertad y la igualdad ante la ley, este libro propone un m\u00e9todo para que jueces y abogados puedan justificar la protecci\u00f3n de ciertas expectativas, conciliando dos importantes necesidades: la de otorgar seguridad y la de atender los siempre cambiantes imperativos del bien com\u00fan.<\/p>\n<p>&nbsp;<\/p>\n<p>\u00cdndice<br \/>\nTabla de abreviaturas\u00a0\u00a0 \u00a0\u00a0\u00a0 \u00a015<br \/>\nPr\u00f3logo\u00a0\u00a0 \u00a0\u00a0\u00a0 \u00a017<br \/>\nPrefacio y agradecimientos\u00a0\u00a0 \u00a0\u00a0\u00a0 \u00a021<br \/>\nIntroducci\u00f3n general\u00a0\u00a0 \u00a0\u00a0\u00a0 \u00a025<br \/>\nCap\u00edtulo Primero<br \/>\nEntre la estabilidad y el cambio: la inconsistencia temporal<br \/>\nen el derecho administrativo<br \/>\n1.\u00a0\u00a0 \u00a0LA IRRETROACTIVIDAD Y LA PROTECCI\u00d3N DE LA CONFIANZA\u00a0\u00a0 \u00a0\u00a0\u00a0 \u00a038<br \/>\n1.1.\u00a0\u00a0 \u00a0El principio de irretroactividad \u00a0\u00a0 \u00a0\u00a0\u00a0 \u00a039<br \/>\n1.1.1.\u00a0\u00a0 \u00a0La irretroactividad de la ley \u00a0\u00a0 \u00a0\u00a0\u00a0 \u00a040<br \/>\n1.1.2.\u00a0\u00a0 \u00a0La irretroactividad de las leyes administrativas\u00a0\u00a0 \u00a0\u00a0\u00a0 \u00a043<br \/>\n1.1.2.1.\u00a0\u00a0 \u00a0Vigencia in actum de las leyes administrativas\u00a0\u00a0 \u00a0\u00a0\u00a0 \u00a046<br \/>\n1.1.2.2.\u00a0\u00a0 \u00a0\u00d3rgano aplicador de las leyes administrativas\u00a0\u00a0 \u00a0\u00a0\u00a0 \u00a047<br \/>\n1.1.3.\u00a0\u00a0 \u00a0La irretroactividad del acto administrativo\u00a0\u00a0 \u00a0\u00a0\u00a0 \u00a049<br \/>\n1.2.\u00a0\u00a0 \u00a0El principio de protecci\u00f3n de la confianza leg\u00edtima\u00a0\u00a0 \u00a0\u00a0\u00a0 \u00a051<br \/>\n1.2.1.\u00a0\u00a0 \u00a0Protecci\u00f3n de la confianza y actividad administrativa\u00a0\u00a0 \u00a0\u00a0\u00a0 \u00a052<br \/>\n1.2.2.\u00a0\u00a0 \u00a0Protecci\u00f3n de la confianza y la actividad legislativa\u00a0\u00a0 \u00a0\u00a0\u00a0 \u00a058<br \/>\n2.\u00a0\u00a0 \u00a0APLICACI\u00d3N DE LA IRRETROACTIVIDAD Y LA CONFIANZA LEG\u00cdTIMA \u00a0\u00a0 \u00a0\u00a0\u00a0 \u00a064<br \/>\n2.1.\u00a0\u00a0 \u00a0Limitaciones a la propiedad impuestas por el legislador\u00a0\u00a0 \u00a0\u00a0\u00a0 \u00a065<br \/>\n2.1.1.\u00a0\u00a0 \u00a0Limitaciones impuestas por legislaci\u00f3n sobreviniente\u00a0\u00a0 \u00a0\u00a0\u00a0 \u00a066<br \/>\n2.1.2.\u00a0\u00a0 \u00a0La potestad administrativa para afectar derechos adquiridos\u00a0\u00a0 \u00a0\u00a0\u00a0 \u00a075<br \/>\n2.2.\u00a0\u00a0 \u00a0Revocaci\u00f3n de actos administrativos\u00a0\u00a0 \u00a0\u00a0\u00a0 \u00a081<br \/>\n2.2.1.\u00a0\u00a0 \u00a0Revocaci\u00f3n de actos administrativos de efectos generales\u00a0\u00a0 \u00a0\u00a0\u00a0 \u00a082<br \/>\n2.2.2.\u00a0\u00a0 \u00a0Revocaci\u00f3n de actos administrativos de efectos particulares\u00a0\u00a0 \u00a0\u00a0\u00a0 \u00a086<br \/>\n2.3.\u00a0\u00a0 \u00a0Efectos de la infracci\u00f3n al principio de juridicidad \u00a0\u00a0 \u00a0\u00a0\u00a0 \u00a092<br \/>\n2.3.1.\u00a0\u00a0 \u00a0Efectos del acto viciado: \u00bfderechos adquiridos o meras expectativas?\u00a0\u00a0 \u00a0\u00a0\u00a0 \u00a093<br \/>\n2.3.2.\u00a0\u00a0 \u00a0Aplicaci\u00f3n de las reglas del C\u00f3digo Civil\u00a0\u00a0 \u00a0\u00a0\u00a0 \u00a096<br \/>\n2.3.3.\u00a0\u00a0 \u00a0Expectativas leg\u00edtimas y nulidad\u00a0\u00a0 \u00a0\u00a0\u00a0 \u00a098<br \/>\n2.3.4.\u00a0\u00a0 \u00a0Intereses de terceros e indemnizaci\u00f3n de perjuicios\u00a0\u00a0 \u00a0\u00a0\u00a0 \u00a0100<br \/>\n2.4.\u00a0\u00a0 \u00a0Abandono de pr\u00e1cticas administrativas y manifestaciones informales\u00a0\u00a0 \u00a0\u00a0\u00a0 \u00a0103<br \/>\n2.4.1.\u00a0\u00a0 \u00a0Pr\u00e1cticas administrativas\u00a0\u00a0 \u00a0\u00a0\u00a0 \u00a0104<br \/>\n2.4.2.\u00a0\u00a0 \u00a0Manifestaciones informales\u00a0\u00a0 \u00a0\u00a0\u00a0 \u00a0106<br \/>\n3.\u00a0\u00a0 \u00a0CONCLUSIONES\u00a0\u00a0 \u00a0\u00a0\u00a0 \u00a0109<br \/>\nCap\u00edtulo segundo<br \/>\nInconsistencia temporal: problemas y objeciones<br \/>\n1.\u00a0\u00a0 \u00a0VAC\u00cdO DE PROTECCI\u00d3N EN LA REGULACI\u00d3N CONSTITUCIONAL DE LA PROPIEDAD\u00a0\u00a0 \u00a0\u00a0\u00a0 \u00a0112<br \/>\n1.1.\u00a0\u00a0 \u00a0Un concepto restringido de privaci\u00f3n\u00a0\u00a0 \u00a0\u00a0\u00a0 \u00a0112<br \/>\n1.2.\u00a0\u00a0 \u00a0Limitaciones de diversa intensidad\u00a0\u00a0 \u00a0\u00a0\u00a0 \u00a0118<br \/>\n1.3.\u00a0\u00a0 \u00a0Dimensi\u00f3n temporal del problema\u00a0\u00a0 \u00a0\u00a0\u00a0 \u00a0118<br \/>\n1.4.\u00a0\u00a0 \u00a0Da\u00f1os causados por limitaciones a la propiedad\u00a0\u00a0 \u00a0\u00a0\u00a0 \u00a0119<br \/>\n1.5.\u00a0\u00a0 \u00a0Peligro de exceso de protecci\u00f3n\u00a0\u00a0 \u00a0\u00a0\u00a0 \u00a0121<br \/>\n2.\u00a0\u00a0 \u00a0LA INDEFINICI\u00d3N DE LA PROHIBICI\u00d3N DE RETROACTIVIDAD \u00a0\u00a0 \u00a0\u00a0\u00a0 \u00a0125<br \/>\n2.1.\u00a0\u00a0 \u00a0La prohibici\u00f3n de retroactividad en un sentido amplio\u00a0\u00a0 \u00a0\u00a0\u00a0 \u00a0125<br \/>\n2.2.\u00a0\u00a0 \u00a0La prohibici\u00f3n de retroactividad en sentido restringido\u00a0\u00a0 \u00a0\u00a0\u00a0 \u00a0128<br \/>\n2.3.\u00a0\u00a0 \u00a0\u00bfC\u00f3mo concretar la prohibici\u00f3n de retroactividad?\u00a0\u00a0 \u00a0\u00a0\u00a0 \u00a0128<br \/>\n2.4.\u00a0\u00a0 \u00a0Irretroactividad de la ley y acto administrativo \u00a0\u00a0 \u00a0\u00a0\u00a0 \u00a0130<br \/>\n2.5.\u00a0\u00a0 \u00a0Problemas de temporalidad y problemas de propiedad\u00a0\u00a0 \u00a0\u00a0\u00a0 \u00a0135<br \/>\n3.\u00a0\u00a0 \u00a0DERECHOS ADQUIRIDOS Y SITUACIONES JUR\u00cdDICAS CONSOLIDADAS\u00a0\u00a0 \u00a0\u00a0\u00a0 \u00a0136<br \/>\n3.1.\u00a0\u00a0 \u00a0Tres cr\u00edticas a la idea de situaciones jur\u00eddicas consolidadas\u00a0\u00a0 \u00a0\u00a0\u00a0 \u00a0138<br \/>\n3.2.\u00a0\u00a0 \u00a0Dificultades de la aplicaci\u00f3n estricta del principio de legalidad\u00a0\u00a0 \u00a0\u00a0\u00a0 \u00a0142<br \/>\n3.3.\u00a0\u00a0 \u00a0Problemas de aplicar el C\u00f3digo Civil\u00a0\u00a0 \u00a0\u00a0\u00a0 \u00a0144<br \/>\n3.4.\u00a0\u00a0 \u00a0Indemnizaci\u00f3n derivada de la declaraci\u00f3n de nulidad\u00a0\u00a0 \u00a0\u00a0\u00a0 \u00a0145<br \/>\n4.\u00a0\u00a0 \u00a0DESPROTECCI\u00d3N DE EXPECTATIVAS QUE INFLUYEN EN LA LIBERTAD INDIVIDUAL\u00a0\u00a0 \u00a0\u00a0\u00a0 \u00a0149<br \/>\n4.1.\u00a0\u00a0 \u00a0Revocaci\u00f3n de actos preparatorios-precarios\u00a0\u00a0 \u00a0\u00a0\u00a0 \u00a0149<br \/>\n4.2.\u00a0\u00a0 \u00a0Revocaci\u00f3n de actos precarios\u00a0\u00a0 \u00a0\u00a0\u00a0 \u00a0152<br \/>\n4.3.\u00a0\u00a0 \u00a0Expectativas en procesos pendientes\u00a0\u00a0 \u00a0\u00a0\u00a0 \u00a0153<br \/>\n4.4.\u00a0\u00a0 \u00a0Expectativas generadas por actos informales\u00a0\u00a0 \u00a0\u00a0\u00a0 \u00a0158<br \/>\n4.5.\u00a0\u00a0 \u00a0Expectativas generadas por autorizaciones administrativas\u00a0\u00a0 \u00a0\u00a0\u00a0 \u00a0160<br \/>\n5.\u00a0\u00a0 \u00a0DIFICULTADES DESENCADENADAS POR LA PROTECCI\u00d3N DE EXPECTATIVAS\u00a0\u00a0 \u00a0\u00a0\u00a0 \u00a0161<br \/>\n5.1.\u00a0\u00a0 \u00a0Alteraci\u00f3n de la legalidad y de la certeza jur\u00eddica\u00a0\u00a0 \u00a0\u00a0\u00a0 \u00a0161<br \/>\n5.2.\u00a0\u00a0 \u00a0La no-identidad entre legalidad y seguridad\u00a0\u00a0 \u00a0\u00a0\u00a0 \u00a0163<br \/>\n5.3.\u00a0\u00a0 \u00a0Expectativas protegidas por ley\u00a0\u00a0 \u00a0\u00a0\u00a0 \u00a0165<br \/>\n5.4.\u00a0\u00a0 \u00a0Expectativas y su conexi\u00f3n con los derechos fundamentales\u00a0\u00a0 \u00a0\u00a0\u00a0 \u00a0167<br \/>\n6.\u00a0\u00a0 \u00a0CONCLUSIONES\u00a0\u00a0 \u00a0\u00a0\u00a0 \u00a0169<br \/>\nCap\u00edtulo tercero<br \/>\nUna propuesta para la protecci\u00f3n de expectativas<br \/>\n1.\u00a0\u00a0 \u00a0FUNDAMENTOS TE\u00d3RICOS DE LA PROTECCI\u00d3N DE EXPECTATIVAS\u00a0\u00a0 \u00a0\u00a0\u00a0 \u00a0174<br \/>\n1.1.\u00a0\u00a0 \u00a0La frontera entre irretroactividad y la protecci\u00f3n de expectativas\u00a0\u00a0 \u00a0\u00a0\u00a0 \u00a0176<br \/>\n1.1.1.\u00a0\u00a0 \u00a0La zona de inmutabilidad\u00a0\u00a0 \u00a0\u00a0\u00a0 \u00a0177<br \/>\n1.1.2.\u00a0\u00a0 \u00a0La zona de inmutabilidad en la LPA\u00a0\u00a0 \u00a0\u00a0\u00a0 \u00a0179<br \/>\n1.1.3.\u00a0\u00a0 \u00a0La zona de inmutabilidad en la LER\u00a0\u00a0 \u00a0\u00a0\u00a0 \u00a0188<br \/>\n1.1.4.\u00a0\u00a0 \u00a0La zona de inmutabilidad en la CPR\u00a0\u00a0 \u00a0\u00a0\u00a0 \u00a0191<br \/>\n1.2.\u00a0\u00a0 \u00a0Buena fe y protecci\u00f3n de expectativas\u00a0\u00a0 \u00a0\u00a0\u00a0 \u00a0195<br \/>\n1.2.1.\u00a0\u00a0 \u00a0La buena fe y el principio de legalidad\u00a0\u00a0 \u00a0\u00a0\u00a0 \u00a0196<br \/>\n1.2.2.\u00a0\u00a0 \u00a0La buena fe y el inter\u00e9s p\u00fablico\u00a0\u00a0 \u00a0\u00a0\u00a0 \u00a0200<br \/>\n1.3.\u00a0\u00a0 \u00a0Justificaci\u00f3n constitucional de la protecci\u00f3n de expectativas\u00a0\u00a0 \u00a0\u00a0\u00a0 \u00a0205<br \/>\n1.3.1.\u00a0\u00a0 \u00a0La libertad individual y la protecci\u00f3n de expectativas\u00a0\u00a0 \u00a0\u00a0\u00a0 \u00a0206<br \/>\n1.3.2.\u00a0\u00a0 \u00a0La igualdad ante la ley y la protecci\u00f3n de expectativas\u00a0\u00a0 \u00a0\u00a0\u00a0 \u00a0209<br \/>\n1.3.3.\u00a0\u00a0 \u00a0Consecuencias del fundamento constitucional propuesto\u00a0\u00a0 \u00a0\u00a0\u00a0 \u00a0210<br \/>\n1.3.4.\u00a0\u00a0 \u00a0Operatividad del fundamento constitucional propuesto\u00a0\u00a0 \u00a0\u00a0\u00a0 \u00a0212<br \/>\n1.4.\u00a0\u00a0 \u00a0Conclusiones \u00a0\u00a0 \u00a0\u00a0\u00a0 \u00a0215<br \/>\n2.\u00a0\u00a0 \u00a0METODOLOG\u00cdA PARA LA PROTECCI\u00d3N DE EXPECTATIVAS\u00a0\u00a0 \u00a0\u00a0\u00a0 \u00a0217<br \/>\n2.1.\u00a0\u00a0 \u00a0La base de confianza\u00a0\u00a0 \u00a0\u00a0\u00a0 \u00a0219<br \/>\n2.1.1.\u00a0\u00a0 \u00a0Exteriorizaci\u00f3n de criterio\u00a0\u00a0 \u00a0\u00a0\u00a0 \u00a0219<br \/>\n2.1.2.\u00a0\u00a0 \u00a0Conexi\u00f3n entre la exteriorizaci\u00f3n y la expectativa frustrada\u00a0\u00a0 \u00a0\u00a0\u00a0 \u00a0221<br \/>\n2.1.3.\u00a0\u00a0 \u00a0Car\u00e1cter conclusivo de la base de confianza\u00a0\u00a0 \u00a0\u00a0\u00a0 \u00a0223<br \/>\n2.1.4.\u00a0\u00a0 \u00a0Bases de confianza en particular\u00a0\u00a0 \u00a0\u00a0\u00a0 \u00a0223<br \/>\n2.1.4.1.\u00a0\u00a0 \u00a0Base de confianza legislativa\u00a0\u00a0 \u00a0\u00a0\u00a0 \u00a0224<br \/>\n2.1.4.2.\u00a0\u00a0 \u00a0Base de confianza ilegal\u00a0\u00a0 \u00a0\u00a0\u00a0 \u00a0227<br \/>\n2.1.4.3.\u00a0\u00a0 \u00a0Base de confianza informal\u00a0\u00a0 \u00a0\u00a0\u00a0 \u00a0231<br \/>\n2.2.\u00a0\u00a0 \u00a0Legitimidad de la confianza\u00a0\u00a0 \u00a0\u00a0\u00a0 \u00a0238<br \/>\n2.2.1.\u00a0\u00a0 \u00a0La presunci\u00f3n de legitimidad de la confianza\u00a0\u00a0 \u00a0\u00a0\u00a0 \u00a0238<br \/>\n2.2.2.\u00a0\u00a0 \u00a0Funciones de la presunci\u00f3n\u00a0\u00a0 \u00a0\u00a0\u00a0 \u00a0240<br \/>\n2.2.3.\u00a0\u00a0 \u00a0L\u00edmites de la legitimidad de la confianza\u00a0\u00a0 \u00a0\u00a0\u00a0 \u00a0242<br \/>\n2.2.3.1.\u00a0\u00a0 \u00a0Deber de adaptaci\u00f3n \u00a0\u00a0 \u00a0\u00a0\u00a0 \u00a0242<br \/>\n2.2.3.1.1.\u00a0\u00a0 \u00a0\u00bfCu\u00e1ndo surge el deber de adaptaci\u00f3n?\u00a0\u00a0 \u00a0\u00a0\u00a0 \u00a0246<br \/>\n2.2.3.1.2.\u00a0\u00a0 \u00a0Excepciones al deber de adaptaci\u00f3n\u00a0\u00a0 \u00a0\u00a0\u00a0 \u00a0248<br \/>\n2.2.3.2.\u00a0\u00a0 \u00a0Deber de diligencia o fiscalizaci\u00f3n\u00a0\u00a0 \u00a0\u00a0\u00a0 \u00a0250<br \/>\n2.2.3.2.1.\u00a0\u00a0 \u00a0M\u00faltiples bases de confianza\u00a0\u00a0 \u00a0\u00a0\u00a0 \u00a0252<br \/>\n2.2.3.2.2.\u00a0\u00a0 \u00a0Diligencia y base de confianza ilegal\u00a0\u00a0 \u00a0\u00a0\u00a0 \u00a0253<br \/>\n2.2.3.2.3.\u00a0\u00a0 \u00a0Diligencia y actividad informal\u00a0\u00a0 \u00a0\u00a0\u00a0 \u00a0259<br \/>\n2.3.\u00a0\u00a0 \u00a0Medida de protecci\u00f3n\u00a0\u00a0 \u00a0\u00a0\u00a0 \u00a0260<br \/>\n2.3.1.\u00a0\u00a0 \u00a0El inter\u00e9s p\u00fablico y la protecci\u00f3n de expectativas\u00a0\u00a0 \u00a0\u00a0\u00a0 \u00a0261<br \/>\n2.3.2.\u00a0\u00a0 \u00a0\u00bfC\u00f3mo proteger expectativas? Un an\u00e1lisis de temporalidad\u00a0\u00a0 \u00a0\u00a0\u00a0 \u00a0264<br \/>\n2.3.3.\u00a0\u00a0 \u00a0Rol de la autoridad administrativa y del \u00f3rgano controlador\u00a0\u00a0 \u00a0\u00a0\u00a0 \u00a0265<br \/>\n2.3.4.\u00a0\u00a0 \u00a0\u00bfC\u00f3mo seleccionar la medida de protecci\u00f3n?\u00a0\u00a0 \u00a0\u00a0\u00a0 \u00a0270<br \/>\n2.3.4.1.\u00a0\u00a0 \u00a0Realizaci\u00f3n de la expectativa\u00a0\u00a0 \u00a0\u00a0\u00a0 \u00a0270<br \/>\n2.3.4.2.\u00a0\u00a0 \u00a0Regulaci\u00f3n de una transici\u00f3n\u00a0\u00a0 \u00a0\u00a0\u00a0 \u00a0276<br \/>\n2.3.4.3.\u00a0\u00a0 \u00a0Indemnizaci\u00f3n de perjuicios\u00a0\u00a0 \u00a0\u00a0\u00a0 \u00a0283<br \/>\n2.4.\u00a0\u00a0 \u00a0Conclusiones \u00a0\u00a0 \u00a0\u00a0\u00a0 \u00a0292<br \/>\n3.\u00a0\u00a0 \u00a0LA PROTECCI\u00d3N DE EXPECTATIVAS EN LA PR\u00c1CTICA\u00a0\u00a0 \u00a0\u00a0\u00a0 \u00a0294<br \/>\n3.1.\u00a0\u00a0 \u00a0Expectativas frustradas por la actividad legislativa\u00a0\u00a0 \u00a0\u00a0\u00a0 \u00a0296<br \/>\n3.1.1.\u00a0\u00a0 \u00a0Control preventivo de constitucionalidad\u00a0\u00a0 \u00a0\u00a0\u00a0 \u00a0297<br \/>\n3.1.2.\u00a0\u00a0 \u00a0Etapa de aplicaci\u00f3n de una norma\u00a0\u00a0 \u00a0\u00a0\u00a0 \u00a0300<br \/>\n3.1.3.\u00a0\u00a0 \u00a0Indemnizaci\u00f3n de perjuicios y actividad legislativa\u00a0\u00a0 \u00a0\u00a0\u00a0 \u00a0311<br \/>\n3.2.\u00a0\u00a0 \u00a0Expectativas frustradas por la revocaci\u00f3n de actos administrativos\u00a0\u00a0 \u00a0\u00a0\u00a0 \u00a0316<br \/>\n3.2.1.\u00a0\u00a0 \u00a0Revocaci\u00f3n de reglamentos\u00a0\u00a0 \u00a0\u00a0\u00a0 \u00a0316<br \/>\n3.2.2.\u00a0\u00a0 \u00a0Procedimientos pendientes y modificaciones reglamentarias\u00a0\u00a0 \u00a0\u00a0\u00a0 \u00a0320<br \/>\n3.2.3.\u00a0\u00a0 \u00a0Revocaci\u00f3n de actos de efectos singulares\u00a0\u00a0 \u00a0\u00a0\u00a0 \u00a0322<br \/>\n3.3.\u00a0\u00a0 \u00a0Protecci\u00f3n de expectativas generadas por actos antijur\u00eddicos\u00a0\u00a0 \u00a0\u00a0\u00a0 \u00a0325<br \/>\n3.3.1.\u00a0\u00a0 \u00a0Protecci\u00f3n de expectativas e invalidaci\u00f3n administrativa\u00a0\u00a0 \u00a0\u00a0\u00a0 \u00a0326<br \/>\n3.3.2.\u00a0\u00a0 \u00a0Protecci\u00f3n de expectativas y nulidad declarada por el juez\u00a0\u00a0 \u00a0\u00a0\u00a0 \u00a0331<br \/>\n3.4.\u00a0\u00a0 \u00a0Expectativas protegibles en procesos de negociaci\u00f3n y licitaci\u00f3n\u00a0\u00a0 \u00a0\u00a0\u00a0 \u00a0334<br \/>\n3.4.1.\u00a0\u00a0 \u00a0Abandono de negociaciones desformalizadas\u00a0\u00a0 \u00a0\u00a0\u00a0 \u00a0335<br \/>\n3.4.2.\u00a0\u00a0 \u00a0Retiro del llamado a concurso\u00a0\u00a0 \u00a0\u00a0\u00a0 \u00a0338<br \/>\n3.4.3.\u00a0\u00a0 \u00a0Retiro de la adjudicaci\u00f3n\u00a0\u00a0 \u00a0\u00a0\u00a0 \u00a0340<br \/>\n3.5.\u00a0\u00a0 \u00a0Expectativas emanadas de pr\u00e1cticas y manifestaciones irregulares\u00a0\u00a0 \u00a0\u00a0\u00a0 \u00a0344<br \/>\n3.5.1.\u00a0\u00a0 \u00a0Abandono de pr\u00e1cticas informales\u00a0\u00a0 \u00a0\u00a0\u00a0 \u00a0345<br \/>\n3.5.2.\u00a0\u00a0 \u00a0Abandono de manifestaciones irregulares\u00a0\u00a0 \u00a0\u00a0\u00a0 \u00a0350<br \/>\n4.\u00a0\u00a0 \u00a0CONCLUSIONES\u00a0\u00a0 \u00a0\u00a0\u00a0 \u00a0354<br \/>\nConclusiones generales\u00a0\u00a0 \u00a0\u00a0\u00a0 \u00a0357<br \/>\nFuentes citadas<br \/>\n1.\u00a0\u00a0 \u00a0Bibliograf\u00eda\u00a0\u00a0 \u00a0\u00a0\u00a0 \u00a0365<br \/>\n2.\u00a0\u00a0 \u00a0Legislaci\u00f3n\u00a0\u00a0 \u00a0\u00a0\u00a0 \u00a0380<br \/>\n2.1.\u00a0\u00a0 \u00a0Historia legislativa\u00a0\u00a0 \u00a0\u00a0\u00a0 \u00a0384<br \/>\n2.2.\u00a0\u00a0 \u00a0Leyes extranjeras\u00a0\u00a0 \u00a0\u00a0\u00a0 \u00a0385<br \/>\n3.\u00a0\u00a0 \u00a0Jurisprudencia\u00a0\u00a0 \u00a0\u00a0\u00a0 \u00a0386<br \/>\n3.1.\u00a0\u00a0 \u00a0Jurisprudencia judicial\u00a0\u00a0 \u00a0\u00a0\u00a0 \u00a0386<br \/>\n3.2.\u00a0\u00a0 \u00a0Jurisprudencia administrativa\u00a0\u00a0 \u00a0\u00a0\u00a0 \u00a0406<\/p>\n","protected":false},"excerpt":{"rendered":"<p>Autor: Jaime Phillips Letelier * A\u00f1o 2020\/ 412 P\u00e1g.<\/p>\n<p>Buscas un libro Jur\u00eddico.? Lo puedes encontrar en nuestra tienda virtual.<br \/>\nContamos con prestigiosos autores y muchas alternativas en sus diferentes materias al igual que grandes descuentos.! Vis\u00edtanos en <a class=\"cWZyzrGsTDzyVImkoTAmsQWSxoiLMowIPnLKJKLc \" tabindex=\"0\" href=\"https:\/\/lnkd.in\/eiAG7jdZ\" target=\"_blank\" rel=\"noopener\" data-test-app-aware-link=\"\">https:\/\/lnkd.in\/eiAG7jdZ<\/a><br \/>\nEscr\u00edbenos al +56930565235 \/ <a class=\"cWZyzrGsTDzyVImkoTAmsQWSxoiLMowIPnLKJKLc \" tabindex=\"0\" href=\"mailto:ventaslegallexglobal@gmail.com\" target=\"_self\" data-test-app-aware-link=\"\">ventaslegallexglobal@gmail.com<\/a><br \/>\nHacemos env\u00edos a todo Chile \u2013 Starken o Correos Chile \/ Te esperamos<\/p>\n","protected":false},"featured_media":3666,"comment_status":"open","ping_status":"closed","template":"","meta":{"inline_featured_image":false,"_joinchat":[]},"product_brand":[],"product_cat":[45],"product_tag":[],"class_list":{"0":"post-3636","1":"product","2":"type-product","3":"status-publish","4":"has-post-thumbnail","6":"product_cat-administrativo","7":"product_shipping_class-a-convenir","9":"first","10":"instock","11":"shipping-taxable","12":"purchasable","13":"product-type-simple"},"_links":{"self":[{"href":"https:\/\/bibliotecajuridicavirtual.cl\/index.php\/wp-json\/wp\/v2\/product\/3636","targetHints":{"allow":["GET"]}}],"collection":[{"href":"https:\/\/bibliotecajuridicavirtual.cl\/index.php\/wp-json\/wp\/v2\/product"}],"about":[{"href":"https:\/\/bibliotecajuridicavirtual.cl\/index.php\/wp-json\/wp\/v2\/types\/product"}],"replies":[{"embeddable":true,"href":"https:\/\/bibliotecajuridicavirtual.cl\/index.php\/wp-json\/wp\/v2\/comments?post=3636"}],"wp:featuredmedia":[{"embeddable":true,"href":"https:\/\/bibliotecajuridicavirtual.cl\/index.php\/wp-json\/wp\/v2\/media\/3666"}],"wp:attachment":[{"href":"https:\/\/bibliotecajuridicavirtual.cl\/index.php\/wp-json\/wp\/v2\/media?parent=3636"}],"wp:term":[{"taxonomy":"product_brand","embeddable":true,"href":"https:\/\/bibliotecajuridicavirtual.cl\/index.php\/wp-json\/wp\/v2\/product_brand?post=3636"},{"taxonomy":"product_cat","embeddable":true,"href":"https:\/\/bibliotecajuridicavirtual.cl\/index.php\/wp-json\/wp\/v2\/product_cat?post=3636"},{"taxonomy":"product_tag","embeddable":true,"href":"https:\/\/bibliotecajuridicavirtual.cl\/index.php\/wp-json\/wp\/v2\/product_tag?post=3636"}],"curies":[{"name":"wp","href":"https:\/\/api.w.org\/{rel}","templated":true}]}}