{"id":3640,"date":"2026-02-28T01:19:20","date_gmt":"2026-02-28T04:19:20","guid":{"rendered":"https:\/\/bibliotecajuridicavirtual.cl\/?post_type=product&#038;p=3640"},"modified":"2026-02-28T01:19:32","modified_gmt":"2026-02-28T04:19:32","slug":"derecho-procesal-civil-parte-primera-introduccion-al-derecho-procesal-2a-edicion-ano-2022-440-pag-autor-arturo-felipe-onfray-vivanco","status":"publish","type":"product","link":"https:\/\/bibliotecajuridicavirtual.cl\/index.php\/product\/derecho-procesal-civil-parte-primera-introduccion-al-derecho-procesal-2a-edicion-ano-2022-440-pag-autor-arturo-felipe-onfray-vivanco\/","title":{"rendered":"Derecho Procesal Civil. Parte Primera. Introducci\u00f3n al Derecho Procesal 2\u00aa Edici\u00f3n A\u00f1o 2022 \/ 440 P\u00e1g. Autor Arturo Felipe Onfray Vivanco"},"content":{"rendered":"<p>Derecho Procesal Civil es una obra dividida en cuatro tomos: Introducci\u00f3n al Derecho Procesal Civil, Actos Jur\u00eddicos Procesales, Procedimientos Civiles y Recursos Procesales y Ejecuci\u00f3n. En ella, Arturo Felipe Onfray Vivanco ?formado en los \u00e1mbitos del Derecho, de la Sociolog\u00eda del Derecho y de la Teor\u00eda del Derecho, derroteros vinculados con una comprensi\u00f3n tridimensional del Derecho? sin olvidar las bases de la ciencia procesal ni tampoco los ejes que configuran la dimensi\u00f3n funcional de la misma, tiende puentes entre ella y otras disciplinas. Releva as\u00ed elementos que estima pertinentes para una mejor comprensi\u00f3n del Derecho procesal en los albores del siglo veintiuno, entre ellos la necesidad de introducir una perspectiva centrada en el conflicto as\u00ed como la importancia de promover la \u00e9tica, tanto de \u00a0abogados y de jueces, factores que adquieren especial relevancia en un contexto de reformas globales a los sistemas de Administraci\u00f3n de Justicia. De manera completa y ordenada el trabajo avanza desde la prevenci\u00f3n de los conflictos y las formas de soluci\u00f3n de los mismos, en el primer tomo, hasta las impugnaciones procesales, la ejecuci\u00f3n y las lecciones de los conflictos, en el \u00faltimo. Concordante con un ejercicio docente de m\u00e1s de treinta a\u00f1os, el texto procura, en un lenguaje claro, transmitir los aprendizajes adquiridos por el autor en dicho camino, considerando en cada secci\u00f3n instrumentos \u00fatiles para la reflexi\u00f3n a trav\u00e9s de preguntas y ejercicios; incorporando jurisprudencia reciente y los cambios normativos relevantes; am\u00e9n de referencias bibliogr\u00e1ficas e iconogr\u00e1ficas que pueden servir de invitaci\u00f3n a los lectores a profundizar en una rama del conocimiento que para quien escribe ha sido una querida compa\u00f1era de viaje y fuente de crecimiento personal y profesional.<\/p>\n<p>Tabla de contenido<br \/>\nPr\u00f3logo\u00a0\u00a0 \u00a0\u00a0\u00a0 \u00a013<br \/>\nAlejandro Romero Seguel<br \/>\nSecci\u00f3n Primera<br \/>\nLA PREVENCI\u00d3N DE LOS CONFLICTOS JUR\u00cdDICOS CIVILES<br \/>\nI.\u00a0\u00a0 \u00a0ANTECEDENTES GENERALES\u00a0\u00a0 \u00a0\u00a0\u00a0 \u00a021<br \/>\nII.\u00a0\u00a0 \u00a0FUNDAMENTOS TE\u00d3RICOS\u00a0\u00a0 \u00a0\u00a0\u00a0 \u00a023<br \/>\nIII.\u00a0\u00a0 \u00a0ASPECTOS DE LA IMPLEMENTACI\u00d3N\u00a0\u00a0 \u00a0\u00a0\u00a0 \u00a028<br \/>\nActividades\u00a0\u00a0 \u00a0\u00a0\u00a0 \u00a034<br \/>\nI.\u00a0\u00a0 \u00a0Palabras clave\u00a0\u00a0 \u00a0\u00a0\u00a0 \u00a034<br \/>\nII.\u00a0\u00a0 \u00a0Preguntas\u00a0\u00a0 \u00a0\u00a0\u00a0 \u00a035<br \/>\nBIBLIOGRAF\u00cdA COMPLEMENTARIA DE LA SECCI\u00d3N PRIMERA\u00a0\u00a0 \u00a0\u00a0\u00a0 \u00a035<br \/>\nSecci\u00f3n Segunda<br \/>\nLA SOLUCI\u00d3N DE LOS CONFLICTOS JUR\u00cdDICOS CIVILES<br \/>\nI.\u00a0\u00a0 \u00a0ANTECEDENTES GENERALES\u00a0\u00a0 \u00a0\u00a0\u00a0 \u00a039<br \/>\nII.\u00a0\u00a0 \u00a0EL CONFLICTO JUR\u00cdDICO Y SUS FORMAS DE SOLUCI\u00d3N\u00a0\u00a0 \u00a0\u00a0\u00a0 \u00a041<br \/>\nII.1.\u00a0\u00a0 \u00a0Aspectos generales\u00a0\u00a0 \u00a0\u00a0\u00a0 \u00a041<br \/>\nII.2.\u00a0\u00a0 \u00a0La autodefensa\u00a0\u00a0 \u00a0\u00a0\u00a0 \u00a043<br \/>\nII.3.\u00a0\u00a0 \u00a0La autocomposici\u00f3n\u00a0\u00a0 \u00a0\u00a0\u00a0 \u00a047<br \/>\nII.3.a.\u00a0\u00a0 \u00a0Concepto\u00a0\u00a0 \u00a0\u00a0\u00a0 \u00a047<br \/>\nII.3.b.\u00a0\u00a0 \u00a0Autocomposici\u00f3n unilateral: La renuncia y el desistimiento de la demanda\u00a0\u00a0 \u00a0\u00a0\u00a0 \u00a050<br \/>\nII.3.c.\u00a0\u00a0 \u00a0Autocomposici\u00f3n unilateral: La aceptaci\u00f3n y el allanamiento a la demanda\u00a0\u00a0 \u00a0\u00a0\u00a0 \u00a051<br \/>\nII.3.d.\u00a0\u00a0 \u00a0Autocomposici\u00f3n bilateral\u00a0\u00a0 \u00a0\u00a0\u00a0 \u00a051<br \/>\nII.3.d.1.\u00a0\u00a0 \u00a0Avenimiento\u00a0\u00a0 \u00a0\u00a0\u00a0 \u00a055<br \/>\nII.3.d.2.\u00a0\u00a0 \u00a0Transacci\u00f3n\u00a0\u00a0 \u00a0\u00a0\u00a0 \u00a056<br \/>\nII.3.d.3.\u00a0\u00a0 \u00a0Conciliaci\u00f3n\u00a0\u00a0 \u00a0\u00a0\u00a0 \u00a059<br \/>\nII.3.d.4.\u00a0\u00a0 \u00a0Mediaci\u00f3n\u00a0\u00a0 \u00a0\u00a0\u00a0 \u00a063<br \/>\nII.3.d.5.\u00a0\u00a0 \u00a0Autocomposici\u00f3n en sede penal\u00a0\u00a0 \u00a0\u00a0\u00a0 \u00a069<br \/>\nII.4.\u00a0\u00a0 \u00a0La heterocomposici\u00f3n\u00a0\u00a0 \u00a0\u00a0\u00a0 \u00a073<br \/>\nII.4.a.\u00a0\u00a0 \u00a0Concepto\u00a0\u00a0 \u00a0\u00a0\u00a0 \u00a073<br \/>\nII.4.b.\u00a0\u00a0 \u00a0Arbitraje\u00a0\u00a0 \u00a0\u00a0\u00a0 \u00a075<br \/>\nII.4.c.\u00a0\u00a0 \u00a0Proceso jurisdiccional p\u00fablico\u00a0\u00a0 \u00a0\u00a0\u00a0 \u00a078<br \/>\nII.4.d.\u00a0\u00a0 \u00a0Otras figuras heterocompositivas\u00a0\u00a0 \u00a0\u00a0\u00a0 \u00a080<br \/>\nActividades\u00a0\u00a0 \u00a0\u00a0\u00a0 \u00a082<br \/>\nI.\u00a0\u00a0 \u00a0Palabras clave\u00a0\u00a0 \u00a0\u00a0\u00a0 \u00a082<br \/>\nII.\u00a0\u00a0 \u00a0Preguntas\u00a0\u00a0 \u00a0\u00a0\u00a0 \u00a083<br \/>\nIII.\u00a0\u00a0 \u00a0Casos\u00a0\u00a0 \u00a0\u00a0\u00a0 \u00a084<br \/>\nBIBLIOGRAF\u00cdA COMPLEMENTARIA DE LA SECCI\u00d3N SEGUNDA\u00a0\u00a0 \u00a0\u00a0\u00a0 \u00a085<br \/>\nSecci\u00f3n Tercera<br \/>\nPANORAMA DE LA EVOLUCI\u00d3N DEL DERECHO PROCESAL<br \/>\nPrimera Parte<br \/>\nLos sistemas procesales<br \/>\nI.\u00a0\u00a0 \u00a0SISTEMAS PROCESALES: PERSPECTIVAS Y CLASIFICACI\u00d3N\u00a0\u00a0 \u00a0\u00a0\u00a0 \u00a095<br \/>\nII.\u00a0\u00a0 \u00a0SISTEMAS PROCESALES NO OCCIDENTALES\u00a0\u00a0 \u00a0\u00a0\u00a0 \u00a098<br \/>\nIII.\u00a0\u00a0 \u00a0SISTEMAS PROCESALES OCCIDENTALES\u00a0\u00a0 \u00a0\u00a0\u00a0 \u00a0101<br \/>\nSegunda Parte<br \/>\nCronolog\u00eda del Derecho Procesal Occidental<br \/>\nI.\u00a0\u00a0 \u00a0EVOLUCI\u00d3N DEL DERECHO PROCESAL\u00a0\u00a0 \u00a0\u00a0\u00a0 \u00a0107<br \/>\nII.\u00a0\u00a0 \u00a0CONSTITUCIONALIZACI\u00d3N DEL DERECHO\u00a0\u00a0 \u00a0\u00a0\u00a0 \u00a0115<br \/>\nIII.\u00a0\u00a0 \u00a0ACCESO A LA JUSTICIA\u00a0\u00a0 \u00a0\u00a0\u00a0 \u00a0126<br \/>\nIV.\u00a0\u00a0 \u00a0INTERNACIONALIZACI\u00d3N DEL DERECHO\u00a0\u00a0 \u00a0\u00a0\u00a0 \u00a0132<br \/>\nTercera Parte<br \/>\nCronolog\u00eda del Derecho Procesal en Chile<br \/>\nI.\u00a0\u00a0 \u00a0SISTEMA PROCESAL LATINOAMERICANO\u00a0\u00a0 \u00a0\u00a0\u00a0 \u00a0139<br \/>\nII.\u00a0\u00a0 \u00a0ADMINISTRACI\u00d3N DE JUSTICIA EN CHILE\u00a0\u00a0 \u00a0\u00a0\u00a0 \u00a0144<br \/>\nII.1.\u00a0\u00a0 \u00a0Antecedentes generales\u00a0\u00a0 \u00a0\u00a0\u00a0 \u00a0144<br \/>\nII.2.\u00a0\u00a0 \u00a0El per\u00edodo del Derecho indiano\u00a0\u00a0 \u00a0\u00a0\u00a0 \u00a0144<br \/>\nII.3.\u00a0\u00a0 \u00a0El per\u00edodo de transici\u00f3n\u00a0\u00a0 \u00a0\u00a0\u00a0 \u00a0145<br \/>\nII.4.\u00a0\u00a0 \u00a0El per\u00edodo nacional\u00a0\u00a0 \u00a0\u00a0\u00a0 \u00a0145<br \/>\nII.4.a.\u00a0\u00a0 \u00a0Primera parte del per\u00edodo nacional\u00a0\u00a0 \u00a0\u00a0\u00a0 \u00a0146<br \/>\nII.4.b.\u00a0\u00a0 \u00a0Segunda parte del per\u00edodo nacional\u00a0\u00a0 \u00a0\u00a0\u00a0 \u00a0147<br \/>\nII.4.c.\u00a0\u00a0 \u00a0Tercera parte del per\u00edodo nacional\u00a0\u00a0 \u00a0\u00a0\u00a0 \u00a0148<br \/>\nII.4.d.\u00a0\u00a0 \u00a0Cuarta parte del per\u00edodo nacional\u00a0\u00a0 \u00a0\u00a0\u00a0 \u00a0148<br \/>\nII.4.e.\u00a0\u00a0 \u00a0Quinta parte del per\u00edodo nacional\u00a0\u00a0 \u00a0\u00a0\u00a0 \u00a0151<\/p>\n<p>Cuarta Parte<br \/>\nLa reforma procesal civil en Chile<br \/>\nI.\u00a0\u00a0 \u00a0ANTECEDENTES GENERALES\u00a0\u00a0 \u00a0\u00a0\u00a0 \u00a0161<br \/>\nII.\u00a0\u00a0 \u00a0CAMINOS RECORRIDOS EN LA REFORMA DE LA JUSTICIA CIVIL EN CHILE\u00a0\u00a0 \u00a0\u00a0\u00a0 \u00a0165<br \/>\nIII.\u00a0\u00a0 \u00a0EJES FUNDAMENTALES DEL PROYECTO DE NUEVO C\u00d3DIGO PROCESAL CIVIL\u00a0\u00a0 \u00a0\u00a0\u00a0 \u00a0167<br \/>\nIV.\u00a0\u00a0 \u00a0ALGUNAS REFLEXIONES SOBRE EL PROYECTO DE NUEVO C\u00d3DIGO PROCESAL CIVIL\u00a0\u00a0 \u00a0\u00a0\u00a0 \u00a0168<br \/>\nActividades\u00a0\u00a0 \u00a0\u00a0\u00a0 \u00a0172<br \/>\nI.\u00a0\u00a0 \u00a0Palabras clave\u00a0\u00a0 \u00a0\u00a0\u00a0 \u00a0172<br \/>\nII.\u00a0\u00a0 \u00a0Preguntas\u00a0\u00a0 \u00a0\u00a0\u00a0 \u00a0173<br \/>\nBIBLIOGRAF\u00cdA COMPLEMENTARIA DE LA SECCI\u00d3N TERCERA\u00a0\u00a0 \u00a0\u00a0\u00a0 \u00a0174<br \/>\nSecci\u00f3n Cuarta<br \/>\nASPECTOS GENERALES DEL DERECHO PROCESAL<br \/>\nPrimera Parte<br \/>\nConcepto, clasificaci\u00f3n y caracter\u00edsticas<br \/>\nI.\u00a0\u00a0 \u00a0CONCEPTO DEL DERECHO PROCESAL\u00a0\u00a0 \u00a0\u00a0\u00a0 \u00a0187<br \/>\nII.\u00a0\u00a0 \u00a0CLASIFICACI\u00d3N DEL DERECHO PROCESAL\u00a0\u00a0 \u00a0\u00a0\u00a0 \u00a0189<br \/>\nIII.\u00a0\u00a0 \u00a0CARACTER\u00cdSTICAS DEL DERECHO PROCESAL\u00a0\u00a0 \u00a0\u00a0\u00a0 \u00a0190<br \/>\nSegunda Parte<br \/>\nRelaciones del Derecho Procesal con otras ramas del Derecho<br \/>\nI.\u00a0\u00a0 \u00a0RELACIONES DEL DERECHO PROCESAL CON EL DERECHO CIVIL Y CON EL DERECHO PENAL\u00a0\u00a0 \u00a0\u00a0\u00a0 \u00a0197<br \/>\nII.\u00a0\u00a0 \u00a0RELACIONES DEL DERECHO PROCESAL CON EL DERECHO CONSTITUCIONAL\u00a0\u00a0 \u00a0\u00a0\u00a0 \u00a0198<br \/>\nII.1.\u00a0\u00a0 \u00a0Aspectos generales\u00a0\u00a0 \u00a0\u00a0\u00a0 \u00a0198<br \/>\nII.2.\u00a0\u00a0 \u00a0Garant\u00edas constitucionales del sistema procesal relacionadas con el proceso\u00a0\u00a0 \u00a0\u00a0\u00a0 \u00a0201<br \/>\nII.3.\u00a0\u00a0 \u00a0Garant\u00edas constitucionales del sistema procesal relacionadas con la actividad de las partes\u00a0\u00a0 \u00a0\u00a0\u00a0 \u00a0217<br \/>\nII.3.a.\u00a0\u00a0 \u00a0Derecho a la defensa procesal\u00a0\u00a0 \u00a0\u00a0\u00a0 \u00a0217<br \/>\nII.3.b.\u00a0\u00a0 \u00a0Derecho a la igualdad entre las partes o bilateralidad de la audiencia\u00a0\u00a0 \u00a0\u00a0\u00a0 \u00a0220<br \/>\nII.4.\u00a0\u00a0 \u00a0Garant\u00edas constitucionales del sistema procesal relacionadas con el tribunal\u00a0\u00a0 \u00a0\u00a0\u00a0 \u00a0222<br \/>\nII.4.a.\u00a0\u00a0 \u00a0Derecho a ser juzgado por un tribunal predeterminado por la ley\u00a0\u00a0 \u00a0\u00a0\u00a0 \u00a0222<br \/>\nII.4.b.\u00a0\u00a0 \u00a0Derecho a ser juzgado por un tribunal independiente\u00a0\u00a0 \u00a0\u00a0\u00a0 \u00a0223<br \/>\nII.4.c.\u00a0\u00a0 \u00a0Derecho a ser juzgado por un tribunal imparcial\u00a0\u00a0 \u00a0\u00a0\u00a0 \u00a0224<br \/>\nTercera Parte<br \/>\nFuentes del Derecho Procesal<br \/>\nI.\u00a0\u00a0 \u00a0ASPECTOS GENERALES\u00a0\u00a0 \u00a0\u00a0\u00a0 \u00a0229<br \/>\nII.\u00a0\u00a0 \u00a0LA LEY PROCESAL\u00a0\u00a0 \u00a0\u00a0\u00a0 \u00a0230<br \/>\nII.1.\u00a0\u00a0 \u00a0Efectos de la ley procesal en el tiempo\u00a0\u00a0 \u00a0\u00a0\u00a0 \u00a0230<br \/>\nII.1.a.\u00a0\u00a0 \u00a0Procesos terminados\u00a0\u00a0 \u00a0\u00a0\u00a0 \u00a0230<br \/>\nII.1.b.\u00a0\u00a0 \u00a0Procesos no iniciados\u00a0\u00a0 \u00a0\u00a0\u00a0 \u00a0231<br \/>\nII.1.c.\u00a0\u00a0 \u00a0Procesos pendientes\u00a0\u00a0 \u00a0\u00a0\u00a0 \u00a0231<br \/>\nII.1.d.\u00a0\u00a0 \u00a0Normas especiales\u00a0\u00a0 \u00a0\u00a0\u00a0 \u00a0232<br \/>\nII.2.\u00a0\u00a0 \u00a0Efectos de la ley procesal en el espacio o territorio\u00a0\u00a0 \u00a0\u00a0\u00a0 \u00a0232<br \/>\nII.3.\u00a0\u00a0 \u00a0Otras leyes procesales\u00a0\u00a0 \u00a0\u00a0\u00a0 \u00a0235<br \/>\nIII.\u00a0\u00a0 \u00a0FUENTES POSITIVAS INDIRECTAS\u00a0\u00a0 \u00a0\u00a0\u00a0 \u00a0237<br \/>\nIII.1.\u00a0\u00a0 \u00a0La costumbre\u00a0\u00a0 \u00a0\u00a0\u00a0 \u00a0237<br \/>\nIII.2.\u00a0\u00a0 \u00a0La jurisprudencia\u00a0\u00a0 \u00a0\u00a0\u00a0 \u00a0241<br \/>\nIII.3.\u00a0\u00a0 \u00a0La doctrina\u00a0\u00a0 \u00a0\u00a0\u00a0 \u00a0249<br \/>\nIII.4.\u00a0\u00a0 \u00a0La equidad\u00a0\u00a0 \u00a0\u00a0\u00a0 \u00a0256<br \/>\nActividades\u00a0\u00a0 \u00a0\u00a0\u00a0 \u00a0263<br \/>\nI.\u00a0\u00a0 \u00a0Palabras clave\u00a0\u00a0 \u00a0\u00a0\u00a0 \u00a0263<br \/>\nII.\u00a0\u00a0 \u00a0Preguntas\u00a0\u00a0 \u00a0\u00a0\u00a0 \u00a0264<br \/>\nIII.\u00a0\u00a0 \u00a0Casos\u00a0\u00a0 \u00a0\u00a0\u00a0 \u00a0264<br \/>\nBIBLIOGRAF\u00cdA COMPLEMENTARIA DE LA SECCI\u00d3N CUARTA\u00a0\u00a0 \u00a0\u00a0\u00a0 \u00a0266<br \/>\nSecci\u00f3n Quinta<br \/>\nLA ESTRUCTURA DEL DERECHO PROCESAL<br \/>\nPrimera Parte<br \/>\nAspectos generales de la estructura del Derecho Procesal\u00a0\u00a0 \u00a0\u00a0\u00a0 \u00a0275<br \/>\nSegunda Parte<br \/>\nLa jurisdicci\u00f3n<br \/>\nI.\u00a0\u00a0 \u00a0CONCEPTO DE JURISDICCI\u00d3N\u00a0\u00a0 \u00a0\u00a0\u00a0 \u00a0297<br \/>\nII.\u00a0\u00a0 \u00a0DELIMITACI\u00d3N DEL CONCEPTO DE JURISDICCI\u00d3N\u00a0\u00a0 \u00a0\u00a0\u00a0 \u00a0299<br \/>\nIII.\u00a0\u00a0 \u00a0ELEMENTOS DE LA JURISDICCI\u00d3N\u00a0\u00a0 \u00a0\u00a0\u00a0 \u00a0303<br \/>\nIV.\u00a0\u00a0 \u00a0CARACTER\u00cdSTICAS DE LA JURISDICCI\u00d3N\u00a0\u00a0 \u00a0\u00a0\u00a0 \u00a0305<br \/>\nV.\u00a0\u00a0 \u00a0CLASIFICACIONES DE LA JURISDICCI\u00d3N\u00a0\u00a0 \u00a0\u00a0\u00a0 \u00a0312<br \/>\nV.1.\u00a0\u00a0 \u00a0Jurisdicci\u00f3n de Derecho y de equidad\u00a0\u00a0 \u00a0\u00a0\u00a0 \u00a0312<br \/>\nV.2.\u00a0\u00a0 \u00a0Jurisdicci\u00f3n contenciosa, no contenciosa y disciplinaria\u00a0\u00a0 \u00a0\u00a0\u00a0 \u00a0315<br \/>\nV.3.\u00a0\u00a0 \u00a0Jurisdicci\u00f3n civil y penal\u00a0\u00a0 \u00a0\u00a0\u00a0 \u00a0317<br \/>\nVI.\u00a0\u00a0 \u00a0MOMENTOS DE LA JURISDICCI\u00d3N\u00a0\u00a0 \u00a0\u00a0\u00a0 \u00a0317<br \/>\nVI.1.\u00a0\u00a0 \u00a0Aspectos generales\u00a0\u00a0 \u00a0\u00a0\u00a0 \u00a0317<br \/>\nVI.2.\u00a0\u00a0 \u00a0Etapa de conocimiento\u00a0\u00a0 \u00a0\u00a0\u00a0 \u00a0318<br \/>\nVI.3.\u00a0\u00a0 \u00a0Etapa de decisi\u00f3n\u00a0\u00a0 \u00a0\u00a0\u00a0 \u00a0318<br \/>\nVI.4.\u00a0\u00a0 \u00a0Etapa de ejecuci\u00f3n\u00a0\u00a0 \u00a0\u00a0\u00a0 \u00a0319<br \/>\nVII.\u00a0\u00a0 \u00a0L\u00cdMITES DE LA FUNCI\u00d3N JURISDICCIONAL\u00a0\u00a0 \u00a0\u00a0\u00a0 \u00a0320<br \/>\nVII.1.\u00a0\u00a0 \u00a0Aspectos generales\u00a0\u00a0 \u00a0\u00a0\u00a0 \u00a0320<br \/>\nVII.2.\u00a0\u00a0 \u00a0L\u00edmites en el tiempo\u00a0\u00a0 \u00a0\u00a0\u00a0 \u00a0320<br \/>\nVII.3.\u00a0\u00a0 \u00a0L\u00edmites en el espacio\u00a0\u00a0 \u00a0\u00a0\u00a0 \u00a0322<br \/>\nVIII.\u00a0\u00a0 \u00a0CONFLICTOS DE JURISDICCI\u00d3N\u00a0\u00a0 \u00a0\u00a0\u00a0 \u00a0324<br \/>\nIX.\u00a0\u00a0 \u00a0INSTITUCIONES AFINES A LA JURISDICCI\u00d3N\u00a0\u00a0 \u00a0\u00a0\u00a0 \u00a0326<br \/>\nIX.1.\u00a0\u00a0 \u00a0Aspectos generales\u00a0\u00a0 \u00a0\u00a0\u00a0 \u00a0326<br \/>\nIX.2.\u00a0\u00a0 \u00a0Equivalentes jurisdiccionales\u00a0\u00a0 \u00a0\u00a0\u00a0 \u00a0326<br \/>\nIX.3.\u00a0\u00a0 \u00a0Facultades anexas a la jurisdicci\u00f3n\u00a0\u00a0 \u00a0\u00a0\u00a0 \u00a0327<br \/>\nIX.3.a.\u00a0\u00a0 \u00a0Facultades conservadoras de los tribunales\u00a0\u00a0 \u00a0\u00a0\u00a0 \u00a0327<br \/>\nIX.3.b.\u00a0\u00a0 \u00a0Facultades disciplinarias de los tribunales\u00a0\u00a0 \u00a0\u00a0\u00a0 \u00a0328<br \/>\nIX.3.c.\u00a0\u00a0 \u00a0Facultades econ\u00f3micas de los tribunales\u00a0\u00a0 \u00a0\u00a0\u00a0 \u00a0330<br \/>\nTercera Parte<br \/>\nEl proceso<br \/>\nI.\u00a0\u00a0 \u00a0CONCEPTO DE PROCESO\u00a0\u00a0 \u00a0\u00a0\u00a0 \u00a0335<br \/>\nII.\u00a0\u00a0 \u00a0DELIMITACI\u00d3N DEL CONCEPTO DE PROCESO\u00a0\u00a0 \u00a0\u00a0\u00a0 \u00a0339<br \/>\nIII.\u00a0\u00a0 \u00a0CLASIFICACIONES DEL PROCESO\u00a0\u00a0 \u00a0\u00a0\u00a0 \u00a0341<br \/>\nIV.\u00a0\u00a0 \u00a0ELEMENTOS DEL PROCESO\u00a0\u00a0 \u00a0\u00a0\u00a0 \u00a0344<br \/>\nV.\u00a0\u00a0 \u00a0PRESUPUESTOS PROCESALES DEL PROCESO\u00a0\u00a0 \u00a0\u00a0\u00a0 \u00a0345<br \/>\nVI.\u00a0\u00a0 \u00a0LOS PRINCIPIOS FORMATIVOS DEL PROCESO\u00a0\u00a0 \u00a0\u00a0\u00a0 \u00a0350<br \/>\nVI.1.\u00a0\u00a0 \u00a0Principio de la audiencia bilateral\u00a0\u00a0 \u00a0\u00a0\u00a0 \u00a0350<br \/>\nVI.2.\u00a0\u00a0 \u00a0Principios dispositivo y de indisponibilidad\u00a0\u00a0 \u00a0\u00a0\u00a0 \u00a0352<br \/>\nVI.3.\u00a0\u00a0 \u00a0Impulso del proceso por las partes e impulso judicial\u00a0\u00a0 \u00a0\u00a0\u00a0 \u00a0353<br \/>\nVI.4.\u00a0\u00a0 \u00a0Principios del orden consecutivo legal y del orden consecutivo discrecional\u00a0\u00a0 \u00a0\u00a0\u00a0 \u00a0357<br \/>\nVI.5.\u00a0\u00a0 \u00a0Principios de prueba formal y prueba libre\u00a0\u00a0 \u00a0\u00a0\u00a0 \u00a0358<br \/>\nVI.6.\u00a0\u00a0 \u00a0Principios de oralidad y escritura\u00a0\u00a0 \u00a0\u00a0\u00a0 \u00a0359<br \/>\nVI.7.\u00a0\u00a0 \u00a0Principios de inmediaci\u00f3n y mediaci\u00f3n\u00a0\u00a0 \u00a0\u00a0\u00a0 \u00a0360<br \/>\nVI.8.\u00a0\u00a0 \u00a0Principios de publicidad y secreto\u00a0\u00a0 \u00a0\u00a0\u00a0 \u00a0361<br \/>\nVI.9.\u00a0\u00a0 \u00a0Principio de econom\u00eda procesal\u00a0\u00a0 \u00a0\u00a0\u00a0 \u00a0362<br \/>\nVI.10.\u00a0\u00a0 \u00a0Principio de probidad\u00a0\u00a0 \u00a0\u00a0\u00a0 \u00a0363<br \/>\nCuarta Parte<br \/>\nLa acci\u00f3n<br \/>\nI.\u00a0\u00a0 \u00a0CONCEPTO DE ACCI\u00d3N\u00a0\u00a0 \u00a0\u00a0\u00a0 \u00a0367<br \/>\nII.\u00a0\u00a0 \u00a0DELIMITACI\u00d3N DEL CONCEPTO DE ACCI\u00d3N\u00a0\u00a0 \u00a0\u00a0\u00a0 \u00a0374<br \/>\nII.1.\u00a0\u00a0 \u00a0Aspectos generales\u00a0\u00a0 \u00a0\u00a0\u00a0 \u00a0374<br \/>\nII.2.\u00a0\u00a0 \u00a0Acci\u00f3n y derecho\u00a0\u00a0 \u00a0\u00a0\u00a0 \u00a0374<br \/>\nII.3.\u00a0\u00a0 \u00a0Acci\u00f3n y pretensi\u00f3n\u00a0\u00a0 \u00a0\u00a0\u00a0 \u00a0375<br \/>\nII.4.\u00a0\u00a0 \u00a0Acci\u00f3n y demanda\u00a0\u00a0 \u00a0\u00a0\u00a0 \u00a0378<br \/>\nII.5.\u00a0\u00a0 \u00a0Acci\u00f3n y libelo\u00a0\u00a0 \u00a0\u00a0\u00a0 \u00a0379<br \/>\nIII.\u00a0\u00a0 \u00a0CLASIFICACIONES DE LA ACCI\u00d3N\u00a0\u00a0 \u00a0\u00a0\u00a0 \u00a0380<br \/>\nIV.\u00a0\u00a0 \u00a0ELEMENTOS DE LA ACCI\u00d3N\u00a0\u00a0 \u00a0\u00a0\u00a0 \u00a0386<br \/>\nV.\u00a0\u00a0 \u00a0REQUISITOS O CONDICIONES DE LA ACCI\u00d3N\u00a0\u00a0 \u00a0\u00a0\u00a0 \u00a0388<br \/>\nV.1.\u00a0\u00a0 \u00a0Aspectos generales\u00a0\u00a0 \u00a0\u00a0\u00a0 \u00a0388<br \/>\nV.2.\u00a0\u00a0 \u00a0Condiciones de ejercicio de la acci\u00f3n\u00a0\u00a0 \u00a0\u00a0\u00a0 \u00a0388<br \/>\nV.3.\u00a0\u00a0 \u00a0Condiciones de admisi\u00f3n de la acci\u00f3n\u00a0\u00a0 \u00a0\u00a0\u00a0 \u00a0389<br \/>\nVI.\u00a0\u00a0 \u00a0PLURALIDAD DE ACCIONES\u00a0\u00a0 \u00a0\u00a0\u00a0 \u00a0391<br \/>\nVII.\u00a0\u00a0 \u00a0EJERCICIO FORZADO DE LA ACCI\u00d3N\u00a0\u00a0 \u00a0\u00a0\u00a0 \u00a0397<br \/>\nVII.1.\u00a0\u00a0 \u00a0Aspectos generales\u00a0\u00a0 \u00a0\u00a0\u00a0 \u00a0397<br \/>\nVII.2.\u00a0\u00a0 \u00a0La jactancia\u00a0\u00a0 \u00a0\u00a0\u00a0 \u00a0397<br \/>\nVII.3.\u00a0\u00a0 \u00a0Art\u00edculo 21 del C\u00f3digo de Procedimiento Civil\u00a0\u00a0 \u00a0\u00a0\u00a0 \u00a0399<br \/>\nVII.4.\u00a0\u00a0 \u00a0Citaci\u00f3n de evicci\u00f3n al vendedor de una cosa\u00a0\u00a0 \u00a0\u00a0\u00a0 \u00a0401<br \/>\nVIII.\u00a0\u00a0 \u00a0EJERCICIO LEGAL DE LA ACCI\u00d3N\u00a0\u00a0 \u00a0\u00a0\u00a0 \u00a0402<br \/>\nQuinta Parte<br \/>\nLa reacci\u00f3n<br \/>\nI.\u00a0\u00a0 \u00a0CONCEPTO DE REACCI\u00d3N\u00a0\u00a0 \u00a0\u00a0\u00a0 \u00a0407<br \/>\nII.\u00a0\u00a0 \u00a0ACEPTACI\u00d3N DE LA ACCI\u00d3N\u00a0\u00a0 \u00a0\u00a0\u00a0 \u00a0409<br \/>\nIII.\u00a0\u00a0 \u00a0DEFENSA\u00a0\u00a0 \u00a0\u00a0\u00a0 \u00a0410<br \/>\nIII.1.\u00a0\u00a0 \u00a0Aspectos generales\u00a0\u00a0 \u00a0\u00a0\u00a0 \u00a0410<br \/>\nIII.2.\u00a0\u00a0 \u00a0Excepciones dilatorias\u00a0\u00a0 \u00a0\u00a0\u00a0 \u00a0412<br \/>\nIII.3.\u00a0\u00a0 \u00a0Excepciones perentorias\u00a0\u00a0 \u00a0\u00a0\u00a0 \u00a0415<br \/>\nIII.4.\u00a0\u00a0 \u00a0Excepciones mixtas\u00a0\u00a0 \u00a0\u00a0\u00a0 \u00a0419<br \/>\nIII.5.\u00a0\u00a0 \u00a0Reconvenci\u00f3n\u00a0\u00a0 \u00a0\u00a0\u00a0 \u00a0419<br \/>\nIV.\u00a0\u00a0 \u00a0PASIVIDAD\u00a0\u00a0 \u00a0\u00a0\u00a0 \u00a0421<br \/>\nActividades\u00a0\u00a0 \u00a0\u00a0\u00a0 \u00a0423<br \/>\nI.\u00a0\u00a0 \u00a0Palabras clave\u00a0\u00a0 \u00a0\u00a0\u00a0 \u00a0423<br \/>\nII.\u00a0\u00a0 \u00a0Preguntas\u00a0\u00a0 \u00a0\u00a0\u00a0 \u00a0427<br \/>\nIII.\u00a0\u00a0 \u00a0Casos\u00a0\u00a0 \u00a0\u00a0\u00a0 \u00a0427<br \/>\nBIBLIOGRAF\u00cdA COMPLEMENTARIA DE LA SECCI\u00d3N QUINTA\u00a0\u00a0 \u00a0\u00a0\u00a0 \u00a0429<\/p>\n","protected":false},"excerpt":{"rendered":"<p>Buscas un libro Jur\u00eddico.? Lo puedes encontrar en nuestra tienda virtual.<br \/>\nContamos con prestigiosos autores y muchas alternativas en sus diferentes materias al igual que grandes descuentos.! Vis\u00edtanos en <a class=\"pwHwmXBqmofSClxsctVkNQQzvNIASaSVkFYLg \" tabindex=\"0\" href=\"https:\/\/lnkd.in\/eiAG7jdZ\" target=\"_blank\" rel=\"noopener\" data-test-app-aware-link=\"\">https:\/\/lnkd.in\/eiAG7jdZ<\/a><br \/>\nEscr\u00edbenos al +56930565235 \/ <a class=\"pwHwmXBqmofSClxsctVkNQQzvNIASaSVkFYLg \" tabindex=\"0\" href=\"mailto:ventaslegallexglobal@gmail.com\" target=\"_self\" data-test-app-aware-link=\"\">ventaslegallexglobal@gmail.com<\/a><br \/>\nHacemos env\u00edos a todo Chile \u2013 Starken o Correos Chile \/ Te esperamos.<\/p>\n","protected":false},"featured_media":3670,"comment_status":"open","ping_status":"closed","template":"","meta":{"inline_featured_image":false,"_joinchat":[]},"product_brand":[],"product_cat":[39],"product_tag":[],"class_list":{"0":"post-3640","1":"product","2":"type-product","3":"status-publish","4":"has-post-thumbnail","6":"product_cat-procesal-civil","7":"product_shipping_class-a-convenir","9":"first","10":"instock","11":"sale","12":"shipping-taxable","13":"purchasable","14":"product-type-simple"},"_links":{"self":[{"href":"https:\/\/bibliotecajuridicavirtual.cl\/index.php\/wp-json\/wp\/v2\/product\/3640","targetHints":{"allow":["GET"]}}],"collection":[{"href":"https:\/\/bibliotecajuridicavirtual.cl\/index.php\/wp-json\/wp\/v2\/product"}],"about":[{"href":"https:\/\/bibliotecajuridicavirtual.cl\/index.php\/wp-json\/wp\/v2\/types\/product"}],"replies":[{"embeddable":true,"href":"https:\/\/bibliotecajuridicavirtual.cl\/index.php\/wp-json\/wp\/v2\/comments?post=3640"}],"wp:featuredmedia":[{"embeddable":true,"href":"https:\/\/bibliotecajuridicavirtual.cl\/index.php\/wp-json\/wp\/v2\/media\/3670"}],"wp:attachment":[{"href":"https:\/\/bibliotecajuridicavirtual.cl\/index.php\/wp-json\/wp\/v2\/media?parent=3640"}],"wp:term":[{"taxonomy":"product_brand","embeddable":true,"href":"https:\/\/bibliotecajuridicavirtual.cl\/index.php\/wp-json\/wp\/v2\/product_brand?post=3640"},{"taxonomy":"product_cat","embeddable":true,"href":"https:\/\/bibliotecajuridicavirtual.cl\/index.php\/wp-json\/wp\/v2\/product_cat?post=3640"},{"taxonomy":"product_tag","embeddable":true,"href":"https:\/\/bibliotecajuridicavirtual.cl\/index.php\/wp-json\/wp\/v2\/product_tag?post=3640"}],"curies":[{"name":"wp","href":"https:\/\/api.w.org\/{rel}","templated":true}]}}