{"id":3650,"date":"2026-02-28T01:19:21","date_gmt":"2026-02-28T04:19:21","guid":{"rendered":"https:\/\/bibliotecajuridicavirtual.cl\/?post_type=product&#038;p=3650"},"modified":"2026-02-28T01:19:38","modified_gmt":"2026-02-28T04:19:38","slug":"contrato-y-caso-fortuito-irresistibilidad-y-consecuencias-inigo-de-la-maza-gazmuri-y-alvaro-vidal-olivares-ano-2020-190-pag-reservas","status":"publish","type":"product","link":"https:\/\/bibliotecajuridicavirtual.cl\/index.php\/product\/contrato-y-caso-fortuito-irresistibilidad-y-consecuencias-inigo-de-la-maza-gazmuri-y-alvaro-vidal-olivares-ano-2020-190-pag-reservas\/","title":{"rendered":"Contrato y Caso Fortuito * Irresistibilidad y Consecuencias. \u00cd\u00f1igo de la Maza Gazmuri y \u00c1lvaro Vidal Olivares &#8211; A\u00f1o 2020\/190 P\u00e1g. (RESERVAS)"},"content":{"rendered":"<p>Existen dos semejanzas entre el error vicio del consentimiento y el caso fortuito. La primera es que, generalmente, rara vez nos topamos con ellos y la segunda es que si decidimos estudiarlos a conciencia no solo aprendemos acerca de ellos, sino que, adem\u00e1s, nuestra percepci\u00f3n acerca del fen\u00f3meno contractual se agudiza profundamente. Gracias a la tarea de la profesora Mar\u00eda Graciela Brantt Zumar\u00e1n y luego del profesor Mauricio Tapia Rodr\u00edguez se ha superado una serie de errores conceptuales acerca del caso fortuito que, por largas d\u00e9cadas asolaron a la doctrina y a los tribunales. Sin embargo, en opini\u00f3n de los autores de este libro, a\u00fan restan ciertos aspectos del fen\u00f3meno que es necesario precisar, especialmente en tiempos como estos. La propuesta es que, al examinar las consecuencias del caso fortuito ha de distinguirse entre los efectos que produce respecto de la obligaci\u00f3n afectada y aquellos que causa respecto de las dem\u00e1s obligaciones. Sirvi\u00e9ndose de una noci\u00f3n objetiva de incumplimiento contractual, este libro propone un enfoque que resulta novedoso, y hasta cierto punto disruptivo, con la opini\u00f3n de la doctrina. Dicho enfoque luego es aplicado a algunos de los contratos que mayor discusi\u00f3n han producido en los \u00edltimos meses con motivo del COVID-19 y los actos de autoridad que ha originado.<\/p>\n<p>\u00cdndice<br \/>\nPr\u00f3logo\u00a0\u00a0 \u00a0\u00a0\u00a0 \u00a013<br \/>\nMar\u00eda Paz Garc\u00eda Rubio<br \/>\nLos autores\u00a0\u00a0 \u00a0\u00a0\u00a0 \u00a021<br \/>\nLa anatom\u00eda del caso fortuito:<br \/>\na manera de introducci\u00f3n<br \/>\nI.\u00a0\u00a0 \u00a0MISCEL\u00c1NEA PRELIMINAR\u00a0\u00a0 \u00a0\u00a0\u00a0 \u00a023<br \/>\nII.\u00a0\u00a0 \u00a0EL MATERIAL DE ESTE LIBRO\u00a0\u00a0 \u00a0\u00a0\u00a0 \u00a024<br \/>\n1.\u00a0\u00a0 \u00a0El estado de la cuesti\u00f3n\u00a0\u00a0 \u00a0\u00a0\u00a0 \u00a024<br \/>\n2.\u00a0\u00a0 \u00a0Tres aspectos del caso fortuito\u00a0\u00a0 \u00a0\u00a0\u00a0 \u00a029<br \/>\nCap\u00edtulo I<br \/>\nAcerca de la irresistibilidad<br \/>\nI.\u00a0\u00a0 \u00a0EL ESTADO DE LA CUESTI\u00d3N\u00a0\u00a0 \u00a0\u00a0\u00a0 \u00a033<br \/>\n1.\u00a0\u00a0 \u00a0La opini\u00f3n de la profesora Mar\u00eda Graciela Brantt\u00a0\u00a0 \u00a0\u00a0\u00a0 \u00a034<br \/>\n2.\u00a0\u00a0 \u00a0La opini\u00f3n del profesor Mauricio Tapia\u00a0\u00a0 \u00a0\u00a0\u00a0 \u00a036<br \/>\nII.\u00a0\u00a0 \u00a0CUESTIONES PENDIENTES\u00a0\u00a0 \u00a0\u00a0\u00a0 \u00a036<br \/>\n1.\u00a0\u00a0 \u00a0La cuesti\u00f3n de la diligencia promotora\u00a0\u00a0 \u00a0\u00a0\u00a0 \u00a037<br \/>\n2.\u00a0\u00a0 \u00a0La irresistibilidad de las consecuencias del caso fortuito y la idea del sustituto comercialmente razonable\u00a0\u00a0 \u00a0\u00a0\u00a0 \u00a046<br \/>\na)\u00a0\u00a0 \u00a0La superaci\u00f3n del impedimento y de sus consecuencias en la CISG\u00a0\u00a0 \u00a0\u00a0\u00a0 \u00a047<br \/>\nb)\u00a0\u00a0 \u00a0La idea del sustituto comercialmente razonable\u00a0\u00a0 \u00a0\u00a0\u00a0 \u00a050<br \/>\nc)\u00a0\u00a0 \u00a0La idea del sustituto comercialmente razonable o equivalente en la CISG\u00a0\u00a0 \u00a0\u00a0\u00a0 \u00a052<br \/>\nd)\u00a0\u00a0 \u00a0La resistibilidad de las consecuencias del caso fortuito a trav\u00e9s de un sustituto comercialmente razonable o un cumplimiento equivalente en el C\u00f3digo Civil\u00a0\u00a0 \u00a0\u00a0\u00a0 \u00a058<br \/>\nCap\u00edtulo II<br \/>\nLos efectos del incumplimiento contractual causado por caso fortuito en tiempos de pandemia por COVID-19<br \/>\nI.\u00a0\u00a0 \u00a0SOBRE LAS CONSECUENCIAS DEL CASO FORTUITO\u00a0\u00a0 \u00a0\u00a0\u00a0 \u00a069<br \/>\nII.\u00a0\u00a0 \u00a0EL ESTADO DE LA CUESTI\u00d3N\u00a0\u00a0 \u00a0\u00a0\u00a0 \u00a070<br \/>\nIII.\u00a0\u00a0 \u00a0UNA NOCI\u00d3N AMPLIA Y OBJETIVA DE INCUMPLIMIENTO CONTRACTUAL\u00a0\u00a0 \u00a0\u00a0\u00a0 \u00a075<br \/>\n1.\u00a0\u00a0 \u00a0Una noci\u00f3n de incumplimiento amplia y, \u00bfobjetiva?\u00a0\u00a0 \u00a0\u00a0\u00a0 \u00a075<br \/>\na)\u00a0\u00a0 \u00a0Amplia y objetiva\u00a0\u00a0 \u00a0\u00a0\u00a0 \u00a075<br \/>\nb)\u00a0\u00a0 \u00a0La situaci\u00f3n en el C\u00f3digo Civil\u00a0\u00a0 \u00a0\u00a0\u00a0 \u00a081<br \/>\n2.\u00a0\u00a0 \u00a0El incumplimiento contractual como m\u00ednimo com\u00fan denominador del sistema de remedios\u00a0\u00a0 \u00a0\u00a0\u00a0 \u00a082<br \/>\n3.\u00a0\u00a0 \u00a0La regla general y la excepci\u00f3n\u00a0\u00a0 \u00a0\u00a0\u00a0 \u00a088<br \/>\nIV.\u00a0\u00a0 \u00a0LOS EFECTOS DEL CASO FORTUITO Y EL SISTEMA DE REMEDIOS FRENTE AL INCUMPLIMIENTO CAUSADO POR CASO FORTUITO\u00a0\u00a0 \u00a0\u00a0\u00a0 \u00a093<br \/>\n1.\u00a0\u00a0 \u00a0El efecto liberatorio del caso fortuito\u00a0\u00a0 \u00a0\u00a0\u00a0 \u00a093<br \/>\na)\u00a0\u00a0 \u00a0Por regla general, la obligaci\u00f3n del deudor afectada por caso fortuito no se extingue\u00a0\u00a0 \u00a0\u00a0\u00a0 \u00a093<br \/>\nb)\u00a0\u00a0 \u00a0El destino de la obligaci\u00f3n correlativa\u00a0\u00a0 \u00a0\u00a0\u00a0 \u00a0101<br \/>\n2.\u00a0\u00a0 \u00a0Exonerar de responsabilidad al deudor\u00a0\u00a0 \u00a0\u00a0\u00a0 \u00a0107<br \/>\nV.\u00a0\u00a0 \u00a0UN PAR DE L\u00cdMITES A LOS EFECTOS DEL CASO FORTUITO\u00a0\u00a0 \u00a0\u00a0\u00a0 \u00a0115<br \/>\nVI.\u00a0\u00a0 \u00a0LOS EFECTOS DEL CASO FORTUITO RESPECTO DE LOS REMEDIOS DEL ACREEDOR AFECTADO POR EL INCUMPLIMIENTO Y EL SISTEMA DE REMEDIOS\u00a0\u00a0 \u00a0\u00a0\u00a0 \u00a0117<br \/>\n1.\u00a0\u00a0 \u00a0El art\u00edculo 79 de la CISG\u00a0\u00a0 \u00a0\u00a0\u00a0 \u00a0117<br \/>\n2.\u00a0\u00a0 \u00a0\u00bfQu\u00e9 nos ense\u00f1a el art\u00edculo 79 de la CISG?\u00a0\u00a0 \u00a0\u00a0\u00a0 \u00a0119<br \/>\nCap\u00edtulo III<br \/>\nSituaci\u00f3n regulatoria de excepci\u00f3n y dos aplicaciones<br \/>\nI.\u00a0\u00a0 \u00a0PRESENTACI\u00d3N\u00a0\u00a0 \u00a0\u00a0\u00a0 \u00a0127<br \/>\nII.\u00a0\u00a0 \u00a0EL DERECHO DE CONTRATOS Y EL COVID-19 EN CHILE. MEDIDAS EXCEPCIONALES Y DERECHO COM\u00daN\u00a0\u00a0 \u00a0\u00a0\u00a0 \u00a0127<br \/>\n1.\u00a0\u00a0 \u00a0La situaci\u00f3n regulatoria\u00a0\u00a0 \u00a0\u00a0\u00a0 \u00a0128<br \/>\n2.\u00a0\u00a0 \u00a0La Ley N\u00ba 21.227\u00a0\u00a0 \u00a0\u00a0\u00a0 \u00a0130<br \/>\n3.\u00a0\u00a0 \u00a0Resoluciones del Sernac\u00a0\u00a0 \u00a0\u00a0\u00a0 \u00a0132<br \/>\n4.\u00a0\u00a0 \u00a0La Resoluci\u00f3n del MOP\u00a0\u00a0 \u00a0\u00a0\u00a0 \u00a0134<br \/>\n5.\u00a0\u00a0 \u00a0El proyecto de ley sobre suministro de energ\u00eda y garant\u00eda de conectividad\u00a0\u00a0 \u00a0\u00a0\u00a0 \u00a0135<br \/>\n6.\u00a0\u00a0 \u00a0El proyecto sobre reconocimiento de la imprevisi\u00f3n\u00a0\u00a0 \u00a0\u00a0\u00a0 \u00a0140<br \/>\nIII.\u00a0\u00a0 \u00a0LA SITUACI\u00d3N DEL CONTRATO DE ARRENDAMIENTO\u00a0\u00a0 \u00a0\u00a0\u00a0 \u00a0141<br \/>\n1.\u00a0\u00a0 \u00a0Arrendamientos para fines habitacionales\u00a0\u00a0 \u00a0\u00a0\u00a0 \u00a0142<br \/>\na)\u00a0\u00a0 \u00a0La opini\u00f3n del profesor Mauricio Tapia\u00a0\u00a0 \u00a0\u00a0\u00a0 \u00a0142<br \/>\nb)\u00a0\u00a0 \u00a0Algunos comentarios\u00a0\u00a0 \u00a0\u00a0\u00a0 \u00a0143<br \/>\n2.\u00a0\u00a0 \u00a0Arrendamientos para fines comerciales\u00a0\u00a0 \u00a0\u00a0\u00a0 \u00a0148<br \/>\na)\u00a0\u00a0 \u00a0La opini\u00f3n del profesor Mauricio Tapia\u00a0\u00a0 \u00a0\u00a0\u00a0 \u00a0148<br \/>\nb)\u00a0\u00a0 \u00a0Algunos comentarios\u00a0\u00a0 \u00a0\u00a0\u00a0 \u00a0149<br \/>\n3.\u00a0\u00a0 \u00a0Nuestra opini\u00f3n sobre la cuesti\u00f3n de los arrendamiento con fines comerciales\u00a0\u00a0 \u00a0\u00a0\u00a0 \u00a0150<br \/>\na)\u00a0\u00a0 \u00a0\u00bfUn incumplimiento del arrendador?\u00a0\u00a0 \u00a0\u00a0\u00a0 \u00a0150<br \/>\nb)\u00a0\u00a0 \u00a0Una cuesti\u00f3n relativa a los remedios\u00a0\u00a0 \u00a0\u00a0\u00a0 \u00a0160<br \/>\nIV.\u00a0\u00a0 \u00a0UNA CUESTI\u00d3N RELATIVA AL CONTRATO DE SERVICIOS EDUCACIONALES\u00a0\u00a0 \u00a0\u00a0\u00a0 \u00a0163<br \/>\n1.\u00a0\u00a0 \u00a0El proyecto de ley\u00a0\u00a0 \u00a0\u00a0\u00a0 \u00a0164<br \/>\n2.\u00a0\u00a0 \u00a0La Superintendencia de Educaci\u00f3n Superior\u00a0\u00a0 \u00a0\u00a0\u00a0 \u00a0164<br \/>\n3.\u00a0\u00a0 \u00a0La opini\u00f3n de los profesores Tapia y Corral\u00a0\u00a0 \u00a0\u00a0\u00a0 \u00a0166<br \/>\n4.\u00a0\u00a0 \u00a0Acerca de la suspensi\u00f3n de la obligaci\u00f3n de pago\u00a0\u00a0 \u00a0\u00a0\u00a0 \u00a0168<br \/>\n5.\u00a0\u00a0 \u00a0Cumplimiento, resistibilidad, sustituto comercialmente razonable e incumplimiento\u00a0\u00a0 \u00a0\u00a0\u00a0 \u00a0168<br \/>\nConclusiones\u00a0\u00a0 \u00a0\u00a0\u00a0 \u00a0179<br \/>\nBibliograf\u00eda\u00a0\u00a0 \u00a0\u00a0\u00a0 \u00a0183<\/p>\n","protected":false},"excerpt":{"rendered":"<p>Buscas un libro Jur\u00eddico.? Lo puedes encontrar en nuestra tienda virtual.<br \/>\nContamos con prestigiosos autores y muchas alternativas en sus diferentes materias al igual que grandes descuentos.! Vis\u00edtanos en <a class=\"ZwZBMLuwwYKLtqOdlRcByADgXVbjtIKaeTA \" tabindex=\"0\" href=\"https:\/\/lnkd.in\/eiAG7jdZ\" target=\"_blank\" rel=\"noopener\" data-test-app-aware-link=\"\">https:\/\/lnkd.in\/eiAG7jdZ<\/a><br \/>\nEscr\u00edbenos al +56930565235 \/ <a class=\"ZwZBMLuwwYKLtqOdlRcByADgXVbjtIKaeTA \" tabindex=\"0\" href=\"mailto:ventaslegallexglobal@gmail.com\" target=\"_self\" data-test-app-aware-link=\"\">ventaslegallexglobal@gmail.com<\/a><br \/>\nHacemos env\u00edos a todo Chile \u2013 Starken o Correos Chile \/ Te esperamos<\/p>\n","protected":false},"featured_media":3680,"comment_status":"open","ping_status":"closed","template":"","meta":{"inline_featured_image":false,"_joinchat":[]},"product_brand":[],"product_cat":[27],"product_tag":[],"class_list":{"0":"post-3650","1":"product","2":"type-product","3":"status-publish","4":"has-post-thumbnail","6":"product_cat-civil","7":"product_shipping_class-a-convenir","9":"first","10":"instock","11":"shipping-taxable","12":"purchasable","13":"product-type-simple"},"_links":{"self":[{"href":"https:\/\/bibliotecajuridicavirtual.cl\/index.php\/wp-json\/wp\/v2\/product\/3650","targetHints":{"allow":["GET"]}}],"collection":[{"href":"https:\/\/bibliotecajuridicavirtual.cl\/index.php\/wp-json\/wp\/v2\/product"}],"about":[{"href":"https:\/\/bibliotecajuridicavirtual.cl\/index.php\/wp-json\/wp\/v2\/types\/product"}],"replies":[{"embeddable":true,"href":"https:\/\/bibliotecajuridicavirtual.cl\/index.php\/wp-json\/wp\/v2\/comments?post=3650"}],"wp:featuredmedia":[{"embeddable":true,"href":"https:\/\/bibliotecajuridicavirtual.cl\/index.php\/wp-json\/wp\/v2\/media\/3680"}],"wp:attachment":[{"href":"https:\/\/bibliotecajuridicavirtual.cl\/index.php\/wp-json\/wp\/v2\/media?parent=3650"}],"wp:term":[{"taxonomy":"product_brand","embeddable":true,"href":"https:\/\/bibliotecajuridicavirtual.cl\/index.php\/wp-json\/wp\/v2\/product_brand?post=3650"},{"taxonomy":"product_cat","embeddable":true,"href":"https:\/\/bibliotecajuridicavirtual.cl\/index.php\/wp-json\/wp\/v2\/product_cat?post=3650"},{"taxonomy":"product_tag","embeddable":true,"href":"https:\/\/bibliotecajuridicavirtual.cl\/index.php\/wp-json\/wp\/v2\/product_tag?post=3650"}],"curies":[{"name":"wp","href":"https:\/\/api.w.org\/{rel}","templated":true}]}}