{"id":3686,"date":"2026-02-28T01:19:42","date_gmt":"2026-02-28T04:19:42","guid":{"rendered":"https:\/\/bibliotecajuridicavirtual.cl\/?post_type=product&#038;p=3686"},"modified":"2026-02-28T01:19:45","modified_gmt":"2026-02-28T04:19:45","slug":"cuestiones-procesales-civiles-2-ano-2022-192-pag-autor-alejandro-romero-seguel","status":"publish","type":"product","link":"https:\/\/bibliotecajuridicavirtual.cl\/index.php\/product\/cuestiones-procesales-civiles-2-ano-2022-192-pag-autor-alejandro-romero-seguel\/","title":{"rendered":"Cuestiones Procesales Civiles 2  A\u00f1o 2022\/ 192 P\u00e1g. Autor Alejandro Romero Seguel"},"content":{"rendered":"<p>En este libro se contiene un an\u00e1lisis de diez cuestiones suscitadas en el proceso civil chileno. Se trata de la continuaci\u00f3n de una l\u00ednea de investigaci\u00f3n iniciada por el autor, con el objeto de ayudar a resolver algunos problemas vinculados principalmente al contenido del derecho de defensa.<br \/>\nLa dilatada experiencia acad\u00e9mica del autor, unida a su pr\u00e1ctica profesional como abogado y \u00e1rbitro, asegura que este material sea de utilidad pr\u00e1ctica para jueces y abogados.<br \/>\nLas referencias a la jurisprudencia de los tribunales unen la especulaci\u00f3n te\u00f3rica con la realidad forense que reclama el estudio del derecho procesal.<\/p>\n<p>\u00cdndice<br \/>\nPresentaci\u00f3n\u00a0\u00a0 \u00a0\u00a0\u00a0 \u00a011<br \/>\nCap\u00edtulo I<br \/>\nEl derecho de defensa en el proceso colectivo para la protecci\u00f3n de los consumidores<br \/>\nI.\u00a0\u00a0 \u00a0el proceso colectivo para la protecci\u00f3n de los consumidores \u00a0\u00a0\u00a0 \u00a0\u00a0\u00a0 \u00a013<br \/>\n1.\u00a0\u00a0 \u00a0Los procesos colectivos\u00a0\u00a0 \u00a0\u00a0\u00a0 \u00a013<br \/>\n2.\u00a0\u00a0 \u00a0\u200cLa protecci\u00f3n de los consumidores como grupo\u00a0\u00a0 \u00a0\u00a0\u00a0 \u00a015<br \/>\n3.\u00a0\u00a0 \u00a0\u200cEl procedimiento voluntario\u00a0\u00a0 \u00a0\u00a0\u00a0 \u00a017<br \/>\n4.\u00a0\u00a0 \u00a0\u200cEl procedimiento colectivo para proteger a los consumidores\u00a0\u00a0 \u00a0\u00a0\u00a0 \u00a018<br \/>\n5.\u00a0\u00a0 \u00a0\u200cLa legitimaci\u00f3n en el proceso colectivo\u00a0\u00a0 \u00a0\u00a0\u00a0 \u00a020<br \/>\n5.1.\u00a0\u00a0 \u00a0La legitimaci\u00f3n del grupo\u00a0\u00a0 \u00a0\u00a0\u00a0 \u00a021<br \/>\n5.2.\u00a0\u00a0 \u00a0\u200cLa legitimaci\u00f3n del Sernac\u00a0\u00a0 \u00a0\u00a0\u00a0 \u00a021<br \/>\n5.3.\u00a0\u00a0 \u00a0La legitimaci\u00f3n de las asociaciones de consumidores \u00a0\u00a0 \u00a0\u00a0\u00a0 \u00a021<br \/>\n6.\u00a0\u00a0 \u00a0\u200cLa igualdad entre los legitimados\u00a0\u00a0 \u00a0\u00a0\u00a0 \u00a022<br \/>\n7.\u00a0\u00a0 \u00a0\u200cLa diferencia entre los legitimados\u00a0\u00a0 \u00a0\u00a0\u00a0 \u00a023<br \/>\n8.\u00a0\u00a0 \u00a0\u200cEl diverso alcance de las situaciones legitimantes \u00a0\u00a0 \u00a0\u00a0\u00a0 \u00a024<br \/>\n8.1.\u00a0\u00a0 \u00a0Los derechos colectivos \u00a0\u00a0 \u00a0\u00a0\u00a0 \u00a025<br \/>\n8.2.\u00a0\u00a0 \u00a0El contrato de consumo como causa de pedir\u00a0\u00a0 \u00a0\u00a0\u00a0 \u00a026<br \/>\n8.3.\u00a0\u00a0 \u00a0Los derechos difusos\u00a0\u00a0 \u00a0\u00a0\u00a0 \u00a031<br \/>\n8.4.\u00a0\u00a0 \u00a0La acci\u00f3n de cesaci\u00f3n\u00a0\u00a0 \u00a0\u00a0\u00a0 \u00a034<br \/>\nII.\u00a0\u00a0 \u00a0el contenido del derecho de defensa\u00a0\u00a0 \u00a0\u00a0\u00a0 \u00a035<br \/>\n1.\u00a0\u00a0 \u00a0Descripci\u00f3n general del contenido del derecho de defensa\u00a0\u00a0 \u00a0\u00a0\u00a0 \u00a035<br \/>\n2.\u00a0\u00a0 \u00a0Las excepciones procesales y materiales \u00a0\u00a0 \u00a0\u00a0\u00a0 \u00a037<br \/>\n3.\u00a0\u00a0 \u00a0Las limitaciones para el ejercicio del derecho de defensa \u00a0\u00a0 \u00a0\u00a0\u00a0 \u00a040<br \/>\n4.\u00a0\u00a0 \u00a0\u200cLas falta de fundamentaci\u00f3n de la demanda y el derecho de defensa\u00a0\u00a0 \u00a0\u00a0\u00a0 \u00a044<br \/>\n5.\u00a0\u00a0 \u00a0\u200cLas falta de determinaci\u00f3n y el destino de la indemnizaci\u00f3n al grupo de consumidores\u00a0\u00a0 \u00a0\u00a0\u00a0 \u00a047<br \/>\n6.\u00a0\u00a0 \u00a0\u200cLa desprotecci\u00f3n final del grupo de consumidores\u00a0\u00a0 \u00a0\u00a0\u00a0 \u00a051<br \/>\n7.\u00a0\u00a0 \u00a0\u200cLa excepci\u00f3n de litispendencia y de cosa juzgada \u00a0\u00a0 \u00a0\u00a0\u00a0 \u00a053<br \/>\n8.\u00a0\u00a0 \u00a0\u200cLa litigaci\u00f3n abusiva como fundamento de la defensa\u00a0\u00a0 \u00a0\u00a0\u00a0 \u00a056<br \/>\n9.\u00a0\u00a0 \u00a0\u200cLa excepci\u00f3n reconvencional \u00a0\u00a0 \u00a0\u00a0\u00a0 \u00a058<br \/>\n10.\u00a0\u00a0 \u00a0La excepci\u00f3n para evitar el enriquecimiento il\u00edcito\u00a0\u00a0 \u00a0\u00a0\u00a0 \u00a061<br \/>\n10.1.\u00a0\u00a0 \u00a0Explicaci\u00f3n general \u00a0\u00a0 \u00a0\u00a0\u00a0 \u00a061<br \/>\n10.2.\u00a0\u00a0 \u00a0Los sistemas especiales que contemplan compensaci\u00f3n \u00a0\u00a0 \u00a0\u00a0\u00a0 \u00a064<br \/>\n11.\u00a0\u00a0 \u00a0Excepciones fundadas en la infracci\u00f3n a la confianza legitima \u00a0\u00a0 \u00a0\u00a0\u00a0 \u00a065<br \/>\n12.\u00a0\u00a0 \u00a0\u200cLa litigaci\u00f3n colectiva abusiva alentada por competidores\u00a0\u00a0 \u00a0\u00a0\u00a0 \u00a068<br \/>\n13.\u00a0\u00a0 \u00a0La limitaci\u00f3n del non bis in idem en materia de sanciones\u00a0\u00a0 \u00a0\u00a0\u00a0 \u00a069<br \/>\nIII.\u00a0\u00a0 \u00a0el DERECHO DE DEFENSA Y LA PRUEBA\u00a0\u00a0 \u00a0\u00a0\u00a0 \u00a071<br \/>\n1.\u00a0\u00a0 \u00a0\u200cExplicaci\u00f3n general \u00a0\u00a0 \u00a0\u00a0\u00a0 \u00a071<br \/>\n2.\u00a0\u00a0 \u00a0\u200cLos privilegios procesales probatorios \u00a0\u00a0 \u00a0\u00a0\u00a0 \u00a074<br \/>\n3.\u00a0\u00a0 \u00a0\u200cLos privilegios probatorios del Sernac \u00a0\u00a0 \u00a0\u00a0\u00a0 \u00a075<br \/>\n3.1.\u00a0\u00a0 \u00a0Los \u201crequerimientos de documentaci\u00f3n\u201d \u00a0\u00a0\u00a0 \u00a0\u00a0\u00a0 \u00a075<br \/>\n3.2.\u00a0\u00a0 \u00a0Los \u201cEstudios compensatorios\u201d \u00a0 \u00a0\u00a0 \u00a0\u00a0\u00a0 \u00a077<br \/>\n3.3.\u00a0\u00a0 \u00a0Los \u201cFuap\u201d \u00a0\u00a0 \u00a0\u00a0\u00a0 \u00a079<br \/>\n3.4.\u00a0\u00a0 \u00a0Los \u201ctestigos-parte\u201d \u00a0\u00a0 \u00a0\u00a0\u00a0 \u00a080<br \/>\n4.\u00a0\u00a0 \u00a0Los l\u00edmites que provienen del derecho a la prueba \u00a0\u00a0 \u00a0\u00a0\u00a0 \u00a080<br \/>\n4.1.\u00a0\u00a0 \u00a0Las objeciones al informe compensatorio\u00a0\u00a0 \u00a0\u00a0\u00a0 \u00a081<br \/>\n4.2.\u00a0\u00a0 \u00a0Las objeciones a los \u201cFuap\u201d\u00a0\u00a0 \u00a0\u00a0\u00a0 \u00a084<br \/>\n5.\u00a0\u00a0 \u00a0El principio de igualdad procesal en la doctrina del Tribunal Constitucional \u00a0\u00a0 \u00a0\u00a0\u00a0 \u00a085<br \/>\nCAP\u00cdTULO II<br \/>\nLa sentencia incompleta y la excepci\u00f3n de falta de oportunidad en la ejecuci\u00f3n<br \/>\n1.\u00a0\u00a0 \u00a0El ideal de la sentencia completa \u00a0\u00a0\u00a0 \u00a0\u00a0\u00a0 \u00a089<br \/>\n2.\u00a0\u00a0 \u00a0La falta de oportunidad y el proceso de ejecuci\u00f3n incidental\u00a0\u00a0 \u00a0\u00a0\u00a0 \u00a092<br \/>\n3.\u00a0\u00a0 \u00a0El proceso de ejecuci\u00f3n \u00a0\u00a0 \u00a0\u00a0\u00a0 \u00a095<br \/>\nCAP\u00cdTULO III<br \/>\nLa responsabilidad solidaria del art. 183.B del c\u00f3digo de trabajo<br \/>\n1.\u00a0\u00a0 \u00a0La obligaci\u00f3n plurisubjetiva laboral\u00a0\u00a0 \u00a0\u00a0\u00a0 \u00a099<br \/>\n2.\u00a0\u00a0 \u00a0La legitimaci\u00f3n pasiva y solidaridad\u00a0\u00a0 \u00a0\u00a0\u00a0 \u00a0101<br \/>\n3.\u00a0\u00a0 \u00a0La estructura de la obligaci\u00f3n solidaria laboral \u00a0\u00a0 \u00a0\u00a0\u00a0 \u00a0105<br \/>\nCAP\u00cdTULO IV<br \/>\nLa prejudicialidad administrativa y la acci\u00f3n de responsabilidad ambiental<br \/>\n1.\u00a0\u00a0 \u00a0\u200cLa tutela jurisdiccional y la prejudicialidad administrativa\u00a0\u00a0 \u00a0\u00a0\u00a0 \u00a0109<br \/>\n2.\u00a0\u00a0 \u00a0\u200cLa prejudicialidad administrativa como soluci\u00f3n \u00a0\u00a0 \u00a0\u00a0\u00a0 \u00a0112<br \/>\nCAP\u00cdTULO V<br \/>\nNotas distintivas de los arbitrajes especiales*<br \/>\n1.\u00a0\u00a0 \u00a0Delimitaci\u00f3n de los arbitrajes especiales \u00a0\u00a0 \u00a0\u00a0\u00a0 \u00a0115<br \/>\n2.\u00a0\u00a0 \u00a0Su diferencia con el arbitraje forzoso \u00a0\u00a0 \u00a0\u00a0\u00a0 \u00a0117<br \/>\n3.\u00a0\u00a0 \u00a0Algunos arbitraje especiales\u00a0\u00a0 \u00a0\u00a0\u00a0 \u00a0118<br \/>\n3.1.\u00a0\u00a0 \u00a0En el contrato de salud con la Isapres\u00a0\u00a0 \u00a0\u00a0\u00a0 \u00a0118<br \/>\n3.2.\u00a0\u00a0 \u00a0El arbitraje en el sistema de concesiones de obras publicas\u00a0\u00a0 \u00a0\u00a0\u00a0 \u00a0120<br \/>\n3.3.\u00a0\u00a0 \u00a0El arbitraje concursal\u00a0\u00a0 \u00a0\u00a0\u00a0 \u00a0121<br \/>\nCap\u00cdtulo VI<br \/>\nla infracci\u00f3n al derecho constitucional a ser juzgado por el juez natural y el art\u00edculo 178 del COT.<br \/>\n1.\u00a0\u00a0 \u00a0El derecho a ser juzgado por el juez predeterminado por la ley. \u00a0\u00a0 \u00a0\u00a0\u00a0 \u00a0123<br \/>\n2.\u00a0\u00a0 \u00a0La ineficacia jur\u00eddica aplicable a la infracci\u00f3n \u00a0\u00a0 \u00a0\u00a0\u00a0 \u00a0126<br \/>\nCAP\u00cdTULO VII<br \/>\nEL CUMPLIMIENTO DE FALLOS EXTRANJEROS EN CHILE<br \/>\n1.\u00a0\u00a0 \u00a0El proceso civil transnacional\u00a0\u00a0 \u00a0\u00a0\u00a0 \u00a0129<br \/>\n2.\u00a0\u00a0 \u00a0El sistema de cumplimiento de fallos en nuestro sistema y su flexibilidad\u00a0\u00a0 \u00a0\u00a0\u00a0 \u00a0130<br \/>\n3.\u00a0\u00a0 \u00a0El orden p\u00fablico procesal como impedimento \u00a0\u00a0 \u00a0\u00a0\u00a0 \u00a0132<br \/>\n4.\u00a0\u00a0 \u00a0La conducta procesal y la declinatoria internacional \u00a0\u00a0 \u00a0\u00a0\u00a0 \u00a0136<br \/>\nCAP\u00cdTULO VIII<br \/>\nLA CARGA DE LA PRUEBA SEG\u00daN EL TIPO DE HECHO<br \/>\n1.\u00a0\u00a0 \u00a0La distribuci\u00f3n de la carga de la prueba \u00a0\u00a0 \u00a0\u00a0\u00a0 \u00a0139<br \/>\n2.\u00a0\u00a0 \u00a0La distribuci\u00f3n de la carga de la prueba la alegaci\u00f3n de hechos negativos \u00a0\u00a0 \u00a0\u00a0\u00a0 \u00a0141<br \/>\n3.\u00a0\u00a0 \u00a0La distribuci\u00f3n de la carga de la prueba en un caso complejo\u00a0\u00a0 \u00a0\u00a0\u00a0 \u00a0142<br \/>\nCAP\u00cdTULO IX<br \/>\nLa concesion de medidas precautoria en un arbitraje comercial internacional<br \/>\n1.\u00a0\u00a0 \u00a0\u200cEl dualismo arbitral y medidas cautelares \u00a0\u00a0 \u00a0\u00a0\u00a0 \u00a0147<br \/>\n2.\u00a0\u00a0 \u00a0Los elementos esenciales que configuran el sistema cautelar\u00a0\u00a0 \u00a0\u00a0\u00a0 \u00a0149<br \/>\nCAP\u00cdTULO X<br \/>\nEl principio del ne bis in idem y la cosa juzgada penal como elementos constitutivos del derecho de defensa del imputado*<br \/>\n1.\u00a0\u00a0 \u00a0El principio del ne bis in idem y el modelo acusatorio\u00a0\u00a0 \u00a0\u00a0\u00a0 \u00a0153<br \/>\n2.\u00a0\u00a0 \u00a0\u200cOportunidades procesales para hacer valer esta garant\u00eda \u00a0\u00a0 \u00a0\u00a0\u00a0 \u00a0158<br \/>\n3.\u00a0\u00a0 \u00a0La prohibici\u00f3n de la doble investigaci\u00f3n \u00a0\u00a0 \u00a0\u00a0\u00a0 \u00a0161<br \/>\n4.\u00a0\u00a0 \u00a0Los distintos juicios comparativos que reclama el efecto negativo de la cosa juzgada penal \u00a0\u00a0 \u00a0\u00a0\u00a0 \u00a0165<br \/>\n5.\u00a0\u00a0 \u00a0La determinaci\u00f3n material del mismo hecho \u00a0\u00a0 \u00a0\u00a0\u00a0 \u00a0168<br \/>\n6.\u00a0\u00a0 \u00a0La determinaci\u00f3n procesal del mismo hecho \u00a0\u00a0 \u00a0\u00a0\u00a0 \u00a0172<br \/>\n7.\u00a0\u00a0 \u00a0La funci\u00f3n positiva o prejudicial de la cosa juzgada penal \u00a0\u00a0 \u00a0\u00a0\u00a0 \u00a0176<br \/>\n8.\u00a0\u00a0 \u00a0La diversidad entre la acci\u00f3n civil y penal y la cosa juzgada\u00a0\u00a0 \u00a0\u00a0\u00a0 \u00a0178<br \/>\n9.\u00a0\u00a0 \u00a0\u200cAlgunas conclusiones \u00a0\u00a0 \u00a0\u00a0\u00a0 \u00a0183<br \/>\nReferencias<br \/>\nJurisprudencia \u00a0\u00a0 \u00a0\u00a0\u00a0 \u00a0187<\/p>\n","protected":false},"excerpt":{"rendered":"<p>En este libro se contiene un an\u00e1lisis de diez cuestiones suscitadas en el proceso civil chileno. Se trata de la continuaci\u00f3n de una l\u00ednea de investigaci\u00f3n iniciada por el autor, con el objeto de ayudar a resolver algunos problemas vinculados principalmente al contenido del derecho de defensa. La dilatada experiencia acad\u00e9mica del autor, unida a su pr\u00e1ctica profesional como abogado y \u00e1rbitro, asegura que este material sea de utilidad pr\u00e1ctica para jueces y abogados. Las referencias a la jurisprudencia de los tribunales unen la especulaci\u00f3n te\u00f3rica con la realidad forense que reclama el estudio del derecho procesal. \u00cdndice Presentaci\u00f3n\u00a0\u00a0 \u00a0\u00a0\u00a0 \u00a011 Cap\u00edtulo I El derecho de defensa en el proceso colectivo para la protecci\u00f3n de los consumidores I.\u00a0\u00a0 \u00a0el proceso colectivo para la protecci\u00f3n de los consumidores \u00a0\u00a0\u00a0 \u00a0\u00a0\u00a0 \u00a013 1.\u00a0\u00a0 \u00a0Los procesos colectivos\u00a0\u00a0 \u00a0\u00a0\u00a0 \u00a013 2.\u00a0\u00a0 \u00a0\u200cLa protecci\u00f3n de los consumidores como grupo\u00a0\u00a0 \u00a0\u00a0\u00a0 \u00a015 3.\u00a0\u00a0 \u00a0\u200cEl procedimiento voluntario\u00a0\u00a0 \u00a0\u00a0\u00a0 \u00a017 4.\u00a0\u00a0 \u00a0\u200cEl procedimiento colectivo para proteger a los consumidores\u00a0\u00a0 \u00a0\u00a0\u00a0 \u00a018 5.\u00a0\u00a0 \u00a0\u200cLa legitimaci\u00f3n en el proceso colectivo\u00a0\u00a0 \u00a0\u00a0\u00a0 \u00a020 5.1.\u00a0\u00a0 \u00a0La legitimaci\u00f3n del grupo\u00a0\u00a0 \u00a0\u00a0\u00a0 \u00a021 5.2.\u00a0\u00a0 \u00a0\u200cLa legitimaci\u00f3n del Sernac\u00a0\u00a0 \u00a0\u00a0\u00a0 \u00a021 5.3.\u00a0\u00a0 \u00a0La legitimaci\u00f3n de las asociaciones de consumidores \u00a0\u00a0 \u00a0\u00a0\u00a0 \u00a021 6.\u00a0\u00a0 \u00a0\u200cLa igualdad entre los legitimados\u00a0\u00a0 \u00a0\u00a0\u00a0 \u00a022 7.\u00a0\u00a0 \u00a0\u200cLa diferencia entre los legitimados\u00a0\u00a0 \u00a0\u00a0\u00a0 \u00a023 8.\u00a0\u00a0 \u00a0\u200cEl diverso alcance de las situaciones legitimantes \u00a0\u00a0 \u00a0\u00a0\u00a0 \u00a024 8.1.\u00a0\u00a0 \u00a0Los derechos colectivos \u00a0\u00a0 \u00a0\u00a0\u00a0 \u00a025 8.2.\u00a0\u00a0 \u00a0El contrato de consumo como causa de pedir\u00a0\u00a0 \u00a0\u00a0\u00a0 \u00a026 8.3.\u00a0\u00a0 \u00a0Los derechos difusos\u00a0\u00a0 \u00a0\u00a0\u00a0 \u00a031 8.4.\u00a0\u00a0 \u00a0La acci\u00f3n de cesaci\u00f3n\u00a0\u00a0 \u00a0\u00a0\u00a0 \u00a034 II.\u00a0\u00a0 \u00a0el contenido del derecho de defensa\u00a0\u00a0 \u00a0\u00a0\u00a0 \u00a035 1.\u00a0\u00a0 \u00a0Descripci\u00f3n general del contenido del derecho de defensa\u00a0\u00a0 \u00a0\u00a0\u00a0 \u00a035 2.\u00a0\u00a0 \u00a0Las excepciones procesales y materiales \u00a0\u00a0 \u00a0\u00a0\u00a0 \u00a037 3.\u00a0\u00a0 \u00a0Las limitaciones para el ejercicio del derecho de defensa \u00a0\u00a0 \u00a0\u00a0\u00a0 \u00a040 4.\u00a0\u00a0 \u00a0\u200cLas falta de fundamentaci\u00f3n de la demanda y el derecho de defensa\u00a0\u00a0 \u00a0\u00a0\u00a0 \u00a044 5.\u00a0\u00a0 \u00a0\u200cLas falta de determinaci\u00f3n y el destino de la indemnizaci\u00f3n al grupo de consumidores\u00a0\u00a0 \u00a0\u00a0\u00a0 \u00a047 6.\u00a0\u00a0 \u00a0\u200cLa desprotecci\u00f3n final del grupo de consumidores\u00a0\u00a0 \u00a0\u00a0\u00a0 \u00a051 7.\u00a0\u00a0 \u00a0\u200cLa excepci\u00f3n de litispendencia y de cosa juzgada \u00a0\u00a0 \u00a0\u00a0\u00a0 \u00a053 8.\u00a0\u00a0 \u00a0\u200cLa litigaci\u00f3n abusiva como fundamento de la defensa\u00a0\u00a0 \u00a0\u00a0\u00a0 \u00a056 9.\u00a0\u00a0 \u00a0\u200cLa excepci\u00f3n reconvencional \u00a0\u00a0 \u00a0\u00a0\u00a0 \u00a058 10.\u00a0\u00a0 \u00a0La excepci\u00f3n para evitar el enriquecimiento il\u00edcito\u00a0\u00a0 \u00a0\u00a0\u00a0 \u00a061 10.1.\u00a0\u00a0 \u00a0Explicaci\u00f3n general \u00a0\u00a0 \u00a0\u00a0\u00a0 \u00a061 10.2.\u00a0\u00a0 \u00a0Los sistemas especiales que contemplan compensaci\u00f3n \u00a0\u00a0 \u00a0\u00a0\u00a0 \u00a064 11.\u00a0\u00a0 \u00a0Excepciones fundadas en la infracci\u00f3n a la confianza legitima \u00a0\u00a0 \u00a0\u00a0\u00a0 \u00a065 12.\u00a0\u00a0 \u00a0\u200cLa litigaci\u00f3n colectiva abusiva alentada por competidores\u00a0\u00a0 \u00a0\u00a0\u00a0 \u00a068 13.\u00a0\u00a0 \u00a0La limitaci\u00f3n del non bis in idem en materia de sanciones\u00a0\u00a0 \u00a0\u00a0\u00a0 \u00a069 III.\u00a0\u00a0 \u00a0el DERECHO DE DEFENSA Y LA PRUEBA\u00a0\u00a0 \u00a0\u00a0\u00a0 \u00a071 1.\u00a0\u00a0 \u00a0\u200cExplicaci\u00f3n general \u00a0\u00a0 \u00a0\u00a0\u00a0 \u00a071 2.\u00a0\u00a0 \u00a0\u200cLos privilegios procesales probatorios \u00a0\u00a0 \u00a0\u00a0\u00a0 \u00a074 3.\u00a0\u00a0 \u00a0\u200cLos privilegios probatorios del Sernac \u00a0\u00a0 \u00a0\u00a0\u00a0 \u00a075 3.1.\u00a0\u00a0 \u00a0Los \u201crequerimientos de documentaci\u00f3n\u201d \u00a0\u00a0\u00a0 \u00a0\u00a0\u00a0 \u00a075 3.2.\u00a0\u00a0 \u00a0Los \u201cEstudios compensatorios\u201d \u00a0 \u00a0\u00a0 \u00a0\u00a0\u00a0 \u00a077 3.3.\u00a0\u00a0 \u00a0Los \u201cFuap\u201d \u00a0\u00a0 \u00a0\u00a0\u00a0 \u00a079 3.4.\u00a0\u00a0 \u00a0Los \u201ctestigos-parte\u201d \u00a0\u00a0 \u00a0\u00a0\u00a0 \u00a080 4.\u00a0\u00a0 \u00a0Los l\u00edmites que provienen del derecho a la prueba \u00a0\u00a0 \u00a0\u00a0\u00a0 \u00a080 4.1.\u00a0\u00a0 \u00a0Las objeciones al informe compensatorio\u00a0\u00a0 \u00a0\u00a0\u00a0 \u00a081 4.2.\u00a0\u00a0 \u00a0Las objeciones a los \u201cFuap\u201d\u00a0\u00a0 \u00a0\u00a0\u00a0 \u00a084 5.\u00a0\u00a0 \u00a0El principio de igualdad procesal en la doctrina del Tribunal Constitucional \u00a0\u00a0 \u00a0\u00a0\u00a0 \u00a085 CAP\u00cdTULO II La sentencia incompleta y la excepci\u00f3n de falta de oportunidad en la ejecuci\u00f3n 1.\u00a0\u00a0 \u00a0El ideal de la sentencia completa \u00a0\u00a0\u00a0 \u00a0\u00a0\u00a0 \u00a089 2.\u00a0\u00a0 \u00a0La falta de oportunidad y el proceso de ejecuci\u00f3n incidental\u00a0\u00a0 \u00a0\u00a0\u00a0 \u00a092 3.\u00a0\u00a0 \u00a0El proceso de ejecuci\u00f3n \u00a0\u00a0 \u00a0\u00a0\u00a0 \u00a095 CAP\u00cdTULO III La responsabilidad solidaria del art. 183.B del c\u00f3digo de trabajo 1.\u00a0\u00a0 \u00a0La obligaci\u00f3n plurisubjetiva laboral\u00a0\u00a0 \u00a0\u00a0\u00a0 \u00a099 2.\u00a0\u00a0 \u00a0La legitimaci\u00f3n pasiva y solidaridad\u00a0\u00a0 \u00a0\u00a0\u00a0 \u00a0101 3.\u00a0\u00a0 \u00a0La estructura de la obligaci\u00f3n solidaria laboral \u00a0\u00a0 \u00a0\u00a0\u00a0 \u00a0105 CAP\u00cdTULO IV La prejudicialidad administrativa y la acci\u00f3n de responsabilidad ambiental 1.\u00a0\u00a0 \u00a0\u200cLa tutela jurisdiccional y la prejudicialidad administrativa\u00a0\u00a0 \u00a0\u00a0\u00a0 \u00a0109 2.\u00a0\u00a0 \u00a0\u200cLa prejudicialidad administrativa como soluci\u00f3n \u00a0\u00a0 \u00a0\u00a0\u00a0 \u00a0112 CAP\u00cdTULO V Notas distintivas de los arbitrajes especiales* 1.\u00a0\u00a0 \u00a0Delimitaci\u00f3n de los arbitrajes especiales \u00a0\u00a0 \u00a0\u00a0\u00a0 \u00a0115 2.\u00a0\u00a0 \u00a0Su diferencia con el arbitraje forzoso \u00a0\u00a0 \u00a0\u00a0\u00a0 \u00a0117 3.\u00a0\u00a0 \u00a0Algunos arbitraje especiales\u00a0\u00a0 \u00a0\u00a0\u00a0 \u00a0118 3.1.\u00a0\u00a0 \u00a0En el contrato de salud con la Isapres\u00a0\u00a0 \u00a0\u00a0\u00a0 \u00a0118 3.2.\u00a0\u00a0 \u00a0El arbitraje en el sistema de concesiones de obras publicas\u00a0\u00a0 \u00a0\u00a0\u00a0 \u00a0120 3.3.\u00a0\u00a0 \u00a0El arbitraje concursal\u00a0\u00a0 \u00a0\u00a0\u00a0 \u00a0121 Cap\u00cdtulo VI la infracci\u00f3n al derecho constitucional a ser juzgado por el juez natural y el art\u00edculo 178 del COT. 1.\u00a0\u00a0 \u00a0El derecho a ser juzgado por el juez predeterminado por la ley. \u00a0\u00a0 \u00a0\u00a0\u00a0 \u00a0123 2.\u00a0\u00a0 \u00a0La ineficacia jur\u00eddica aplicable a la infracci\u00f3n \u00a0\u00a0 \u00a0\u00a0\u00a0 \u00a0126 CAP\u00cdTULO VII EL CUMPLIMIENTO DE FALLOS EXTRANJEROS EN CHILE 1.\u00a0\u00a0 \u00a0El proceso civil transnacional\u00a0\u00a0 \u00a0\u00a0\u00a0 \u00a0129 2.\u00a0\u00a0 \u00a0El sistema de cumplimiento de fallos en nuestro sistema y su flexibilidad\u00a0\u00a0 \u00a0\u00a0\u00a0 \u00a0130 3.\u00a0\u00a0 \u00a0El orden p\u00fablico procesal como impedimento \u00a0\u00a0 \u00a0\u00a0\u00a0 \u00a0132 4.\u00a0\u00a0 \u00a0La conducta procesal y la declinatoria internacional \u00a0\u00a0 \u00a0\u00a0\u00a0 \u00a0136 CAP\u00cdTULO VIII LA CARGA DE LA PRUEBA SEG\u00daN EL TIPO DE HECHO 1.\u00a0\u00a0 \u00a0La distribuci\u00f3n de la carga de la prueba \u00a0\u00a0 \u00a0\u00a0\u00a0 \u00a0139 2.\u00a0\u00a0 \u00a0La distribuci\u00f3n de la carga de la prueba la alegaci\u00f3n de hechos negativos \u00a0\u00a0 \u00a0\u00a0\u00a0 \u00a0141 3.\u00a0\u00a0 \u00a0La distribuci\u00f3n de la carga de la prueba en un caso complejo\u00a0\u00a0 \u00a0\u00a0\u00a0 \u00a0142 CAP\u00cdTULO IX La concesion de medidas precautoria en un arbitraje comercial internacional 1.\u00a0\u00a0 \u00a0\u200cEl dualismo arbitral y medidas cautelares \u00a0\u00a0 \u00a0\u00a0\u00a0 \u00a0147 2.\u00a0\u00a0 \u00a0Los elementos esenciales que configuran el sistema cautelar\u00a0\u00a0 \u00a0\u00a0\u00a0 \u00a0149 CAP\u00cdTULO X El principio del ne bis in idem y la cosa juzgada penal como elementos constitutivos del derecho de defensa del imputado* 1.\u00a0\u00a0 \u00a0El principio del ne bis in idem y el modelo acusatorio\u00a0\u00a0 \u00a0\u00a0\u00a0 \u00a0153 2.\u00a0\u00a0 \u00a0\u200cOportunidades procesales para hacer valer esta garant\u00eda \u00a0\u00a0 \u00a0\u00a0\u00a0 \u00a0158 3.\u00a0\u00a0 \u00a0La prohibici\u00f3n de la doble investigaci\u00f3n \u00a0\u00a0 \u00a0\u00a0\u00a0 \u00a0161 4.\u00a0\u00a0 \u00a0Los distintos juicios comparativos que reclama el efecto negativo de la cosa juzgada penal \u00a0\u00a0 \u00a0\u00a0\u00a0 \u00a0165 5.\u00a0\u00a0 \u00a0La determinaci\u00f3n material del mismo hecho \u00a0\u00a0 \u00a0\u00a0\u00a0 \u00a0168 6.\u00a0\u00a0 \u00a0La determinaci\u00f3n procesal del mismo hecho \u00a0\u00a0 \u00a0\u00a0\u00a0 \u00a0172 7.\u00a0\u00a0<\/p>\n","protected":false},"featured_media":3716,"comment_status":"open","ping_status":"closed","template":"","meta":{"inline_featured_image":false,"_joinchat":[]},"product_brand":[],"product_cat":[39],"product_tag":[],"class_list":{"0":"post-3686","1":"product","2":"type-product","3":"status-publish","4":"has-post-thumbnail","6":"product_cat-procesal-civil","7":"product_shipping_class-a-convenir","9":"first","10":"instock","11":"shipping-taxable","12":"purchasable","13":"product-type-simple"},"_links":{"self":[{"href":"https:\/\/bibliotecajuridicavirtual.cl\/index.php\/wp-json\/wp\/v2\/product\/3686","targetHints":{"allow":["GET"]}}],"collection":[{"href":"https:\/\/bibliotecajuridicavirtual.cl\/index.php\/wp-json\/wp\/v2\/product"}],"about":[{"href":"https:\/\/bibliotecajuridicavirtual.cl\/index.php\/wp-json\/wp\/v2\/types\/product"}],"replies":[{"embeddable":true,"href":"https:\/\/bibliotecajuridicavirtual.cl\/index.php\/wp-json\/wp\/v2\/comments?post=3686"}],"wp:featuredmedia":[{"embeddable":true,"href":"https:\/\/bibliotecajuridicavirtual.cl\/index.php\/wp-json\/wp\/v2\/media\/3716"}],"wp:attachment":[{"href":"https:\/\/bibliotecajuridicavirtual.cl\/index.php\/wp-json\/wp\/v2\/media?parent=3686"}],"wp:term":[{"taxonomy":"product_brand","embeddable":true,"href":"https:\/\/bibliotecajuridicavirtual.cl\/index.php\/wp-json\/wp\/v2\/product_brand?post=3686"},{"taxonomy":"product_cat","embeddable":true,"href":"https:\/\/bibliotecajuridicavirtual.cl\/index.php\/wp-json\/wp\/v2\/product_cat?post=3686"},{"taxonomy":"product_tag","embeddable":true,"href":"https:\/\/bibliotecajuridicavirtual.cl\/index.php\/wp-json\/wp\/v2\/product_tag?post=3686"}],"curies":[{"name":"wp","href":"https:\/\/api.w.org\/{rel}","templated":true}]}}