{"id":3687,"date":"2026-02-28T01:19:42","date_gmt":"2026-02-28T04:19:42","guid":{"rendered":"https:\/\/bibliotecajuridicavirtual.cl\/?post_type=product&#038;p=3687"},"modified":"2026-02-28T01:19:46","modified_gmt":"2026-02-28T04:19:46","slug":"esquemas-de-derecho-civil-de-chile-i-teoria-general-del-negocio-juridico-ano-2020-210-pag-autor-nathalie-walker-silva","status":"publish","type":"product","link":"https:\/\/bibliotecajuridicavirtual.cl\/index.php\/product\/esquemas-de-derecho-civil-de-chile-i-teoria-general-del-negocio-juridico-ano-2020-210-pag-autor-nathalie-walker-silva\/","title":{"rendered":"Esquemas de Derecho Civil de Chile I: Teor\u00eda General del Negocio Jur\u00eddico A\u00f1o 2020\/ 210 P\u00e1g. Autor Nathalie Walker Silva"},"content":{"rendered":"<p>\u00cdndice<br \/>\nPR\u00d3LOGO\u00a0\u00a0 \u00a0\u00a0\u00a0 \u00a013<br \/>\nPRESENTACI\u00d3N\u00a0\u00a0 \u00a0\u00a0\u00a0 \u00a017<br \/>\nI. LA TEOR\u00cdA DEL NEGOCIO JUR\u00cdDICO<br \/>\n1.\u00a0\u00a0 \u00a0INTRODUCCI\u00d3N\u00a0\u00a0 \u00a0\u00a0\u00a0 \u00a021<br \/>\n2.\u00a0\u00a0 \u00a0GENERALIDADES\u00a0\u00a0 \u00a0\u00a0\u00a0 \u00a022<br \/>\n2.1.\u00a0\u00a0 \u00a0ORIGEN HIST\u00d3RICO DEL CONCEPTO DE \u201cNEGOCIO JUR\u00cdDICO\u201d\u00a0\u00a0 \u00a0\u00a0\u00a0 \u00a022<br \/>\n2.2.\u00a0\u00a0 \u00a0EL OBJETO DE ESTUDIO DE LA \u201cTEOR\u00cdA DEL NEGOCIO JUR\u00cdDICO\u201d\u00a0\u00a0 \u00a0\u00a0\u00a0 \u00a023<br \/>\n2.3.\u00a0\u00a0 \u00a0FUNDAMENTO DE UNA TEOR\u00cdA GENERAL DEL NEGOCIO JUR\u00cdDICO\u00a0\u00a0 \u00a0\u00a0\u00a0 \u00a023<br \/>\n2.4.\u00a0\u00a0 \u00a0LA TEOR\u00cdA DEL NEGOCIO JUR\u00cdDICO EN EL C\u00d3DIGO CIVIL CHILENO\u00a0\u00a0 \u00a0\u00a0\u00a0 \u00a024<br \/>\n3.\u00a0\u00a0 \u00a0LOS HECHOS JUR\u00cdDICOS: CONCEPTO GENERAL\u00a0\u00a0 \u00a0\u00a0\u00a0 \u00a025<br \/>\n3.1.\u00a0\u00a0 \u00a0CUADRO SIN\u00d3PTICO Y CLASIFICACI\u00d3N\u00a0\u00a0 \u00a0\u00a0\u00a0 \u00a025<br \/>\n3.2.\u00a0\u00a0 \u00a0CONSECUENCIAS DE LOS HECHOS JUR\u00cdDICOS\u00a0\u00a0 \u00a0\u00a0\u00a0 \u00a027<br \/>\n3.3.\u00a0\u00a0 \u00a0ACTOS HUMANOS\u00a0\u00a0 \u00a0\u00a0\u00a0 \u00a029<br \/>\n4.\u00a0\u00a0 \u00a0CONCEPTO DE NEGOCIO JUR\u00cdDICO\u00a0\u00a0 \u00a0\u00a0\u00a0 \u00a030<br \/>\n5.\u00a0\u00a0 \u00a0ESTRUCTURA DEL NEGOCIO JUR\u00cdDICO\u00a0\u00a0 \u00a0\u00a0\u00a0 \u00a032<br \/>\n6.\u00a0\u00a0 \u00a0REQUISITOS DEL NEGOCIO JUR\u00cdDICO DE EXISTENCIA\u00a0\u00a0 \u00a0\u00a0\u00a0 \u00a035<br \/>\n7.\u00a0\u00a0 \u00a0CLASIFICACI\u00d3N DE LOS NEGOCIOS JUR\u00cdDICOS\u00a0\u00a0 \u00a0\u00a0\u00a0 \u00a036<br \/>\n7.1.\u00a0\u00a0 \u00a0Seg\u00fan el n\u00famero de partes\u00a0\u00a0 \u00a0\u00a0\u00a0 \u00a037<br \/>\n7.2.\u00a0\u00a0 \u00a0Seg\u00fan si los efectos jur\u00eddicos del negocio jur\u00eddico est\u00e1n o no subordinados a la muerte del autor o una de las partes\u00a0\u00a0 \u00a0\u00a0\u00a0 \u00a039<br \/>\n7.3.\u00a0\u00a0 \u00a0Seg\u00fan la utilidad o el beneficio reportado por el negocio jur\u00eddico\u00a0\u00a0 \u00a0\u00a0\u00a0 \u00a040<br \/>\n7.4.\u00a0\u00a0 \u00a0Seg\u00fan la \u00e9poca y la forma de producci\u00f3n de los efectos del negocio jur\u00eddico\u00a0\u00a0 \u00a0\u00a0\u00a0 \u00a040<br \/>\n7.5.\u00a0\u00a0 \u00a0Seg\u00fan el contenido del negocio jur\u00eddico\u00a0\u00a0 \u00a0\u00a0\u00a0 \u00a041<br \/>\n7.6.\u00a0\u00a0 \u00a0Seg\u00fan la posibilidad de una subsistencia aut\u00f3noma del negocio jur\u00eddico\u00a0\u00a0 \u00a0\u00a0\u00a0 \u00a041<br \/>\n7.7.\u00a0\u00a0 \u00a0Seg\u00fan la exigencia legal de formalidades para su celebraci\u00f3n\u00a0\u00a0 \u00a0\u00a0\u00a0 \u00a042<br \/>\n7.8.\u00a0\u00a0 \u00a0Seg\u00fan la existencia de una regulaci\u00f3n legal del negocio jur\u00eddico\u00a0\u00a0 \u00a0\u00a0\u00a0 \u00a043<br \/>\nII. LA VOLUNTAD Y SUS CONSECUENCIAS JUR\u00cdDICAS<br \/>\n1.\u00a0\u00a0 \u00a0INTRODUCCI\u00d3N\u00a0\u00a0 \u00a0\u00a0\u00a0 \u00a049<br \/>\n2.\u00a0\u00a0 \u00a0CONCEPTO DE VOLUNTAD\u00a0\u00a0 \u00a0\u00a0\u00a0 \u00a051<br \/>\n3.\u00a0\u00a0 \u00a0\u00bfC\u00d3MO SE FORMA EL CONSENTIMIENTO?\u00a0\u00a0 \u00a0\u00a0\u00a0 \u00a055<br \/>\n4.\u00a0\u00a0 \u00a0IMPORTANCIA DE DETERMINAR EL MOMENTO Y LUGAR EN QUE SE FORMA EL CONSENTIMIENTO\u00a0\u00a0 \u00a0\u00a0\u00a0 \u00a058<br \/>\n5.\u00a0\u00a0 \u00a0LOS VICIOS DE LA VOLUNTAD\u00a0\u00a0 \u00a0\u00a0\u00a0 \u00a059<br \/>\n5.1.\u00a0\u00a0 \u00a0GENERALIDADES\u00a0\u00a0 \u00a0\u00a0\u00a0 \u00a059<br \/>\n5.2.\u00a0\u00a0 \u00a0EL ERROR\u00a0\u00a0 \u00a0\u00a0\u00a0 \u00a061<br \/>\n5.3.\u00a0\u00a0 \u00a0CLASES DE ERROR DE HECHO\u00a0\u00a0 \u00a0\u00a0\u00a0 \u00a062<br \/>\n5.4.\u00a0\u00a0 \u00a0LA FUERZA\u00a0\u00a0 \u00a0\u00a0\u00a0 \u00a066<br \/>\n5.5.\u00a0\u00a0 \u00a0EL DOLO\u00a0\u00a0 \u00a0\u00a0\u00a0 \u00a069<br \/>\n5.6.\u00a0\u00a0 \u00a0LA LESI\u00d3N\u00a0\u00a0 \u00a0\u00a0\u00a0 \u00a071<br \/>\n6.\u00a0\u00a0 \u00a0DISCREPANCIA ENTRE LA VOLUNTAD REAL Y LA DECLARADA: LA SIMULACI\u00d3N\u00a0\u00a0 \u00a0\u00a0\u00a0 \u00a074<br \/>\n7.\u00a0\u00a0 \u00a0LA REPRESENTACI\u00d3N\u00a0\u00a0 \u00a0\u00a0\u00a0 \u00a081<br \/>\n7.1.\u00a0\u00a0 \u00a0GENERALIDADES\u00a0\u00a0 \u00a0\u00a0\u00a0 \u00a081<br \/>\n7.2.\u00a0\u00a0 \u00a0CONCEPTO Y CLASES DE REPRESENTACI\u00d3N\u00a0\u00a0 \u00a0\u00a0\u00a0 \u00a082<br \/>\n7.3.\u00a0\u00a0 \u00a0REQUISITOS Y EFECTOS DE LA REPRESENTACI\u00d3N\u00a0\u00a0 \u00a0\u00a0\u00a0 \u00a084<br \/>\nIII. EL OBJETO<br \/>\n1.\u00a0\u00a0 \u00a0GENERALIDADES\u00a0\u00a0 \u00a0\u00a0\u00a0 \u00a091<br \/>\n2.\u00a0\u00a0 \u00a0REQUISITOS DEL OBJETO\u00a0\u00a0 \u00a0\u00a0\u00a0 \u00a095<br \/>\n3.\u00a0\u00a0 \u00a0EL OBJETO PARA EL C\u00d3DIGO CIVIL\u00a0\u00a0 \u00a0\u00a0\u00a0 \u00a096<br \/>\n3.1.\u00a0\u00a0 \u00a0UBICACI\u00d3N DE LA NORMATIVA\u00a0\u00a0 \u00a0\u00a0\u00a0 \u00a096<br \/>\n3.2.\u00a0\u00a0 \u00a0CUADRO GENERAL DE LOS REQUISITOS DEL OBJETO\u00a0\u00a0 \u00a0\u00a0\u00a0 \u00a097<br \/>\n3.3.\u00a0\u00a0 \u00a0REQUISITOS QUE DEBE REUNIR LA COSA OBJETO DE LA DECLARACI\u00d3N DE VOLUNTAD\u00a0\u00a0 \u00a0\u00a0\u00a0 \u00a098<br \/>\n3.3.1.\u00a0\u00a0 \u00a0REQUISITO DE LA REALIDAD O EXISTENCIA DE LA COSA\u00a0\u00a0 \u00a0\u00a0\u00a0 \u00a099<br \/>\n3.3.2.\u00a0\u00a0 \u00a0REQUISITO DE COMERCIABILIDAD DE LA COSA\u00a0\u00a0 \u00a0\u00a0\u00a0 \u00a0100<br \/>\n3.3.3.\u00a0\u00a0 \u00a0REQUISITO DE LA DETERMINACI\u00d3N DE LA COSA\u00a0\u00a0 \u00a0\u00a0\u00a0 \u00a0101<br \/>\n3.4.\u00a0\u00a0 \u00a0REQUISITOS QUE DEBE REUNIR EL HECHO OBJETO DE LA DECLARACI\u00d3N DE VOLUNTAD\u00a0\u00a0 \u00a0\u00a0\u00a0 \u00a0103<br \/>\n3.4.1.\u00a0\u00a0 \u00a0REQUISITO DE LA DETERMINACI\u00d3N DE LA CONDUCTA\u00a0\u00a0 \u00a0\u00a0\u00a0 \u00a0103<br \/>\n3.4.2.\u00a0\u00a0 \u00a0REQUISITO DE LA POSIBILIDAD DE LA CONDUCTA\u00a0\u00a0 \u00a0\u00a0\u00a0 \u00a0104<br \/>\n4.\u00a0\u00a0 \u00a0EL OBJETO IL\u00cdCITO\u00a0\u00a0 \u00a0\u00a0\u00a0 \u00a0105<br \/>\n4.1.\u00a0\u00a0 \u00a0GENERALIDADES\u00a0\u00a0 \u00a0\u00a0\u00a0 \u00a0105<br \/>\n4.2.\u00a0\u00a0 \u00a0CASOS DE OBJETO IL\u00cdCITO EN EL C\u00d3DIGO CIVIL\u00a0\u00a0 \u00a0\u00a0\u00a0 \u00a0106<br \/>\n4.2.1.\u00a0\u00a0 \u00a0ACTOS QUE CONTRAVIENEN EL DERECHO P\u00daBLICO CHILENO\u00a0\u00a0 \u00a0\u00a0\u00a0 \u00a0107<br \/>\n4.2.2.\u00a0\u00a0 \u00a0PACTOS SOBRE SUCESIONES FUTURAS\u00a0\u00a0 \u00a0\u00a0\u00a0 \u00a0109<br \/>\n4.2.3.\u00a0\u00a0 \u00a0ACTOS CONTRARIOS A LA LEY, A LA MORAL O A LAS BUENAS COSTUMBRES\u00a0\u00a0 \u00a0\u00a0\u00a0 \u00a0110<br \/>\n4.2.4.\u00a0\u00a0 \u00a0ENAJENACIONES DE COSAS ENUMERADAS EN EL ART. 1464\u00a0\u00a0 \u00a0\u00a0\u00a0 \u00a0112<br \/>\nA.\u00a0\u00a0 \u00a0Concepto de enajenaci\u00f3n\u00a0\u00a0 \u00a0\u00a0\u00a0 \u00a0112<br \/>\nB.\u00a0\u00a0 \u00a0La compraventa, \u00bfimplica enajenaci\u00f3n?\u00a0\u00a0 \u00a0\u00a0\u00a0 \u00a0113<br \/>\nIV. LA CAUSA<br \/>\n1.\u00a0\u00a0 \u00a0INTRODUCCI\u00d3N\u00a0\u00a0 \u00a0\u00a0\u00a0 \u00a0125<br \/>\n2.\u00a0\u00a0 \u00a0LA CAUSA EN EL CONTEXTO DEL NEGOCIO JUR\u00cdDICO\u00a0\u00a0 \u00a0\u00a0\u00a0 \u00a0127<br \/>\n3.\u00a0\u00a0 \u00a0ACEPCIONES DE LA PALABRA \u201cCAUSA\u201d\u00a0\u00a0 \u00a0\u00a0\u00a0 \u00a0128<br \/>\n4.\u00a0\u00a0 \u00a0EVOLUCI\u00d3N DE LA TEOR\u00cdA DE LA CAUSA\u00a0\u00a0 \u00a0\u00a0\u00a0 \u00a0129<br \/>\nV. LAS FORMALIDADES<br \/>\n1.\u00a0\u00a0 \u00a0INTRODUCCI\u00d3N\u00a0\u00a0 \u00a0\u00a0\u00a0 \u00a0137<br \/>\n2.\u00a0\u00a0 \u00a0CLASIFICACI\u00d3N DE LAS FORMALIDADES\u00a0\u00a0 \u00a0\u00a0\u00a0 \u00a0139<br \/>\n2.1.\u00a0\u00a0 \u00a0SOLEMNIDADES\u00a0\u00a0 \u00a0\u00a0\u00a0 \u00a0140<br \/>\n2.2.\u00a0\u00a0 \u00a0SIMPLES FORMALIDADES\u00a0\u00a0 \u00a0\u00a0\u00a0 \u00a0141<br \/>\nVI. LA CAPACIDAD<br \/>\n1.\u00a0\u00a0 \u00a0INTRODUCCI\u00d3N\u00a0\u00a0 \u00a0\u00a0\u00a0 \u00a0147<br \/>\n2.\u00a0\u00a0 \u00a0CONCEPTO Y CLASES DE CAPACIDAD\u00a0\u00a0 \u00a0\u00a0\u00a0 \u00a0148<br \/>\nVII. EFECTOS DE LOS NEGOCIOS JUR\u00cdDICOS<br \/>\n1.\u00a0\u00a0 \u00a0GENERALIDADES\u00a0\u00a0 \u00a0\u00a0\u00a0 \u00a0157<br \/>\n2.\u00a0\u00a0 \u00a0DOS CLASIFICACIONES DE LOS EFECTOS DE LOS NEGOCIOS JUR\u00cdDICOS\u00a0\u00a0 \u00a0\u00a0\u00a0 \u00a0158<br \/>\n3.\u00a0\u00a0 \u00a0PERSONAS RESPECTO DE LAS CUALES SE PRODUCEN LOS EFECTOS DE LOS NEGOCIOS JUR\u00cdDICOS\u00a0\u00a0 \u00a0\u00a0\u00a0 \u00a0159<br \/>\n4.\u00a0\u00a0 \u00a0EFECTOS DE LOS NEGOCIOS JUR\u00cdDICOS ENTRE LAS PARTES\u00a0\u00a0 \u00a0\u00a0\u00a0 \u00a0161<br \/>\n5.\u00a0\u00a0 \u00a0EFECTOS DE LOS NEGOCIOS JUR\u00cdDICOS RESPECTO DE TERCEROS\u00a0\u00a0 \u00a0\u00a0\u00a0 \u00a0162<br \/>\nVIII. LAS MODALIDADES DE LOS NEGOCIOS JUR\u00cdDICOS<br \/>\n1.\u00a0\u00a0 \u00a0EL PLAZO\u00a0\u00a0 \u00a0\u00a0\u00a0 \u00a0167<br \/>\n1.1.\u00a0\u00a0 \u00a0CLASIFICACIONES DEL PLAZO QUE DERIVAN DE SU REGULACI\u00d3N LEGAL\u00a0\u00a0 \u00a0\u00a0\u00a0 \u00a0168<br \/>\n1.2.\u00a0\u00a0 \u00a0ESTADOS EN QUE PUEDEN ENCONTRARSE LOS PLAZOS\u00a0\u00a0 \u00a0\u00a0\u00a0 \u00a0170<br \/>\n2.\u00a0\u00a0 \u00a0LA CONDICI\u00d3N\u00a0\u00a0 \u00a0\u00a0\u00a0 \u00a0171<br \/>\n2.1.\u00a0\u00a0 \u00a0CLASIFICACIONES DE LA CONDICI\u00d3N QUE DERIVAN DE SU REGULACI\u00d3N LEGAL\u00a0\u00a0 \u00a0\u00a0\u00a0 \u00a0172<br \/>\n2.2.\u00a0\u00a0 \u00a0ESTADOS EN QUE PUEDEN ENCONTRARSE LAS CONDICIONES\u00a0\u00a0 \u00a0\u00a0\u00a0 \u00a0176<br \/>\n3.\u00a0\u00a0 \u00a0EL MODO\u00a0\u00a0 \u00a0\u00a0\u00a0 \u00a0179<br \/>\nIX. LA INEFICACIA DE LOS NEGOCIOS JUR\u00cdDICOS<br \/>\n1.\u00a0\u00a0 \u00a0INTRODUCCI\u00d3N\u00a0\u00a0 \u00a0\u00a0\u00a0 \u00a0183<br \/>\n2.\u00a0\u00a0 \u00a0CONCEPTO Y CLASES DE INEFICACIA\u00a0\u00a0 \u00a0\u00a0\u00a0 \u00a0185<br \/>\n3.\u00a0\u00a0 \u00a0LA NULIDAD ABSOLUTA\u00a0\u00a0 \u00a0\u00a0\u00a0 \u00a0188<br \/>\n4.\u00a0\u00a0 \u00a0LA NULIDAD RELATIVA\u00a0\u00a0 \u00a0\u00a0\u00a0 \u00a0191<br \/>\n5.\u00a0\u00a0 \u00a0DIFERENCIAS ENTRE LA NULIDAD ABSOLUTA Y LA NULIDAD RELATIVA\u00a0\u00a0 \u00a0\u00a0\u00a0 \u00a0195<br \/>\n6.\u00a0\u00a0 \u00a0LA NULIDAD PARCIAL\u00a0\u00a0 \u00a0\u00a0\u00a0 \u00a0197<br \/>\n7.\u00a0\u00a0 \u00a0EFECTOS DE LA NULIDAD\u00a0\u00a0 \u00a0\u00a0\u00a0 \u00a0198<br \/>\n8.\u00a0\u00a0 \u00a0LA CONVERSI\u00d3N DEL NEGOCIO JUR\u00cdDICO NULO\u00a0\u00a0 \u00a0\u00a0\u00a0 \u00a0202<br \/>\n9.\u00a0\u00a0 \u00a0EL ERROR COM\u00daN ACERCA DE LA CAUSA DE INVALIDEZ DE UN NEGOCIO\u00a0\u00a0 \u00a0\u00a0\u00a0 \u00a0203<br \/>\n10.\u00a0\u00a0 \u00a0INEFICACIA DE UN NEGOCIO V\u00c1LIDAMENTE FORMADO\u00a0\u00a0 \u00a0\u00a0\u00a0 \u00a0205<\/p>\n","protected":false},"excerpt":{"rendered":"<p>Buscas un libro Jur\u00eddico.? Lo puedes encontrar en nuestra tienda virtual.<br \/>\nContamos con prestigiosos autores y muchas alternativas en sus diferentes materias al igual que grandes descuentos.! Vis\u00edtanos en <a class=\"TCtSGXKgkjclDJQyAiLBLXwsCCIaagtA \" tabindex=\"0\" href=\"https:\/\/lnkd.in\/eiAG7jdZ\" target=\"_blank\" rel=\"noopener\" data-test-app-aware-link=\"\">https:\/\/lnkd.in\/eiAG7jdZ<\/a><br \/>\nEscr\u00edbenos al +56930565235 \/ <a class=\"TCtSGXKgkjclDJQyAiLBLXwsCCIaagtA \" tabindex=\"0\" href=\"mailto:ventaslegallexglobal@gmail.com\" target=\"_self\" data-test-app-aware-link=\"\">ventaslegallexglobal@gmail.com<\/a><br \/>\nHacemos env\u00edos a todo Chile \u2013 Starken o Correos Chile \/ Te esperamos<\/p>\n","protected":false},"featured_media":3717,"comment_status":"open","ping_status":"closed","template":"","meta":{"inline_featured_image":false,"_joinchat":[]},"product_brand":[],"product_cat":[27],"product_tag":[],"class_list":{"0":"post-3687","1":"product","2":"type-product","3":"status-publish","4":"has-post-thumbnail","6":"product_cat-civil","7":"product_shipping_class-a-convenir","9":"first","10":"instock","11":"shipping-taxable","12":"purchasable","13":"product-type-simple"},"_links":{"self":[{"href":"https:\/\/bibliotecajuridicavirtual.cl\/index.php\/wp-json\/wp\/v2\/product\/3687","targetHints":{"allow":["GET"]}}],"collection":[{"href":"https:\/\/bibliotecajuridicavirtual.cl\/index.php\/wp-json\/wp\/v2\/product"}],"about":[{"href":"https:\/\/bibliotecajuridicavirtual.cl\/index.php\/wp-json\/wp\/v2\/types\/product"}],"replies":[{"embeddable":true,"href":"https:\/\/bibliotecajuridicavirtual.cl\/index.php\/wp-json\/wp\/v2\/comments?post=3687"}],"wp:featuredmedia":[{"embeddable":true,"href":"https:\/\/bibliotecajuridicavirtual.cl\/index.php\/wp-json\/wp\/v2\/media\/3717"}],"wp:attachment":[{"href":"https:\/\/bibliotecajuridicavirtual.cl\/index.php\/wp-json\/wp\/v2\/media?parent=3687"}],"wp:term":[{"taxonomy":"product_brand","embeddable":true,"href":"https:\/\/bibliotecajuridicavirtual.cl\/index.php\/wp-json\/wp\/v2\/product_brand?post=3687"},{"taxonomy":"product_cat","embeddable":true,"href":"https:\/\/bibliotecajuridicavirtual.cl\/index.php\/wp-json\/wp\/v2\/product_cat?post=3687"},{"taxonomy":"product_tag","embeddable":true,"href":"https:\/\/bibliotecajuridicavirtual.cl\/index.php\/wp-json\/wp\/v2\/product_tag?post=3687"}],"curies":[{"name":"wp","href":"https:\/\/api.w.org\/{rel}","templated":true}]}}