{"id":3690,"date":"2026-02-28T01:19:42","date_gmt":"2026-02-28T04:19:42","guid":{"rendered":"https:\/\/bibliotecajuridicavirtual.cl\/?post_type=product&#038;p=3690"},"modified":"2026-02-28T01:19:49","modified_gmt":"2026-02-28T04:19:49","slug":"esquemas-de-derecho-civil-de-chile-iv-personas-ano-2020-148-pag-autor-pamela-mendoza-alonzo-y-renzo-munita-marambio","status":"publish","type":"product","link":"https:\/\/bibliotecajuridicavirtual.cl\/index.php\/product\/esquemas-de-derecho-civil-de-chile-iv-personas-ano-2020-148-pag-autor-pamela-mendoza-alonzo-y-renzo-munita-marambio\/","title":{"rendered":"Esquemas de Derecho Civil de Chile IV: Personas.  A\u00f1o 2020\/ 148 P\u00e1g. Autor Pamela Mendoza Alonzo y Renzo Munita Marambio."},"content":{"rendered":"<p>El presente texto tiene por principal finalidad contribuir en la formaci\u00f3n de los estudiantes de derecho, proporcion\u00e1ndoles una herramienta que esperamos les resulte \u00fatil en su revisi\u00f3n del cap\u00edtulo &#8220;Personas&#8221;, el cual integra el programa de Derecho Civil impartido en las Facultades de Derecho de nuestro pa\u00eds.<br \/>\nPara la consecuci\u00f3n de tal prop\u00f3sito hemos pretendido sintetizar la estructura de la materia ya indicada, apoy\u00e1ndonos, primero, en la normativa vigente a la fecha; y, segundo, en obras generales de consulta insoslayable para la c\u00e1tedra. As\u00ed, se han tenido a la vista los tratados de Claro Solar como de Alessandri, Somarriva y Vodanovic, voces que representan lo m\u00e1s cl\u00e1sico de nuestra literatura, y que hoy permite ser complementada con los razonamientos de Ducci Claro, Ruz L\u00e1rtiga, Corral Talciani, entre otros.<br \/>\nEn dicho contexto, los esquemas\u00a0 ?metodolog\u00eda empleada en este libro?\u00a0 no persiguen reemplazar el estudio de las obras redactadas por los autores antes mencionados, sino m\u00e1s bien brindar una imagen r\u00e1pida y actualizada de los contornos distintivos del tratamiento de la Persona para el Derecho Civil, el cual, en los \u00faltimos a\u00f1os, ha sido objeto de importantes modificaciones legales, destacando entre ellas la Ley N\u00ba 20.500 de 16 de enero de 2011, sobre asociaciones y participaci\u00f3n ciudadana en la gesti\u00f3n p\u00fablica y la Ley N\u00ba 20. 577 de 8 de febrero de 2012, que modifica plazos sobre muerte presunta y establece normas sobre comprobaci\u00f3n judicial de muerte.<br \/>\nA modo de complemento, hemos estimado pertinente confeccionar un glosario de conceptos clave atingentes al n\u00facleo del trabajo que se presenta, cuyo dominio por el estudiante nos parece un pre\u00e1mbulo necesario para la interiorizaci\u00f3n posterior en el an\u00e1lisis de la disciplina.<br \/>\nEsperamos que sea de su agrado, y el motivo del mismo, logrado.<br \/>\nEl presente texto tiene por principal finalidad contribuir en la formaci\u00f3n de los estudiantes\u00a0de derecho, proporcion\u00e1ndoles una herramienta que esperamos les resulte \u00fatil en su revisi\u00f3n del cap\u00edtulo \u201cPersonas\u201d, el cual integra el programa de Derecho Civil impartido en las Facultades de Derecho de nuestro pa\u00eds.<br \/>\nPara la consecuci\u00f3n de tal prop\u00f3sito hemos pretendido sintetizar la estructura de la materia ya indicada, apoy\u00e1ndonos, primero, en la normativa vigente a la fecha; y, segundo, en obras generales de consulta insoslayable para la c\u00e1tedra. As\u00ed, se han tenido a la vista los tratados de Claro Solar como de Alessandri, Somarriva y Vodanovic, voces que representan lo m\u00e1s cl\u00e1sico de nuestra literatura, y que hoy permite ser complementada con los razonamientos de Ducci Claro, Ruz L\u00e1rtiga, Corral Talciani, entre otros.<br \/>\nEn dicho contexto, los esquemas \u2014metodolog\u00eda empleada en este libro\u2014 no persiguen reemplazar el estudio de las obras redactadas por los autores antes mencionados, sino m\u00e1s bien brindar una imagen r\u00e1pida y actualizada de los contornos distintivos del tratamiento de la Persona para el Derecho Civil, el cual, en los \u00faltimos a\u00f1os, ha sido objeto de importantes modificaciones legales, destacando entre ellas la Ley N\u00ba 20.500 de 16 de enero de 2011, sobre asociaciones y participaci\u00f3n ciudadana en la gesti\u00f3n p\u00fablica y la Ley N\u00ba 20. 577 de 8 de febrero de 2012, que modifica plazos sobre muerte presunta y establece normas sobre comprobaci\u00f3n judicial de muerte.<br \/>\nA modo de complemento, hemos estimado pertinente confeccionar un glosario de conceptos clave atingentes al n\u00facleo del trabajo que se presenta, cuyo dominio por el estudiante nos parece un pre\u00e1mbulo necesario para la interiorizaci\u00f3n posterior en el an\u00e1lisis de la disciplina.<br \/>\nEsperamos que sea de su agrado, y el motivo del mismo, logrado.<\/p>\n","protected":false},"excerpt":{"rendered":"<p>Buscas un libro Jur\u00eddico.? Lo puedes encontrar en nuestra tienda virtual.<br \/>\nContamos con prestigiosos autores y muchas alternativas en sus diferentes materias al igual que grandes descuentos.! Vis\u00edtanos en <a class=\"TCtSGXKgkjclDJQyAiLBLXwsCCIaagtA \" tabindex=\"0\" href=\"https:\/\/lnkd.in\/eiAG7jdZ\" target=\"_blank\" rel=\"noopener\" data-test-app-aware-link=\"\">https:\/\/lnkd.in\/eiAG7jdZ<\/a><br \/>\nEscr\u00edbenos al +56930565235 \/ <a class=\"TCtSGXKgkjclDJQyAiLBLXwsCCIaagtA \" tabindex=\"0\" href=\"mailto:ventaslegallexglobal@gmail.com\" target=\"_self\" data-test-app-aware-link=\"\">ventaslegallexglobal@gmail.com<\/a><br \/>\nHacemos env\u00edos a todo Chile \u2013 Starken o Correos Chile \/ Te esperamos<\/p>\n","protected":false},"featured_media":3720,"comment_status":"open","ping_status":"closed","template":"","meta":{"inline_featured_image":false,"_joinchat":[]},"product_brand":[],"product_cat":[27],"product_tag":[],"class_list":{"0":"post-3690","1":"product","2":"type-product","3":"status-publish","4":"has-post-thumbnail","6":"product_cat-civil","7":"product_shipping_class-a-convenir","9":"first","10":"instock","11":"shipping-taxable","12":"purchasable","13":"product-type-simple"},"_links":{"self":[{"href":"https:\/\/bibliotecajuridicavirtual.cl\/index.php\/wp-json\/wp\/v2\/product\/3690","targetHints":{"allow":["GET"]}}],"collection":[{"href":"https:\/\/bibliotecajuridicavirtual.cl\/index.php\/wp-json\/wp\/v2\/product"}],"about":[{"href":"https:\/\/bibliotecajuridicavirtual.cl\/index.php\/wp-json\/wp\/v2\/types\/product"}],"replies":[{"embeddable":true,"href":"https:\/\/bibliotecajuridicavirtual.cl\/index.php\/wp-json\/wp\/v2\/comments?post=3690"}],"wp:featuredmedia":[{"embeddable":true,"href":"https:\/\/bibliotecajuridicavirtual.cl\/index.php\/wp-json\/wp\/v2\/media\/3720"}],"wp:attachment":[{"href":"https:\/\/bibliotecajuridicavirtual.cl\/index.php\/wp-json\/wp\/v2\/media?parent=3690"}],"wp:term":[{"taxonomy":"product_brand","embeddable":true,"href":"https:\/\/bibliotecajuridicavirtual.cl\/index.php\/wp-json\/wp\/v2\/product_brand?post=3690"},{"taxonomy":"product_cat","embeddable":true,"href":"https:\/\/bibliotecajuridicavirtual.cl\/index.php\/wp-json\/wp\/v2\/product_cat?post=3690"},{"taxonomy":"product_tag","embeddable":true,"href":"https:\/\/bibliotecajuridicavirtual.cl\/index.php\/wp-json\/wp\/v2\/product_tag?post=3690"}],"curies":[{"name":"wp","href":"https:\/\/api.w.org\/{rel}","templated":true}]}}