{"id":3694,"date":"2026-02-28T01:19:42","date_gmt":"2026-02-28T04:19:42","guid":{"rendered":"https:\/\/bibliotecajuridicavirtual.cl\/?post_type=product&#038;p=3694"},"modified":"2026-02-28T01:19:52","modified_gmt":"2026-02-28T04:19:52","slug":"esquemas-de-derecho-civil-vii-derecho-de-familia-2-edicion-ano-2022-172-pag-autor-carolina-riveros-ferrada","status":"publish","type":"product","link":"https:\/\/bibliotecajuridicavirtual.cl\/index.php\/product\/esquemas-de-derecho-civil-vii-derecho-de-familia-2-edicion-ano-2022-172-pag-autor-carolina-riveros-ferrada\/","title":{"rendered":"Esquemas de Derecho Civil VII: Derecho de Familia 2 Edici\u00f3n A\u00f1o 2022\/ 172 P\u00e1g. Autor  Carolina Riveros Ferrada"},"content":{"rendered":"<p>Esquemas de Derecho Civil VII: Derecho de Familia 2\u00aa Edici\u00f3n.<\/p>\n<p>&nbsp;<\/p>\n<p>\u00cdndice<br \/>\nPRESENTACI\u00d3N\u00a0\u00a0 \u00a0\u00a0\u00a0 \u00a013<br \/>\nABREVIATURAS\u00a0\u00a0 \u00a0\u00a0\u00a0 \u00a015<br \/>\n1. INTRODUCCI\u00d3N AL DERECHO DE FAMILIA<br \/>\n1.1.\u00a0\u00a0 \u00a0INTRODUCCI\u00d3N\u00a0\u00a0 \u00a0\u00a0\u00a0 \u00a019<br \/>\n1.2.\u00a0\u00a0 \u00a0FAMILIA Y DERECHO\u00a0\u00a0 \u00a0\u00a0\u00a0 \u00a020<br \/>\n1.2.1.\u00a0\u00a0 \u00a0Principios del derecho de familia\u00a0\u00a0 \u00a0\u00a0\u00a0 \u00a020<br \/>\n1.2.2.\u00a0\u00a0 \u00a0Cuestiones generales del derecho de familia\u00a0\u00a0 \u00a0\u00a0\u00a0 \u00a023<br \/>\n1.3.\u00a0\u00a0 \u00a0EL PARENTESCO\u00a0\u00a0 \u00a0\u00a0\u00a0 \u00a025<br \/>\n1.3.1.\u00a0\u00a0 \u00a0Generalidades, l\u00edneas y grados de parentesco\u00a0\u00a0 \u00a0\u00a0\u00a0 \u00a025<br \/>\n1.3.2.\u00a0\u00a0 \u00a0Efectos del parentesco\u00a0\u00a0 \u00a0\u00a0\u00a0 \u00a027<br \/>\n2. DERECHO MATRIMONIAL I<br \/>\n2.1.\u00a0\u00a0 \u00a0Introducci\u00f3n\u00a0\u00a0 \u00a0\u00a0\u00a0 \u00a031<br \/>\n2.2.\u00a0\u00a0 \u00a0Esponsales\u00a0\u00a0 \u00a0\u00a0\u00a0 \u00a032<br \/>\n2.3.\u00a0\u00a0 \u00a0Matrimonio: Concepto. Naturaleza jur\u00eddica. Elementos\u00a0\u00a0 \u00a0\u00a0\u00a0 \u00a033<br \/>\n2.4.\u00a0\u00a0 \u00a0Requisitos de existencia y validez del matrimonio\u00a0\u00a0 \u00a0\u00a0\u00a0 \u00a035<br \/>\n2.5.\u00a0\u00a0 \u00a0Capacidad de los contrayentes. Impedimentos dirimentes e impedientes\u00a0\u00a0 \u00a0\u00a0\u00a0 \u00a037<br \/>\n2.5.1.\u00a0\u00a0 \u00a0Impedimentos dirimentes absolutos y relativos\u00a0\u00a0 \u00a0\u00a0\u00a0 \u00a038<br \/>\n2.6.\u00a0\u00a0 \u00a0Solemnidades que establece la ley para su celebraci\u00f3n\u00a0\u00a0 \u00a0\u00a0\u00a0 \u00a040<br \/>\n2.6.1.\u00a0\u00a0 \u00a0Matrimonio celebrado en Chile\u00a0\u00a0 \u00a0\u00a0\u00a0 \u00a040<br \/>\n2.6.2.\u00a0\u00a0 \u00a0Matrimonios celebrados en el extranjero\u00a0\u00a0 \u00a0\u00a0\u00a0 \u00a043<br \/>\n2.7.\u00a0\u00a0 \u00a0Efectos del matrimonio\u00a0\u00a0 \u00a0\u00a0\u00a0 \u00a044<br \/>\n2.7.1.\u00a0\u00a0 \u00a0Efectos en general\u00a0\u00a0 \u00a0\u00a0\u00a0 \u00a044<br \/>\n2.7.2.\u00a0\u00a0 \u00a0Efectos personales de los c\u00f3nyuges\u00a0\u00a0 \u00a0\u00a0\u00a0 \u00a045<br \/>\n3. DERECHO MATRIMONIAL II<br \/>\n3.1.\u00a0\u00a0 \u00a0Introducci\u00f3n extinci\u00f3n, separaci\u00f3n, divorcio y compensaci\u00f3n econ\u00f3mica\u00a0\u00a0 \u00a0\u00a0\u00a0 \u00a051<br \/>\n3.2.\u00a0\u00a0 \u00a0Extinci\u00f3n del matrimonio. Causales del Art\u00edculo 42 de la Ley de Matrimonio Civil\u00a0\u00a0 \u00a0\u00a0\u00a0 \u00a052<br \/>\n3.2.1.\u00a0\u00a0 \u00a0Especificaciones causales muerte presunta, nulidad y acoge solicitud de cambio de sexo\u00a0\u00a0 \u00a0\u00a0\u00a0 \u00a053<br \/>\n3.3.\u00a0\u00a0 \u00a0Separaci\u00f3n de los c\u00f3nyuges\u00a0\u00a0 \u00a0\u00a0\u00a0 \u00a056<br \/>\n3.3.1.\u00a0\u00a0 \u00a0Separaci\u00f3n de hecho\u00a0\u00a0 \u00a0\u00a0\u00a0 \u00a056<br \/>\n3.3.2.\u00a0\u00a0 \u00a0Separaci\u00f3n judicial\u00a0\u00a0 \u00a0\u00a0\u00a0 \u00a057<br \/>\n3.4.\u00a0\u00a0 \u00a0Divorcio\u00a0\u00a0 \u00a0\u00a0\u00a0 \u00a060<br \/>\n3.4.1.\u00a0\u00a0 \u00a0Causales y caracter\u00edsticas\u00a0\u00a0 \u00a0\u00a0\u00a0 \u00a060<br \/>\n3.4.2.\u00a0\u00a0 \u00a0El Divorcio. Efectos del divorcio. Divorcio obtenido en el extranjero\u00a0\u00a0 \u00a0\u00a0\u00a0 \u00a062<br \/>\n3.4.3.\u00a0\u00a0 \u00a0Esquema procesal juicio divorcio\u00a0\u00a0 \u00a0\u00a0\u00a0 \u00a063<br \/>\n3.5.\u00a0\u00a0 \u00a0La compensaci\u00f3n econ\u00f3mica\u00a0\u00a0 \u00a0\u00a0\u00a0 \u00a065<br \/>\n4. R\u00c9GIMEN ECON\u00d3MICO MATRIMONIAL<br \/>\n4.1.\u00a0\u00a0 \u00a0Introducci\u00f3n r\u00e9gimen econ\u00f3mico matrimonial\u00a0\u00a0 \u00a0\u00a0\u00a0 \u00a071<br \/>\n4.2.\u00a0\u00a0 \u00a0Reg\u00edmenes matrimoniales. Aspectos generales\u00a0\u00a0 \u00a0\u00a0\u00a0 \u00a072<br \/>\n4.3.\u00a0\u00a0 \u00a0Bienes familiares\u00a0\u00a0 \u00a0\u00a0\u00a0 \u00a074<br \/>\n4.4.\u00a0\u00a0 \u00a0Las capitulaciones matrimoniales\u00a0\u00a0 \u00a0\u00a0\u00a0 \u00a078<br \/>\n5. REG\u00cdMENES MATRIMONIALES. SOCIEDAD CONYUGAL. SEPARACI\u00d3N DE BIENES. PARTICIPACI\u00d3N EN LOS GANANCIALES<br \/>\n5.1.\u00a0\u00a0 \u00a0La sociedad conyugal\u00a0\u00a0 \u00a0\u00a0\u00a0 \u00a081<br \/>\n5.1.1.\u00a0\u00a0 \u00a0Patrimonio social\u00a0\u00a0 \u00a0\u00a0\u00a0 \u00a083<br \/>\n5.1.2.\u00a0\u00a0 \u00a0Haber absoluto\u00a0\u00a0 \u00a0\u00a0\u00a0 \u00a084<br \/>\n5.1.3.\u00a0\u00a0 \u00a0Haber relativo\u00a0\u00a0 \u00a0\u00a0\u00a0 \u00a086<br \/>\n5.1.4.\u00a0\u00a0 \u00a0Bienes reservados de la mujer casada en sociedad conyugal\u00a0\u00a0 \u00a0\u00a0\u00a0 \u00a087<br \/>\n5.1.5.\u00a0\u00a0 \u00a0Pasivo de la sociedad conyugal\u00a0\u00a0 \u00a0\u00a0\u00a0 \u00a090<br \/>\n5.1.6.\u00a0\u00a0 \u00a0Recompensas\u00a0\u00a0 \u00a0\u00a0\u00a0 \u00a092<br \/>\nA.\u00a0\u00a0 \u00a0Cuestiones generales\u00a0\u00a0 \u00a0\u00a0\u00a0 \u00a092<br \/>\nB.\u00a0\u00a0 \u00a0Clasificaci\u00f3n recompensas\u00a0\u00a0 \u00a0\u00a0\u00a0 \u00a093<br \/>\n5.1.7.\u00a0\u00a0 \u00a0Administraci\u00f3n ordinaria de la sociedad conyugal\u00a0\u00a0 \u00a0\u00a0\u00a0 \u00a094<br \/>\nA.\u00a0\u00a0 \u00a0Administraci\u00f3n de los bienes sociales\u00a0\u00a0 \u00a0\u00a0\u00a0 \u00a094<br \/>\nB.\u00a0\u00a0 \u00a0Situaci\u00f3n especial en que se requiere la autorizaci\u00f3n de la mujer\u00a0\u00a0 \u00a0\u00a0\u00a0 \u00a095<br \/>\nC.\u00a0\u00a0 \u00a0Administraci\u00f3n de los bienes propios de la mujer\u00a0\u00a0 \u00a0\u00a0\u00a0 \u00a097<br \/>\n5.1.8.\u00a0\u00a0 \u00a0Administraci\u00f3n extraordinaria de la sociedad conyugal\u00a0\u00a0 \u00a0\u00a0\u00a0 \u00a099<br \/>\n5.1.9.\u00a0\u00a0 \u00a0Disoluci\u00f3n de la sociedad conyugal. Causales\u00a0\u00a0 \u00a0\u00a0\u00a0 \u00a0102<br \/>\n5.1.10. Disoluci\u00f3n de la sociedad conyugal. Efectos\u00a0\u00a0 \u00a0\u00a0\u00a0 \u00a0103<br \/>\n5.2.\u00a0\u00a0 \u00a0R\u00e9gimen de participaci\u00f3n en los gananciales\u00a0\u00a0 \u00a0\u00a0\u00a0 \u00a0106<br \/>\n5.2.1.\u00a0\u00a0 \u00a0Del cr\u00e9dito de participaci\u00f3n\u00a0\u00a0 \u00a0\u00a0\u00a0 \u00a0106<br \/>\n5.2.2.\u00a0\u00a0 \u00a0R\u00e9gimen de participaci\u00f3n en las gananciales particularidades\u00a0\u00a0 \u00a0\u00a0\u00a0 \u00a0108<br \/>\n5.3.\u00a0\u00a0 \u00a0R\u00e9gimen de separaci\u00f3n de bienes\u00a0\u00a0 \u00a0\u00a0\u00a0 \u00a0111<br \/>\n6. FILIACI\u00d3N Y PATRIA POTESTAD<br \/>\n6.1.\u00a0\u00a0 \u00a0Introducci\u00f3n filiaci\u00f3n y patria potestad\u00a0\u00a0 \u00a0\u00a0\u00a0 \u00a0117<br \/>\n6.2.\u00a0\u00a0 \u00a0La filiaci\u00f3n\u00a0\u00a0 \u00a0\u00a0\u00a0 \u00a0118<br \/>\n6.3.\u00a0\u00a0 \u00a0Determinaci\u00f3n de la filiaci\u00f3n\u00a0\u00a0 \u00a0\u00a0\u00a0 \u00a0120<br \/>\n6.4.\u00a0\u00a0 \u00a0Reconocimiento voluntario\u00a0\u00a0 \u00a0\u00a0\u00a0 \u00a0124<br \/>\n6.5.\u00a0\u00a0 \u00a0Acciones de filiaci\u00f3n\u00a0\u00a0 \u00a0\u00a0\u00a0 \u00a0126<br \/>\n6.6.\u00a0\u00a0 \u00a0Prueba de la filiaci\u00f3n\u00a0\u00a0 \u00a0\u00a0\u00a0 \u00a0127<br \/>\n6.7.\u00a0\u00a0 \u00a0Acciones de reclamaci\u00f3n de filiaci\u00f3n\u00a0\u00a0 \u00a0\u00a0\u00a0 \u00a0128<br \/>\n6.8.\u00a0\u00a0 \u00a0Acci\u00f3n de impugnaci\u00f3n de filiaci\u00f3n\u00a0\u00a0 \u00a0\u00a0\u00a0 \u00a0130<br \/>\n6.9.\u00a0\u00a0 \u00a0Efectos de la filiaci\u00f3n\u00a0\u00a0 \u00a0\u00a0\u00a0 \u00a0132<br \/>\n6.10.\u00a0\u00a0 \u00a0Esquema procesal demanda de filiaci\u00f3n\u00a0\u00a0 \u00a0\u00a0\u00a0 \u00a0134<br \/>\n6.11.\u00a0\u00a0 \u00a0Patria potestad particularidades\u00a0\u00a0 \u00a0\u00a0\u00a0 \u00a0136<br \/>\n6.12.\u00a0\u00a0 \u00a0Derecho de alimentos\u00a0\u00a0 \u00a0\u00a0\u00a0 \u00a0138<br \/>\n6.12.1.\u00a0\u00a0 \u00a0Aspectos generales\u00a0\u00a0 \u00a0\u00a0\u00a0 \u00a0138<br \/>\n6.12.2.\u00a0\u00a0 \u00a0Requisitos del derecho de alimentos\u00a0\u00a0 \u00a0\u00a0\u00a0 \u00a0139<br \/>\n6.12.3.\u00a0\u00a0 \u00a0Titulares del derecho de alimentos\u00a0\u00a0 \u00a0\u00a0\u00a0 \u00a0140<br \/>\n6.12.4.\u00a0\u00a0 \u00a0Aspectos procedimentales\u00a0\u00a0 \u00a0\u00a0\u00a0 \u00a0141<br \/>\n6.12.5.\u00a0\u00a0 \u00a0REGISTRO NACIONAL DE DEUDORES DE ALIMENTOS\u00a0\u00a0 \u00a0\u00a0\u00a0 \u00a0144<br \/>\n7.VIOLENCIA INTRAFAMILIAR<br \/>\n7.1.\u00a0\u00a0 \u00a0INTRODUCCI\u00d3N\u00a0\u00a0 \u00a0\u00a0\u00a0 \u00a0149<br \/>\n7.2.\u00a0\u00a0 \u00a0VIOLENCIA INTRAFAMILIAR\u00a0\u00a0 \u00a0\u00a0\u00a0 \u00a0150<br \/>\n7.3.\u00a0\u00a0 \u00a0ESQUEMA PROCEDIMIENTO VIOLENCIA INTRAFAMILIAR\u00a0\u00a0 \u00a0\u00a0\u00a0 \u00a0153<br \/>\n8. Acuerdo de Uni\u00f3n Civil<br \/>\n8.1.\u00a0\u00a0 \u00a0Requisitos de existencia y validez\u00a0\u00a0 \u00a0\u00a0\u00a0 \u00a0161<br \/>\n8.2.\u00a0\u00a0 \u00a0Solemnidades que establece la ley N\u00ba 20.830 para acuerdos celebrados en Chile\u00a0\u00a0 \u00a0\u00a0\u00a0 \u00a0163<br \/>\n8.3.\u00a0\u00a0 \u00a0Solemnidades que establece la Ley N\u00ba 20.830 para acuerdos celebrados en el extranjero\u00a0\u00a0 \u00a0\u00a0\u00a0 \u00a0164<br \/>\n8.4.\u00a0\u00a0 \u00a0Extinci\u00f3n del acuerdo de uni\u00f3n civil\u00a0\u00a0 \u00a0\u00a0\u00a0 \u00a0166<br \/>\n8.5.\u00a0\u00a0 \u00a0Efectos del acuerdo de uni\u00f3n civil\u00a0\u00a0 \u00a0\u00a0\u00a0 \u00a0167<\/p>\n","protected":false},"excerpt":{"rendered":"<p>Esquemas de Derecho Civil VII: Derecho de Familia 2\u00aa Edici\u00f3n. &nbsp; \u00cdndice PRESENTACI\u00d3N\u00a0\u00a0 \u00a0\u00a0\u00a0 \u00a013 ABREVIATURAS\u00a0\u00a0 \u00a0\u00a0\u00a0 \u00a015 1. INTRODUCCI\u00d3N AL DERECHO DE FAMILIA 1.1.\u00a0\u00a0 \u00a0INTRODUCCI\u00d3N\u00a0\u00a0 \u00a0\u00a0\u00a0 \u00a019 1.2.\u00a0\u00a0 \u00a0FAMILIA Y DERECHO\u00a0\u00a0 \u00a0\u00a0\u00a0 \u00a020 1.2.1.\u00a0\u00a0 \u00a0Principios del derecho de familia\u00a0\u00a0 \u00a0\u00a0\u00a0 \u00a020 1.2.2.\u00a0\u00a0 \u00a0Cuestiones generales del derecho de familia\u00a0\u00a0 \u00a0\u00a0\u00a0 \u00a023 1.3.\u00a0\u00a0 \u00a0EL PARENTESCO\u00a0\u00a0 \u00a0\u00a0\u00a0 \u00a025 1.3.1.\u00a0\u00a0 \u00a0Generalidades, l\u00edneas y grados de parentesco\u00a0\u00a0 \u00a0\u00a0\u00a0 \u00a025 1.3.2.\u00a0\u00a0 \u00a0Efectos del parentesco\u00a0\u00a0 \u00a0\u00a0\u00a0 \u00a027 2. DERECHO MATRIMONIAL I 2.1.\u00a0\u00a0 \u00a0Introducci\u00f3n\u00a0\u00a0 \u00a0\u00a0\u00a0 \u00a031 2.2.\u00a0\u00a0 \u00a0Esponsales\u00a0\u00a0 \u00a0\u00a0\u00a0 \u00a032 2.3.\u00a0\u00a0 \u00a0Matrimonio: Concepto. Naturaleza jur\u00eddica. Elementos\u00a0\u00a0 \u00a0\u00a0\u00a0 \u00a033 2.4.\u00a0\u00a0 \u00a0Requisitos de existencia y validez del matrimonio\u00a0\u00a0 \u00a0\u00a0\u00a0 \u00a035 2.5.\u00a0\u00a0 \u00a0Capacidad de los contrayentes. Impedimentos dirimentes e impedientes\u00a0\u00a0 \u00a0\u00a0\u00a0 \u00a037 2.5.1.\u00a0\u00a0 \u00a0Impedimentos dirimentes absolutos y relativos\u00a0\u00a0 \u00a0\u00a0\u00a0 \u00a038 2.6.\u00a0\u00a0 \u00a0Solemnidades que establece la ley para su celebraci\u00f3n\u00a0\u00a0 \u00a0\u00a0\u00a0 \u00a040 2.6.1.\u00a0\u00a0 \u00a0Matrimonio celebrado en Chile\u00a0\u00a0 \u00a0\u00a0\u00a0 \u00a040 2.6.2.\u00a0\u00a0 \u00a0Matrimonios celebrados en el extranjero\u00a0\u00a0 \u00a0\u00a0\u00a0 \u00a043 2.7.\u00a0\u00a0 \u00a0Efectos del matrimonio\u00a0\u00a0 \u00a0\u00a0\u00a0 \u00a044 2.7.1.\u00a0\u00a0 \u00a0Efectos en general\u00a0\u00a0 \u00a0\u00a0\u00a0 \u00a044 2.7.2.\u00a0\u00a0 \u00a0Efectos personales de los c\u00f3nyuges\u00a0\u00a0 \u00a0\u00a0\u00a0 \u00a045 3. DERECHO MATRIMONIAL II 3.1.\u00a0\u00a0 \u00a0Introducci\u00f3n extinci\u00f3n, separaci\u00f3n, divorcio y compensaci\u00f3n econ\u00f3mica\u00a0\u00a0 \u00a0\u00a0\u00a0 \u00a051 3.2.\u00a0\u00a0 \u00a0Extinci\u00f3n del matrimonio. Causales del Art\u00edculo 42 de la Ley de Matrimonio Civil\u00a0\u00a0 \u00a0\u00a0\u00a0 \u00a052 3.2.1.\u00a0\u00a0 \u00a0Especificaciones causales muerte presunta, nulidad y acoge solicitud de cambio de sexo\u00a0\u00a0 \u00a0\u00a0\u00a0 \u00a053 3.3.\u00a0\u00a0 \u00a0Separaci\u00f3n de los c\u00f3nyuges\u00a0\u00a0 \u00a0\u00a0\u00a0 \u00a056 3.3.1.\u00a0\u00a0 \u00a0Separaci\u00f3n de hecho\u00a0\u00a0 \u00a0\u00a0\u00a0 \u00a056 3.3.2.\u00a0\u00a0 \u00a0Separaci\u00f3n judicial\u00a0\u00a0 \u00a0\u00a0\u00a0 \u00a057 3.4.\u00a0\u00a0 \u00a0Divorcio\u00a0\u00a0 \u00a0\u00a0\u00a0 \u00a060 3.4.1.\u00a0\u00a0 \u00a0Causales y caracter\u00edsticas\u00a0\u00a0 \u00a0\u00a0\u00a0 \u00a060 3.4.2.\u00a0\u00a0 \u00a0El Divorcio. Efectos del divorcio. Divorcio obtenido en el extranjero\u00a0\u00a0 \u00a0\u00a0\u00a0 \u00a062 3.4.3.\u00a0\u00a0 \u00a0Esquema procesal juicio divorcio\u00a0\u00a0 \u00a0\u00a0\u00a0 \u00a063 3.5.\u00a0\u00a0 \u00a0La compensaci\u00f3n econ\u00f3mica\u00a0\u00a0 \u00a0\u00a0\u00a0 \u00a065 4. R\u00c9GIMEN ECON\u00d3MICO MATRIMONIAL 4.1.\u00a0\u00a0 \u00a0Introducci\u00f3n r\u00e9gimen econ\u00f3mico matrimonial\u00a0\u00a0 \u00a0\u00a0\u00a0 \u00a071 4.2.\u00a0\u00a0 \u00a0Reg\u00edmenes matrimoniales. Aspectos generales\u00a0\u00a0 \u00a0\u00a0\u00a0 \u00a072 4.3.\u00a0\u00a0 \u00a0Bienes familiares\u00a0\u00a0 \u00a0\u00a0\u00a0 \u00a074 4.4.\u00a0\u00a0 \u00a0Las capitulaciones matrimoniales\u00a0\u00a0 \u00a0\u00a0\u00a0 \u00a078 5. REG\u00cdMENES MATRIMONIALES. SOCIEDAD CONYUGAL. SEPARACI\u00d3N DE BIENES. PARTICIPACI\u00d3N EN LOS GANANCIALES 5.1.\u00a0\u00a0 \u00a0La sociedad conyugal\u00a0\u00a0 \u00a0\u00a0\u00a0 \u00a081 5.1.1.\u00a0\u00a0 \u00a0Patrimonio social\u00a0\u00a0 \u00a0\u00a0\u00a0 \u00a083 5.1.2.\u00a0\u00a0 \u00a0Haber absoluto\u00a0\u00a0 \u00a0\u00a0\u00a0 \u00a084 5.1.3.\u00a0\u00a0 \u00a0Haber relativo\u00a0\u00a0 \u00a0\u00a0\u00a0 \u00a086 5.1.4.\u00a0\u00a0 \u00a0Bienes reservados de la mujer casada en sociedad conyugal\u00a0\u00a0 \u00a0\u00a0\u00a0 \u00a087 5.1.5.\u00a0\u00a0 \u00a0Pasivo de la sociedad conyugal\u00a0\u00a0 \u00a0\u00a0\u00a0 \u00a090 5.1.6.\u00a0\u00a0 \u00a0Recompensas\u00a0\u00a0 \u00a0\u00a0\u00a0 \u00a092 A.\u00a0\u00a0 \u00a0Cuestiones generales\u00a0\u00a0 \u00a0\u00a0\u00a0 \u00a092 B.\u00a0\u00a0 \u00a0Clasificaci\u00f3n recompensas\u00a0\u00a0 \u00a0\u00a0\u00a0 \u00a093 5.1.7.\u00a0\u00a0 \u00a0Administraci\u00f3n ordinaria de la sociedad conyugal\u00a0\u00a0 \u00a0\u00a0\u00a0 \u00a094 A.\u00a0\u00a0 \u00a0Administraci\u00f3n de los bienes sociales\u00a0\u00a0 \u00a0\u00a0\u00a0 \u00a094 B.\u00a0\u00a0 \u00a0Situaci\u00f3n especial en que se requiere la autorizaci\u00f3n de la mujer\u00a0\u00a0 \u00a0\u00a0\u00a0 \u00a095 C.\u00a0\u00a0 \u00a0Administraci\u00f3n de los bienes propios de la mujer\u00a0\u00a0 \u00a0\u00a0\u00a0 \u00a097 5.1.8.\u00a0\u00a0 \u00a0Administraci\u00f3n extraordinaria de la sociedad conyugal\u00a0\u00a0 \u00a0\u00a0\u00a0 \u00a099 5.1.9.\u00a0\u00a0 \u00a0Disoluci\u00f3n de la sociedad conyugal. Causales\u00a0\u00a0 \u00a0\u00a0\u00a0 \u00a0102 5.1.10. Disoluci\u00f3n de la sociedad conyugal. Efectos\u00a0\u00a0 \u00a0\u00a0\u00a0 \u00a0103 5.2.\u00a0\u00a0 \u00a0R\u00e9gimen de participaci\u00f3n en los gananciales\u00a0\u00a0 \u00a0\u00a0\u00a0 \u00a0106 5.2.1.\u00a0\u00a0 \u00a0Del cr\u00e9dito de participaci\u00f3n\u00a0\u00a0 \u00a0\u00a0\u00a0 \u00a0106 5.2.2.\u00a0\u00a0 \u00a0R\u00e9gimen de participaci\u00f3n en las gananciales particularidades\u00a0\u00a0 \u00a0\u00a0\u00a0 \u00a0108 5.3.\u00a0\u00a0 \u00a0R\u00e9gimen de separaci\u00f3n de bienes\u00a0\u00a0 \u00a0\u00a0\u00a0 \u00a0111 6. FILIACI\u00d3N Y PATRIA POTESTAD 6.1.\u00a0\u00a0 \u00a0Introducci\u00f3n filiaci\u00f3n y patria potestad\u00a0\u00a0 \u00a0\u00a0\u00a0 \u00a0117 6.2.\u00a0\u00a0 \u00a0La filiaci\u00f3n\u00a0\u00a0 \u00a0\u00a0\u00a0 \u00a0118 6.3.\u00a0\u00a0 \u00a0Determinaci\u00f3n de la filiaci\u00f3n\u00a0\u00a0 \u00a0\u00a0\u00a0 \u00a0120 6.4.\u00a0\u00a0 \u00a0Reconocimiento voluntario\u00a0\u00a0 \u00a0\u00a0\u00a0 \u00a0124 6.5.\u00a0\u00a0 \u00a0Acciones de filiaci\u00f3n\u00a0\u00a0 \u00a0\u00a0\u00a0 \u00a0126 6.6.\u00a0\u00a0 \u00a0Prueba de la filiaci\u00f3n\u00a0\u00a0 \u00a0\u00a0\u00a0 \u00a0127 6.7.\u00a0\u00a0 \u00a0Acciones de reclamaci\u00f3n de filiaci\u00f3n\u00a0\u00a0 \u00a0\u00a0\u00a0 \u00a0128 6.8.\u00a0\u00a0 \u00a0Acci\u00f3n de impugnaci\u00f3n de filiaci\u00f3n\u00a0\u00a0 \u00a0\u00a0\u00a0 \u00a0130 6.9.\u00a0\u00a0 \u00a0Efectos de la filiaci\u00f3n\u00a0\u00a0 \u00a0\u00a0\u00a0 \u00a0132 6.10.\u00a0\u00a0 \u00a0Esquema procesal demanda de filiaci\u00f3n\u00a0\u00a0 \u00a0\u00a0\u00a0 \u00a0134 6.11.\u00a0\u00a0 \u00a0Patria potestad particularidades\u00a0\u00a0 \u00a0\u00a0\u00a0 \u00a0136 6.12.\u00a0\u00a0 \u00a0Derecho de alimentos\u00a0\u00a0 \u00a0\u00a0\u00a0 \u00a0138 6.12.1.\u00a0\u00a0 \u00a0Aspectos generales\u00a0\u00a0 \u00a0\u00a0\u00a0 \u00a0138 6.12.2.\u00a0\u00a0 \u00a0Requisitos del derecho de alimentos\u00a0\u00a0 \u00a0\u00a0\u00a0 \u00a0139 6.12.3.\u00a0\u00a0 \u00a0Titulares del derecho de alimentos\u00a0\u00a0 \u00a0\u00a0\u00a0 \u00a0140 6.12.4.\u00a0\u00a0 \u00a0Aspectos procedimentales\u00a0\u00a0 \u00a0\u00a0\u00a0 \u00a0141 6.12.5.\u00a0\u00a0 \u00a0REGISTRO NACIONAL DE DEUDORES DE ALIMENTOS\u00a0\u00a0 \u00a0\u00a0\u00a0 \u00a0144 7.VIOLENCIA INTRAFAMILIAR 7.1.\u00a0\u00a0 \u00a0INTRODUCCI\u00d3N\u00a0\u00a0 \u00a0\u00a0\u00a0 \u00a0149 7.2.\u00a0\u00a0 \u00a0VIOLENCIA INTRAFAMILIAR\u00a0\u00a0 \u00a0\u00a0\u00a0 \u00a0150 7.3.\u00a0\u00a0 \u00a0ESQUEMA PROCEDIMIENTO VIOLENCIA INTRAFAMILIAR\u00a0\u00a0 \u00a0\u00a0\u00a0 \u00a0153 8. Acuerdo de Uni\u00f3n Civil 8.1.\u00a0\u00a0 \u00a0Requisitos de existencia y validez\u00a0\u00a0 \u00a0\u00a0\u00a0 \u00a0161 8.2.\u00a0\u00a0 \u00a0Solemnidades que establece la ley N\u00ba 20.830 para acuerdos celebrados en Chile\u00a0\u00a0 \u00a0\u00a0\u00a0 \u00a0163 8.3.\u00a0\u00a0 \u00a0Solemnidades que establece la Ley N\u00ba 20.830 para acuerdos celebrados en el extranjero\u00a0\u00a0 \u00a0\u00a0\u00a0 \u00a0164 8.4.\u00a0\u00a0 \u00a0Extinci\u00f3n del acuerdo de uni\u00f3n civil\u00a0\u00a0 \u00a0\u00a0\u00a0 \u00a0166 8.5.\u00a0\u00a0 \u00a0Efectos del acuerdo de uni\u00f3n civil\u00a0\u00a0 \u00a0\u00a0\u00a0 \u00a0167<\/p>\n","protected":false},"featured_media":3724,"comment_status":"open","ping_status":"closed","template":"","meta":{"inline_featured_image":false,"_joinchat":[]},"product_brand":[],"product_cat":[27],"product_tag":[],"class_list":{"0":"post-3694","1":"product","2":"type-product","3":"status-publish","4":"has-post-thumbnail","6":"product_cat-civil","7":"product_shipping_class-a-convenir","9":"first","10":"instock","11":"shipping-taxable","12":"purchasable","13":"product-type-simple"},"_links":{"self":[{"href":"https:\/\/bibliotecajuridicavirtual.cl\/index.php\/wp-json\/wp\/v2\/product\/3694","targetHints":{"allow":["GET"]}}],"collection":[{"href":"https:\/\/bibliotecajuridicavirtual.cl\/index.php\/wp-json\/wp\/v2\/product"}],"about":[{"href":"https:\/\/bibliotecajuridicavirtual.cl\/index.php\/wp-json\/wp\/v2\/types\/product"}],"replies":[{"embeddable":true,"href":"https:\/\/bibliotecajuridicavirtual.cl\/index.php\/wp-json\/wp\/v2\/comments?post=3694"}],"wp:featuredmedia":[{"embeddable":true,"href":"https:\/\/bibliotecajuridicavirtual.cl\/index.php\/wp-json\/wp\/v2\/media\/3724"}],"wp:attachment":[{"href":"https:\/\/bibliotecajuridicavirtual.cl\/index.php\/wp-json\/wp\/v2\/media?parent=3694"}],"wp:term":[{"taxonomy":"product_brand","embeddable":true,"href":"https:\/\/bibliotecajuridicavirtual.cl\/index.php\/wp-json\/wp\/v2\/product_brand?post=3694"},{"taxonomy":"product_cat","embeddable":true,"href":"https:\/\/bibliotecajuridicavirtual.cl\/index.php\/wp-json\/wp\/v2\/product_cat?post=3694"},{"taxonomy":"product_tag","embeddable":true,"href":"https:\/\/bibliotecajuridicavirtual.cl\/index.php\/wp-json\/wp\/v2\/product_tag?post=3694"}],"curies":[{"name":"wp","href":"https:\/\/api.w.org\/{rel}","templated":true}]}}