{"id":3697,"date":"2026-02-28T01:19:42","date_gmt":"2026-02-28T04:19:42","guid":{"rendered":"https:\/\/bibliotecajuridicavirtual.cl\/?post_type=product&#038;p=3697"},"modified":"2026-02-28T01:19:55","modified_gmt":"2026-02-28T04:19:55","slug":"esquemas-de-derecho-penal-chileno-parte-general-tomo-i-principios-fundamentales-del-derecho-penal-y-de-la-pena-ano-2022-196-pag-autor-valeska-fuentealba-sepulveda","status":"publish","type":"product","link":"https:\/\/bibliotecajuridicavirtual.cl\/index.php\/product\/esquemas-de-derecho-penal-chileno-parte-general-tomo-i-principios-fundamentales-del-derecho-penal-y-de-la-pena-ano-2022-196-pag-autor-valeska-fuentealba-sepulveda\/","title":{"rendered":"Esquemas de Derecho Penal Chileno: Parte general Tomo I: Principios fundamentales del Derecho Penal y de la pena. A\u00f1o 2022 \/ 196 P\u00e1g. Autor Valeska Fuentealba Sep\u00falveda"},"content":{"rendered":"<p>Esquemas de Derecho Penal Chileno: Parte general Tomo I:\u00a0<strong>Principios fundamentales del Derecho Penal y de la pena.<\/strong><\/p>\n<p>\u00cdndice<br \/>\nPresentaci\u00f3n\u00a0\u00a0 \u00a0\u00a0\u00a0 \u00a011<br \/>\nAgradecimientos\u00a0\u00a0 \u00a0\u00a0\u00a0 \u00a013<br \/>\nCap\u00edtulo I<br \/>\nBASES FUNDAMENTALES DEL DERECHO PENAL Y DEL PODER PUNITIVO<br \/>\n1.\u00a0\u00a0 \u00a0Derecho Penal y Poder Punitivo\u00a0\u00a0 \u00a0\u00a0\u00a0 \u00a017<br \/>\n2.\u00a0\u00a0 \u00a0Concepto de Derecho Penal\u00a0\u00a0 \u00a0\u00a0\u00a0 \u00a020<br \/>\n3.\u00a0\u00a0 \u00a0Derecho Penal objetivo\u00a0\u00a0 \u00a0\u00a0\u00a0 \u00a022<br \/>\n4.\u00a0\u00a0 \u00a0Derecho Penal subjetivo\u00a0\u00a0 \u00a0\u00a0\u00a0 \u00a037<br \/>\n5.\u00a0\u00a0 \u00a0Ciencias Penales\u00a0\u00a0 \u00a0\u00a0\u00a0 \u00a039<br \/>\n6.\u00a0\u00a0 \u00a0Funci\u00f3n del Derecho Penal\u00a0\u00a0 \u00a0\u00a0\u00a0 \u00a041<br \/>\n7.\u00a0\u00a0 \u00a0Consecuencias jur\u00eddico-penales\u00a0\u00a0 \u00a0\u00a0\u00a0 \u00a044<br \/>\n8.\u00a0\u00a0 \u00a0Fines de la pena\u00a0\u00a0 \u00a0\u00a0\u00a0 \u00a045<br \/>\n9.\u00a0\u00a0 \u00a0Norma jur\u00eddico-penal\u00a0\u00a0 \u00a0\u00a0\u00a0 \u00a047<br \/>\n10.\u00a0\u00a0 \u00a0Concepto de bien jur\u00eddico\u00a0\u00a0 \u00a0\u00a0\u00a0 \u00a049<br \/>\n11.\u00a0\u00a0 \u00a0Concepto de delito\u00a0\u00a0 \u00a0\u00a0\u00a0 \u00a052<br \/>\nCap\u00edtulo II<br \/>\nLEGITIMIDAD DEL DERECHO PENAL: PRINCIPIOS Y L\u00cdMITES<br \/>\n1.\u00a0\u00a0 \u00a0Introducci\u00f3n\u00a0\u00a0 \u00a0\u00a0\u00a0 \u00a059<br \/>\n2.\u00a0\u00a0 \u00a0Principio de legalidad\u00a0\u00a0 \u00a0\u00a0\u00a0 \u00a063<br \/>\nA.\u00a0\u00a0 \u00a0Concepto\u00a0\u00a0 \u00a0\u00a0\u00a0 \u00a063<br \/>\nB.\u00a0\u00a0 \u00a0Manifestaciones\u00a0\u00a0 \u00a0\u00a0\u00a0 \u00a064<br \/>\nC.\u00a0\u00a0 \u00a0Caracter\u00edsticas de la ley penal\u00a0\u00a0 \u00a0\u00a0\u00a0 \u00a066<br \/>\nD.\u00a0\u00a0 \u00a0Consagraci\u00f3n normativa\u00a0\u00a0 \u00a0\u00a0\u00a0 \u00a067<br \/>\nE.\u00a0\u00a0 \u00a0Ley como \u00fanica fuente inmediata\u00a0\u00a0 \u00a0\u00a0\u00a0 \u00a070<br \/>\nF.\u00a0\u00a0 \u00a0Fuentes mediatas\u00a0\u00a0 \u00a0\u00a0\u00a0 \u00a073<br \/>\nG.\u00a0\u00a0 \u00a0Estructura de la ley penal\u00a0\u00a0 \u00a0\u00a0\u00a0 \u00a074<br \/>\nH.\u00a0\u00a0 \u00a0Analog\u00eda\u00a0\u00a0 \u00a0\u00a0\u00a0 \u00a076<br \/>\nI.\u00a0\u00a0 \u00a0Leyes penales en blanco\u00a0\u00a0 \u00a0\u00a0\u00a0 \u00a077<br \/>\n3.\u00a0\u00a0 \u00a0L\u00edmites materiales\u00a0\u00a0 \u00a0\u00a0\u00a0 \u00a080<br \/>\nA.\u00a0\u00a0 \u00a0Principio de intervenci\u00f3n m\u00ednima\u00a0\u00a0 \u00a0\u00a0\u00a0 \u00a080<br \/>\nB.\u00a0\u00a0 \u00a0Principio de exclusiva protecci\u00f3n de bienes jur\u00eddico-penales o de lesividad\u00a0\u00a0 \u00a0\u00a0\u00a0 \u00a083<br \/>\nC.\u00a0\u00a0 \u00a0Principio de humanidad\u00a0\u00a0 \u00a0\u00a0\u00a0 \u00a085<br \/>\nD.\u00a0\u00a0 \u00a0Principio de culpabilidad\u00a0\u00a0 \u00a0\u00a0\u00a0 \u00a086<br \/>\nE.\u00a0\u00a0 \u00a0Principio de proporcionalidad\u00a0\u00a0 \u00a0\u00a0\u00a0 \u00a089<br \/>\nF.\u00a0\u00a0 \u00a0Principio de resocializaci\u00f3n\u00a0\u00a0 \u00a0\u00a0\u00a0 \u00a090<br \/>\nCap\u00edtulo III<br \/>\nTEOR\u00cdA DE LA LEY PENAL<br \/>\n1.\u00a0\u00a0 \u00a0Fuentes del Derecho Penal\u00a0\u00a0 \u00a0\u00a0\u00a0 \u00a095<br \/>\n2.\u00a0\u00a0 \u00a0Interpretaci\u00f3n de la ley penal\u00a0\u00a0 \u00a0\u00a0\u00a0 \u00a099<br \/>\n3.\u00a0\u00a0 \u00a0M\u00e9todos de interpretaci\u00f3n de la ley penal\u00a0\u00a0 \u00a0\u00a0\u00a0 \u00a0101<br \/>\n4.\u00a0\u00a0 \u00a0Efectos de la ley penal\u00a0\u00a0 \u00a0\u00a0\u00a0 \u00a0108<br \/>\n5.\u00a0\u00a0 \u00a0Efectos de la ley en cuanto al tiempo\u00a0\u00a0 \u00a0\u00a0\u00a0 \u00a0109<br \/>\nA.\u00a0\u00a0 \u00a0Principio de irretroactividad de la ley penal\u00a0\u00a0 \u00a0\u00a0\u00a0 \u00a0109<br \/>\nB.\u00a0\u00a0 \u00a0Aplicaci\u00f3n retroactiva de la ley penal\u00a0\u00a0 \u00a0\u00a0\u00a0 \u00a0110<br \/>\nC.\u00a0\u00a0 \u00a0Leyes penales intermedias\u00a0\u00a0 \u00a0\u00a0\u00a0 \u00a0113<br \/>\nD.\u00a0\u00a0 \u00a0Leyes temporales\u00a0\u00a0 \u00a0\u00a0\u00a0 \u00a0114<br \/>\n6.\u00a0\u00a0 \u00a0Efectos de la ley en cuanto al territorio\u00a0\u00a0 \u00a0\u00a0\u00a0 \u00a0116<br \/>\nA.\u00a0\u00a0 \u00a0Principio de territorialidad como regla general\u00a0\u00a0 \u00a0\u00a0\u00a0 \u00a0117<br \/>\nB.\u00a0\u00a0 \u00a0Excepciones al principio de territorialidad\u00a0\u00a0 \u00a0\u00a0\u00a0 \u00a0118<br \/>\nC.\u00a0\u00a0 \u00a0Extradici\u00f3n\u00a0\u00a0 \u00a0\u00a0\u00a0 \u00a0119<br \/>\n7.\u00a0\u00a0 \u00a0Efectos de la ley en cuanto a las personas\u00a0\u00a0 \u00a0\u00a0\u00a0 \u00a0121<br \/>\nCap\u00edtulo IV<br \/>\nTEOR\u00cdA DE LA PENA Y CONSECUENCIAS JUR\u00cdDICAS DEL DELITO<br \/>\n1.\u00a0\u00a0 \u00a0Introducci\u00f3n\u00a0\u00a0 \u00a0\u00a0\u00a0 \u00a0127<br \/>\n2.\u00a0\u00a0 \u00a0Clasificaci\u00f3n de las penas\u00a0\u00a0 \u00a0\u00a0\u00a0 \u00a0129<br \/>\n3.\u00a0\u00a0 \u00a0Atendida su naturaleza\u00a0\u00a0 \u00a0\u00a0\u00a0 \u00a0130<br \/>\n4.\u00a0\u00a0 \u00a0Penas privativas de libertad\u00a0\u00a0 \u00a0\u00a0\u00a0 \u00a0131<br \/>\n5.\u00a0\u00a0 \u00a0Penas restrictivas de libertad\u00a0\u00a0 \u00a0\u00a0\u00a0 \u00a0136<br \/>\n6.\u00a0\u00a0 \u00a0Penas privativas de otros derechos\u00a0\u00a0 \u00a0\u00a0\u00a0 \u00a0137<br \/>\n7.\u00a0\u00a0 \u00a0Penas pecuniarias\u00a0\u00a0 \u00a0\u00a0\u00a0 \u00a0139<br \/>\n8.\u00a0\u00a0 \u00a0Penas corporales\u00a0\u00a0 \u00a0\u00a0\u00a0 \u00a0141<br \/>\n9.\u00a0\u00a0 \u00a0Atendida la autonom\u00eda de la pena\u00a0\u00a0 \u00a0\u00a0\u00a0 \u00a0142<br \/>\n10.\u00a0\u00a0 \u00a0Atendida el n\u00famero de sanciones\u00a0\u00a0 \u00a0\u00a0\u00a0 \u00a0143<br \/>\n11.\u00a0\u00a0 \u00a0Medidas de seguridad\u00a0\u00a0 \u00a0\u00a0\u00a0 \u00a0145<br \/>\n12.\u00a0\u00a0 \u00a0La responsabilidad penal\u00a0\u00a0 \u00a0\u00a0\u00a0 \u00a0147<br \/>\n13.\u00a0\u00a0 \u00a0La punibilidad\u00a0\u00a0 \u00a0\u00a0\u00a0 \u00a0149<br \/>\nCap\u00edtulo V<br \/>\nDETERMINACI\u00d3N DE LA PENA<br \/>\n1.\u00a0\u00a0 \u00a0Proceso de determinaci\u00f3n de la pena\u00a0\u00a0 \u00a0\u00a0\u00a0 \u00a0157<br \/>\n2.\u00a0\u00a0 \u00a0Principios generales que rigen el proceso\u00a0\u00a0 \u00a0\u00a0\u00a0 \u00a0158<br \/>\n3.\u00a0\u00a0 \u00a0Reglas para la aplicaci\u00f3n del sistema\u00a0\u00a0 \u00a0\u00a0\u00a0 \u00a0159<br \/>\nCap\u00edtulo VI<br \/>\nEJECUCI\u00d3N DE PENAS Y EXTINCI\u00d3N DE LA RESPONSABILIDAD PENAL<br \/>\n1.\u00a0\u00a0 \u00a0Ejecuci\u00f3n de penas\u00a0\u00a0 \u00a0\u00a0\u00a0 \u00a0171<br \/>\n2.\u00a0\u00a0 \u00a0Penas sustitutivas\u00a0\u00a0 \u00a0\u00a0\u00a0 \u00a0173<br \/>\nA.\u00a0\u00a0 \u00a0Remisi\u00f3n condicional de la pena (art\u00edculo 4 Ley 18.216)\u00a0\u00a0 \u00a0\u00a0\u00a0 \u00a0174<br \/>\nB.\u00a0\u00a0 \u00a0Reclusi\u00f3n parcial (art\u00edculo 7 de la Ley 18.216)\u00a0\u00a0 \u00a0\u00a0\u00a0 \u00a0175<br \/>\nC.\u00a0\u00a0 \u00a0Libertad vigilada y libertad vigilada intensiva\u00a0\u00a0 \u00a0\u00a0\u00a0 \u00a0177<br \/>\nD.\u00a0\u00a0 \u00a0Libertad vigilada intensiva\u00a0\u00a0 \u00a0\u00a0\u00a0 \u00a0178<br \/>\nE.\u00a0\u00a0 \u00a0Expulsi\u00f3n\u00a0\u00a0 \u00a0\u00a0\u00a0 \u00a0179<br \/>\nF.\u00a0\u00a0 \u00a0Prestaci\u00f3n de servicio en beneficio de la comunidad\u00a0\u00a0 \u00a0\u00a0\u00a0 \u00a0180<br \/>\n3.\u00a0\u00a0 \u00a0Extinci\u00f3n de la responsabilidad penal\u00a0\u00a0 \u00a0\u00a0\u00a0 \u00a0181<br \/>\n4.\u00a0\u00a0 \u00a0Aquellas fundadas en un hecho (natural o del hombre)\u00a0\u00a0 \u00a0\u00a0\u00a0 \u00a0184<br \/>\nA.\u00a0\u00a0 \u00a0Amnist\u00eda\u00a0\u00a0 \u00a0\u00a0\u00a0 \u00a0184<br \/>\nB.\u00a0\u00a0 \u00a0Indulto\u00a0\u00a0 \u00a0\u00a0\u00a0 \u00a0185<br \/>\nC.\u00a0\u00a0 \u00a0Perd\u00f3n del ofendido\u00a0\u00a0 \u00a0\u00a0\u00a0 \u00a0186<br \/>\n5.\u00a0\u00a0 \u00a0Aquellas fundadas en un acto de voluntad\u00a0\u00a0 \u00a0\u00a0\u00a0 \u00a0189<br \/>\nA.\u00a0\u00a0 \u00a0Amnist\u00eda\u00a0\u00a0 \u00a0\u00a0\u00a0 \u00a0189<br \/>\nB.\u00a0\u00a0 \u00a0Indulto\u00a0\u00a0 \u00a0\u00a0\u00a0 \u00a0191<br \/>\nC.\u00a0\u00a0 \u00a0Perd\u00f3n del ofendido\u00a0\u00a0 \u00a0\u00a0\u00a0 \u00a0193<\/p>\n","protected":false},"excerpt":{"rendered":"<p>Esquemas de Derecho Penal Chileno: Parte general Tomo I:\u00a0Principios fundamentales del Derecho Penal y de la pena. \u00cdndice Presentaci\u00f3n\u00a0\u00a0 \u00a0\u00a0\u00a0 \u00a011 Agradecimientos\u00a0\u00a0 \u00a0\u00a0\u00a0 \u00a013 Cap\u00edtulo I BASES FUNDAMENTALES DEL DERECHO PENAL Y DEL PODER PUNITIVO 1.\u00a0\u00a0 \u00a0Derecho Penal y Poder Punitivo\u00a0\u00a0 \u00a0\u00a0\u00a0 \u00a017 2.\u00a0\u00a0 \u00a0Concepto de Derecho Penal\u00a0\u00a0 \u00a0\u00a0\u00a0 \u00a020 3.\u00a0\u00a0 \u00a0Derecho Penal objetivo\u00a0\u00a0 \u00a0\u00a0\u00a0 \u00a022 4.\u00a0\u00a0 \u00a0Derecho Penal subjetivo\u00a0\u00a0 \u00a0\u00a0\u00a0 \u00a037 5.\u00a0\u00a0 \u00a0Ciencias Penales\u00a0\u00a0 \u00a0\u00a0\u00a0 \u00a039 6.\u00a0\u00a0 \u00a0Funci\u00f3n del Derecho Penal\u00a0\u00a0 \u00a0\u00a0\u00a0 \u00a041 7.\u00a0\u00a0 \u00a0Consecuencias jur\u00eddico-penales\u00a0\u00a0 \u00a0\u00a0\u00a0 \u00a044 8.\u00a0\u00a0 \u00a0Fines de la pena\u00a0\u00a0 \u00a0\u00a0\u00a0 \u00a045 9.\u00a0\u00a0 \u00a0Norma jur\u00eddico-penal\u00a0\u00a0 \u00a0\u00a0\u00a0 \u00a047 10.\u00a0\u00a0 \u00a0Concepto de bien jur\u00eddico\u00a0\u00a0 \u00a0\u00a0\u00a0 \u00a049 11.\u00a0\u00a0 \u00a0Concepto de delito\u00a0\u00a0 \u00a0\u00a0\u00a0 \u00a052 Cap\u00edtulo II LEGITIMIDAD DEL DERECHO PENAL: PRINCIPIOS Y L\u00cdMITES 1.\u00a0\u00a0 \u00a0Introducci\u00f3n\u00a0\u00a0 \u00a0\u00a0\u00a0 \u00a059 2.\u00a0\u00a0 \u00a0Principio de legalidad\u00a0\u00a0 \u00a0\u00a0\u00a0 \u00a063 A.\u00a0\u00a0 \u00a0Concepto\u00a0\u00a0 \u00a0\u00a0\u00a0 \u00a063 B.\u00a0\u00a0 \u00a0Manifestaciones\u00a0\u00a0 \u00a0\u00a0\u00a0 \u00a064 C.\u00a0\u00a0 \u00a0Caracter\u00edsticas de la ley penal\u00a0\u00a0 \u00a0\u00a0\u00a0 \u00a066 D.\u00a0\u00a0 \u00a0Consagraci\u00f3n normativa\u00a0\u00a0 \u00a0\u00a0\u00a0 \u00a067 E.\u00a0\u00a0 \u00a0Ley como \u00fanica fuente inmediata\u00a0\u00a0 \u00a0\u00a0\u00a0 \u00a070 F.\u00a0\u00a0 \u00a0Fuentes mediatas\u00a0\u00a0 \u00a0\u00a0\u00a0 \u00a073 G.\u00a0\u00a0 \u00a0Estructura de la ley penal\u00a0\u00a0 \u00a0\u00a0\u00a0 \u00a074 H.\u00a0\u00a0 \u00a0Analog\u00eda\u00a0\u00a0 \u00a0\u00a0\u00a0 \u00a076 I.\u00a0\u00a0 \u00a0Leyes penales en blanco\u00a0\u00a0 \u00a0\u00a0\u00a0 \u00a077 3.\u00a0\u00a0 \u00a0L\u00edmites materiales\u00a0\u00a0 \u00a0\u00a0\u00a0 \u00a080 A.\u00a0\u00a0 \u00a0Principio de intervenci\u00f3n m\u00ednima\u00a0\u00a0 \u00a0\u00a0\u00a0 \u00a080 B.\u00a0\u00a0 \u00a0Principio de exclusiva protecci\u00f3n de bienes jur\u00eddico-penales o de lesividad\u00a0\u00a0 \u00a0\u00a0\u00a0 \u00a083 C.\u00a0\u00a0 \u00a0Principio de humanidad\u00a0\u00a0 \u00a0\u00a0\u00a0 \u00a085 D.\u00a0\u00a0 \u00a0Principio de culpabilidad\u00a0\u00a0 \u00a0\u00a0\u00a0 \u00a086 E.\u00a0\u00a0 \u00a0Principio de proporcionalidad\u00a0\u00a0 \u00a0\u00a0\u00a0 \u00a089 F.\u00a0\u00a0 \u00a0Principio de resocializaci\u00f3n\u00a0\u00a0 \u00a0\u00a0\u00a0 \u00a090 Cap\u00edtulo III TEOR\u00cdA DE LA LEY PENAL 1.\u00a0\u00a0 \u00a0Fuentes del Derecho Penal\u00a0\u00a0 \u00a0\u00a0\u00a0 \u00a095 2.\u00a0\u00a0 \u00a0Interpretaci\u00f3n de la ley penal\u00a0\u00a0 \u00a0\u00a0\u00a0 \u00a099 3.\u00a0\u00a0 \u00a0M\u00e9todos de interpretaci\u00f3n de la ley penal\u00a0\u00a0 \u00a0\u00a0\u00a0 \u00a0101 4.\u00a0\u00a0 \u00a0Efectos de la ley penal\u00a0\u00a0 \u00a0\u00a0\u00a0 \u00a0108 5.\u00a0\u00a0 \u00a0Efectos de la ley en cuanto al tiempo\u00a0\u00a0 \u00a0\u00a0\u00a0 \u00a0109 A.\u00a0\u00a0 \u00a0Principio de irretroactividad de la ley penal\u00a0\u00a0 \u00a0\u00a0\u00a0 \u00a0109 B.\u00a0\u00a0 \u00a0Aplicaci\u00f3n retroactiva de la ley penal\u00a0\u00a0 \u00a0\u00a0\u00a0 \u00a0110 C.\u00a0\u00a0 \u00a0Leyes penales intermedias\u00a0\u00a0 \u00a0\u00a0\u00a0 \u00a0113 D.\u00a0\u00a0 \u00a0Leyes temporales\u00a0\u00a0 \u00a0\u00a0\u00a0 \u00a0114 6.\u00a0\u00a0 \u00a0Efectos de la ley en cuanto al territorio\u00a0\u00a0 \u00a0\u00a0\u00a0 \u00a0116 A.\u00a0\u00a0 \u00a0Principio de territorialidad como regla general\u00a0\u00a0 \u00a0\u00a0\u00a0 \u00a0117 B.\u00a0\u00a0 \u00a0Excepciones al principio de territorialidad\u00a0\u00a0 \u00a0\u00a0\u00a0 \u00a0118 C.\u00a0\u00a0 \u00a0Extradici\u00f3n\u00a0\u00a0 \u00a0\u00a0\u00a0 \u00a0119 7.\u00a0\u00a0 \u00a0Efectos de la ley en cuanto a las personas\u00a0\u00a0 \u00a0\u00a0\u00a0 \u00a0121 Cap\u00edtulo IV TEOR\u00cdA DE LA PENA Y CONSECUENCIAS JUR\u00cdDICAS DEL DELITO 1.\u00a0\u00a0 \u00a0Introducci\u00f3n\u00a0\u00a0 \u00a0\u00a0\u00a0 \u00a0127 2.\u00a0\u00a0 \u00a0Clasificaci\u00f3n de las penas\u00a0\u00a0 \u00a0\u00a0\u00a0 \u00a0129 3.\u00a0\u00a0 \u00a0Atendida su naturaleza\u00a0\u00a0 \u00a0\u00a0\u00a0 \u00a0130 4.\u00a0\u00a0 \u00a0Penas privativas de libertad\u00a0\u00a0 \u00a0\u00a0\u00a0 \u00a0131 5.\u00a0\u00a0 \u00a0Penas restrictivas de libertad\u00a0\u00a0 \u00a0\u00a0\u00a0 \u00a0136 6.\u00a0\u00a0 \u00a0Penas privativas de otros derechos\u00a0\u00a0 \u00a0\u00a0\u00a0 \u00a0137 7.\u00a0\u00a0 \u00a0Penas pecuniarias\u00a0\u00a0 \u00a0\u00a0\u00a0 \u00a0139 8.\u00a0\u00a0 \u00a0Penas corporales\u00a0\u00a0 \u00a0\u00a0\u00a0 \u00a0141 9.\u00a0\u00a0 \u00a0Atendida la autonom\u00eda de la pena\u00a0\u00a0 \u00a0\u00a0\u00a0 \u00a0142 10.\u00a0\u00a0 \u00a0Atendida el n\u00famero de sanciones\u00a0\u00a0 \u00a0\u00a0\u00a0 \u00a0143 11.\u00a0\u00a0 \u00a0Medidas de seguridad\u00a0\u00a0 \u00a0\u00a0\u00a0 \u00a0145 12.\u00a0\u00a0 \u00a0La responsabilidad penal\u00a0\u00a0 \u00a0\u00a0\u00a0 \u00a0147 13.\u00a0\u00a0 \u00a0La punibilidad\u00a0\u00a0 \u00a0\u00a0\u00a0 \u00a0149 Cap\u00edtulo V DETERMINACI\u00d3N DE LA PENA 1.\u00a0\u00a0 \u00a0Proceso de determinaci\u00f3n de la pena\u00a0\u00a0 \u00a0\u00a0\u00a0 \u00a0157 2.\u00a0\u00a0 \u00a0Principios generales que rigen el proceso\u00a0\u00a0 \u00a0\u00a0\u00a0 \u00a0158 3.\u00a0\u00a0 \u00a0Reglas para la aplicaci\u00f3n del sistema\u00a0\u00a0 \u00a0\u00a0\u00a0 \u00a0159 Cap\u00edtulo VI EJECUCI\u00d3N DE PENAS Y EXTINCI\u00d3N DE LA RESPONSABILIDAD PENAL 1.\u00a0\u00a0 \u00a0Ejecuci\u00f3n de penas\u00a0\u00a0 \u00a0\u00a0\u00a0 \u00a0171 2.\u00a0\u00a0 \u00a0Penas sustitutivas\u00a0\u00a0 \u00a0\u00a0\u00a0 \u00a0173 A.\u00a0\u00a0 \u00a0Remisi\u00f3n condicional de la pena (art\u00edculo 4 Ley 18.216)\u00a0\u00a0 \u00a0\u00a0\u00a0 \u00a0174 B.\u00a0\u00a0 \u00a0Reclusi\u00f3n parcial (art\u00edculo 7 de la Ley 18.216)\u00a0\u00a0 \u00a0\u00a0\u00a0 \u00a0175 C.\u00a0\u00a0 \u00a0Libertad vigilada y libertad vigilada intensiva\u00a0\u00a0 \u00a0\u00a0\u00a0 \u00a0177 D.\u00a0\u00a0 \u00a0Libertad vigilada intensiva\u00a0\u00a0 \u00a0\u00a0\u00a0 \u00a0178 E.\u00a0\u00a0 \u00a0Expulsi\u00f3n\u00a0\u00a0 \u00a0\u00a0\u00a0 \u00a0179 F.\u00a0\u00a0 \u00a0Prestaci\u00f3n de servicio en beneficio de la comunidad\u00a0\u00a0 \u00a0\u00a0\u00a0 \u00a0180 3.\u00a0\u00a0 \u00a0Extinci\u00f3n de la responsabilidad penal\u00a0\u00a0 \u00a0\u00a0\u00a0 \u00a0181 4.\u00a0\u00a0 \u00a0Aquellas fundadas en un hecho (natural o del hombre)\u00a0\u00a0 \u00a0\u00a0\u00a0 \u00a0184 A.\u00a0\u00a0 \u00a0Amnist\u00eda\u00a0\u00a0 \u00a0\u00a0\u00a0 \u00a0184 B.\u00a0\u00a0 \u00a0Indulto\u00a0\u00a0 \u00a0\u00a0\u00a0 \u00a0185 C.\u00a0\u00a0 \u00a0Perd\u00f3n del ofendido\u00a0\u00a0 \u00a0\u00a0\u00a0 \u00a0186 5.\u00a0\u00a0 \u00a0Aquellas fundadas en un acto de voluntad\u00a0\u00a0 \u00a0\u00a0\u00a0 \u00a0189 A.\u00a0\u00a0 \u00a0Amnist\u00eda\u00a0\u00a0 \u00a0\u00a0\u00a0 \u00a0189 B.\u00a0\u00a0 \u00a0Indulto\u00a0\u00a0 \u00a0\u00a0\u00a0 \u00a0191 C.\u00a0\u00a0 \u00a0Perd\u00f3n del ofendido\u00a0\u00a0 \u00a0\u00a0\u00a0 \u00a0193<\/p>\n","protected":false},"featured_media":3727,"comment_status":"open","ping_status":"closed","template":"","meta":{"inline_featured_image":false,"_joinchat":[]},"product_brand":[],"product_cat":[30],"product_tag":[],"class_list":{"0":"post-3697","1":"product","2":"type-product","3":"status-publish","4":"has-post-thumbnail","6":"product_cat-penal","7":"product_shipping_class-a-convenir","9":"first","10":"instock","11":"shipping-taxable","12":"purchasable","13":"product-type-simple"},"_links":{"self":[{"href":"https:\/\/bibliotecajuridicavirtual.cl\/index.php\/wp-json\/wp\/v2\/product\/3697","targetHints":{"allow":["GET"]}}],"collection":[{"href":"https:\/\/bibliotecajuridicavirtual.cl\/index.php\/wp-json\/wp\/v2\/product"}],"about":[{"href":"https:\/\/bibliotecajuridicavirtual.cl\/index.php\/wp-json\/wp\/v2\/types\/product"}],"replies":[{"embeddable":true,"href":"https:\/\/bibliotecajuridicavirtual.cl\/index.php\/wp-json\/wp\/v2\/comments?post=3697"}],"wp:featuredmedia":[{"embeddable":true,"href":"https:\/\/bibliotecajuridicavirtual.cl\/index.php\/wp-json\/wp\/v2\/media\/3727"}],"wp:attachment":[{"href":"https:\/\/bibliotecajuridicavirtual.cl\/index.php\/wp-json\/wp\/v2\/media?parent=3697"}],"wp:term":[{"taxonomy":"product_brand","embeddable":true,"href":"https:\/\/bibliotecajuridicavirtual.cl\/index.php\/wp-json\/wp\/v2\/product_brand?post=3697"},{"taxonomy":"product_cat","embeddable":true,"href":"https:\/\/bibliotecajuridicavirtual.cl\/index.php\/wp-json\/wp\/v2\/product_cat?post=3697"},{"taxonomy":"product_tag","embeddable":true,"href":"https:\/\/bibliotecajuridicavirtual.cl\/index.php\/wp-json\/wp\/v2\/product_tag?post=3697"}],"curies":[{"name":"wp","href":"https:\/\/api.w.org\/{rel}","templated":true}]}}