{"id":3698,"date":"2026-02-28T01:19:42","date_gmt":"2026-02-28T04:19:42","guid":{"rendered":"https:\/\/bibliotecajuridicavirtual.cl\/?post_type=product&#038;p=3698"},"modified":"2026-02-28T01:19:55","modified_gmt":"2026-02-28T04:19:55","slug":"esquemas-de-derecho-penal-chileno-parte-general-tomo-ii-ano-2022-250-pag-autor-valeska-fuentealba-sepulveda","status":"publish","type":"product","link":"https:\/\/bibliotecajuridicavirtual.cl\/index.php\/product\/esquemas-de-derecho-penal-chileno-parte-general-tomo-ii-ano-2022-250-pag-autor-valeska-fuentealba-sepulveda\/","title":{"rendered":"Esquemas de DERECHO PENAL CHILENO: Parte general Tomo II. A\u00f1o 2022\/ 250 P\u00e1g. Autor Valeska Fuentealba Sep\u00falveda"},"content":{"rendered":"<p>Esquemas de DERECHO PENAL CHILENO: Parte general Tomo II<\/p>\n<p>&nbsp;<\/p>\n<p>\u00cdndice<br \/>\nPresentaci\u00f3n\u00a0\u00a0 \u00a0\u00a0\u00a0 \u00a013<br \/>\nAgradecimientos\u00a0\u00a0 \u00a0\u00a0\u00a0 \u00a015<br \/>\nCap\u00edtulo I<br \/>\nGeneralidades del delito y la conducta<br \/>\n1.\u00a0\u00a0 \u00a0El concepto de delito\u00a0\u00a0 \u00a0\u00a0\u00a0 \u00a019<br \/>\n2.\u00a0\u00a0 \u00a0Sujetos y objetos del delito\u00a0\u00a0 \u00a0\u00a0\u00a0 \u00a027<br \/>\n3.\u00a0\u00a0 \u00a0Clasificaci\u00f3n de los delitos\u00a0\u00a0 \u00a0\u00a0\u00a0 \u00a032<br \/>\n4.\u00a0\u00a0 \u00a0La acci\u00f3n\u00a0\u00a0 \u00a0\u00a0\u00a0 \u00a038<br \/>\n5.\u00a0\u00a0 \u00a0La ausencia de acci\u00f3n\u00a0\u00a0 \u00a0\u00a0\u00a0 \u00a042<br \/>\n6.\u00a0\u00a0 \u00a0El delito omisivo\u00a0\u00a0 \u00a0\u00a0\u00a0 \u00a043<br \/>\nCap\u00edtulo II<br \/>\nTipicidad<br \/>\n1.\u00a0\u00a0 \u00a0Tipicidad y tipo penal\u00a0\u00a0 \u00a0\u00a0\u00a0 \u00a051<br \/>\n2.\u00a0\u00a0 \u00a0La estructura de los tipos penales\u00a0\u00a0 \u00a0\u00a0\u00a0 \u00a053<br \/>\n2.1.\u00a0\u00a0 \u00a0Clasificaci\u00f3n de los elementos del tipo\u00a0\u00a0 \u00a0\u00a0\u00a0 \u00a054<br \/>\n2.2.\u00a0\u00a0 \u00a0El tipo penal como tipo injusto\u00a0\u00a0 \u00a0\u00a0\u00a0 \u00a055<br \/>\n3.\u00a0\u00a0 \u00a0Elementos objetivos del tipo penal\u00a0\u00a0 \u00a0\u00a0\u00a0 \u00a056<br \/>\n3.1.\u00a0\u00a0 \u00a0La acci\u00f3n\u00a0\u00a0 \u00a0\u00a0\u00a0 \u00a057<br \/>\n3.2.\u00a0\u00a0 \u00a0El sujeto activo\u00a0\u00a0 \u00a0\u00a0\u00a0 \u00a058<br \/>\n3.3.\u00a0\u00a0 \u00a0El sujeto pasivo\u00a0\u00a0 \u00a0\u00a0\u00a0 \u00a059<br \/>\n3.4.\u00a0\u00a0 \u00a0El objeto material\u00a0\u00a0 \u00a0\u00a0\u00a0 \u00a060<br \/>\n3.5.\u00a0\u00a0 \u00a0Circunstancias de lugar, tiempo y forma de comisi\u00f3n\u00a0\u00a0 \u00a0\u00a0\u00a0 \u00a061<br \/>\n4.\u00a0\u00a0 \u00a0Elementos objetivos presentes en los tipos de resultado material\u00a0\u00a0 \u00a0\u00a0\u00a0 \u00a062<br \/>\n4.1.\u00a0\u00a0 \u00a0El resultado (material)\u00a0\u00a0 \u00a0\u00a0\u00a0 \u00a063<br \/>\n4.2.\u00a0\u00a0 \u00a0La relaci\u00f3n de causalidad (o \u201cnexo causal\u201d)\u00a0\u00a0 \u00a0\u00a0\u00a0 \u00a064<br \/>\n4.3.\u00a0\u00a0 \u00a0La teor\u00eda de la equivalencia de las condiciones (o conditio sine qua non)\u00a0\u00a0 \u00a0\u00a0\u00a0 \u00a065<br \/>\n4.4.\u00a0\u00a0 \u00a0Teor\u00eda de la adecuaci\u00f3n\u00a0\u00a0 \u00a0\u00a0\u00a0 \u00a066<br \/>\nTeor\u00eda de la adecuaci\u00f3n. Ejemplo:\u00a0\u00a0 \u00a0\u00a0\u00a0 \u00a067<br \/>\n4.5.\u00a0\u00a0 \u00a0Teor\u00eda de la imputaci\u00f3n objetiva\u00a0\u00a0 \u00a0\u00a0\u00a0 \u00a068<br \/>\n5.\u00a0\u00a0 \u00a0La parte subjetiva del tipo\u00a0\u00a0 \u00a0\u00a0\u00a0 \u00a071<br \/>\n5.1.\u00a0\u00a0 \u00a0El concepto de dolo\u00a0\u00a0 \u00a0\u00a0\u00a0 \u00a073<br \/>\n5.2.\u00a0\u00a0 \u00a0Evoluci\u00f3n del dolo penal\u00a0\u00a0 \u00a0\u00a0\u00a0 \u00a074<br \/>\n5.3.\u00a0\u00a0 \u00a0Concepto civil y penal de dolo\u00a0\u00a0 \u00a0\u00a0\u00a0 \u00a076<br \/>\n5.4.\u00a0\u00a0 \u00a0La llamada \u201cpresunci\u00f3n legal de dolo\u201d\u00a0\u00a0 \u00a0\u00a0\u00a0 \u00a077<br \/>\n5.5.\u00a0\u00a0 \u00a0El elemento cognoscitivo del dolo\u00a0\u00a0 \u00a0\u00a0\u00a0 \u00a078<br \/>\n5.6.\u00a0\u00a0 \u00a0El elemento volitivo del dolo\u00a0\u00a0 \u00a0\u00a0\u00a0 \u00a081<br \/>\n6.\u00a0\u00a0 \u00a0Error de tipo\u00a0\u00a0 \u00a0\u00a0\u00a0 \u00a084<br \/>\n6.1.\u00a0\u00a0 \u00a0Situaciones especiales con ocasi\u00f3n del error de tipo\u00a0\u00a0 \u00a0\u00a0\u00a0 \u00a086<br \/>\n6.2.\u00a0\u00a0 \u00a0Situaci\u00f3n de caso fortuito en materia penal\u00a0\u00a0 \u00a0\u00a0\u00a0 \u00a094<br \/>\nCap\u00edtulo III<br \/>\nAntijuridicidad<br \/>\n1.\u00a0\u00a0 \u00a0Cuestiones conceptuales\u00a0\u00a0 \u00a0\u00a0\u00a0 \u00a099<br \/>\n2.\u00a0\u00a0 \u00a0Ausencia de antijuridicidad: las causales legales de justificaci\u00f3n\u00a0\u00a0 \u00a0\u00a0\u00a0 \u00a0100<br \/>\n3.\u00a0\u00a0 \u00a0Leg\u00edtima defensa propia, de parientes y terceros\u00a0\u00a0 \u00a0\u00a0\u00a0 \u00a0101<br \/>\n4.\u00a0\u00a0 \u00a0Leg\u00edtima defensa privilegiada, art\u00edculo 19 N\u00b0 6 CP\u00a0\u00a0 \u00a0\u00a0\u00a0 \u00a0102<br \/>\n5.\u00a0\u00a0 \u00a0Estado de necesidad justificante, art\u00edculo 10 N\u00b0 7 CP\u00a0\u00a0 \u00a0\u00a0\u00a0 \u00a0103<br \/>\n6.\u00a0\u00a0 \u00a0Cumplimiento de un deber y ejercicio leg\u00edtimo de un derecho, autoridad, oficio o cargo, art\u00edculo 10 N\u00b0 10 CP\u00a0\u00a0 \u00a0\u00a0\u00a0 \u00a0104<br \/>\n7.\u00a0\u00a0 \u00a0El consentimiento de la v\u00edctima\u00a0\u00a0 \u00a0\u00a0\u00a0 \u00a0105<br \/>\n8.\u00a0\u00a0 \u00a0La omisi\u00f3n por causa leg\u00edtima, art\u00edculo10 N\u00b0 12 CP\u00a0\u00a0 \u00a0\u00a0\u00a0 \u00a0106<br \/>\n9.\u00a0\u00a0 \u00a0Jurisprudencia relevante\u00a0\u00a0 \u00a0\u00a0\u00a0 \u00a0107<br \/>\nCap\u00edtulo IV<br \/>\nCULPABILIDAD<br \/>\n1.\u00a0\u00a0 \u00a0Culpabilidad\u00a0\u00a0 \u00a0\u00a0\u00a0 \u00a0111<br \/>\n2.\u00a0\u00a0 \u00a0Evoluci\u00f3n hist\u00f3rico-dogm\u00e1tica de la categor\u00eda de culpabilidad\u00a0\u00a0 \u00a0\u00a0\u00a0 \u00a0112<br \/>\n3.\u00a0\u00a0 \u00a0Fundamento del juicio de culpabilidad\u00a0\u00a0 \u00a0\u00a0\u00a0 \u00a0115<br \/>\n4.\u00a0\u00a0 \u00a0Estructura del elemento \u201cculpabilidad\u201d\u00a0\u00a0 \u00a0\u00a0\u00a0 \u00a0116<br \/>\n5.\u00a0\u00a0 \u00a0Imputabilidad\u00a0\u00a0 \u00a0\u00a0\u00a0 \u00a0117<br \/>\n6.\u00a0\u00a0 \u00a0Conocimiento de la antijuridicidad del hecho\u00a0\u00a0 \u00a0\u00a0\u00a0 \u00a0124<br \/>\n7.\u00a0\u00a0 \u00a0Exigibilidad de otra conducta\u00a0\u00a0 \u00a0\u00a0\u00a0 \u00a0129<br \/>\nCap\u00edtulo V<br \/>\nDELITOS CULPOSOS<br \/>\n1.\u00a0\u00a0 \u00a0Aproximaci\u00f3n al tema\u00a0\u00a0 \u00a0\u00a0\u00a0 \u00a0139<br \/>\n2.\u00a0\u00a0 \u00a0Presupuestos de la imputaci\u00f3n culposa\u00a0\u00a0 \u00a0\u00a0\u00a0 \u00a0140<br \/>\n3.\u00a0\u00a0 \u00a0Caracter\u00edsticas\u00a0\u00a0 \u00a0\u00a0\u00a0 \u00a0142<br \/>\n4.\u00a0\u00a0 \u00a0Clasificaci\u00f3n\u00a0\u00a0 \u00a0\u00a0\u00a0 \u00a0143<br \/>\n5.\u00a0\u00a0 \u00a0Criterios para determinar la existencia de culpa en el agente\u00a0\u00a0 \u00a0\u00a0\u00a0 \u00a0144<br \/>\n6.\u00a0\u00a0 \u00a0Cuasidelitos en el C\u00f3digo Penal\u00a0\u00a0 \u00a0\u00a0\u00a0 \u00a0145<br \/>\n7.\u00a0\u00a0 \u00a0Omisi\u00f3n\u00a0\u00a0 \u00a0\u00a0\u00a0 \u00a0147<br \/>\nCap\u00edtulo VI<br \/>\nDELITOS IMPERFECTOS<br \/>\n1.\u00a0\u00a0 \u00a0Cuestiones conceptuales\u00a0\u00a0 \u00a0\u00a0\u00a0 \u00a0151<br \/>\n2.\u00a0\u00a0 \u00a0Desarrollo del delito (iter criminis): modelo aproximado\u00a0\u00a0 \u00a0\u00a0\u00a0 \u00a0152<br \/>\n3.\u00a0\u00a0 \u00a0Actos preparatorios\u00a0\u00a0 \u00a0\u00a0\u00a0 \u00a0153<br \/>\n4.\u00a0\u00a0 \u00a0\u00bfCu\u00e1ndo se da inicio al principio de ejecuci\u00f3n? \u00bfCu\u00e1ndo parte la tentativa?\u00a0\u00a0 \u00a0\u00a0\u00a0 \u00a0154<br \/>\nCap\u00edtulo VII<br \/>\nAUTOR\u00cdA Y PARTICIPACI\u00d3N<br \/>\n1.\u00a0\u00a0 \u00a0Introducci\u00f3n\u00a0\u00a0 \u00a0\u00a0\u00a0 \u00a0163<br \/>\n2.\u00a0\u00a0 \u00a0\u00bfQui\u00e9nes responden penalmente por la comisi\u00f3n de un delito?\u00a0\u00a0 \u00a0\u00a0\u00a0 \u00a0164<br \/>\n2.1.\u00a0\u00a0 \u00a0Generalidades\u00a0\u00a0 \u00a0\u00a0\u00a0 \u00a0164<br \/>\n2.2.\u00a0\u00a0 \u00a0Responsabilidad penal de las personas naturales e imputables\u00a0\u00a0 \u00a0\u00a0\u00a0 \u00a0165<br \/>\nA.\u00a0\u00a0 \u00a0Introducci\u00f3n\u00a0\u00a0 \u00a0\u00a0\u00a0 \u00a0165<br \/>\nB.\u00a0\u00a0 \u00a0Distintas teor\u00edas de autor\u00a0\u00a0 \u00a0\u00a0\u00a0 \u00a0166<br \/>\nC.\u00a0\u00a0 \u00a0Teor\u00eda del dominio del hecho de Roxin\u00a0\u00a0 \u00a0\u00a0\u00a0 \u00a0167<br \/>\nD.\u00a0\u00a0 \u00a0Distinci\u00f3n entre autor y c\u00f3mplice\u00a0\u00a0 \u00a0\u00a0\u00a0 \u00a0168<br \/>\nE.\u00a0\u00a0 \u00a0Tipos de autor\u00a0\u00a0 \u00a0\u00a0\u00a0 \u00a0169<br \/>\na.\u00a0\u00a0 \u00a0Autor mediato\u00a0\u00a0 \u00a0\u00a0\u00a0 \u00a0170<br \/>\na\u2019.\u00a0\u00a0 \u00a0Descripci\u00f3n de la figura\u00a0\u00a0 \u00a0\u00a0\u00a0 \u00a0170<br \/>\nb\u2019.\u00a0\u00a0 \u00a0La autor\u00eda mediata en el derecho chileno\u00a0\u00a0 \u00a0\u00a0\u00a0 \u00a0171<br \/>\nb.\u00a0\u00a0 \u00a0El inductor o instigador\u00a0\u00a0 \u00a0\u00a0\u00a0 \u00a0172<br \/>\nc.\u00a0\u00a0 \u00a0La coautor\u00eda\u00a0\u00a0 \u00a0\u00a0\u00a0 \u00a0173<br \/>\nF.\u00a0\u00a0 \u00a0Principios que rigen la participaci\u00f3n\u00a0\u00a0 \u00a0\u00a0\u00a0 \u00a0175<br \/>\nG.\u00a0\u00a0 \u00a0Tipos de part\u00edcipes\u00a0\u00a0 \u00a0\u00a0\u00a0 \u00a0176<br \/>\na.\u00a0\u00a0 \u00a0El c\u00f3mplice\u00a0\u00a0 \u00a0\u00a0\u00a0 \u00a0176<br \/>\nb.\u00a0\u00a0 \u00a0El encubridor\u00a0\u00a0 \u00a0\u00a0\u00a0 \u00a0177<br \/>\n2.3.\u00a0\u00a0 \u00a0Responsabilidad penal de las personas jur\u00eddicas\u00a0\u00a0 \u00a0\u00a0\u00a0 \u00a0179<br \/>\nA.\u00a0\u00a0 \u00a0Delitos por los que responden\u00a0\u00a0 \u00a0\u00a0\u00a0 \u00a0179<br \/>\nB.\u00a0\u00a0 \u00a0Criterios de atribuci\u00f3n de responsabilidad penal a la persona jur\u00eddica\u00a0\u00a0 \u00a0\u00a0\u00a0 \u00a0180<br \/>\nCap\u00edtulo VIII<br \/>\nunidad y pluralidad de hechos y de delitos<br \/>\n1.\u00a0\u00a0 \u00a0Unidad y pluralidad de hechos y de delitos\u00a0\u00a0 \u00a0\u00a0\u00a0 \u00a0185<br \/>\n2.\u00a0\u00a0 \u00a0Concursos de delitos\u00a0\u00a0 \u00a0\u00a0\u00a0 \u00a0186<br \/>\n3.\u00a0\u00a0 \u00a0Concurso real de delitos\u00a0\u00a0 \u00a0\u00a0\u00a0 \u00a0187<br \/>\n4.\u00a0\u00a0 \u00a0Concurso ideal de delitos\u00a0\u00a0 \u00a0\u00a0\u00a0 \u00a0193<br \/>\n5.\u00a0\u00a0 \u00a0Unidad del delito\u00a0\u00a0 \u00a0\u00a0\u00a0 \u00a0195<br \/>\n6.\u00a0\u00a0 \u00a0Delito continuado. Elementos\u00a0\u00a0 \u00a0\u00a0\u00a0 \u00a0196<br \/>\n7.\u00a0\u00a0 \u00a0Delitos permanentes\u00a0\u00a0 \u00a0\u00a0\u00a0 \u00a0200<br \/>\n8.\u00a0\u00a0 \u00a0Delitos complejos\u00a0\u00a0 \u00a0\u00a0\u00a0 \u00a0201<br \/>\n9.\u00a0\u00a0 \u00a0Concurso aparente de leyes penales\u00a0\u00a0 \u00a0\u00a0\u00a0 \u00a0202<\/p>\n<p>Cap\u00edtulo IX<br \/>\nCircunstancias modificatorias de la responsabilidad penal<br \/>\n1.\u00a0\u00a0 \u00a0Circunstancias modificatorias de responsabilidad penal\u00a0\u00a0 \u00a0\u00a0\u00a0 \u00a0209<br \/>\n2.\u00a0\u00a0 \u00a0Las circunstancias atenuantes de responsabilidad penal\u00a0\u00a0 \u00a0\u00a0\u00a0 \u00a0214<br \/>\n3.\u00a0\u00a0 \u00a0Eximentes incompletas\u00a0\u00a0 \u00a0\u00a0\u00a0 \u00a0215<br \/>\n4.\u00a0\u00a0 \u00a0Atenuantes emocionales\u00a0\u00a0 \u00a0\u00a0\u00a0 \u00a0218<br \/>\n4.1.\u00a0\u00a0 \u00a0Provocaci\u00f3n o amenaza\u00a0\u00a0 \u00a0\u00a0\u00a0 \u00a0219<br \/>\n4.2.\u00a0\u00a0 \u00a0Vindicaci\u00f3n de una ofensa\u00a0\u00a0 \u00a0\u00a0\u00a0 \u00a0220<br \/>\n4.3.\u00a0\u00a0 \u00a0Arrebato y obcecaci\u00f3n\u00a0\u00a0 \u00a0\u00a0\u00a0 \u00a0221<br \/>\n4.4.\u00a0\u00a0 \u00a0Obrar por celo de la justicia\u00a0\u00a0 \u00a0\u00a0\u00a0 \u00a0222<br \/>\n5.\u00a0\u00a0 \u00a0Atenuantes relativas a la persona del sujeto\u00a0\u00a0 \u00a0\u00a0\u00a0 \u00a0223<br \/>\nConducta anterior irreprochable\u00a0\u00a0 \u00a0\u00a0\u00a0 \u00a0223<br \/>\n6.\u00a0\u00a0 \u00a0Atenuantes fundadas en la conducta del autor con posterioridad al delito\u00a0\u00a0 \u00a0\u00a0\u00a0 \u00a0224<br \/>\n6.1.\u00a0\u00a0 \u00a0La reparaci\u00f3n con celo del mal causado o evitaci\u00f3n de sus ulteriores perniciosas\u00a0\u00a0 \u00a0\u00a0\u00a0 \u00a0224<br \/>\n6.2.\u00a0\u00a0 \u00a0Entrega voluntaria a la justicia\u00a0\u00a0 \u00a0\u00a0\u00a0 \u00a0225<br \/>\n6.3.\u00a0\u00a0 \u00a0Colaboraci\u00f3n sustancial al esclarecimiento de los hechos\u00a0\u00a0 \u00a0\u00a0\u00a0 \u00a0226<br \/>\n7.\u00a0\u00a0 \u00a0Circunstancias agravantes de responsabilidad penal\u00a0\u00a0 \u00a0\u00a0\u00a0 \u00a0227<br \/>\n8.\u00a0\u00a0 \u00a0Circunstancias objetivas o materiales\u00a0\u00a0 \u00a0\u00a0\u00a0 \u00a0228<br \/>\n9.\u00a0\u00a0 \u00a0Circunstancias subjetivas o personales\u00a0\u00a0 \u00a0\u00a0\u00a0 \u00a0231<br \/>\n10.\u00a0\u00a0 \u00a0Circunstancia mixta de responsabilidad penal\u00a0\u00a0 \u00a0\u00a0\u00a0 \u00a0244<br \/>\n10.1.\u00a0\u00a0 \u00a0Parentesco\u00a0\u00a0 \u00a0\u00a0\u00a0 \u00a0245<\/p>\n","protected":false},"excerpt":{"rendered":"<p>Esquemas de DERECHO PENAL CHILENO: Parte general Tomo II &nbsp; \u00cdndice Presentaci\u00f3n\u00a0\u00a0 \u00a0\u00a0\u00a0 \u00a013 Agradecimientos\u00a0\u00a0 \u00a0\u00a0\u00a0 \u00a015 Cap\u00edtulo I Generalidades del delito y la conducta 1.\u00a0\u00a0 \u00a0El concepto de delito\u00a0\u00a0 \u00a0\u00a0\u00a0 \u00a019 2.\u00a0\u00a0 \u00a0Sujetos y objetos del delito\u00a0\u00a0 \u00a0\u00a0\u00a0 \u00a027 3.\u00a0\u00a0 \u00a0Clasificaci\u00f3n de los delitos\u00a0\u00a0 \u00a0\u00a0\u00a0 \u00a032 4.\u00a0\u00a0 \u00a0La acci\u00f3n\u00a0\u00a0 \u00a0\u00a0\u00a0 \u00a038 5.\u00a0\u00a0 \u00a0La ausencia de acci\u00f3n\u00a0\u00a0 \u00a0\u00a0\u00a0 \u00a042 6.\u00a0\u00a0 \u00a0El delito omisivo\u00a0\u00a0 \u00a0\u00a0\u00a0 \u00a043 Cap\u00edtulo II Tipicidad 1.\u00a0\u00a0 \u00a0Tipicidad y tipo penal\u00a0\u00a0 \u00a0\u00a0\u00a0 \u00a051 2.\u00a0\u00a0 \u00a0La estructura de los tipos penales\u00a0\u00a0 \u00a0\u00a0\u00a0 \u00a053 2.1.\u00a0\u00a0 \u00a0Clasificaci\u00f3n de los elementos del tipo\u00a0\u00a0 \u00a0\u00a0\u00a0 \u00a054 2.2.\u00a0\u00a0 \u00a0El tipo penal como tipo injusto\u00a0\u00a0 \u00a0\u00a0\u00a0 \u00a055 3.\u00a0\u00a0 \u00a0Elementos objetivos del tipo penal\u00a0\u00a0 \u00a0\u00a0\u00a0 \u00a056 3.1.\u00a0\u00a0 \u00a0La acci\u00f3n\u00a0\u00a0 \u00a0\u00a0\u00a0 \u00a057 3.2.\u00a0\u00a0 \u00a0El sujeto activo\u00a0\u00a0 \u00a0\u00a0\u00a0 \u00a058 3.3.\u00a0\u00a0 \u00a0El sujeto pasivo\u00a0\u00a0 \u00a0\u00a0\u00a0 \u00a059 3.4.\u00a0\u00a0 \u00a0El objeto material\u00a0\u00a0 \u00a0\u00a0\u00a0 \u00a060 3.5.\u00a0\u00a0 \u00a0Circunstancias de lugar, tiempo y forma de comisi\u00f3n\u00a0\u00a0 \u00a0\u00a0\u00a0 \u00a061 4.\u00a0\u00a0 \u00a0Elementos objetivos presentes en los tipos de resultado material\u00a0\u00a0 \u00a0\u00a0\u00a0 \u00a062 4.1.\u00a0\u00a0 \u00a0El resultado (material)\u00a0\u00a0 \u00a0\u00a0\u00a0 \u00a063 4.2.\u00a0\u00a0 \u00a0La relaci\u00f3n de causalidad (o \u201cnexo causal\u201d)\u00a0\u00a0 \u00a0\u00a0\u00a0 \u00a064 4.3.\u00a0\u00a0 \u00a0La teor\u00eda de la equivalencia de las condiciones (o conditio sine qua non)\u00a0\u00a0 \u00a0\u00a0\u00a0 \u00a065 4.4.\u00a0\u00a0 \u00a0Teor\u00eda de la adecuaci\u00f3n\u00a0\u00a0 \u00a0\u00a0\u00a0 \u00a066 Teor\u00eda de la adecuaci\u00f3n. Ejemplo:\u00a0\u00a0 \u00a0\u00a0\u00a0 \u00a067 4.5.\u00a0\u00a0 \u00a0Teor\u00eda de la imputaci\u00f3n objetiva\u00a0\u00a0 \u00a0\u00a0\u00a0 \u00a068 5.\u00a0\u00a0 \u00a0La parte subjetiva del tipo\u00a0\u00a0 \u00a0\u00a0\u00a0 \u00a071 5.1.\u00a0\u00a0 \u00a0El concepto de dolo\u00a0\u00a0 \u00a0\u00a0\u00a0 \u00a073 5.2.\u00a0\u00a0 \u00a0Evoluci\u00f3n del dolo penal\u00a0\u00a0 \u00a0\u00a0\u00a0 \u00a074 5.3.\u00a0\u00a0 \u00a0Concepto civil y penal de dolo\u00a0\u00a0 \u00a0\u00a0\u00a0 \u00a076 5.4.\u00a0\u00a0 \u00a0La llamada \u201cpresunci\u00f3n legal de dolo\u201d\u00a0\u00a0 \u00a0\u00a0\u00a0 \u00a077 5.5.\u00a0\u00a0 \u00a0El elemento cognoscitivo del dolo\u00a0\u00a0 \u00a0\u00a0\u00a0 \u00a078 5.6.\u00a0\u00a0 \u00a0El elemento volitivo del dolo\u00a0\u00a0 \u00a0\u00a0\u00a0 \u00a081 6.\u00a0\u00a0 \u00a0Error de tipo\u00a0\u00a0 \u00a0\u00a0\u00a0 \u00a084 6.1.\u00a0\u00a0 \u00a0Situaciones especiales con ocasi\u00f3n del error de tipo\u00a0\u00a0 \u00a0\u00a0\u00a0 \u00a086 6.2.\u00a0\u00a0 \u00a0Situaci\u00f3n de caso fortuito en materia penal\u00a0\u00a0 \u00a0\u00a0\u00a0 \u00a094 Cap\u00edtulo III Antijuridicidad 1.\u00a0\u00a0 \u00a0Cuestiones conceptuales\u00a0\u00a0 \u00a0\u00a0\u00a0 \u00a099 2.\u00a0\u00a0 \u00a0Ausencia de antijuridicidad: las causales legales de justificaci\u00f3n\u00a0\u00a0 \u00a0\u00a0\u00a0 \u00a0100 3.\u00a0\u00a0 \u00a0Leg\u00edtima defensa propia, de parientes y terceros\u00a0\u00a0 \u00a0\u00a0\u00a0 \u00a0101 4.\u00a0\u00a0 \u00a0Leg\u00edtima defensa privilegiada, art\u00edculo 19 N\u00b0 6 CP\u00a0\u00a0 \u00a0\u00a0\u00a0 \u00a0102 5.\u00a0\u00a0 \u00a0Estado de necesidad justificante, art\u00edculo 10 N\u00b0 7 CP\u00a0\u00a0 \u00a0\u00a0\u00a0 \u00a0103 6.\u00a0\u00a0 \u00a0Cumplimiento de un deber y ejercicio leg\u00edtimo de un derecho, autoridad, oficio o cargo, art\u00edculo 10 N\u00b0 10 CP\u00a0\u00a0 \u00a0\u00a0\u00a0 \u00a0104 7.\u00a0\u00a0 \u00a0El consentimiento de la v\u00edctima\u00a0\u00a0 \u00a0\u00a0\u00a0 \u00a0105 8.\u00a0\u00a0 \u00a0La omisi\u00f3n por causa leg\u00edtima, art\u00edculo10 N\u00b0 12 CP\u00a0\u00a0 \u00a0\u00a0\u00a0 \u00a0106 9.\u00a0\u00a0 \u00a0Jurisprudencia relevante\u00a0\u00a0 \u00a0\u00a0\u00a0 \u00a0107 Cap\u00edtulo IV CULPABILIDAD 1.\u00a0\u00a0 \u00a0Culpabilidad\u00a0\u00a0 \u00a0\u00a0\u00a0 \u00a0111 2.\u00a0\u00a0 \u00a0Evoluci\u00f3n hist\u00f3rico-dogm\u00e1tica de la categor\u00eda de culpabilidad\u00a0\u00a0 \u00a0\u00a0\u00a0 \u00a0112 3.\u00a0\u00a0 \u00a0Fundamento del juicio de culpabilidad\u00a0\u00a0 \u00a0\u00a0\u00a0 \u00a0115 4.\u00a0\u00a0 \u00a0Estructura del elemento \u201cculpabilidad\u201d\u00a0\u00a0 \u00a0\u00a0\u00a0 \u00a0116 5.\u00a0\u00a0 \u00a0Imputabilidad\u00a0\u00a0 \u00a0\u00a0\u00a0 \u00a0117 6.\u00a0\u00a0 \u00a0Conocimiento de la antijuridicidad del hecho\u00a0\u00a0 \u00a0\u00a0\u00a0 \u00a0124 7.\u00a0\u00a0 \u00a0Exigibilidad de otra conducta\u00a0\u00a0 \u00a0\u00a0\u00a0 \u00a0129 Cap\u00edtulo V DELITOS CULPOSOS 1.\u00a0\u00a0 \u00a0Aproximaci\u00f3n al tema\u00a0\u00a0 \u00a0\u00a0\u00a0 \u00a0139 2.\u00a0\u00a0 \u00a0Presupuestos de la imputaci\u00f3n culposa\u00a0\u00a0 \u00a0\u00a0\u00a0 \u00a0140 3.\u00a0\u00a0 \u00a0Caracter\u00edsticas\u00a0\u00a0 \u00a0\u00a0\u00a0 \u00a0142 4.\u00a0\u00a0 \u00a0Clasificaci\u00f3n\u00a0\u00a0 \u00a0\u00a0\u00a0 \u00a0143 5.\u00a0\u00a0 \u00a0Criterios para determinar la existencia de culpa en el agente\u00a0\u00a0 \u00a0\u00a0\u00a0 \u00a0144 6.\u00a0\u00a0 \u00a0Cuasidelitos en el C\u00f3digo Penal\u00a0\u00a0 \u00a0\u00a0\u00a0 \u00a0145 7.\u00a0\u00a0 \u00a0Omisi\u00f3n\u00a0\u00a0 \u00a0\u00a0\u00a0 \u00a0147 Cap\u00edtulo VI DELITOS IMPERFECTOS 1.\u00a0\u00a0 \u00a0Cuestiones conceptuales\u00a0\u00a0 \u00a0\u00a0\u00a0 \u00a0151 2.\u00a0\u00a0 \u00a0Desarrollo del delito (iter criminis): modelo aproximado\u00a0\u00a0 \u00a0\u00a0\u00a0 \u00a0152 3.\u00a0\u00a0 \u00a0Actos preparatorios\u00a0\u00a0 \u00a0\u00a0\u00a0 \u00a0153 4.\u00a0\u00a0 \u00a0\u00bfCu\u00e1ndo se da inicio al principio de ejecuci\u00f3n? \u00bfCu\u00e1ndo parte la tentativa?\u00a0\u00a0 \u00a0\u00a0\u00a0 \u00a0154 Cap\u00edtulo VII AUTOR\u00cdA Y PARTICIPACI\u00d3N 1.\u00a0\u00a0 \u00a0Introducci\u00f3n\u00a0\u00a0 \u00a0\u00a0\u00a0 \u00a0163 2.\u00a0\u00a0 \u00a0\u00bfQui\u00e9nes responden penalmente por la comisi\u00f3n de un delito?\u00a0\u00a0 \u00a0\u00a0\u00a0 \u00a0164 2.1.\u00a0\u00a0 \u00a0Generalidades\u00a0\u00a0 \u00a0\u00a0\u00a0 \u00a0164 2.2.\u00a0\u00a0 \u00a0Responsabilidad penal de las personas naturales e imputables\u00a0\u00a0 \u00a0\u00a0\u00a0 \u00a0165 A.\u00a0\u00a0 \u00a0Introducci\u00f3n\u00a0\u00a0 \u00a0\u00a0\u00a0 \u00a0165 B.\u00a0\u00a0 \u00a0Distintas teor\u00edas de autor\u00a0\u00a0 \u00a0\u00a0\u00a0 \u00a0166 C.\u00a0\u00a0 \u00a0Teor\u00eda del dominio del hecho de Roxin\u00a0\u00a0 \u00a0\u00a0\u00a0 \u00a0167 D.\u00a0\u00a0 \u00a0Distinci\u00f3n entre autor y c\u00f3mplice\u00a0\u00a0 \u00a0\u00a0\u00a0 \u00a0168 E.\u00a0\u00a0 \u00a0Tipos de autor\u00a0\u00a0 \u00a0\u00a0\u00a0 \u00a0169 a.\u00a0\u00a0 \u00a0Autor mediato\u00a0\u00a0 \u00a0\u00a0\u00a0 \u00a0170 a\u2019.\u00a0\u00a0 \u00a0Descripci\u00f3n de la figura\u00a0\u00a0 \u00a0\u00a0\u00a0 \u00a0170 b\u2019.\u00a0\u00a0 \u00a0La autor\u00eda mediata en el derecho chileno\u00a0\u00a0 \u00a0\u00a0\u00a0 \u00a0171 b.\u00a0\u00a0 \u00a0El inductor o instigador\u00a0\u00a0 \u00a0\u00a0\u00a0 \u00a0172 c.\u00a0\u00a0 \u00a0La coautor\u00eda\u00a0\u00a0 \u00a0\u00a0\u00a0 \u00a0173 F.\u00a0\u00a0 \u00a0Principios que rigen la participaci\u00f3n\u00a0\u00a0 \u00a0\u00a0\u00a0 \u00a0175 G.\u00a0\u00a0 \u00a0Tipos de part\u00edcipes\u00a0\u00a0 \u00a0\u00a0\u00a0 \u00a0176 a.\u00a0\u00a0 \u00a0El c\u00f3mplice\u00a0\u00a0 \u00a0\u00a0\u00a0 \u00a0176 b.\u00a0\u00a0 \u00a0El encubridor\u00a0\u00a0 \u00a0\u00a0\u00a0 \u00a0177 2.3.\u00a0\u00a0 \u00a0Responsabilidad penal de las personas jur\u00eddicas\u00a0\u00a0 \u00a0\u00a0\u00a0 \u00a0179 A.\u00a0\u00a0 \u00a0Delitos por los que responden\u00a0\u00a0 \u00a0\u00a0\u00a0 \u00a0179 B.\u00a0\u00a0 \u00a0Criterios de atribuci\u00f3n de responsabilidad penal a la persona jur\u00eddica\u00a0\u00a0 \u00a0\u00a0\u00a0 \u00a0180 Cap\u00edtulo VIII unidad y pluralidad de hechos y de delitos 1.\u00a0\u00a0 \u00a0Unidad y pluralidad de hechos y de delitos\u00a0\u00a0 \u00a0\u00a0\u00a0 \u00a0185 2.\u00a0\u00a0 \u00a0Concursos de delitos\u00a0\u00a0 \u00a0\u00a0\u00a0 \u00a0186 3.\u00a0\u00a0 \u00a0Concurso real de delitos\u00a0\u00a0 \u00a0\u00a0\u00a0 \u00a0187 4.\u00a0\u00a0 \u00a0Concurso ideal de delitos\u00a0\u00a0 \u00a0\u00a0\u00a0 \u00a0193 5.\u00a0\u00a0 \u00a0Unidad del delito\u00a0\u00a0 \u00a0\u00a0\u00a0 \u00a0195 6.\u00a0\u00a0 \u00a0Delito continuado. Elementos\u00a0\u00a0 \u00a0\u00a0\u00a0 \u00a0196 7.\u00a0\u00a0 \u00a0Delitos permanentes\u00a0\u00a0 \u00a0\u00a0\u00a0 \u00a0200 8.\u00a0\u00a0 \u00a0Delitos complejos\u00a0\u00a0 \u00a0\u00a0\u00a0 \u00a0201 9.\u00a0\u00a0 \u00a0Concurso aparente de leyes penales\u00a0\u00a0 \u00a0\u00a0\u00a0 \u00a0202 Cap\u00edtulo IX Circunstancias modificatorias de la responsabilidad penal 1.\u00a0\u00a0 \u00a0Circunstancias modificatorias de responsabilidad penal\u00a0\u00a0 \u00a0\u00a0\u00a0 \u00a0209 2.\u00a0\u00a0 \u00a0Las circunstancias atenuantes de responsabilidad penal\u00a0\u00a0 \u00a0\u00a0\u00a0 \u00a0214 3.\u00a0\u00a0 \u00a0Eximentes incompletas\u00a0\u00a0 \u00a0\u00a0\u00a0 \u00a0215 4.\u00a0\u00a0 \u00a0Atenuantes emocionales\u00a0\u00a0 \u00a0\u00a0\u00a0 \u00a0218 4.1.\u00a0\u00a0 \u00a0Provocaci\u00f3n o amenaza\u00a0\u00a0 \u00a0\u00a0\u00a0 \u00a0219 4.2.\u00a0\u00a0 \u00a0Vindicaci\u00f3n de una ofensa\u00a0\u00a0 \u00a0\u00a0\u00a0 \u00a0220 4.3.\u00a0\u00a0 \u00a0Arrebato y obcecaci\u00f3n\u00a0\u00a0 \u00a0\u00a0\u00a0 \u00a0221 4.4.\u00a0\u00a0 \u00a0Obrar por celo de la justicia\u00a0\u00a0 \u00a0\u00a0\u00a0 \u00a0222 5.\u00a0\u00a0 \u00a0Atenuantes relativas a la persona del sujeto\u00a0\u00a0 \u00a0\u00a0\u00a0 \u00a0223 Conducta anterior irreprochable\u00a0\u00a0 \u00a0\u00a0\u00a0 \u00a0223 6.\u00a0\u00a0 \u00a0Atenuantes fundadas en la conducta del autor con posterioridad al delito\u00a0\u00a0 \u00a0\u00a0\u00a0 \u00a0224 6.1.\u00a0\u00a0 \u00a0La reparaci\u00f3n con celo del mal causado o evitaci\u00f3n de sus ulteriores perniciosas\u00a0\u00a0 \u00a0\u00a0\u00a0 \u00a0224 6.2.\u00a0\u00a0 \u00a0Entrega voluntaria a la justicia\u00a0\u00a0 \u00a0\u00a0\u00a0 \u00a0225 6.3.\u00a0\u00a0 \u00a0Colaboraci\u00f3n sustancial al esclarecimiento de los hechos\u00a0\u00a0 \u00a0\u00a0\u00a0 \u00a0226 7.\u00a0\u00a0 \u00a0Circunstancias agravantes de responsabilidad penal\u00a0\u00a0 \u00a0\u00a0\u00a0 \u00a0227 8.\u00a0\u00a0 \u00a0Circunstancias objetivas o materiales\u00a0\u00a0 \u00a0\u00a0\u00a0 \u00a0228 9.\u00a0\u00a0 \u00a0Circunstancias subjetivas o personales\u00a0\u00a0 \u00a0\u00a0\u00a0 \u00a0231 10.\u00a0\u00a0 \u00a0Circunstancia mixta de responsabilidad penal\u00a0\u00a0 \u00a0\u00a0\u00a0 \u00a0244 10.1.\u00a0\u00a0 \u00a0Parentesco\u00a0\u00a0 \u00a0\u00a0\u00a0 \u00a0245<\/p>\n","protected":false},"featured_media":3728,"comment_status":"open","ping_status":"closed","template":"","meta":{"inline_featured_image":false,"_joinchat":[]},"product_brand":[],"product_cat":[30],"product_tag":[],"class_list":{"0":"post-3698","1":"product","2":"type-product","3":"status-publish","4":"has-post-thumbnail","6":"product_cat-penal","7":"product_shipping_class-a-convenir","9":"first","10":"instock","11":"shipping-taxable","12":"purchasable","13":"product-type-simple"},"_links":{"self":[{"href":"https:\/\/bibliotecajuridicavirtual.cl\/index.php\/wp-json\/wp\/v2\/product\/3698","targetHints":{"allow":["GET"]}}],"collection":[{"href":"https:\/\/bibliotecajuridicavirtual.cl\/index.php\/wp-json\/wp\/v2\/product"}],"about":[{"href":"https:\/\/bibliotecajuridicavirtual.cl\/index.php\/wp-json\/wp\/v2\/types\/product"}],"replies":[{"embeddable":true,"href":"https:\/\/bibliotecajuridicavirtual.cl\/index.php\/wp-json\/wp\/v2\/comments?post=3698"}],"wp:featuredmedia":[{"embeddable":true,"href":"https:\/\/bibliotecajuridicavirtual.cl\/index.php\/wp-json\/wp\/v2\/media\/3728"}],"wp:attachment":[{"href":"https:\/\/bibliotecajuridicavirtual.cl\/index.php\/wp-json\/wp\/v2\/media?parent=3698"}],"wp:term":[{"taxonomy":"product_brand","embeddable":true,"href":"https:\/\/bibliotecajuridicavirtual.cl\/index.php\/wp-json\/wp\/v2\/product_brand?post=3698"},{"taxonomy":"product_cat","embeddable":true,"href":"https:\/\/bibliotecajuridicavirtual.cl\/index.php\/wp-json\/wp\/v2\/product_cat?post=3698"},{"taxonomy":"product_tag","embeddable":true,"href":"https:\/\/bibliotecajuridicavirtual.cl\/index.php\/wp-json\/wp\/v2\/product_tag?post=3698"}],"curies":[{"name":"wp","href":"https:\/\/api.w.org\/{rel}","templated":true}]}}