{"id":3702,"date":"2026-02-28T01:19:42","date_gmt":"2026-02-28T04:19:42","guid":{"rendered":"https:\/\/bibliotecajuridicavirtual.cl\/?post_type=product&#038;p=3702"},"modified":"2026-02-28T01:19:59","modified_gmt":"2026-02-28T04:19:59","slug":"esquemas-de-responsabilidad-medica-en-el-derecho-chileno-ano-2022-120-pag-autor-ruben-antonio-caceres-palacios","status":"publish","type":"product","link":"https:\/\/bibliotecajuridicavirtual.cl\/index.php\/product\/esquemas-de-responsabilidad-medica-en-el-derecho-chileno-ano-2022-120-pag-autor-ruben-antonio-caceres-palacios\/","title":{"rendered":"Esquemas de responsabilidad m\u00e9dica en el Derecho Chileno. A\u00f1o 2022\/ 120 P\u00e1g. Autor  Rub\u00e9n Antonio C\u00e1ceres Palacios"},"content":{"rendered":"<p>Esquemas de responsabilidad m\u00e9dica en el Derecho Chileno.<\/p>\n<p>\u00cdndice<br \/>\nCap\u00edtulo 1. OR\u00cdGENES HIST\u00d3RICOS DE LA RESPONSABILIDAD M\u00c9DICA\u00a0\u00a0 \u00a0\u00a0\u00a0 \u00a011<br \/>\nCap\u00edtulo 2. CONCEPTUALIZACI\u00d3N RESPONSABILIDAD M\u00c9DICA\u00a0\u00a0 \u00a0\u00a0\u00a0 \u00a015<br \/>\nCap\u00edtulo 3. REG\u00cdMENES DE RESPONSABILIDAD APLICABLE\u00a0\u00a0 \u00a0\u00a0\u00a0 \u00a025<br \/>\nCap\u00edtulo 4. NORMATIVA ESPECIAL RESPONSABILIDAD SANITARIA\u00a0\u00a0 \u00a0\u00a0\u00a0 \u00a053<br \/>\nCap\u00edtulo 5. DA\u00d1OS RESPONSABILIDAD SANITARIA\u00a0\u00a0 \u00a0\u00a0\u00a0 \u00a071<br \/>\nCap\u00edtulo 6. MATERIAS RELEVANTES EN RESPONSABILIDAD SANITARIA\u00a0\u00a0 \u00a0\u00a0\u00a0 \u00a075<br \/>\nCap\u00edtulo 7. FICHA CL\u00cdNICA\u00a0\u00a0 \u00a0\u00a0\u00a0 \u00a085<br \/>\nCap\u00edtulo 8. LEGITIMACI\u00d3N PROCESAL\u00a0\u00a0 \u00a0\u00a0\u00a0 \u00a091<br \/>\nCap\u00edtulo 9. PRACTICA FORENSE RESPONSABILIDAD SANITARIA\u00a0\u00a0 \u00a0\u00a0\u00a0 \u00a099<\/p>\n","protected":false},"excerpt":{"rendered":"<p>Esquemas de responsabilidad m\u00e9dica en el Derecho Chileno. \u00cdndice Cap\u00edtulo 1. OR\u00cdGENES HIST\u00d3RICOS DE LA RESPONSABILIDAD M\u00c9DICA\u00a0\u00a0 \u00a0\u00a0\u00a0 \u00a011 Cap\u00edtulo 2. CONCEPTUALIZACI\u00d3N RESPONSABILIDAD M\u00c9DICA\u00a0\u00a0 \u00a0\u00a0\u00a0 \u00a015 Cap\u00edtulo 3. REG\u00cdMENES DE RESPONSABILIDAD APLICABLE\u00a0\u00a0 \u00a0\u00a0\u00a0 \u00a025 Cap\u00edtulo 4. NORMATIVA ESPECIAL RESPONSABILIDAD SANITARIA\u00a0\u00a0 \u00a0\u00a0\u00a0 \u00a053 Cap\u00edtulo 5. DA\u00d1OS RESPONSABILIDAD SANITARIA\u00a0\u00a0 \u00a0\u00a0\u00a0 \u00a071 Cap\u00edtulo 6. MATERIAS RELEVANTES EN RESPONSABILIDAD SANITARIA\u00a0\u00a0 \u00a0\u00a0\u00a0 \u00a075 Cap\u00edtulo 7. FICHA CL\u00cdNICA\u00a0\u00a0 \u00a0\u00a0\u00a0 \u00a085 Cap\u00edtulo 8. LEGITIMACI\u00d3N PROCESAL\u00a0\u00a0 \u00a0\u00a0\u00a0 \u00a091 Cap\u00edtulo 9. PRACTICA FORENSE RESPONSABILIDAD SANITARIA\u00a0\u00a0 \u00a0\u00a0\u00a0 \u00a099<\/p>\n","protected":false},"featured_media":3732,"comment_status":"open","ping_status":"closed","template":"","meta":{"inline_featured_image":false,"_joinchat":[]},"product_brand":[],"product_cat":[30],"product_tag":[],"class_list":{"0":"post-3702","1":"product","2":"type-product","3":"status-publish","4":"has-post-thumbnail","6":"product_cat-penal","7":"product_shipping_class-a-convenir","9":"first","10":"instock","11":"shipping-taxable","12":"purchasable","13":"product-type-simple"},"_links":{"self":[{"href":"https:\/\/bibliotecajuridicavirtual.cl\/index.php\/wp-json\/wp\/v2\/product\/3702","targetHints":{"allow":["GET"]}}],"collection":[{"href":"https:\/\/bibliotecajuridicavirtual.cl\/index.php\/wp-json\/wp\/v2\/product"}],"about":[{"href":"https:\/\/bibliotecajuridicavirtual.cl\/index.php\/wp-json\/wp\/v2\/types\/product"}],"replies":[{"embeddable":true,"href":"https:\/\/bibliotecajuridicavirtual.cl\/index.php\/wp-json\/wp\/v2\/comments?post=3702"}],"wp:featuredmedia":[{"embeddable":true,"href":"https:\/\/bibliotecajuridicavirtual.cl\/index.php\/wp-json\/wp\/v2\/media\/3732"}],"wp:attachment":[{"href":"https:\/\/bibliotecajuridicavirtual.cl\/index.php\/wp-json\/wp\/v2\/media?parent=3702"}],"wp:term":[{"taxonomy":"product_brand","embeddable":true,"href":"https:\/\/bibliotecajuridicavirtual.cl\/index.php\/wp-json\/wp\/v2\/product_brand?post=3702"},{"taxonomy":"product_cat","embeddable":true,"href":"https:\/\/bibliotecajuridicavirtual.cl\/index.php\/wp-json\/wp\/v2\/product_cat?post=3702"},{"taxonomy":"product_tag","embeddable":true,"href":"https:\/\/bibliotecajuridicavirtual.cl\/index.php\/wp-json\/wp\/v2\/product_tag?post=3702"}],"curies":[{"name":"wp","href":"https:\/\/api.w.org\/{rel}","templated":true}]}}