{"id":3710,"date":"2026-02-28T01:19:43","date_gmt":"2026-02-28T04:19:43","guid":{"rendered":"https:\/\/bibliotecajuridicavirtual.cl\/?post_type=product&#038;p=3710"},"modified":"2026-02-28T01:20:09","modified_gmt":"2026-02-28T04:20:09","slug":"la-convencion-constitucional-de-chile-origen-organica-estatutos-y-procedimientos-ano-2022-192-pag-autor-pablo-contreras-y-domingo-lovera","status":"publish","type":"product","link":"https:\/\/bibliotecajuridicavirtual.cl\/index.php\/product\/la-convencion-constitucional-de-chile-origen-organica-estatutos-y-procedimientos-ano-2022-192-pag-autor-pablo-contreras-y-domingo-lovera\/","title":{"rendered":"La Convenci\u00f3n Constitucional de Chile. Origen, org\u00e1nica, estatutos y procedimientos. A\u00f1o 2022 \/ 192 P\u00e1g. Autor  Pablo Contreras  y Domingo Lovera"},"content":{"rendered":"<p>El proceso constituyente chileno tiene un \u00f3rgano protagonista: la Convenci\u00f3n Constitucional. Se trata de una instituci\u00f3n que no tiene parang\u00f3n en nuestra tradici\u00f3n constitucional. Su integraci\u00f3n es novedosa: para la elecci\u00f3n de sus integrantes se contempl\u00f3 un mecanismo que asegur\u00f3 su composici\u00f3n paritaria, se consagraron esca\u00f1os reservados para pueblos originarios y cuotas de candidaturas para personas con discapacidad.<\/p>\n<p>Aunque la Convenci\u00f3n se concibe a s\u00ed misma como una asamblea convocada por el pueblo de Chile para ejercer el poder constituyente originario y estamos ante un proceso constituyente, se trata de un proceso fuertemente ordenado por principios y reglas; algunas contenidas en el texto constitucional y otras en los reglamentos de la Convenci\u00f3n.<\/p>\n<p>Este libro representa un esfuerzo sistem\u00e1tico por ofrecer una interpretaci\u00f3n coherente y democr\u00e1tica de esas reglas y principios, con el objeto de describir y analizar a la Convenci\u00f3n Constitucional de Chile. Es un breve manual de la Convenci\u00f3n, facilitando la sistematizaci\u00f3n de sus reglas y su estudio.<br \/>\n\u00cdndice<br \/>\nPr\u00f3logo\u00a0\u00a0 \u00a013<br \/>\nJaime Bassa Mercado<br \/>\nIntroducci\u00f3n\u00a0\u00a0 \u00a017<br \/>\nCap\u00edtulo I<br \/>\nOrigen de la Convenci\u00f3n Constitucional<br \/>\n1. Origen de la Convenci\u00f3n Constitucional\u00a0\u00a0 \u00a023<br \/>\n1.1. Antecedentes de la Convenci\u00f3n Constitucional\u00a0\u00a0 \u00a023<br \/>\n1.2. El \u201cAcuerdo por la paz social y la Nueva Constituci\u00f3n\u201d\u00a0\u00a0 \u00a028<br \/>\n1.3. La Comisi\u00f3n T\u00e9cnica y el proyecto de reforma\u00a0\u00a0 \u00a032<br \/>\n1.4. Ley No. 21.200: La reforma para el reemplazo\u00a0\u00a0 \u00a037<br \/>\n1.5. Las reformas posteriores: profundizando democr\u00e1ticamente el acuerdo\u00a0\u00a0 \u00a039<br \/>\n1.5.1. Paridad de g\u00e9nero\u00a0\u00a0 \u00a041<br \/>\n1.5.2. Pueblos ind\u00edgenas\u00a0\u00a0 \u00a043<br \/>\n1.5.3. Participaci\u00f3n de candidaturas independientes\u00a0\u00a0 \u00a045<br \/>\n1.5.4. Personas en situaci\u00f3n de discapacidad\u00a0\u00a0 \u00a047<br \/>\n1.6. El plebiscito del 25O y la elecci\u00f3n de la Convenci\u00f3n\u00a0\u00a0 \u00a048<br \/>\nCap\u00edtulo 2<br \/>\nOrg\u00e1nica de la Convenci\u00f3n Constitucional<br \/>\n1. DISPOSICIONES CONSTITUCIONALES SOBRE LA ORG\u00c1NICA DE LA CONVENCI\u00d3N\u00a0\u00a0 \u00a053<br \/>\n2. OTRAS DISPOSICIONES RELATIVAS A LA ORG\u00c1NICA DE LA CONVENCI\u00d3N\u00a0\u00a0 \u00a053<br \/>\n3. LA PARIDAD EN LA COMPOSICI\u00d3N DE LOS \u00d3RGANOS DE LA CONVENCI\u00d3N CONSTITUCIONAL\u00a0\u00a0 \u00a054<br \/>\n4. LOS \u00d3RGANOS SUPERIORES DE LA CONVENCI\u00d3N\u00a0\u00a0 \u00a057<br \/>\n4.1. El Pleno\u00a0\u00a0 \u00a057<br \/>\n4.2. La Mesa Directiva, la Presidencia y las Vicepresidencias\u00a0\u00a0 \u00a058<br \/>\n5. LAS COMISIONES DE LA CONVENCI\u00d3N\u00a0\u00a0 \u00a061<br \/>\n5.1. Las Comisiones transitorias\u00a0\u00a0 \u00a062<br \/>\n5.1.1. Comisi\u00f3n de Reglamento\u00a0\u00a0 \u00a062<br \/>\n5.1.2. Comisi\u00f3n de \u00c9tica\u00a0\u00a0 \u00a063<br \/>\n5.1.3. Comisi\u00f3n de Presupuestos y Administraci\u00f3n Interior\u00a0\u00a0 \u00a064<br \/>\n5.1.4. Comisi\u00f3n de Derechos Humanos, Verdad Hist\u00f3rica y Bases para la Justicia, Reparaci\u00f3n y Garant\u00edas de No Repetici\u00f3n\u00a0\u00a0 \u00a064<br \/>\n5.1.5. Comisi\u00f3n de Comunicaciones, Informaci\u00f3n y Transparencia\u00a0\u00a0 \u00a065<br \/>\n5.1.6. Comisi\u00f3n de Participaci\u00f3n y Consulta Ind\u00edgena\u00a0\u00a0 \u00a067<br \/>\n5.1.7. Comisi\u00f3n de Participaci\u00f3n Popular y Equidad Territorial\u00a0\u00a0 \u00a068<br \/>\n5.1.8. Comisi\u00f3n de Descentralizaci\u00f3n, Equidad y Justicia Territorial\u00a0\u00a0 \u00a069<br \/>\n5.2. Las Comisiones Tem\u00e1ticas\u00a0\u00a0 \u00a070<br \/>\n5.2.1. Comisi\u00f3n sobre Sistema Pol\u00edtico, Gobierno, Poder Legislativo y Sistema Electoral\u00a0\u00a0 \u00a071<br \/>\n5.2.2. Comisi\u00f3n sobre Principios Constitucionales, Democracia, Nacionalidad y Ciudadan\u00eda\u00a0\u00a0 \u00a071<br \/>\n5.2.3. Comisi\u00f3n de Forma de Estado, Ordenamiento, Autonom\u00eda, Descentralizaci\u00f3n, Equidad, Justicia Territorial, Gobiernos Locales y Organizaci\u00f3n Fiscal\u00a0\u00a0 \u00a072<br \/>\n5.2.4. Comisi\u00f3n sobre Derechos Fundamentales\u00a0\u00a0 \u00a073<br \/>\n5.2.5. Comisi\u00f3n sobre Medio Ambiente, Derechos de la Naturaleza, Bienes Naturales Comunes y Modelo Econ\u00f3mico\u00a0\u00a0 \u00a073<br \/>\n5.2.6. Comisi\u00f3n sobre Sistemas de Justicia, \u00d3rganos Aut\u00f3nomos de Control y Reforma Constitucional\u00a0\u00a0 \u00a074<br \/>\n5.2.7. Comisi\u00f3n sobre sistemas de conocimientos, culturas, ciencia, tecnolog\u00eda, artes y patrimonios\u00a0\u00a0 \u00a075<br \/>\n5.3. Otras comisiones permanentes\u00a0\u00a0 \u00a075<br \/>\n5.3.1. La Comisi\u00f3n Promocional de \u00c9tica y Buen Vivir\u00a0\u00a0 \u00a076<br \/>\n5.3.2. La Comisi\u00f3n de Derechos de los Pueblos Ind\u00edgenas y Plurinacionalidad\u00a0\u00a0 \u00a077<br \/>\n5.3.3. La Comisi\u00f3n de Participaci\u00f3n Popular\u00a0\u00a0 \u00a079<br \/>\n6. LOS MECANISMOS DE ARMONIZACI\u00d3N Y TRANSVERSALIZACI\u00d3N\u00a0\u00a0 \u00a081<br \/>\n6.1. La Comisi\u00f3n de Armonizaci\u00f3n\u00a0\u00a0 \u00a081<br \/>\n6.2. Las coordinaciones de las comisiones tem\u00e1ticas\u00a0\u00a0 \u00a082<br \/>\n6.3. Los enlaces transversales\u00a0\u00a0 \u00a083<br \/>\n7. COMIT\u00c9 DE \u00c9TICA, PROBIDAD, TRANSPARENCIA, PREVENCI\u00d3N Y SANCI\u00d3N DE LAS VIOLENCIAS\u00a0\u00a0 \u00a084<br \/>\n8. LOS \u00d3RGANOS ADMINISTRATIVOS Y ASESORES DE LA CONVENCI\u00d3N\u00a0\u00a0 \u00a085<br \/>\n8.1. La Secretar\u00eda de la Convenci\u00f3n\u00a0\u00a0 \u00a085<br \/>\n8.2. La Secretar\u00eda de Comunicaciones, Informaci\u00f3n y Transparencia\u00a0\u00a0 \u00a086<br \/>\n8.3. La Secretar\u00eda T\u00e9cnica\u00a0\u00a0 \u00a087<br \/>\n8.4. Las secretar\u00edas t\u00e9cnicas especializadas\u00a0\u00a0 \u00a088<br \/>\n8.4.1. Secretar\u00eda T\u00e9cnica y Administrativa\u00a0\u00a0 \u00a089<br \/>\n8.4.2. Secretar\u00eda de Participaci\u00f3n y Consulta ind\u00edgena\u00a0\u00a0 \u00a089<br \/>\n8.4.3. Secretar\u00eda de Participaci\u00f3n Popular\u00a0\u00a0 \u00a091<br \/>\n9. \u00d3RGANOS QUE INTERVIENEN EN LA ADMINISTRACI\u00d3N PRESUPUESTARIA DE LA CONVENCI\u00d3N\u00a0\u00a0 \u00a092<br \/>\n9.1. Secretar\u00eda Administrativa de la Convenci\u00f3n Constitucional\u00a0\u00a0 \u00a092<br \/>\n9.2. El Comit\u00e9 Externo de Asignaciones\u00a0\u00a0 \u00a096<br \/>\n9.3. La Direcci\u00f3n de Administraci\u00f3n, Finanzas y Transparencia\u00a0\u00a0 \u00a097<br \/>\nCap\u00edtulo 3<br \/>\nEstatuto de los y las convencionales constituyentes<br \/>\n1. DISPOSICIONES CONSTITUCIONALES SOBRE EL ESTATUTO DE CONSTITUYENTES\u00a0\u00a0 \u00a099<br \/>\n2. REQUISITOS DE ELEGIBILIDAD DE CONSTITUYENTES\u00a0\u00a0 \u00a0100<br \/>\n3. CAUSALES DE INELEGIBILIDAD DE CONSTITUYENTES\u00a0\u00a0 \u00a0101<br \/>\n4. INCOMPATIBILIDADES DE CONSTITUYENTES\u00a0\u00a0 \u00a0102<br \/>\n5. CESACI\u00d3N EN EL CARGO DE CONSTITUYENTES\u00a0\u00a0 \u00a0104<br \/>\n5.1. Cumplimiento del mandato\u00a0\u00a0 \u00a0104<br \/>\n5.2. Muerte del constituyente en ejercicio\u00a0\u00a0 \u00a0104<br \/>\n5.3. Ausencia del pa\u00eds\u00a0\u00a0 \u00a0104<br \/>\n5.4. P\u00e9rdida de requisitos de elegibilidad e incompatibilidad sobreviniente\u00a0\u00a0 \u00a0105<br \/>\n5.5. Celebrar o caucionar contratos con el Estado, actuar como agente o procurador en gestiones particular de car\u00e1cter administrativo o aceptar ser director de banco, sociedad an\u00f3nima o cargo de similar importancia\u00a0\u00a0 \u00a0105<br \/>\n5.6. Infracci\u00f3n de reglas de transparencia, l\u00edmites y control de gasto electoral\u00a0\u00a0 \u00a0106<br \/>\n5.7. Sanci\u00f3n por infracci\u00f3n del il\u00edcito constitucional del art\u00edculo 19 No. 15 de la Constituci\u00f3n\u00a0\u00a0 \u00a0108<br \/>\n5.8. Actuar como abogado o mandatario en cualquier juicio\u00a0\u00a0 \u00a0109<br \/>\n5.9. Ejercer influencia ante autoridades administrativas o judiciales en materia de negociaciones o conflictos laborales y la actuaci\u00f3n o intervenci\u00f3n en actividades estudiantiles\u00a0\u00a0 \u00a0110<br \/>\n5.10. Infracci\u00f3n a la prohibici\u00f3n de incitaci\u00f3n a la alteraci\u00f3n del orden p\u00fablico o propiciar el cambio del orden jur\u00eddico institucional por medios distintos de los que establece esta Constituci\u00f3n, o que comprometa gravemente la seguridad o el honor de la Naci\u00f3n.\u00a0\u00a0 \u00a0112<br \/>\n5.11. Renuncia por enfermedad grave.\u00a0\u00a0 \u00a0112<br \/>\n6. VACANCIA DE CONSTITUYENTE\u00a0\u00a0 \u00a0113<br \/>\n6.1. Regulaci\u00f3n constitucional de la vacancia\u00a0\u00a0 \u00a0113<br \/>\n6.2. La vacancia en el Reglamento General\u00a0\u00a0 \u00a0114<br \/>\n7. INVIOLABILIDAD EN EL CARGO\u00a0\u00a0 \u00a0115<br \/>\n8. FUERO DE CONSTITUYENTES\u00a0\u00a0 \u00a0116<br \/>\n9. REGLAS ESPECIALES DE PROBIDAD Y LOBBY\u00a0\u00a0 \u00a0118<br \/>\n9.1. Aplicaci\u00f3n de la Ley No. 20.880, Sobre probidad de la funci\u00f3n p\u00fablica\u00a0\u00a0 \u00a0118<br \/>\n9.2. Aplicaci\u00f3n de la Ley No. 20.730, Regula el lobby y las gestiones que representen intereses particulares ante las autoridades y funcionarios\u00a0\u00a0 \u00a0119<br \/>\n10. REGLAS ESPECIALES DE \u00c9TICA Y CONVIVENCIA\u00a0\u00a0 \u00a0120<br \/>\n10.1. El objeto y alcance del Reglamento de \u00c9tica\u00a0\u00a0 \u00a0121<br \/>\n10.2. Discriminaci\u00f3n y violencia de g\u00e9nero\u00a0\u00a0 \u00a0122<br \/>\n10.2.1. Igualdad y no discriminaci\u00f3n\u00a0\u00a0 \u00a0122<br \/>\n10.2.2. \u00a0Violencia de g\u00e9nero\u00a0\u00a0 \u00a0124<br \/>\n10.3. Limitaciones al discurso p\u00fablico\u00a0\u00a0 \u00a0128<br \/>\n10.4. Infracciones y sanciones al Reglamento de \u00c9tica\u00a0\u00a0 \u00a0131<br \/>\n10.4.1. El r\u00e9gimen infraccional de la Convenci\u00f3n bajo el Reglamento de \u00c9tica\u00a0\u00a0 \u00a0131<br \/>\n10.4.2. El r\u00e9gimen de sanciones del Reglamento de \u00c9tica\u00a0\u00a0 \u00a0132<br \/>\n10.5. Promoci\u00f3n de la \u00e9tica y el buen vivir\u00a0\u00a0 \u00a0135<br \/>\n11. DERECHOS Y DEBERES DE LOS Y LAS CONSTITUYENTES\u00a0\u00a0 \u00a0136<br \/>\n11.1. Derechos de los y las constituyentes\u00a0\u00a0 \u00a0136<br \/>\n11.2. Deberes de los y las constituyentes\u00a0\u00a0 \u00a0138<br \/>\n12. RETRIBUCI\u00d3N Y ASIGNACIONES DE LOS Y LAS CONSTITUYENTES\u00a0\u00a0 \u00a0140<br \/>\n12.1. Retribuci\u00f3n de los y las constituyentes\u00a0\u00a0 \u00a0140<br \/>\n12.2. Asignaciones de los y las constituyentes\u00a0\u00a0 \u00a0141<br \/>\nCap\u00edtulo 4<br \/>\nProcedimiento de creaci\u00f3n de normas constitucionales<br \/>\n1. REGLAS SOBRE EL PROCEDIMIENTO EN LA CONSTITUCI\u00d3N DE 1980\u00a0\u00a0 \u00a0143<br \/>\n2. NORMAS B\u00c1SICAS PARA EL FUNCIONAMIENTO PROVISIONAL DE LA CONVENCI\u00d3N CONSTITUCIONAL\u00a0\u00a0 \u00a0144<br \/>\n2.1. \u00a0El Reglamento Provisional y la propuesta de Reglamento General\u00a0\u00a0 \u00a0144<br \/>\n2.2. \u00a0La calificaci\u00f3n de las normas reglamentarias\u00a0\u00a0 \u00a0145<br \/>\n2.3. \u00a0El problema de los 2\/3\u00a0\u00a0 \u00a0147<br \/>\n2.4. \u00a0Sin reclamaciones ante la Corte Suprema\u00a0\u00a0 \u00a0149<br \/>\n3. EL PROCEDIMIENTO DE FORMULACI\u00d3N DE NORMAS CONSTITUCIONALES\u00a0\u00a0 \u00a0150<br \/>\n3.1. \u00a0Apertura\/Inicio del debate constitucional.\u00a0\u00a0 \u00a0150<br \/>\n3.2. \u00a0Iniciativas constituyentes\u00a0\u00a0 \u00a0151<br \/>\n3.2.1. Iniciativa popular constituyente\u00a0\u00a0 \u00a0152<br \/>\n3.2.2. Iniciativas convencionales constituyentes\u00a0\u00a0 \u00a0155<br \/>\n3.3. Elaboraci\u00f3n de propuestas de normas constitucionales en las comisiones\u00a0\u00a0 \u00a0157<br \/>\n3.3.1. Discusi\u00f3n y decisi\u00f3n\u00a0\u00a0 \u00a0157<br \/>\n3.3.2. Participaci\u00f3n popular al interior de las comisiones\u00a0\u00a0 \u00a0159<br \/>\n3.3.3. Mecanismo de transversalizaci\u00f3n\u00a0\u00a0 \u00a0159<br \/>\n3.3.4. Informe y remisi\u00f3n de propuesta normativa\u00a0\u00a0 \u00a0161<br \/>\n3.4. Debate y decisi\u00f3n por el Pleno\u00a0\u00a0 \u00a0162<br \/>\n3.4.1. Lectura, debate y aprobaci\u00f3n general\u00a0\u00a0 \u00a0162<br \/>\n3.4.2. Debate y aprobaci\u00f3n\/rechazo en particular\u00a0\u00a0 \u00a0162<br \/>\n3.5. Plebiscito dirimente\u00a0\u00a0 \u00a0165<br \/>\n3.5.1. Regulaci\u00f3n\u00a0\u00a0 \u00a0165<br \/>\n3.5.2. La viabilidad del plebiscito dirimente\u00a0\u00a0 \u00a0166<br \/>\n3.6. Cierre del debate constitucional\u00a0\u00a0 \u00a0168<br \/>\n3.6.1. Cierre del debate\u00a0\u00a0 \u00a0168<br \/>\n3.6.2. Pr\u00f3rroga del Plazo\u00a0\u00a0 \u00a0169<br \/>\n3.7. Revisi\u00f3n y armonizaci\u00f3n del Proyecto de Constituci\u00f3n\u00a0\u00a0 \u00a0169<br \/>\n3.8. Presentaci\u00f3n de la Propuesta de Constituci\u00f3n\u00a0\u00a0 \u00a0171<br \/>\n3.9. Plebiscito de salida\u00a0\u00a0 \u00a0172<br \/>\nBibliograf\u00eda citada\u00a0\u00a0 \u00a0175<br \/>\n&nbsp;<\/p>\n","protected":false},"excerpt":{"rendered":"<p>El proceso constituyente chileno tiene un \u00f3rgano protagonista: la Convenci\u00f3n Constitucional. Se trata de una instituci\u00f3n que no tiene parang\u00f3n en nuestra tradici\u00f3n constitucional. Su integraci\u00f3n es novedosa: para la elecci\u00f3n de sus integrantes se contempl\u00f3 un mecanismo que asegur\u00f3 su composici\u00f3n paritaria, se consagraron esca\u00f1os reservados para pueblos originarios y cuotas de candidaturas para personas con discapacidad. Aunque la Convenci\u00f3n se concibe a s\u00ed misma como una asamblea convocada por el pueblo de Chile para ejercer el poder constituyente originario y estamos ante un proceso constituyente, se trata de un proceso fuertemente ordenado por principios y reglas; algunas contenidas en el texto constitucional y otras en los reglamentos de la Convenci\u00f3n. Este libro representa un esfuerzo sistem\u00e1tico por ofrecer una interpretaci\u00f3n coherente y democr\u00e1tica de esas reglas y principios, con el objeto de describir y analizar a la Convenci\u00f3n Constitucional de Chile. Es un breve manual de la Convenci\u00f3n, facilitando la sistematizaci\u00f3n de sus reglas y su estudio. \u00cdndice Pr\u00f3logo\u00a0\u00a0 \u00a013 Jaime Bassa Mercado Introducci\u00f3n\u00a0\u00a0 \u00a017 Cap\u00edtulo I Origen de la Convenci\u00f3n Constitucional 1. Origen de la Convenci\u00f3n Constitucional\u00a0\u00a0 \u00a023 1.1. Antecedentes de la Convenci\u00f3n Constitucional\u00a0\u00a0 \u00a023 1.2. El \u201cAcuerdo por la paz social y la Nueva Constituci\u00f3n\u201d\u00a0\u00a0 \u00a028 1.3. La Comisi\u00f3n T\u00e9cnica y el proyecto de reforma\u00a0\u00a0 \u00a032 1.4. Ley No. 21.200: La reforma para el reemplazo\u00a0\u00a0 \u00a037 1.5. Las reformas posteriores: profundizando democr\u00e1ticamente el acuerdo\u00a0\u00a0 \u00a039 1.5.1. Paridad de g\u00e9nero\u00a0\u00a0 \u00a041 1.5.2. Pueblos ind\u00edgenas\u00a0\u00a0 \u00a043 1.5.3. Participaci\u00f3n de candidaturas independientes\u00a0\u00a0 \u00a045 1.5.4. Personas en situaci\u00f3n de discapacidad\u00a0\u00a0 \u00a047 1.6. El plebiscito del 25O y la elecci\u00f3n de la Convenci\u00f3n\u00a0\u00a0 \u00a048 Cap\u00edtulo 2 Org\u00e1nica de la Convenci\u00f3n Constitucional 1. DISPOSICIONES CONSTITUCIONALES SOBRE LA ORG\u00c1NICA DE LA CONVENCI\u00d3N\u00a0\u00a0 \u00a053 2. OTRAS DISPOSICIONES RELATIVAS A LA ORG\u00c1NICA DE LA CONVENCI\u00d3N\u00a0\u00a0 \u00a053 3. LA PARIDAD EN LA COMPOSICI\u00d3N DE LOS \u00d3RGANOS DE LA CONVENCI\u00d3N CONSTITUCIONAL\u00a0\u00a0 \u00a054 4. LOS \u00d3RGANOS SUPERIORES DE LA CONVENCI\u00d3N\u00a0\u00a0 \u00a057 4.1. El Pleno\u00a0\u00a0 \u00a057 4.2. La Mesa Directiva, la Presidencia y las Vicepresidencias\u00a0\u00a0 \u00a058 5. LAS COMISIONES DE LA CONVENCI\u00d3N\u00a0\u00a0 \u00a061 5.1. Las Comisiones transitorias\u00a0\u00a0 \u00a062 5.1.1. Comisi\u00f3n de Reglamento\u00a0\u00a0 \u00a062 5.1.2. Comisi\u00f3n de \u00c9tica\u00a0\u00a0 \u00a063 5.1.3. Comisi\u00f3n de Presupuestos y Administraci\u00f3n Interior\u00a0\u00a0 \u00a064 5.1.4. Comisi\u00f3n de Derechos Humanos, Verdad Hist\u00f3rica y Bases para la Justicia, Reparaci\u00f3n y Garant\u00edas de No Repetici\u00f3n\u00a0\u00a0 \u00a064 5.1.5. Comisi\u00f3n de Comunicaciones, Informaci\u00f3n y Transparencia\u00a0\u00a0 \u00a065 5.1.6. Comisi\u00f3n de Participaci\u00f3n y Consulta Ind\u00edgena\u00a0\u00a0 \u00a067 5.1.7. Comisi\u00f3n de Participaci\u00f3n Popular y Equidad Territorial\u00a0\u00a0 \u00a068 5.1.8. Comisi\u00f3n de Descentralizaci\u00f3n, Equidad y Justicia Territorial\u00a0\u00a0 \u00a069 5.2. Las Comisiones Tem\u00e1ticas\u00a0\u00a0 \u00a070 5.2.1. Comisi\u00f3n sobre Sistema Pol\u00edtico, Gobierno, Poder Legislativo y Sistema Electoral\u00a0\u00a0 \u00a071 5.2.2. Comisi\u00f3n sobre Principios Constitucionales, Democracia, Nacionalidad y Ciudadan\u00eda\u00a0\u00a0 \u00a071 5.2.3. Comisi\u00f3n de Forma de Estado, Ordenamiento, Autonom\u00eda, Descentralizaci\u00f3n, Equidad, Justicia Territorial, Gobiernos Locales y Organizaci\u00f3n Fiscal\u00a0\u00a0 \u00a072 5.2.4. Comisi\u00f3n sobre Derechos Fundamentales\u00a0\u00a0 \u00a073 5.2.5. Comisi\u00f3n sobre Medio Ambiente, Derechos de la Naturaleza, Bienes Naturales Comunes y Modelo Econ\u00f3mico\u00a0\u00a0 \u00a073 5.2.6. Comisi\u00f3n sobre Sistemas de Justicia, \u00d3rganos Aut\u00f3nomos de Control y Reforma Constitucional\u00a0\u00a0 \u00a074 5.2.7. Comisi\u00f3n sobre sistemas de conocimientos, culturas, ciencia, tecnolog\u00eda, artes y patrimonios\u00a0\u00a0 \u00a075 5.3. Otras comisiones permanentes\u00a0\u00a0 \u00a075 5.3.1. La Comisi\u00f3n Promocional de \u00c9tica y Buen Vivir\u00a0\u00a0 \u00a076 5.3.2. La Comisi\u00f3n de Derechos de los Pueblos Ind\u00edgenas y Plurinacionalidad\u00a0\u00a0 \u00a077 5.3.3. La Comisi\u00f3n de Participaci\u00f3n Popular\u00a0\u00a0 \u00a079 6. LOS MECANISMOS DE ARMONIZACI\u00d3N Y TRANSVERSALIZACI\u00d3N\u00a0\u00a0 \u00a081 6.1. La Comisi\u00f3n de Armonizaci\u00f3n\u00a0\u00a0 \u00a081 6.2. Las coordinaciones de las comisiones tem\u00e1ticas\u00a0\u00a0 \u00a082 6.3. Los enlaces transversales\u00a0\u00a0 \u00a083 7. COMIT\u00c9 DE \u00c9TICA, PROBIDAD, TRANSPARENCIA, PREVENCI\u00d3N Y SANCI\u00d3N DE LAS VIOLENCIAS\u00a0\u00a0 \u00a084 8. LOS \u00d3RGANOS ADMINISTRATIVOS Y ASESORES DE LA CONVENCI\u00d3N\u00a0\u00a0 \u00a085 8.1. La Secretar\u00eda de la Convenci\u00f3n\u00a0\u00a0 \u00a085 8.2. La Secretar\u00eda de Comunicaciones, Informaci\u00f3n y Transparencia\u00a0\u00a0 \u00a086 8.3. La Secretar\u00eda T\u00e9cnica\u00a0\u00a0 \u00a087 8.4. Las secretar\u00edas t\u00e9cnicas especializadas\u00a0\u00a0 \u00a088 8.4.1. Secretar\u00eda T\u00e9cnica y Administrativa\u00a0\u00a0 \u00a089 8.4.2. Secretar\u00eda de Participaci\u00f3n y Consulta ind\u00edgena\u00a0\u00a0 \u00a089 8.4.3. Secretar\u00eda de Participaci\u00f3n Popular\u00a0\u00a0 \u00a091 9. \u00d3RGANOS QUE INTERVIENEN EN LA ADMINISTRACI\u00d3N PRESUPUESTARIA DE LA CONVENCI\u00d3N\u00a0\u00a0 \u00a092 9.1. Secretar\u00eda Administrativa de la Convenci\u00f3n Constitucional\u00a0\u00a0 \u00a092 9.2. El Comit\u00e9 Externo de Asignaciones\u00a0\u00a0 \u00a096 9.3. La Direcci\u00f3n de Administraci\u00f3n, Finanzas y Transparencia\u00a0\u00a0 \u00a097 Cap\u00edtulo 3 Estatuto de los y las convencionales constituyentes 1. DISPOSICIONES CONSTITUCIONALES SOBRE EL ESTATUTO DE CONSTITUYENTES\u00a0\u00a0 \u00a099 2. REQUISITOS DE ELEGIBILIDAD DE CONSTITUYENTES\u00a0\u00a0 \u00a0100 3. CAUSALES DE INELEGIBILIDAD DE CONSTITUYENTES\u00a0\u00a0 \u00a0101 4. INCOMPATIBILIDADES DE CONSTITUYENTES\u00a0\u00a0 \u00a0102 5. CESACI\u00d3N EN EL CARGO DE CONSTITUYENTES\u00a0\u00a0 \u00a0104 5.1. Cumplimiento del mandato\u00a0\u00a0 \u00a0104 5.2. Muerte del constituyente en ejercicio\u00a0\u00a0 \u00a0104 5.3. Ausencia del pa\u00eds\u00a0\u00a0 \u00a0104 5.4. P\u00e9rdida de requisitos de elegibilidad e incompatibilidad sobreviniente\u00a0\u00a0 \u00a0105 5.5. Celebrar o caucionar contratos con el Estado, actuar como agente o procurador en gestiones particular de car\u00e1cter administrativo o aceptar ser director de banco, sociedad an\u00f3nima o cargo de similar importancia\u00a0\u00a0 \u00a0105 5.6. Infracci\u00f3n de reglas de transparencia, l\u00edmites y control de gasto electoral\u00a0\u00a0 \u00a0106 5.7. Sanci\u00f3n por infracci\u00f3n del il\u00edcito constitucional del art\u00edculo 19 No. 15 de la Constituci\u00f3n\u00a0\u00a0 \u00a0108 5.8. Actuar como abogado o mandatario en cualquier juicio\u00a0\u00a0 \u00a0109 5.9. Ejercer influencia ante autoridades administrativas o judiciales en materia de negociaciones o conflictos laborales y la actuaci\u00f3n o intervenci\u00f3n en actividades estudiantiles\u00a0\u00a0 \u00a0110 5.10. Infracci\u00f3n a la prohibici\u00f3n de incitaci\u00f3n a la alteraci\u00f3n del orden p\u00fablico o propiciar el cambio del orden jur\u00eddico institucional por medios distintos de los que establece esta Constituci\u00f3n, o que comprometa gravemente la seguridad o el honor de la Naci\u00f3n.\u00a0\u00a0 \u00a0112 5.11. Renuncia por enfermedad grave.\u00a0\u00a0 \u00a0112 6. VACANCIA DE CONSTITUYENTE\u00a0\u00a0 \u00a0113 6.1. Regulaci\u00f3n constitucional de la vacancia\u00a0\u00a0 \u00a0113 6.2. La vacancia en el Reglamento General\u00a0\u00a0 \u00a0114 7. INVIOLABILIDAD EN EL CARGO\u00a0\u00a0 \u00a0115 8. FUERO DE CONSTITUYENTES\u00a0\u00a0 \u00a0116 9. REGLAS ESPECIALES DE PROBIDAD Y LOBBY\u00a0\u00a0 \u00a0118 9.1. Aplicaci\u00f3n de la Ley No. 20.880, Sobre probidad de la funci\u00f3n p\u00fablica\u00a0\u00a0 \u00a0118 9.2. Aplicaci\u00f3n de la Ley No. 20.730, Regula el lobby y las gestiones que representen intereses particulares ante las autoridades y funcionarios\u00a0\u00a0 \u00a0119 10. REGLAS ESPECIALES DE \u00c9TICA Y CONVIVENCIA\u00a0\u00a0 \u00a0120 10.1. El objeto y alcance del Reglamento de \u00c9tica\u00a0\u00a0 \u00a0121 10.2. Discriminaci\u00f3n y violencia de g\u00e9nero\u00a0\u00a0 \u00a0122 10.2.1. Igualdad y no discriminaci\u00f3n\u00a0\u00a0 \u00a0122 10.2.2. \u00a0Violencia de g\u00e9nero\u00a0\u00a0<\/p>\n","protected":false},"featured_media":3765,"comment_status":"open","ping_status":"closed","template":"","meta":{"inline_featured_image":false,"_joinchat":[]},"product_brand":[],"product_cat":[33],"product_tag":[],"class_list":{"0":"post-3710","1":"product","2":"type-product","3":"status-publish","4":"has-post-thumbnail","6":"product_cat-constitucional","7":"product_shipping_class-a-convenir","9":"first","10":"instock","11":"shipping-taxable","12":"purchasable","13":"product-type-simple"},"_links":{"self":[{"href":"https:\/\/bibliotecajuridicavirtual.cl\/index.php\/wp-json\/wp\/v2\/product\/3710","targetHints":{"allow":["GET"]}}],"collection":[{"href":"https:\/\/bibliotecajuridicavirtual.cl\/index.php\/wp-json\/wp\/v2\/product"}],"about":[{"href":"https:\/\/bibliotecajuridicavirtual.cl\/index.php\/wp-json\/wp\/v2\/types\/product"}],"replies":[{"embeddable":true,"href":"https:\/\/bibliotecajuridicavirtual.cl\/index.php\/wp-json\/wp\/v2\/comments?post=3710"}],"wp:featuredmedia":[{"embeddable":true,"href":"https:\/\/bibliotecajuridicavirtual.cl\/index.php\/wp-json\/wp\/v2\/media\/3765"}],"wp:attachment":[{"href":"https:\/\/bibliotecajuridicavirtual.cl\/index.php\/wp-json\/wp\/v2\/media?parent=3710"}],"wp:term":[{"taxonomy":"product_brand","embeddable":true,"href":"https:\/\/bibliotecajuridicavirtual.cl\/index.php\/wp-json\/wp\/v2\/product_brand?post=3710"},{"taxonomy":"product_cat","embeddable":true,"href":"https:\/\/bibliotecajuridicavirtual.cl\/index.php\/wp-json\/wp\/v2\/product_cat?post=3710"},{"taxonomy":"product_tag","embeddable":true,"href":"https:\/\/bibliotecajuridicavirtual.cl\/index.php\/wp-json\/wp\/v2\/product_tag?post=3710"}],"curies":[{"name":"wp","href":"https:\/\/api.w.org\/{rel}","templated":true}]}}