{"id":3712,"date":"2026-02-28T01:19:43","date_gmt":"2026-02-28T04:19:43","guid":{"rendered":"https:\/\/bibliotecajuridicavirtual.cl\/?post_type=product&#038;p=3712"},"modified":"2026-02-28T01:20:10","modified_gmt":"2026-02-28T04:20:10","slug":"el-nuevo-reglamento-procesal-de-arbitraje-del-centro-de-arbitraje-y-mediacion-de-santiago-cam-santiago-ano-2021-160-pag-autor-alejandro-romero-seguel","status":"publish","type":"product","link":"https:\/\/bibliotecajuridicavirtual.cl\/index.php\/product\/el-nuevo-reglamento-procesal-de-arbitraje-del-centro-de-arbitraje-y-mediacion-de-santiago-cam-santiago-ano-2021-160-pag-autor-alejandro-romero-seguel\/","title":{"rendered":"El nuevo reglamento procesal de arbitraje del centro de arbitraje y mediaci\u00f3n de Santiago (CAM Santiago) A\u00f1o 2021\/ 160 P\u00e1g. Autor Alejandro Romero Seguel"},"content":{"rendered":"<p>El 1 de abril de 2021 entr\u00f3 a regir el nuevo Reglamento Procesal de Arbitraje Nacional del centro de Arbitraje y Mediaci\u00f3n (CAM) de la\u00a0 C\u00e1mara de Comercio de Santiago (CCS). El presente trabajo comenta las principales<br \/>\ndisposiciones del nuevo Reglamento. A trav\u00e9s de esta regulaci\u00f3n se busca una renovaci\u00f3n profunda<br \/>\ndel derecho de arbitraje en Chile. Para una mejor comprensi\u00f3n de los temas se incluyen las referencias doctrinales y jurisprudenciales que pueden ser puedan ayudar a profundizar en los<br \/>\nm\u00faltiples problemas que surgen en los arbitrajes. La experiencia del autor, como \u00e1rbitro de la<br \/>\nn\u00f3mina del CAM Santiago y del sistema de Concesiones del Ministerio de Obras P\u00fablicas, le ha permitido dar una visi\u00f3n pr\u00e1ctica a este\u00a0 estudio monogr\u00e1fico.<\/p>\n<p>\u00cdndice<br \/>\nPresentaci\u00f3n\u00a0\u00a0 \u00a013<br \/>\nI. EL ARBITRAJE INSTITUCIONAL DEL CAM SANTIAGO<br \/>\n1. El Centro de Arbitraje y Mediaci\u00f3n (CAM) de la C\u00e1mara de Comercio de Santiago (CCS)\u00a0\u00a0 \u00a0 \u00a0 15<br \/>\n2. La autonom\u00eda de la voluntad y su proyecci\u00f3n \u00a0\u00a0 \u00a0 \u00a0 17<br \/>\n3. Contenido esencial de la nueva regulaci\u00f3n \u00a0\u00a0 \u00a0 \u00a0 20<br \/>\n4. L\u00edmites a la autonom\u00eda de la voluntad \u00a0\u00a0\u00a0 \u00a0 \u00a0 26<br \/>\nII. LA CONVENCI\u00d3N DE ARBITRAJE INSTITUCIONAL<br \/>\n1. El acuerdo de arbitraje\u00a0\u00a0 \u00a0 \u00a0 31<br \/>\n2. La relaci\u00f3n contractual en el arbitraje institucional \u00a0\u00a0 \u00a0 \u00a0 33<br \/>\n3. Los efectos procesales de la cl\u00e1usula de arbitraje \u00a0\u00a0 \u00a0 \u00a0 35<br \/>\n4. El efecto relativo de la cl\u00e1usula de arbitraje \u00a0\u00a0 \u00a0 \u00a0 37<br \/>\n5. La incorporaci\u00f3n de partes que no suscribieron la cl\u00e1usula arbitral\u00a0\u00a0 \u00a0 \u00a0 38<br \/>\n6. La cl\u00e1usula por referencia \u00a0\u00a0 \u00a0 \u00a0 41<br \/>\nIII. Los \u00e1rbitros<br \/>\n1. Descripci\u00f3n general \u00a0\u00a0 \u00a0 \u00a0 45<br \/>\n2. La calidad en que pueden ser nombrados los \u00e1rbitros \u00a0\u00a0 \u00a0 \u00a0 47<br \/>\n3. La nominaci\u00f3n de los \u00e1rbitros \u00a0\u00a0 \u00a0 \u00a0 48<br \/>\n4. El tribunal arbitral colegiado \u00a0\u00a0 \u00a0 \u00a0 50<br \/>\n4.1. El principio de la colegialidad\u00a0\u00a0 \u00a0 \u00a0 51<br \/>\n4.2. La elecci\u00f3n del presidente y su funci\u00f3n \u00a0\u00a0 \u00a0 \u00a0 53<br \/>\n5. El \u00e1rbitro de parte\u00a0\u00a0 \u00a0 \u00a0 54<br \/>\n6. La protecci\u00f3n de la independencia e imparcialidad \u00a0\u00a0 \u00a0 \u00a0 57<br \/>\n7. El contenido del deber de revelaci\u00f3n antes de la nominaci\u00f3n \u00a0\u00a0 \u00a0 \u00a0 59<br \/>\n7.1. Los conflictos de intereses \u00a0\u00a0 \u00a0 \u00a0 59<br \/>\n7.2. La declaraci\u00f3n preventiva sobre las causales de implicancia y recusaci\u00f3n \u00a0\u00a0 \u00a0 \u00a0 64<br \/>\n8. El mecanismo para controlar la imparcialidad del \u00e1rbitro \u00a0\u00a0 \u00a0 \u00a0 70<br \/>\n8.1. La recusaci\u00f3n del \u00e1rbitro antes de su instalaci\u00f3n \u00a0\u00a0 \u00a0 \u00a0 71<br \/>\n8.2. La recusaci\u00f3n del \u00e1rbitro despu\u00e9s de su instalaci\u00f3n\u00a0\u00a0 \u00a0 \u00a0 72<br \/>\n9. La competencia del \u00e1rbitro \u00a0\u00a0 \u00a0 \u00a0 75<br \/>\n10. El \u00e1rbitro reemplazante \u00a0\u00a0 \u00a0 \u00a0 76<br \/>\n11. El honorario del \u00e1rbitro\u00a0\u00a0 \u00a0 \u00a0 77<br \/>\n12. La insolvencia de una parte y el no pago de honorarios \u00a0\u00a0 \u00a0 \u00a0 79<br \/>\nIV. el procedimiento arbitral<br \/>\n1. La conducci\u00f3n del procedimiento por el \u00e1rbitro\u00a0\u00a0 \u00a0 \u00a0 81<br \/>\n2. La instalaci\u00f3n del tribunal arbitral y sus efectos\u00a0\u00a0 \u00a0 \u00a0 82<br \/>\n3. Principios que rigen la sustanciaci\u00f3n del arbitraje\u00a0\u00a0 \u00a0 \u00a0 83<br \/>\n3.1. El principio de igualdad\u00a0\u00a0 \u00a0 \u00a0 83<br \/>\n3.2. El principio de buena fe\u00a0\u00a0 \u00a0 \u00a0 84<br \/>\n3.3. El principio de preclusi\u00f3n\u00a0\u00a0 \u00a0 \u00a0 85<br \/>\n4. Sede y lugar del arbitraje\u00a0\u00a0 \u00a0 \u00a0 87<br \/>\n5. Plazo del arbitraje y disponibilidad del \u00e1rbitro\u00a0\u00a0 \u00a0 \u00a0 88<br \/>\n5.1. Regla general\u00a0\u00a0 \u00a0 \u00a0 88<br \/>\n5.2. La suspensi\u00f3n del plazo\u00a0\u00a0 \u00a0 \u00a0 89<br \/>\n6. R\u00e9gimen de notificaciones \u00a0\u00a0 \u00a0 \u00a0 89<br \/>\n7. \u00a0D\u00edas y horas h\u00e1biles \u00a0\u00a0 \u00a0 \u00a0 91<br \/>\n8. C\u00f3mputo de plazos \u00a0\u00a0 \u00a0 \u00a0 91<br \/>\n9. La audiencia de fijaci\u00f3n de bases de procedimiento\u00a0\u00a0 \u00a0 \u00a0 92<br \/>\n9.1. Su contenido m\u00ednimo\u00a0\u00a0 \u00a0 \u00a0 92<br \/>\n9.2. Otras posibilidades para organizar el procedimiento\u00a0\u00a0 \u00a0 \u00a0 94<br \/>\n10. Forma de las actuaciones arbitrales\u00a0\u00a0 \u00a0 \u00a0 96<br \/>\n10.1. El idioma\u00a0\u00a0 \u00a0 \u00a0 96<br \/>\n10.2. La confidencialidad\u00a0\u00a0 \u00a0 \u00a0 96<br \/>\n10.3. Actos procesales y uso de medios tecnol\u00f3gicos\u00a0\u00a0 \u00a0 \u00a0 98<br \/>\n10.4. El actuario\u00a0\u00a0 \u00a0 \u00a0 99<br \/>\n10.5. Presentaci\u00f3n de escritos\u00a0\u00a0 \u00a0 \u00a0 100<br \/>\n10.6. De las audiencias arbitrales\u00a0\u00a0 \u00a0 \u00a0 100<br \/>\n10.7. La comunicaci\u00f3n del \u00e1rbitro con las partes\u00a0\u00a0 \u00a0 \u00a0 101<br \/>\n10.8. La asistencia judicial \u00a0\u00a0 \u00a0 \u00a0 102<br \/>\n11. La duplicidad de procedimientos en el RPA\u00a0\u00a0 \u00a0 \u00a0 103<br \/>\n11.1. El procedimiento abreviado \u00a0\u00a0 \u00a0 \u00a0 103<br \/>\n11.2. El procedimiento general \u00a0\u00a0 \u00a0 \u00a0 104<br \/>\n12. Las medidas precautorias\u00a0\u00a0 \u00a0 \u00a0 106<br \/>\n13. La terminaci\u00f3n anticipada del procedimiento arbitral \u00a0\u00a0 \u00a0 \u00a0 108<br \/>\n14. La terminaci\u00f3n del procedimiento arbitral por el laudo\u00a0\u00a0 \u00a0 \u00a0 110<br \/>\n14.1. Reglas generales \u00a0\u00a0 \u00a0 \u00a0 110<br \/>\n14.2. La deliberaci\u00f3n del tribunal arbitral colegiado \u00a0\u00a0 \u00a0 \u00a0 113<br \/>\n15. La condena costas \u00a0\u00a0 \u00a0 \u00a0 114<br \/>\n16. La ejecuci\u00f3n del laudo\u00a0\u00a0 \u00a0 \u00a0 116<br \/>\n17. El arbitraje irritual o desformalizado\u00a0\u00a0 \u00a0 \u00a0 118<br \/>\nV. La PRUEBA EN EL REGLAMENTO PROCESAL DE ARBITRAJE<br \/>\n1. El derecho a la prueba y los acuerdos de prueba\u00a0\u00a0 \u00a0 \u00a0 119<br \/>\n2. El objeto de la prueba\u00a0\u00a0 \u00a0 \u00a0 123<br \/>\n3. Las reglas supletorias para producir la prueba \u00a0\u00a0 \u00a0 \u00a0 123<br \/>\n3.1. La prueba pericial\u00a0\u00a0 \u00a0 \u00a0 123<br \/>\n3.2. La prueba testimonial y la declaraci\u00f3n de parte\u00a0\u00a0 \u00a0 \u00a0 124<br \/>\n5. Las formalidades para la producci\u00f3n de la prueba\u00a0\u00a0 \u00a0 \u00a0 126<br \/>\n5.1. El ofrecimiento de la prueba y la oportunidad para rendirla\u00a0\u00a0 \u00a0 \u00a0 126<br \/>\n5.2. La posibilidad de utilizar medios tecnol\u00f3gicos\u00a0\u00a0 \u00a0 \u00a0 127<br \/>\n5.3. Los alegatos de bien probado y las observaciones a la prueba\u00a0\u00a0 \u00a0 \u00a0 127<br \/>\n6. La prueba que puede disponer de oficio el tribunal arbitral \u00a0\u00a0 \u00a0 \u00a0 127<br \/>\n7. La exhibici\u00f3n de documentos \u00a0\u00a0 \u00a0 \u00a0 129<br \/>\n8. Otras modalidades para rendir prueba\u00a0\u00a0 \u00a0 \u00a0 129<br \/>\nVI. La impugnaci\u00d3n arbitral<br \/>\n1. Explicaci\u00f3n general\u00a0\u00a0 \u00a0 \u00a0 131<br \/>\n2. La posibilidad de renunciar a los recursos\u00a0\u00a0 \u00a0 \u00a0 132<br \/>\n3. El problema del reenv\u00edo en el arbitraje \u00a0\u00a0 \u00a0 \u00a0 134<br \/>\n4. Esquema del sistema recursivo \u00a0\u00a0 \u00a0 \u00a0 136<br \/>\nBIBLIOGRAF\u00cdA<br \/>\nRecopilaciones de jurisprudencia\u00a0\u00a0 \u00a0 \u00a0 152<\/p>\n","protected":false},"excerpt":{"rendered":"<p>El 1 de abril de 2021 entr\u00f3 a regir el nuevo Reglamento Procesal de Arbitraje Nacional del centro de Arbitraje y Mediaci\u00f3n (CAM) de la\u00a0 C\u00e1mara de Comercio de Santiago (CCS). El presente trabajo comenta las principales disposiciones del nuevo Reglamento. A trav\u00e9s de esta regulaci\u00f3n se busca una renovaci\u00f3n profunda del derecho de arbitraje en Chile. Para una mejor comprensi\u00f3n de los temas se incluyen las referencias doctrinales y jurisprudenciales que pueden ser puedan ayudar a profundizar en los m\u00faltiples problemas que surgen en los arbitrajes. La experiencia del autor, como \u00e1rbitro de la n\u00f3mina del CAM Santiago y del sistema de Concesiones del Ministerio de Obras P\u00fablicas, le ha permitido dar una visi\u00f3n pr\u00e1ctica a este\u00a0 estudio monogr\u00e1fico. \u00cdndice Presentaci\u00f3n\u00a0\u00a0 \u00a013 I. EL ARBITRAJE INSTITUCIONAL DEL CAM SANTIAGO 1. El Centro de Arbitraje y Mediaci\u00f3n (CAM) de la C\u00e1mara de Comercio de Santiago (CCS)\u00a0\u00a0 \u00a0 \u00a0 15 2. La autonom\u00eda de la voluntad y su proyecci\u00f3n \u00a0\u00a0 \u00a0 \u00a0 17 3. Contenido esencial de la nueva regulaci\u00f3n \u00a0\u00a0 \u00a0 \u00a0 20 4. L\u00edmites a la autonom\u00eda de la voluntad \u00a0\u00a0\u00a0 \u00a0 \u00a0 26 II. LA CONVENCI\u00d3N DE ARBITRAJE INSTITUCIONAL 1. El acuerdo de arbitraje\u00a0\u00a0 \u00a0 \u00a0 31 2. La relaci\u00f3n contractual en el arbitraje institucional \u00a0\u00a0 \u00a0 \u00a0 33 3. Los efectos procesales de la cl\u00e1usula de arbitraje \u00a0\u00a0 \u00a0 \u00a0 35 4. El efecto relativo de la cl\u00e1usula de arbitraje \u00a0\u00a0 \u00a0 \u00a0 37 5. La incorporaci\u00f3n de partes que no suscribieron la cl\u00e1usula arbitral\u00a0\u00a0 \u00a0 \u00a0 38 6. La cl\u00e1usula por referencia \u00a0\u00a0 \u00a0 \u00a0 41 III. Los \u00e1rbitros 1. Descripci\u00f3n general \u00a0\u00a0 \u00a0 \u00a0 45 2. La calidad en que pueden ser nombrados los \u00e1rbitros \u00a0\u00a0 \u00a0 \u00a0 47 3. La nominaci\u00f3n de los \u00e1rbitros \u00a0\u00a0 \u00a0 \u00a0 48 4. El tribunal arbitral colegiado \u00a0\u00a0 \u00a0 \u00a0 50 4.1. El principio de la colegialidad\u00a0\u00a0 \u00a0 \u00a0 51 4.2. La elecci\u00f3n del presidente y su funci\u00f3n \u00a0\u00a0 \u00a0 \u00a0 53 5. El \u00e1rbitro de parte\u00a0\u00a0 \u00a0 \u00a0 54 6. La protecci\u00f3n de la independencia e imparcialidad \u00a0\u00a0 \u00a0 \u00a0 57 7. El contenido del deber de revelaci\u00f3n antes de la nominaci\u00f3n \u00a0\u00a0 \u00a0 \u00a0 59 7.1. Los conflictos de intereses \u00a0\u00a0 \u00a0 \u00a0 59 7.2. La declaraci\u00f3n preventiva sobre las causales de implicancia y recusaci\u00f3n \u00a0\u00a0 \u00a0 \u00a0 64 8. El mecanismo para controlar la imparcialidad del \u00e1rbitro \u00a0\u00a0 \u00a0 \u00a0 70 8.1. La recusaci\u00f3n del \u00e1rbitro antes de su instalaci\u00f3n \u00a0\u00a0 \u00a0 \u00a0 71 8.2. La recusaci\u00f3n del \u00e1rbitro despu\u00e9s de su instalaci\u00f3n\u00a0\u00a0 \u00a0 \u00a0 72 9. La competencia del \u00e1rbitro \u00a0\u00a0 \u00a0 \u00a0 75 10. El \u00e1rbitro reemplazante \u00a0\u00a0 \u00a0 \u00a0 76 11. El honorario del \u00e1rbitro\u00a0\u00a0 \u00a0 \u00a0 77 12. La insolvencia de una parte y el no pago de honorarios \u00a0\u00a0 \u00a0 \u00a0 79 IV. el procedimiento arbitral 1. La conducci\u00f3n del procedimiento por el \u00e1rbitro\u00a0\u00a0 \u00a0 \u00a0 81 2. La instalaci\u00f3n del tribunal arbitral y sus efectos\u00a0\u00a0 \u00a0 \u00a0 82 3. Principios que rigen la sustanciaci\u00f3n del arbitraje\u00a0\u00a0 \u00a0 \u00a0 83 3.1. El principio de igualdad\u00a0\u00a0 \u00a0 \u00a0 83 3.2. El principio de buena fe\u00a0\u00a0 \u00a0 \u00a0 84 3.3. El principio de preclusi\u00f3n\u00a0\u00a0 \u00a0 \u00a0 85 4. Sede y lugar del arbitraje\u00a0\u00a0 \u00a0 \u00a0 87 5. Plazo del arbitraje y disponibilidad del \u00e1rbitro\u00a0\u00a0 \u00a0 \u00a0 88 5.1. Regla general\u00a0\u00a0 \u00a0 \u00a0 88 5.2. La suspensi\u00f3n del plazo\u00a0\u00a0 \u00a0 \u00a0 89 6. R\u00e9gimen de notificaciones \u00a0\u00a0 \u00a0 \u00a0 89 7. \u00a0D\u00edas y horas h\u00e1biles \u00a0\u00a0 \u00a0 \u00a0 91 8. C\u00f3mputo de plazos \u00a0\u00a0 \u00a0 \u00a0 91 9. La audiencia de fijaci\u00f3n de bases de procedimiento\u00a0\u00a0 \u00a0 \u00a0 92 9.1. Su contenido m\u00ednimo\u00a0\u00a0 \u00a0 \u00a0 92 9.2. Otras posibilidades para organizar el procedimiento\u00a0\u00a0 \u00a0 \u00a0 94 10. Forma de las actuaciones arbitrales\u00a0\u00a0 \u00a0 \u00a0 96 10.1. El idioma\u00a0\u00a0 \u00a0 \u00a0 96 10.2. La confidencialidad\u00a0\u00a0 \u00a0 \u00a0 96 10.3. Actos procesales y uso de medios tecnol\u00f3gicos\u00a0\u00a0 \u00a0 \u00a0 98 10.4. El actuario\u00a0\u00a0 \u00a0 \u00a0 99 10.5. Presentaci\u00f3n de escritos\u00a0\u00a0 \u00a0 \u00a0 100 10.6. De las audiencias arbitrales\u00a0\u00a0 \u00a0 \u00a0 100 10.7. La comunicaci\u00f3n del \u00e1rbitro con las partes\u00a0\u00a0 \u00a0 \u00a0 101 10.8. La asistencia judicial \u00a0\u00a0 \u00a0 \u00a0 102 11. La duplicidad de procedimientos en el RPA\u00a0\u00a0 \u00a0 \u00a0 103 11.1. El procedimiento abreviado \u00a0\u00a0 \u00a0 \u00a0 103 11.2. El procedimiento general \u00a0\u00a0 \u00a0 \u00a0 104 12. Las medidas precautorias\u00a0\u00a0 \u00a0 \u00a0 106 13. La terminaci\u00f3n anticipada del procedimiento arbitral \u00a0\u00a0 \u00a0 \u00a0 108 14. La terminaci\u00f3n del procedimiento arbitral por el laudo\u00a0\u00a0 \u00a0 \u00a0 110 14.1. Reglas generales \u00a0\u00a0 \u00a0 \u00a0 110 14.2. La deliberaci\u00f3n del tribunal arbitral colegiado \u00a0\u00a0 \u00a0 \u00a0 113 15. La condena costas \u00a0\u00a0 \u00a0 \u00a0 114 16. La ejecuci\u00f3n del laudo\u00a0\u00a0 \u00a0 \u00a0 116 17. El arbitraje irritual o desformalizado\u00a0\u00a0 \u00a0 \u00a0 118 V. La PRUEBA EN EL REGLAMENTO PROCESAL DE ARBITRAJE 1. El derecho a la prueba y los acuerdos de prueba\u00a0\u00a0 \u00a0 \u00a0 119 2. El objeto de la prueba\u00a0\u00a0 \u00a0 \u00a0 123 3. Las reglas supletorias para producir la prueba \u00a0\u00a0 \u00a0 \u00a0 123 3.1. La prueba pericial\u00a0\u00a0 \u00a0 \u00a0 123 3.2. La prueba testimonial y la declaraci\u00f3n de parte\u00a0\u00a0 \u00a0 \u00a0 124 5. Las formalidades para la producci\u00f3n de la prueba\u00a0\u00a0 \u00a0 \u00a0 126 5.1. El ofrecimiento de la prueba y la oportunidad para rendirla\u00a0\u00a0 \u00a0 \u00a0 126 5.2. La posibilidad de utilizar medios tecnol\u00f3gicos\u00a0\u00a0 \u00a0 \u00a0 127 5.3. Los alegatos de bien probado y las observaciones a la prueba\u00a0\u00a0 \u00a0 \u00a0 127 6. La prueba que puede disponer de oficio el tribunal arbitral \u00a0\u00a0 \u00a0 \u00a0 127 7. La exhibici\u00f3n de documentos \u00a0\u00a0 \u00a0 \u00a0 129 8. Otras modalidades para rendir prueba\u00a0\u00a0 \u00a0 \u00a0 129 VI. La impugnaci\u00d3n arbitral 1. Explicaci\u00f3n general\u00a0\u00a0 \u00a0 \u00a0 131 2. La posibilidad de renunciar a los recursos\u00a0\u00a0 \u00a0 \u00a0 132 3. El problema del reenv\u00edo en el arbitraje \u00a0\u00a0 \u00a0 \u00a0 134 4. Esquema del sistema recursivo \u00a0\u00a0 \u00a0 \u00a0 136 BIBLIOGRAF\u00cdA Recopilaciones de jurisprudencia\u00a0\u00a0 \u00a0 \u00a0 152<\/p>\n","protected":false},"featured_media":3767,"comment_status":"open","ping_status":"closed","template":"","meta":{"inline_featured_image":false,"_joinchat":[]},"product_brand":[],"product_cat":[27],"product_tag":[],"class_list":{"0":"post-3712","1":"product","2":"type-product","3":"status-publish","4":"has-post-thumbnail","6":"product_cat-civil","7":"product_shipping_class-a-convenir","9":"first","10":"instock","11":"shipping-taxable","12":"purchasable","13":"product-type-simple"},"_links":{"self":[{"href":"https:\/\/bibliotecajuridicavirtual.cl\/index.php\/wp-json\/wp\/v2\/product\/3712","targetHints":{"allow":["GET"]}}],"collection":[{"href":"https:\/\/bibliotecajuridicavirtual.cl\/index.php\/wp-json\/wp\/v2\/product"}],"about":[{"href":"https:\/\/bibliotecajuridicavirtual.cl\/index.php\/wp-json\/wp\/v2\/types\/product"}],"replies":[{"embeddable":true,"href":"https:\/\/bibliotecajuridicavirtual.cl\/index.php\/wp-json\/wp\/v2\/comments?post=3712"}],"wp:featuredmedia":[{"embeddable":true,"href":"https:\/\/bibliotecajuridicavirtual.cl\/index.php\/wp-json\/wp\/v2\/media\/3767"}],"wp:attachment":[{"href":"https:\/\/bibliotecajuridicavirtual.cl\/index.php\/wp-json\/wp\/v2\/media?parent=3712"}],"wp:term":[{"taxonomy":"product_brand","embeddable":true,"href":"https:\/\/bibliotecajuridicavirtual.cl\/index.php\/wp-json\/wp\/v2\/product_brand?post=3712"},{"taxonomy":"product_cat","embeddable":true,"href":"https:\/\/bibliotecajuridicavirtual.cl\/index.php\/wp-json\/wp\/v2\/product_cat?post=3712"},{"taxonomy":"product_tag","embeddable":true,"href":"https:\/\/bibliotecajuridicavirtual.cl\/index.php\/wp-json\/wp\/v2\/product_tag?post=3712"}],"curies":[{"name":"wp","href":"https:\/\/api.w.org\/{rel}","templated":true}]}}